{"id":28176,"date":"2025-06-24T04:54:32","date_gmt":"2025-06-24T01:54:32","guid":{"rendered":"https:\/\/bnreo.com.tr\/?post_type=product&#038;p=28176"},"modified":"2026-02-06T01:07:54","modified_gmt":"2026-02-05T22:07:54","slug":"bnreo-ev-ana-giris-filtrasyon-cihazi","status":"publish","type":"product","link":"https:\/\/bnreo.com.tr\/ru\/product\/bnreo-ev-ana-giris-filtrasyon-cihazi\/","title":{"rendered":"\u0424\u0438\u043b\u044c\u0442\u0440\u0443\u044e\u0449\u0435\u0435 \u0443\u0441\u0442\u0440\u043e\u0439\u0441\u0442\u0432\u043e \u0434\u043b\u044f \u0433\u043b\u0430\u0432\u043d\u043e\u0433\u043e \u0432\u0445\u043e\u0434\u0430 Bnreo Home"},"content":{"rendered":"<p>\u0421\u0438\u0441\u0442\u0435\u043c\u0430 \u0444\u0438\u043b\u044c\u0442\u0440\u0430\u0446\u0438\u0438 \u0432\u043e\u0434\u044b Bnreo \u0434\u043b\u044f \u0434\u043e\u043c\u0430 \u043f\u043e\u0434\u043a\u043b\u044e\u0447\u0430\u0435\u0442\u0441\u044f \u043a \u0432\u0445\u043e\u0434\u043d\u043e\u043c\u0443 \u043e\u0442\u0432\u0435\u0440\u0441\u0442\u0438\u044e \u0432\u0430\u0448\u0435\u0433\u043e \u0441\u0447\u0435\u0442\u0447\u0438\u043a\u0430 \u0432\u043e\u0434\u044b, \u043f\u043e\u0437\u0432\u043e\u043b\u044f\u044f \u0432\u0430\u043c \u043f\u043e\u043b\u0443\u0447\u0430\u0442\u044c \u0432\u043e\u0434\u0443, \u043f\u0440\u0438\u0433\u043e\u0434\u043d\u0443\u044e \u0434\u043b\u044f \u0438\u0441\u043f\u043e\u043b\u044c\u0437\u043e\u0432\u0430\u043d\u0438\u044f \u0434\u043e\u043c\u0430 \u0438\u043b\u0438 \u043d\u0430 \u0440\u0430\u0431\u043e\u0442\u0435.<\/p>\n<p>\u0424\u0418\u041b\u042c\u0422\u0420\u042b, \u0418\u0421\u041f\u041e\u041b\u042c\u0417\u0423\u0415\u041c\u042b\u0415 \u0412 \u0421\u0418\u0421\u0422\u0415\u041c\u0415 \u0424\u0418\u041b\u042c\u0422\u0420\u0410\u0426\u0418\u0418 \u0413\u041b\u0410\u0412\u041d\u041e\u0413\u041e \u0412\u0425\u041e\u0414\u0410 BNREO EV<\/p>\n<p><strong><u>1-\u041c\u041e\u042e\u0429\u0418\u0419\u0421\u042f \u041f\u0415\u0420\u0415\u0414\u041d\u0418\u0419 \u041e\u0421\u0410\u0416\u0414\u0410\u042e\u0429\u0418\u0419 \u0424\u0418\u041b\u042c\u0422\u0420<\/u><\/strong><\/p>\n<p>\u041e\u043d \u043e\u0447\u0438\u0449\u0430\u0435\u0442 \u0432\u043e\u0434\u0443 \u043e\u0442 \u043f\u0435\u0441\u043a\u0430, \u0433\u0440\u0430\u0432\u0438\u044f, \u0433\u0440\u044f\u0437\u0438 \u0438 \u043a\u0440\u0443\u043f\u043d\u044b\u0445 \u0447\u0430\u0441\u0442\u0438\u0446 \u0438 \u043f\u0440\u0435\u0434\u043e\u0442\u0432\u0440\u0430\u0449\u0430\u0435\u0442 \u0438\u0445 \u043f\u043e\u043f\u0430\u0434\u0430\u043d\u0438\u0435 \u0432 \u0432\u043e\u0434\u043e\u043f\u0440\u043e\u0432\u043e\u0434\u043d\u0443\u044e \u0441\u0438\u0441\u0442\u0435\u043c\u0443.<\/p>\n<p><strong><u>2-\u0421\u0418\u041b\u0418\u0424\u041e\u0421\u041d\u042b\u0419 \u0424\u0418\u041b\u042c\u0422\u0420<\/u><\/strong><\/p>\n<p>\u041f\u0440\u0435\u0434\u043e\u0442\u0432\u0440\u0430\u0449\u0430\u0435\u0442 \u043f\u043e\u044f\u0432\u043b\u0435\u043d\u0438\u0435 \u0438\u0437\u0432\u0435\u0441\u0442\u0438 \u043d\u0430 \u0441\u0430\u043d\u0442\u0435\u0445\u043d\u0438\u043a\u0435, \u043a\u0440\u0430\u043d\u0430\u0445, \u043c\u0430\u0448\u0438\u043d\u0430\u0445 \u0438 \u0442. \u0434. \u0438 \u043e\u0431\u043e\u0440\u0443\u0434\u043e\u0432\u0430\u043d\u0438\u0438.<\/p>\n<p><strong><u>3-\u0410\u041a\u0422\u0418\u0412\u041d\u042b\u0419 \u0423\u0413\u041e\u041b\u042c\u041d\u042b\u0419 \u0424\u0418\u041b\u042c\u0422\u0420<\/u><\/strong><\/p>\n<p>\u041e\u043d \u043f\u0440\u0435\u0434\u043e\u0442\u0432\u0440\u0430\u0449\u0430\u0435\u0442 \u043f\u043e\u044f\u0432\u043b\u0435\u043d\u0438\u0435 \u043d\u0435\u043f\u0440\u0438\u044f\u0442\u043d\u043e\u0433\u043e \u0437\u0430\u043f\u0430\u0445\u0430 \u0438 \u043c\u0443\u0442\u043d\u043e\u0441\u0442\u0438, \u043e\u0442\u0444\u0438\u043b\u044c\u0442\u0440\u043e\u0432\u044b\u0432\u0430\u044f \u0445\u043b\u043e\u0440 \u0438 \u0434\u0440\u0443\u0433\u0438\u0435 \u0445\u0438\u043c\u0438\u043a\u0430\u0442\u044b \u0438\u0437 \u0432\u043e\u0434\u044b.<\/p>","protected":false},"excerpt":{"rendered":"<p>\u0421\u0438\u0441\u0442\u0435\u043c\u0430 \u0444\u0438\u043b\u044c\u0442\u0440\u0430\u0446\u0438\u0438 \u0432\u043e\u0434\u044b Bnreo \u0434\u043b\u044f \u0434\u043e\u043c\u0430 \u043f\u043e\u0434\u043a\u043b\u044e\u0447\u0430\u0435\u0442\u0441\u044f \u043a \u0432\u0445\u043e\u0434\u043d\u043e\u043c\u0443 \u043e\u0442\u0432\u0435\u0440\u0441\u0442\u0438\u044e \u0432\u0430\u0448\u0435\u0433\u043e \u0441\u0447\u0435\u0442\u0447\u0438\u043a\u0430 \u0432\u043e\u0434\u044b, \u0447\u0442\u043e\u0431\u044b \u0433\u0430\u0440\u0430\u043d\u0442\u0438\u0440\u043e\u0432\u0430\u0442\u044c, \u0447\u0442\u043e \u0432\u044b \u043f\u043e\u043b\u0443\u0447\u0430\u0435\u0442\u0435 \u0432\u043e\u0434\u0443, \u043f\u0440\u0438\u0433\u043e\u0434\u043d\u0443\u044e \u0434\u043b\u044f \u0438\u0441\u043f\u043e\u043b\u044c\u0437\u043e\u0432\u0430\u043d\u0438\u044f \u0434\u043e\u043c\u0430 \u0438\u043b\u0438 \u043d\u0430 \u0440\u0430\u0431\u043e\u0442\u0435.<\/p>","protected":false},"featured_media":28177,"comment_status":"open","ping_status":"closed","template":"","meta":[],"product_brand":[],"product_cat":[81,28],"product_tag":[],"class_list":{"0":"post-28176","1":"product","2":"type-product","3":"status-publish","4":"has-post-thumbnail","6":"product_cat-cihazlar-urunler","7":"product_cat-ev-tipi-su-aritma-cihazlari","9":"first","10":"instock","11":"shipping-taxable","12":"purchasable","13":"product-type-simple"},"yoast_head":"<!-- This site is optimized with the Yoast SEO plugin v25.3.1 - https:\/\/yoast.com\/wordpress\/plugins\/seo\/ -->\n<title>Bnreo Ev Ana Giri\u015f Filtrasyon Cihaz\u0131 - Bnreo | Su Ar\u0131tma Cihazlar\u0131<\/title>\n<meta name=\"robots\" content=\"index, follow, max-snippet:-1, max-image-preview:large, max-video-preview:-1\" \/>\n<link rel=\"canonical\" href=\"https:\/\/bnreo.com.tr\/ru\/product\/bnreo-ev-ana-giris-filtrasyon-cihazi\/\" \/>\n<meta property=\"og:locale\" content=\"ru_RU\" \/>\n<meta property=\"og:type\" content=\"article\" \/>\n<meta property=\"og:title\" content=\"Bnreo Ev Ana Giri\u015f Filtrasyon Cihaz\u0131 - Bnreo | Su Ar\u0131tma Cihazlar\u0131\" \/>\n<meta property=\"og:description\" content=\"Bnreo ev ana giri\u015f filtrasyon sistemi Su saati giri\u015finize ba\u011flant\u0131s\u0131 yap\u0131larak evinizde veya i\u015f yerinizde kullan\u0131ma uygun su elde etmenize\" \/>\n<meta property=\"og:url\" content=\"https:\/\/bnreo.com.tr\/ru\/product\/bnreo-ev-ana-giris-filtrasyon-cihazi\/\" \/>\n<meta property=\"og:site_name\" content=\"Bnreo | Su Ar\u0131tma Cihazlar\u0131\" \/>\n<meta property=\"article:modified_time\" content=\"2026-02-05T22:07:54+00:00\" \/>\n<meta property=\"og:image\" content=\"https:\/\/bnreo.com.tr\/wp-content\/uploads\/2025\/06\/ergin_teknik-bnreo-ev-ana-giris-filtrasyon-cihazi-09-600x450-1.jpg\" \/>\n\t<meta property=\"og:image:width\" content=\"600\" \/>\n\t<meta property=\"og:image:height\" content=\"450\" \/>\n\t<meta property=\"og:image:type\" content=\"image\/jpeg\" \/>\n<meta name=\"twitter:card\" content=\"summary_large_image\" \/>\n<meta name=\"twitter:label1\" content=\"\u041f\u0440\u0438\u043c\u0435\u0440\u043d\u043e\u0435 \u0432\u0440\u0435\u043c\u044f \u0434\u043b\u044f \u0447\u0442\u0435\u043d\u0438\u044f\" \/>\n\t<meta name=\"twitter:data1\" content=\"1 \u043c\u0438\u043d\u0443\u0442\u0430\" \/>\n<script type=\"application\/ld+json\" class=\"yoast-schema-graph\">{\"@context\":\"https:\/\/schema.org\",\"@graph\":[{\"@type\":\"WebPage\",\"@id\":\"https:\/\/bnreo.com.tr\/product\/bnreo-ev-ana-giris-filtrasyon-cihazi\/\",\"url\":\"https:\/\/bnreo.com.tr\/product\/bnreo-ev-ana-giris-filtrasyon-cihazi\/\",\"name\":\"Bnreo Ev Ana Giri\u015f Filtrasyon Cihaz\u0131 - Bnreo | Su Ar\u0131tma Cihazlar\u0131\",\"isPartOf\":{\"@id\":\"https:\/\/bnreo.com.tr\/#website\"},\"primaryImageOfPage\":{\"@id\":\"https:\/\/bnreo.com.tr\/product\/bnreo-ev-ana-giris-filtrasyon-cihazi\/#primaryimage\"},\"image\":{\"@id\":\"https:\/\/bnreo.com.tr\/product\/bnreo-ev-ana-giris-filtrasyon-cihazi\/#primaryimage\"},\"thumbnailUrl\":\"https:\/\/bnreo.com.tr\/wp-content\/uploads\/2025\/06\/ergin_teknik-bnreo-ev-ana-giris-filtrasyon-cihazi-09-600x450-1.jpg\",\"datePublished\":\"2025-06-24T01:54:32+00:00\",\"dateModified\":\"2026-02-05T22:07:54+00:00\",\"breadcrumb\":{\"@id\":\"https:\/\/bnreo.com.tr\/product\/bnreo-ev-ana-giris-filtrasyon-cihazi\/#breadcrumb\"},\"inLanguage\":\"ru-RU\",\"potentialAction\":[{\"@type\":\"ReadAction\",\"target\":[\"https:\/\/bnreo.com.tr\/product\/bnreo-ev-ana-giris-filtrasyon-cihazi\/\"]}]},{\"@type\":\"ImageObject\",\"inLanguage\":\"ru-RU\",\"@id\":\"https:\/\/bnreo.com.tr\/product\/bnreo-ev-ana-giris-filtrasyon-cihazi\/#primaryimage\",\"url\":\"https:\/\/bnreo.com.tr\/wp-content\/uploads\/2025\/06\/ergin_teknik-bnreo-ev-ana-giris-filtrasyon-cihazi-09-600x450-1.jpg\",\"contentUrl\":\"https:\/\/bnreo.com.tr\/wp-content\/uploads\/2025\/06\/ergin_teknik-bnreo-ev-ana-giris-filtrasyon-cihazi-09-600x450-1.jpg\",\"width\":600,\"height\":450},{\"@type\":\"BreadcrumbList\",\"@id\":\"https:\/\/bnreo.com.tr\/product\/bnreo-ev-ana-giris-filtrasyon-cihazi\/#breadcrumb\",\"itemListElement\":[{\"@type\":\"ListItem\",\"position\":1,\"name\":\"Anasayfa\",\"item\":\"https:\/\/bnreo.com.tr\/\"},{\"@type\":\"ListItem\",\"position\":2,\"name\":\"Ma\u011faza\",\"item\":\"https:\/\/bnreo.com.tr\/magaza\/\"},{\"@type\":\"ListItem\",\"position\":3,\"name\":\"Bnreo Ev Ana Giri\u015f Filtrasyon Cihaz\u0131\"}]},{\"@type\":\"WebSite\",\"@id\":\"https:\/\/bnreo.com.tr\/#website\",\"url\":\"https:\/\/bnreo.com.tr\/\",\"name\":\"Bnreo | Su Ar\u0131tma Cihazlar\u0131\",\"description\":\"Bnreo | Su Ar\u0131tma Cihazlar\u0131\",\"potentialAction\":[{\"@type\":\"SearchAction\",\"target\":{\"@type\":\"EntryPoint\",\"urlTemplate\":\"https:\/\/bnreo.com.tr\/?s={search_term_string}\"},\"query-input\":{\"@type\":\"PropertyValueSpecification\",\"valueRequired\":true,\"valueName\":\"search_term_string\"}}],\"inLanguage\":\"ru-RU\"}]}<\/script>\n<!-- \/ Yoast SEO plugin. -->","yoast_head_json":{"title":"Bnreo Ev Ana Giri\u015f Filtrasyon Cihaz\u0131 - Bnreo | Su Ar\u0131tma Cihazlar\u0131","robots":{"index":"index","follow":"follow","max-snippet":"max-snippet:-1","max-image-preview":"max-image-preview:large","max-video-preview":"max-video-preview:-1"},"canonical":"https:\/\/bnreo.com.tr\/ru\/product\/bnreo-ev-ana-giris-filtrasyon-cihazi\/","og_locale":"ru_RU","og_type":"article","og_title":"Bnreo Ev Ana Giri\u015f Filtrasyon Cihaz\u0131 - Bnreo | Su Ar\u0131tma Cihazlar\u0131","og_description":"Bnreo ev ana giri\u015f filtrasyon sistemi Su saati giri\u015finize ba\u011flant\u0131s\u0131 yap\u0131larak evinizde veya i\u015f yerinizde kullan\u0131ma uygun su elde etmenize","og_url":"https:\/\/bnreo.com.tr\/ru\/product\/bnreo-ev-ana-giris-filtrasyon-cihazi\/","og_site_name":"Bnreo | Su Ar\u0131tma Cihazlar\u0131","article_modified_time":"2026-02-05T22:07:54+00:00","og_image":[{"width":600,"height":450,"url":"https:\/\/bnreo.com.tr\/wp-content\/uploads\/2025\/06\/ergin_teknik-bnreo-ev-ana-giris-filtrasyon-cihazi-09-600x450-1.jpg","type":"image\/jpeg"}],"twitter_card":"summary_large_image","twitter_misc":{"\u041f\u0440\u0438\u043c\u0435\u0440\u043d\u043e\u0435 \u0432\u0440\u0435\u043c\u044f \u0434\u043b\u044f \u0447\u0442\u0435\u043d\u0438\u044f":"1 \u043c\u0438\u043d\u0443\u0442\u0430"},"schema":{"@context":"https:\/\/schema.org","@graph":[{"@type":"WebPage","@id":"https:\/\/bnreo.com.tr\/product\/bnreo-ev-ana-giris-filtrasyon-cihazi\/","url":"https:\/\/bnreo.com.tr\/product\/bnreo-ev-ana-giris-filtrasyon-cihazi\/","name":"Bnreo Ev Ana Giri\u015f Filtrasyon Cihaz\u0131 - Bnreo | Su Ar\u0131tma Cihazlar\u0131","isPartOf":{"@id":"https:\/\/bnreo.com.tr\/#website"},"primaryImageOfPage":{"@id":"https:\/\/bnreo.com.tr\/product\/bnreo-ev-ana-giris-filtrasyon-cihazi\/#primaryimage"},"image":{"@id":"https:\/\/bnreo.com.tr\/product\/bnreo-ev-ana-giris-filtrasyon-cihazi\/#primaryimage"},"thumbnailUrl":"https:\/\/bnreo.com.tr\/wp-content\/uploads\/2025\/06\/ergin_teknik-bnreo-ev-ana-giris-filtrasyon-cihazi-09-600x450-1.jpg","datePublished":"2025-06-24T01:54:32+00:00","dateModified":"2026-02-05T22:07:54+00:00","breadcrumb":{"@id":"https:\/\/bnreo.com.tr\/product\/bnreo-ev-ana-giris-filtrasyon-cihazi\/#breadcrumb"},"inLanguage":"ru-RU","potentialAction":[{"@type":"ReadAction","target":["https:\/\/bnreo.com.tr\/product\/bnreo-ev-ana-giris-filtrasyon-cihazi\/"]}]},{"@type":"ImageObject","inLanguage":"ru-RU","@id":"https:\/\/bnreo.com.tr\/product\/bnreo-ev-ana-giris-filtrasyon-cihazi\/#primaryimage","url":"https:\/\/bnreo.com.tr\/wp-content\/uploads\/2025\/06\/ergin_teknik-bnreo-ev-ana-giris-filtrasyon-cihazi-09-600x450-1.jpg","contentUrl":"https:\/\/bnreo.com.tr\/wp-content\/uploads\/2025\/06\/ergin_teknik-bnreo-ev-ana-giris-filtrasyon-cihazi-09-600x450-1.jpg","width":600,"height":450},{"@type":"BreadcrumbList","@id":"https:\/\/bnreo.com.tr\/product\/bnreo-ev-ana-giris-filtrasyon-cihazi\/#breadcrumb","itemListElement":[{"@type":"ListItem","position":1,"name":"Anasayfa","item":"https:\/\/bnreo.com.tr\/"},{"@type":"ListItem","position":2,"name":"Ma\u011faza","item":"https:\/\/bnreo.com.tr\/magaza\/"},{"@type":"ListItem","position":3,"name":"Bnreo Ev Ana Giri\u015f Filtrasyon Cihaz\u0131"}]},{"@type":"WebSite","@id":"https:\/\/bnreo.com.tr\/#website","url":"https:\/\/bnreo.com.tr\/","name":"Bnreo | Su Ar\u0131tma Cihazlar\u0131","description":"Bnreo | Su Ar\u0131tma Cihazlar\u0131","potentialAction":[{"@type":"SearchAction","target":{"@type":"EntryPoint","urlTemplate":"https:\/\/bnreo.com.tr\/?s={search_term_string}"},"query-input":{"@type":"PropertyValueSpecification","valueRequired":true,"valueName":"search_term_string"}}],"inLanguage":"ru-RU"}]}},"_links":{"self":[{"href":"https:\/\/bnreo.com.tr\/ru\/wp-json\/wp\/v2\/product\/28176","targetHints":{"allow":["GET"]}}],"collection":[{"href":"https:\/\/bnreo.com.tr\/ru\/wp-json\/wp\/v2\/product"}],"about":[{"href":"https:\/\/bnreo.com.tr\/ru\/wp-json\/wp\/v2\/types\/product"}],"replies":[{"embeddable":true,"href":"https:\/\/bnreo.com.tr\/ru\/wp-json\/wp\/v2\/comments?post=28176"}],"version-history":[{"count":1,"href":"https:\/\/bnreo.com.tr\/ru\/wp-json\/wp\/v2\/product\/28176\/revisions"}],"predecessor-version":[{"id":28178,"href":"https:\/\/bnreo.com.tr\/ru\/wp-json\/wp\/v2\/product\/28176\/revisions\/28178"}],"wp:featuredmedia":[{"embeddable":true,"href":"https:\/\/bnreo.com.tr\/ru\/wp-json\/wp\/v2\/media\/28177"}],"wp:attachment":[{"href":"https:\/\/bnreo.com.tr\/ru\/wp-json\/wp\/v2\/media?parent=28176"}],"wp:term":[{"taxonomy":"product_brand","embeddable":true,"href":"https:\/\/bnreo.com.tr\/ru\/wp-json\/wp\/v2\/product_brand?post=28176"},{"taxonomy":"product_cat","embeddable":true,"href":"https:\/\/bnreo.com.tr\/ru\/wp-json\/wp\/v2\/product_cat?post=28176"},{"taxonomy":"product_tag","embeddable":true,"href":"https:\/\/bnreo.com.tr\/ru\/wp-json\/wp\/v2\/product_tag?post=28176"}],"curies":[{"name":"wp","href":"https:\/\/api.w.org\/{rel}","templated":true}]}}