{"id":28173,"date":"2025-06-24T04:54:02","date_gmt":"2025-06-24T01:54:02","guid":{"rendered":"https:\/\/bnreo.com.tr\/?post_type=product&#038;p=28173"},"modified":"2026-02-16T13:12:40","modified_gmt":"2026-02-16T10:12:40","slug":"bnreo-full-otomatik-ev-ana-giris-sistemi","status":"publish","type":"product","link":"https:\/\/bnreo.com.tr\/ru\/product\/bnreo-full-otomatik-ev-ana-giris-sistemi\/","title":{"rendered":"\u041f\u043e\u043b\u043d\u043e\u0441\u0442\u044c\u044e \u0430\u0432\u0442\u043e\u043c\u0430\u0442\u0438\u0447\u0435\u0441\u043a\u0430\u044f \u0441\u0438\u0441\u0442\u0435\u043c\u0430 \u0433\u043b\u0430\u0432\u043d\u043e\u0433\u043e \u0432\u0445\u043e\u0434\u0430 Bnreo"},"content":{"rendered":"<p>\u041d\u0435\u0440\u0430\u0441\u0442\u0432\u043e\u0440\u0435\u043d\u043d\u044b\u0435 \u0432 \u0432\u043e\u0434\u0435 \u043c\u0438\u043d\u0435\u0440\u0430\u043b\u044b \u043a\u0430\u043b\u044c\u0446\u0438\u044f \u0438 \u043c\u0430\u0433\u043d\u0438\u044f \u0432\u044b\u0437\u044b\u0432\u0430\u044e\u0442 \u043f\u043e\u0441\u0442\u043e\u044f\u043d\u043d\u0443\u044e \u0436\u0435\u0441\u0442\u043a\u043e\u0441\u0442\u044c (\u0438\u0437\u0432\u0435\u0441\u0442\u044c).<br \/>\n\u0416\u0435\u0441\u0442\u043a\u0430\u044f \u0432\u043e\u0434\u0430 \u043d\u0435 \u0442\u043e\u043b\u044c\u043a\u043e \u0432\u0440\u0435\u0434\u0438\u0442 \u0432\u0430\u0448\u0435\u043c\u0443 \u0437\u0434\u043e\u0440\u043e\u0432\u044c\u044e, \u0432\u044b\u0437\u044b\u0432\u0430\u044f \u0436\u0435\u043b\u0443\u0434\u043e\u0447\u043d\u043e-\u043a\u0438\u0448\u0435\u0447\u043d\u044b\u0435 \u0438 \u043a\u043e\u0436\u043d\u044b\u0435 \u0437\u0430\u0431\u043e\u043b\u0435\u0432\u0430\u043d\u0438\u044f, \u043d\u043e \u0438 \u043f\u0440\u0438\u0432\u043e\u0434\u0438\u0442 \u043a \u0442\u043e\u043c\u0443, \u0447\u0442\u043e \u0432\u043e\u043b\u043e\u0441\u044b \u043f\u043e\u0441\u043b\u0435 \u043a\u0443\u043f\u0430\u043d\u0438\u044f \u0441\u0442\u0430\u043d\u043e\u0432\u044f\u0442\u0441\u044f \u0436\u0435\u0441\u0442\u043a\u0438\u043c\u0438, \u0430 \u0431\u0435\u043b\u044c\u0435 \u0441\u0442\u0430\u043d\u043e\u0432\u0438\u0442\u0441\u044f \u0436\u0435\u0441\u0442\u043a\u0438\u043c \u0438 \u043f\u043e\u0432\u0440\u0435\u0436\u0434\u0430\u0435\u0442\u0441\u044f.<br \/>\n\u0418\u0437\u0432\u0435\u0441\u0442\u043a\u043e\u0432\u044b\u0439 \u043d\u0430\u043b\u0435\u0442, \u043a\u043e\u0442\u043e\u0440\u044b\u0439 \u043e\u0441\u0442\u0430\u0432\u043b\u044f\u0435\u0442 \u043f\u044f\u0442\u043d\u0430 \u043d\u0430 \u0434\u0443\u0448\u0435\u0432\u044b\u0445 \u043a\u0430\u0431\u0438\u043d\u0430\u0445 \u0438 \u043a\u0440\u0430\u043d\u0430\u0445, \u0430 \u0442\u0430\u043a\u0436\u0435 \u043d\u0430 \u0441\u0442\u0430\u043a\u0430\u043d\u0430\u0445 \u0438 \u0442\u0430\u0440\u0435\u043b\u043a\u0430\u0445, \u043f\u0440\u0438\u0432\u043e\u0434\u0438\u0442 \u043a \u0437\u0430\u0441\u043e\u0440\u0435\u043d\u0438\u044e \u0443\u0441\u0442\u0440\u043e\u0439\u0441\u0442\u0432, \u0441\u0435\u0440\u044c\u0435\u0437\u043d\u044b\u043c \u043f\u043e\u0432\u0440\u0435\u0436\u0434\u0435\u043d\u0438\u044f\u043c \u0441\u0438\u0441\u0442\u0435\u043c \u0438\u0437-\u0437\u0430 \u043d\u0430\u043b\u0435\u0442\u0430 \u0438 \u0434\u0430\u0436\u0435 \u043a \u0447\u0440\u0435\u0437\u043c\u0435\u0440\u043d\u043e\u043c\u0443 \u043f\u043e\u0442\u0440\u0435\u0431\u043b\u0435\u043d\u0438\u044e \u044d\u043d\u0435\u0440\u0433\u0438\u0438.<br \/>\n\u041f\u043e\u0434 \u0432\u043e\u0437\u0434\u0435\u0439\u0441\u0442\u0432\u0438\u0435\u043c \u0436\u0435\u0441\u0442\u043a\u043e\u0439 \u0432\u043e\u0434\u044b \u0441\u0430\u043d\u0442\u0435\u0445\u043d\u0438\u043a\u0430 \u043f\u0440\u0438\u0445\u043e\u0434\u0438\u0442 \u0432 \u043d\u0435\u0433\u043e\u0434\u043d\u043e\u0441\u0442\u044c, \u0431\u044b\u0442\u043e\u0432\u0430\u044f \u0442\u0435\u0445\u043d\u0438\u043a\u0430 \u0432\u044b\u0445\u043e\u0434\u0438\u0442 \u0438\u0437 \u0441\u0442\u0440\u043e\u044f, \u0430 \u043a\u0430\u0447\u0435\u0441\u0442\u0432\u043e \u043f\u0440\u043e\u0434\u0443\u043a\u0446\u0438\u0438 \u0441\u043d\u0438\u0436\u0430\u0435\u0442\u0441\u044f.<br \/>\n\u0427\u0442\u043e\u0431\u044b \u043f\u0440\u0435\u0434\u043e\u0442\u0432\u0440\u0430\u0442\u0438\u0442\u044c \u044d\u0442\u0438 \u043f\u043e\u0432\u0440\u0435\u0436\u0434\u0435\u043d\u0438\u044f, \u043c\u0438\u043d\u0435\u0440\u0430\u043b\u044b Ca \u0438 Mg \u0443\u0434\u0430\u043b\u044f\u044e\u0442\u0441\u044f \u0438\u0437 \u0432\u043e\u0434\u044b \u0441 \u043f\u043e\u043c\u043e\u0449\u044c\u044e \u043f\u043e\u043b\u043d\u043e\u0441\u0442\u044c\u044e \u0430\u0432\u0442\u043e\u043c\u0430\u0442\u0438\u0447\u0435\u0441\u043a\u0438\u0445 \u0441\u0438\u0441\u0442\u0435\u043c, \u0440\u0430\u0431\u043e\u0442\u0430\u044e\u0449\u0438\u0445 \u043f\u043e \u043c\u0435\u0442\u043e\u0434\u0443 \u0438\u043e\u043d\u043d\u043e\u0433\u043e \u043e\u0431\u043c\u0435\u043d\u0430.<br \/>\n\u041f\u043e\u043b\u043d\u043e\u0441\u0442\u044c\u044e \u0430\u0432\u0442\u043e\u043c\u0430\u0442\u0438\u0447\u0435\u0441\u043a\u043e\u0435 \u0443\u0441\u0442\u0440\u043e\u0439\u0441\u0442\u0432\u043e \u0430\u0432\u0442\u043e\u043c\u0430\u0442\u0438\u0447\u0435\u0441\u043a\u0438 \u0432\u044b\u043f\u043e\u043b\u043d\u044f\u0435\u0442 \u043d\u0435\u043e\u0431\u0445\u043e\u0434\u0438\u043c\u044b\u0435 \u043f\u0440\u043e\u0446\u0435\u0441\u0441\u044b \u043f\u0440\u043e\u043c\u044b\u0432\u043a\u0438 \u0438 \u0440\u0435\u0433\u0435\u043d\u0435\u0440\u0430\u0446\u0438\u0438 \u0432 \u043e\u043f\u0440\u0435\u0434\u0435\u043b\u0435\u043d\u043d\u043e\u0435 \u0432\u0440\u0435\u043c\u044f, \u0431\u0435\u0437 \u0432\u043c\u0435\u0448\u0430\u0442\u0435\u043b\u044c\u0441\u0442\u0432\u0430 \u0447\u0435\u043b\u043e\u0432\u0435\u043a\u0430, \u0441\u043b\u0435\u0434\u0443\u044f \u0437\u0430\u0434\u0430\u043d\u043d\u043e\u0439 \u0432\u043d\u0430\u0447\u0430\u043b\u0435 \u043f\u0440\u043e\u0433\u0440\u0430\u043c\u043c\u0435.<br \/>\n\u0423\u043c\u044f\u0433\u0447\u0435\u043d\u0438\u0435 \u0432\u043e\u0434\u044b \u043e\u0441\u0443\u0449\u0435\u0441\u0442\u0432\u043b\u044f\u0435\u0442\u0441\u044f \u043f\u043e\u0441\u0440\u0435\u0434\u0441\u0442\u0432\u043e\u043c \u0438\u043e\u043d\u043d\u043e\u0433\u043e \u043e\u0431\u043c\u0435\u043d\u0430. \u041c\u0435\u0442\u043e\u0434 \u0438\u043e\u043d\u043d\u043e\u0433\u043e \u043e\u0431\u043c\u0435\u043d\u0430 \u0443\u0434\u0430\u043b\u044f\u0435\u0442 \u0438\u043e\u043d\u044b Ca \u0438 Mg, \u043e\u0431\u0443\u0441\u043b\u0430\u0432\u043b\u0438\u0432\u0430\u044e\u0449\u0438\u0435 \u0436\u0451\u0441\u0442\u043a\u043e\u0441\u0442\u044c \u0432\u043e\u0434\u044b, \u043f\u0440\u043e\u043f\u0443\u0441\u043a\u0430\u044f \u0435\u0451 \u0447\u0435\u0440\u0435\u0437 \u043a\u0430\u0442\u0438\u043e\u043d\u043d\u0443\u044e \u0441\u043c\u043e\u043b\u0443.<\/p>","protected":false},"excerpt":{"rendered":"<p>\u041d\u0435\u0440\u0430\u0441\u0442\u0432\u043e\u0440\u0435\u043d\u043d\u044b\u0435 \u0432 \u0432\u043e\u0434\u0435 \u043c\u0438\u043d\u0435\u0440\u0430\u043b\u044b \u043a\u0430\u043b\u044c\u0446\u0438\u044f \u0438 \u043c\u0430\u0433\u043d\u0438\u044f \u0432\u044b\u0437\u044b\u0432\u0430\u044e\u0442 \u043f\u043e\u0441\u0442\u043e\u044f\u043d\u043d\u0443\u044e \u0436\u0451\u0441\u0442\u043a\u043e\u0441\u0442\u044c (\u043d\u0430\u043a\u0438\u043f\u044c). \u0416\u0451\u0441\u0442\u043a\u0430\u044f \u0432\u043e\u0434\u0430 \u043c\u043e\u0436\u0435\u0442 \u0432\u044b\u0437\u044b\u0432\u0430\u0442\u044c \u0436\u0435\u043b\u0443\u0434\u043e\u0447\u043d\u043e-\u043a\u0438\u0448\u0435\u0447\u043d\u044b\u0435 \u0438 \u043a\u043e\u0436\u043d\u044b\u0435 \u0437\u0430\u0431\u043e\u043b\u0435\u0432\u0430\u043d\u0438\u044f.<\/p>","protected":false},"featured_media":28174,"comment_status":"open","ping_status":"closed","template":"","meta":[],"product_brand":[],"product_cat":[81,28],"product_tag":[],"class_list":{"0":"post-28173","1":"product","2":"type-product","3":"status-publish","4":"has-post-thumbnail","6":"product_cat-cihazlar-urunler","7":"product_cat-ev-tipi-su-aritma-cihazlari","9":"first","10":"instock","11":"shipping-taxable","12":"purchasable","13":"product-type-simple"},"yoast_head":"<!-- This site is optimized with the Yoast SEO plugin v25.3.1 - https:\/\/yoast.com\/wordpress\/plugins\/seo\/ -->\n<title>Bnreo Full Otomatik Ev Ana Giri\u015f Sistemi - Bnreo | Su Ar\u0131tma Cihazlar\u0131<\/title>\n<meta name=\"robots\" content=\"index, follow, max-snippet:-1, max-image-preview:large, max-video-preview:-1\" \/>\n<link rel=\"canonical\" href=\"https:\/\/bnreo.com.tr\/ru\/product\/bnreo-full-otomatik-ev-ana-giris-sistemi\/\" \/>\n<meta property=\"og:locale\" content=\"ru_RU\" \/>\n<meta property=\"og:type\" content=\"article\" \/>\n<meta property=\"og:title\" content=\"Bnreo Full Otomatik Ev Ana Giri\u015f Sistemi - Bnreo | Su Ar\u0131tma Cihazlar\u0131\" \/>\n<meta property=\"og:description\" content=\"Suda erimemi\u015f halde bulunan kalsiyum ve magnezyum mineralleri kal\u0131c\u0131 sertli\u011fe (kire\u00e7) neden olmaktad\u0131r. Sert su, mide ba\u011f\u0131rsak ve cilt rahats\u0131zl\u0131klar\u0131na\" \/>\n<meta property=\"og:url\" content=\"https:\/\/bnreo.com.tr\/ru\/product\/bnreo-full-otomatik-ev-ana-giris-sistemi\/\" \/>\n<meta property=\"og:site_name\" content=\"Bnreo | Su Ar\u0131tma Cihazlar\u0131\" \/>\n<meta property=\"article:modified_time\" content=\"2026-02-16T10:12:40+00:00\" \/>\n<meta property=\"og:image\" content=\"https:\/\/bnreo.com.tr\/wp-content\/uploads\/2025\/06\/ergin_teknik-bnreo-full-otomatik-ev-ana-giris-sistemi-08-600x450-1.jpg\" \/>\n\t<meta property=\"og:image:width\" content=\"600\" \/>\n\t<meta property=\"og:image:height\" content=\"450\" \/>\n\t<meta property=\"og:image:type\" content=\"image\/jpeg\" \/>\n<meta name=\"twitter:card\" content=\"summary_large_image\" \/>\n<meta name=\"twitter:label1\" content=\"\u041f\u0440\u0438\u043c\u0435\u0440\u043d\u043e\u0435 \u0432\u0440\u0435\u043c\u044f \u0434\u043b\u044f \u0447\u0442\u0435\u043d\u0438\u044f\" \/>\n\t<meta name=\"twitter:data1\" content=\"2 \u043c\u0438\u043d\u0443\u0442\u044b\" \/>\n<script type=\"application\/ld+json\" class=\"yoast-schema-graph\">{\"@context\":\"https:\/\/schema.org\",\"@graph\":[{\"@type\":\"WebPage\",\"@id\":\"https:\/\/bnreo.com.tr\/product\/bnreo-full-otomatik-ev-ana-giris-sistemi\/\",\"url\":\"https:\/\/bnreo.com.tr\/product\/bnreo-full-otomatik-ev-ana-giris-sistemi\/\",\"name\":\"Bnreo Full Otomatik Ev Ana Giri\u015f Sistemi - Bnreo | Su Ar\u0131tma Cihazlar\u0131\",\"isPartOf\":{\"@id\":\"https:\/\/bnreo.com.tr\/#website\"},\"primaryImageOfPage\":{\"@id\":\"https:\/\/bnreo.com.tr\/product\/bnreo-full-otomatik-ev-ana-giris-sistemi\/#primaryimage\"},\"image\":{\"@id\":\"https:\/\/bnreo.com.tr\/product\/bnreo-full-otomatik-ev-ana-giris-sistemi\/#primaryimage\"},\"thumbnailUrl\":\"https:\/\/bnreo.com.tr\/wp-content\/uploads\/2025\/06\/ergin_teknik-bnreo-full-otomatik-ev-ana-giris-sistemi-08-600x450-1.jpg\",\"datePublished\":\"2025-06-24T01:54:02+00:00\",\"dateModified\":\"2026-02-16T10:12:40+00:00\",\"breadcrumb\":{\"@id\":\"https:\/\/bnreo.com.tr\/product\/bnreo-full-otomatik-ev-ana-giris-sistemi\/#breadcrumb\"},\"inLanguage\":\"ru-RU\",\"potentialAction\":[{\"@type\":\"ReadAction\",\"target\":[\"https:\/\/bnreo.com.tr\/product\/bnreo-full-otomatik-ev-ana-giris-sistemi\/\"]}]},{\"@type\":\"ImageObject\",\"inLanguage\":\"ru-RU\",\"@id\":\"https:\/\/bnreo.com.tr\/product\/bnreo-full-otomatik-ev-ana-giris-sistemi\/#primaryimage\",\"url\":\"https:\/\/bnreo.com.tr\/wp-content\/uploads\/2025\/06\/ergin_teknik-bnreo-full-otomatik-ev-ana-giris-sistemi-08-600x450-1.jpg\",\"contentUrl\":\"https:\/\/bnreo.com.tr\/wp-content\/uploads\/2025\/06\/ergin_teknik-bnreo-full-otomatik-ev-ana-giris-sistemi-08-600x450-1.jpg\",\"width\":600,\"height\":450},{\"@type\":\"BreadcrumbList\",\"@id\":\"https:\/\/bnreo.com.tr\/product\/bnreo-full-otomatik-ev-ana-giris-sistemi\/#breadcrumb\",\"itemListElement\":[{\"@type\":\"ListItem\",\"position\":1,\"name\":\"Anasayfa\",\"item\":\"https:\/\/bnreo.com.tr\/\"},{\"@type\":\"ListItem\",\"position\":2,\"name\":\"Ma\u011faza\",\"item\":\"https:\/\/bnreo.com.tr\/magaza\/\"},{\"@type\":\"ListItem\",\"position\":3,\"name\":\"Bnreo Full Otomatik Ev Ana Giri\u015f Sistemi\"}]},{\"@type\":\"WebSite\",\"@id\":\"https:\/\/bnreo.com.tr\/#website\",\"url\":\"https:\/\/bnreo.com.tr\/\",\"name\":\"Bnreo | Su Ar\u0131tma Cihazlar\u0131\",\"description\":\"Bnreo | Su Ar\u0131tma Cihazlar\u0131\",\"potentialAction\":[{\"@type\":\"SearchAction\",\"target\":{\"@type\":\"EntryPoint\",\"urlTemplate\":\"https:\/\/bnreo.com.tr\/?s={search_term_string}\"},\"query-input\":{\"@type\":\"PropertyValueSpecification\",\"valueRequired\":true,\"valueName\":\"search_term_string\"}}],\"inLanguage\":\"ru-RU\"}]}<\/script>\n<!-- \/ Yoast SEO plugin. -->","yoast_head_json":{"title":"Bnreo Full Otomatik Ev Ana Giri\u015f Sistemi - Bnreo | Su Ar\u0131tma Cihazlar\u0131","robots":{"index":"index","follow":"follow","max-snippet":"max-snippet:-1","max-image-preview":"max-image-preview:large","max-video-preview":"max-video-preview:-1"},"canonical":"https:\/\/bnreo.com.tr\/ru\/product\/bnreo-full-otomatik-ev-ana-giris-sistemi\/","og_locale":"ru_RU","og_type":"article","og_title":"Bnreo Full Otomatik Ev Ana Giri\u015f Sistemi - Bnreo | Su Ar\u0131tma Cihazlar\u0131","og_description":"Suda erimemi\u015f halde bulunan kalsiyum ve magnezyum mineralleri kal\u0131c\u0131 sertli\u011fe (kire\u00e7) neden olmaktad\u0131r. Sert su, mide ba\u011f\u0131rsak ve cilt rahats\u0131zl\u0131klar\u0131na","og_url":"https:\/\/bnreo.com.tr\/ru\/product\/bnreo-full-otomatik-ev-ana-giris-sistemi\/","og_site_name":"Bnreo | Su Ar\u0131tma Cihazlar\u0131","article_modified_time":"2026-02-16T10:12:40+00:00","og_image":[{"width":600,"height":450,"url":"https:\/\/bnreo.com.tr\/wp-content\/uploads\/2025\/06\/ergin_teknik-bnreo-full-otomatik-ev-ana-giris-sistemi-08-600x450-1.jpg","type":"image\/jpeg"}],"twitter_card":"summary_large_image","twitter_misc":{"\u041f\u0440\u0438\u043c\u0435\u0440\u043d\u043e\u0435 \u0432\u0440\u0435\u043c\u044f \u0434\u043b\u044f \u0447\u0442\u0435\u043d\u0438\u044f":"2 \u043c\u0438\u043d\u0443\u0442\u044b"},"schema":{"@context":"https:\/\/schema.org","@graph":[{"@type":"WebPage","@id":"https:\/\/bnreo.com.tr\/product\/bnreo-full-otomatik-ev-ana-giris-sistemi\/","url":"https:\/\/bnreo.com.tr\/product\/bnreo-full-otomatik-ev-ana-giris-sistemi\/","name":"Bnreo Full Otomatik Ev Ana Giri\u015f Sistemi - Bnreo | Su Ar\u0131tma Cihazlar\u0131","isPartOf":{"@id":"https:\/\/bnreo.com.tr\/#website"},"primaryImageOfPage":{"@id":"https:\/\/bnreo.com.tr\/product\/bnreo-full-otomatik-ev-ana-giris-sistemi\/#primaryimage"},"image":{"@id":"https:\/\/bnreo.com.tr\/product\/bnreo-full-otomatik-ev-ana-giris-sistemi\/#primaryimage"},"thumbnailUrl":"https:\/\/bnreo.com.tr\/wp-content\/uploads\/2025\/06\/ergin_teknik-bnreo-full-otomatik-ev-ana-giris-sistemi-08-600x450-1.jpg","datePublished":"2025-06-24T01:54:02+00:00","dateModified":"2026-02-16T10:12:40+00:00","breadcrumb":{"@id":"https:\/\/bnreo.com.tr\/product\/bnreo-full-otomatik-ev-ana-giris-sistemi\/#breadcrumb"},"inLanguage":"ru-RU","potentialAction":[{"@type":"ReadAction","target":["https:\/\/bnreo.com.tr\/product\/bnreo-full-otomatik-ev-ana-giris-sistemi\/"]}]},{"@type":"ImageObject","inLanguage":"ru-RU","@id":"https:\/\/bnreo.com.tr\/product\/bnreo-full-otomatik-ev-ana-giris-sistemi\/#primaryimage","url":"https:\/\/bnreo.com.tr\/wp-content\/uploads\/2025\/06\/ergin_teknik-bnreo-full-otomatik-ev-ana-giris-sistemi-08-600x450-1.jpg","contentUrl":"https:\/\/bnreo.com.tr\/wp-content\/uploads\/2025\/06\/ergin_teknik-bnreo-full-otomatik-ev-ana-giris-sistemi-08-600x450-1.jpg","width":600,"height":450},{"@type":"BreadcrumbList","@id":"https:\/\/bnreo.com.tr\/product\/bnreo-full-otomatik-ev-ana-giris-sistemi\/#breadcrumb","itemListElement":[{"@type":"ListItem","position":1,"name":"Anasayfa","item":"https:\/\/bnreo.com.tr\/"},{"@type":"ListItem","position":2,"name":"Ma\u011faza","item":"https:\/\/bnreo.com.tr\/magaza\/"},{"@type":"ListItem","position":3,"name":"Bnreo Full Otomatik Ev Ana Giri\u015f Sistemi"}]},{"@type":"WebSite","@id":"https:\/\/bnreo.com.tr\/#website","url":"https:\/\/bnreo.com.tr\/","name":"Bnreo | Su Ar\u0131tma Cihazlar\u0131","description":"Bnreo | Su Ar\u0131tma Cihazlar\u0131","potentialAction":[{"@type":"SearchAction","target":{"@type":"EntryPoint","urlTemplate":"https:\/\/bnreo.com.tr\/?s={search_term_string}"},"query-input":{"@type":"PropertyValueSpecification","valueRequired":true,"valueName":"search_term_string"}}],"inLanguage":"ru-RU"}]}},"_links":{"self":[{"href":"https:\/\/bnreo.com.tr\/ru\/wp-json\/wp\/v2\/product\/28173","targetHints":{"allow":["GET"]}}],"collection":[{"href":"https:\/\/bnreo.com.tr\/ru\/wp-json\/wp\/v2\/product"}],"about":[{"href":"https:\/\/bnreo.com.tr\/ru\/wp-json\/wp\/v2\/types\/product"}],"replies":[{"embeddable":true,"href":"https:\/\/bnreo.com.tr\/ru\/wp-json\/wp\/v2\/comments?post=28173"}],"version-history":[{"count":1,"href":"https:\/\/bnreo.com.tr\/ru\/wp-json\/wp\/v2\/product\/28173\/revisions"}],"predecessor-version":[{"id":28175,"href":"https:\/\/bnreo.com.tr\/ru\/wp-json\/wp\/v2\/product\/28173\/revisions\/28175"}],"wp:featuredmedia":[{"embeddable":true,"href":"https:\/\/bnreo.com.tr\/ru\/wp-json\/wp\/v2\/media\/28174"}],"wp:attachment":[{"href":"https:\/\/bnreo.com.tr\/ru\/wp-json\/wp\/v2\/media?parent=28173"}],"wp:term":[{"taxonomy":"product_brand","embeddable":true,"href":"https:\/\/bnreo.com.tr\/ru\/wp-json\/wp\/v2\/product_brand?post=28173"},{"taxonomy":"product_cat","embeddable":true,"href":"https:\/\/bnreo.com.tr\/ru\/wp-json\/wp\/v2\/product_cat?post=28173"},{"taxonomy":"product_tag","embeddable":true,"href":"https:\/\/bnreo.com.tr\/ru\/wp-json\/wp\/v2\/product_tag?post=28173"}],"curies":[{"name":"wp","href":"https:\/\/api.w.org\/{rel}","templated":true}]}}