{"id":28164,"date":"2025-06-24T04:51:26","date_gmt":"2025-06-24T01:51:26","guid":{"rendered":"https:\/\/bnreo.com.tr\/?post_type=product&#038;p=28164"},"modified":"2025-06-24T04:51:43","modified_gmt":"2025-06-24T01:51:43","slug":"bnreo-smart-is-yeri-tipi-su-aritma-sistemi","status":"publish","type":"product","link":"https:\/\/bnreo.com.tr\/ru\/product\/bnreo-smart-is-yeri-tipi-su-aritma-sistemi\/","title":{"rendered":"\u0421\u0438\u0441\u0442\u0435\u043c\u0430 \u043e\u0447\u0438\u0441\u0442\u043a\u0438 \u0432\u043e\u0434\u044b \u043d\u0430 \u0438\u043d\u0442\u0435\u043b\u043b\u0435\u043a\u0442\u0443\u0430\u043b\u044c\u043d\u043e\u043c \u0440\u0430\u0431\u043e\u0447\u0435\u043c \u043c\u0435\u0441\u0442\u0435 Bnreo"},"content":{"rendered":"<p>\u0412\u043e\u0434\u043e\u043e\u0447\u0438\u0441\u0442\u0438\u0442\u0435\u043b\u044c Bnreo Smart \u2013 \u044d\u0442\u043e \u0432\u044b\u0441\u043e\u043a\u043e\u043f\u0440\u043e\u0438\u0437\u0432\u043e\u0434\u0438\u0442\u0435\u043b\u044c\u043d\u044b\u0439 \u043e\u0447\u0438\u0441\u0442\u0438\u0442\u0435\u043b\u044c \u0432\u043e\u0434\u044b \u0434\u043b\u044f \u043e\u0444\u0438\u0441\u043e\u0432, \u0438\u0441\u043f\u043e\u043b\u044c\u0437\u0443\u044e\u0449\u0438\u0439 \u0442\u0435\u0445\u043d\u043e\u043b\u043e\u0433\u0438\u044e \u043e\u0431\u0440\u0430\u0442\u043d\u043e\u0433\u043e \u043e\u0441\u043c\u043e\u0441\u0430. \u041e\u043d \u043e\u0441\u043d\u0430\u0449\u0435\u043d \u043f\u044f\u0442\u0438\u0441\u0442\u0443\u043f\u0435\u043d\u0447\u0430\u0442\u043e\u0439 \u0441\u0438\u0441\u0442\u0435\u043c\u043e\u0439 \u0444\u0438\u043b\u044c\u0442\u0440\u0430\u0446\u0438\u0438, \u0447\u0442\u043e \u043f\u043e\u0437\u0432\u043e\u043b\u044f\u0435\u0442 \u043f\u043e\u043b\u0443\u0447\u0430\u0442\u044c \u0432\u044b\u0441\u043e\u043a\u043e\u043a\u0430\u0447\u0435\u0441\u0442\u0432\u0435\u043d\u043d\u0443\u044e \u0438 \u0432\u043a\u0443\u0441\u043d\u0443\u044e \u043f\u0438\u0442\u044c\u0435\u0432\u0443\u044e \u0432\u043e\u0434\u0443. \u0412\u043e\u0434\u043e\u043e\u0447\u0438\u0441\u0442\u0438\u0442\u0435\u043b\u044c Bnreo Smart \u043e\u0441\u043d\u0430\u0449\u0435\u043d 40-\u043b\u0438\u0442\u0440\u043e\u0432\u044b\u043c \u0440\u0435\u0437\u0435\u0440\u0432\u0443\u0430\u0440\u043e\u043c \u043f\u043e\u0434 \u0434\u0430\u0432\u043b\u0435\u043d\u0438\u0435\u043c. \u041e\u0447\u0438\u0449\u0430\u044f \u0441\u0435\u043c\u044c \u0431\u0443\u0442\u044b\u043b\u043e\u043a \u0432\u043e\u0434\u044b \u0432 \u0434\u0435\u043d\u044c, \u043e\u043d \u043e\u0431\u0435\u0441\u043f\u0435\u0447\u0438\u0432\u0430\u0435\u0442 \u043f\u0440\u0435\u0434\u043f\u0440\u0438\u044f\u0442\u0438\u044f\u043c \u0437\u043d\u0430\u0447\u0438\u0442\u0435\u043b\u044c\u043d\u0443\u044e \u044d\u043a\u043e\u043d\u043e\u043c\u0438\u044e. \u0423\u0441\u0442\u0440\u043e\u0439\u0441\u0442\u0432\u043e \u043e\u043a\u0443\u043f\u0430\u0435\u0442\u0441\u044f \u043c\u0435\u043d\u0435\u0435 \u0447\u0435\u043c \u0437\u0430 \u0434\u0432\u0430 \u043c\u0435\u0441\u044f\u0446\u0430.<\/p>\n<p>\u041f\u043e\u0442\u0440\u0435\u0431\u043b\u0435\u043d\u0438\u0435 \u043f\u0438\u0442\u044c\u0435\u0432\u043e\u0439 \u0432\u043e\u0434\u044b \u043d\u0430 \u0440\u0430\u0431\u043e\u0447\u0438\u0445 \u043c\u0435\u0441\u0442\u0430\u0445 \u0437\u043d\u0430\u0447\u0438\u0442\u0435\u043b\u044c\u043d\u043e \u0432\u044b\u0448\u0435, \u0447\u0435\u043c \u0434\u043e\u043c\u0430. \u041f\u043e\u044d\u0442\u043e\u043c\u0443 \u0441\u043f\u0435\u0446\u0438\u0430\u043b\u044c\u043d\u043e \u0434\u043b\u044f \u043d\u0438\u0445 \u0431\u044b\u043b\u0438 \u0440\u0430\u0437\u0440\u0430\u0431\u043e\u0442\u0430\u043d\u044b \u0432\u044b\u0441\u043e\u043a\u043e\u043f\u0440\u043e\u0438\u0437\u0432\u043e\u0434\u0438\u0442\u0435\u043b\u044c\u043d\u044b\u0435 \u0441\u0438\u0441\u0442\u0435\u043c\u044b \u043e\u0447\u0438\u0441\u0442\u043a\u0438 \u0432\u043e\u0434\u044b. \u0421\u0440\u0435\u0434\u0438 \u0441\u0438\u0441\u0442\u0435\u043c \u043e\u0447\u0438\u0441\u0442\u043a\u0438 \u0432\u043e\u0434\u044b, \u0440\u0430\u0437\u0440\u0430\u0431\u043e\u0442\u0430\u043d\u043d\u044b\u0445 \u0434\u043b\u044f \u0440\u0430\u0431\u043e\u0447\u0438\u0445 \u043c\u0435\u0441\u0442, \u0443\u0441\u0442\u0440\u043e\u0439\u0441\u0442\u0432\u0430 Bnreo Smart \u044f\u0432\u043b\u044f\u044e\u0442\u0441\u044f \u0438\u0434\u0435\u0430\u043b\u044c\u043d\u044b\u043c \u0440\u0435\u0448\u0435\u043d\u0438\u0435\u043c \u0434\u043b\u044f \u0440\u0430\u0431\u043e\u0447\u0435\u0433\u043e \u043c\u0435\u0441\u0442\u0430 \u0441 \u0442\u043e\u0447\u043a\u0438 \u0437\u0440\u0435\u043d\u0438\u044f \u043f\u0440\u043e\u0438\u0437\u0432\u043e\u0434\u0438\u0442\u0435\u043b\u044c\u043d\u043e\u0441\u0442\u0438 \u0438 \u0444\u0443\u043d\u043a\u0446\u0438\u043e\u043d\u0430\u043b\u044c\u043d\u043e\u0441\u0442\u0438. \u0423\u0441\u0442\u0440\u0430\u043d\u044f\u044f \u043d\u0435\u043e\u0431\u0445\u043e\u0434\u0438\u043c\u043e\u0441\u0442\u044c \u0432 \u0431\u0443\u0442\u0438\u043b\u0438\u0440\u043e\u0432\u0430\u043d\u043d\u043e\u0439 \u0432\u043e\u0434\u0435 \u0438 \u0443\u0434\u043e\u0432\u043b\u0435\u0442\u0432\u043e\u0440\u044f\u044f \u0432\u0441\u0435 \u043f\u043e\u0442\u0440\u0435\u0431\u043d\u043e\u0441\u0442\u0438 \u0440\u0430\u0431\u043e\u0447\u0435\u0433\u043e \u043c\u0435\u0441\u0442\u0430 \u0432 \u043f\u0438\u0442\u044c\u0435\u0432\u043e\u0439 \u0432\u043e\u0434\u0435, \u0443\u0441\u0442\u0440\u043e\u0439\u0441\u0442\u0432\u043e \u044f\u0432\u043b\u044f\u0435\u0442\u0441\u044f \u043b\u0438\u0434\u0435\u0440\u043e\u043c \u043f\u043e \u043e\u0431\u0435\u0441\u043f\u0435\u0447\u0435\u043d\u0438\u044e \u0432\u044b\u0441\u043e\u043a\u043e\u043a\u0430\u0447\u0435\u0441\u0442\u0432\u0435\u043d\u043d\u043e\u0439, \u043d\u0435 \u0441\u043e\u0434\u0435\u0440\u0436\u0430\u0449\u0435\u0439 \u0438\u0437\u0432\u0435\u0441\u0442\u0438 \u0438 \u043f\u043e\u043b\u0435\u0437\u043d\u043e\u0439 \u0434\u043b\u044f \u0437\u0434\u043e\u0440\u043e\u0432\u044c\u044f \u0432\u043e\u0434\u043e\u0439. \u0412\u043e\u0434\u0430, \u043e\u0441\u043d\u043e\u0432\u043d\u043e\u0439 \u0438\u0441\u0442\u043e\u0447\u043d\u0438\u043a \u044d\u043d\u0435\u0440\u0433\u0438\u0438 \u0434\u043b\u044f \u043e\u0440\u0433\u0430\u043d\u0438\u0437\u043c\u0430, \u043a\u0440\u0438\u0442\u0438\u0447\u0435\u0441\u043a\u0438 \u0432\u0430\u0436\u043d\u0430 \u0434\u043b\u044f \u0441\u043e\u0442\u0440\u0443\u0434\u043d\u0438\u043a\u043e\u0432. \u041e\u043d\u0430 \u043f\u043e\u0432\u044b\u0448\u0430\u0435\u0442 \u044d\u0444\u0444\u0435\u043a\u0442\u0438\u0432\u043d\u043e\u0441\u0442\u044c \u0440\u0430\u0431\u043e\u0442\u044b \u0438, \u043f\u0440\u0438 \u0434\u043e\u0441\u0442\u0430\u0442\u043e\u0447\u043d\u043e\u043c \u043f\u043e\u0442\u0440\u0435\u0431\u043b\u0435\u043d\u0438\u0438, \u0443\u043b\u0443\u0447\u0448\u0430\u0435\u0442 \u043a\u043e\u043d\u0446\u0435\u043d\u0442\u0440\u0430\u0446\u0438\u044e \u0432\u043d\u0438\u043c\u0430\u043d\u0438\u044f, \u043f\u043e\u0437\u0432\u043e\u043b\u044f\u044f \u0441\u043e\u0442\u0440\u0443\u0434\u043d\u0438\u043a\u0430\u043c \u0440\u0430\u0431\u043e\u0442\u0430\u0442\u044c \u0441 \u043c\u0430\u043a\u0441\u0438\u043c\u0430\u043b\u044c\u043d\u043e\u0439 \u044d\u0444\u0444\u0435\u043a\u0442\u0438\u0432\u043d\u043e\u0441\u0442\u044c\u044e.<\/p>\n<p>\u0422\u0415\u0425\u041d\u0418\u0427\u0415\u0421\u041a\u0418\u0415 \u0425\u0410\u0420\u0410\u041a\u0422\u0415\u0420\u0418\u0421\u0422\u0418\u041a\u0418<\/p>\n<p>*Bnreo 10-\u0434\u044e\u0439\u043c\u043e\u0432\u044b\u0439 \u043f\u0440\u043e\u0437\u0440\u0430\u0447\u043d\u044b\u0439 \u043a\u043e\u0440\u043f\u0443\u0441 (\u0434\u0432\u043e\u0439\u043d\u043e\u0435 \u0443\u043f\u043b\u043e\u0442\u043d\u0438\u0442\u0435\u043b\u044c\u043d\u043e\u0435 \u043a\u043e\u043b\u044c\u0446\u043e)<br \/>\n*\u041a\u043e\u0440\u043f\u0443\u0441 Bnreo 10\u201d \u0431\u0435\u043b\u044b\u0439 \u043c\u0430\u0442\u043e\u0432\u044b\u0439 (\u0434\u0432\u043e\u0439\u043d\u043e\u0435 \u0443\u043f\u043b\u043e\u0442\u043d\u0438\u0442\u0435\u043b\u044c\u043d\u043e\u0435 \u043a\u043e\u043b\u044c\u0446\u043e)<br \/>\n*\u0424\u0438\u043b\u044c\u0442\u0440 Bnreo \u0442\u043e\u043b\u0449\u0438\u043d\u043e\u0439 10 \u0434\u044e\u0439\u043c\u043e\u0432 (5 \u043c\u043a\u043c) (\u043e\u0441\u0430\u0434\u043e\u0447\u043d\u044b\u0439)<br \/>\n*\u041a\u0430\u0440\u0442\u0440\u0438\u0434\u0436\u043d\u044b\u0439 \u0443\u0433\u043e\u043b\u044c\u043d\u044b\u0439 \u0444\u0438\u043b\u044c\u0442\u0440 Bnreo 10\u201d GAC<br \/>\n*\u0424\u0438\u043b\u044c\u0442\u0440-\u043a\u0430\u0440\u0442\u0440\u0438\u0434\u0436 \u0441 \u0443\u0433\u043e\u043b\u044c\u043d\u044b\u043c \u0431\u043b\u043e\u043a\u043e\u043c Bnreo 10\u201d<br \/>\n*Bnreo 10-\u0434\u044e\u0439\u043c\u043e\u0432\u044b\u0439 \u0432\u0441\u0442\u0440\u043e\u0435\u043d\u043d\u044b\u0439 \u043a\u043e\u043a\u043e\u0441\u043e\u0432\u044b\u0439 \u0443\u0433\u043e\u043b\u044c\u043d\u044b\u0439 \u0444\u0438\u043b\u044c\u0442\u0440<br \/>\n*\u041c\u0435\u043c\u0431\u0440\u0430\u043d\u0430 Bnreo 300 GPD<br \/>\n*\u041d\u0430\u0441\u043e\u0441 Bnreo 300 GPD<br \/>\n*\u0410\u0434\u0430\u043f\u0442\u0435\u0440 Bnreo 300<br \/>\n*\u0420\u043e\u0441\u043a\u043e\u0448\u043d\u044b\u0439 \u0441\u043c\u0435\u0441\u0438\u0442\u0435\u043b\u044c Bnreo<br \/>\n*\u041c\u0430\u043d\u043e\u043c\u0435\u0442\u0440 Bnreo (10 \u0431\u0430\u0440)<\/p>\n<p>*\u0411\u0430\u043a \u0434\u043b\u044f \u043f\u0440\u043e\u0434\u0443\u043a\u0442\u043e\u0432\u043e\u0439 \u0432\u043e\u0434\u044b Bnreo \u043e\u0431\u044a\u0435\u043c\u043e\u043c 40 \u043b\u0438\u0442\u0440\u043e\u0432.<\/p>","protected":false},"excerpt":{"rendered":"<p>\u041e\u0447\u0438\u0441\u0442\u0438\u0442\u0435\u043b\u044c \u0432\u043e\u0434\u044b Bnreo Smart \u2014 \u044d\u0442\u043e \u0432\u044b\u0441\u043e\u043a\u043e\u043f\u0440\u043e\u0438\u0437\u0432\u043e\u0434\u0438\u0442\u0435\u043b\u044c\u043d\u044b\u0439 \u043e\u0447\u0438\u0441\u0442\u0438\u0442\u0435\u043b\u044c \u0432\u043e\u0434\u044b \u0434\u043b\u044f \u0440\u0430\u0431\u043e\u0447\u0438\u0445 \u043f\u043e\u043c\u0435\u0449\u0435\u043d\u0438\u0439, \u043f\u0440\u0435\u0434\u0441\u0442\u0430\u0432\u043b\u044f\u044e\u0449\u0438\u0439 \u0441\u043e\u0431\u043e\u0439 \u0443\u0441\u0442\u0440\u043e\u0439\u0441\u0442\u0432\u043e \u0441 \u0442\u0435\u0445\u043d\u043e\u043b\u043e\u0433\u0438\u0435\u0439 \u043e\u0431\u0440\u0430\u0442\u043d\u043e\u0433\u043e \u043e\u0441\u043c\u043e\u0441\u0430.<\/p>","protected":false},"featured_media":28165,"comment_status":"open","ping_status":"closed","template":"","meta":[],"product_brand":[],"product_cat":[81,36],"product_tag":[],"class_list":{"0":"post-28164","1":"product","2":"type-product","3":"status-publish","4":"has-post-thumbnail","6":"product_cat-cihazlar-urunler","7":"product_cat-is-yeri-su-aritma-cihazlari","9":"first","10":"instock","11":"shipping-taxable","12":"purchasable","13":"product-type-simple"},"yoast_head":"<!-- This site is optimized with the Yoast SEO plugin v25.3.1 - https:\/\/yoast.com\/wordpress\/plugins\/seo\/ -->\n<title>Bnreo Smart \u0130\u015f Yeri Tipi Su Ar\u0131tma Sistemi - Bnreo | Su Ar\u0131tma Cihazlar\u0131<\/title>\n<meta name=\"robots\" content=\"index, follow, max-snippet:-1, max-image-preview:large, max-video-preview:-1\" \/>\n<link rel=\"canonical\" href=\"https:\/\/bnreo.com.tr\/ru\/product\/bnreo-smart-is-yeri-tipi-su-aritma-sistemi\/\" \/>\n<meta property=\"og:locale\" content=\"ru_RU\" \/>\n<meta property=\"og:type\" content=\"article\" \/>\n<meta property=\"og:title\" content=\"Bnreo Smart \u0130\u015f Yeri Tipi Su Ar\u0131tma Sistemi - Bnreo | Su Ar\u0131tma Cihazlar\u0131\" \/>\n<meta property=\"og:description\" content=\"Y\u00fcksek kapasiteli bir i\u015fyeri su ar\u0131tma cihaz\u0131 olan Bnreo Smart su ar\u0131tma cihaz\u0131, ters osmoz teknolojisine sahip bir cihazd\u0131r. 5\" \/>\n<meta property=\"og:url\" content=\"https:\/\/bnreo.com.tr\/ru\/product\/bnreo-smart-is-yeri-tipi-su-aritma-sistemi\/\" \/>\n<meta property=\"og:site_name\" content=\"Bnreo | Su Ar\u0131tma Cihazlar\u0131\" \/>\n<meta property=\"article:modified_time\" content=\"2025-06-24T01:51:43+00:00\" \/>\n<meta property=\"og:image\" content=\"https:\/\/bnreo.com.tr\/wp-content\/uploads\/2025\/06\/ergin_teknik-bnreo-smart-Is-yeri-tipi-su-aritma-sistemi-01-600x450-1.jpg\" \/>\n\t<meta property=\"og:image:width\" content=\"600\" \/>\n\t<meta property=\"og:image:height\" content=\"450\" \/>\n\t<meta property=\"og:image:type\" content=\"image\/jpeg\" \/>\n<meta name=\"twitter:card\" content=\"summary_large_image\" \/>\n<meta name=\"twitter:label1\" content=\"\u041f\u0440\u0438\u043c\u0435\u0440\u043d\u043e\u0435 \u0432\u0440\u0435\u043c\u044f \u0434\u043b\u044f \u0447\u0442\u0435\u043d\u0438\u044f\" \/>\n\t<meta name=\"twitter:data1\" content=\"2 \u043c\u0438\u043d\u0443\u0442\u044b\" \/>\n<script type=\"application\/ld+json\" class=\"yoast-schema-graph\">{\"@context\":\"https:\/\/schema.org\",\"@graph\":[{\"@type\":\"WebPage\",\"@id\":\"https:\/\/bnreo.com.tr\/product\/bnreo-smart-is-yeri-tipi-su-aritma-sistemi\/\",\"url\":\"https:\/\/bnreo.com.tr\/product\/bnreo-smart-is-yeri-tipi-su-aritma-sistemi\/\",\"name\":\"Bnreo Smart \u0130\u015f Yeri Tipi Su Ar\u0131tma Sistemi - Bnreo | Su Ar\u0131tma Cihazlar\u0131\",\"isPartOf\":{\"@id\":\"https:\/\/bnreo.com.tr\/#website\"},\"primaryImageOfPage\":{\"@id\":\"https:\/\/bnreo.com.tr\/product\/bnreo-smart-is-yeri-tipi-su-aritma-sistemi\/#primaryimage\"},\"image\":{\"@id\":\"https:\/\/bnreo.com.tr\/product\/bnreo-smart-is-yeri-tipi-su-aritma-sistemi\/#primaryimage\"},\"thumbnailUrl\":\"https:\/\/bnreo.com.tr\/wp-content\/uploads\/2025\/06\/ergin_teknik-bnreo-smart-Is-yeri-tipi-su-aritma-sistemi-01-600x450-1.jpg\",\"datePublished\":\"2025-06-24T01:51:26+00:00\",\"dateModified\":\"2025-06-24T01:51:43+00:00\",\"breadcrumb\":{\"@id\":\"https:\/\/bnreo.com.tr\/product\/bnreo-smart-is-yeri-tipi-su-aritma-sistemi\/#breadcrumb\"},\"inLanguage\":\"ru-RU\",\"potentialAction\":[{\"@type\":\"ReadAction\",\"target\":[\"https:\/\/bnreo.com.tr\/product\/bnreo-smart-is-yeri-tipi-su-aritma-sistemi\/\"]}]},{\"@type\":\"ImageObject\",\"inLanguage\":\"ru-RU\",\"@id\":\"https:\/\/bnreo.com.tr\/product\/bnreo-smart-is-yeri-tipi-su-aritma-sistemi\/#primaryimage\",\"url\":\"https:\/\/bnreo.com.tr\/wp-content\/uploads\/2025\/06\/ergin_teknik-bnreo-smart-Is-yeri-tipi-su-aritma-sistemi-01-600x450-1.jpg\",\"contentUrl\":\"https:\/\/bnreo.com.tr\/wp-content\/uploads\/2025\/06\/ergin_teknik-bnreo-smart-Is-yeri-tipi-su-aritma-sistemi-01-600x450-1.jpg\",\"width\":600,\"height\":450},{\"@type\":\"BreadcrumbList\",\"@id\":\"https:\/\/bnreo.com.tr\/product\/bnreo-smart-is-yeri-tipi-su-aritma-sistemi\/#breadcrumb\",\"itemListElement\":[{\"@type\":\"ListItem\",\"position\":1,\"name\":\"Anasayfa\",\"item\":\"https:\/\/bnreo.com.tr\/\"},{\"@type\":\"ListItem\",\"position\":2,\"name\":\"Ma\u011faza\",\"item\":\"https:\/\/bnreo.com.tr\/magaza\/\"},{\"@type\":\"ListItem\",\"position\":3,\"name\":\"Bnreo Smart \u0130\u015f Yeri Tipi Su Ar\u0131tma Sistemi\"}]},{\"@type\":\"WebSite\",\"@id\":\"https:\/\/bnreo.com.tr\/#website\",\"url\":\"https:\/\/bnreo.com.tr\/\",\"name\":\"Bnreo | Su Ar\u0131tma Cihazlar\u0131\",\"description\":\"Bnreo | Su Ar\u0131tma Cihazlar\u0131\",\"potentialAction\":[{\"@type\":\"SearchAction\",\"target\":{\"@type\":\"EntryPoint\",\"urlTemplate\":\"https:\/\/bnreo.com.tr\/?s={search_term_string}\"},\"query-input\":{\"@type\":\"PropertyValueSpecification\",\"valueRequired\":true,\"valueName\":\"search_term_string\"}}],\"inLanguage\":\"ru-RU\"}]}<\/script>\n<!-- \/ Yoast SEO plugin. -->","yoast_head_json":{"title":"Bnreo Smart \u0130\u015f Yeri Tipi Su Ar\u0131tma Sistemi - Bnreo | Su Ar\u0131tma Cihazlar\u0131","robots":{"index":"index","follow":"follow","max-snippet":"max-snippet:-1","max-image-preview":"max-image-preview:large","max-video-preview":"max-video-preview:-1"},"canonical":"https:\/\/bnreo.com.tr\/ru\/product\/bnreo-smart-is-yeri-tipi-su-aritma-sistemi\/","og_locale":"ru_RU","og_type":"article","og_title":"Bnreo Smart \u0130\u015f Yeri Tipi Su Ar\u0131tma Sistemi - Bnreo | Su Ar\u0131tma Cihazlar\u0131","og_description":"Y\u00fcksek kapasiteli bir i\u015fyeri su ar\u0131tma cihaz\u0131 olan Bnreo Smart su ar\u0131tma cihaz\u0131, ters osmoz teknolojisine sahip bir cihazd\u0131r. 5","og_url":"https:\/\/bnreo.com.tr\/ru\/product\/bnreo-smart-is-yeri-tipi-su-aritma-sistemi\/","og_site_name":"Bnreo | Su Ar\u0131tma Cihazlar\u0131","article_modified_time":"2025-06-24T01:51:43+00:00","og_image":[{"width":600,"height":450,"url":"https:\/\/bnreo.com.tr\/wp-content\/uploads\/2025\/06\/ergin_teknik-bnreo-smart-Is-yeri-tipi-su-aritma-sistemi-01-600x450-1.jpg","type":"image\/jpeg"}],"twitter_card":"summary_large_image","twitter_misc":{"\u041f\u0440\u0438\u043c\u0435\u0440\u043d\u043e\u0435 \u0432\u0440\u0435\u043c\u044f \u0434\u043b\u044f \u0447\u0442\u0435\u043d\u0438\u044f":"2 \u043c\u0438\u043d\u0443\u0442\u044b"},"schema":{"@context":"https:\/\/schema.org","@graph":[{"@type":"WebPage","@id":"https:\/\/bnreo.com.tr\/product\/bnreo-smart-is-yeri-tipi-su-aritma-sistemi\/","url":"https:\/\/bnreo.com.tr\/product\/bnreo-smart-is-yeri-tipi-su-aritma-sistemi\/","name":"Bnreo Smart \u0130\u015f Yeri Tipi Su Ar\u0131tma Sistemi - Bnreo | Su Ar\u0131tma Cihazlar\u0131","isPartOf":{"@id":"https:\/\/bnreo.com.tr\/#website"},"primaryImageOfPage":{"@id":"https:\/\/bnreo.com.tr\/product\/bnreo-smart-is-yeri-tipi-su-aritma-sistemi\/#primaryimage"},"image":{"@id":"https:\/\/bnreo.com.tr\/product\/bnreo-smart-is-yeri-tipi-su-aritma-sistemi\/#primaryimage"},"thumbnailUrl":"https:\/\/bnreo.com.tr\/wp-content\/uploads\/2025\/06\/ergin_teknik-bnreo-smart-Is-yeri-tipi-su-aritma-sistemi-01-600x450-1.jpg","datePublished":"2025-06-24T01:51:26+00:00","dateModified":"2025-06-24T01:51:43+00:00","breadcrumb":{"@id":"https:\/\/bnreo.com.tr\/product\/bnreo-smart-is-yeri-tipi-su-aritma-sistemi\/#breadcrumb"},"inLanguage":"ru-RU","potentialAction":[{"@type":"ReadAction","target":["https:\/\/bnreo.com.tr\/product\/bnreo-smart-is-yeri-tipi-su-aritma-sistemi\/"]}]},{"@type":"ImageObject","inLanguage":"ru-RU","@id":"https:\/\/bnreo.com.tr\/product\/bnreo-smart-is-yeri-tipi-su-aritma-sistemi\/#primaryimage","url":"https:\/\/bnreo.com.tr\/wp-content\/uploads\/2025\/06\/ergin_teknik-bnreo-smart-Is-yeri-tipi-su-aritma-sistemi-01-600x450-1.jpg","contentUrl":"https:\/\/bnreo.com.tr\/wp-content\/uploads\/2025\/06\/ergin_teknik-bnreo-smart-Is-yeri-tipi-su-aritma-sistemi-01-600x450-1.jpg","width":600,"height":450},{"@type":"BreadcrumbList","@id":"https:\/\/bnreo.com.tr\/product\/bnreo-smart-is-yeri-tipi-su-aritma-sistemi\/#breadcrumb","itemListElement":[{"@type":"ListItem","position":1,"name":"Anasayfa","item":"https:\/\/bnreo.com.tr\/"},{"@type":"ListItem","position":2,"name":"Ma\u011faza","item":"https:\/\/bnreo.com.tr\/magaza\/"},{"@type":"ListItem","position":3,"name":"Bnreo Smart \u0130\u015f Yeri Tipi Su Ar\u0131tma Sistemi"}]},{"@type":"WebSite","@id":"https:\/\/bnreo.com.tr\/#website","url":"https:\/\/bnreo.com.tr\/","name":"Bnreo | Su Ar\u0131tma Cihazlar\u0131","description":"Bnreo | Su Ar\u0131tma Cihazlar\u0131","potentialAction":[{"@type":"SearchAction","target":{"@type":"EntryPoint","urlTemplate":"https:\/\/bnreo.com.tr\/?s={search_term_string}"},"query-input":{"@type":"PropertyValueSpecification","valueRequired":true,"valueName":"search_term_string"}}],"inLanguage":"ru-RU"}]}},"_links":{"self":[{"href":"https:\/\/bnreo.com.tr\/ru\/wp-json\/wp\/v2\/product\/28164","targetHints":{"allow":["GET"]}}],"collection":[{"href":"https:\/\/bnreo.com.tr\/ru\/wp-json\/wp\/v2\/product"}],"about":[{"href":"https:\/\/bnreo.com.tr\/ru\/wp-json\/wp\/v2\/types\/product"}],"replies":[{"embeddable":true,"href":"https:\/\/bnreo.com.tr\/ru\/wp-json\/wp\/v2\/comments?post=28164"}],"version-history":[{"count":1,"href":"https:\/\/bnreo.com.tr\/ru\/wp-json\/wp\/v2\/product\/28164\/revisions"}],"predecessor-version":[{"id":28166,"href":"https:\/\/bnreo.com.tr\/ru\/wp-json\/wp\/v2\/product\/28164\/revisions\/28166"}],"wp:featuredmedia":[{"embeddable":true,"href":"https:\/\/bnreo.com.tr\/ru\/wp-json\/wp\/v2\/media\/28165"}],"wp:attachment":[{"href":"https:\/\/bnreo.com.tr\/ru\/wp-json\/wp\/v2\/media?parent=28164"}],"wp:term":[{"taxonomy":"product_brand","embeddable":true,"href":"https:\/\/bnreo.com.tr\/ru\/wp-json\/wp\/v2\/product_brand?post=28164"},{"taxonomy":"product_cat","embeddable":true,"href":"https:\/\/bnreo.com.tr\/ru\/wp-json\/wp\/v2\/product_cat?post=28164"},{"taxonomy":"product_tag","embeddable":true,"href":"https:\/\/bnreo.com.tr\/ru\/wp-json\/wp\/v2\/product_tag?post=28164"}],"curies":[{"name":"wp","href":"https:\/\/api.w.org\/{rel}","templated":true}]}}