{"id":28155,"date":"2025-06-24T04:49:14","date_gmt":"2025-06-24T01:49:14","guid":{"rendered":"https:\/\/bnreo.com.tr\/?post_type=product&#038;p=28155"},"modified":"2025-06-24T04:50:09","modified_gmt":"2025-06-24T01:50:09","slug":"bnreo-maxi-star-su-aritmali-sebil","status":"publish","type":"product","link":"https:\/\/bnreo.com.tr\/ru\/product\/bnreo-maxi-star-su-aritmali-sebil\/","title":{"rendered":"\u0414\u0438\u0441\u043f\u0435\u043d\u0441\u0435\u0440 \u0434\u043b\u044f \u043e\u0447\u0438\u0441\u0442\u043a\u0438 \u0432\u043e\u0434\u044b Bnreo Maxi Star"},"content":{"rendered":"<p>\u041e\u0441\u043e\u0431\u0435\u043d\u043d\u043e \u043d\u0430 \u0440\u0430\u0431\u043e\u0447\u0438\u0445 \u043c\u0435\u0441\u0442\u0430\u0445 \u0443\u0441\u0442\u0440\u0430\u043d\u0435\u043d\u0438\u0435 \u0437\u0430\u0442\u0440\u0430\u0442 \u0438 \u0442\u0440\u0443\u0434\u043d\u043e\u0441\u0442\u0435\u0439, \u0441\u0432\u044f\u0437\u0430\u043d\u043d\u044b\u0445 \u0441 \u0438\u0441\u043f\u043e\u043b\u044c\u0437\u043e\u0432\u0430\u043d\u0438\u0435\u043c \u0431\u0443\u0442\u044b\u043b\u0435\u0439, \u043f\u0440\u0438\u043d\u0435\u0441\u0435\u0442 \u043f\u043e\u043b\u043e\u0436\u0438\u0442\u0435\u043b\u044c\u043d\u044b\u0435 \u0440\u0435\u0437\u0443\u043b\u044c\u0442\u0430\u0442\u044b \u043a\u0430\u043a \u0434\u043b\u044f \u0432\u0430\u0448\u0435\u0433\u043e \u0431\u044e\u0434\u0436\u0435\u0442\u0430, \u0442\u0430\u043a \u0438 \u0434\u043b\u044f \u0441\u043e\u043a\u0440\u0430\u0449\u0435\u043d\u0438\u044f \u043f\u043e\u0442\u0435\u0440\u044c \u0432 \u0431\u0438\u0437\u043d\u0435\u0441\u0435.<\/p>\n<p>\u0411\u043b\u0430\u0433\u043e\u0434\u0430\u0440\u044f \u0434\u0438\u0441\u043f\u0435\u043d\u0441\u0435\u0440\u0443 \u0434\u043b\u044f \u043f\u0438\u0442\u044c\u0435\u0432\u043e\u0439 \u0432\u043e\u0434\u044b Bnreo Maxi Star Purified Cold Water \u0432\u044b \u043c\u043e\u0436\u0435\u0442\u0435 \u043d\u0430\u0441\u043b\u0430\u0436\u0434\u0430\u0442\u044c\u0441\u044f \u0443\u0434\u043e\u0431\u0441\u0442\u0432\u043e\u043c \u043f\u043e\u0441\u0442\u043e\u044f\u043d\u043d\u043e\u0433\u043e \u0434\u043e\u0441\u0442\u0443\u043f\u0430 \u043a \u043f\u043e\u043b\u0435\u0437\u043d\u043e\u0439 \u0432\u043e\u0434\u0435 \u0438 \u044d\u043a\u043e\u043d\u043e\u043c\u0438\u0442\u044c \u0441\u0432\u043e\u0439 \u0431\u044e\u0434\u0436\u0435\u0442.<\/p>\n<p><strong>\u0422\u0435\u0445\u043d\u0438\u0447\u0435\u0441\u043a\u0438\u0435 \u0445\u0430\u0440\u0430\u043a\u0442\u0435\u0440\u0438\u0441\u0442\u0438\u043a\u0438<\/strong><br \/>\n\u041f\u0440\u043e\u0438\u0437\u0432\u043e\u0434\u0441\u0442\u0432\u0435\u043d\u043d\u0430\u044f \u043c\u043e\u0449\u043d\u043e\u0441\u0442\u044c: 1000 \u043b\/\u0441\u0443\u0442\u043a\u0438<br \/>\n\u041f\u0440\u043e\u0437\u0440\u0430\u0447\u043d\u044b\u0439 \u043a\u043e\u0440\u043f\u0443\u0441 10 \u0434\u044e\u0439\u043c\u043e\u0432 (\u0434\u0432\u043e\u0439\u043d\u043e\u0435 \u0443\u043f\u043b\u043e\u0442\u043d\u0438\u0442\u0435\u043b\u044c\u043d\u043e\u0435 \u043a\u043e\u043b\u044c\u0446\u043e)<br \/>\n\u0411\u0435\u043b\u044b\u0439 \u043c\u0430\u0442\u043e\u0432\u044b\u0439 \u043a\u043e\u0440\u043f\u0443\u0441 10 \u0434\u044e\u0439\u043c\u043e\u0432 (\u0434\u0432\u043e\u0439\u043d\u043e\u0435 \u0443\u043f\u043b\u043e\u0442\u043d\u0438\u0442\u0435\u043b\u044c\u043d\u043e\u0435 \u043a\u043e\u043b\u044c\u0446\u043e)<br \/>\n\u0424\u0438\u043b\u044c\u0442\u0440 \u0446\u0435\u043d\u0442\u0440\u043e\u0431\u0435\u0436\u043d\u044b\u0439 (\u043e\u0441\u0430\u0436\u0434\u0430\u044e\u0449\u0438\u0439) 10\u2033 5 \u043c\u043a\u043c<br \/>\n\u0424\u0438\u043b\u044c\u0442\u0440-\u043a\u0430\u0440\u0442\u0440\u0438\u0434\u0436 GAC Carbon 10\u2033<br \/>\n\u0424\u0438\u043b\u044c\u0442\u0440-\u043a\u0430\u0440\u0442\u0440\u0438\u0434\u0436 \u0441 \u0443\u0433\u043e\u043b\u044c\u043d\u044b\u043c \u0431\u043b\u043e\u043a\u043e\u043c 10 \u0434\u044e\u0439\u043c\u043e\u0432<br \/>\n10-\u0434\u044e\u0439\u043c\u043e\u0432\u044b\u0439 \u0432\u0441\u0442\u0440\u043e\u0435\u043d\u043d\u044b\u0439 \u043a\u043e\u043a\u043e\u0441\u043e\u0432\u044b\u0439 \u0443\u0433\u043e\u043b\u044c\u043d\u044b\u0439 \u0444\u0438\u043b\u044c\u0442\u0440<br \/>\n\u041c\u0435\u043c\u0431\u0440\u0430\u043d\u0430 300 \u0433\u0430\u043b\u043b\u043e\u043d\u043e\u0432 \u0432 \u0434\u0435\u043d\u044c<br \/>\n\u041d\u0430\u0441\u043e\u0441 HF-45<br \/>\n\u0410\u0434\u0430\u043f\u0442\u0435\u0440 36 \u0412\u043e\u043b\u044c\u0442 2 \u0410\u043c\u043f\u0435\u0440<br \/>\n\u041c\u0430\u043d\u043e\u043c\u0435\u0442\u0440 (10 \u0431\u0430\u0440)<\/p>\n<p><strong>\u0415\u041c\u041a\u041e\u0421\u0422\u042c<\/strong><br \/>\n\u0411\u0430\u043a \u0445\u043e\u043b\u043e\u0434\u043d\u043e\u0439 \u0432\u043e\u0434\u044b: 48 \u043b.<br \/>\n\u041e\u0445\u043b\u0430\u0436\u0434\u0435\u043d\u0438\u0435: 7,2 \u00b0C -2180 \u0411\u0422\u0415\/\u0447 639 \u0412\u0442<br \/>\n\u0420\u0430\u0441\u0445\u043e\u0434 \u043e\u0445\u043b\u0430\u0436\u0434\u0430\u044e\u0449\u0435\u0439 \u0436\u0438\u0434\u043a\u043e\u0441\u0442\u0438: t=15\u00b0C \u2013 37 \u043b\/\u0447<br \/>\n<strong>\u041e\u0425\u041b\u0410\u0416\u0414\u0415\u041d\u0418\u0415<\/strong><br \/>\n\u041e\u0445\u043b\u0430\u0436\u0434\u0430\u044e\u0449\u0438\u0439 \u0433\u0430\u0437: R134a<br \/>\n\u041e\u0445\u043b\u0430\u0436\u0434\u0430\u044e\u0449\u0438\u0435 \u043f\u043e\u043a\u0430\u0437\u0430\u0442\u0435\u043b\u0438: \u0425\u043e\u043b\u043e\u0434 5\u00b0C \u2013 9\u00b0C \/ \u0413\u043e\u0440\u044f\u0447\u0438\u0439 15\u00b0C<br \/>\n\u0423\u043f\u0440\u0430\u0432\u043b\u0435\u043d\u0438\u0435 \u043e\u0445\u043b\u0430\u0436\u0434\u0435\u043d\u0438\u0435\u043c: \u0442\u0435\u0440\u043c\u043e\u0441\u0442\u0430\u0442<br \/>\n\u0418\u0437\u043e\u043b\u044f\u0446\u0438\u044f: \u043f\u043e\u043b\u0438\u0443\u0440\u0435\u0442\u0430\u043d<\/p>","protected":false},"excerpt":{"rendered":"<p>\u0423\u0441\u0442\u0440\u0430\u043d\u0435\u043d\u0438\u0435 \u0440\u0430\u0441\u0445\u043e\u0434\u043e\u0432 \u0438 \u0445\u043b\u043e\u043f\u043e\u0442, \u0441\u0432\u044f\u0437\u0430\u043d\u043d\u044b\u0445 \u0441 \u0438\u0441\u043f\u043e\u043b\u044c\u0437\u043e\u0432\u0430\u043d\u0438\u0435\u043c \u0431\u0443\u0442\u044b\u043b\u0435\u0439 \u0434\u043b\u044f \u0431\u0443\u0442\u0438\u043b\u0438\u0440\u043e\u0432\u0430\u043d\u043d\u043e\u0439 \u0432\u043e\u0434\u044b, \u043e\u0441\u043e\u0431\u0435\u043d\u043d\u043e \u043d\u0430 \u0440\u0430\u0431\u043e\u0447\u0435\u043c \u043c\u0435\u0441\u0442\u0435, \u043f\u043e\u043b\u043e\u0436\u0438\u0442\u0435\u043b\u044c\u043d\u043e \u0441\u043a\u0430\u0436\u0435\u0442\u0441\u044f \u043a\u0430\u043a \u043d\u0430 \u0432\u0430\u0448\u0435\u043c \u0431\u044e\u0434\u0436\u0435\u0442\u0435, \u0442\u0430\u043a \u0438 \u043d\u0430 \u0441\u043e\u043a\u0440\u0430\u0449\u0435\u043d\u0438\u0438 \u0431\u0438\u0437\u043d\u0435\u0441-\u043f\u043e\u0442\u0435\u0440\u044c. Bnreo Maxi Star<\/p>","protected":false},"featured_media":28156,"comment_status":"open","ping_status":"closed","template":"","meta":[],"product_brand":[],"product_cat":[81,36],"product_tag":[],"class_list":{"0":"post-28155","1":"product","2":"type-product","3":"status-publish","4":"has-post-thumbnail","6":"product_cat-cihazlar-urunler","7":"product_cat-is-yeri-su-aritma-cihazlari","9":"first","10":"instock","11":"shipping-taxable","12":"purchasable","13":"product-type-simple"},"yoast_head":"<!-- This site is optimized with the Yoast SEO plugin v25.3.1 - https:\/\/yoast.com\/wordpress\/plugins\/seo\/ -->\n<title>Bnreo Maxi Star Su Ar\u0131tmal\u0131 Sebil - Bnreo | Su Ar\u0131tma Cihazlar\u0131<\/title>\n<meta name=\"robots\" content=\"index, follow, max-snippet:-1, max-image-preview:large, max-video-preview:-1\" \/>\n<link rel=\"canonical\" href=\"https:\/\/bnreo.com.tr\/ru\/product\/bnreo-maxi-star-su-aritmali-sebil\/\" \/>\n<meta property=\"og:locale\" content=\"ru_RU\" \/>\n<meta property=\"og:type\" content=\"article\" \/>\n<meta property=\"og:title\" content=\"Bnreo Maxi Star Su Ar\u0131tmal\u0131 Sebil - Bnreo | Su Ar\u0131tma Cihazlar\u0131\" \/>\n<meta property=\"og:description\" content=\"\u00d6zellikle i\u015f yerlerinizde damacanan\u0131n maliyetini ve zorluklar\u0131n\u0131 ortadan kald\u0131rmak hem b\u00fct\u00e7enize hemde i\u015f kayb\u0131n\u0131za olumlu sonu\u00e7 sa\u011flar. Bnreo Maxi Star\" \/>\n<meta property=\"og:url\" content=\"https:\/\/bnreo.com.tr\/ru\/product\/bnreo-maxi-star-su-aritmali-sebil\/\" \/>\n<meta property=\"og:site_name\" content=\"Bnreo | Su Ar\u0131tma Cihazlar\u0131\" \/>\n<meta property=\"article:modified_time\" content=\"2025-06-24T01:50:09+00:00\" \/>\n<meta property=\"og:image\" content=\"https:\/\/bnreo.com.tr\/wp-content\/uploads\/2025\/06\/ergin_teknik-bnreo-maxi-star-su-aritmali-sebil-01-600x450-1.jpg\" \/>\n\t<meta property=\"og:image:width\" content=\"600\" \/>\n\t<meta property=\"og:image:height\" content=\"450\" \/>\n\t<meta property=\"og:image:type\" content=\"image\/jpeg\" \/>\n<meta name=\"twitter:card\" content=\"summary_large_image\" \/>\n<meta name=\"twitter:label1\" content=\"\u041f\u0440\u0438\u043c\u0435\u0440\u043d\u043e\u0435 \u0432\u0440\u0435\u043c\u044f \u0434\u043b\u044f \u0447\u0442\u0435\u043d\u0438\u044f\" \/>\n\t<meta name=\"twitter:data1\" content=\"1 \u043c\u0438\u043d\u0443\u0442\u0430\" \/>\n<script type=\"application\/ld+json\" class=\"yoast-schema-graph\">{\"@context\":\"https:\/\/schema.org\",\"@graph\":[{\"@type\":\"WebPage\",\"@id\":\"https:\/\/bnreo.com.tr\/product\/bnreo-maxi-star-su-aritmali-sebil\/\",\"url\":\"https:\/\/bnreo.com.tr\/product\/bnreo-maxi-star-su-aritmali-sebil\/\",\"name\":\"Bnreo Maxi Star Su Ar\u0131tmal\u0131 Sebil - Bnreo | Su Ar\u0131tma Cihazlar\u0131\",\"isPartOf\":{\"@id\":\"https:\/\/bnreo.com.tr\/#website\"},\"primaryImageOfPage\":{\"@id\":\"https:\/\/bnreo.com.tr\/product\/bnreo-maxi-star-su-aritmali-sebil\/#primaryimage\"},\"image\":{\"@id\":\"https:\/\/bnreo.com.tr\/product\/bnreo-maxi-star-su-aritmali-sebil\/#primaryimage\"},\"thumbnailUrl\":\"https:\/\/bnreo.com.tr\/wp-content\/uploads\/2025\/06\/ergin_teknik-bnreo-maxi-star-su-aritmali-sebil-01-600x450-1.jpg\",\"datePublished\":\"2025-06-24T01:49:14+00:00\",\"dateModified\":\"2025-06-24T01:50:09+00:00\",\"breadcrumb\":{\"@id\":\"https:\/\/bnreo.com.tr\/product\/bnreo-maxi-star-su-aritmali-sebil\/#breadcrumb\"},\"inLanguage\":\"ru-RU\",\"potentialAction\":[{\"@type\":\"ReadAction\",\"target\":[\"https:\/\/bnreo.com.tr\/product\/bnreo-maxi-star-su-aritmali-sebil\/\"]}]},{\"@type\":\"ImageObject\",\"inLanguage\":\"ru-RU\",\"@id\":\"https:\/\/bnreo.com.tr\/product\/bnreo-maxi-star-su-aritmali-sebil\/#primaryimage\",\"url\":\"https:\/\/bnreo.com.tr\/wp-content\/uploads\/2025\/06\/ergin_teknik-bnreo-maxi-star-su-aritmali-sebil-01-600x450-1.jpg\",\"contentUrl\":\"https:\/\/bnreo.com.tr\/wp-content\/uploads\/2025\/06\/ergin_teknik-bnreo-maxi-star-su-aritmali-sebil-01-600x450-1.jpg\",\"width\":600,\"height\":450},{\"@type\":\"BreadcrumbList\",\"@id\":\"https:\/\/bnreo.com.tr\/product\/bnreo-maxi-star-su-aritmali-sebil\/#breadcrumb\",\"itemListElement\":[{\"@type\":\"ListItem\",\"position\":1,\"name\":\"Anasayfa\",\"item\":\"https:\/\/bnreo.com.tr\/\"},{\"@type\":\"ListItem\",\"position\":2,\"name\":\"Ma\u011faza\",\"item\":\"https:\/\/bnreo.com.tr\/magaza\/\"},{\"@type\":\"ListItem\",\"position\":3,\"name\":\"Bnreo Maxi Star Su Ar\u0131tmal\u0131 Sebil\"}]},{\"@type\":\"WebSite\",\"@id\":\"https:\/\/bnreo.com.tr\/#website\",\"url\":\"https:\/\/bnreo.com.tr\/\",\"name\":\"Bnreo | Su Ar\u0131tma Cihazlar\u0131\",\"description\":\"Bnreo | Su Ar\u0131tma Cihazlar\u0131\",\"potentialAction\":[{\"@type\":\"SearchAction\",\"target\":{\"@type\":\"EntryPoint\",\"urlTemplate\":\"https:\/\/bnreo.com.tr\/?s={search_term_string}\"},\"query-input\":{\"@type\":\"PropertyValueSpecification\",\"valueRequired\":true,\"valueName\":\"search_term_string\"}}],\"inLanguage\":\"ru-RU\"}]}<\/script>\n<!-- \/ Yoast SEO plugin. -->","yoast_head_json":{"title":"Bnreo Maxi Star Su Ar\u0131tmal\u0131 Sebil - Bnreo | Su Ar\u0131tma Cihazlar\u0131","robots":{"index":"index","follow":"follow","max-snippet":"max-snippet:-1","max-image-preview":"max-image-preview:large","max-video-preview":"max-video-preview:-1"},"canonical":"https:\/\/bnreo.com.tr\/ru\/product\/bnreo-maxi-star-su-aritmali-sebil\/","og_locale":"ru_RU","og_type":"article","og_title":"Bnreo Maxi Star Su Ar\u0131tmal\u0131 Sebil - Bnreo | Su Ar\u0131tma Cihazlar\u0131","og_description":"\u00d6zellikle i\u015f yerlerinizde damacanan\u0131n maliyetini ve zorluklar\u0131n\u0131 ortadan kald\u0131rmak hem b\u00fct\u00e7enize hemde i\u015f kayb\u0131n\u0131za olumlu sonu\u00e7 sa\u011flar. Bnreo Maxi Star","og_url":"https:\/\/bnreo.com.tr\/ru\/product\/bnreo-maxi-star-su-aritmali-sebil\/","og_site_name":"Bnreo | Su Ar\u0131tma Cihazlar\u0131","article_modified_time":"2025-06-24T01:50:09+00:00","og_image":[{"width":600,"height":450,"url":"https:\/\/bnreo.com.tr\/wp-content\/uploads\/2025\/06\/ergin_teknik-bnreo-maxi-star-su-aritmali-sebil-01-600x450-1.jpg","type":"image\/jpeg"}],"twitter_card":"summary_large_image","twitter_misc":{"\u041f\u0440\u0438\u043c\u0435\u0440\u043d\u043e\u0435 \u0432\u0440\u0435\u043c\u044f \u0434\u043b\u044f \u0447\u0442\u0435\u043d\u0438\u044f":"1 \u043c\u0438\u043d\u0443\u0442\u0430"},"schema":{"@context":"https:\/\/schema.org","@graph":[{"@type":"WebPage","@id":"https:\/\/bnreo.com.tr\/product\/bnreo-maxi-star-su-aritmali-sebil\/","url":"https:\/\/bnreo.com.tr\/product\/bnreo-maxi-star-su-aritmali-sebil\/","name":"Bnreo Maxi Star Su Ar\u0131tmal\u0131 Sebil - Bnreo | Su Ar\u0131tma Cihazlar\u0131","isPartOf":{"@id":"https:\/\/bnreo.com.tr\/#website"},"primaryImageOfPage":{"@id":"https:\/\/bnreo.com.tr\/product\/bnreo-maxi-star-su-aritmali-sebil\/#primaryimage"},"image":{"@id":"https:\/\/bnreo.com.tr\/product\/bnreo-maxi-star-su-aritmali-sebil\/#primaryimage"},"thumbnailUrl":"https:\/\/bnreo.com.tr\/wp-content\/uploads\/2025\/06\/ergin_teknik-bnreo-maxi-star-su-aritmali-sebil-01-600x450-1.jpg","datePublished":"2025-06-24T01:49:14+00:00","dateModified":"2025-06-24T01:50:09+00:00","breadcrumb":{"@id":"https:\/\/bnreo.com.tr\/product\/bnreo-maxi-star-su-aritmali-sebil\/#breadcrumb"},"inLanguage":"ru-RU","potentialAction":[{"@type":"ReadAction","target":["https:\/\/bnreo.com.tr\/product\/bnreo-maxi-star-su-aritmali-sebil\/"]}]},{"@type":"ImageObject","inLanguage":"ru-RU","@id":"https:\/\/bnreo.com.tr\/product\/bnreo-maxi-star-su-aritmali-sebil\/#primaryimage","url":"https:\/\/bnreo.com.tr\/wp-content\/uploads\/2025\/06\/ergin_teknik-bnreo-maxi-star-su-aritmali-sebil-01-600x450-1.jpg","contentUrl":"https:\/\/bnreo.com.tr\/wp-content\/uploads\/2025\/06\/ergin_teknik-bnreo-maxi-star-su-aritmali-sebil-01-600x450-1.jpg","width":600,"height":450},{"@type":"BreadcrumbList","@id":"https:\/\/bnreo.com.tr\/product\/bnreo-maxi-star-su-aritmali-sebil\/#breadcrumb","itemListElement":[{"@type":"ListItem","position":1,"name":"Anasayfa","item":"https:\/\/bnreo.com.tr\/"},{"@type":"ListItem","position":2,"name":"Ma\u011faza","item":"https:\/\/bnreo.com.tr\/magaza\/"},{"@type":"ListItem","position":3,"name":"Bnreo Maxi Star Su Ar\u0131tmal\u0131 Sebil"}]},{"@type":"WebSite","@id":"https:\/\/bnreo.com.tr\/#website","url":"https:\/\/bnreo.com.tr\/","name":"Bnreo | Su Ar\u0131tma Cihazlar\u0131","description":"Bnreo | Su Ar\u0131tma Cihazlar\u0131","potentialAction":[{"@type":"SearchAction","target":{"@type":"EntryPoint","urlTemplate":"https:\/\/bnreo.com.tr\/?s={search_term_string}"},"query-input":{"@type":"PropertyValueSpecification","valueRequired":true,"valueName":"search_term_string"}}],"inLanguage":"ru-RU"}]}},"_links":{"self":[{"href":"https:\/\/bnreo.com.tr\/ru\/wp-json\/wp\/v2\/product\/28155","targetHints":{"allow":["GET"]}}],"collection":[{"href":"https:\/\/bnreo.com.tr\/ru\/wp-json\/wp\/v2\/product"}],"about":[{"href":"https:\/\/bnreo.com.tr\/ru\/wp-json\/wp\/v2\/types\/product"}],"replies":[{"embeddable":true,"href":"https:\/\/bnreo.com.tr\/ru\/wp-json\/wp\/v2\/comments?post=28155"}],"version-history":[{"count":1,"href":"https:\/\/bnreo.com.tr\/ru\/wp-json\/wp\/v2\/product\/28155\/revisions"}],"predecessor-version":[{"id":28157,"href":"https:\/\/bnreo.com.tr\/ru\/wp-json\/wp\/v2\/product\/28155\/revisions\/28157"}],"wp:featuredmedia":[{"embeddable":true,"href":"https:\/\/bnreo.com.tr\/ru\/wp-json\/wp\/v2\/media\/28156"}],"wp:attachment":[{"href":"https:\/\/bnreo.com.tr\/ru\/wp-json\/wp\/v2\/media?parent=28155"}],"wp:term":[{"taxonomy":"product_brand","embeddable":true,"href":"https:\/\/bnreo.com.tr\/ru\/wp-json\/wp\/v2\/product_brand?post=28155"},{"taxonomy":"product_cat","embeddable":true,"href":"https:\/\/bnreo.com.tr\/ru\/wp-json\/wp\/v2\/product_cat?post=28155"},{"taxonomy":"product_tag","embeddable":true,"href":"https:\/\/bnreo.com.tr\/ru\/wp-json\/wp\/v2\/product_tag?post=28155"}],"curies":[{"name":"wp","href":"https:\/\/api.w.org\/{rel}","templated":true}]}}