{"id":28152,"date":"2025-06-24T04:47:25","date_gmt":"2025-06-24T01:47:25","guid":{"rendered":"https:\/\/bnreo.com.tr\/?post_type=product&#038;p=28152"},"modified":"2025-06-24T04:47:25","modified_gmt":"2025-06-24T01:47:25","slug":"vertex","status":"publish","type":"product","link":"https:\/\/bnreo.com.tr\/ru\/product\/vertex\/","title":{"rendered":"\u0412\u0435\u0440\u0448\u0438\u043d\u0430"},"content":{"rendered":"<h2 data-start=\"160\" data-end=\"205\">\ud83c\udf3f \u0421\u0435\u0440\u0438\u044f ECO VERTEX \u2013 \u0421\u0442\u0430\u043d\u0434\u0430\u0440\u0442\u043d\u044b\u0435 \u0445\u0430\u0440\u0430\u043a\u0442\u0435\u0440\u0438\u0441\u0442\u0438\u043a\u0438<\/h2>\n<ul data-start=\"207\" data-end=\"1658\">\n<li data-start=\"207\" data-end=\"298\">\n<p data-start=\"209\" data-end=\"298\"><strong data-start=\"209\" data-end=\"236\">%96 Safla\u015ft\u0131rma Verimi:<\/strong> \u041e\u0431\u0435\u0441\u043f\u0435\u0447\u0438\u0432\u0430\u0435\u0442 \u044d\u0444\u0444\u0435\u043a\u0442\u0438\u0432\u043d\u0443\u044e \u043e\u0447\u0438\u0441\u0442\u043a\u0443 \u0432\u043e\u0434\u044b \u0431\u043b\u0430\u0433\u043e\u0434\u0430\u0440\u044f \u0432\u044b\u0441\u043e\u043a\u043e\u044d\u0444\u0444\u0435\u043a\u0442\u0438\u0432\u043d\u044b\u043c \u043c\u0435\u043c\u0431\u0440\u0430\u043d\u0430\u043c.<\/p>\n<\/li>\n<li data-start=\"299\" data-end=\"393\">\n<p data-start=\"301\" data-end=\"393\"><strong data-start=\"301\" data-end=\"323\">\u041e\u043a\u0440\u0430\u0448\u0435\u043d\u043d\u043e\u0435 \u0441\u0442\u0430\u043b\u044c\u043d\u043e\u0435 \u0448\u0430\u0441\u0441\u0438:<\/strong> \u041e\u0431\u0435\u0441\u043f\u0435\u0447\u0438\u0432\u0430\u0435\u0442 \u0437\u0430\u0449\u0438\u0442\u0443 \u043e\u0442 \u0432\u043d\u0435\u0448\u043d\u0438\u0445 \u0444\u0430\u043a\u0442\u043e\u0440\u043e\u0432 \u0431\u043b\u0430\u0433\u043e\u0434\u0430\u0440\u044f \u0441\u0432\u043e\u0435\u0439 \u043f\u0440\u043e\u0447\u043d\u043e\u0439 \u0438 \u0434\u043e\u043b\u0433\u043e\u0432\u0435\u0447\u043d\u043e\u0439 \u0441\u0442\u0440\u0443\u043a\u0442\u0443\u0440\u0435.<\/p>\n<\/li>\n<li data-start=\"394\" data-end=\"495\">\n<p data-start=\"396\" data-end=\"495\"><strong data-start=\"396\" data-end=\"445\">\u0422\u0440\u0443\u0431\u043e\u043f\u0440\u043e\u0432\u043e\u0434 Zonder \u0438\u0437 U-PVC \u0434\u043b\u044f \u0432\u043f\u0443\u0441\u043a\u0430 \u043e\u0442\u0445\u043e\u0434\u043e\u0432 \u0438 \u043c\u0435\u043c\u0431\u0440\u0430\u043d:<\/strong> \u041a\u043e\u0440\u0440\u043e\u0437\u0438\u043e\u043d\u043d\u043e\u0441\u0442\u043e\u0439\u043a\u0430\u044f \u0438 \u0433\u0438\u0433\u0438\u0435\u043d\u0438\u0447\u043d\u0430\u044f \u0442\u0440\u0443\u0431\u043e\u043f\u0440\u043e\u0432\u043e\u0434\u043d\u0430\u044f \u0441\u0438\u0441\u0442\u0435\u043c\u0430.<\/p>\n<\/li>\n<li data-start=\"496\" data-end=\"587\">\n<p data-start=\"498\" data-end=\"587\"><strong data-start=\"498\" data-end=\"529\">\u041a\u0440\u044b\u0448\u043a\u0430 \u043c\u0435\u043c\u0431\u0440\u0430\u043d\u044b FRP 300 PSI:<\/strong> \u041c\u0435\u043c\u0431\u0440\u0430\u043d\u043d\u043e\u0435 \u043f\u043e\u043a\u0440\u044b\u0442\u0438\u0435 \u0438\u0437 \u043a\u043e\u043c\u043f\u043e\u0437\u0438\u0442\u043d\u043e\u0439 \u0441\u0442\u0440\u0443\u043a\u0442\u0443\u0440\u044b, \u0443\u0441\u0442\u043e\u0439\u0447\u0438\u0432\u043e\u0435 \u043a \u0432\u044b\u0441\u043e\u043a\u043e\u043c\u0443 \u0434\u0430\u0432\u043b\u0435\u043d\u0438\u044e.<\/p>\n<\/li>\n<li data-start=\"588\" data-end=\"677\">\n<p data-start=\"590\" data-end=\"677\"><strong data-start=\"590\" data-end=\"607\">4040 \u041c\u0435\u043c\u0431\u0440\u0430\u043d\u0430:<\/strong> \u0412\u044b\u0441\u043e\u043a\u043e\u043f\u0440\u043e\u0438\u0437\u0432\u043e\u0434\u0438\u0442\u0435\u043b\u044c\u043d\u0430\u044f \u043e\u0431\u0440\u0430\u0442\u043d\u043e\u043e\u0441\u043c\u043e\u0442\u0438\u0447\u0435\u0441\u043a\u0430\u044f \u043c\u0435\u043c\u0431\u0440\u0430\u043d\u0430, \u043f\u0440\u0438\u0433\u043e\u0434\u043d\u0430\u044f \u0434\u043b\u044f \u043f\u0440\u043e\u043c\u044b\u0448\u043b\u0435\u043d\u043d\u043e\u0433\u043e \u0438\u0441\u043f\u043e\u043b\u044c\u0437\u043e\u0432\u0430\u043d\u0438\u044f.<\/p>\n<\/li>\n<li data-start=\"678\" data-end=\"779\">\n<p data-start=\"680\" data-end=\"779\"><strong data-start=\"680\" data-end=\"709\">\u0420\u0435\u043b\u0435 \u043d\u0438\u0437\u043a\u043e\u0433\u043e \u0434\u0430\u0432\u043b\u0435\u043d\u0438\u044f:<\/strong> \u041e\u0431\u0435\u0441\u043f\u0435\u0447\u0438\u0432\u0430\u0435\u0442 \u043a\u043e\u043d\u0442\u0440\u043e\u043b\u044c \u043d\u0438\u0437\u043a\u043e\u0433\u043e \u0434\u0430\u0432\u043b\u0435\u043d\u0438\u044f \u0434\u043b\u044f \u0437\u0430\u0449\u0438\u0442\u044b \u043d\u0430\u0441\u043e\u0441\u0430 \u0438 \u0431\u0435\u0437\u043e\u043f\u0430\u0441\u043d\u043e\u0441\u0442\u0438 \u0441\u0438\u0441\u0442\u0435\u043c\u044b.<\/p>\n<\/li>\n<li data-start=\"780\" data-end=\"872\">\n<p data-start=\"782\" data-end=\"872\"><strong data-start=\"782\" data-end=\"813\">\u0418\u0437\u043c\u0435\u0440\u0438\u0442\u0435\u043b\u044c TDS \u043f\u0430\u043d\u0435\u043b\u044c\u043d\u043e\u0433\u043e \u0442\u0438\u043f\u0430:<\/strong> \u0418\u0437\u043c\u0435\u0440\u044f\u0435\u0442 \u0438 \u043a\u043e\u043d\u0442\u0440\u043e\u043b\u0438\u0440\u0443\u0435\u0442 \u043a\u0430\u0447\u0435\u0441\u0442\u0432\u043e \u043e\u0447\u0438\u0449\u0435\u043d\u043d\u043e\u0439 \u0432\u043e\u0434\u044b \u0432 \u0440\u0435\u0436\u0438\u043c\u0435 \u0440\u0435\u0430\u043b\u044c\u043d\u043e\u0433\u043e \u0432\u0440\u0435\u043c\u0435\u043d\u0438.<\/p>\n<\/li>\n<li data-start=\"873\" data-end=\"952\">\n<p data-start=\"875\" data-end=\"952\"><strong data-start=\"875\" data-end=\"912\">\u0412\u0445\u043e\u0434\u043d\u043e\u0439 \u044d\u043b\u0435\u043a\u0442\u0440\u043e\u043f\u0440\u0438\u0432\u043e\u0434\u043d\u043e\u0439 \u043a\u043b\u0430\u043f\u0430\u043d:<\/strong> \u0412\u043f\u0443\u0441\u043a\u043d\u043e\u0439 \u043a\u043b\u0430\u043f\u0430\u043d, \u043e\u0431\u0435\u0441\u043f\u0435\u0447\u0438\u0432\u0430\u044e\u0449\u0438\u0439 \u0430\u0432\u0442\u043e\u043c\u0430\u0442\u0438\u0447\u0435\u0441\u043a\u043e\u0435 \u0443\u043f\u0440\u0430\u0432\u043b\u0435\u043d\u0438\u0435.<\/p>\n<\/li>\n<li data-start=\"953\" data-end=\"1055\">\n<p data-start=\"955\" data-end=\"1055\"><strong data-start=\"955\" data-end=\"992\">\u0420\u0430\u0441\u0445\u043e\u0434\u043e\u043c\u0435\u0440\u044b \u0441\u0442\u043e\u0447\u043d\u044b\u0445 \u0438 \u043e\u0447\u0438\u0449\u0435\u043d\u043d\u044b\u0445 \u0432\u043e\u0434:<\/strong> \u041e\u043d \u043e\u0431\u0435\u0441\u043f\u0435\u0447\u0438\u0432\u0430\u0435\u0442 \u043a\u043e\u043d\u0442\u0440\u043e\u043b\u044c \u044d\u0444\u0444\u0435\u043a\u0442\u0438\u0432\u043d\u043e\u0441\u0442\u0438 \u043f\u0443\u0442\u0435\u043c \u0438\u0437\u043c\u0435\u0440\u0435\u043d\u0438\u044f \u0440\u0430\u0441\u0445\u043e\u0434\u0430 \u043d\u0430 \u0432\u0445\u043e\u0434\u0435 \u0438 \u0432\u044b\u0445\u043e\u0434\u0435 \u0441\u0438\u0441\u0442\u0435\u043c\u044b.<\/p>\n<\/li>\n<li data-start=\"1056\" data-end=\"1118\">\n<p data-start=\"1058\" data-end=\"1118\"><strong data-start=\"1058\" data-end=\"1077\">\u041d\u0430\u0441\u043e\u0441 Rotoflow:<\/strong> \u0422\u0438\u0445\u0438\u0439 \u0438 \u0432\u044b\u0441\u043e\u043a\u043e\u044d\u0444\u0444\u0435\u043a\u0442\u0438\u0432\u043d\u044b\u0439 \u043d\u0430\u043f\u043e\u0440\u043d\u044b\u0439 \u043d\u0430\u0441\u043e\u0441.<\/p>\n<\/li>\n<li data-start=\"1119\" data-end=\"1210\">\n<p data-start=\"1121\" data-end=\"1210\"><strong data-start=\"1121\" data-end=\"1159\">\u0418\u0433\u043e\u043b\u044c\u0447\u0430\u0442\u044b\u0439 \u0440\u0435\u0433\u0443\u043b\u0438\u0440\u0443\u044e\u0449\u0438\u0439 \u043a\u043b\u0430\u043f\u0430\u043d \u0434\u043b\u044f \u0441\u0442\u043e\u0447\u043d\u044b\u0445 \u0432\u043e\u0434 \u0438\u0437 \u043d\u0435\u0440\u0436\u0430\u0432\u0435\u044e\u0449\u0435\u0439 \u0441\u0442\u0430\u043b\u0438 SS 316:<\/strong> \u0418\u0437\u0433\u043e\u0442\u043e\u0432\u043b\u0435\u043d \u0438\u0437 \u043d\u0435\u0440\u0436\u0430\u0432\u0435\u044e\u0449\u0435\u0439 \u0441\u0442\u0430\u043b\u0438, \u043e\u0431\u0435\u0441\u043f\u0435\u0447\u0438\u0432\u0430\u0435\u0442 \u0442\u043e\u0447\u043d\u0443\u044e \u0440\u0435\u0433\u0443\u043b\u0438\u0440\u043e\u0432\u043a\u0443 \u0440\u0430\u0441\u0445\u043e\u0434\u0430.<\/p>\n<\/li>\n<li data-start=\"1211\" data-end=\"1301\">\n<p data-start=\"1213\" data-end=\"1301\"><strong data-start=\"1213\" data-end=\"1238\">\u0413\u043b\u0438\u0446\u0435\u0440\u0438\u043d\u043e\u0432\u044b\u0439 \u043c\u0430\u043d\u043e\u043c\u0435\u0442\u0440:<\/strong> \u0420\u0430\u0437\u0440\u0430\u0431\u043e\u0442\u0430\u043d \u0434\u043b\u044f \u0442\u043e\u0447\u043d\u043e\u0433\u043e \u0438\u0437\u043c\u0435\u0440\u0435\u043d\u0438\u044f \u0434\u0430\u0432\u043b\u0435\u043d\u0438\u044f, \u0443\u0441\u0442\u043e\u0439\u0447\u0438\u0432\u043e\u0433\u043e \u043a \u0432\u0438\u0431\u0440\u0430\u0446\u0438\u0438.<\/p>\n<\/li>\n<li data-start=\"1302\" data-end=\"1394\">\n<p data-start=\"1304\" data-end=\"1394\"><strong data-start=\"1304\" data-end=\"1340\">\u041a\u043e\u043d\u0442\u0440\u043e\u043b\u044c\u043d\u044b\u0435 \u043b\u0430\u043c\u043f\u044b \u0441\u043e\u0441\u0442\u043e\u044f\u043d\u0438\u044f \u0438 \u0430\u0432\u0430\u0440\u0438\u0439\u043d\u044b\u0435 \u043e\u0433\u043d\u0438:<\/strong> \u041f\u0440\u0435\u0434\u043e\u0441\u0442\u0430\u0432\u043b\u044f\u0435\u0442 \u043f\u043e\u043b\u044c\u0437\u043e\u0432\u0430\u0442\u0435\u043b\u044e \u043c\u0433\u043d\u043e\u0432\u0435\u043d\u043d\u0443\u044e \u0438\u043d\u0444\u043e\u0440\u043c\u0430\u0446\u0438\u044e \u043e \u0441\u043e\u0441\u0442\u043e\u044f\u043d\u0438\u0438 \u0441\u0438\u0441\u0442\u0435\u043c\u044b.<\/p>\n<\/li>\n<li data-start=\"1395\" data-end=\"1476\">\n<p data-start=\"1397\" data-end=\"1476\"><strong data-start=\"1397\" data-end=\"1433\">\u041f\u043e\u043f\u043b\u0430\u0432\u043e\u043a \u0443\u0440\u043e\u0432\u043d\u044f \u0432\u043e\u0434\u044b \u0432 \u0440\u0435\u0437\u0435\u0440\u0432\u0443\u0430\u0440\u0435:<\/strong> \u041e\u0431\u0435\u0441\u043f\u0435\u0447\u0438\u0432\u0430\u0435\u0442 \u0430\u0432\u0442\u043e\u043c\u0430\u0442\u0438\u0437\u0430\u0446\u0438\u044e \u043a\u043e\u043d\u0442\u0440\u043e\u043b\u044f \u0443\u0440\u043e\u0432\u043d\u044f \u0432\u043e\u0434\u044b.<\/p>\n<\/li>\n<li data-start=\"1477\" data-end=\"1553\">\n<p data-start=\"1479\" data-end=\"1553\"><strong data-start=\"1479\" data-end=\"1509\">\u0414\u043e\u0437\u0438\u0440\u0443\u044e\u0449\u0438\u0439 \u043d\u0430\u0441\u043e\u0441 (\u043e\u043f\u0446\u0438\u043e\u043d\u0430\u043b\u044c\u043d\u043e):<\/strong> \u041c\u043e\u0436\u0435\u0442 \u0431\u044b\u0442\u044c \u0438\u043d\u0442\u0435\u0433\u0440\u0438\u0440\u043e\u0432\u0430\u043d \u0434\u043b\u044f \u0434\u043e\u0437\u0438\u0440\u043e\u0432\u0430\u043d\u0438\u044f \u0445\u0438\u043c\u0438\u043a\u0430\u0442\u043e\u0432.<\/p>\n<\/li>\n<li data-start=\"1554\" data-end=\"1658\">\n<p data-start=\"1556\" data-end=\"1658\"><strong data-start=\"1556\" data-end=\"1592\">\u0410\u0432\u0442\u043e\u043c\u0430\u0442\u0438\u0447\u0435\u0441\u043a\u0430\u044f \u043f\u0440\u043e\u043c\u044b\u0432\u043a\u0430:<\/strong> \u041e\u0431\u0435\u0441\u043f\u0435\u0447\u0438\u0432\u0430\u0435\u0442 \u0430\u0432\u0442\u043e\u043c\u0430\u0442\u0438\u0447\u0435\u0441\u043a\u0443\u044e \u043f\u0440\u043e\u043c\u044b\u0432\u043a\u0443 \u0441\u0438\u0441\u0442\u0435\u043c\u044b \u0434\u043b\u044f \u043f\u0440\u043e\u0434\u043b\u0435\u043d\u0438\u044f \u0441\u0440\u043e\u043a\u0430 \u0441\u043b\u0443\u0436\u0431\u044b \u043c\u0435\u043c\u0431\u0440\u0430\u043d\u044b.<\/p>\n<\/li>\n<\/ul>","protected":false},"excerpt":{"rendered":"<p>\ud83c\udf3f ECO VERTEX Serisi \u2013 Standart \u00d6zellikler %96 Safla\u015ft\u0131rma Verimi: Y\u00fcksek verimli membranlar sayesinde etkili su ar\u0131t\u0131m\u0131 sa\u011flar. Boyal\u0131 \u00c7elik<\/p>","protected":false},"featured_media":28153,"comment_status":"open","ping_status":"closed","template":"","meta":[],"product_brand":[],"product_cat":[81,37],"product_tag":[],"class_list":{"0":"post-28152","1":"product","2":"type-product","3":"status-publish","4":"has-post-thumbnail","6":"product_cat-cihazlar-urunler","7":"product_cat-endustriyel-su-aritma-sistemleri","9":"first","10":"instock","11":"shipping-taxable","12":"purchasable","13":"product-type-simple"},"yoast_head":"<!-- This site is optimized with the Yoast SEO plugin v25.3.1 - https:\/\/yoast.com\/wordpress\/plugins\/seo\/ -->\n<title>Vertex - Bnreo | Su Ar\u0131tma Cihazlar\u0131<\/title>\n<meta name=\"robots\" content=\"index, follow, max-snippet:-1, max-image-preview:large, max-video-preview:-1\" \/>\n<link rel=\"canonical\" href=\"https:\/\/bnreo.com.tr\/ru\/product\/vertex\/\" \/>\n<meta property=\"og:locale\" content=\"ru_RU\" \/>\n<meta property=\"og:type\" content=\"article\" \/>\n<meta property=\"og:title\" content=\"Vertex - Bnreo | Su Ar\u0131tma Cihazlar\u0131\" \/>\n<meta property=\"og:description\" content=\"\ud83c\udf3f ECO VERTEX Serisi \u2013 Standart \u00d6zellikler %96 Safla\u015ft\u0131rma Verimi: Y\u00fcksek verimli membranlar sayesinde etkili su ar\u0131t\u0131m\u0131 sa\u011flar. Boyal\u0131 \u00c7elik\" \/>\n<meta property=\"og:url\" content=\"https:\/\/bnreo.com.tr\/ru\/product\/vertex\/\" \/>\n<meta property=\"og:site_name\" content=\"Bnreo | Su Ar\u0131tma Cihazlar\u0131\" \/>\n<meta property=\"og:image\" content=\"https:\/\/bnreo.com.tr\/wp-content\/uploads\/2025\/06\/ergin_teknik-vertex-01-600x450-1.jpg\" \/>\n\t<meta property=\"og:image:width\" content=\"600\" \/>\n\t<meta property=\"og:image:height\" content=\"450\" \/>\n\t<meta property=\"og:image:type\" content=\"image\/jpeg\" \/>\n<meta name=\"twitter:card\" content=\"summary_large_image\" \/>\n<meta name=\"twitter:label1\" content=\"\u041f\u0440\u0438\u043c\u0435\u0440\u043d\u043e\u0435 \u0432\u0440\u0435\u043c\u044f \u0434\u043b\u044f \u0447\u0442\u0435\u043d\u0438\u044f\" \/>\n\t<meta name=\"twitter:data1\" content=\"1 \u043c\u0438\u043d\u0443\u0442\u0430\" \/>\n<script type=\"application\/ld+json\" class=\"yoast-schema-graph\">{\"@context\":\"https:\/\/schema.org\",\"@graph\":[{\"@type\":\"WebPage\",\"@id\":\"https:\/\/bnreo.com.tr\/product\/vertex\/\",\"url\":\"https:\/\/bnreo.com.tr\/product\/vertex\/\",\"name\":\"Vertex - Bnreo | Su Ar\u0131tma Cihazlar\u0131\",\"isPartOf\":{\"@id\":\"https:\/\/bnreo.com.tr\/#website\"},\"primaryImageOfPage\":{\"@id\":\"https:\/\/bnreo.com.tr\/product\/vertex\/#primaryimage\"},\"image\":{\"@id\":\"https:\/\/bnreo.com.tr\/product\/vertex\/#primaryimage\"},\"thumbnailUrl\":\"https:\/\/bnreo.com.tr\/wp-content\/uploads\/2025\/06\/ergin_teknik-vertex-01-600x450-1.jpg\",\"datePublished\":\"2025-06-24T01:47:25+00:00\",\"breadcrumb\":{\"@id\":\"https:\/\/bnreo.com.tr\/product\/vertex\/#breadcrumb\"},\"inLanguage\":\"ru-RU\",\"potentialAction\":[{\"@type\":\"ReadAction\",\"target\":[\"https:\/\/bnreo.com.tr\/product\/vertex\/\"]}]},{\"@type\":\"ImageObject\",\"inLanguage\":\"ru-RU\",\"@id\":\"https:\/\/bnreo.com.tr\/product\/vertex\/#primaryimage\",\"url\":\"https:\/\/bnreo.com.tr\/wp-content\/uploads\/2025\/06\/ergin_teknik-vertex-01-600x450-1.jpg\",\"contentUrl\":\"https:\/\/bnreo.com.tr\/wp-content\/uploads\/2025\/06\/ergin_teknik-vertex-01-600x450-1.jpg\",\"width\":600,\"height\":450},{\"@type\":\"BreadcrumbList\",\"@id\":\"https:\/\/bnreo.com.tr\/product\/vertex\/#breadcrumb\",\"itemListElement\":[{\"@type\":\"ListItem\",\"position\":1,\"name\":\"Anasayfa\",\"item\":\"https:\/\/bnreo.com.tr\/\"},{\"@type\":\"ListItem\",\"position\":2,\"name\":\"Ma\u011faza\",\"item\":\"https:\/\/bnreo.com.tr\/magaza\/\"},{\"@type\":\"ListItem\",\"position\":3,\"name\":\"Vertex\"}]},{\"@type\":\"WebSite\",\"@id\":\"https:\/\/bnreo.com.tr\/#website\",\"url\":\"https:\/\/bnreo.com.tr\/\",\"name\":\"Bnreo | Su Ar\u0131tma Cihazlar\u0131\",\"description\":\"Bnreo | Su Ar\u0131tma Cihazlar\u0131\",\"potentialAction\":[{\"@type\":\"SearchAction\",\"target\":{\"@type\":\"EntryPoint\",\"urlTemplate\":\"https:\/\/bnreo.com.tr\/?s={search_term_string}\"},\"query-input\":{\"@type\":\"PropertyValueSpecification\",\"valueRequired\":true,\"valueName\":\"search_term_string\"}}],\"inLanguage\":\"ru-RU\"}]}<\/script>\n<!-- \/ Yoast SEO plugin. -->","yoast_head_json":{"title":"Vertex - Bnreo | Su Ar\u0131tma Cihazlar\u0131","robots":{"index":"index","follow":"follow","max-snippet":"max-snippet:-1","max-image-preview":"max-image-preview:large","max-video-preview":"max-video-preview:-1"},"canonical":"https:\/\/bnreo.com.tr\/ru\/product\/vertex\/","og_locale":"ru_RU","og_type":"article","og_title":"Vertex - Bnreo | Su Ar\u0131tma Cihazlar\u0131","og_description":"\ud83c\udf3f ECO VERTEX Serisi \u2013 Standart \u00d6zellikler %96 Safla\u015ft\u0131rma Verimi: Y\u00fcksek verimli membranlar sayesinde etkili su ar\u0131t\u0131m\u0131 sa\u011flar. Boyal\u0131 \u00c7elik","og_url":"https:\/\/bnreo.com.tr\/ru\/product\/vertex\/","og_site_name":"Bnreo | Su Ar\u0131tma Cihazlar\u0131","og_image":[{"width":600,"height":450,"url":"https:\/\/bnreo.com.tr\/wp-content\/uploads\/2025\/06\/ergin_teknik-vertex-01-600x450-1.jpg","type":"image\/jpeg"}],"twitter_card":"summary_large_image","twitter_misc":{"\u041f\u0440\u0438\u043c\u0435\u0440\u043d\u043e\u0435 \u0432\u0440\u0435\u043c\u044f \u0434\u043b\u044f \u0447\u0442\u0435\u043d\u0438\u044f":"1 \u043c\u0438\u043d\u0443\u0442\u0430"},"schema":{"@context":"https:\/\/schema.org","@graph":[{"@type":"WebPage","@id":"https:\/\/bnreo.com.tr\/product\/vertex\/","url":"https:\/\/bnreo.com.tr\/product\/vertex\/","name":"Vertex - Bnreo | Su Ar\u0131tma Cihazlar\u0131","isPartOf":{"@id":"https:\/\/bnreo.com.tr\/#website"},"primaryImageOfPage":{"@id":"https:\/\/bnreo.com.tr\/product\/vertex\/#primaryimage"},"image":{"@id":"https:\/\/bnreo.com.tr\/product\/vertex\/#primaryimage"},"thumbnailUrl":"https:\/\/bnreo.com.tr\/wp-content\/uploads\/2025\/06\/ergin_teknik-vertex-01-600x450-1.jpg","datePublished":"2025-06-24T01:47:25+00:00","breadcrumb":{"@id":"https:\/\/bnreo.com.tr\/product\/vertex\/#breadcrumb"},"inLanguage":"ru-RU","potentialAction":[{"@type":"ReadAction","target":["https:\/\/bnreo.com.tr\/product\/vertex\/"]}]},{"@type":"ImageObject","inLanguage":"ru-RU","@id":"https:\/\/bnreo.com.tr\/product\/vertex\/#primaryimage","url":"https:\/\/bnreo.com.tr\/wp-content\/uploads\/2025\/06\/ergin_teknik-vertex-01-600x450-1.jpg","contentUrl":"https:\/\/bnreo.com.tr\/wp-content\/uploads\/2025\/06\/ergin_teknik-vertex-01-600x450-1.jpg","width":600,"height":450},{"@type":"BreadcrumbList","@id":"https:\/\/bnreo.com.tr\/product\/vertex\/#breadcrumb","itemListElement":[{"@type":"ListItem","position":1,"name":"Anasayfa","item":"https:\/\/bnreo.com.tr\/"},{"@type":"ListItem","position":2,"name":"Ma\u011faza","item":"https:\/\/bnreo.com.tr\/magaza\/"},{"@type":"ListItem","position":3,"name":"Vertex"}]},{"@type":"WebSite","@id":"https:\/\/bnreo.com.tr\/#website","url":"https:\/\/bnreo.com.tr\/","name":"Bnreo | Su Ar\u0131tma Cihazlar\u0131","description":"Bnreo | Su Ar\u0131tma Cihazlar\u0131","potentialAction":[{"@type":"SearchAction","target":{"@type":"EntryPoint","urlTemplate":"https:\/\/bnreo.com.tr\/?s={search_term_string}"},"query-input":{"@type":"PropertyValueSpecification","valueRequired":true,"valueName":"search_term_string"}}],"inLanguage":"ru-RU"}]}},"_links":{"self":[{"href":"https:\/\/bnreo.com.tr\/ru\/wp-json\/wp\/v2\/product\/28152","targetHints":{"allow":["GET"]}}],"collection":[{"href":"https:\/\/bnreo.com.tr\/ru\/wp-json\/wp\/v2\/product"}],"about":[{"href":"https:\/\/bnreo.com.tr\/ru\/wp-json\/wp\/v2\/types\/product"}],"replies":[{"embeddable":true,"href":"https:\/\/bnreo.com.tr\/ru\/wp-json\/wp\/v2\/comments?post=28152"}],"version-history":[{"count":1,"href":"https:\/\/bnreo.com.tr\/ru\/wp-json\/wp\/v2\/product\/28152\/revisions"}],"predecessor-version":[{"id":28154,"href":"https:\/\/bnreo.com.tr\/ru\/wp-json\/wp\/v2\/product\/28152\/revisions\/28154"}],"wp:featuredmedia":[{"embeddable":true,"href":"https:\/\/bnreo.com.tr\/ru\/wp-json\/wp\/v2\/media\/28153"}],"wp:attachment":[{"href":"https:\/\/bnreo.com.tr\/ru\/wp-json\/wp\/v2\/media?parent=28152"}],"wp:term":[{"taxonomy":"product_brand","embeddable":true,"href":"https:\/\/bnreo.com.tr\/ru\/wp-json\/wp\/v2\/product_brand?post=28152"},{"taxonomy":"product_cat","embeddable":true,"href":"https:\/\/bnreo.com.tr\/ru\/wp-json\/wp\/v2\/product_cat?post=28152"},{"taxonomy":"product_tag","embeddable":true,"href":"https:\/\/bnreo.com.tr\/ru\/wp-json\/wp\/v2\/product_tag?post=28152"}],"curies":[{"name":"wp","href":"https:\/\/api.w.org\/{rel}","templated":true}]}}