{"id":28143,"date":"2025-06-24T04:45:25","date_gmt":"2025-06-24T01:45:25","guid":{"rendered":"https:\/\/bnreo.com.tr\/?post_type=product&#038;p=28143"},"modified":"2025-06-24T04:47:52","modified_gmt":"2025-06-24T01:47:52","slug":"single-yumusatma-sistemi","status":"publish","type":"product","link":"https:\/\/bnreo.com.tr\/ru\/product\/single-yumusatma-sistemi\/","title":{"rendered":"\u041e\u0434\u0438\u043d\u0430\u0440\u043d\u0430\u044f \u0441\u0438\u0441\u0442\u0435\u043c\u0430 \u0443\u043c\u044f\u0433\u0447\u0435\u043d\u0438\u044f"},"content":{"rendered":"<h2>\u041e\u0431\u044a\u044f\u0441\u043d\u0435\u043d\u0438\u0435<\/h2>\n<p>\u0410\u0432\u0442\u043e\u043c\u0430\u0442\u0438\u0447\u0435\u0441\u043a\u0438\u0435 \u043e\u0434\u043d\u043e\u0441\u0442\u0443\u043f\u0435\u043d\u0447\u0430\u0442\u044b\u0435 \u0443\u043c\u044f\u0433\u0447\u0438\u0442\u0435\u043b\u0438 \u0432\u043e\u0434\u044b Bnreo \u0441\u043d\u0438\u0436\u0430\u044e\u0442 \u0441\u043e\u0434\u0435\u0440\u0436\u0430\u043d\u0438\u0435 \u043a\u0430\u043b\u044c\u0446\u0438\u044f \u0432 \u0432\u043e\u0434\u0435.<sup>+2<\/sup>\u00a0\u0438 Mg<sup>+2<\/sup>\u00a0\u041e\u043d\u0438 \u0438\u0441\u043f\u043e\u043b\u044c\u0437\u0443\u044e\u0442\u0441\u044f \u0434\u043b\u044f \u0443\u0434\u0430\u043b\u0435\u043d\u0438\u044f \u0438\u0437\u0432\u0435\u0441\u0442\u043a\u043e\u0432\u043e\u0439 \u043e\u0442\u043b\u043e\u0436\u0435\u043d\u0438\u044f (\u0436\u0451\u0441\u0442\u043a\u043e\u0441\u0442\u0438), \u0432\u044b\u0437\u0432\u0430\u043d\u043d\u043e\u0439 \u0438\u043e\u043d\u0430\u043c\u0438. \u042d\u0442\u043e \u043e\u0434\u043d\u043e\u0431\u0430\u043a\u043e\u0432\u044b\u0435 \u0441\u0438\u0441\u0442\u0435\u043c\u044b \u0443\u043c\u044f\u0433\u0447\u0435\u043d\u0438\u044f \u0432\u043e\u0434\u044b, \u0438\u0441\u043f\u043e\u043b\u044c\u0437\u0443\u044e\u0449\u0438\u0435 \u0441\u043f\u0435\u0446\u0438\u0430\u043b\u044c\u043d\u044b\u0435 \u0438\u043e\u043d\u043e\u043e\u0431\u043c\u0435\u043d\u043d\u044b\u0435 \u0441\u043c\u043e\u043b\u044b. \u041f\u0440\u043e\u0446\u0435\u0441\u0441\u044b \u043e\u0431\u0440\u0430\u0442\u043d\u043e\u0439 \u043f\u0440\u043e\u043c\u044b\u0432\u043a\u0438 \u0438 \u0440\u0435\u0433\u0435\u043d\u0435\u0440\u0430\u0446\u0438\u0438 \u043c\u043e\u0433\u0443\u0442 \u0431\u044b\u0442\u044c \u0432\u044b\u0431\u0440\u0430\u043d\u044b \u0441 \u0443\u043f\u0440\u0430\u0432\u043b\u0435\u043d\u0438\u0435\u043c \u043f\u043e \u0432\u0440\u0435\u043c\u0435\u043d\u0438 \u0438\u043b\u0438 \u043f\u043e \u0440\u0430\u0441\u0445\u043e\u0434\u0443 \u0432 \u0437\u0430\u0432\u0438\u0441\u0438\u043c\u043e\u0441\u0442\u0438 \u043e\u0442 \u043f\u043e\u0442\u0440\u0435\u0431\u043d\u043e\u0441\u0442\u0435\u0439 \u0437\u0430\u043a\u0430\u0437\u0447\u0438\u043a\u0430.<\/p>\n<p>\u0412 \u0437\u0430\u0432\u0438\u0441\u0438\u043c\u043e\u0441\u0442\u0438 \u043e\u0442 \u043c\u0435\u0441\u0442\u0430 \u0438\u0441\u043f\u043e\u043b\u044c\u0437\u043e\u0432\u0430\u043d\u0438\u044f \u0438 \u043f\u043e\u0442\u0440\u0435\u0431\u043d\u043e\u0441\u0442\u0435\u0439 \u0438\u043c\u0435\u044e\u0442\u0441\u044f \u0440\u0430\u0437\u043b\u0438\u0447\u043d\u044b\u0435 \u0435\u043c\u043a\u043e\u0441\u0442\u0438, \u043c\u0430\u0442\u0435\u0440\u0438\u0430\u043b\u044b \u0440\u0435\u0437\u0435\u0440\u0432\u0443\u0430\u0440\u043e\u0432, \u0441\u0438\u0441\u0442\u0435\u043c\u044b \u0443\u043f\u0440\u0430\u0432\u043b\u0435\u043d\u0438\u044f \u0438 \u0432\u0430\u0440\u0438\u0430\u043d\u0442\u044b \u043e\u0431\u0440\u0430\u0442\u043d\u043e\u0439 \u043f\u0440\u043e\u043c\u044b\u0432\u043a\u0438.<\/p>\n<p>&nbsp;<\/p>\n<p><u>\u041e\u0431\u0449\u0438\u0435 \u0445\u0430\u0440\u0430\u043a\u0442\u0435\u0440\u0438\u0441\u0442\u0438\u043a\u0438:<\/u><\/p>\n<table width=\"1105\">\n<tbody>\n<tr>\n<td>\u041c\u0430\u0442\u0435\u0440\u0438\u0430\u043b \u0431\u0430\u043a\u0430: \u0441\u0442\u0435\u043a\u043b\u043e\u043f\u043b\u0430\u0441\u0442\u0438\u043a<\/td>\n<td>: FRP<\/td>\n<\/tr>\n<tr>\n<td>\u0423\u043f\u0440\u0430\u0432\u043b\u0435\u043d\u0438\u0435: \u043a\u043b\u0430\u043f\u0430\u043d Runxin Olimpia<\/td>\n<td>: Runxin Olimpia Valve<\/td>\n<\/tr>\n<tr>\n<td>\u0410\u0432\u0442\u043e\u043c\u0430\u0442\u0438\u0447\u0435\u0441\u043a\u0430\u044f \u043e\u0431\u0440\u0430\u0442\u043d\u0430\u044f \u043f\u0440\u043e\u043c\u044b\u0432\u043a\u0430: \u0443\u043f\u0440\u0430\u0432\u043b\u0435\u043d\u0438\u0435 \u0432\u0440\u0435\u043c\u0435\u043d\u0435\u043c \u0438 \u0440\u0430\u0441\u0445\u043e\u0434\u043e\u043c<\/td>\n<td>: \u0421 \u043a\u043e\u043d\u0442\u0440\u043e\u043b\u0435\u043c \u0432\u0440\u0435\u043c\u0435\u043d\u0438 \/ \u0421 \u043a\u043e\u043d\u0442\u0440\u043e\u043b\u0435\u043c \u0440\u0430\u0441\u0445\u043e\u0434\u0430<\/td>\n<\/tr>\n<tr>\n<td>\u0420\u0430\u0431\u043e\u0447\u0430\u044f \u0442\u0435\u043c\u043f\u0435\u0440\u0430\u0442\u0443\u0440\u0430: 4-40<sup>\u043e\u043d<\/sup>\u0421<\/td>\n<td>: 4 \u2013 40\u00a0<sup>\u043e\u043d<\/sup>\u0421<\/td>\n<\/tr>\n<tr>\n<td>\u0420\u0430\u0431\u043e\u0447\u0435\u0435 \u0434\u0430\u0432\u043b\u0435\u043d\u0438\u0435: 3-7 \u0431\u0430\u0440<\/td>\n<td>: 3 \u2013 7 \u0442\u0430\u043a\u0442\u043e\u0432<\/td>\n<\/tr>\n<tr>\n<td>\u042d\u043b\u0435\u043a\u0442\u0440\u043e\u043f\u0438\u0442\u0430\u043d\u0438\u0435: 220 \u0412 \/ 50 \u0413\u0446<\/td>\n<td>: 220 \u0412 \/ 50 \u0413\u0446<\/td>\n<\/tr>\n<\/tbody>\n<\/table>","protected":false},"excerpt":{"rendered":"<p>\u041e\u043f\u0438\u0441\u0430\u043d\u0438\u0435: \u0410\u0432\u0442\u043e\u043c\u0430\u0442\u0438\u0447\u0435\u0441\u043a\u0438\u0435 \u0443\u043c\u044f\u0433\u0447\u0438\u0442\u0435\u043b\u0438 \u0432\u043e\u0434\u044b Bnreo \u043f\u0440\u0435\u0434\u043d\u0430\u0437\u043d\u0430\u0447\u0435\u043d\u044b \u0434\u043b\u044f \u0443\u0434\u0430\u043b\u0435\u043d\u0438\u044f \u0438\u0437\u0432\u0435\u0441\u0442\u043a\u043e\u0432\u043e\u0433\u043e \u043d\u0430\u043b\u0435\u0442\u0430 (\u0436\u0451\u0441\u0442\u043a\u043e\u0441\u0442\u0438), \u0432\u044b\u0437\u0432\u0430\u043d\u043d\u043e\u0433\u043e \u0438\u043e\u043d\u0430\u043c\u0438 Ca+2 \u0438 Mg+2 \u0432 \u0432\u043e\u0434\u0435. \u0418\u043e\u043d\u043d\u044b\u0439 \u043e\u0431\u043c\u0435\u043d.<\/p>","protected":false},"featured_media":28144,"comment_status":"open","ping_status":"closed","template":"","meta":[],"product_brand":[],"product_cat":[81,37],"product_tag":[],"class_list":{"0":"post-28143","1":"product","2":"type-product","3":"status-publish","4":"has-post-thumbnail","6":"product_cat-cihazlar-urunler","7":"product_cat-endustriyel-su-aritma-sistemleri","9":"first","10":"instock","11":"shipping-taxable","12":"purchasable","13":"product-type-simple"},"yoast_head":"<!-- This site is optimized with the Yoast SEO plugin v25.3.1 - https:\/\/yoast.com\/wordpress\/plugins\/seo\/ -->\n<title>Single Yumu\u015fatma Sistemi - Bnreo | Su Ar\u0131tma Cihazlar\u0131<\/title>\n<meta name=\"robots\" content=\"index, follow, max-snippet:-1, max-image-preview:large, max-video-preview:-1\" \/>\n<link rel=\"canonical\" href=\"https:\/\/bnreo.com.tr\/ru\/product\/single-yumusatma-sistemi\/\" \/>\n<meta property=\"og:locale\" content=\"ru_RU\" \/>\n<meta property=\"og:type\" content=\"article\" \/>\n<meta property=\"og:title\" content=\"Single Yumu\u015fatma Sistemi - Bnreo | Su Ar\u0131tma Cihazlar\u0131\" \/>\n<meta property=\"og:description\" content=\"A\u00e7\u0131klama Bnreo Otomatik Single Su Yumu\u015fatma Cihazlar\u0131 suda bulunan Ca+2\u00a0ve Mg+2\u00a0iyonlar\u0131n\u0131n olu\u015fturdu\u011fu kire\u00e7 y\u00fck\u00fcn\u00fcn (sertli\u011fin) giderilmesi amac\u0131yla kullan\u0131lmaktad\u0131r. \u0130yon de\u011fi\u015ftirme\" \/>\n<meta property=\"og:url\" content=\"https:\/\/bnreo.com.tr\/ru\/product\/single-yumusatma-sistemi\/\" \/>\n<meta property=\"og:site_name\" content=\"Bnreo | Su Ar\u0131tma Cihazlar\u0131\" \/>\n<meta property=\"article:modified_time\" content=\"2025-06-24T01:47:52+00:00\" \/>\n<meta property=\"og:image\" content=\"https:\/\/bnreo.com.tr\/wp-content\/uploads\/2025\/06\/ergin_teknik-single-yumusatma-sistemi-01-600x450-1.jpg\" \/>\n\t<meta property=\"og:image:width\" content=\"600\" \/>\n\t<meta property=\"og:image:height\" content=\"450\" \/>\n\t<meta property=\"og:image:type\" content=\"image\/jpeg\" \/>\n<meta name=\"twitter:card\" content=\"summary_large_image\" \/>\n<meta name=\"twitter:label1\" content=\"\u041f\u0440\u0438\u043c\u0435\u0440\u043d\u043e\u0435 \u0432\u0440\u0435\u043c\u044f \u0434\u043b\u044f \u0447\u0442\u0435\u043d\u0438\u044f\" \/>\n\t<meta name=\"twitter:data1\" content=\"1 \u043c\u0438\u043d\u0443\u0442\u0430\" \/>\n<script type=\"application\/ld+json\" class=\"yoast-schema-graph\">{\"@context\":\"https:\/\/schema.org\",\"@graph\":[{\"@type\":\"WebPage\",\"@id\":\"https:\/\/bnreo.com.tr\/product\/single-yumusatma-sistemi\/\",\"url\":\"https:\/\/bnreo.com.tr\/product\/single-yumusatma-sistemi\/\",\"name\":\"Single Yumu\u015fatma Sistemi - Bnreo | Su Ar\u0131tma Cihazlar\u0131\",\"isPartOf\":{\"@id\":\"https:\/\/bnreo.com.tr\/#website\"},\"primaryImageOfPage\":{\"@id\":\"https:\/\/bnreo.com.tr\/product\/single-yumusatma-sistemi\/#primaryimage\"},\"image\":{\"@id\":\"https:\/\/bnreo.com.tr\/product\/single-yumusatma-sistemi\/#primaryimage\"},\"thumbnailUrl\":\"https:\/\/bnreo.com.tr\/wp-content\/uploads\/2025\/06\/ergin_teknik-single-yumusatma-sistemi-01-600x450-1.jpg\",\"datePublished\":\"2025-06-24T01:45:25+00:00\",\"dateModified\":\"2025-06-24T01:47:52+00:00\",\"breadcrumb\":{\"@id\":\"https:\/\/bnreo.com.tr\/product\/single-yumusatma-sistemi\/#breadcrumb\"},\"inLanguage\":\"ru-RU\",\"potentialAction\":[{\"@type\":\"ReadAction\",\"target\":[\"https:\/\/bnreo.com.tr\/product\/single-yumusatma-sistemi\/\"]}]},{\"@type\":\"ImageObject\",\"inLanguage\":\"ru-RU\",\"@id\":\"https:\/\/bnreo.com.tr\/product\/single-yumusatma-sistemi\/#primaryimage\",\"url\":\"https:\/\/bnreo.com.tr\/wp-content\/uploads\/2025\/06\/ergin_teknik-single-yumusatma-sistemi-01-600x450-1.jpg\",\"contentUrl\":\"https:\/\/bnreo.com.tr\/wp-content\/uploads\/2025\/06\/ergin_teknik-single-yumusatma-sistemi-01-600x450-1.jpg\",\"width\":600,\"height\":450},{\"@type\":\"BreadcrumbList\",\"@id\":\"https:\/\/bnreo.com.tr\/product\/single-yumusatma-sistemi\/#breadcrumb\",\"itemListElement\":[{\"@type\":\"ListItem\",\"position\":1,\"name\":\"Anasayfa\",\"item\":\"https:\/\/bnreo.com.tr\/\"},{\"@type\":\"ListItem\",\"position\":2,\"name\":\"Ma\u011faza\",\"item\":\"https:\/\/bnreo.com.tr\/magaza\/\"},{\"@type\":\"ListItem\",\"position\":3,\"name\":\"Single Yumu\u015fatma Sistemi\"}]},{\"@type\":\"WebSite\",\"@id\":\"https:\/\/bnreo.com.tr\/#website\",\"url\":\"https:\/\/bnreo.com.tr\/\",\"name\":\"Bnreo | Su Ar\u0131tma Cihazlar\u0131\",\"description\":\"Bnreo | Su Ar\u0131tma Cihazlar\u0131\",\"potentialAction\":[{\"@type\":\"SearchAction\",\"target\":{\"@type\":\"EntryPoint\",\"urlTemplate\":\"https:\/\/bnreo.com.tr\/?s={search_term_string}\"},\"query-input\":{\"@type\":\"PropertyValueSpecification\",\"valueRequired\":true,\"valueName\":\"search_term_string\"}}],\"inLanguage\":\"ru-RU\"}]}<\/script>\n<!-- \/ Yoast SEO plugin. -->","yoast_head_json":{"title":"Single Yumu\u015fatma Sistemi - Bnreo | Su Ar\u0131tma Cihazlar\u0131","robots":{"index":"index","follow":"follow","max-snippet":"max-snippet:-1","max-image-preview":"max-image-preview:large","max-video-preview":"max-video-preview:-1"},"canonical":"https:\/\/bnreo.com.tr\/ru\/product\/single-yumusatma-sistemi\/","og_locale":"ru_RU","og_type":"article","og_title":"Single Yumu\u015fatma Sistemi - Bnreo | Su Ar\u0131tma Cihazlar\u0131","og_description":"A\u00e7\u0131klama Bnreo Otomatik Single Su Yumu\u015fatma Cihazlar\u0131 suda bulunan Ca+2\u00a0ve Mg+2\u00a0iyonlar\u0131n\u0131n olu\u015fturdu\u011fu kire\u00e7 y\u00fck\u00fcn\u00fcn (sertli\u011fin) giderilmesi amac\u0131yla kullan\u0131lmaktad\u0131r. \u0130yon de\u011fi\u015ftirme","og_url":"https:\/\/bnreo.com.tr\/ru\/product\/single-yumusatma-sistemi\/","og_site_name":"Bnreo | Su Ar\u0131tma Cihazlar\u0131","article_modified_time":"2025-06-24T01:47:52+00:00","og_image":[{"width":600,"height":450,"url":"https:\/\/bnreo.com.tr\/wp-content\/uploads\/2025\/06\/ergin_teknik-single-yumusatma-sistemi-01-600x450-1.jpg","type":"image\/jpeg"}],"twitter_card":"summary_large_image","twitter_misc":{"\u041f\u0440\u0438\u043c\u0435\u0440\u043d\u043e\u0435 \u0432\u0440\u0435\u043c\u044f \u0434\u043b\u044f \u0447\u0442\u0435\u043d\u0438\u044f":"1 \u043c\u0438\u043d\u0443\u0442\u0430"},"schema":{"@context":"https:\/\/schema.org","@graph":[{"@type":"WebPage","@id":"https:\/\/bnreo.com.tr\/product\/single-yumusatma-sistemi\/","url":"https:\/\/bnreo.com.tr\/product\/single-yumusatma-sistemi\/","name":"Single Yumu\u015fatma Sistemi - Bnreo | Su Ar\u0131tma Cihazlar\u0131","isPartOf":{"@id":"https:\/\/bnreo.com.tr\/#website"},"primaryImageOfPage":{"@id":"https:\/\/bnreo.com.tr\/product\/single-yumusatma-sistemi\/#primaryimage"},"image":{"@id":"https:\/\/bnreo.com.tr\/product\/single-yumusatma-sistemi\/#primaryimage"},"thumbnailUrl":"https:\/\/bnreo.com.tr\/wp-content\/uploads\/2025\/06\/ergin_teknik-single-yumusatma-sistemi-01-600x450-1.jpg","datePublished":"2025-06-24T01:45:25+00:00","dateModified":"2025-06-24T01:47:52+00:00","breadcrumb":{"@id":"https:\/\/bnreo.com.tr\/product\/single-yumusatma-sistemi\/#breadcrumb"},"inLanguage":"ru-RU","potentialAction":[{"@type":"ReadAction","target":["https:\/\/bnreo.com.tr\/product\/single-yumusatma-sistemi\/"]}]},{"@type":"ImageObject","inLanguage":"ru-RU","@id":"https:\/\/bnreo.com.tr\/product\/single-yumusatma-sistemi\/#primaryimage","url":"https:\/\/bnreo.com.tr\/wp-content\/uploads\/2025\/06\/ergin_teknik-single-yumusatma-sistemi-01-600x450-1.jpg","contentUrl":"https:\/\/bnreo.com.tr\/wp-content\/uploads\/2025\/06\/ergin_teknik-single-yumusatma-sistemi-01-600x450-1.jpg","width":600,"height":450},{"@type":"BreadcrumbList","@id":"https:\/\/bnreo.com.tr\/product\/single-yumusatma-sistemi\/#breadcrumb","itemListElement":[{"@type":"ListItem","position":1,"name":"Anasayfa","item":"https:\/\/bnreo.com.tr\/"},{"@type":"ListItem","position":2,"name":"Ma\u011faza","item":"https:\/\/bnreo.com.tr\/magaza\/"},{"@type":"ListItem","position":3,"name":"Single Yumu\u015fatma Sistemi"}]},{"@type":"WebSite","@id":"https:\/\/bnreo.com.tr\/#website","url":"https:\/\/bnreo.com.tr\/","name":"Bnreo | Su Ar\u0131tma Cihazlar\u0131","description":"Bnreo | Su Ar\u0131tma Cihazlar\u0131","potentialAction":[{"@type":"SearchAction","target":{"@type":"EntryPoint","urlTemplate":"https:\/\/bnreo.com.tr\/?s={search_term_string}"},"query-input":{"@type":"PropertyValueSpecification","valueRequired":true,"valueName":"search_term_string"}}],"inLanguage":"ru-RU"}]}},"_links":{"self":[{"href":"https:\/\/bnreo.com.tr\/ru\/wp-json\/wp\/v2\/product\/28143","targetHints":{"allow":["GET"]}}],"collection":[{"href":"https:\/\/bnreo.com.tr\/ru\/wp-json\/wp\/v2\/product"}],"about":[{"href":"https:\/\/bnreo.com.tr\/ru\/wp-json\/wp\/v2\/types\/product"}],"replies":[{"embeddable":true,"href":"https:\/\/bnreo.com.tr\/ru\/wp-json\/wp\/v2\/comments?post=28143"}],"version-history":[{"count":1,"href":"https:\/\/bnreo.com.tr\/ru\/wp-json\/wp\/v2\/product\/28143\/revisions"}],"predecessor-version":[{"id":28145,"href":"https:\/\/bnreo.com.tr\/ru\/wp-json\/wp\/v2\/product\/28143\/revisions\/28145"}],"wp:featuredmedia":[{"embeddable":true,"href":"https:\/\/bnreo.com.tr\/ru\/wp-json\/wp\/v2\/media\/28144"}],"wp:attachment":[{"href":"https:\/\/bnreo.com.tr\/ru\/wp-json\/wp\/v2\/media?parent=28143"}],"wp:term":[{"taxonomy":"product_brand","embeddable":true,"href":"https:\/\/bnreo.com.tr\/ru\/wp-json\/wp\/v2\/product_brand?post=28143"},{"taxonomy":"product_cat","embeddable":true,"href":"https:\/\/bnreo.com.tr\/ru\/wp-json\/wp\/v2\/product_cat?post=28143"},{"taxonomy":"product_tag","embeddable":true,"href":"https:\/\/bnreo.com.tr\/ru\/wp-json\/wp\/v2\/product_tag?post=28143"}],"curies":[{"name":"wp","href":"https:\/\/api.w.org\/{rel}","templated":true}]}}