{"id":28140,"date":"2025-06-24T04:44:42","date_gmt":"2025-06-24T01:44:42","guid":{"rendered":"https:\/\/bnreo.com.tr\/?post_type=product&#038;p=28140"},"modified":"2025-06-24T04:48:01","modified_gmt":"2025-06-24T01:48:01","slug":"ozon-dezenfeksiyon-sistemi","status":"publish","type":"product","link":"https:\/\/bnreo.com.tr\/ru\/product\/ozon-dezenfeksiyon-sistemi\/","title":{"rendered":"\u0421\u0438\u0441\u0442\u0435\u043c\u0430 \u0434\u0435\u0437\u0438\u043d\u0444\u0435\u043a\u0446\u0438\u0438 \u043e\u0437\u043e\u043d\u043e\u043c"},"content":{"rendered":"<p>\u0412\u043e\u043f\u0440\u043e\u0441\u044b \u043e Bnreo Ozone \u0438 \u0433\u0435\u043d\u0435\u0440\u0430\u0442\u043e\u0440\u0435, \u043a\u043e\u0442\u043e\u0440\u044b\u0439 \u0435\u0433\u043e \u043f\u0440\u043e\u0438\u0437\u0432\u043e\u0434\u0438\u0442, \u044f\u0432\u043b\u044f\u044e\u0442\u0441\u044f \u043e\u0434\u043d\u0438\u043c\u0438 \u0438\u0437 \u0441\u0430\u043c\u044b\u0445 \u0447\u0430\u0441\u0442\u043e \u0437\u0430\u0434\u0430\u0432\u0430\u0435\u043c\u044b\u0445 \u0432 \u043d\u0430\u0448\u0443 \u043a\u043e\u043c\u043f\u0430\u043d\u0438\u044e. \u041f\u0440\u043e\u0438\u0437\u0432\u043e\u0434\u0441\u0442\u0432\u043e \u043e\u0437\u043e\u043d\u0430\u0442\u043e\u0440\u043e\u0432 \u0441\u0442\u0430\u043d\u043e\u0432\u0438\u0442\u0441\u044f \u0432\u0441\u0451 \u0431\u043e\u043b\u0435\u0435 \u0440\u0430\u0441\u043f\u0440\u043e\u0441\u0442\u0440\u0430\u043d\u0451\u043d\u043d\u044b\u043c \u0432 \u0422\u0443\u0440\u0446\u0438\u0438. \u041a\u043e\u043c\u043f\u0430\u043d\u0438\u044f Bnreo Ozone Systems \u0440\u0430\u0437\u0440\u0430\u0431\u043e\u0442\u0430\u043b\u0430 \u043e\u0437\u043e\u043d\u043e\u0432\u044b\u0435 \u0441\u0438\u0441\u0442\u0435\u043c\u044b, \u043f\u043e\u0437\u0432\u043e\u043b\u044f\u044e\u0449\u0438\u0435 \u0438\u0441\u043f\u043e\u043b\u044c\u0437\u043e\u0432\u0430\u0442\u044c \u043c\u043d\u043e\u0433\u043e\u0447\u0438\u0441\u043b\u0435\u043d\u043d\u044b\u0435 \u043f\u0440\u0435\u0438\u043c\u0443\u0449\u0435\u0441\u0442\u0432\u0430 \u043e\u0437\u043e\u043d\u0430. \u041e\u0437\u043e\u043d\u0430\u0442\u043e\u0440 \u2013 \u044d\u0442\u043e \u0442\u0438\u043f \u0443\u0441\u0442\u0440\u043e\u0439\u0441\u0442\u0432\u0430, \u043f\u0440\u043e\u0438\u0437\u0432\u043e\u0434\u044f\u0449\u0435\u0433\u043e \u0445\u0438\u043c\u0438\u0447\u0435\u0441\u043a\u0438\u0439 \u043e\u0437\u043e\u043d. \u042d\u0442\u043e \u0443\u0441\u0442\u0440\u043e\u0439\u0441\u0442\u0432\u043e \u0441\u043e\u0435\u0434\u0438\u043d\u044f\u0435\u0442 \u0442\u0440\u0438 \u0430\u0442\u043e\u043c\u0430 \u043a\u0438\u0441\u043b\u043e\u0440\u043e\u0434\u0430, \u043e\u0431\u0440\u0430\u0437\u0443\u044f \u0445\u0438\u043c\u0438\u0447\u0435\u0441\u043a\u043e\u0435 \u0441\u043e\u0435\u0434\u0438\u043d\u0435\u043d\u0438\u0435 \u043e\u0437\u043e\u043d (O\u2082). \u041e\u0437\u043e\u043d \u2013 \u044d\u0442\u043e \u0432\u044b\u0441\u043e\u043a\u043e\u044d\u043d\u0435\u0440\u0433\u0435\u0442\u0438\u0447\u0435\u0441\u043a\u0430\u044f \u0444\u043e\u0440\u043c\u0430 \u043e\u0431\u044b\u0447\u043d\u043e\u0433\u043e \u0430\u0442\u043c\u043e\u0441\u0444\u0435\u0440\u043d\u043e\u0433\u043e \u043a\u0438\u0441\u043b\u043e\u0440\u043e\u0434\u0430 (O\u2082), \u043a\u043e\u0442\u043e\u0440\u044b\u0439 \u044f\u0432\u043b\u044f\u0435\u0442\u0441\u044f \u0434\u0432\u0443\u0445\u0430\u0442\u043e\u043c\u043d\u044b\u043c. \u041f\u0440\u0438 \u043a\u043e\u043c\u043d\u0430\u0442\u043d\u043e\u0439 \u0442\u0435\u043c\u043f\u0435\u0440\u0430\u0442\u0443\u0440\u0435 \u043e\u0437\u043e\u043d \u2013 \u0431\u0435\u0441\u0446\u0432\u0435\u0442\u043d\u044b\u0439 \u0433\u0430\u0437 \u0441 \u0445\u0430\u0440\u0430\u043a\u0442\u0435\u0440\u043d\u044b\u043c \u0437\u0430\u043f\u0430\u0445\u043e\u043c. \u041f\u043e\u0441\u043b\u0435 \u0448\u0442\u043e\u0440\u043c\u0430, \u043d\u0430\u0445\u043e\u0434\u044f\u0441\u044c \u043d\u0430 \u0431\u043e\u043b\u044c\u0448\u043e\u0439 \u0432\u044b\u0441\u043e\u0442\u0435 \u0438\u043b\u0438 \u0443 \u043c\u043e\u0440\u044f, \u0432\u044b \u043c\u043e\u0436\u0435\u0442\u0435 \u043f\u043e\u0447\u0443\u0432\u0441\u0442\u0432\u043e\u0432\u0430\u0442\u044c \u0437\u0430\u043f\u0430\u0445 \u043e\u0437\u043e\u043d\u0430. \u041e\u043d \u0431\u044b\u043b \u043e\u0442\u043a\u0440\u044b\u0442 \u043d\u0435\u043c\u0435\u0446\u043a\u0438\u043c \u0445\u0438\u043c\u0438\u043a\u043e\u043c \u041a\u0440\u0438\u0441\u0442\u0438\u0430\u043d\u043e\u043c \u0424\u0440\u0438\u0434\u0440\u0438\u0445\u043e\u043c \u0428\u0451\u043d\u0431\u0435\u0439\u043d\u043e\u043c \u0432 1840 \u0433\u043e\u0434\u0443.<\/p>\n<p>\u0418\u0441\u043f\u043e\u043b\u044c\u0437\u043e\u0432\u0430\u043d\u0438\u0435 \u0438 \u043f\u0440\u043e\u0438\u0437\u0432\u043e\u0434\u0441\u0442\u0432\u043e \u043e\u0437\u043e\u043d\u0430 \u0432 \u0422\u0443\u0440\u0446\u0438\u0438 \u0441\u0442\u0430\u043d\u043e\u0432\u0438\u0442\u0441\u044f \u0432\u0441\u0451 \u0431\u043e\u043b\u0435\u0435 \u0440\u0430\u0441\u043f\u0440\u043e\u0441\u0442\u0440\u0430\u043d\u0451\u043d\u043d\u044b\u043c. \u042d\u0442\u043e \u043e\u0431\u0443\u0441\u043b\u043e\u0432\u043b\u0435\u043d\u043e \u0435\u0433\u043e \u043c\u043e\u0449\u043d\u044b\u043c\u0438 \u043e\u043a\u0438\u0441\u043b\u0438\u0442\u0435\u043b\u044c\u043d\u044b\u043c\u0438 \u0438 \u0434\u0435\u0437\u0438\u043d\u0444\u0438\u0446\u0438\u0440\u0443\u044e\u0449\u0438\u043c\u0438 \u0441\u0432\u043e\u0439\u0441\u0442\u0432\u0430\u043c\u0438, \u0447\u0442\u043e \u0434\u0435\u043b\u0430\u0435\u0442 \u0435\u0433\u043e \u043f\u043e\u043f\u0443\u043b\u044f\u0440\u043d\u044b\u043c \u0432\u044b\u0431\u043e\u0440\u043e\u043c \u0434\u043b\u044f \u0432\u043e\u0434\u043e\u043e\u0447\u0438\u0441\u0442\u043d\u044b\u0445 \u0441\u043e\u043e\u0440\u0443\u0436\u0435\u043d\u0438\u0439 \u043f\u043e \u0432\u0441\u0435\u043c\u0443 \u043c\u0438\u0440\u0443. \u0411\u043e\u043b\u0435\u0435 \u0442\u043e\u0433\u043e, \u043e\u0437\u043e\u043d, \u0430\u043a\u0442\u0438\u0432\u043d\u044b\u0439 \u043a\u0438\u0441\u043b\u043e\u0440\u043e\u0434, \u044f\u0432\u043b\u044f\u0435\u0442\u0441\u044f \u0441\u0430\u043c\u044b\u043c \u044d\u0444\u0444\u0435\u043a\u0442\u0438\u0432\u043d\u044b\u043c \u0438\u0437 \u0438\u0437\u0432\u0435\u0441\u0442\u043d\u044b\u0445 \u0431\u0430\u043a\u0442\u0435\u0440\u0438\u0446\u0438\u0434\u043e\u0432 \u0438 \u0443\u0441\u0442\u0440\u0430\u043d\u0438\u0442\u0435\u043b\u0435\u0439 \u0437\u0430\u043f\u0430\u0445\u043e\u0432. \u041e\u0437\u043e\u043d, \u043e\u0431\u0440\u0430\u0437\u0443\u0435\u043c\u044b\u0439 \u0443\u043b\u044c\u0442\u0440\u0430\u0444\u0438\u043e\u043b\u0435\u0442\u043e\u0432\u044b\u043c\u0438 \u043b\u0443\u0447\u0430\u043c\u0438 \u0441\u043e\u043b\u043d\u0446\u0430 \u0438 \u044d\u043b\u0435\u043a\u0442\u0440\u0438\u0447\u0435\u0441\u043a\u0438\u043c\u0438 \u0434\u0443\u0433\u0430\u043c\u0438, \u0433\u0435\u043d\u0435\u0440\u0438\u0440\u0443\u0435\u043c\u044b\u043c\u0438 \u043c\u043e\u043b\u043d\u0438\u044f\u043c\u0438, \u043e\u0431\u0440\u0430\u0437\u0443\u0435\u0442 \u0437\u0430\u0449\u0438\u0442\u043d\u044b\u0439 \u044d\u043a\u0440\u0430\u043d \u0432\u043e\u043a\u0440\u0443\u0433 \u0417\u0435\u043c\u043b\u0438, \u0437\u0430\u0449\u0438\u0449\u0430\u044f \u0436\u0438\u0432\u044b\u0435 \u0441\u0443\u0449\u0435\u0441\u0442\u0432\u0430 \u043e\u0442 \u0441\u043e\u043b\u043d\u0435\u0447\u043d\u043e\u0433\u043e \u0438\u0437\u043b\u0443\u0447\u0435\u043d\u0438\u044f. \u0418\u043c\u0435\u043d\u043d\u043e \u043f\u043e\u044d\u0442\u043e\u043c\u0443 \u0438\u0441\u043f\u043e\u043b\u044c\u0437\u043e\u0432\u0430\u043d\u0438\u0435 \u043e\u0437\u043e\u043d\u0430 \u0432 \u0422\u0443\u0440\u0446\u0438\u0438 \u0441\u0442\u0430\u043d\u043e\u0432\u0438\u0442\u0441\u044f \u0441\u0442\u043e\u043b\u044c \u0440\u0430\u0441\u043f\u0440\u043e\u0441\u0442\u0440\u0430\u043d\u0451\u043d\u043d\u044b\u043c.<\/p>\n<p>\u041e\u0437\u043e\u043d, \u043e\u0431\u0440\u0430\u0437\u0443\u044e\u0449\u0438\u0439\u0441\u044f \u043f\u0440\u0438 \u0440\u0430\u0437\u0440\u044f\u0434\u0430\u0445 \u043c\u043e\u043b\u043d\u0438\u0439, \u043e\u0447\u0438\u0449\u0430\u0435\u0442 \u0432\u043e\u0437\u0434\u0443\u0445. \u042d\u0442\u043e \u043e\u0449\u0443\u0449\u0435\u043d\u0438\u0435 \u0441\u0432\u0435\u0436\u0435\u0441\u0442\u0438, \u043e\u0441\u043e\u0431\u0435\u043d\u043d\u043e \u043d\u0430 \u0431\u043e\u043b\u044c\u0448\u0438\u0445 \u0432\u044b\u0441\u043e\u0442\u0430\u0445 \u0438 \u0432\u0431\u043b\u0438\u0437\u0438 \u043c\u043e\u0440\u044f, \u0432\u043e\u0437\u043d\u0438\u043a\u0430\u0435\u0442 \u0431\u043b\u0430\u0433\u043e\u0434\u0430\u0440\u044f \u043e\u0437\u043e\u043d\u0443, \u043e\u0431\u0440\u0430\u0437\u0443\u044e\u0449\u0435\u043c\u0443\u0441\u044f \u043f\u0440\u0438 \u0440\u0430\u0437\u0440\u044f\u0434\u0430\u0445 \u043c\u043e\u043b\u043d\u0438\u0439. \u041e\u0437\u043e\u043d (O\u2082) \u2014 \u0431\u0435\u0441\u0446\u0432\u0435\u0442\u043d\u044b\u0439, \u0435\u0434\u043a\u0438\u0439 \u0433\u0430\u0437, \u043e\u0431\u0440\u0430\u0437\u0443\u044e\u0449\u0438\u0439\u0441\u044f \u043f\u0440\u0438 \u043f\u0440\u0438\u0441\u043e\u0435\u0434\u0438\u043d\u0435\u043d\u0438\u0438 \u0430\u0442\u043e\u043c\u0430 \u043a\u0438\u0441\u043b\u043e\u0440\u043e\u0434\u0430 (O) \u043a \u043c\u043e\u043b\u0435\u043a\u0443\u043b\u0435 \u043a\u0438\u0441\u043b\u043e\u0440\u043e\u0434\u0430 (O\u2082). O\u2082 + O\u2082 = O\u2082. \u042d\u0442\u043e \u0432\u044b\u0441\u043e\u043a\u043e\u044d\u043d\u0435\u0440\u0433\u0435\u0442\u0438\u0447\u0435\u0441\u043a\u0430\u044f, \u0430\u043a\u0442\u0438\u0432\u043d\u0430\u044f \u0444\u043e\u0440\u043c\u0430 \u043a\u0438\u0441\u043b\u043e\u0440\u043e\u0434\u0430. \u042d\u0442\u043e \u043e\u0434\u0438\u043d \u0438\u0437 \u0432\u0430\u0436\u043d\u0435\u0439\u0448\u0438\u0445 \u0433\u0430\u0437\u043e\u0432 \u0432 \u0430\u0442\u043c\u043e\u0441\u0444\u0435\u0440\u0435, \u0441\u043f\u043e\u0441\u043e\u0431\u0441\u0442\u0432\u0443\u044e\u0449\u0438\u0439 \u043f\u043e\u0434\u0434\u0435\u0440\u0436\u0430\u043d\u0438\u044e \u0431\u0438\u043e\u043b\u043e\u0433\u0438\u0447\u0435\u0441\u043a\u043e\u0433\u043e \u0440\u0430\u0432\u043d\u043e\u0432\u0435\u0441\u0438\u044f \u043d\u0430 \u0417\u0435\u043c\u043b\u0435. \u041e\u043d \u0431\u043b\u043e\u043a\u0438\u0440\u0443\u0435\u0442 \u0432\u0440\u0435\u0434\u043d\u044b\u0435 \u043b\u0443\u0447\u0438. \u0412\u043e\u043f\u0440\u0435\u043a\u0438 \u0440\u0430\u0441\u043f\u0440\u043e\u0441\u0442\u0440\u0430\u043d\u0451\u043d\u043d\u043e\u043c\u0443 \u043c\u043d\u0435\u043d\u0438\u044e, \u044d\u0442\u043e\u0442 \u0433\u0430\u0437 \u043d\u0435 \u00ab\u0437\u0430\u0433\u0440\u044f\u0437\u043d\u044f\u0435\u0442\u00bb \u0432\u043e\u0437\u0434\u0443\u0445. \u041e\u043d \u0434\u0435\u043b\u0430\u0435\u0442 \u0436\u0438\u0437\u043d\u044c \u043d\u0430 \u0417\u0435\u043c\u043b\u0435 \u0432\u043e\u0437\u043c\u043e\u0436\u043d\u043e\u0439.<\/p>\n<p>\u041a\u043e\u043c\u043f\u0430\u043d\u0438\u044f Bnreo Ozone Systems \u0440\u0430\u0437\u0440\u0430\u0431\u043e\u0442\u0430\u043b\u0430 \u043e\u0437\u043e\u043d\u043e\u0432\u044b\u0435 \u0441\u0438\u0441\u0442\u0435\u043c\u044b, \u043f\u043e\u0437\u0432\u043e\u043b\u044f\u044e\u0449\u0438\u0435 \u0438\u0441\u043f\u043e\u043b\u044c\u0437\u043e\u0432\u0430\u0442\u044c \u043c\u043d\u043e\u0433\u043e\u0447\u0438\u0441\u043b\u0435\u043d\u043d\u044b\u0435 \u043f\u0440\u0435\u0438\u043c\u0443\u0449\u0435\u0441\u0442\u0432\u0430 \u043e\u0437\u043e\u043d\u0430. \u0417\u0434\u043e\u0440\u043e\u0432\u044c\u0435 \u0438 \u0432\u044b\u0437\u0434\u043e\u0440\u043e\u0432\u043b\u0435\u043d\u0438\u0435 \u043d\u0435\u0432\u043e\u0437\u043c\u043e\u0436\u043d\u044b \u0431\u0435\u0437 \u043a\u0438\u0441\u043b\u043e\u0440\u043e\u0434\u0430. \u0427\u0435\u043b\u043e\u0432\u0435\u043a \u043c\u043e\u0436\u0435\u0442 \u043f\u0440\u043e\u0436\u0438\u0442\u044c 1-2 \u043c\u0435\u0441\u044f\u0446\u0430 \u0431\u0435\u0437 \u043f\u0438\u0449\u0438, 1-2 \u043d\u0435\u0434\u0435\u043b\u0438 \u0431\u0435\u0437 \u0432\u043e\u0434\u044b, \u043d\u043e \u0432\u0441\u0435\u0433\u043e 5 \u043c\u0438\u043d\u0443\u0442 \u0431\u0435\u0437 \u043a\u0438\u0441\u043b\u043e\u0440\u043e\u0434\u0430.<br \/>\nOksijen en temel gereksinimimizdir. Bir\u00e7ok hastal\u0131k, ihtiya\u00e7 olan doku ve organlara yeniden yeterli oksijen sa\u011flanmas\u0131yla \u00f6nlenebilir veya tamamen iyile\u015ftirilebilir. G\u00fcn\u00fcm\u00fcz\u00fcn d\u00fcnyas\u0131nda, sadece nefes almak, art\u0131k v\u00fccudumuza yeterli oksijeni sa\u011flam\u0131yor. V\u00fccudumuz s\u00fcrekli olarak, havam\u0131zdaki, suyumuzdaki ve yiyeceklerdeki toksinler taraf\u0131ndan kirletiliyor. \u015eehirlerimizdeki oksijen miktar\u0131 %21 in \u00e7ok alt\u0131nda ve d\u00fc\u015fmeye devam ediyor. Sigara kullan\u0131m\u0131, stres, hareketsiz ya\u015fam, sa\u011fl\u0131ks\u0131z beslenme gibi durumlar da eklenince v\u00fccudumuzda toksinlerin birikimi ve oksijen eksikli\u011fi artar. Bu da kronik yorgunlu\u011fa, erken ya\u015flanmay\u0131 hastal\u0131klara ve kansere zemin haz\u0131rlar. Yeterli oksijenlenmeyi sa\u011flamak i\u00e7in nefes almaktan daha fazla \u015fey yapmak zorunda kalabiliriz.<br \/>\n\u0422\u0435\u0445\u043d\u043e\u043b\u043e\u0433\u0438\u0438 \u043f\u0440\u043e\u0438\u0437\u0432\u043e\u0434\u0441\u0442\u0432\u0430 \u043e\u0437\u043e\u043d\u0430 \u044f\u0432\u043b\u044f\u044e\u0442\u0441\u044f \u0441\u0430\u043c\u044b\u043c \u043c\u043e\u0449\u043d\u044b\u043c \u0438\u0437 \u0438\u0437\u0432\u0435\u0441\u0442\u043d\u044b\u0445 \u043c\u0435\u0442\u043e\u0434\u043e\u0432 \u043b\u0435\u0447\u0435\u043d\u0438\u044f, \u043f\u043e\u0437\u0432\u043e\u043b\u044f\u044e\u0449\u0438\u043c \u043c\u0430\u043a\u0441\u0438\u043c\u0430\u043b\u044c\u043d\u043e \u044d\u0444\u0444\u0435\u043a\u0442\u0438\u0432\u043d\u043e \u043e\u0431\u0435\u0441\u043f\u0435\u0447\u0438\u0432\u0430\u0442\u044c \u0436\u0438\u0432\u044b\u0435 \u0442\u043a\u0430\u043d\u0438 \u0438 \u043a\u043b\u0435\u0442\u043a\u0438 \u043a\u0438\u0441\u043b\u043e\u0440\u043e\u0434\u043e\u043c, \u043d\u0435\u043e\u0431\u0445\u043e\u0434\u0438\u043c\u044b\u043c \u0438\u043c, \u0430 \u0442\u0430\u043a\u0436\u0435 \u0432\u044b\u0432\u043e\u0434\u0438\u0442\u044c \u0442\u043e\u043a\u0441\u0438\u043d\u044b.<\/p>","protected":false},"excerpt":{"rendered":"<p>\u0412\u043e\u043f\u0440\u043e\u0441\u044b \u043e\u0431 \u043e\u0437\u043e\u043d\u0430\u0442\u043e\u0440\u0435 Bnreo \u0438 \u043e \u0433\u0435\u043d\u0435\u0440\u0430\u0442\u043e\u0440\u0435, \u043a\u043e\u0442\u043e\u0440\u044b\u0439 \u0435\u0433\u043e \u043f\u0440\u043e\u0438\u0437\u0432\u043e\u0434\u0438\u0442, \u044f\u0432\u043b\u044f\u044e\u0442\u0441\u044f \u043e\u0434\u043d\u0438\u043c\u0438 \u0438\u0437 \u0441\u0430\u043c\u044b\u0445 \u0447\u0430\u0441\u0442\u043e \u0437\u0430\u0434\u0430\u0432\u0430\u0435\u043c\u044b\u0445 \u0432 \u043d\u0430\u0448\u0443 \u043a\u043e\u043c\u043f\u0430\u043d\u0438\u044e. \u0423\u0441\u0442\u0440\u043e\u0439\u0441\u0442\u0432\u0430 \u0434\u043b\u044f \u043f\u0440\u043e\u0438\u0437\u0432\u043e\u0434\u0441\u0442\u0432\u0430 \u043e\u0437\u043e\u043d\u0430 \u043f\u0440\u043e\u0438\u0437\u0432\u043e\u0434\u044f\u0442\u0441\u044f \u0432 \u0422\u0443\u0440\u0446\u0438\u0438.<\/p>","protected":false},"featured_media":28141,"comment_status":"open","ping_status":"closed","template":"","meta":[],"product_brand":[],"product_cat":[81,37],"product_tag":[],"class_list":{"0":"post-28140","1":"product","2":"type-product","3":"status-publish","4":"has-post-thumbnail","6":"product_cat-cihazlar-urunler","7":"product_cat-endustriyel-su-aritma-sistemleri","9":"first","10":"instock","11":"shipping-taxable","12":"purchasable","13":"product-type-simple"},"yoast_head":"<!-- This site is optimized with the Yoast SEO plugin v25.3.1 - https:\/\/yoast.com\/wordpress\/plugins\/seo\/ -->\n<title>Ozon Dezenfeksiyon Sistemi - Bnreo | Su Ar\u0131tma Cihazlar\u0131<\/title>\n<meta name=\"robots\" content=\"index, follow, max-snippet:-1, max-image-preview:large, max-video-preview:-1\" \/>\n<link rel=\"canonical\" href=\"https:\/\/bnreo.com.tr\/ru\/product\/ozon-dezenfeksiyon-sistemi\/\" \/>\n<meta property=\"og:locale\" content=\"ru_RU\" \/>\n<meta property=\"og:type\" content=\"article\" \/>\n<meta property=\"og:title\" content=\"Ozon Dezenfeksiyon Sistemi - Bnreo | Su Ar\u0131tma Cihazlar\u0131\" \/>\n<meta property=\"og:description\" content=\"Bnreo Ozon ve onu \u00fcreten jenerat\u00f6r hakk\u0131nda sorular firmam\u0131za s\u0131k\u00e7a sorulan sorular\u0131n ba\u015f\u0131nda gelmektedir. Ozonu \u00fcreten cihazlar\u0131n imalat\u0131 T\u00fcrkiye \u2018de\" \/>\n<meta property=\"og:url\" content=\"https:\/\/bnreo.com.tr\/ru\/product\/ozon-dezenfeksiyon-sistemi\/\" \/>\n<meta property=\"og:site_name\" content=\"Bnreo | Su Ar\u0131tma Cihazlar\u0131\" \/>\n<meta property=\"article:modified_time\" content=\"2025-06-24T01:48:01+00:00\" \/>\n<meta property=\"og:image\" content=\"https:\/\/bnreo.com.tr\/wp-content\/uploads\/2025\/06\/ergin_teknik-ultraviyole-dezenfeksiyon-sistemi-kopya-01-600x450-1.jpg\" \/>\n\t<meta property=\"og:image:width\" content=\"600\" \/>\n\t<meta property=\"og:image:height\" content=\"450\" \/>\n\t<meta property=\"og:image:type\" content=\"image\/jpeg\" \/>\n<meta name=\"twitter:card\" content=\"summary_large_image\" \/>\n<meta name=\"twitter:label1\" content=\"\u041f\u0440\u0438\u043c\u0435\u0440\u043d\u043e\u0435 \u0432\u0440\u0435\u043c\u044f \u0434\u043b\u044f \u0447\u0442\u0435\u043d\u0438\u044f\" \/>\n\t<meta name=\"twitter:data1\" content=\"3 \u043c\u0438\u043d\u0443\u0442\u044b\" \/>\n<script type=\"application\/ld+json\" class=\"yoast-schema-graph\">{\"@context\":\"https:\/\/schema.org\",\"@graph\":[{\"@type\":\"WebPage\",\"@id\":\"https:\/\/bnreo.com.tr\/product\/ozon-dezenfeksiyon-sistemi\/\",\"url\":\"https:\/\/bnreo.com.tr\/product\/ozon-dezenfeksiyon-sistemi\/\",\"name\":\"Ozon Dezenfeksiyon Sistemi - Bnreo | Su Ar\u0131tma Cihazlar\u0131\",\"isPartOf\":{\"@id\":\"https:\/\/bnreo.com.tr\/#website\"},\"primaryImageOfPage\":{\"@id\":\"https:\/\/bnreo.com.tr\/product\/ozon-dezenfeksiyon-sistemi\/#primaryimage\"},\"image\":{\"@id\":\"https:\/\/bnreo.com.tr\/product\/ozon-dezenfeksiyon-sistemi\/#primaryimage\"},\"thumbnailUrl\":\"https:\/\/bnreo.com.tr\/wp-content\/uploads\/2025\/06\/ergin_teknik-ultraviyole-dezenfeksiyon-sistemi-kopya-01-600x450-1.jpg\",\"datePublished\":\"2025-06-24T01:44:42+00:00\",\"dateModified\":\"2025-06-24T01:48:01+00:00\",\"breadcrumb\":{\"@id\":\"https:\/\/bnreo.com.tr\/product\/ozon-dezenfeksiyon-sistemi\/#breadcrumb\"},\"inLanguage\":\"ru-RU\",\"potentialAction\":[{\"@type\":\"ReadAction\",\"target\":[\"https:\/\/bnreo.com.tr\/product\/ozon-dezenfeksiyon-sistemi\/\"]}]},{\"@type\":\"ImageObject\",\"inLanguage\":\"ru-RU\",\"@id\":\"https:\/\/bnreo.com.tr\/product\/ozon-dezenfeksiyon-sistemi\/#primaryimage\",\"url\":\"https:\/\/bnreo.com.tr\/wp-content\/uploads\/2025\/06\/ergin_teknik-ultraviyole-dezenfeksiyon-sistemi-kopya-01-600x450-1.jpg\",\"contentUrl\":\"https:\/\/bnreo.com.tr\/wp-content\/uploads\/2025\/06\/ergin_teknik-ultraviyole-dezenfeksiyon-sistemi-kopya-01-600x450-1.jpg\",\"width\":600,\"height\":450},{\"@type\":\"BreadcrumbList\",\"@id\":\"https:\/\/bnreo.com.tr\/product\/ozon-dezenfeksiyon-sistemi\/#breadcrumb\",\"itemListElement\":[{\"@type\":\"ListItem\",\"position\":1,\"name\":\"Anasayfa\",\"item\":\"https:\/\/bnreo.com.tr\/\"},{\"@type\":\"ListItem\",\"position\":2,\"name\":\"Ma\u011faza\",\"item\":\"https:\/\/bnreo.com.tr\/magaza\/\"},{\"@type\":\"ListItem\",\"position\":3,\"name\":\"Ozon Dezenfeksiyon Sistemi\"}]},{\"@type\":\"WebSite\",\"@id\":\"https:\/\/bnreo.com.tr\/#website\",\"url\":\"https:\/\/bnreo.com.tr\/\",\"name\":\"Bnreo | Su Ar\u0131tma Cihazlar\u0131\",\"description\":\"Bnreo | Su Ar\u0131tma Cihazlar\u0131\",\"potentialAction\":[{\"@type\":\"SearchAction\",\"target\":{\"@type\":\"EntryPoint\",\"urlTemplate\":\"https:\/\/bnreo.com.tr\/?s={search_term_string}\"},\"query-input\":{\"@type\":\"PropertyValueSpecification\",\"valueRequired\":true,\"valueName\":\"search_term_string\"}}],\"inLanguage\":\"ru-RU\"}]}<\/script>\n<!-- \/ Yoast SEO plugin. -->","yoast_head_json":{"title":"Ozon Dezenfeksiyon Sistemi - Bnreo | Su Ar\u0131tma Cihazlar\u0131","robots":{"index":"index","follow":"follow","max-snippet":"max-snippet:-1","max-image-preview":"max-image-preview:large","max-video-preview":"max-video-preview:-1"},"canonical":"https:\/\/bnreo.com.tr\/ru\/product\/ozon-dezenfeksiyon-sistemi\/","og_locale":"ru_RU","og_type":"article","og_title":"Ozon Dezenfeksiyon Sistemi - Bnreo | Su Ar\u0131tma Cihazlar\u0131","og_description":"Bnreo Ozon ve onu \u00fcreten jenerat\u00f6r hakk\u0131nda sorular firmam\u0131za s\u0131k\u00e7a sorulan sorular\u0131n ba\u015f\u0131nda gelmektedir. Ozonu \u00fcreten cihazlar\u0131n imalat\u0131 T\u00fcrkiye \u2018de","og_url":"https:\/\/bnreo.com.tr\/ru\/product\/ozon-dezenfeksiyon-sistemi\/","og_site_name":"Bnreo | Su Ar\u0131tma Cihazlar\u0131","article_modified_time":"2025-06-24T01:48:01+00:00","og_image":[{"width":600,"height":450,"url":"https:\/\/bnreo.com.tr\/wp-content\/uploads\/2025\/06\/ergin_teknik-ultraviyole-dezenfeksiyon-sistemi-kopya-01-600x450-1.jpg","type":"image\/jpeg"}],"twitter_card":"summary_large_image","twitter_misc":{"\u041f\u0440\u0438\u043c\u0435\u0440\u043d\u043e\u0435 \u0432\u0440\u0435\u043c\u044f \u0434\u043b\u044f \u0447\u0442\u0435\u043d\u0438\u044f":"3 \u043c\u0438\u043d\u0443\u0442\u044b"},"schema":{"@context":"https:\/\/schema.org","@graph":[{"@type":"WebPage","@id":"https:\/\/bnreo.com.tr\/product\/ozon-dezenfeksiyon-sistemi\/","url":"https:\/\/bnreo.com.tr\/product\/ozon-dezenfeksiyon-sistemi\/","name":"Ozon Dezenfeksiyon Sistemi - Bnreo | Su Ar\u0131tma Cihazlar\u0131","isPartOf":{"@id":"https:\/\/bnreo.com.tr\/#website"},"primaryImageOfPage":{"@id":"https:\/\/bnreo.com.tr\/product\/ozon-dezenfeksiyon-sistemi\/#primaryimage"},"image":{"@id":"https:\/\/bnreo.com.tr\/product\/ozon-dezenfeksiyon-sistemi\/#primaryimage"},"thumbnailUrl":"https:\/\/bnreo.com.tr\/wp-content\/uploads\/2025\/06\/ergin_teknik-ultraviyole-dezenfeksiyon-sistemi-kopya-01-600x450-1.jpg","datePublished":"2025-06-24T01:44:42+00:00","dateModified":"2025-06-24T01:48:01+00:00","breadcrumb":{"@id":"https:\/\/bnreo.com.tr\/product\/ozon-dezenfeksiyon-sistemi\/#breadcrumb"},"inLanguage":"ru-RU","potentialAction":[{"@type":"ReadAction","target":["https:\/\/bnreo.com.tr\/product\/ozon-dezenfeksiyon-sistemi\/"]}]},{"@type":"ImageObject","inLanguage":"ru-RU","@id":"https:\/\/bnreo.com.tr\/product\/ozon-dezenfeksiyon-sistemi\/#primaryimage","url":"https:\/\/bnreo.com.tr\/wp-content\/uploads\/2025\/06\/ergin_teknik-ultraviyole-dezenfeksiyon-sistemi-kopya-01-600x450-1.jpg","contentUrl":"https:\/\/bnreo.com.tr\/wp-content\/uploads\/2025\/06\/ergin_teknik-ultraviyole-dezenfeksiyon-sistemi-kopya-01-600x450-1.jpg","width":600,"height":450},{"@type":"BreadcrumbList","@id":"https:\/\/bnreo.com.tr\/product\/ozon-dezenfeksiyon-sistemi\/#breadcrumb","itemListElement":[{"@type":"ListItem","position":1,"name":"Anasayfa","item":"https:\/\/bnreo.com.tr\/"},{"@type":"ListItem","position":2,"name":"Ma\u011faza","item":"https:\/\/bnreo.com.tr\/magaza\/"},{"@type":"ListItem","position":3,"name":"Ozon Dezenfeksiyon Sistemi"}]},{"@type":"WebSite","@id":"https:\/\/bnreo.com.tr\/#website","url":"https:\/\/bnreo.com.tr\/","name":"Bnreo | Su Ar\u0131tma Cihazlar\u0131","description":"Bnreo | Su Ar\u0131tma Cihazlar\u0131","potentialAction":[{"@type":"SearchAction","target":{"@type":"EntryPoint","urlTemplate":"https:\/\/bnreo.com.tr\/?s={search_term_string}"},"query-input":{"@type":"PropertyValueSpecification","valueRequired":true,"valueName":"search_term_string"}}],"inLanguage":"ru-RU"}]}},"_links":{"self":[{"href":"https:\/\/bnreo.com.tr\/ru\/wp-json\/wp\/v2\/product\/28140","targetHints":{"allow":["GET"]}}],"collection":[{"href":"https:\/\/bnreo.com.tr\/ru\/wp-json\/wp\/v2\/product"}],"about":[{"href":"https:\/\/bnreo.com.tr\/ru\/wp-json\/wp\/v2\/types\/product"}],"replies":[{"embeddable":true,"href":"https:\/\/bnreo.com.tr\/ru\/wp-json\/wp\/v2\/comments?post=28140"}],"version-history":[{"count":1,"href":"https:\/\/bnreo.com.tr\/ru\/wp-json\/wp\/v2\/product\/28140\/revisions"}],"predecessor-version":[{"id":28142,"href":"https:\/\/bnreo.com.tr\/ru\/wp-json\/wp\/v2\/product\/28140\/revisions\/28142"}],"wp:featuredmedia":[{"embeddable":true,"href":"https:\/\/bnreo.com.tr\/ru\/wp-json\/wp\/v2\/media\/28141"}],"wp:attachment":[{"href":"https:\/\/bnreo.com.tr\/ru\/wp-json\/wp\/v2\/media?parent=28140"}],"wp:term":[{"taxonomy":"product_brand","embeddable":true,"href":"https:\/\/bnreo.com.tr\/ru\/wp-json\/wp\/v2\/product_brand?post=28140"},{"taxonomy":"product_cat","embeddable":true,"href":"https:\/\/bnreo.com.tr\/ru\/wp-json\/wp\/v2\/product_cat?post=28140"},{"taxonomy":"product_tag","embeddable":true,"href":"https:\/\/bnreo.com.tr\/ru\/wp-json\/wp\/v2\/product_tag?post=28140"}],"curies":[{"name":"wp","href":"https:\/\/api.w.org\/{rel}","templated":true}]}}