{"id":28137,"date":"2025-06-24T04:44:12","date_gmt":"2025-06-24T01:44:12","guid":{"rendered":"https:\/\/bnreo.com.tr\/?post_type=product&#038;p=28137"},"modified":"2025-06-24T04:48:07","modified_gmt":"2025-06-24T01:48:07","slug":"moduler-su-depolari","status":"publish","type":"product","link":"https:\/\/bnreo.com.tr\/ru\/product\/moduler-su-depolari\/","title":{"rendered":"\u041c\u043e\u0434\u0443\u043b\u044c\u043d\u044b\u0435 \u0440\u0435\u0437\u0435\u0440\u0432\u0443\u0430\u0440\u044b \u0434\u043b\u044f \u0432\u043e\u0434\u044b"},"content":{"rendered":"<p><strong>\u041c\u043e\u0434\u0443\u043b\u044c\u043d\u044b\u0439 \u0440\u0435\u0437\u0435\u0440\u0432\u0443\u0430\u0440 \u0434\u043b\u044f \u0432\u043e\u0434\u044b<\/strong><\/p>\n<p><strong>\u0427\u0442\u043e \u0442\u0430\u043a\u043e\u0435 \u043c\u043e\u0434\u0443\u043b\u044c\u043d\u044b\u0439 \u0440\u0435\u0437\u0435\u0440\u0432\u0443\u0430\u0440 \u0434\u043b\u044f \u0432\u043e\u0434\u044b?<\/strong><\/p>\n<p>\u042d\u0442\u043e \u0442\u0438\u043f \u0441\u043a\u043b\u0430\u0434\u0430, \u0432 \u043a\u043e\u0442\u043e\u0440\u043e\u043c \u0434\u0435\u0442\u0430\u043b\u0438 \u0438\u0437 \u043b\u0438\u0441\u0442\u043e\u0432\u043e\u0433\u043e \u043c\u0435\u0442\u0430\u043b\u043b\u0430 \u0441\u043f\u0435\u0446\u0438\u0430\u043b\u044c\u043d\u043e\u0439 \u0444\u043e\u0440\u043c\u044b \u0432 \u0442\u0440\u0435\u0431\u0443\u0435\u043c\u044b\u0445 \u043e\u0431\u044a\u0435\u043c\u0430\u0445 \u0441\u043e\u0431\u0438\u0440\u0430\u044e\u0442\u0441\u044f \u0434\u0440\u0443\u0433 \u0441 \u0434\u0440\u0443\u0433\u043e\u043c \u0441 \u043f\u043e\u043c\u043e\u0449\u044c\u044e \u0431\u043e\u043b\u0442\u043e\u0432.<\/p>\n<p><strong>\u041f\u043e\u0447\u0435\u043c\u0443 \u043c\u044b \u043e\u0442\u0434\u0430\u0435\u043c \u043f\u0440\u0435\u0434\u043f\u043e\u0447\u0442\u0435\u043d\u0438\u0435 \u043c\u043e\u0434\u0443\u043b\u044c\u043d\u044b\u043c \u0440\u0435\u0437\u0435\u0440\u0432\u0443\u0430\u0440\u0430\u043c \u0434\u043b\u044f \u0432\u043e\u0434\u044b?<\/strong><\/p>\n<p><strong>\u041e\u043d \u0447\u0438\u0441\u0442\u044b\u0439, \u0433\u0438\u0433\u0438\u0435\u043d\u0438\u0447\u043d\u044b\u0439 \u0438 \u0434\u043e\u043b\u0433\u043e\u0432\u0435\u0447\u043d\u044b\u0439:<\/strong><\/p>\n<p>\u0412\u0441\u0435 \u0434\u0435\u0442\u0430\u043b\u0438 \u044d\u0442\u0438\u0445 \u0440\u0435\u0437\u0435\u0440\u0432\u0443\u0430\u0440\u043e\u0432 \u043f\u0440\u043e\u0438\u0437\u0432\u043e\u0434\u044f\u0442\u0441\u044f \u0432 \u0441\u043e\u043e\u0442\u0432\u0435\u0442\u0441\u0442\u0432\u0438\u0438 \u0441 \u0433\u0438\u0433\u0438\u0435\u043d\u0438\u0447\u0435\u0441\u043a\u0438\u043c\u0438 \u0443\u0441\u043b\u043e\u0432\u0438\u044f\u043c\u0438.<\/p>\n<p>\u041d\u0435 \u0441\u043e\u0434\u0435\u0440\u0436\u0438\u0442 \u0433\u0440\u0438\u0431\u043a\u043e\u0432, \u043c\u0445\u0430 \u0438 \u0442.\u043f.<\/p>\n<p>\u041e\u043d \u043d\u0435 \u0432\u044b\u0434\u0435\u043b\u044f\u0435\u0442 \u0432\u0440\u0435\u0434\u043d\u044b\u0445 \u0445\u0438\u043c\u0438\u0447\u0435\u0441\u043a\u0438\u0445 \u0432\u0435\u0449\u0435\u0441\u0442\u0432 \u0432\u043e \u0432\u0440\u0435\u043c\u044f \u0441\u0431\u043e\u0440\u043a\u0438 \u0438 \u043d\u0438\u043a\u043e\u0433\u0434\u0430 \u043d\u0435 \u0437\u0430\u0433\u0440\u044f\u0437\u043d\u044f\u0435\u0442 \u043e\u043a\u0440\u0443\u0436\u0430\u044e\u0449\u0443\u044e \u0441\u0440\u0435\u0434\u0443.<\/p>\n<p><strong>\u0421\u0442\u043e\u0438\u043c\u043e\u0441\u0442\u044c \u0432\u043b\u0430\u0434\u0435\u043d\u0438\u044f \u043c\u043e\u0434\u0443\u043b\u044c\u043d\u044b\u043c \u0440\u0435\u0437\u0435\u0440\u0432\u0443\u0430\u0440\u043e\u043c \u0434\u043b\u044f \u0432\u043e\u0434\u044b \u0441\u043d\u0438\u0436\u0430\u0435\u0442\u0441\u044f \u0441 \u043a\u0430\u0436\u0434\u044b\u043c \u0433\u043e\u0434\u043e\u043c:<\/strong><\/p>\n<p>\u042d\u0442\u043e \u043e\u0447\u0435\u043d\u044c \u0434\u043e\u043b\u0433\u043e\u0432\u0435\u0447\u043d\u044b\u0439 \u0442\u0438\u043f \u0440\u0435\u0437\u0435\u0440\u0432\u0443\u0430\u0440\u0430. \u041f\u0440\u0438 \u043d\u0435\u043e\u0431\u0445\u043e\u0434\u0438\u043c\u043e\u0441\u0442\u0438 \u0434\u0435\u0442\u0430\u043b\u0438 \u043c\u043e\u0436\u043d\u043e \u0437\u0430\u043c\u0435\u043d\u0438\u0442\u044c \u043d\u0435\u0437\u0430\u0432\u0438\u0441\u0438\u043c\u043e. \u041e\u043d \u043b\u0435\u0433\u043a\u043e \u0443\u0441\u0442\u0430\u043d\u0430\u0432\u043b\u0438\u0432\u0430\u0435\u0442\u0441\u044f \u0431\u0435\u0437 \u0438\u0441\u043f\u043e\u043b\u044c\u0437\u043e\u0432\u0430\u043d\u0438\u044f \u043f\u0440\u0438\u0440\u043e\u0434\u043d\u044b\u0445 \u0440\u0435\u0441\u0443\u0440\u0441\u043e\u0432. \u0421\u0432\u0430\u0440\u043a\u0430 \u043d\u0435 \u0442\u0440\u0435\u0431\u0443\u0435\u0442\u0441\u044f. \u0412 \u0437\u0430\u0432\u0438\u0441\u0438\u043c\u043e\u0441\u0442\u0438 \u043e\u0442 \u0442\u0438\u043f\u0430 \u0436\u0438\u0434\u043a\u043e\u0441\u0442\u0438, \u0440\u0435\u0437\u0435\u0440\u0432\u0443\u0430\u0440\u044b \u043c\u043e\u0433\u0443\u0442 \u0431\u044b\u0442\u044c \u043f\u043e\u043a\u0440\u044b\u0442\u044b \u0440\u0430\u0437\u043b\u0438\u0447\u043d\u044b\u043c\u0438 \u043c\u0430\u0442\u0435\u0440\u0438\u0430\u043b\u0430\u043c\u0438. \u041e\u043d \u043d\u0438\u043a\u043e\u0433\u0434\u0430 \u043d\u0435 \u0432\u0441\u0442\u0443\u043f\u0430\u0435\u0442 \u0432 \u0440\u0435\u0430\u043a\u0446\u0438\u044e \u0441 \u0436\u0438\u0434\u043a\u043e\u0441\u0442\u044c\u044e.<\/p>\n<p><strong>\u0415\u0433\u043e \u043c\u043e\u0436\u043d\u043e \u0438\u0441\u043f\u043e\u043b\u044c\u0437\u043e\u0432\u0430\u0442\u044c \u043f\u043e-\u0440\u0430\u0437\u043d\u043e\u043c\u0443 \u0432 \u0440\u0430\u0437\u043d\u044b\u0445 \u043c\u0435\u0441\u0442\u0430\u0445:<\/strong><\/p>\n<p>\u0415\u0433\u043e \u043c\u043e\u0436\u043d\u043e \u043b\u0435\u0433\u043a\u043e \u0441\u043e\u0431\u0440\u0430\u0442\u044c \u0438 \u0434\u0430\u0436\u0435 \u0440\u0430\u0437\u043e\u0431\u0440\u0430\u0442\u044c \u0438 \u0441\u043e\u0431\u0440\u0430\u0442\u044c \u0437\u0430\u043d\u043e\u0432\u043e \u0432 \u0434\u0440\u0443\u0433\u043e\u043c \u043c\u0435\u0441\u0442\u0435 (\u043c\u043e\u0434\u0443\u043b\u044c\u043d\u044b\u0435 \u0434\u0435\u0442\u0430\u043b\u0438, \u0438\u0437\u0433\u043e\u0442\u043e\u0432\u043b\u0435\u043d\u043d\u044b\u0435 \u043d\u0430 \u0441\u043a\u043b\u0430\u0434\u0435, \u043b\u0435\u0433\u043a\u043e \u0442\u0440\u0430\u043d\u0441\u0444\u043e\u0440\u043c\u0438\u0440\u0443\u044e\u0442\u0441\u044f \u0432 \u0431\u043e\u043b\u0435\u0435 \u043c\u0435\u043b\u043a\u0438\u0435). \u0414\u043b\u044f \u0433\u0435\u0440\u043c\u0435\u0442\u0438\u0437\u0430\u0446\u0438\u0438 \u0438\u0441\u043f\u043e\u043b\u044c\u0437\u0443\u044e\u0442\u0441\u044f \u0441\u043f\u0435\u0446\u0438\u0430\u043b\u044c\u043d\u044b\u0435 \u0433\u0438\u0433\u0438\u0435\u043d\u0438\u0447\u043d\u044b\u0435 \u043f\u0440\u043e\u043a\u043b\u0430\u0434\u043a\u0438 \u0438\u0437 EPDM.<\/p>\n<p>\u0415\u0433\u043e \u043b\u0435\u0433\u043a\u043e \u0443\u0441\u0442\u0430\u043d\u043e\u0432\u0438\u0442\u044c \u0432 \u0443\u0434\u043e\u0431\u043d\u044b\u0445 \u043c\u0435\u0441\u0442\u0430\u0445, \u043d\u0430 \u0432\u043e\u0437\u0432\u044b\u0448\u0435\u043d\u043d\u043e\u0441\u0442\u044f\u0445, \u0432 \u0440\u0430\u043c\u0430\u0445, \u0431\u0430\u0448\u043d\u044f\u0445 \u0438 \u0443 \u0432\u0445\u043e\u0434\u043e\u0432 \u0432 \u0437\u0434\u0430\u043d\u0438\u044f. \u041e\u043d \u0440\u0430\u0437\u0440\u0430\u0431\u043e\u0442\u0430\u043d \u0434\u043b\u044f \u043b\u0435\u0433\u043a\u043e\u0433\u043e \u043f\u0440\u043e\u0445\u043e\u0434\u0430 \u0447\u0435\u0440\u0435\u0437 \u0432\u0445\u043e\u0434\u044b \u0432 \u0437\u0434\u0430\u043d\u0438\u044f \u0438 \u043c\u043e\u0436\u0435\u0442 \u0432\u044b\u043f\u0443\u0441\u043a\u0430\u0442\u044c\u0441\u044f \u0432 \u043e\u0431\u044a\u0451\u043c\u0430\u0445 \u043e\u0442 1250 \u0434\u043e 300 000 \u043b\u0438\u0442\u0440\u043e\u0432 \u0432 \u0437\u0430\u0432\u0438\u0441\u0438\u043c\u043e\u0441\u0442\u0438 \u043e\u0442 \u0432\u0430\u0448\u0438\u0445 \u043f\u043e\u0442\u0440\u0435\u0431\u043d\u043e\u0441\u0442\u0435\u0439.<\/p>\n<p><strong>\u041f\u0440\u0438\u0437\u043c\u0430\u0442\u0438\u0447\u0435\u0441\u043a\u0438\u0435 \u043c\u043e\u0434\u0443\u043b\u044c\u043d\u044b\u0435 \u0440\u0435\u0437\u0435\u0440\u0432\u0443\u0430\u0440\u044b \u0434\u043b\u044f \u0432\u043e\u0434\u044b \u0438\u0437 \u043d\u0435\u0440\u0436\u0430\u0432\u0435\u044e\u0449\u0435\u0439 \u0441\u0442\u0430\u043b\u0438:<br \/>\n<\/strong>AISI 304 Kalite paslanmaz \u00e7elik, d\u00fcnyada en s\u0131k ve \u00e7ok y\u00f6nl\u00fc kullan\u0131lan paslanmaz \u00e7elik t\u00fcr\u00fcd\u00fcr.\u00a0%18 krom ve %8 nikel i\u00e7eren\u00a0bu malzeme, m\u00fckemmel \u015fekillenebilme kabiliyetine ve korozyon dayanam\u0131na sahiptir.\u00a0\u0130htiyac\u0131n\u0131za g\u00f6re AISI 316 kalite paslanmaz \u00e7elikten \u00fcretim yap\u0131lmaktad\u0131r.<\/p>\n<p>&nbsp;<\/p>\n<p><strong>\u0413\u043e\u0440\u044f\u0447\u0435\u043e\u0446\u0438\u043d\u043a\u043e\u0432\u0430\u043d\u043d\u044b\u0435 \u043f\u0440\u0438\u0437\u043c\u0430\u0442\u0438\u0447\u0435\u0441\u043a\u0438\u0435 \u043c\u043e\u0434\u0443\u043b\u044c\u043d\u044b\u0435 \u0440\u0435\u0437\u0435\u0440\u0432\u0443\u0430\u0440\u044b \u0434\u043b\u044f \u0432\u043e\u0434\u044b:<br \/>\n<\/strong>\u0413\u043e\u0440\u044f\u0447\u0435\u0435 \u0446\u0438\u043d\u043a\u043e\u0432\u0430\u043d\u0438\u0435 \u2014 \u043e\u0434\u0438\u043d \u0438\u0437 \u0441\u0430\u043c\u044b\u0445 \u0434\u043e\u043b\u0433\u043e\u0432\u0435\u0447\u043d\u044b\u0445 \u043c\u0435\u0442\u043e\u0434\u043e\u0432 \u0437\u0430\u0449\u0438\u0442\u044b \u043e\u0442 \u043a\u043e\u0440\u0440\u043e\u0437\u0438\u0438, \u0438\u0441\u043f\u043e\u043b\u044c\u0437\u0443\u0435\u043c\u044b\u0445 \u043d\u0430 \u0441\u0435\u0433\u043e\u0434\u043d\u044f\u0448\u043d\u0438\u0439 \u0434\u0435\u043d\u044c. \u041f\u043e\u0441\u043a\u043e\u043b\u044c\u043a\u0443 \u0433\u043e\u0440\u044f\u0447\u0435\u0435 \u0446\u0438\u043d\u043a\u043e\u0432\u0430\u043d\u0438\u0435 \u0441\u043e\u0437\u0434\u0430\u0451\u0442 \u043d\u0430 \u043f\u043e\u0432\u0435\u0440\u0445\u043d\u043e\u0441\u0442\u0438 \u043c\u0435\u0442\u0430\u043b\u043b\u0430 \u0442\u043e\u043b\u0441\u0442\u0443\u044e, \u043e\u0434\u043d\u043e\u0440\u043e\u0434\u043d\u0443\u044e \u043f\u043b\u0451\u043d\u043a\u0443, \u043e\u043d\u0430 \u043f\u0440\u043e\u043d\u0438\u043a\u0430\u0435\u0442 \u0432\u043e \u0432\u0441\u0435 \u043e\u0431\u043b\u0430\u0441\u0442\u0438, \u0432\u043a\u043b\u044e\u0447\u0430\u044f \u043e\u0441\u0442\u0440\u044b\u0435 \u0443\u0433\u043b\u044b, \u043f\u043e\u0440\u0435\u0437\u044b, \u043e\u0442\u0432\u0435\u0440\u0441\u0442\u0438\u044f \u0438 \u043f\u0443\u0441\u0442\u043e\u0442\u044b, \u043e\u0431\u0435\u0441\u043f\u0435\u0447\u0438\u0432\u0430\u044f \u043f\u043e\u043b\u043d\u0443\u044e \u0437\u0430\u0449\u0438\u0442\u0443.<\/p>","protected":false},"excerpt":{"rendered":"<p>\u041c\u043e\u0434\u0443\u043b\u044c\u043d\u044b\u0439 \u0440\u0435\u0437\u0435\u0440\u0432\u0443\u0430\u0440 \u0434\u043b\u044f \u0432\u043e\u0434\u044b. \u0427\u0442\u043e \u0442\u0430\u043a\u043e\u0435 \u043c\u043e\u0434\u0443\u043b\u044c\u043d\u044b\u0439 \u0440\u0435\u0437\u0435\u0440\u0432\u0443\u0430\u0440 \u0434\u043b\u044f \u0432\u043e\u0434\u044b? \u042d\u0442\u043e \u043a\u043e\u043d\u0441\u0442\u0440\u0443\u043a\u0446\u0438\u044f, \u0432 \u043a\u043e\u0442\u043e\u0440\u043e\u0439 \u043c\u0435\u0442\u0430\u043b\u043b\u0438\u0447\u0435\u0441\u043a\u0438\u0435 \u0434\u0435\u0442\u0430\u043b\u0438 \u0441\u043f\u0435\u0446\u0438\u0430\u043b\u044c\u043d\u043e\u0439 \u0444\u043e\u0440\u043c\u044b \u0438 \u043d\u0435\u043e\u0431\u0445\u043e\u0434\u0438\u043c\u043e\u0433\u043e \u043e\u0431\u044a\u0451\u043c\u0430 \u0441\u043e\u0431\u0438\u0440\u0430\u044e\u0442\u0441\u044f \u0434\u0440\u0443\u0433 \u0441 \u0434\u0440\u0443\u0433\u043e\u043c \u0441 \u043f\u043e\u043c\u043e\u0449\u044c\u044e \u0431\u043e\u043b\u0442\u043e\u0432.<\/p>","protected":false},"featured_media":28138,"comment_status":"open","ping_status":"closed","template":"","meta":[],"product_brand":[],"product_cat":[81,37],"product_tag":[],"class_list":{"0":"post-28137","1":"product","2":"type-product","3":"status-publish","4":"has-post-thumbnail","6":"product_cat-cihazlar-urunler","7":"product_cat-endustriyel-su-aritma-sistemleri","9":"first","10":"instock","11":"shipping-taxable","12":"purchasable","13":"product-type-simple"},"yoast_head":"<!-- This site is optimized with the Yoast SEO plugin v25.3.1 - https:\/\/yoast.com\/wordpress\/plugins\/seo\/ -->\n<title>Mod\u00fcler Su Depolar\u0131 - Bnreo | Su Ar\u0131tma Cihazlar\u0131<\/title>\n<meta name=\"robots\" content=\"index, follow, max-snippet:-1, max-image-preview:large, max-video-preview:-1\" \/>\n<link rel=\"canonical\" href=\"https:\/\/bnreo.com.tr\/ru\/product\/moduler-su-depolari\/\" \/>\n<meta property=\"og:locale\" content=\"ru_RU\" \/>\n<meta property=\"og:type\" content=\"article\" \/>\n<meta property=\"og:title\" content=\"Mod\u00fcler Su Depolar\u0131 - Bnreo | Su Ar\u0131tma Cihazlar\u0131\" \/>\n<meta property=\"og:description\" content=\"Mod\u00fcler Su Deposu Mod\u00fcler Su Deposu Nedir ? \u0130stenilen hacimlerde \u00f6zel \u015fekil verilen sac par\u00e7alar\u0131n birbirlerine civatalarla monte edilmi\u015f oldu\u011fu\" \/>\n<meta property=\"og:url\" content=\"https:\/\/bnreo.com.tr\/ru\/product\/moduler-su-depolari\/\" \/>\n<meta property=\"og:site_name\" content=\"Bnreo | Su Ar\u0131tma Cihazlar\u0131\" \/>\n<meta property=\"article:modified_time\" content=\"2025-06-24T01:48:07+00:00\" \/>\n<meta property=\"og:image\" content=\"https:\/\/bnreo.com.tr\/wp-content\/uploads\/2025\/06\/ergin_teknik-moduler-su-depolari-01-600x450-1.jpg\" \/>\n\t<meta property=\"og:image:width\" content=\"600\" \/>\n\t<meta property=\"og:image:height\" content=\"450\" \/>\n\t<meta property=\"og:image:type\" content=\"image\/jpeg\" \/>\n<meta name=\"twitter:card\" content=\"summary_large_image\" \/>\n<meta name=\"twitter:label1\" content=\"\u041f\u0440\u0438\u043c\u0435\u0440\u043d\u043e\u0435 \u0432\u0440\u0435\u043c\u044f \u0434\u043b\u044f \u0447\u0442\u0435\u043d\u0438\u044f\" \/>\n\t<meta name=\"twitter:data1\" content=\"2 \u043c\u0438\u043d\u0443\u0442\u044b\" \/>\n<script type=\"application\/ld+json\" class=\"yoast-schema-graph\">{\"@context\":\"https:\/\/schema.org\",\"@graph\":[{\"@type\":\"WebPage\",\"@id\":\"https:\/\/bnreo.com.tr\/product\/moduler-su-depolari\/\",\"url\":\"https:\/\/bnreo.com.tr\/product\/moduler-su-depolari\/\",\"name\":\"Mod\u00fcler Su Depolar\u0131 - Bnreo | Su Ar\u0131tma Cihazlar\u0131\",\"isPartOf\":{\"@id\":\"https:\/\/bnreo.com.tr\/#website\"},\"primaryImageOfPage\":{\"@id\":\"https:\/\/bnreo.com.tr\/product\/moduler-su-depolari\/#primaryimage\"},\"image\":{\"@id\":\"https:\/\/bnreo.com.tr\/product\/moduler-su-depolari\/#primaryimage\"},\"thumbnailUrl\":\"https:\/\/bnreo.com.tr\/wp-content\/uploads\/2025\/06\/ergin_teknik-moduler-su-depolari-01-600x450-1.jpg\",\"datePublished\":\"2025-06-24T01:44:12+00:00\",\"dateModified\":\"2025-06-24T01:48:07+00:00\",\"breadcrumb\":{\"@id\":\"https:\/\/bnreo.com.tr\/product\/moduler-su-depolari\/#breadcrumb\"},\"inLanguage\":\"ru-RU\",\"potentialAction\":[{\"@type\":\"ReadAction\",\"target\":[\"https:\/\/bnreo.com.tr\/product\/moduler-su-depolari\/\"]}]},{\"@type\":\"ImageObject\",\"inLanguage\":\"ru-RU\",\"@id\":\"https:\/\/bnreo.com.tr\/product\/moduler-su-depolari\/#primaryimage\",\"url\":\"https:\/\/bnreo.com.tr\/wp-content\/uploads\/2025\/06\/ergin_teknik-moduler-su-depolari-01-600x450-1.jpg\",\"contentUrl\":\"https:\/\/bnreo.com.tr\/wp-content\/uploads\/2025\/06\/ergin_teknik-moduler-su-depolari-01-600x450-1.jpg\",\"width\":600,\"height\":450},{\"@type\":\"BreadcrumbList\",\"@id\":\"https:\/\/bnreo.com.tr\/product\/moduler-su-depolari\/#breadcrumb\",\"itemListElement\":[{\"@type\":\"ListItem\",\"position\":1,\"name\":\"Anasayfa\",\"item\":\"https:\/\/bnreo.com.tr\/\"},{\"@type\":\"ListItem\",\"position\":2,\"name\":\"Ma\u011faza\",\"item\":\"https:\/\/bnreo.com.tr\/magaza\/\"},{\"@type\":\"ListItem\",\"position\":3,\"name\":\"Mod\u00fcler Su Depolar\u0131\"}]},{\"@type\":\"WebSite\",\"@id\":\"https:\/\/bnreo.com.tr\/#website\",\"url\":\"https:\/\/bnreo.com.tr\/\",\"name\":\"Bnreo | Su Ar\u0131tma Cihazlar\u0131\",\"description\":\"Bnreo | Su Ar\u0131tma Cihazlar\u0131\",\"potentialAction\":[{\"@type\":\"SearchAction\",\"target\":{\"@type\":\"EntryPoint\",\"urlTemplate\":\"https:\/\/bnreo.com.tr\/?s={search_term_string}\"},\"query-input\":{\"@type\":\"PropertyValueSpecification\",\"valueRequired\":true,\"valueName\":\"search_term_string\"}}],\"inLanguage\":\"ru-RU\"}]}<\/script>\n<!-- \/ Yoast SEO plugin. -->","yoast_head_json":{"title":"Mod\u00fcler Su Depolar\u0131 - Bnreo | Su Ar\u0131tma Cihazlar\u0131","robots":{"index":"index","follow":"follow","max-snippet":"max-snippet:-1","max-image-preview":"max-image-preview:large","max-video-preview":"max-video-preview:-1"},"canonical":"https:\/\/bnreo.com.tr\/ru\/product\/moduler-su-depolari\/","og_locale":"ru_RU","og_type":"article","og_title":"Mod\u00fcler Su Depolar\u0131 - Bnreo | Su Ar\u0131tma Cihazlar\u0131","og_description":"Mod\u00fcler Su Deposu Mod\u00fcler Su Deposu Nedir ? \u0130stenilen hacimlerde \u00f6zel \u015fekil verilen sac par\u00e7alar\u0131n birbirlerine civatalarla monte edilmi\u015f oldu\u011fu","og_url":"https:\/\/bnreo.com.tr\/ru\/product\/moduler-su-depolari\/","og_site_name":"Bnreo | Su Ar\u0131tma Cihazlar\u0131","article_modified_time":"2025-06-24T01:48:07+00:00","og_image":[{"width":600,"height":450,"url":"https:\/\/bnreo.com.tr\/wp-content\/uploads\/2025\/06\/ergin_teknik-moduler-su-depolari-01-600x450-1.jpg","type":"image\/jpeg"}],"twitter_card":"summary_large_image","twitter_misc":{"\u041f\u0440\u0438\u043c\u0435\u0440\u043d\u043e\u0435 \u0432\u0440\u0435\u043c\u044f \u0434\u043b\u044f \u0447\u0442\u0435\u043d\u0438\u044f":"2 \u043c\u0438\u043d\u0443\u0442\u044b"},"schema":{"@context":"https:\/\/schema.org","@graph":[{"@type":"WebPage","@id":"https:\/\/bnreo.com.tr\/product\/moduler-su-depolari\/","url":"https:\/\/bnreo.com.tr\/product\/moduler-su-depolari\/","name":"Mod\u00fcler Su Depolar\u0131 - Bnreo | Su Ar\u0131tma Cihazlar\u0131","isPartOf":{"@id":"https:\/\/bnreo.com.tr\/#website"},"primaryImageOfPage":{"@id":"https:\/\/bnreo.com.tr\/product\/moduler-su-depolari\/#primaryimage"},"image":{"@id":"https:\/\/bnreo.com.tr\/product\/moduler-su-depolari\/#primaryimage"},"thumbnailUrl":"https:\/\/bnreo.com.tr\/wp-content\/uploads\/2025\/06\/ergin_teknik-moduler-su-depolari-01-600x450-1.jpg","datePublished":"2025-06-24T01:44:12+00:00","dateModified":"2025-06-24T01:48:07+00:00","breadcrumb":{"@id":"https:\/\/bnreo.com.tr\/product\/moduler-su-depolari\/#breadcrumb"},"inLanguage":"ru-RU","potentialAction":[{"@type":"ReadAction","target":["https:\/\/bnreo.com.tr\/product\/moduler-su-depolari\/"]}]},{"@type":"ImageObject","inLanguage":"ru-RU","@id":"https:\/\/bnreo.com.tr\/product\/moduler-su-depolari\/#primaryimage","url":"https:\/\/bnreo.com.tr\/wp-content\/uploads\/2025\/06\/ergin_teknik-moduler-su-depolari-01-600x450-1.jpg","contentUrl":"https:\/\/bnreo.com.tr\/wp-content\/uploads\/2025\/06\/ergin_teknik-moduler-su-depolari-01-600x450-1.jpg","width":600,"height":450},{"@type":"BreadcrumbList","@id":"https:\/\/bnreo.com.tr\/product\/moduler-su-depolari\/#breadcrumb","itemListElement":[{"@type":"ListItem","position":1,"name":"Anasayfa","item":"https:\/\/bnreo.com.tr\/"},{"@type":"ListItem","position":2,"name":"Ma\u011faza","item":"https:\/\/bnreo.com.tr\/magaza\/"},{"@type":"ListItem","position":3,"name":"Mod\u00fcler Su Depolar\u0131"}]},{"@type":"WebSite","@id":"https:\/\/bnreo.com.tr\/#website","url":"https:\/\/bnreo.com.tr\/","name":"Bnreo | Su Ar\u0131tma Cihazlar\u0131","description":"Bnreo | Su Ar\u0131tma Cihazlar\u0131","potentialAction":[{"@type":"SearchAction","target":{"@type":"EntryPoint","urlTemplate":"https:\/\/bnreo.com.tr\/?s={search_term_string}"},"query-input":{"@type":"PropertyValueSpecification","valueRequired":true,"valueName":"search_term_string"}}],"inLanguage":"ru-RU"}]}},"_links":{"self":[{"href":"https:\/\/bnreo.com.tr\/ru\/wp-json\/wp\/v2\/product\/28137","targetHints":{"allow":["GET"]}}],"collection":[{"href":"https:\/\/bnreo.com.tr\/ru\/wp-json\/wp\/v2\/product"}],"about":[{"href":"https:\/\/bnreo.com.tr\/ru\/wp-json\/wp\/v2\/types\/product"}],"replies":[{"embeddable":true,"href":"https:\/\/bnreo.com.tr\/ru\/wp-json\/wp\/v2\/comments?post=28137"}],"version-history":[{"count":1,"href":"https:\/\/bnreo.com.tr\/ru\/wp-json\/wp\/v2\/product\/28137\/revisions"}],"predecessor-version":[{"id":28139,"href":"https:\/\/bnreo.com.tr\/ru\/wp-json\/wp\/v2\/product\/28137\/revisions\/28139"}],"wp:featuredmedia":[{"embeddable":true,"href":"https:\/\/bnreo.com.tr\/ru\/wp-json\/wp\/v2\/media\/28138"}],"wp:attachment":[{"href":"https:\/\/bnreo.com.tr\/ru\/wp-json\/wp\/v2\/media?parent=28137"}],"wp:term":[{"taxonomy":"product_brand","embeddable":true,"href":"https:\/\/bnreo.com.tr\/ru\/wp-json\/wp\/v2\/product_brand?post=28137"},{"taxonomy":"product_cat","embeddable":true,"href":"https:\/\/bnreo.com.tr\/ru\/wp-json\/wp\/v2\/product_cat?post=28137"},{"taxonomy":"product_tag","embeddable":true,"href":"https:\/\/bnreo.com.tr\/ru\/wp-json\/wp\/v2\/product_tag?post=28137"}],"curies":[{"name":"wp","href":"https:\/\/api.w.org\/{rel}","templated":true}]}}