{"id":28123,"date":"2025-06-24T04:41:51","date_gmt":"2025-06-24T01:41:51","guid":{"rendered":"https:\/\/bnreo.com.tr\/?post_type=product&#038;p=28123"},"modified":"2025-06-24T04:41:51","modified_gmt":"2025-06-24T01:41:51","slug":"karbon-filtrasyon-sistemi","status":"publish","type":"product","link":"https:\/\/bnreo.com.tr\/ru\/product\/karbon-filtrasyon-sistemi\/","title":{"rendered":"\u0421\u0438\u0441\u0442\u0435\u043c\u0430 \u0443\u0433\u043e\u043b\u044c\u043d\u043e\u0439 \u0444\u0438\u043b\u044c\u0442\u0440\u0430\u0446\u0438\u0438"},"content":{"rendered":"<div class=\"cmsms_tabs tabs_mode_tab cmsms_woo_tabs\">\n<div class=\"cmsms_tabs_wrap\">\n<div id=\"tab-description\" class=\"entry-content cmsms_tab active_tab\">\n<div class=\"cmsms_tab_inner\">\n<p>\u0424\u0438\u043b\u044c\u0442\u0440\u044b \u0441 \u0430\u043a\u0442\u0438\u0432\u0438\u0440\u043e\u0432\u0430\u043d\u043d\u044b\u043c \u0443\u0433\u043b\u0435\u043c Bnreo \u043f\u0440\u0435\u0434\u0441\u0442\u0430\u0432\u043b\u044f\u044e\u0442 \u0441\u043e\u0431\u043e\u0439 \u0441\u0438\u0441\u0442\u0435\u043c\u044b \u0444\u0438\u043b\u044c\u0442\u0440\u0430\u0446\u0438\u0438, \u0438\u0441\u043f\u043e\u043b\u044c\u0437\u0443\u0435\u043c\u044b\u0435 \u0434\u043b\u044f \u043e\u0447\u0438\u0441\u0442\u043a\u0438 \u0440\u0430\u0441\u0442\u0432\u043e\u0440\u0435\u043d\u043d\u044b\u0445 \u0433\u0430\u0437\u043e\u0432, \u043e\u0441\u0442\u0430\u0442\u043a\u043e\u0432 \u0438 \u043e\u0440\u0433\u0430\u043d\u0438\u0447\u0435\u0441\u043a\u0438\u0445 \u0432\u0435\u0449\u0435\u0441\u0442\u0432, \u043a\u043e\u0442\u043e\u0440\u044b\u0435 \u0432\u044b\u0437\u044b\u0432\u0430\u044e\u0442 \u043f\u043e\u044f\u0432\u043b\u0435\u043d\u0438\u0435 \u043d\u0435\u0436\u0435\u043b\u0430\u0442\u0435\u043b\u044c\u043d\u043e\u0433\u043e \u0445\u043b\u043e\u0440\u0430, \u0446\u0432\u0435\u0442\u0430, \u043f\u0440\u0438\u0432\u043a\u0443\u0441\u0430 \u0438 \u0437\u0430\u043f\u0430\u0445\u0430 \u0432 \u0432\u043e\u0434\u0435.<\/p>\n<\/div>\n<\/div>\n<\/div>\n<\/div>","protected":false},"excerpt":{"rendered":"<p>\u0424\u0438\u043b\u044c\u0442\u0440\u044b \u0441 \u0430\u043a\u0442\u0438\u0432\u0438\u0440\u043e\u0432\u0430\u043d\u043d\u044b\u043c \u0443\u0433\u043b\u0435\u043c Bnreo \u0438\u0441\u043f\u043e\u043b\u044c\u0437\u0443\u044e\u0442\u0441\u044f \u0434\u043b\u044f \u043e\u0447\u0438\u0441\u0442\u043a\u0438 \u0440\u0430\u0441\u0442\u0432\u043e\u0440\u0435\u043d\u043d\u044b\u0445 \u0433\u0430\u0437\u043e\u0432, \u043e\u0441\u0442\u0430\u0442\u043a\u043e\u0432 \u0438 \u043e\u0440\u0433\u0430\u043d\u0438\u0447\u0435\u0441\u043a\u0438\u0445 \u0432\u0435\u0449\u0435\u0441\u0442\u0432, \u043a\u043e\u0442\u043e\u0440\u044b\u0435 \u0432\u044b\u0437\u044b\u0432\u0430\u044e\u0442 \u043d\u0435\u0436\u0435\u043b\u0430\u0442\u0435\u043b\u044c\u043d\u044b\u0439 \u0445\u043b\u043e\u0440, \u0446\u0432\u0435\u0442, \u043f\u0440\u0438\u0432\u043a\u0443\u0441 \u0438 \u0437\u0430\u043f\u0430\u0445 \u0432 \u0432\u043e\u0434\u0435.<\/p>","protected":false},"featured_media":28124,"comment_status":"open","ping_status":"closed","template":"","meta":[],"product_brand":[],"product_cat":[81,37],"product_tag":[],"class_list":{"0":"post-28123","1":"product","2":"type-product","3":"status-publish","4":"has-post-thumbnail","6":"product_cat-cihazlar-urunler","7":"product_cat-endustriyel-su-aritma-sistemleri","9":"first","10":"instock","11":"shipping-taxable","12":"purchasable","13":"product-type-simple"},"yoast_head":"<!-- This site is optimized with the Yoast SEO plugin v25.3.1 - https:\/\/yoast.com\/wordpress\/plugins\/seo\/ -->\n<title>Karbon Filtrasyon Sistemi - Bnreo | Su Ar\u0131tma Cihazlar\u0131<\/title>\n<meta name=\"robots\" content=\"index, follow, max-snippet:-1, max-image-preview:large, max-video-preview:-1\" \/>\n<link rel=\"canonical\" href=\"https:\/\/bnreo.com.tr\/ru\/product\/karbon-filtrasyon-sistemi\/\" \/>\n<meta property=\"og:locale\" content=\"ru_RU\" \/>\n<meta property=\"og:type\" content=\"article\" \/>\n<meta property=\"og:title\" content=\"Karbon Filtrasyon Sistemi - Bnreo | Su Ar\u0131tma Cihazlar\u0131\" \/>\n<meta property=\"og:description\" content=\"Bnreo Aktif karbon filtreler, suda istenmeyen klor, renk, tat , koku veren eriyik gazlar, art\u0131klar ve organik maddelerin ar\u0131t\u0131m\u0131 i\u00e7in\" \/>\n<meta property=\"og:url\" content=\"https:\/\/bnreo.com.tr\/ru\/product\/karbon-filtrasyon-sistemi\/\" \/>\n<meta property=\"og:site_name\" content=\"Bnreo | Su Ar\u0131tma Cihazlar\u0131\" \/>\n<meta property=\"og:image\" content=\"https:\/\/bnreo.com.tr\/wp-content\/uploads\/2025\/06\/ergin_teknik-kum-filtrasyon-sistemi-01-600x450-2.jpg\" \/>\n\t<meta property=\"og:image:width\" content=\"600\" \/>\n\t<meta property=\"og:image:height\" content=\"450\" \/>\n\t<meta property=\"og:image:type\" content=\"image\/jpeg\" \/>\n<meta name=\"twitter:card\" content=\"summary_large_image\" \/>\n<meta name=\"twitter:label1\" content=\"\u041f\u0440\u0438\u043c\u0435\u0440\u043d\u043e\u0435 \u0432\u0440\u0435\u043c\u044f \u0434\u043b\u044f \u0447\u0442\u0435\u043d\u0438\u044f\" \/>\n\t<meta name=\"twitter:data1\" content=\"1 \u043c\u0438\u043d\u0443\u0442\u0430\" \/>\n<script type=\"application\/ld+json\" class=\"yoast-schema-graph\">{\"@context\":\"https:\/\/schema.org\",\"@graph\":[{\"@type\":\"WebPage\",\"@id\":\"https:\/\/bnreo.com.tr\/product\/karbon-filtrasyon-sistemi\/\",\"url\":\"https:\/\/bnreo.com.tr\/product\/karbon-filtrasyon-sistemi\/\",\"name\":\"Karbon Filtrasyon Sistemi - Bnreo | Su Ar\u0131tma Cihazlar\u0131\",\"isPartOf\":{\"@id\":\"https:\/\/bnreo.com.tr\/#website\"},\"primaryImageOfPage\":{\"@id\":\"https:\/\/bnreo.com.tr\/product\/karbon-filtrasyon-sistemi\/#primaryimage\"},\"image\":{\"@id\":\"https:\/\/bnreo.com.tr\/product\/karbon-filtrasyon-sistemi\/#primaryimage\"},\"thumbnailUrl\":\"https:\/\/bnreo.com.tr\/wp-content\/uploads\/2025\/06\/ergin_teknik-kum-filtrasyon-sistemi-01-600x450-2.jpg\",\"datePublished\":\"2025-06-24T01:41:51+00:00\",\"breadcrumb\":{\"@id\":\"https:\/\/bnreo.com.tr\/product\/karbon-filtrasyon-sistemi\/#breadcrumb\"},\"inLanguage\":\"ru-RU\",\"potentialAction\":[{\"@type\":\"ReadAction\",\"target\":[\"https:\/\/bnreo.com.tr\/product\/karbon-filtrasyon-sistemi\/\"]}]},{\"@type\":\"ImageObject\",\"inLanguage\":\"ru-RU\",\"@id\":\"https:\/\/bnreo.com.tr\/product\/karbon-filtrasyon-sistemi\/#primaryimage\",\"url\":\"https:\/\/bnreo.com.tr\/wp-content\/uploads\/2025\/06\/ergin_teknik-kum-filtrasyon-sistemi-01-600x450-2.jpg\",\"contentUrl\":\"https:\/\/bnreo.com.tr\/wp-content\/uploads\/2025\/06\/ergin_teknik-kum-filtrasyon-sistemi-01-600x450-2.jpg\",\"width\":600,\"height\":450},{\"@type\":\"BreadcrumbList\",\"@id\":\"https:\/\/bnreo.com.tr\/product\/karbon-filtrasyon-sistemi\/#breadcrumb\",\"itemListElement\":[{\"@type\":\"ListItem\",\"position\":1,\"name\":\"Anasayfa\",\"item\":\"https:\/\/bnreo.com.tr\/\"},{\"@type\":\"ListItem\",\"position\":2,\"name\":\"Ma\u011faza\",\"item\":\"https:\/\/bnreo.com.tr\/magaza\/\"},{\"@type\":\"ListItem\",\"position\":3,\"name\":\"Karbon Filtrasyon Sistemi\"}]},{\"@type\":\"WebSite\",\"@id\":\"https:\/\/bnreo.com.tr\/#website\",\"url\":\"https:\/\/bnreo.com.tr\/\",\"name\":\"Bnreo | Su Ar\u0131tma Cihazlar\u0131\",\"description\":\"Bnreo | Su Ar\u0131tma Cihazlar\u0131\",\"potentialAction\":[{\"@type\":\"SearchAction\",\"target\":{\"@type\":\"EntryPoint\",\"urlTemplate\":\"https:\/\/bnreo.com.tr\/?s={search_term_string}\"},\"query-input\":{\"@type\":\"PropertyValueSpecification\",\"valueRequired\":true,\"valueName\":\"search_term_string\"}}],\"inLanguage\":\"ru-RU\"}]}<\/script>\n<!-- \/ Yoast SEO plugin. -->","yoast_head_json":{"title":"Karbon Filtrasyon Sistemi - Bnreo | Su Ar\u0131tma Cihazlar\u0131","robots":{"index":"index","follow":"follow","max-snippet":"max-snippet:-1","max-image-preview":"max-image-preview:large","max-video-preview":"max-video-preview:-1"},"canonical":"https:\/\/bnreo.com.tr\/ru\/product\/karbon-filtrasyon-sistemi\/","og_locale":"ru_RU","og_type":"article","og_title":"Karbon Filtrasyon Sistemi - Bnreo | Su Ar\u0131tma Cihazlar\u0131","og_description":"Bnreo Aktif karbon filtreler, suda istenmeyen klor, renk, tat , koku veren eriyik gazlar, art\u0131klar ve organik maddelerin ar\u0131t\u0131m\u0131 i\u00e7in","og_url":"https:\/\/bnreo.com.tr\/ru\/product\/karbon-filtrasyon-sistemi\/","og_site_name":"Bnreo | Su Ar\u0131tma Cihazlar\u0131","og_image":[{"width":600,"height":450,"url":"https:\/\/bnreo.com.tr\/wp-content\/uploads\/2025\/06\/ergin_teknik-kum-filtrasyon-sistemi-01-600x450-2.jpg","type":"image\/jpeg"}],"twitter_card":"summary_large_image","twitter_misc":{"\u041f\u0440\u0438\u043c\u0435\u0440\u043d\u043e\u0435 \u0432\u0440\u0435\u043c\u044f \u0434\u043b\u044f \u0447\u0442\u0435\u043d\u0438\u044f":"1 \u043c\u0438\u043d\u0443\u0442\u0430"},"schema":{"@context":"https:\/\/schema.org","@graph":[{"@type":"WebPage","@id":"https:\/\/bnreo.com.tr\/product\/karbon-filtrasyon-sistemi\/","url":"https:\/\/bnreo.com.tr\/product\/karbon-filtrasyon-sistemi\/","name":"Karbon Filtrasyon Sistemi - Bnreo | Su Ar\u0131tma Cihazlar\u0131","isPartOf":{"@id":"https:\/\/bnreo.com.tr\/#website"},"primaryImageOfPage":{"@id":"https:\/\/bnreo.com.tr\/product\/karbon-filtrasyon-sistemi\/#primaryimage"},"image":{"@id":"https:\/\/bnreo.com.tr\/product\/karbon-filtrasyon-sistemi\/#primaryimage"},"thumbnailUrl":"https:\/\/bnreo.com.tr\/wp-content\/uploads\/2025\/06\/ergin_teknik-kum-filtrasyon-sistemi-01-600x450-2.jpg","datePublished":"2025-06-24T01:41:51+00:00","breadcrumb":{"@id":"https:\/\/bnreo.com.tr\/product\/karbon-filtrasyon-sistemi\/#breadcrumb"},"inLanguage":"ru-RU","potentialAction":[{"@type":"ReadAction","target":["https:\/\/bnreo.com.tr\/product\/karbon-filtrasyon-sistemi\/"]}]},{"@type":"ImageObject","inLanguage":"ru-RU","@id":"https:\/\/bnreo.com.tr\/product\/karbon-filtrasyon-sistemi\/#primaryimage","url":"https:\/\/bnreo.com.tr\/wp-content\/uploads\/2025\/06\/ergin_teknik-kum-filtrasyon-sistemi-01-600x450-2.jpg","contentUrl":"https:\/\/bnreo.com.tr\/wp-content\/uploads\/2025\/06\/ergin_teknik-kum-filtrasyon-sistemi-01-600x450-2.jpg","width":600,"height":450},{"@type":"BreadcrumbList","@id":"https:\/\/bnreo.com.tr\/product\/karbon-filtrasyon-sistemi\/#breadcrumb","itemListElement":[{"@type":"ListItem","position":1,"name":"Anasayfa","item":"https:\/\/bnreo.com.tr\/"},{"@type":"ListItem","position":2,"name":"Ma\u011faza","item":"https:\/\/bnreo.com.tr\/magaza\/"},{"@type":"ListItem","position":3,"name":"Karbon Filtrasyon Sistemi"}]},{"@type":"WebSite","@id":"https:\/\/bnreo.com.tr\/#website","url":"https:\/\/bnreo.com.tr\/","name":"Bnreo | Su Ar\u0131tma Cihazlar\u0131","description":"Bnreo | Su Ar\u0131tma Cihazlar\u0131","potentialAction":[{"@type":"SearchAction","target":{"@type":"EntryPoint","urlTemplate":"https:\/\/bnreo.com.tr\/?s={search_term_string}"},"query-input":{"@type":"PropertyValueSpecification","valueRequired":true,"valueName":"search_term_string"}}],"inLanguage":"ru-RU"}]}},"_links":{"self":[{"href":"https:\/\/bnreo.com.tr\/ru\/wp-json\/wp\/v2\/product\/28123","targetHints":{"allow":["GET"]}}],"collection":[{"href":"https:\/\/bnreo.com.tr\/ru\/wp-json\/wp\/v2\/product"}],"about":[{"href":"https:\/\/bnreo.com.tr\/ru\/wp-json\/wp\/v2\/types\/product"}],"replies":[{"embeddable":true,"href":"https:\/\/bnreo.com.tr\/ru\/wp-json\/wp\/v2\/comments?post=28123"}],"version-history":[{"count":1,"href":"https:\/\/bnreo.com.tr\/ru\/wp-json\/wp\/v2\/product\/28123\/revisions"}],"predecessor-version":[{"id":28125,"href":"https:\/\/bnreo.com.tr\/ru\/wp-json\/wp\/v2\/product\/28123\/revisions\/28125"}],"wp:featuredmedia":[{"embeddable":true,"href":"https:\/\/bnreo.com.tr\/ru\/wp-json\/wp\/v2\/media\/28124"}],"wp:attachment":[{"href":"https:\/\/bnreo.com.tr\/ru\/wp-json\/wp\/v2\/media?parent=28123"}],"wp:term":[{"taxonomy":"product_brand","embeddable":true,"href":"https:\/\/bnreo.com.tr\/ru\/wp-json\/wp\/v2\/product_brand?post=28123"},{"taxonomy":"product_cat","embeddable":true,"href":"https:\/\/bnreo.com.tr\/ru\/wp-json\/wp\/v2\/product_cat?post=28123"},{"taxonomy":"product_tag","embeddable":true,"href":"https:\/\/bnreo.com.tr\/ru\/wp-json\/wp\/v2\/product_tag?post=28123"}],"curies":[{"name":"wp","href":"https:\/\/api.w.org\/{rel}","templated":true}]}}