{"id":28117,"date":"2025-06-24T04:40:38","date_gmt":"2025-06-24T01:40:38","guid":{"rendered":"https:\/\/bnreo.com.tr\/?post_type=product&#038;p=28117"},"modified":"2025-06-24T04:40:38","modified_gmt":"2025-06-24T01:40:38","slug":"eco-vertex","status":"publish","type":"product","link":"https:\/\/bnreo.com.tr\/ru\/product\/eco-vertex\/","title":{"rendered":"\u042d\u043a\u043e \u0412\u0435\u0440\u0442\u0435\u043a\u0441"},"content":{"rendered":"<h2 data-start=\"152\" data-end=\"198\">\u0421\u0438\u0441\u0442\u0435\u043c\u0430 \u043e\u0431\u0440\u0430\u0442\u043d\u043e\u0433\u043e \u043e\u0441\u043c\u043e\u0441\u0430 \u0441\u0435\u0440\u0438\u0438 ECO VERTEX<\/h2>\n<h3 data-start=\"199\" data-end=\"232\">\u2699\ufe0f \u0421\u0442\u0430\u043d\u0434\u0430\u0440\u0442\u043d\u044b\u0435 \u0442\u0435\u0445\u043d\u0438\u0447\u0435\u0441\u043a\u0438\u0435 \u0445\u0430\u0440\u0430\u043a\u0442\u0435\u0440\u0438\u0441\u0442\u0438\u043a\u0438<\/h3>\n<ul data-start=\"234\" data-end=\"1178\">\n<li data-start=\"234\" data-end=\"299\">\n<p data-start=\"236\" data-end=\"299\"><strong data-start=\"236\" data-end=\"254\">\u042d\u0444\u0444\u0435\u043a\u0442\u0438\u0432\u043d\u043e\u0441\u0442\u044c \u043e\u0447\u0438\u0441\u0442\u043a\u0438:<\/strong> %96 oran\u0131nda y\u00fcksek safla\u015ft\u0131rma kapasitesi<\/p>\n<\/li>\n<li data-start=\"300\" data-end=\"349\">\n<p data-start=\"302\" data-end=\"349\"><strong data-start=\"302\" data-end=\"319\">\u0421\u0442\u0440\u043e\u0435\u043d\u0438\u0435 \u0442\u0435\u043b\u0430:<\/strong> \u041e\u043a\u0440\u0430\u0448\u0435\u043d\u043d\u043e\u0435 \u043f\u0440\u043e\u0447\u043d\u043e\u0435 \u0441\u0442\u0430\u043b\u044c\u043d\u043e\u0435 \u0448\u0430\u0441\u0441\u0438<\/p>\n<\/li>\n<li data-start=\"350\" data-end=\"425\">\n<p data-start=\"352\" data-end=\"425\"><strong data-start=\"352\" data-end=\"367\">\u0422\u0440\u0443\u0431\u043e\u043f\u0440\u043e\u0432\u043e\u0434:<\/strong> \u0422\u0440\u0443\u0431\u043e\u043f\u0440\u043e\u0432\u043e\u0434\u043d\u0430\u044f \u0441\u0438\u0441\u0442\u0435\u043c\u0430 Zonder \u0438\u0437 \u041f\u0412\u0425 \u043d\u0430 \u0432\u0445\u043e\u0434\u0435 \u0432 \u043e\u0442\u0445\u043e\u0434\u044b \u0438 \u043c\u0435\u043c\u0431\u0440\u0430\u043d\u0443<\/p>\n<\/li>\n<li data-start=\"426\" data-end=\"475\">\n<p data-start=\"428\" data-end=\"475\"><strong data-start=\"428\" data-end=\"438\">\u041d\u0430\u0441\u043e\u0441:<\/strong> \u0412\u044b\u0441\u043e\u043a\u043e\u044d\u0444\u0444\u0435\u043a\u0442\u0438\u0432\u043d\u044b\u0439 \u043d\u0430\u0441\u043e\u0441 \u0442\u0438\u043f\u0430 Rotoflow<\/p>\n<\/li>\n<li data-start=\"476\" data-end=\"542\">\n<p data-start=\"478\" data-end=\"542\"><strong data-start=\"478\" data-end=\"497\">\u041a\u043e\u043d\u0442\u0440\u043e\u043b\u044c \u0434\u043e\u0441\u0442\u0443\u043f\u0430:<\/strong> \u0410\u0432\u0442\u043e\u043c\u0430\u0442\u0438\u0447\u0435\u0441\u043a\u0438\u0439 \u0432\u043f\u0443\u0441\u043a\u043d\u043e\u0439 \u043a\u043b\u0430\u043f\u0430\u043d \u0441 \u044d\u043b\u0435\u043a\u0442\u0440\u043e\u043f\u0440\u0438\u0432\u043e\u0434\u043e\u043c<\/p>\n<\/li>\n<li data-start=\"543\" data-end=\"607\">\n<p data-start=\"545\" data-end=\"607\"><strong data-start=\"545\" data-end=\"561\">\u0418\u0437\u043c\u0435\u0440\u0435\u043d\u0438\u0435 \u0440\u0430\u0441\u0445\u043e\u0434\u0430:<\/strong> \u0422\u043e\u0447\u043d\u044b\u0435 \u0440\u0430\u0441\u0445\u043e\u0434\u043e\u043c\u0435\u0440\u044b \u0434\u043b\u044f \u0441\u0442\u043e\u0447\u043d\u044b\u0445 \u0438 \u043e\u0447\u0438\u0449\u0435\u043d\u043d\u044b\u0445 \u0432\u043e\u0434<\/p>\n<\/li>\n<li data-start=\"608\" data-end=\"671\">\n<p data-start=\"610\" data-end=\"671\"><strong data-start=\"610\" data-end=\"628\">\u0418\u0437\u043c\u0435\u0440\u0435\u043d\u0438\u0435 \u0434\u0430\u0432\u043b\u0435\u043d\u0438\u044f:<\/strong> \u0427\u0435\u0442\u043a\u0438\u0439 \u043c\u043e\u043d\u0438\u0442\u043e\u0440\u0438\u043d\u0433 \u0441 \u043f\u043e\u043c\u043e\u0449\u044c\u044e \u043c\u0430\u043d\u043e\u043c\u0435\u0442\u0440\u0430, \u0437\u0430\u043f\u043e\u043b\u043d\u0435\u043d\u043d\u043e\u0433\u043e \u0433\u043b\u0438\u0446\u0435\u0440\u0438\u043d\u043e\u043c<\/p>\n<\/li>\n<li data-start=\"672\" data-end=\"734\">\n<p data-start=\"674\" data-end=\"734\"><strong data-start=\"674\" data-end=\"692\">\u0420\u0435\u0433\u0443\u043b\u0438\u0440\u043e\u0432\u043a\u0430 \u0441\u0442\u043e\u0447\u043d\u044b\u0445 \u0432\u043e\u0434:<\/strong> \u0418\u0433\u043e\u043b\u044c\u0447\u0430\u0442\u044b\u0439 \u043f\u0440\u0435\u0446\u0438\u0437\u0438\u043e\u043d\u043d\u044b\u0439 \u0440\u0435\u0433\u0443\u043b\u0438\u0440\u0443\u044e\u0449\u0438\u0439 \u043a\u043b\u0430\u043f\u0430\u043d \u0441\u0442\u043e\u0447\u043d\u044b\u0445 \u0432\u043e\u0434 \u0438\u0437 \u043d\u0435\u0440\u0436\u0430\u0432\u0435\u044e\u0449\u0435\u0439 \u0441\u0442\u0430\u043b\u0438 SS316<\/p>\n<\/li>\n<li data-start=\"735\" data-end=\"798\">\n<p data-start=\"737\" data-end=\"798\"><strong data-start=\"737\" data-end=\"749\">\u041c\u0435\u043c\u0431\u0440\u0430\u043d\u0430:<\/strong> \u041c\u0435\u043c\u0431\u0440\u0430\u043d\u0430 \u0442\u0438\u043f\u0430 4040 \u0438 \u043f\u043e\u043a\u0440\u044b\u0442\u0438\u0435 \u043c\u0435\u043c\u0431\u0440\u0430\u043d\u044b FRP 300 PSI<\/p>\n<\/li>\n<li data-start=\"799\" data-end=\"867\">\n<p data-start=\"801\" data-end=\"867\"><strong data-start=\"801\" data-end=\"819\">\u0417\u0430\u0449\u0438\u0442\u0430 \u043e\u0442 \u0434\u0430\u0432\u043b\u0435\u043d\u0438\u044f:<\/strong> \u0411\u0435\u0437\u043e\u043f\u0430\u0441\u043d\u043e\u0441\u0442\u044c \u0441\u0438\u0441\u0442\u0435\u043c\u044b \u0441 \u0440\u0435\u043b\u0435 \u043d\u0438\u0437\u043a\u043e\u0433\u043e \u0434\u0430\u0432\u043b\u0435\u043d\u0438\u044f<\/p>\n<\/li>\n<li data-start=\"868\" data-end=\"937\">\n<p data-start=\"870\" data-end=\"937\"><strong data-start=\"870\" data-end=\"885\">\u041e\u0442\u0441\u043b\u0435\u0436\u0438\u0432\u0430\u043d\u0438\u0435 TDS:<\/strong> \u041c\u043e\u043d\u0438\u0442\u043e\u0440\u0438\u043d\u0433 \u043a\u0430\u0447\u0435\u0441\u0442\u0432\u0430 \u0432\u043e\u0434\u044b \u0441 \u043f\u043e\u043c\u043e\u0449\u044c\u044e TDS-\u043c\u0435\u0442\u0440\u0430 \u043f\u0430\u043d\u0435\u043b\u044c\u043d\u043e\u0433\u043e \u0442\u0438\u043f\u0430<\/p>\n<\/li>\n<li data-start=\"938\" data-end=\"992\">\n<p data-start=\"940\" data-end=\"992\"><strong data-start=\"940\" data-end=\"958\">\u0421\u0438\u0441\u0442\u0435\u043c\u0430 \u043e\u043f\u043e\u0432\u0435\u0449\u0435\u043d\u0438\u044f:<\/strong> \u041a\u043e\u043d\u0442\u0440\u043e\u043b\u044c\u043d\u044b\u0435 \u043b\u0430\u043c\u043f\u044b \u0441\u043e\u0441\u0442\u043e\u044f\u043d\u0438\u044f \u0438 \u0430\u0432\u0430\u0440\u0438\u0439\u043d\u044b\u0435 \u043e\u0433\u043d\u0438<\/p>\n<\/li>\n<li data-start=\"993\" data-end=\"1054\">\n<p data-start=\"995\" data-end=\"1054\"><strong data-start=\"995\" data-end=\"1015\">\u041a\u043e\u043d\u0442\u0440\u043e\u043b\u044c \u0443\u0440\u043e\u0432\u043d\u044f:<\/strong> \u041f\u043e\u043f\u043b\u0430\u0432\u043a\u043e\u0432\u044b\u0439 \u0432\u044b\u043a\u043b\u044e\u0447\u0430\u0442\u0435\u043b\u044c \u0443\u0440\u043e\u0432\u043d\u044f \u0434\u043b\u044f \u0440\u0435\u0437\u0435\u0440\u0432\u0443\u0430\u0440\u0430 \u0441 \u0433\u043e\u0442\u043e\u0432\u043e\u0439 \u0432\u043e\u0434\u043e\u0439<\/p>\n<\/li>\n<li data-start=\"1055\" data-end=\"1110\">\n<p data-start=\"1057\" data-end=\"1110\"><strong data-start=\"1057\" data-end=\"1075\">\u0414\u043e\u0437\u0438\u0440\u0443\u044e\u0449\u0438\u0439 \u043d\u0430\u0441\u043e\u0441:<\/strong> \u0414\u043e\u043f\u043e\u043b\u043d\u0438\u0442\u0435\u043b\u044c\u043d\u044b\u0439 \u0431\u043b\u043e\u043a \u0434\u043e\u0437\u0438\u0440\u043e\u0432\u0430\u043d\u0438\u044f \u0445\u0438\u043c\u0438\u043a\u0430\u0442\u043e\u0432<\/p>\n<\/li>\n<li data-start=\"1111\" data-end=\"1178\">\n<p data-start=\"1113\" data-end=\"1178\"><strong data-start=\"1113\" data-end=\"1135\">\u0424\u0443\u043d\u043a\u0446\u0438\u044f \u0441\u0442\u0438\u0440\u043a\u0438:<\/strong> \u0410\u0432\u0442\u043e\u043c\u0430\u0442\u0438\u0447\u0435\u0441\u043a\u0430\u044f \u043f\u0440\u043e\u043c\u044b\u0432\u043a\u0430 (\u0430\u0432\u0442\u043e\u043c\u0430\u0442\u0438\u0447\u0435\u0441\u043a\u0430\u044f \u0441\u0430\u043c\u043e\u043e\u0447\u0438\u0441\u0442\u043a\u0430)<\/p>\n<\/li>\n<\/ul>","protected":false},"excerpt":{"rendered":"<p>ECO VERTEX Serisi Reverse Osmosis Sistemi \u2699\ufe0f Standart Teknik \u00d6zellikler Ar\u0131tma Verimi: %96 oran\u0131nda y\u00fcksek safla\u015ft\u0131rma kapasitesi G\u00f6vde Yap\u0131s\u0131: Boyal\u0131<\/p>","protected":false},"featured_media":28118,"comment_status":"open","ping_status":"closed","template":"","meta":[],"product_brand":[],"product_cat":[81,37],"product_tag":[],"class_list":{"0":"post-28117","1":"product","2":"type-product","3":"status-publish","4":"has-post-thumbnail","6":"product_cat-cihazlar-urunler","7":"product_cat-endustriyel-su-aritma-sistemleri","9":"first","10":"instock","11":"shipping-taxable","12":"purchasable","13":"product-type-simple"},"yoast_head":"<!-- This site is optimized with the Yoast SEO plugin v25.3.1 - https:\/\/yoast.com\/wordpress\/plugins\/seo\/ -->\n<title>Eco Vertex - Bnreo | Su Ar\u0131tma Cihazlar\u0131<\/title>\n<meta name=\"robots\" content=\"index, follow, max-snippet:-1, max-image-preview:large, max-video-preview:-1\" \/>\n<link rel=\"canonical\" href=\"https:\/\/bnreo.com.tr\/ru\/product\/eco-vertex\/\" \/>\n<meta property=\"og:locale\" content=\"ru_RU\" \/>\n<meta property=\"og:type\" content=\"article\" \/>\n<meta property=\"og:title\" content=\"Eco Vertex - Bnreo | Su Ar\u0131tma Cihazlar\u0131\" \/>\n<meta property=\"og:description\" content=\"ECO VERTEX Serisi Reverse Osmosis Sistemi \u2699\ufe0f Standart Teknik \u00d6zellikler Ar\u0131tma Verimi: %96 oran\u0131nda y\u00fcksek safla\u015ft\u0131rma kapasitesi G\u00f6vde Yap\u0131s\u0131: Boyal\u0131\" \/>\n<meta property=\"og:url\" content=\"https:\/\/bnreo.com.tr\/ru\/product\/eco-vertex\/\" \/>\n<meta property=\"og:site_name\" content=\"Bnreo | Su Ar\u0131tma Cihazlar\u0131\" \/>\n<meta property=\"og:image\" content=\"https:\/\/bnreo.com.tr\/wp-content\/uploads\/2025\/06\/ergin_teknik-vertex-kopya-01-600x600-1.jpg\" \/>\n\t<meta property=\"og:image:width\" content=\"600\" \/>\n\t<meta property=\"og:image:height\" content=\"600\" \/>\n\t<meta property=\"og:image:type\" content=\"image\/jpeg\" \/>\n<meta name=\"twitter:card\" content=\"summary_large_image\" \/>\n<meta name=\"twitter:label1\" content=\"\u041f\u0440\u0438\u043c\u0435\u0440\u043d\u043e\u0435 \u0432\u0440\u0435\u043c\u044f \u0434\u043b\u044f \u0447\u0442\u0435\u043d\u0438\u044f\" \/>\n\t<meta name=\"twitter:data1\" content=\"1 \u043c\u0438\u043d\u0443\u0442\u0430\" \/>\n<script type=\"application\/ld+json\" class=\"yoast-schema-graph\">{\"@context\":\"https:\/\/schema.org\",\"@graph\":[{\"@type\":\"WebPage\",\"@id\":\"https:\/\/bnreo.com.tr\/product\/eco-vertex\/\",\"url\":\"https:\/\/bnreo.com.tr\/product\/eco-vertex\/\",\"name\":\"Eco Vertex - Bnreo | Su Ar\u0131tma Cihazlar\u0131\",\"isPartOf\":{\"@id\":\"https:\/\/bnreo.com.tr\/#website\"},\"primaryImageOfPage\":{\"@id\":\"https:\/\/bnreo.com.tr\/product\/eco-vertex\/#primaryimage\"},\"image\":{\"@id\":\"https:\/\/bnreo.com.tr\/product\/eco-vertex\/#primaryimage\"},\"thumbnailUrl\":\"https:\/\/bnreo.com.tr\/wp-content\/uploads\/2025\/06\/ergin_teknik-vertex-kopya-01-600x600-1.jpg\",\"datePublished\":\"2025-06-24T01:40:38+00:00\",\"breadcrumb\":{\"@id\":\"https:\/\/bnreo.com.tr\/product\/eco-vertex\/#breadcrumb\"},\"inLanguage\":\"ru-RU\",\"potentialAction\":[{\"@type\":\"ReadAction\",\"target\":[\"https:\/\/bnreo.com.tr\/product\/eco-vertex\/\"]}]},{\"@type\":\"ImageObject\",\"inLanguage\":\"ru-RU\",\"@id\":\"https:\/\/bnreo.com.tr\/product\/eco-vertex\/#primaryimage\",\"url\":\"https:\/\/bnreo.com.tr\/wp-content\/uploads\/2025\/06\/ergin_teknik-vertex-kopya-01-600x600-1.jpg\",\"contentUrl\":\"https:\/\/bnreo.com.tr\/wp-content\/uploads\/2025\/06\/ergin_teknik-vertex-kopya-01-600x600-1.jpg\",\"width\":600,\"height\":600},{\"@type\":\"BreadcrumbList\",\"@id\":\"https:\/\/bnreo.com.tr\/product\/eco-vertex\/#breadcrumb\",\"itemListElement\":[{\"@type\":\"ListItem\",\"position\":1,\"name\":\"Anasayfa\",\"item\":\"https:\/\/bnreo.com.tr\/\"},{\"@type\":\"ListItem\",\"position\":2,\"name\":\"Ma\u011faza\",\"item\":\"https:\/\/bnreo.com.tr\/magaza\/\"},{\"@type\":\"ListItem\",\"position\":3,\"name\":\"Eco Vertex\"}]},{\"@type\":\"WebSite\",\"@id\":\"https:\/\/bnreo.com.tr\/#website\",\"url\":\"https:\/\/bnreo.com.tr\/\",\"name\":\"Bnreo | Su Ar\u0131tma Cihazlar\u0131\",\"description\":\"Bnreo | Su Ar\u0131tma Cihazlar\u0131\",\"potentialAction\":[{\"@type\":\"SearchAction\",\"target\":{\"@type\":\"EntryPoint\",\"urlTemplate\":\"https:\/\/bnreo.com.tr\/?s={search_term_string}\"},\"query-input\":{\"@type\":\"PropertyValueSpecification\",\"valueRequired\":true,\"valueName\":\"search_term_string\"}}],\"inLanguage\":\"ru-RU\"}]}<\/script>\n<!-- \/ Yoast SEO plugin. -->","yoast_head_json":{"title":"Eco Vertex - Bnreo | Su Ar\u0131tma Cihazlar\u0131","robots":{"index":"index","follow":"follow","max-snippet":"max-snippet:-1","max-image-preview":"max-image-preview:large","max-video-preview":"max-video-preview:-1"},"canonical":"https:\/\/bnreo.com.tr\/ru\/product\/eco-vertex\/","og_locale":"ru_RU","og_type":"article","og_title":"Eco Vertex - Bnreo | Su Ar\u0131tma Cihazlar\u0131","og_description":"ECO VERTEX Serisi Reverse Osmosis Sistemi \u2699\ufe0f Standart Teknik \u00d6zellikler Ar\u0131tma Verimi: %96 oran\u0131nda y\u00fcksek safla\u015ft\u0131rma kapasitesi G\u00f6vde Yap\u0131s\u0131: Boyal\u0131","og_url":"https:\/\/bnreo.com.tr\/ru\/product\/eco-vertex\/","og_site_name":"Bnreo | Su Ar\u0131tma Cihazlar\u0131","og_image":[{"width":600,"height":600,"url":"https:\/\/bnreo.com.tr\/wp-content\/uploads\/2025\/06\/ergin_teknik-vertex-kopya-01-600x600-1.jpg","type":"image\/jpeg"}],"twitter_card":"summary_large_image","twitter_misc":{"\u041f\u0440\u0438\u043c\u0435\u0440\u043d\u043e\u0435 \u0432\u0440\u0435\u043c\u044f \u0434\u043b\u044f \u0447\u0442\u0435\u043d\u0438\u044f":"1 \u043c\u0438\u043d\u0443\u0442\u0430"},"schema":{"@context":"https:\/\/schema.org","@graph":[{"@type":"WebPage","@id":"https:\/\/bnreo.com.tr\/product\/eco-vertex\/","url":"https:\/\/bnreo.com.tr\/product\/eco-vertex\/","name":"Eco Vertex - Bnreo | Su Ar\u0131tma Cihazlar\u0131","isPartOf":{"@id":"https:\/\/bnreo.com.tr\/#website"},"primaryImageOfPage":{"@id":"https:\/\/bnreo.com.tr\/product\/eco-vertex\/#primaryimage"},"image":{"@id":"https:\/\/bnreo.com.tr\/product\/eco-vertex\/#primaryimage"},"thumbnailUrl":"https:\/\/bnreo.com.tr\/wp-content\/uploads\/2025\/06\/ergin_teknik-vertex-kopya-01-600x600-1.jpg","datePublished":"2025-06-24T01:40:38+00:00","breadcrumb":{"@id":"https:\/\/bnreo.com.tr\/product\/eco-vertex\/#breadcrumb"},"inLanguage":"ru-RU","potentialAction":[{"@type":"ReadAction","target":["https:\/\/bnreo.com.tr\/product\/eco-vertex\/"]}]},{"@type":"ImageObject","inLanguage":"ru-RU","@id":"https:\/\/bnreo.com.tr\/product\/eco-vertex\/#primaryimage","url":"https:\/\/bnreo.com.tr\/wp-content\/uploads\/2025\/06\/ergin_teknik-vertex-kopya-01-600x600-1.jpg","contentUrl":"https:\/\/bnreo.com.tr\/wp-content\/uploads\/2025\/06\/ergin_teknik-vertex-kopya-01-600x600-1.jpg","width":600,"height":600},{"@type":"BreadcrumbList","@id":"https:\/\/bnreo.com.tr\/product\/eco-vertex\/#breadcrumb","itemListElement":[{"@type":"ListItem","position":1,"name":"Anasayfa","item":"https:\/\/bnreo.com.tr\/"},{"@type":"ListItem","position":2,"name":"Ma\u011faza","item":"https:\/\/bnreo.com.tr\/magaza\/"},{"@type":"ListItem","position":3,"name":"Eco Vertex"}]},{"@type":"WebSite","@id":"https:\/\/bnreo.com.tr\/#website","url":"https:\/\/bnreo.com.tr\/","name":"Bnreo | Su Ar\u0131tma Cihazlar\u0131","description":"Bnreo | Su Ar\u0131tma Cihazlar\u0131","potentialAction":[{"@type":"SearchAction","target":{"@type":"EntryPoint","urlTemplate":"https:\/\/bnreo.com.tr\/?s={search_term_string}"},"query-input":{"@type":"PropertyValueSpecification","valueRequired":true,"valueName":"search_term_string"}}],"inLanguage":"ru-RU"}]}},"_links":{"self":[{"href":"https:\/\/bnreo.com.tr\/ru\/wp-json\/wp\/v2\/product\/28117","targetHints":{"allow":["GET"]}}],"collection":[{"href":"https:\/\/bnreo.com.tr\/ru\/wp-json\/wp\/v2\/product"}],"about":[{"href":"https:\/\/bnreo.com.tr\/ru\/wp-json\/wp\/v2\/types\/product"}],"replies":[{"embeddable":true,"href":"https:\/\/bnreo.com.tr\/ru\/wp-json\/wp\/v2\/comments?post=28117"}],"version-history":[{"count":1,"href":"https:\/\/bnreo.com.tr\/ru\/wp-json\/wp\/v2\/product\/28117\/revisions"}],"predecessor-version":[{"id":28119,"href":"https:\/\/bnreo.com.tr\/ru\/wp-json\/wp\/v2\/product\/28117\/revisions\/28119"}],"wp:featuredmedia":[{"embeddable":true,"href":"https:\/\/bnreo.com.tr\/ru\/wp-json\/wp\/v2\/media\/28118"}],"wp:attachment":[{"href":"https:\/\/bnreo.com.tr\/ru\/wp-json\/wp\/v2\/media?parent=28117"}],"wp:term":[{"taxonomy":"product_brand","embeddable":true,"href":"https:\/\/bnreo.com.tr\/ru\/wp-json\/wp\/v2\/product_brand?post=28117"},{"taxonomy":"product_cat","embeddable":true,"href":"https:\/\/bnreo.com.tr\/ru\/wp-json\/wp\/v2\/product_cat?post=28117"},{"taxonomy":"product_tag","embeddable":true,"href":"https:\/\/bnreo.com.tr\/ru\/wp-json\/wp\/v2\/product_tag?post=28117"}],"curies":[{"name":"wp","href":"https:\/\/api.w.org\/{rel}","templated":true}]}}