{"id":28111,"date":"2025-06-24T04:39:18","date_gmt":"2025-06-24T01:39:18","guid":{"rendered":"https:\/\/bnreo.com.tr\/?post_type=product&#038;p=28111"},"modified":"2025-06-24T04:39:19","modified_gmt":"2025-06-24T01:39:19","slug":"apex","status":"publish","type":"product","link":"https:\/\/bnreo.com.tr\/ru\/product\/apex\/","title":{"rendered":"\u0410\u043f\u0435\u043a\u0441"},"content":{"rendered":"<h2 data-start=\"165\" data-end=\"205\">\u0421\u0438\u0441\u0442\u0435\u043c\u0430 \u043e\u0431\u0440\u0430\u0442\u043d\u043e\u0433\u043e \u043e\u0441\u043c\u043e\u0441\u0430 \u0441\u0435\u0440\u0438\u0438 APEX<\/h2>\n<h3 data-start=\"206\" data-end=\"239\">\ud83d\udd27 \u0421\u0442\u0430\u043d\u0434\u0430\u0440\u0442\u043d\u044b\u0435 \u0442\u0435\u0445\u043d\u0438\u0447\u0435\u0441\u043a\u0438\u0435 \u0445\u0430\u0440\u0430\u043a\u0442\u0435\u0440\u0438\u0441\u0442\u0438\u043a\u0438<\/h3>\n<ul data-start=\"241\" data-end=\"950\">\n<li data-start=\"241\" data-end=\"307\">\n<p data-start=\"243\" data-end=\"307\"><strong data-start=\"243\" data-end=\"266\">\u042d\u0444\u0444\u0435\u043a\u0442\u0438\u0432\u043d\u043e\u0441\u0442\u044c \u043e\u0447\u0438\u0441\u0442\u043a\u0438 :<\/strong> %96\u2019ya varan y\u00fcksek ar\u0131tma performans\u0131<\/p>\n<\/li>\n<li data-start=\"308\" data-end=\"364\">\n<p data-start=\"310\" data-end=\"364\"><strong data-start=\"310\" data-end=\"327\">\u0421\u0442\u0440\u043e\u0435\u043d\u0438\u0435 \u0442\u0435\u043b\u0430:<\/strong> \u041a\u043e\u0440\u043f\u0443\u0441 \u0438\u0437 \u043d\u0435\u0440\u0436\u0430\u0432\u0435\u044e\u0449\u0435\u0439 \u0441\u0442\u0430\u043b\u0438 \u043c\u0430\u0440\u043a\u0438 SS 304<\/p>\n<\/li>\n<li data-start=\"365\" data-end=\"424\">\n<p data-start=\"367\" data-end=\"424\"><strong data-start=\"367\" data-end=\"382\">\u0422\u0440\u0443\u0431\u043e\u043f\u0440\u043e\u0432\u043e\u0434:<\/strong> \u0421\u0438\u0441\u0442\u0435\u043c\u0430 \u0442\u0440\u0443\u0431\u043e\u043f\u0440\u043e\u0432\u043e\u0434\u043e\u0432 \u0438\u0437 \u043d\u0435\u0440\u0436\u0430\u0432\u0435\u044e\u0449\u0435\u0439 \u0441\u0442\u0430\u043b\u0438 SS 304<\/p>\n<\/li>\n<li data-start=\"425\" data-end=\"488\">\n<p data-start=\"427\" data-end=\"488\"><strong data-start=\"427\" data-end=\"437\">\u041d\u0430\u0441\u043e\u0441:<\/strong> \u0426\u0435\u043d\u0442\u0440\u043e\u0431\u0435\u0436\u043d\u044b\u0439 \u043d\u0430\u0441\u043e\u0441 \u0441 \u0432\u0435\u0440\u0442\u0438\u043a\u0430\u043b\u044c\u043d\u044b\u043c \u0432\u0430\u043b\u043e\u043c \u0438\u0437 \u043d\u0435\u0440\u0436\u0430\u0432\u0435\u044e\u0449\u0435\u0439 \u0441\u0442\u0430\u043b\u0438 SS 304<\/p>\n<\/li>\n<li data-start=\"489\" data-end=\"553\">\n<p data-start=\"491\" data-end=\"553\"><strong data-start=\"491\" data-end=\"510\">\u041a\u043e\u043d\u0442\u0440\u043e\u043b\u044c \u0434\u043e\u0441\u0442\u0443\u043f\u0430:<\/strong> \u0410\u0432\u0442\u043e\u043c\u0430\u0442\u0438\u0447\u0435\u0441\u043a\u0438\u0439 \u0432\u043f\u0443\u0441\u043a\u043d\u043e\u0439 \u043a\u043b\u0430\u043f\u0430\u043d \u0441 \u044d\u043b\u0435\u043a\u0442\u0440\u043e\u0443\u043f\u0440\u0430\u0432\u043b\u0435\u043d\u0438\u0435\u043c<\/p>\n<\/li>\n<li data-start=\"554\" data-end=\"619\">\n<p data-start=\"556\" data-end=\"619\"><strong data-start=\"556\" data-end=\"572\">\u0418\u0437\u043c\u0435\u0440\u0435\u043d\u0438\u0435 \u0440\u0430\u0441\u0445\u043e\u0434\u0430:<\/strong> \u0422\u043e\u0447\u043d\u044b\u0435 \u0440\u0430\u0441\u0445\u043e\u0434\u043e\u043c\u0435\u0440\u044b \u0434\u043b\u044f \u0441\u0442\u043e\u0447\u043d\u044b\u0445 \u0438 \u043e\u0447\u0438\u0449\u0435\u043d\u043d\u044b\u0445 \u0432\u043e\u0434<\/p>\n<\/li>\n<li data-start=\"620\" data-end=\"682\">\n<p data-start=\"622\" data-end=\"682\"><strong data-start=\"622\" data-end=\"643\">\u041a\u043e\u043d\u0442\u0440\u043e\u043b\u044c \u0441\u0442\u043e\u0447\u043d\u044b\u0445 \u0432\u043e\u0434:<\/strong> \u0420\u0435\u0433\u0443\u043b\u0438\u0440\u0443\u0435\u043c\u044b\u0439 \u043a\u043b\u0430\u043f\u0430\u043d \u0441\u043b\u0438\u0432\u0430 \u0441\u0442\u043e\u0447\u043d\u044b\u0445 \u0432\u043e\u0434<\/p>\n<\/li>\n<li data-start=\"683\" data-end=\"757\">\n<p data-start=\"685\" data-end=\"757\"><strong data-start=\"685\" data-end=\"709\">\u041c\u0435\u043c\u0431\u0440\u0430\u043d\u043d\u0430\u044f \u0442\u0435\u0445\u043d\u043e\u043b\u043e\u0433\u0438\u044f:<\/strong> \u041a\u0440\u044b\u0448\u043a\u0430 \u043c\u0435\u043c\u0431\u0440\u0430\u043d\u044b FRP 300 PSI \u0438 \u043c\u0435\u043c\u0431\u0440\u0430\u043d\u0430 \u0442\u0438\u043f\u0430 8040<\/p>\n<\/li>\n<li data-start=\"758\" data-end=\"805\">\n<p data-start=\"760\" data-end=\"805\"><strong data-start=\"760\" data-end=\"772\">\u0410\u043f\u043f\u0430\u0440\u0430\u0442\u043d\u043e\u0435 \u043e\u0431\u0435\u0441\u043f\u0435\u0447\u0435\u043d\u0438\u0435:<\/strong> Altor (\u0441\u0438\u0441\u0442\u0435\u043c\u0430 \u043f\u0440\u0435\u0434\u0432\u0430\u0440\u0438\u0442\u0435\u043b\u044c\u043d\u043e\u0439 \u0444\u0438\u043b\u044c\u0442\u0440\u0430\u0446\u0438\u0438)<\/p>\n<\/li>\n<li data-start=\"806\" data-end=\"874\">\n<p data-start=\"808\" data-end=\"874\"><strong data-start=\"808\" data-end=\"828\">\u0425\u0438\u043c\u0438\u0447\u0435\u0441\u043a\u0430\u044f \u043f\u043e\u0434\u0434\u0435\u0440\u0436\u043a\u0430:<\/strong> \u041f\u043e\u0434\u0430\u0447\u0430 \u0445\u0438\u043c\u0438\u043a\u0430\u0442\u043e\u0432 \u0441 \u043f\u043e\u043c\u043e\u0449\u044c\u044e \u0430\u0432\u0442\u043e\u043c\u0430\u0442\u0438\u0447\u0435\u0441\u043a\u043e\u0433\u043e \u0434\u043e\u0437\u0438\u0440\u043e\u0432\u043e\u0447\u043d\u043e\u0433\u043e \u043d\u0430\u0441\u043e\u0441\u0430<\/p>\n<\/li>\n<li data-start=\"875\" data-end=\"950\">\n<p data-start=\"877\" data-end=\"950\"><strong data-start=\"877\" data-end=\"897\">\u0424\u0443\u043d\u043a\u0446\u0438\u044f \u0441\u0442\u0438\u0440\u043a\u0438:<\/strong> \u0410\u0432\u0442\u043e\u043c\u0430\u0442\u0438\u0447\u0435\u0441\u043a\u0430\u044f \u043f\u0440\u043e\u043c\u044b\u0432\u043a\u0430 (\u0444\u0443\u043d\u043a\u0446\u0438\u044f \u0430\u0432\u0442\u043e\u043c\u0430\u0442\u0438\u0447\u0435\u0441\u043a\u043e\u0439 \u043e\u0447\u0438\u0441\u0442\u043a\u0438 \u0441\u0438\u0441\u0442\u0435\u043c\u044b)<\/p>\n<\/li>\n<\/ul>","protected":false},"excerpt":{"rendered":"<p>APEX Serisi Reverse Osmosis Sistemi \ud83d\udd27 Standart Teknik \u00d6zellikler Safla\u015ft\u0131rma Verimi: %96\u2019ya varan y\u00fcksek ar\u0131tma performans\u0131 G\u00f6vde Yap\u0131s\u0131: SS 304<\/p>","protected":false},"featured_media":28112,"comment_status":"open","ping_status":"closed","template":"","meta":[],"product_brand":[],"product_cat":[81,37],"product_tag":[],"class_list":{"0":"post-28111","1":"product","2":"type-product","3":"status-publish","4":"has-post-thumbnail","6":"product_cat-cihazlar-urunler","7":"product_cat-endustriyel-su-aritma-sistemleri","9":"first","10":"instock","11":"shipping-taxable","12":"purchasable","13":"product-type-simple"},"yoast_head":"<!-- This site is optimized with the Yoast SEO plugin v25.3.1 - https:\/\/yoast.com\/wordpress\/plugins\/seo\/ -->\n<title>Apex - Bnreo | Su Ar\u0131tma Cihazlar\u0131<\/title>\n<meta name=\"robots\" content=\"index, follow, max-snippet:-1, max-image-preview:large, max-video-preview:-1\" \/>\n<link rel=\"canonical\" href=\"https:\/\/bnreo.com.tr\/ru\/product\/apex\/\" \/>\n<meta property=\"og:locale\" content=\"ru_RU\" \/>\n<meta property=\"og:type\" content=\"article\" \/>\n<meta property=\"og:title\" content=\"Apex - Bnreo | Su Ar\u0131tma Cihazlar\u0131\" \/>\n<meta property=\"og:description\" content=\"APEX Serisi Reverse Osmosis Sistemi \ud83d\udd27 Standart Teknik \u00d6zellikler Safla\u015ft\u0131rma Verimi: %96\u2019ya varan y\u00fcksek ar\u0131tma performans\u0131 G\u00f6vde Yap\u0131s\u0131: SS 304\" \/>\n<meta property=\"og:url\" content=\"https:\/\/bnreo.com.tr\/ru\/product\/apex\/\" \/>\n<meta property=\"og:site_name\" content=\"Bnreo | Su Ar\u0131tma Cihazlar\u0131\" \/>\n<meta property=\"article:modified_time\" content=\"2025-06-24T01:39:19+00:00\" \/>\n<meta property=\"og:image\" content=\"https:\/\/bnreo.com.tr\/wp-content\/uploads\/2025\/06\/ergin_teknik-vertex-02-600x450-1.png\" \/>\n\t<meta property=\"og:image:width\" content=\"600\" \/>\n\t<meta property=\"og:image:height\" content=\"450\" \/>\n\t<meta property=\"og:image:type\" content=\"image\/png\" \/>\n<meta name=\"twitter:card\" content=\"summary_large_image\" \/>\n<meta name=\"twitter:label1\" content=\"\u041f\u0440\u0438\u043c\u0435\u0440\u043d\u043e\u0435 \u0432\u0440\u0435\u043c\u044f \u0434\u043b\u044f \u0447\u0442\u0435\u043d\u0438\u044f\" \/>\n\t<meta name=\"twitter:data1\" content=\"1 \u043c\u0438\u043d\u0443\u0442\u0430\" \/>\n<script type=\"application\/ld+json\" class=\"yoast-schema-graph\">{\"@context\":\"https:\/\/schema.org\",\"@graph\":[{\"@type\":\"WebPage\",\"@id\":\"https:\/\/bnreo.com.tr\/product\/apex\/\",\"url\":\"https:\/\/bnreo.com.tr\/product\/apex\/\",\"name\":\"Apex - Bnreo | Su Ar\u0131tma Cihazlar\u0131\",\"isPartOf\":{\"@id\":\"https:\/\/bnreo.com.tr\/#website\"},\"primaryImageOfPage\":{\"@id\":\"https:\/\/bnreo.com.tr\/product\/apex\/#primaryimage\"},\"image\":{\"@id\":\"https:\/\/bnreo.com.tr\/product\/apex\/#primaryimage\"},\"thumbnailUrl\":\"https:\/\/bnreo.com.tr\/wp-content\/uploads\/2025\/06\/ergin_teknik-vertex-02-600x450-1.png\",\"datePublished\":\"2025-06-24T01:39:18+00:00\",\"dateModified\":\"2025-06-24T01:39:19+00:00\",\"breadcrumb\":{\"@id\":\"https:\/\/bnreo.com.tr\/product\/apex\/#breadcrumb\"},\"inLanguage\":\"ru-RU\",\"potentialAction\":[{\"@type\":\"ReadAction\",\"target\":[\"https:\/\/bnreo.com.tr\/product\/apex\/\"]}]},{\"@type\":\"ImageObject\",\"inLanguage\":\"ru-RU\",\"@id\":\"https:\/\/bnreo.com.tr\/product\/apex\/#primaryimage\",\"url\":\"https:\/\/bnreo.com.tr\/wp-content\/uploads\/2025\/06\/ergin_teknik-vertex-02-600x450-1.png\",\"contentUrl\":\"https:\/\/bnreo.com.tr\/wp-content\/uploads\/2025\/06\/ergin_teknik-vertex-02-600x450-1.png\",\"width\":600,\"height\":450},{\"@type\":\"BreadcrumbList\",\"@id\":\"https:\/\/bnreo.com.tr\/product\/apex\/#breadcrumb\",\"itemListElement\":[{\"@type\":\"ListItem\",\"position\":1,\"name\":\"Anasayfa\",\"item\":\"https:\/\/bnreo.com.tr\/\"},{\"@type\":\"ListItem\",\"position\":2,\"name\":\"Ma\u011faza\",\"item\":\"https:\/\/bnreo.com.tr\/magaza\/\"},{\"@type\":\"ListItem\",\"position\":3,\"name\":\"Apex\"}]},{\"@type\":\"WebSite\",\"@id\":\"https:\/\/bnreo.com.tr\/#website\",\"url\":\"https:\/\/bnreo.com.tr\/\",\"name\":\"Bnreo | Su Ar\u0131tma Cihazlar\u0131\",\"description\":\"Bnreo | Su Ar\u0131tma Cihazlar\u0131\",\"potentialAction\":[{\"@type\":\"SearchAction\",\"target\":{\"@type\":\"EntryPoint\",\"urlTemplate\":\"https:\/\/bnreo.com.tr\/?s={search_term_string}\"},\"query-input\":{\"@type\":\"PropertyValueSpecification\",\"valueRequired\":true,\"valueName\":\"search_term_string\"}}],\"inLanguage\":\"ru-RU\"}]}<\/script>\n<!-- \/ Yoast SEO plugin. -->","yoast_head_json":{"title":"Apex - Bnreo | Su Ar\u0131tma Cihazlar\u0131","robots":{"index":"index","follow":"follow","max-snippet":"max-snippet:-1","max-image-preview":"max-image-preview:large","max-video-preview":"max-video-preview:-1"},"canonical":"https:\/\/bnreo.com.tr\/ru\/product\/apex\/","og_locale":"ru_RU","og_type":"article","og_title":"Apex - Bnreo | Su Ar\u0131tma Cihazlar\u0131","og_description":"APEX Serisi Reverse Osmosis Sistemi \ud83d\udd27 Standart Teknik \u00d6zellikler Safla\u015ft\u0131rma Verimi: %96\u2019ya varan y\u00fcksek ar\u0131tma performans\u0131 G\u00f6vde Yap\u0131s\u0131: SS 304","og_url":"https:\/\/bnreo.com.tr\/ru\/product\/apex\/","og_site_name":"Bnreo | Su Ar\u0131tma Cihazlar\u0131","article_modified_time":"2025-06-24T01:39:19+00:00","og_image":[{"width":600,"height":450,"url":"https:\/\/bnreo.com.tr\/wp-content\/uploads\/2025\/06\/ergin_teknik-vertex-02-600x450-1.png","type":"image\/png"}],"twitter_card":"summary_large_image","twitter_misc":{"\u041f\u0440\u0438\u043c\u0435\u0440\u043d\u043e\u0435 \u0432\u0440\u0435\u043c\u044f \u0434\u043b\u044f \u0447\u0442\u0435\u043d\u0438\u044f":"1 \u043c\u0438\u043d\u0443\u0442\u0430"},"schema":{"@context":"https:\/\/schema.org","@graph":[{"@type":"WebPage","@id":"https:\/\/bnreo.com.tr\/product\/apex\/","url":"https:\/\/bnreo.com.tr\/product\/apex\/","name":"Apex - Bnreo | Su Ar\u0131tma Cihazlar\u0131","isPartOf":{"@id":"https:\/\/bnreo.com.tr\/#website"},"primaryImageOfPage":{"@id":"https:\/\/bnreo.com.tr\/product\/apex\/#primaryimage"},"image":{"@id":"https:\/\/bnreo.com.tr\/product\/apex\/#primaryimage"},"thumbnailUrl":"https:\/\/bnreo.com.tr\/wp-content\/uploads\/2025\/06\/ergin_teknik-vertex-02-600x450-1.png","datePublished":"2025-06-24T01:39:18+00:00","dateModified":"2025-06-24T01:39:19+00:00","breadcrumb":{"@id":"https:\/\/bnreo.com.tr\/product\/apex\/#breadcrumb"},"inLanguage":"ru-RU","potentialAction":[{"@type":"ReadAction","target":["https:\/\/bnreo.com.tr\/product\/apex\/"]}]},{"@type":"ImageObject","inLanguage":"ru-RU","@id":"https:\/\/bnreo.com.tr\/product\/apex\/#primaryimage","url":"https:\/\/bnreo.com.tr\/wp-content\/uploads\/2025\/06\/ergin_teknik-vertex-02-600x450-1.png","contentUrl":"https:\/\/bnreo.com.tr\/wp-content\/uploads\/2025\/06\/ergin_teknik-vertex-02-600x450-1.png","width":600,"height":450},{"@type":"BreadcrumbList","@id":"https:\/\/bnreo.com.tr\/product\/apex\/#breadcrumb","itemListElement":[{"@type":"ListItem","position":1,"name":"Anasayfa","item":"https:\/\/bnreo.com.tr\/"},{"@type":"ListItem","position":2,"name":"Ma\u011faza","item":"https:\/\/bnreo.com.tr\/magaza\/"},{"@type":"ListItem","position":3,"name":"Apex"}]},{"@type":"WebSite","@id":"https:\/\/bnreo.com.tr\/#website","url":"https:\/\/bnreo.com.tr\/","name":"Bnreo | Su Ar\u0131tma Cihazlar\u0131","description":"Bnreo | Su Ar\u0131tma Cihazlar\u0131","potentialAction":[{"@type":"SearchAction","target":{"@type":"EntryPoint","urlTemplate":"https:\/\/bnreo.com.tr\/?s={search_term_string}"},"query-input":{"@type":"PropertyValueSpecification","valueRequired":true,"valueName":"search_term_string"}}],"inLanguage":"ru-RU"}]}},"_links":{"self":[{"href":"https:\/\/bnreo.com.tr\/ru\/wp-json\/wp\/v2\/product\/28111","targetHints":{"allow":["GET"]}}],"collection":[{"href":"https:\/\/bnreo.com.tr\/ru\/wp-json\/wp\/v2\/product"}],"about":[{"href":"https:\/\/bnreo.com.tr\/ru\/wp-json\/wp\/v2\/types\/product"}],"replies":[{"embeddable":true,"href":"https:\/\/bnreo.com.tr\/ru\/wp-json\/wp\/v2\/comments?post=28111"}],"version-history":[{"count":1,"href":"https:\/\/bnreo.com.tr\/ru\/wp-json\/wp\/v2\/product\/28111\/revisions"}],"predecessor-version":[{"id":28113,"href":"https:\/\/bnreo.com.tr\/ru\/wp-json\/wp\/v2\/product\/28111\/revisions\/28113"}],"wp:featuredmedia":[{"embeddable":true,"href":"https:\/\/bnreo.com.tr\/ru\/wp-json\/wp\/v2\/media\/28112"}],"wp:attachment":[{"href":"https:\/\/bnreo.com.tr\/ru\/wp-json\/wp\/v2\/media?parent=28111"}],"wp:term":[{"taxonomy":"product_brand","embeddable":true,"href":"https:\/\/bnreo.com.tr\/ru\/wp-json\/wp\/v2\/product_brand?post=28111"},{"taxonomy":"product_cat","embeddable":true,"href":"https:\/\/bnreo.com.tr\/ru\/wp-json\/wp\/v2\/product_cat?post=28111"},{"taxonomy":"product_tag","embeddable":true,"href":"https:\/\/bnreo.com.tr\/ru\/wp-json\/wp\/v2\/product_tag?post=28111"}],"curies":[{"name":"wp","href":"https:\/\/api.w.org\/{rel}","templated":true}]}}