{"id":27937,"date":"2025-06-24T02:25:16","date_gmt":"2025-06-23T23:25:16","guid":{"rendered":"https:\/\/bnreo.com.tr\/?page_id=27937"},"modified":"2025-06-24T02:29:43","modified_gmt":"2025-06-23T23:29:43","slug":"evsel-cozumler","status":"publish","type":"page","link":"https:\/\/bnreo.com.tr\/ru\/evsel-cozumler\/","title":{"rendered":"\u0420\u0435\u0448\u0435\u043d\u0438\u044f \u0434\u043b\u044f \u0434\u043e\u043c\u0430"},"content":{"rendered":"<div data-elementor-type=\"wp-page\" data-elementor-id=\"27937\" class=\"elementor elementor-27937\">\n\t\t\t\t<div class=\"wd-negative-gap elementor-element elementor-element-37f957c e-flex e-con-boxed elementor-invisible e-con e-parent\" data-id=\"37f957c\" data-element_type=\"container\" data-settings=\"{&quot;animation&quot;:&quot;fadeInUp&quot;}\">\n\t\t\t\t\t<div class=\"e-con-inner\">\n\t\t<div class=\"elementor-element elementor-element-c54b9a3 e-con-full e-flex e-con e-child\" data-id=\"c54b9a3\" data-element_type=\"container\">\n\t\t\t\t<div class=\"elementor-element elementor-element-7821e11 color-scheme-inherit text-left elementor-widget elementor-widget-text-editor\" data-id=\"7821e11\" data-element_type=\"widget\" data-widget_type=\"text-editor.default\">\n\t\t\t\t<div class=\"elementor-widget-container\">\n\t\t\t\t\t\t\t\t\t<p data-start=\"180\" data-end=\"771\">\u0421\u0435\u0433\u043e\u0434\u043d\u044f \u0440\u0430\u0441\u0442\u0443\u0449\u0435\u0435 \u0437\u0430\u0433\u0440\u044f\u0437\u043d\u0435\u043d\u0438\u0435 \u043e\u043a\u0440\u0443\u0436\u0430\u044e\u0449\u0435\u0439 \u0441\u0440\u0435\u0434\u044b, \u043f\u0440\u043e\u0431\u043b\u0435\u043c\u044b \u0438\u043d\u0444\u0440\u0430\u0441\u0442\u0440\u0443\u043a\u0442\u0443\u0440\u044b, \u0432\u044b\u0437\u0432\u0430\u043d\u043d\u044b\u0435 \u0443\u0440\u0431\u0430\u043d\u0438\u0437\u0430\u0446\u0438\u0435\u0439, \u0438 \u0443\u0441\u0442\u0430\u0440\u0435\u0432\u0430\u043d\u0438\u0435 \u0441\u0438\u0441\u0442\u0435\u043c \u0432\u043e\u0434\u043e\u0441\u043d\u0430\u0431\u0436\u0435\u043d\u0438\u044f \u0441\u0435\u0440\u044c\u0451\u0437\u043d\u043e \u0432\u043b\u0438\u044f\u044e\u0442 \u043d\u0430 \u043a\u0430\u0447\u0435\u0441\u0442\u0432\u043e \u0432\u043e\u0434\u044b, \u043f\u043e\u0442\u0440\u0435\u0431\u043b\u044f\u0435\u043c\u043e\u0439 \u0432 \u0434\u043e\u043c\u0430\u0445. \u0425\u043e\u0442\u044f \u0432\u043e\u0434\u043e\u043f\u0440\u043e\u0432\u043e\u0434\u043d\u0430\u044f \u0432\u043e\u0434\u0430 \u043c\u043e\u0436\u0435\u0442 \u043a\u0430\u0437\u0430\u0442\u044c\u0441\u044f \u0447\u0438\u0441\u0442\u043e\u0439, \u043e\u043d\u0430 \u043c\u043e\u0436\u0435\u0442 \u0441\u043e\u0434\u0435\u0440\u0436\u0430\u0442\u044c \u043c\u043d\u043e\u0436\u0435\u0441\u0442\u0432\u043e \u0432\u0440\u0435\u0434\u043d\u044b\u0445 \u0441\u043e\u0435\u0434\u0438\u043d\u0435\u043d\u0438\u0439, \u043f\u0440\u0435\u0434\u0441\u0442\u0430\u0432\u043b\u044f\u044e\u0449\u0438\u0445 \u043e\u043f\u0430\u0441\u043d\u043e\u0441\u0442\u044c \u0434\u043b\u044f \u0437\u0434\u043e\u0440\u043e\u0432\u044c\u044f. \u042d\u0442\u043e \u043e\u0441\u043e\u0431\u0435\u043d\u043d\u043e \u0430\u043a\u0442\u0443\u0430\u043b\u044c\u043d\u043e \u0434\u043b\u044f \u043c\u043d\u043e\u0433\u043e\u043a\u0432\u0430\u0440\u0442\u0438\u0440\u043d\u044b\u0445 \u0436\u0438\u043b\u044b\u0445 \u043a\u043e\u043c\u043f\u043b\u0435\u043a\u0441\u043e\u0432, \u0442\u0430\u043a\u0438\u0445 \u043a\u0430\u043a \u0436\u0438\u043b\u044b\u0435 \u043a\u043e\u043c\u043f\u043b\u0435\u043a\u0441\u044b \u0438 \u0432\u0438\u043b\u043b\u044b. <strong data-start=\"612\" data-end=\"621\">\u0411\u041d\u0420\u0415\u041e<\/strong>, \u0438\u043c\u0435\u0435\u0442 \u0440\u0435\u0448\u0430\u044e\u0449\u0435\u0435 \u0437\u043d\u0430\u0447\u0435\u043d\u0438\u0435 \u043f\u0440\u0438 \u0438\u0441\u043f\u043e\u043b\u044c\u0437\u043e\u0432\u0430\u043d\u0438\u0438 \u0446\u0435\u043d\u0442\u0440\u0430\u043b\u0438\u0437\u043e\u0432\u0430\u043d\u043d\u044b\u0445 \u0438 \u043f\u0440\u043e\u0444\u0435\u0441\u0441\u0438\u043e\u043d\u0430\u043b\u044c\u043d\u044b\u0445 \u0441\u0438\u0441\u0442\u0435\u043c \u043e\u0447\u0438\u0441\u0442\u043a\u0438 \u0432\u043e\u0434\u044b \u0432 \u0442\u0430\u043a\u0438\u0445 \u043e\u0431\u0449\u0435\u0441\u0442\u0432\u0435\u043d\u043d\u044b\u0445 \u0436\u0438\u043b\u044b\u0445 \u0437\u043e\u043d\u0430\u0445, \u0430 \u043d\u0435 \u043f\u0440\u0435\u0434\u043b\u0430\u0433\u0430\u0442\u044c \u0438\u043d\u0434\u0438\u0432\u0438\u0434\u0443\u0430\u043b\u044c\u043d\u044b\u0435 \u0440\u0435\u0448\u0435\u043d\u0438\u044f \u0434\u043b\u044f \u0434\u043e\u043c\u0430\u0448\u043d\u0438\u0445 \u043f\u043e\u043b\u044c\u0437\u043e\u0432\u0430\u0442\u0435\u043b\u0435\u0439.<\/p><p data-start=\"773\" data-end=\"1300\"><strong data-start=\"773\" data-end=\"823\">BNREO \u043f\u0440\u0435\u0434\u043b\u0430\u0433\u0430\u0435\u0442 \u043f\u0440\u043e\u0444\u0435\u0441\u0441\u0438\u043e\u043d\u0430\u043b\u044c\u043d\u044b\u0435 \u0440\u0435\u0448\u0435\u043d\u0438\u044f \u0432 \u043c\u0430\u0441\u0448\u0442\u0430\u0431\u0430\u0445 \u0441\u0442\u0440\u0430\u043d\u044b<\/strong>, \u0434\u0435\u043b\u0430\u0435\u0442 \u0432\u043e\u0434\u0443 \u043e\u0431\u0449\u0435\u0433\u043e \u043f\u043e\u043b\u044c\u0437\u043e\u0432\u0430\u043d\u0438\u044f \u0432 \u0436\u0438\u043b\u044b\u0445 \u0434\u043e\u043c\u0430\u0445 \u0431\u0435\u0437\u043e\u043f\u0430\u0441\u043d\u043e\u0439 \u0438 \u0433\u0438\u0433\u0438\u0435\u043d\u0438\u0447\u043d\u043e\u0439 \u0434\u043b\u044f \u0438\u0441\u043f\u043e\u043b\u044c\u0437\u043e\u0432\u0430\u043d\u0438\u044f \u0432 \u0442\u0430\u043a\u0438\u0445 \u0446\u0435\u043b\u044f\u0445, \u043a\u0430\u043a \u043f\u0438\u0442\u044c\u0435, \u0441\u0442\u0438\u0440\u043a\u0430, \u0443\u0431\u043e\u0440\u043a\u0430 \u0438 \u0438\u0441\u043f\u043e\u043b\u044c\u0437\u043e\u0432\u0430\u043d\u0438\u0435 \u043d\u0430 \u043a\u0443\u0445\u043d\u0435. \u041d\u0430\u0448\u0438 \u0441\u0438\u0441\u0442\u0435\u043c\u044b \u0444\u0438\u043b\u044c\u0442\u0440\u0443\u044e\u0442 \u0432\u0440\u0435\u0434\u043d\u044b\u0435 \u0432\u0435\u0449\u0435\u0441\u0442\u0432\u0430 \u0434\u043e \u043c\u0435\u043b\u044c\u0447\u0430\u0439\u0448\u0438\u0445 \u0447\u0430\u0441\u0442\u0438\u0446 \u0441 \u043f\u043e\u043c\u043e\u0449\u044c\u044e \u0442\u0435\u0445\u043d\u043e\u043b\u043e\u0433\u0438\u0438 \u043e\u0431\u0440\u0430\u0442\u043d\u043e\u0433\u043e \u043e\u0441\u043c\u043e\u0441\u0430, \u043d\u0435\u0439\u0442\u0440\u0430\u043b\u0438\u0437\u0443\u044e\u0442 \u043c\u0438\u043a\u0440\u043e\u043e\u0440\u0433\u0430\u043d\u0438\u0437\u043c\u044b \u0441 \u043f\u043e\u043c\u043e\u0449\u044c\u044e \u0423\u0424-\u0434\u0435\u0437\u0438\u043d\u0444\u0438\u0446\u0438\u0440\u0443\u044e\u0449\u0438\u0445 \u0443\u0441\u0442\u0440\u043e\u0439\u0441\u0442\u0432, \u0430 \u0444\u0438\u043b\u044c\u0442\u0440\u044b \u0441 \u0430\u043a\u0442\u0438\u0432\u0438\u0440\u043e\u0432\u0430\u043d\u043d\u044b\u043c \u0443\u0433\u043b\u0435\u043c \u0443\u0441\u0442\u0440\u0430\u043d\u044f\u044e\u0442 \u0445\u043b\u043e\u0440 \u0438 \u043d\u0435\u043f\u0440\u0438\u044f\u0442\u043d\u044b\u0435 \u0437\u0430\u043f\u0430\u0445\u0438. \u0423\u0441\u0442\u0440\u043e\u0439\u0441\u0442\u0432\u0430 \u0431\u0430\u043b\u0430\u043d\u0441\u0438\u0440\u043e\u0432\u043a\u0438 \u043c\u0438\u043d\u0435\u0440\u0430\u043b\u043e\u0432 \u0432\u043e\u0441\u0441\u0442\u0430\u043d\u0430\u0432\u043b\u0438\u0432\u0430\u044e\u0442 \u043f\u043e\u043b\u0435\u0437\u043d\u044b\u0435 \u043c\u0438\u043d\u0435\u0440\u0430\u043b\u044b \u0432 \u043e\u0447\u0438\u0449\u0435\u043d\u043d\u043e\u0439 \u0432\u043e\u0434\u0435.<\/p><p data-start=\"1302\" data-end=\"1891\">\u0411\u043b\u0430\u0433\u043e\u0434\u0430\u0440\u044f \u043d\u0430\u0448\u0438\u043c \u0440\u0435\u0448\u0435\u043d\u0438\u044f\u043c \u043f\u043e \u043e\u0447\u0438\u0441\u0442\u043a\u0435 \u0432\u043e\u0434\u044b \u0432 \u0434\u043e\u043c\u0430\u0448\u043d\u0438\u0445 \u0443\u0441\u043b\u043e\u0432\u0438\u044f\u0445:<br \/>\u2714\ufe0f \u041d\u0430 \u043e\u0431\u044a\u0435\u043a\u0442\u0430\u0445 \u0438 \u0432 \u043a\u0432\u0430\u0440\u0442\u0438\u0440\u0430\u0445 \u0443\u0441\u0442\u0430\u043d\u043e\u0432\u043b\u0435\u043d\u0430 \u0446\u0435\u043d\u0442\u0440\u0430\u043b\u044c\u043d\u0430\u044f \u0441\u0438\u0441\u0442\u0435\u043c\u0430, \u043e\u0431\u0435\u0441\u043f\u0435\u0447\u0438\u0432\u0430\u044e\u0449\u0430\u044f \u043e\u0434\u0438\u043d\u0430\u043a\u043e\u0432\u043e\u0435 \u043a\u0430\u0447\u0435\u0441\u0442\u0432\u043e \u0438 \u043d\u0430\u0434\u0435\u0436\u043d\u043e\u0441\u0442\u044c \u0432\u043e\u0434\u043e\u0441\u043d\u0430\u0431\u0436\u0435\u043d\u0438\u044f \u0432\u0441\u0435\u0445 \u043a\u0432\u0430\u0440\u0442\u0438\u0440,<br data-start=\"1458\" data-end=\"1461\" \/>\u2714\ufe0f \u0418\u0441\u043a\u043b\u044e\u0447\u0430\u0435\u0442\u0441\u044f \u043d\u0435\u043e\u0431\u0445\u043e\u0434\u0438\u043c\u043e\u0441\u0442\u044c \u0438\u043d\u0432\u0435\u0441\u0442\u0438\u0440\u043e\u0432\u0430\u0442\u044c \u0432 \u043e\u0442\u0434\u0435\u043b\u044c\u043d\u044b\u0435 \u0441\u0438\u0441\u0442\u0435\u043c\u044b \u0444\u0438\u043b\u044c\u0442\u0440\u043e\u0432 \u0432 \u043a\u0430\u0436\u0434\u043e\u0439 \u043a\u0432\u0430\u0440\u0442\u0438\u0440\u0435,<br data-start=\"1547\" data-end=\"1550\" \/>\u2714\ufe0f \u0425\u043e\u0442\u044f \u0432\u043e\u0434\u0430, \u0442\u0435\u043a\u0443\u0449\u0430\u044f \u0438\u0437 \u043a\u0440\u0430\u043d\u0430, \u043f\u0440\u0438\u0433\u043e\u0434\u043d\u0430 \u0434\u043b\u044f \u043f\u0438\u0442\u044c\u044f, \u043e\u043d\u0430 \u0442\u0430\u043a\u0436\u0435 \u0441\u043e\u0437\u0434\u0430\u0435\u0442 \u0440\u0430\u0437\u043d\u0438\u0446\u0443 \u0432\u043e \u0432\u043a\u0443\u0441\u0435 \u0438 \u043f\u043e\u043b\u044c\u0437\u0435 \u0434\u043b\u044f \u0437\u0434\u043e\u0440\u043e\u0432\u044c\u044f \u0432 \u0442\u0430\u043a\u0438\u0445 \u043f\u0440\u043e\u0446\u0435\u0441\u0441\u0430\u0445, \u043a\u0430\u043a \u043f\u0440\u0438\u0433\u043e\u0442\u043e\u0432\u043b\u0435\u043d\u0438\u0435 \u043f\u0438\u0449\u0438 \u0438 \u0437\u0430\u0432\u0430\u0440\u0438\u0432\u0430\u043d\u0438\u0435 \u0447\u0430\u044f,<br data-start=\"1686\" data-end=\"1689\" \/>\u2714\ufe0f \u042d\u043a\u043e\u043b\u043e\u0433\u0438\u0447\u0435\u0441\u043a\u0438 \u0447\u0438\u0441\u0442\u0430\u044f \u0438 \u0443\u0441\u0442\u043e\u0439\u0447\u0438\u0432\u0430\u044f \u0441\u0438\u0441\u0442\u0435\u043c\u0430 \u0441\u043e\u0437\u0434\u0430\u0435\u0442\u0441\u044f \u0437\u0430 \u0441\u0447\u0435\u0442 \u0431\u043e\u043b\u0435\u0435 \u044d\u0444\u0444\u0435\u043a\u0442\u0438\u0432\u043d\u043e\u0433\u043e \u0438\u0441\u043f\u043e\u043b\u044c\u0437\u043e\u0432\u0430\u043d\u0438\u044f \u0432\u043e\u0434\u043d\u044b\u0445 \u0440\u0435\u0441\u0443\u0440\u0441\u043e\u0432,<br data-start=\"1793\" data-end=\"1796\" \/>\u2714\ufe0f \u0411\u043b\u0430\u0433\u043e\u0434\u0430\u0440\u044f \u044d\u043a\u043e\u043d\u043e\u043c\u0438\u0438 \u044d\u043d\u0435\u0440\u0433\u0438\u0438 \u0438 \u043d\u0438\u0437\u043a\u0438\u043c \u043f\u043e\u0442\u0440\u0435\u0431\u043d\u043e\u0441\u0442\u044f\u043c \u0432 \u043e\u0431\u0441\u043b\u0443\u0436\u0438\u0432\u0430\u043d\u0438\u0438 \u0434\u043e\u0441\u0442\u0438\u0433\u0430\u0435\u0442\u0441\u044f \u044d\u043a\u043e\u043d\u043e\u043c\u0438\u0447\u0435\u0441\u043a\u0430\u044f \u0432\u044b\u0433\u043e\u0434\u0430 \u0432 \u0434\u043e\u043b\u0433\u043e\u0441\u0440\u043e\u0447\u043d\u043e\u0439 \u043f\u0435\u0440\u0441\u043f\u0435\u043a\u0442\u0438\u0432\u0435.<\/p><p data-start=\"1893\" data-end=\"2321\"><strong data-start=\"1893\" data-end=\"1902\">\u0411\u041d\u0420\u0415\u041e<\/strong>\u2014 \u044d\u0442\u043e \u043d\u0435 \u043f\u0440\u043e\u0441\u0442\u043e \u043f\u043e\u0441\u0442\u0430\u0432\u0449\u0438\u043a \u043e\u0431\u043e\u0440\u0443\u0434\u043e\u0432\u0430\u043d\u0438\u044f, \u043d\u043e \u0438 \u043f\u0430\u0440\u0442\u043d\u0451\u0440 \u043f\u043e \u0440\u0435\u0448\u0435\u043d\u0438\u044f\u043c, \u043a\u043e\u0442\u043e\u0440\u044b\u0439 \u0430\u043d\u0430\u043b\u0438\u0437\u0438\u0440\u0443\u0435\u0442 \u0432\u0430\u0448\u0443 \u0432\u043e\u0434\u0443, \u043e\u0431\u0435\u0441\u043f\u0435\u0447\u0438\u0432\u0430\u0435\u0442 \u043f\u043b\u0430\u043d\u0438\u0440\u043e\u0432\u0430\u043d\u0438\u0435 \u043f\u0440\u043e\u0435\u043a\u0442\u043e\u0432, \u0438\u043d\u0436\u0435\u043d\u0435\u0440\u043d\u044b\u0435 \u0443\u0441\u043b\u0443\u0433\u0438, \u0443\u0441\u0442\u0430\u043d\u0430\u0432\u043b\u0438\u0432\u0430\u0435\u0442 \u0441\u0438\u0441\u0442\u0435\u043c\u044b \u0438 \u043e\u0431\u0435\u0441\u043f\u0435\u0447\u0438\u0432\u0430\u0435\u0442 \u0440\u0435\u0433\u0443\u043b\u044f\u0440\u043d\u0443\u044e \u0442\u0435\u0445\u043d\u0438\u0447\u0435\u0441\u043a\u0443\u044e \u043f\u043e\u0434\u0434\u0435\u0440\u0436\u043a\u0443. \u041f\u043e\u0441\u043a\u043e\u043b\u044c\u043a\u0443 \u0441\u043e\u0441\u0442\u0430\u0432 \u0432\u043e\u0434\u044b \u0443 \u043a\u0430\u0436\u0434\u043e\u0439 \u0432\u043e\u0434\u044b \u0438\u043d\u0434\u0438\u0432\u0438\u0434\u0443\u0430\u043b\u0435\u043d, \u043c\u044b \u043f\u0440\u0435\u0434\u043b\u0430\u0433\u0430\u0435\u043c \u043d\u0435 \u0441\u0442\u0430\u043d\u0434\u0430\u0440\u0442\u0438\u0437\u0438\u0440\u043e\u0432\u0430\u043d\u043d\u044b\u0435 \u0440\u0435\u0448\u0435\u043d\u0438\u044f, \u0430 \u043f\u0440\u043e\u0435\u043a\u0442\u044b, \u0440\u0430\u0437\u0440\u0430\u0431\u043e\u0442\u0430\u043d\u043d\u044b\u0435 \u0441\u043f\u0435\u0446\u0438\u0430\u043b\u044c\u043d\u043e \u0434\u043b\u044f \u0432\u0430\u0448\u0435\u0433\u043e \u0436\u0438\u043b\u043e\u0433\u043e \u043f\u0440\u043e\u0441\u0442\u0440\u0430\u043d\u0441\u0442\u0432\u0430. \u042d\u0442\u043e \u0433\u0430\u0440\u0430\u043d\u0442\u0438\u0440\u0443\u0435\u0442 \u043c\u0430\u043a\u0441\u0438\u043c\u0430\u043b\u044c\u043d\u0443\u044e \u044d\u0444\u0444\u0435\u043a\u0442\u0438\u0432\u043d\u043e\u0441\u0442\u044c \u0438 \u0443\u0434\u043e\u0432\u043b\u0435\u0442\u0432\u043e\u0440\u0435\u043d\u043d\u043e\u0441\u0442\u044c \u043f\u043e\u043b\u044c\u0437\u043e\u0432\u0430\u0442\u0435\u043b\u0435\u0439.<\/p><p data-start=\"2323\" data-end=\"2794\">\u0421\u043b\u0435\u0434\u0443\u044f \u0444\u0438\u043b\u043e\u0441\u043e\u0444\u0438\u0438 \u00ab\u043f\u0440\u043e\u043c\u044b\u0448\u043b\u0435\u043d\u043d\u043e\u0433\u043e \u043a\u0430\u0447\u0435\u0441\u0442\u0432\u0430 \u0432 \u0434\u043e\u043c\u0430\u0445\u00bb, BNREO \u0441\u0442\u0440\u0435\u043c\u0438\u0442\u0441\u044f \u0443\u043b\u0443\u0447\u0448\u0438\u0442\u044c \u0437\u0434\u043e\u0440\u043e\u0432\u044c\u0435 \u043a\u0430\u043a \u043e\u0442\u0434\u0435\u043b\u044c\u043d\u044b\u0445 \u043b\u0438\u0446, \u0442\u0430\u043a \u0438 \u0432\u0441\u0435\u0433\u043e \u0441\u043e\u043e\u0431\u0449\u0435\u0441\u0442\u0432\u0430, \u043f\u043e\u0432\u044b\u0448\u0430\u044f \u043a\u0430\u0447\u0435\u0441\u0442\u0432\u043e \u0432\u043e\u0434\u044b \u0432 \u0436\u0438\u043b\u044b\u0445 \u043f\u0440\u043e\u0435\u043a\u0442\u0430\u0445. \u041c\u044b \u0434\u0435\u043b\u0430\u0435\u043c \u0434\u043e\u0441\u0442\u0443\u043f \u043a \u0447\u0438\u0441\u0442\u043e\u0439 \u0432\u043e\u0434\u0435, \u0432\u0430\u0436\u043d\u0435\u0439\u0448\u0435\u043c\u0443 \u043a\u043e\u043c\u043f\u043e\u043d\u0435\u043d\u0442\u0443 \u0437\u0434\u043e\u0440\u043e\u0432\u043e\u0439 \u0436\u0438\u0437\u043d\u0438, \u043d\u0435 \u0442\u043e\u043b\u044c\u043a\u043e \u0432\u043e\u0437\u043c\u043e\u0436\u043d\u044b\u043c, \u043d\u043e \u0438 \u0443\u0441\u0442\u043e\u0439\u0447\u0438\u0432\u044b\u043c. \u0411\u043b\u0430\u0433\u043e\u0434\u0430\u0440\u044f \u043d\u0430\u0448\u0435\u0439 \u0442\u0435\u0445\u043d\u043e\u043b\u043e\u0433\u0438\u0447\u0435\u0441\u043a\u043e\u0439 \u0438\u043d\u0444\u0440\u0430\u0441\u0442\u0440\u0443\u043a\u0442\u0443\u0440\u0435, \u043e\u0442\u0432\u0435\u0447\u0430\u044e\u0449\u0435\u0439 \u043f\u043e\u0442\u0440\u0435\u0431\u043d\u043e\u0441\u0442\u044f\u043c \u0441\u0435\u0433\u043e\u0434\u043d\u044f\u0448\u043d\u0435\u0433\u043e \u0438 \u0431\u0443\u0434\u0443\u0449\u0435\u0433\u043e, \u043c\u044b \u0433\u0430\u0440\u0430\u043d\u0442\u0438\u0440\u0443\u0435\u043c \u0432\u0430\u043c \u0447\u0438\u0441\u0442\u0443\u044e \u0432\u043e\u0434\u0443, \u043a\u043e\u0442\u043e\u0440\u0443\u044e \u0432\u044b \u043c\u043e\u0436\u0435\u0442\u0435 \u0431\u0435\u0437\u043e\u043f\u0430\u0441\u043d\u043e \u0438\u0441\u043f\u043e\u043b\u044c\u0437\u043e\u0432\u0430\u0442\u044c \u0432 \u0441\u0432\u043e\u0438\u0445 \u0436\u0438\u043b\u044b\u0445 \u043f\u043e\u043c\u0435\u0449\u0435\u043d\u0438\u044f\u0445.<\/p>\t\t\t\t\t\t\t\t<\/div>\n\t\t\t\t<\/div>\n\t\t\t\t<\/div>\n\t\t\t\t\t<\/div>\n\t\t\t\t<\/div>\n\t\t\t\t<\/div>","protected":false},"excerpt":{"rendered":"<p>G\u00fcn\u00fcm\u00fczde artan \u00e7evresel kirlilik, \u015fehirle\u015fmenin getirdi\u011fi altyap\u0131 sorunlar\u0131 ve eskiyen \u015febeke sistemleri, evlerde t\u00fcketilen suyun kalitesini ciddi \u015fekilde etkiliyor. Musluktan<\/p>","protected":false},"author":1,"featured_media":0,"parent":0,"menu_order":0,"comment_status":"closed","ping_status":"closed","template":"elementor_header_footer","meta":{"footnotes":""},"class_list":["post-27937","page","type-page","status-publish","hentry"],"yoast_head":"<!-- This site is optimized with the Yoast SEO plugin v25.3.1 - https:\/\/yoast.com\/wordpress\/plugins\/seo\/ -->\n<title>Evsel \u00c7\u00f6z\u00fcmler - Bnreo | Su Ar\u0131tma Cihazlar\u0131<\/title>\n<meta name=\"robots\" content=\"index, follow, max-snippet:-1, max-image-preview:large, max-video-preview:-1\" \/>\n<link rel=\"canonical\" href=\"https:\/\/bnreo.com.tr\/ru\/evsel-cozumler\/\" \/>\n<meta property=\"og:locale\" content=\"ru_RU\" \/>\n<meta property=\"og:type\" content=\"article\" \/>\n<meta property=\"og:title\" content=\"Evsel \u00c7\u00f6z\u00fcmler - Bnreo | Su Ar\u0131tma Cihazlar\u0131\" \/>\n<meta property=\"og:description\" content=\"G\u00fcn\u00fcm\u00fczde artan \u00e7evresel kirlilik, \u015fehirle\u015fmenin getirdi\u011fi altyap\u0131 sorunlar\u0131 ve eskiyen \u015febeke sistemleri, evlerde t\u00fcketilen suyun kalitesini ciddi \u015fekilde etkiliyor. Musluktan\" \/>\n<meta property=\"og:url\" content=\"https:\/\/bnreo.com.tr\/ru\/evsel-cozumler\/\" \/>\n<meta property=\"og:site_name\" content=\"Bnreo | Su Ar\u0131tma Cihazlar\u0131\" \/>\n<meta property=\"article:modified_time\" content=\"2025-06-23T23:29:43+00:00\" \/>\n<meta name=\"twitter:card\" content=\"summary_large_image\" \/>\n<meta name=\"twitter:label1\" content=\"\u041f\u0440\u0438\u043c\u0435\u0440\u043d\u043e\u0435 \u0432\u0440\u0435\u043c\u044f \u0434\u043b\u044f \u0447\u0442\u0435\u043d\u0438\u044f\" \/>\n\t<meta name=\"twitter:data1\" content=\"2 \u043c\u0438\u043d\u0443\u0442\u044b\" \/>\n<script type=\"application\/ld+json\" class=\"yoast-schema-graph\">{\"@context\":\"https:\/\/schema.org\",\"@graph\":[{\"@type\":\"WebPage\",\"@id\":\"https:\/\/bnreo.com.tr\/evsel-cozumler\/\",\"url\":\"https:\/\/bnreo.com.tr\/evsel-cozumler\/\",\"name\":\"Evsel \u00c7\u00f6z\u00fcmler - Bnreo | Su Ar\u0131tma Cihazlar\u0131\",\"isPartOf\":{\"@id\":\"https:\/\/bnreo.com.tr\/#website\"},\"datePublished\":\"2025-06-23T23:25:16+00:00\",\"dateModified\":\"2025-06-23T23:29:43+00:00\",\"breadcrumb\":{\"@id\":\"https:\/\/bnreo.com.tr\/evsel-cozumler\/#breadcrumb\"},\"inLanguage\":\"ru-RU\",\"potentialAction\":[{\"@type\":\"ReadAction\",\"target\":[\"https:\/\/bnreo.com.tr\/evsel-cozumler\/\"]}]},{\"@type\":\"BreadcrumbList\",\"@id\":\"https:\/\/bnreo.com.tr\/evsel-cozumler\/#breadcrumb\",\"itemListElement\":[{\"@type\":\"ListItem\",\"position\":1,\"name\":\"Anasayfa\",\"item\":\"https:\/\/bnreo.com.tr\/\"},{\"@type\":\"ListItem\",\"position\":2,\"name\":\"Evsel \u00c7\u00f6z\u00fcmler\"}]},{\"@type\":\"WebSite\",\"@id\":\"https:\/\/bnreo.com.tr\/#website\",\"url\":\"https:\/\/bnreo.com.tr\/\",\"name\":\"Bnreo | Su Ar\u0131tma Cihazlar\u0131\",\"description\":\"Bnreo | Su Ar\u0131tma Cihazlar\u0131\",\"potentialAction\":[{\"@type\":\"SearchAction\",\"target\":{\"@type\":\"EntryPoint\",\"urlTemplate\":\"https:\/\/bnreo.com.tr\/?s={search_term_string}\"},\"query-input\":{\"@type\":\"PropertyValueSpecification\",\"valueRequired\":true,\"valueName\":\"search_term_string\"}}],\"inLanguage\":\"ru-RU\"}]}<\/script>\n<!-- \/ Yoast SEO plugin. -->","yoast_head_json":{"title":"Evsel \u00c7\u00f6z\u00fcmler - Bnreo | Su Ar\u0131tma Cihazlar\u0131","robots":{"index":"index","follow":"follow","max-snippet":"max-snippet:-1","max-image-preview":"max-image-preview:large","max-video-preview":"max-video-preview:-1"},"canonical":"https:\/\/bnreo.com.tr\/ru\/evsel-cozumler\/","og_locale":"ru_RU","og_type":"article","og_title":"Evsel \u00c7\u00f6z\u00fcmler - Bnreo | Su Ar\u0131tma Cihazlar\u0131","og_description":"G\u00fcn\u00fcm\u00fczde artan \u00e7evresel kirlilik, \u015fehirle\u015fmenin getirdi\u011fi altyap\u0131 sorunlar\u0131 ve eskiyen \u015febeke sistemleri, evlerde t\u00fcketilen suyun kalitesini ciddi \u015fekilde etkiliyor. Musluktan","og_url":"https:\/\/bnreo.com.tr\/ru\/evsel-cozumler\/","og_site_name":"Bnreo | Su Ar\u0131tma Cihazlar\u0131","article_modified_time":"2025-06-23T23:29:43+00:00","twitter_card":"summary_large_image","twitter_misc":{"\u041f\u0440\u0438\u043c\u0435\u0440\u043d\u043e\u0435 \u0432\u0440\u0435\u043c\u044f \u0434\u043b\u044f \u0447\u0442\u0435\u043d\u0438\u044f":"2 \u043c\u0438\u043d\u0443\u0442\u044b"},"schema":{"@context":"https:\/\/schema.org","@graph":[{"@type":"WebPage","@id":"https:\/\/bnreo.com.tr\/evsel-cozumler\/","url":"https:\/\/bnreo.com.tr\/evsel-cozumler\/","name":"Evsel \u00c7\u00f6z\u00fcmler - Bnreo | Su Ar\u0131tma Cihazlar\u0131","isPartOf":{"@id":"https:\/\/bnreo.com.tr\/#website"},"datePublished":"2025-06-23T23:25:16+00:00","dateModified":"2025-06-23T23:29:43+00:00","breadcrumb":{"@id":"https:\/\/bnreo.com.tr\/evsel-cozumler\/#breadcrumb"},"inLanguage":"ru-RU","potentialAction":[{"@type":"ReadAction","target":["https:\/\/bnreo.com.tr\/evsel-cozumler\/"]}]},{"@type":"BreadcrumbList","@id":"https:\/\/bnreo.com.tr\/evsel-cozumler\/#breadcrumb","itemListElement":[{"@type":"ListItem","position":1,"name":"Anasayfa","item":"https:\/\/bnreo.com.tr\/"},{"@type":"ListItem","position":2,"name":"Evsel \u00c7\u00f6z\u00fcmler"}]},{"@type":"WebSite","@id":"https:\/\/bnreo.com.tr\/#website","url":"https:\/\/bnreo.com.tr\/","name":"Bnreo | Su Ar\u0131tma Cihazlar\u0131","description":"Bnreo | Su Ar\u0131tma Cihazlar\u0131","potentialAction":[{"@type":"SearchAction","target":{"@type":"EntryPoint","urlTemplate":"https:\/\/bnreo.com.tr\/?s={search_term_string}"},"query-input":{"@type":"PropertyValueSpecification","valueRequired":true,"valueName":"search_term_string"}}],"inLanguage":"ru-RU"}]}},"_links":{"self":[{"href":"https:\/\/bnreo.com.tr\/ru\/wp-json\/wp\/v2\/pages\/27937","targetHints":{"allow":["GET"]}}],"collection":[{"href":"https:\/\/bnreo.com.tr\/ru\/wp-json\/wp\/v2\/pages"}],"about":[{"href":"https:\/\/bnreo.com.tr\/ru\/wp-json\/wp\/v2\/types\/page"}],"author":[{"embeddable":true,"href":"https:\/\/bnreo.com.tr\/ru\/wp-json\/wp\/v2\/users\/1"}],"replies":[{"embeddable":true,"href":"https:\/\/bnreo.com.tr\/ru\/wp-json\/wp\/v2\/comments?post=27937"}],"version-history":[{"count":4,"href":"https:\/\/bnreo.com.tr\/ru\/wp-json\/wp\/v2\/pages\/27937\/revisions"}],"predecessor-version":[{"id":27957,"href":"https:\/\/bnreo.com.tr\/ru\/wp-json\/wp\/v2\/pages\/27937\/revisions\/27957"}],"wp:attachment":[{"href":"https:\/\/bnreo.com.tr\/ru\/wp-json\/wp\/v2\/media?parent=27937"}],"curies":[{"name":"wp","href":"https:\/\/api.w.org\/{rel}","templated":true}]}}