{"id":28184,"date":"2025-06-24T04:57:24","date_gmt":"2025-06-24T01:57:24","guid":{"rendered":"https:\/\/bnreo.com.tr\/?post_type=product&#038;p=28184"},"modified":"2025-06-24T04:57:24","modified_gmt":"2025-06-24T01:57:24","slug":"uc-yonlu-musluk-sicak-soguk-aritma","status":"publish","type":"product","link":"https:\/\/bnreo.com.tr\/en\/product\/uc-yonlu-musluk-sicak-soguk-aritma\/","title":{"rendered":"THREE WAY TAP &amp; HOT-COLD-PURIFICATION"},"content":{"rendered":"<p>The Bnreo three-way faucet, which provides access to hot, cold, and purified water from the same tap, adorns kitchen countertops with its stylish design. The Bnreo three-way faucet, which holds a special place in the water purification system, provides hot, cold, and purified water without having to drill holes in the kitchen countertops. With its eye-catching design, the three-way faucet offers excellent water purification functions. It&#039;s possible to use both tap water and purified water using the same faucet. Chrome-nickel-plated Bnreo three-way faucets purify water from the mains, removing harmful metals such as iron, nickel, lead, and absinthe.<\/p>","protected":false},"excerpt":{"rendered":"<p>The Bnreo three-way faucet, which allows access to hot, cold and purified water from the same tap, adorns kitchen countertops with its stylish design.<\/p>","protected":false},"featured_media":28189,"comment_status":"open","ping_status":"closed","template":"","meta":[],"product_brand":[],"product_cat":[40,82],"product_tag":[],"class_list":{"0":"post-28184","1":"product","2":"type-product","3":"status-publish","4":"has-post-thumbnail","6":"product_cat-aksesuarlar","7":"product_cat-filtreler-aksesuarlar","9":"first","10":"instock","11":"shipping-taxable","12":"purchasable","13":"product-type-simple"},"yoast_head":"<!-- This site is optimized with the Yoast SEO plugin v25.3.1 - https:\/\/yoast.com\/wordpress\/plugins\/seo\/ -->\n<title>\u00dc\u00c7 Y\u00d6NL\u00dc MUSLUK &amp; SICAK-SO\u011eUK-ARITMA - Bnreo | Su Ar\u0131tma Cihazlar\u0131<\/title>\n<meta name=\"robots\" content=\"index, follow, max-snippet:-1, max-image-preview:large, max-video-preview:-1\" \/>\n<link rel=\"canonical\" href=\"https:\/\/bnreo.com.tr\/en\/product\/uc-yonlu-musluk-sicak-soguk-aritma\/\" \/>\n<meta property=\"og:locale\" content=\"en_US\" \/>\n<meta property=\"og:type\" content=\"article\" \/>\n<meta property=\"og:title\" content=\"\u00dc\u00c7 Y\u00d6NL\u00dc MUSLUK &amp; SICAK-SO\u011eUK-ARITMA - Bnreo | Su Ar\u0131tma Cihazlar\u0131\" \/>\n<meta property=\"og:description\" content=\"S\u0131cak, so\u011fuk ve ar\u0131t\u0131lm\u0131\u015f suya ayn\u0131 musluktan ula\u015fmay\u0131 sa\u011flayan Bnreo \u00fc\u00e7 y\u00f6nl\u00fc musluk, \u015f\u0131k tasar\u0131m\u0131 ile mutfak tezg\u00e2hlar\u0131n\u0131 ayr\u0131 s\u00fcslemektedir.\" \/>\n<meta property=\"og:url\" content=\"https:\/\/bnreo.com.tr\/en\/product\/uc-yonlu-musluk-sicak-soguk-aritma\/\" \/>\n<meta property=\"og:site_name\" content=\"Bnreo | Su Ar\u0131tma Cihazlar\u0131\" \/>\n<meta property=\"og:image\" content=\"https:\/\/bnreo.com.tr\/wp-content\/uploads\/2025\/06\/ergin_teknik-UC-yOnlU-musluk-sicak-soGuk-aritma-01-600x450-1.jpg\" \/>\n\t<meta property=\"og:image:width\" content=\"600\" \/>\n\t<meta property=\"og:image:height\" content=\"450\" \/>\n\t<meta property=\"og:image:type\" content=\"image\/jpeg\" \/>\n<meta name=\"twitter:card\" content=\"summary_large_image\" \/>\n<meta name=\"twitter:label1\" content=\"Est. reading time\" \/>\n\t<meta name=\"twitter:data1\" content=\"1 minute\" \/>\n<script type=\"application\/ld+json\" class=\"yoast-schema-graph\">{\"@context\":\"https:\/\/schema.org\",\"@graph\":[{\"@type\":\"WebPage\",\"@id\":\"https:\/\/bnreo.com.tr\/product\/uc-yonlu-musluk-sicak-soguk-aritma\/\",\"url\":\"https:\/\/bnreo.com.tr\/product\/uc-yonlu-musluk-sicak-soguk-aritma\/\",\"name\":\"\u00dc\u00c7 Y\u00d6NL\u00dc MUSLUK & SICAK-SO\u011eUK-ARITMA - Bnreo | Su Ar\u0131tma Cihazlar\u0131\",\"isPartOf\":{\"@id\":\"https:\/\/bnreo.com.tr\/#website\"},\"primaryImageOfPage\":{\"@id\":\"https:\/\/bnreo.com.tr\/product\/uc-yonlu-musluk-sicak-soguk-aritma\/#primaryimage\"},\"image\":{\"@id\":\"https:\/\/bnreo.com.tr\/product\/uc-yonlu-musluk-sicak-soguk-aritma\/#primaryimage\"},\"thumbnailUrl\":\"https:\/\/bnreo.com.tr\/wp-content\/uploads\/2025\/06\/ergin_teknik-UC-yOnlU-musluk-sicak-soGuk-aritma-01-600x450-1.jpg\",\"datePublished\":\"2025-06-24T01:57:24+00:00\",\"breadcrumb\":{\"@id\":\"https:\/\/bnreo.com.tr\/product\/uc-yonlu-musluk-sicak-soguk-aritma\/#breadcrumb\"},\"inLanguage\":\"en-US\",\"potentialAction\":[{\"@type\":\"ReadAction\",\"target\":[\"https:\/\/bnreo.com.tr\/product\/uc-yonlu-musluk-sicak-soguk-aritma\/\"]}]},{\"@type\":\"ImageObject\",\"inLanguage\":\"en-US\",\"@id\":\"https:\/\/bnreo.com.tr\/product\/uc-yonlu-musluk-sicak-soguk-aritma\/#primaryimage\",\"url\":\"https:\/\/bnreo.com.tr\/wp-content\/uploads\/2025\/06\/ergin_teknik-UC-yOnlU-musluk-sicak-soGuk-aritma-01-600x450-1.jpg\",\"contentUrl\":\"https:\/\/bnreo.com.tr\/wp-content\/uploads\/2025\/06\/ergin_teknik-UC-yOnlU-musluk-sicak-soGuk-aritma-01-600x450-1.jpg\",\"width\":600,\"height\":450},{\"@type\":\"BreadcrumbList\",\"@id\":\"https:\/\/bnreo.com.tr\/product\/uc-yonlu-musluk-sicak-soguk-aritma\/#breadcrumb\",\"itemListElement\":[{\"@type\":\"ListItem\",\"position\":1,\"name\":\"Anasayfa\",\"item\":\"https:\/\/bnreo.com.tr\/\"},{\"@type\":\"ListItem\",\"position\":2,\"name\":\"Ma\u011faza\",\"item\":\"https:\/\/bnreo.com.tr\/magaza\/\"},{\"@type\":\"ListItem\",\"position\":3,\"name\":\"\u00dc\u00c7 Y\u00d6NL\u00dc MUSLUK &#038; SICAK-SO\u011eUK-ARITMA\"}]},{\"@type\":\"WebSite\",\"@id\":\"https:\/\/bnreo.com.tr\/#website\",\"url\":\"https:\/\/bnreo.com.tr\/\",\"name\":\"Bnreo | Su Ar\u0131tma Cihazlar\u0131\",\"description\":\"Bnreo | Su Ar\u0131tma Cihazlar\u0131\",\"potentialAction\":[{\"@type\":\"SearchAction\",\"target\":{\"@type\":\"EntryPoint\",\"urlTemplate\":\"https:\/\/bnreo.com.tr\/?s={search_term_string}\"},\"query-input\":{\"@type\":\"PropertyValueSpecification\",\"valueRequired\":true,\"valueName\":\"search_term_string\"}}],\"inLanguage\":\"en-US\"}]}<\/script>\n<!-- \/ Yoast SEO plugin. -->","yoast_head_json":{"title":"\u00dc\u00c7 Y\u00d6NL\u00dc MUSLUK & SICAK-SO\u011eUK-ARITMA - Bnreo | Su Ar\u0131tma Cihazlar\u0131","robots":{"index":"index","follow":"follow","max-snippet":"max-snippet:-1","max-image-preview":"max-image-preview:large","max-video-preview":"max-video-preview:-1"},"canonical":"https:\/\/bnreo.com.tr\/en\/product\/uc-yonlu-musluk-sicak-soguk-aritma\/","og_locale":"en_US","og_type":"article","og_title":"\u00dc\u00c7 Y\u00d6NL\u00dc MUSLUK & SICAK-SO\u011eUK-ARITMA - Bnreo | Su Ar\u0131tma Cihazlar\u0131","og_description":"S\u0131cak, so\u011fuk ve ar\u0131t\u0131lm\u0131\u015f suya ayn\u0131 musluktan ula\u015fmay\u0131 sa\u011flayan Bnreo \u00fc\u00e7 y\u00f6nl\u00fc musluk, \u015f\u0131k tasar\u0131m\u0131 ile mutfak tezg\u00e2hlar\u0131n\u0131 ayr\u0131 s\u00fcslemektedir.","og_url":"https:\/\/bnreo.com.tr\/en\/product\/uc-yonlu-musluk-sicak-soguk-aritma\/","og_site_name":"Bnreo | Su Ar\u0131tma Cihazlar\u0131","og_image":[{"width":600,"height":450,"url":"https:\/\/bnreo.com.tr\/wp-content\/uploads\/2025\/06\/ergin_teknik-UC-yOnlU-musluk-sicak-soGuk-aritma-01-600x450-1.jpg","type":"image\/jpeg"}],"twitter_card":"summary_large_image","twitter_misc":{"Est. reading time":"1 minute"},"schema":{"@context":"https:\/\/schema.org","@graph":[{"@type":"WebPage","@id":"https:\/\/bnreo.com.tr\/product\/uc-yonlu-musluk-sicak-soguk-aritma\/","url":"https:\/\/bnreo.com.tr\/product\/uc-yonlu-musluk-sicak-soguk-aritma\/","name":"\u00dc\u00c7 Y\u00d6NL\u00dc MUSLUK & SICAK-SO\u011eUK-ARITMA - Bnreo | Su Ar\u0131tma Cihazlar\u0131","isPartOf":{"@id":"https:\/\/bnreo.com.tr\/#website"},"primaryImageOfPage":{"@id":"https:\/\/bnreo.com.tr\/product\/uc-yonlu-musluk-sicak-soguk-aritma\/#primaryimage"},"image":{"@id":"https:\/\/bnreo.com.tr\/product\/uc-yonlu-musluk-sicak-soguk-aritma\/#primaryimage"},"thumbnailUrl":"https:\/\/bnreo.com.tr\/wp-content\/uploads\/2025\/06\/ergin_teknik-UC-yOnlU-musluk-sicak-soGuk-aritma-01-600x450-1.jpg","datePublished":"2025-06-24T01:57:24+00:00","breadcrumb":{"@id":"https:\/\/bnreo.com.tr\/product\/uc-yonlu-musluk-sicak-soguk-aritma\/#breadcrumb"},"inLanguage":"en-US","potentialAction":[{"@type":"ReadAction","target":["https:\/\/bnreo.com.tr\/product\/uc-yonlu-musluk-sicak-soguk-aritma\/"]}]},{"@type":"ImageObject","inLanguage":"en-US","@id":"https:\/\/bnreo.com.tr\/product\/uc-yonlu-musluk-sicak-soguk-aritma\/#primaryimage","url":"https:\/\/bnreo.com.tr\/wp-content\/uploads\/2025\/06\/ergin_teknik-UC-yOnlU-musluk-sicak-soGuk-aritma-01-600x450-1.jpg","contentUrl":"https:\/\/bnreo.com.tr\/wp-content\/uploads\/2025\/06\/ergin_teknik-UC-yOnlU-musluk-sicak-soGuk-aritma-01-600x450-1.jpg","width":600,"height":450},{"@type":"BreadcrumbList","@id":"https:\/\/bnreo.com.tr\/product\/uc-yonlu-musluk-sicak-soguk-aritma\/#breadcrumb","itemListElement":[{"@type":"ListItem","position":1,"name":"Anasayfa","item":"https:\/\/bnreo.com.tr\/"},{"@type":"ListItem","position":2,"name":"Ma\u011faza","item":"https:\/\/bnreo.com.tr\/magaza\/"},{"@type":"ListItem","position":3,"name":"\u00dc\u00c7 Y\u00d6NL\u00dc MUSLUK &#038; SICAK-SO\u011eUK-ARITMA"}]},{"@type":"WebSite","@id":"https:\/\/bnreo.com.tr\/#website","url":"https:\/\/bnreo.com.tr\/","name":"Bnreo | Su Ar\u0131tma Cihazlar\u0131","description":"Bnreo | Su Ar\u0131tma Cihazlar\u0131","potentialAction":[{"@type":"SearchAction","target":{"@type":"EntryPoint","urlTemplate":"https:\/\/bnreo.com.tr\/?s={search_term_string}"},"query-input":{"@type":"PropertyValueSpecification","valueRequired":true,"valueName":"search_term_string"}}],"inLanguage":"en-US"}]}},"_links":{"self":[{"href":"https:\/\/bnreo.com.tr\/en\/wp-json\/wp\/v2\/product\/28184","targetHints":{"allow":["GET"]}}],"collection":[{"href":"https:\/\/bnreo.com.tr\/en\/wp-json\/wp\/v2\/product"}],"about":[{"href":"https:\/\/bnreo.com.tr\/en\/wp-json\/wp\/v2\/types\/product"}],"replies":[{"embeddable":true,"href":"https:\/\/bnreo.com.tr\/en\/wp-json\/wp\/v2\/comments?post=28184"}],"version-history":[{"count":1,"href":"https:\/\/bnreo.com.tr\/en\/wp-json\/wp\/v2\/product\/28184\/revisions"}],"predecessor-version":[{"id":28190,"href":"https:\/\/bnreo.com.tr\/en\/wp-json\/wp\/v2\/product\/28184\/revisions\/28190"}],"wp:featuredmedia":[{"embeddable":true,"href":"https:\/\/bnreo.com.tr\/en\/wp-json\/wp\/v2\/media\/28189"}],"wp:attachment":[{"href":"https:\/\/bnreo.com.tr\/en\/wp-json\/wp\/v2\/media?parent=28184"}],"wp:term":[{"taxonomy":"product_brand","embeddable":true,"href":"https:\/\/bnreo.com.tr\/en\/wp-json\/wp\/v2\/product_brand?post=28184"},{"taxonomy":"product_cat","embeddable":true,"href":"https:\/\/bnreo.com.tr\/en\/wp-json\/wp\/v2\/product_cat?post=28184"},{"taxonomy":"product_tag","embeddable":true,"href":"https:\/\/bnreo.com.tr\/en\/wp-json\/wp\/v2\/product_tag?post=28184"}],"curies":[{"name":"wp","href":"https:\/\/api.w.org\/{rel}","templated":true}]}}