{"id":28182,"date":"2025-06-24T04:56:51","date_gmt":"2025-06-24T01:56:51","guid":{"rendered":"https:\/\/bnreo.com.tr\/?post_type=product&#038;p=28182"},"modified":"2025-06-24T04:56:51","modified_gmt":"2025-06-24T01:56:51","slug":"aritmali-dus-basligi","status":"publish","type":"product","link":"https:\/\/bnreo.com.tr\/en\/product\/aritmali-dus-basligi\/","title":{"rendered":"PURIFIED SHOWER HEAD"},"content":{"rendered":"<p>The Bnreo purifying shower head enhances bathing pleasure with its spa massage feature and enhances the health of the bathroom with its purifying function. Bnreo, renowned for its cutting-edge water purification products, also ensures high-quality, healthy water in bathrooms with its purifying shower head. With its water purifier and purifying shower heads, Bnreo produces high-quality, healthy water. By filtering harmful metals, chlorine, and organic compounds from the water, Bnreo prevents damage to hair.<\/p>\n<p>By using the Bnreo purified shower filter, you can take a bath with chlorine-free, clear and easily foaming water.<br \/>\n* Protects you from all the harmful effects of chlorine.<br \/>\n*Ideal for hair loss treatment.<br \/>\n* Keeps dyed hair shiny.<br \/>\n* Delays skin wrinkling.<br \/>\n*It is useful for the treatment of allergic skin diseases.<br \/>\n* Eliminates chlorine vapor that triggers allergic asthma.<br \/>\n*It produces healthy bath water, especially for babies and children whose bodies are more sensitive.<\/p>","protected":false},"excerpt":{"rendered":"<p>Bnreo purified shower head increases bathing pleasure with its SPA massage feature and makes the bathroom healthier with its purified feature.<\/p>","protected":false},"featured_media":28185,"comment_status":"open","ping_status":"closed","template":"","meta":[],"product_brand":[],"product_cat":[40,82],"product_tag":[],"class_list":{"0":"post-28182","1":"product","2":"type-product","3":"status-publish","4":"has-post-thumbnail","6":"product_cat-aksesuarlar","7":"product_cat-filtreler-aksesuarlar","9":"first","10":"instock","11":"shipping-taxable","12":"purchasable","13":"product-type-simple"},"yoast_head":"<!-- This site is optimized with the Yoast SEO plugin v25.3.1 - https:\/\/yoast.com\/wordpress\/plugins\/seo\/ -->\n<title>ARITMALI DU\u015e BA\u015eLI\u011eI - Bnreo | Su Ar\u0131tma Cihazlar\u0131<\/title>\n<meta name=\"robots\" content=\"index, follow, max-snippet:-1, max-image-preview:large, max-video-preview:-1\" \/>\n<link rel=\"canonical\" href=\"https:\/\/bnreo.com.tr\/en\/product\/aritmali-dus-basligi\/\" \/>\n<meta property=\"og:locale\" content=\"en_US\" \/>\n<meta property=\"og:type\" content=\"article\" \/>\n<meta property=\"og:title\" content=\"ARITMALI DU\u015e BA\u015eLI\u011eI - Bnreo | Su Ar\u0131tma Cihazlar\u0131\" \/>\n<meta property=\"og:description\" content=\"Bnreo ar\u0131tmal\u0131 du\u015f ba\u015fl\u0131\u011f\u0131 SPA masaj \u00f6zelli\u011fi ile banyo keyfini artt\u0131ran ve ar\u0131tmal\u0131 \u00f6zelli\u011fi ile banyoyu daha sa\u011fl\u0131kl\u0131 hale getiren\" \/>\n<meta property=\"og:url\" content=\"https:\/\/bnreo.com.tr\/en\/product\/aritmali-dus-basligi\/\" \/>\n<meta property=\"og:site_name\" content=\"Bnreo | Su Ar\u0131tma Cihazlar\u0131\" \/>\n<meta property=\"og:image\" content=\"https:\/\/bnreo.com.tr\/wp-content\/uploads\/2025\/06\/ergin_teknik-aritmali-duS-baSliGi-01-600x450-1.png\" \/>\n\t<meta property=\"og:image:width\" content=\"600\" \/>\n\t<meta property=\"og:image:height\" content=\"450\" \/>\n\t<meta property=\"og:image:type\" content=\"image\/png\" \/>\n<meta name=\"twitter:card\" content=\"summary_large_image\" \/>\n<meta name=\"twitter:label1\" content=\"Est. reading time\" \/>\n\t<meta name=\"twitter:data1\" content=\"1 minute\" \/>\n<script type=\"application\/ld+json\" class=\"yoast-schema-graph\">{\"@context\":\"https:\/\/schema.org\",\"@graph\":[{\"@type\":\"WebPage\",\"@id\":\"https:\/\/bnreo.com.tr\/product\/aritmali-dus-basligi\/\",\"url\":\"https:\/\/bnreo.com.tr\/product\/aritmali-dus-basligi\/\",\"name\":\"ARITMALI DU\u015e BA\u015eLI\u011eI - Bnreo | Su Ar\u0131tma Cihazlar\u0131\",\"isPartOf\":{\"@id\":\"https:\/\/bnreo.com.tr\/#website\"},\"primaryImageOfPage\":{\"@id\":\"https:\/\/bnreo.com.tr\/product\/aritmali-dus-basligi\/#primaryimage\"},\"image\":{\"@id\":\"https:\/\/bnreo.com.tr\/product\/aritmali-dus-basligi\/#primaryimage\"},\"thumbnailUrl\":\"https:\/\/bnreo.com.tr\/wp-content\/uploads\/2025\/06\/ergin_teknik-aritmali-duS-baSliGi-01-600x450-1.png\",\"datePublished\":\"2025-06-24T01:56:51+00:00\",\"breadcrumb\":{\"@id\":\"https:\/\/bnreo.com.tr\/product\/aritmali-dus-basligi\/#breadcrumb\"},\"inLanguage\":\"en-US\",\"potentialAction\":[{\"@type\":\"ReadAction\",\"target\":[\"https:\/\/bnreo.com.tr\/product\/aritmali-dus-basligi\/\"]}]},{\"@type\":\"ImageObject\",\"inLanguage\":\"en-US\",\"@id\":\"https:\/\/bnreo.com.tr\/product\/aritmali-dus-basligi\/#primaryimage\",\"url\":\"https:\/\/bnreo.com.tr\/wp-content\/uploads\/2025\/06\/ergin_teknik-aritmali-duS-baSliGi-01-600x450-1.png\",\"contentUrl\":\"https:\/\/bnreo.com.tr\/wp-content\/uploads\/2025\/06\/ergin_teknik-aritmali-duS-baSliGi-01-600x450-1.png\",\"width\":600,\"height\":450},{\"@type\":\"BreadcrumbList\",\"@id\":\"https:\/\/bnreo.com.tr\/product\/aritmali-dus-basligi\/#breadcrumb\",\"itemListElement\":[{\"@type\":\"ListItem\",\"position\":1,\"name\":\"Anasayfa\",\"item\":\"https:\/\/bnreo.com.tr\/\"},{\"@type\":\"ListItem\",\"position\":2,\"name\":\"Ma\u011faza\",\"item\":\"https:\/\/bnreo.com.tr\/magaza\/\"},{\"@type\":\"ListItem\",\"position\":3,\"name\":\"ARITMALI DU\u015e BA\u015eLI\u011eI\"}]},{\"@type\":\"WebSite\",\"@id\":\"https:\/\/bnreo.com.tr\/#website\",\"url\":\"https:\/\/bnreo.com.tr\/\",\"name\":\"Bnreo | Su Ar\u0131tma Cihazlar\u0131\",\"description\":\"Bnreo | Su Ar\u0131tma Cihazlar\u0131\",\"potentialAction\":[{\"@type\":\"SearchAction\",\"target\":{\"@type\":\"EntryPoint\",\"urlTemplate\":\"https:\/\/bnreo.com.tr\/?s={search_term_string}\"},\"query-input\":{\"@type\":\"PropertyValueSpecification\",\"valueRequired\":true,\"valueName\":\"search_term_string\"}}],\"inLanguage\":\"en-US\"}]}<\/script>\n<!-- \/ Yoast SEO plugin. -->","yoast_head_json":{"title":"ARITMALI DU\u015e BA\u015eLI\u011eI - Bnreo | Su Ar\u0131tma Cihazlar\u0131","robots":{"index":"index","follow":"follow","max-snippet":"max-snippet:-1","max-image-preview":"max-image-preview:large","max-video-preview":"max-video-preview:-1"},"canonical":"https:\/\/bnreo.com.tr\/en\/product\/aritmali-dus-basligi\/","og_locale":"en_US","og_type":"article","og_title":"ARITMALI DU\u015e BA\u015eLI\u011eI - Bnreo | Su Ar\u0131tma Cihazlar\u0131","og_description":"Bnreo ar\u0131tmal\u0131 du\u015f ba\u015fl\u0131\u011f\u0131 SPA masaj \u00f6zelli\u011fi ile banyo keyfini artt\u0131ran ve ar\u0131tmal\u0131 \u00f6zelli\u011fi ile banyoyu daha sa\u011fl\u0131kl\u0131 hale getiren","og_url":"https:\/\/bnreo.com.tr\/en\/product\/aritmali-dus-basligi\/","og_site_name":"Bnreo | Su Ar\u0131tma Cihazlar\u0131","og_image":[{"width":600,"height":450,"url":"https:\/\/bnreo.com.tr\/wp-content\/uploads\/2025\/06\/ergin_teknik-aritmali-duS-baSliGi-01-600x450-1.png","type":"image\/png"}],"twitter_card":"summary_large_image","twitter_misc":{"Est. reading time":"1 minute"},"schema":{"@context":"https:\/\/schema.org","@graph":[{"@type":"WebPage","@id":"https:\/\/bnreo.com.tr\/product\/aritmali-dus-basligi\/","url":"https:\/\/bnreo.com.tr\/product\/aritmali-dus-basligi\/","name":"ARITMALI DU\u015e BA\u015eLI\u011eI - Bnreo | Su Ar\u0131tma Cihazlar\u0131","isPartOf":{"@id":"https:\/\/bnreo.com.tr\/#website"},"primaryImageOfPage":{"@id":"https:\/\/bnreo.com.tr\/product\/aritmali-dus-basligi\/#primaryimage"},"image":{"@id":"https:\/\/bnreo.com.tr\/product\/aritmali-dus-basligi\/#primaryimage"},"thumbnailUrl":"https:\/\/bnreo.com.tr\/wp-content\/uploads\/2025\/06\/ergin_teknik-aritmali-duS-baSliGi-01-600x450-1.png","datePublished":"2025-06-24T01:56:51+00:00","breadcrumb":{"@id":"https:\/\/bnreo.com.tr\/product\/aritmali-dus-basligi\/#breadcrumb"},"inLanguage":"en-US","potentialAction":[{"@type":"ReadAction","target":["https:\/\/bnreo.com.tr\/product\/aritmali-dus-basligi\/"]}]},{"@type":"ImageObject","inLanguage":"en-US","@id":"https:\/\/bnreo.com.tr\/product\/aritmali-dus-basligi\/#primaryimage","url":"https:\/\/bnreo.com.tr\/wp-content\/uploads\/2025\/06\/ergin_teknik-aritmali-duS-baSliGi-01-600x450-1.png","contentUrl":"https:\/\/bnreo.com.tr\/wp-content\/uploads\/2025\/06\/ergin_teknik-aritmali-duS-baSliGi-01-600x450-1.png","width":600,"height":450},{"@type":"BreadcrumbList","@id":"https:\/\/bnreo.com.tr\/product\/aritmali-dus-basligi\/#breadcrumb","itemListElement":[{"@type":"ListItem","position":1,"name":"Anasayfa","item":"https:\/\/bnreo.com.tr\/"},{"@type":"ListItem","position":2,"name":"Ma\u011faza","item":"https:\/\/bnreo.com.tr\/magaza\/"},{"@type":"ListItem","position":3,"name":"ARITMALI DU\u015e BA\u015eLI\u011eI"}]},{"@type":"WebSite","@id":"https:\/\/bnreo.com.tr\/#website","url":"https:\/\/bnreo.com.tr\/","name":"Bnreo | Su Ar\u0131tma Cihazlar\u0131","description":"Bnreo | Su Ar\u0131tma Cihazlar\u0131","potentialAction":[{"@type":"SearchAction","target":{"@type":"EntryPoint","urlTemplate":"https:\/\/bnreo.com.tr\/?s={search_term_string}"},"query-input":{"@type":"PropertyValueSpecification","valueRequired":true,"valueName":"search_term_string"}}],"inLanguage":"en-US"}]}},"_links":{"self":[{"href":"https:\/\/bnreo.com.tr\/en\/wp-json\/wp\/v2\/product\/28182","targetHints":{"allow":["GET"]}}],"collection":[{"href":"https:\/\/bnreo.com.tr\/en\/wp-json\/wp\/v2\/product"}],"about":[{"href":"https:\/\/bnreo.com.tr\/en\/wp-json\/wp\/v2\/types\/product"}],"replies":[{"embeddable":true,"href":"https:\/\/bnreo.com.tr\/en\/wp-json\/wp\/v2\/comments?post=28182"}],"version-history":[{"count":1,"href":"https:\/\/bnreo.com.tr\/en\/wp-json\/wp\/v2\/product\/28182\/revisions"}],"predecessor-version":[{"id":28186,"href":"https:\/\/bnreo.com.tr\/en\/wp-json\/wp\/v2\/product\/28182\/revisions\/28186"}],"wp:featuredmedia":[{"embeddable":true,"href":"https:\/\/bnreo.com.tr\/en\/wp-json\/wp\/v2\/media\/28185"}],"wp:attachment":[{"href":"https:\/\/bnreo.com.tr\/en\/wp-json\/wp\/v2\/media?parent=28182"}],"wp:term":[{"taxonomy":"product_brand","embeddable":true,"href":"https:\/\/bnreo.com.tr\/en\/wp-json\/wp\/v2\/product_brand?post=28182"},{"taxonomy":"product_cat","embeddable":true,"href":"https:\/\/bnreo.com.tr\/en\/wp-json\/wp\/v2\/product_cat?post=28182"},{"taxonomy":"product_tag","embeddable":true,"href":"https:\/\/bnreo.com.tr\/en\/wp-json\/wp\/v2\/product_tag?post=28182"}],"curies":[{"name":"wp","href":"https:\/\/api.w.org\/{rel}","templated":true}]}}