{"id":28179,"date":"2025-06-24T04:55:15","date_gmt":"2025-06-24T01:55:15","guid":{"rendered":"https:\/\/bnreo.com.tr\/?post_type=product&#038;p=28179"},"modified":"2025-09-16T05:11:14","modified_gmt":"2025-09-16T02:11:14","slug":"bnreo-mini-star-su-aritmali-sebil","status":"publish","type":"product","link":"https:\/\/bnreo.com.tr\/en\/product\/bnreo-mini-star-su-aritmali-sebil\/","title":{"rendered":"Bnreo Mini Star Water Purifier Dispenser"},"content":{"rendered":"<p>Bnreo Star life Water Purification Dispenser is among our most preferred products in offices and homes.<br \/>\nBnreo Star life Water Purification Dispenser allows you to obtain alkaline water at 8.5 pH level and high-mineral quality drinking water.<br \/>\nIt provides ease of use with 97 degrees hot, 4 degrees cold and room temperature.<br \/>\nIt makes a difference with its safety lock feature on the hot tap to prevent hot water burns.<br \/>\nWith its ergonomics, it is much more practical to make your drinks such as tea and coffee at the desired temperature by taking water from the Bnreo Star life water dispenser.<br \/>\nIt eliminates the hassle of replacing demijohns and damages in offices and homes, and provides an eye-pleasing appearance with its compact design.<br \/>\nIn our Bnreo Star Life water purification dispenser device, like all our other water purification systems, reverse osmosis technology purifies your water.<\/p>\n<p>FILTER FEATURES USED IN BNREO STAR WATER PURIFIER<br \/>\n1-5 MICRON SEDIMENT FILTER<br \/>\nIt purifies unwanted substances in drinking water such as coarse sediment, sand, gravel and mud.<br \/>\nIt provides optimum filter life by protecting the reverse osmosis membrane filter.<br \/>\n2-ACTIVE CARBON BLOCK FILTER<br \/>\nIt regulates the color, taste and odor balance of water. It protects the membrane filter by purifying chlorine and other chemicals.<br \/>\n3-1 MICRON SEDIMENT FILTER<br \/>\nThe 1 micron sediment filter is the third stage of reverse osmosis filtration.<br \/>\nCarbon purifies unwanted substances in drinking water such as coarse sediment, sand, gravel and mud.<br \/>\nIt provides optimum filter life by protecting the reverse osmosis membrane filter.<br \/>\n4-MEBRANE FILTER<br \/>\nREVERSE OSMOSIS MEMBRANE FILTER<br \/>\nIt is the most important filter in the filtration phase of water purification systems.<br \/>\nThe membrane filter performs the reverse osmosis process by passing the water through the semi-permeable membrane with the help of high pressure, thus purifying the water from substances such as nanosediment, particles, heavy metals, chemicals, viruses, bacteria, microorganisms and lime.<br \/>\n5-POST CARBON FILTER<br \/>\nIt contains coconut shell and granulated carbon. It purifies the water one last time just before it flows from the tap, making it delicious.<\/p>","protected":false},"excerpt":{"rendered":"<p>The Bnreo Star Life Water Purification Dispenser is one of our most popular products for offices and homes. Bnreo Star Life Water Purification<\/p>","protected":false},"featured_media":28180,"comment_status":"open","ping_status":"closed","template":"","meta":[],"product_brand":[],"product_cat":[81,28],"product_tag":[],"class_list":{"0":"post-28179","1":"product","2":"type-product","3":"status-publish","4":"has-post-thumbnail","6":"product_cat-cihazlar-urunler","7":"product_cat-ev-tipi-su-aritma-cihazlari","9":"first","10":"instock","11":"shipping-taxable","12":"purchasable","13":"product-type-simple"},"yoast_head":"<!-- This site is optimized with the Yoast SEO plugin v25.3.1 - https:\/\/yoast.com\/wordpress\/plugins\/seo\/ -->\n<title>Bnreo Mini Star Su Ar\u0131tmal\u0131 Sebil - Bnreo | Su Ar\u0131tma Cihazlar\u0131<\/title>\n<meta name=\"robots\" content=\"index, follow, max-snippet:-1, max-image-preview:large, max-video-preview:-1\" \/>\n<link rel=\"canonical\" href=\"https:\/\/bnreo.com.tr\/en\/product\/bnreo-mini-star-su-aritmali-sebil\/\" \/>\n<meta property=\"og:locale\" content=\"en_US\" \/>\n<meta property=\"og:type\" content=\"article\" \/>\n<meta property=\"og:title\" content=\"Bnreo Mini Star Su Ar\u0131tmal\u0131 Sebil - Bnreo | Su Ar\u0131tma Cihazlar\u0131\" \/>\n<meta property=\"og:description\" content=\"Bnreo Star life Su Ar\u0131tmal\u0131 sebili, ofis ve evlerde en \u00e7ok tercih edilen \u00fcr\u00fcnlerimiz aras\u0131ndad\u0131r. Bnreo Star life Su Ar\u0131tmal\u0131\" \/>\n<meta property=\"og:url\" content=\"https:\/\/bnreo.com.tr\/en\/product\/bnreo-mini-star-su-aritmali-sebil\/\" \/>\n<meta property=\"og:site_name\" content=\"Bnreo | Su Ar\u0131tma Cihazlar\u0131\" \/>\n<meta property=\"article:modified_time\" content=\"2025-09-16T02:11:14+00:00\" \/>\n<meta property=\"og:image\" content=\"https:\/\/bnreo.com.tr\/wp-content\/uploads\/2025\/06\/ergin_teknik-bnreo-mini-star-su-aritma-ev-tipi-su-aritma-cihazi-01-600x450-1.jpg\" \/>\n\t<meta property=\"og:image:width\" content=\"600\" \/>\n\t<meta property=\"og:image:height\" content=\"450\" \/>\n\t<meta property=\"og:image:type\" content=\"image\/jpeg\" \/>\n<meta name=\"twitter:card\" content=\"summary_large_image\" \/>\n<meta name=\"twitter:label1\" content=\"Est. reading time\" \/>\n\t<meta name=\"twitter:data1\" content=\"2 minutes\" \/>\n<script type=\"application\/ld+json\" class=\"yoast-schema-graph\">{\"@context\":\"https:\/\/schema.org\",\"@graph\":[{\"@type\":\"WebPage\",\"@id\":\"https:\/\/bnreo.com.tr\/product\/bnreo-mini-star-su-aritmali-sebil\/\",\"url\":\"https:\/\/bnreo.com.tr\/product\/bnreo-mini-star-su-aritmali-sebil\/\",\"name\":\"Bnreo Mini Star Su Ar\u0131tmal\u0131 Sebil - Bnreo | Su Ar\u0131tma Cihazlar\u0131\",\"isPartOf\":{\"@id\":\"https:\/\/bnreo.com.tr\/#website\"},\"primaryImageOfPage\":{\"@id\":\"https:\/\/bnreo.com.tr\/product\/bnreo-mini-star-su-aritmali-sebil\/#primaryimage\"},\"image\":{\"@id\":\"https:\/\/bnreo.com.tr\/product\/bnreo-mini-star-su-aritmali-sebil\/#primaryimage\"},\"thumbnailUrl\":\"https:\/\/bnreo.com.tr\/wp-content\/uploads\/2025\/06\/ergin_teknik-bnreo-mini-star-su-aritma-ev-tipi-su-aritma-cihazi-01-600x450-1.jpg\",\"datePublished\":\"2025-06-24T01:55:15+00:00\",\"dateModified\":\"2025-09-16T02:11:14+00:00\",\"breadcrumb\":{\"@id\":\"https:\/\/bnreo.com.tr\/product\/bnreo-mini-star-su-aritmali-sebil\/#breadcrumb\"},\"inLanguage\":\"en-US\",\"potentialAction\":[{\"@type\":\"ReadAction\",\"target\":[\"https:\/\/bnreo.com.tr\/product\/bnreo-mini-star-su-aritmali-sebil\/\"]}]},{\"@type\":\"ImageObject\",\"inLanguage\":\"en-US\",\"@id\":\"https:\/\/bnreo.com.tr\/product\/bnreo-mini-star-su-aritmali-sebil\/#primaryimage\",\"url\":\"https:\/\/bnreo.com.tr\/wp-content\/uploads\/2025\/06\/ergin_teknik-bnreo-mini-star-su-aritma-ev-tipi-su-aritma-cihazi-01-600x450-1.jpg\",\"contentUrl\":\"https:\/\/bnreo.com.tr\/wp-content\/uploads\/2025\/06\/ergin_teknik-bnreo-mini-star-su-aritma-ev-tipi-su-aritma-cihazi-01-600x450-1.jpg\",\"width\":600,\"height\":450},{\"@type\":\"BreadcrumbList\",\"@id\":\"https:\/\/bnreo.com.tr\/product\/bnreo-mini-star-su-aritmali-sebil\/#breadcrumb\",\"itemListElement\":[{\"@type\":\"ListItem\",\"position\":1,\"name\":\"Anasayfa\",\"item\":\"https:\/\/bnreo.com.tr\/\"},{\"@type\":\"ListItem\",\"position\":2,\"name\":\"Ma\u011faza\",\"item\":\"https:\/\/bnreo.com.tr\/magaza\/\"},{\"@type\":\"ListItem\",\"position\":3,\"name\":\"Bnreo Mini Star Su Ar\u0131tmal\u0131 Sebil\"}]},{\"@type\":\"WebSite\",\"@id\":\"https:\/\/bnreo.com.tr\/#website\",\"url\":\"https:\/\/bnreo.com.tr\/\",\"name\":\"Bnreo | Su Ar\u0131tma Cihazlar\u0131\",\"description\":\"Bnreo | Su Ar\u0131tma Cihazlar\u0131\",\"potentialAction\":[{\"@type\":\"SearchAction\",\"target\":{\"@type\":\"EntryPoint\",\"urlTemplate\":\"https:\/\/bnreo.com.tr\/?s={search_term_string}\"},\"query-input\":{\"@type\":\"PropertyValueSpecification\",\"valueRequired\":true,\"valueName\":\"search_term_string\"}}],\"inLanguage\":\"en-US\"}]}<\/script>\n<!-- \/ Yoast SEO plugin. -->","yoast_head_json":{"title":"Bnreo Mini Star Su Ar\u0131tmal\u0131 Sebil - Bnreo | Su Ar\u0131tma Cihazlar\u0131","robots":{"index":"index","follow":"follow","max-snippet":"max-snippet:-1","max-image-preview":"max-image-preview:large","max-video-preview":"max-video-preview:-1"},"canonical":"https:\/\/bnreo.com.tr\/en\/product\/bnreo-mini-star-su-aritmali-sebil\/","og_locale":"en_US","og_type":"article","og_title":"Bnreo Mini Star Su Ar\u0131tmal\u0131 Sebil - Bnreo | Su Ar\u0131tma Cihazlar\u0131","og_description":"Bnreo Star life Su Ar\u0131tmal\u0131 sebili, ofis ve evlerde en \u00e7ok tercih edilen \u00fcr\u00fcnlerimiz aras\u0131ndad\u0131r. Bnreo Star life Su Ar\u0131tmal\u0131","og_url":"https:\/\/bnreo.com.tr\/en\/product\/bnreo-mini-star-su-aritmali-sebil\/","og_site_name":"Bnreo | Su Ar\u0131tma Cihazlar\u0131","article_modified_time":"2025-09-16T02:11:14+00:00","og_image":[{"width":600,"height":450,"url":"https:\/\/bnreo.com.tr\/wp-content\/uploads\/2025\/06\/ergin_teknik-bnreo-mini-star-su-aritma-ev-tipi-su-aritma-cihazi-01-600x450-1.jpg","type":"image\/jpeg"}],"twitter_card":"summary_large_image","twitter_misc":{"Est. reading time":"2 minutes"},"schema":{"@context":"https:\/\/schema.org","@graph":[{"@type":"WebPage","@id":"https:\/\/bnreo.com.tr\/product\/bnreo-mini-star-su-aritmali-sebil\/","url":"https:\/\/bnreo.com.tr\/product\/bnreo-mini-star-su-aritmali-sebil\/","name":"Bnreo Mini Star Su Ar\u0131tmal\u0131 Sebil - Bnreo | Su Ar\u0131tma Cihazlar\u0131","isPartOf":{"@id":"https:\/\/bnreo.com.tr\/#website"},"primaryImageOfPage":{"@id":"https:\/\/bnreo.com.tr\/product\/bnreo-mini-star-su-aritmali-sebil\/#primaryimage"},"image":{"@id":"https:\/\/bnreo.com.tr\/product\/bnreo-mini-star-su-aritmali-sebil\/#primaryimage"},"thumbnailUrl":"https:\/\/bnreo.com.tr\/wp-content\/uploads\/2025\/06\/ergin_teknik-bnreo-mini-star-su-aritma-ev-tipi-su-aritma-cihazi-01-600x450-1.jpg","datePublished":"2025-06-24T01:55:15+00:00","dateModified":"2025-09-16T02:11:14+00:00","breadcrumb":{"@id":"https:\/\/bnreo.com.tr\/product\/bnreo-mini-star-su-aritmali-sebil\/#breadcrumb"},"inLanguage":"en-US","potentialAction":[{"@type":"ReadAction","target":["https:\/\/bnreo.com.tr\/product\/bnreo-mini-star-su-aritmali-sebil\/"]}]},{"@type":"ImageObject","inLanguage":"en-US","@id":"https:\/\/bnreo.com.tr\/product\/bnreo-mini-star-su-aritmali-sebil\/#primaryimage","url":"https:\/\/bnreo.com.tr\/wp-content\/uploads\/2025\/06\/ergin_teknik-bnreo-mini-star-su-aritma-ev-tipi-su-aritma-cihazi-01-600x450-1.jpg","contentUrl":"https:\/\/bnreo.com.tr\/wp-content\/uploads\/2025\/06\/ergin_teknik-bnreo-mini-star-su-aritma-ev-tipi-su-aritma-cihazi-01-600x450-1.jpg","width":600,"height":450},{"@type":"BreadcrumbList","@id":"https:\/\/bnreo.com.tr\/product\/bnreo-mini-star-su-aritmali-sebil\/#breadcrumb","itemListElement":[{"@type":"ListItem","position":1,"name":"Anasayfa","item":"https:\/\/bnreo.com.tr\/"},{"@type":"ListItem","position":2,"name":"Ma\u011faza","item":"https:\/\/bnreo.com.tr\/magaza\/"},{"@type":"ListItem","position":3,"name":"Bnreo Mini Star Su Ar\u0131tmal\u0131 Sebil"}]},{"@type":"WebSite","@id":"https:\/\/bnreo.com.tr\/#website","url":"https:\/\/bnreo.com.tr\/","name":"Bnreo | Su Ar\u0131tma Cihazlar\u0131","description":"Bnreo | Su Ar\u0131tma Cihazlar\u0131","potentialAction":[{"@type":"SearchAction","target":{"@type":"EntryPoint","urlTemplate":"https:\/\/bnreo.com.tr\/?s={search_term_string}"},"query-input":{"@type":"PropertyValueSpecification","valueRequired":true,"valueName":"search_term_string"}}],"inLanguage":"en-US"}]}},"_links":{"self":[{"href":"https:\/\/bnreo.com.tr\/en\/wp-json\/wp\/v2\/product\/28179","targetHints":{"allow":["GET"]}}],"collection":[{"href":"https:\/\/bnreo.com.tr\/en\/wp-json\/wp\/v2\/product"}],"about":[{"href":"https:\/\/bnreo.com.tr\/en\/wp-json\/wp\/v2\/types\/product"}],"replies":[{"embeddable":true,"href":"https:\/\/bnreo.com.tr\/en\/wp-json\/wp\/v2\/comments?post=28179"}],"version-history":[{"count":1,"href":"https:\/\/bnreo.com.tr\/en\/wp-json\/wp\/v2\/product\/28179\/revisions"}],"predecessor-version":[{"id":28181,"href":"https:\/\/bnreo.com.tr\/en\/wp-json\/wp\/v2\/product\/28179\/revisions\/28181"}],"wp:featuredmedia":[{"embeddable":true,"href":"https:\/\/bnreo.com.tr\/en\/wp-json\/wp\/v2\/media\/28180"}],"wp:attachment":[{"href":"https:\/\/bnreo.com.tr\/en\/wp-json\/wp\/v2\/media?parent=28179"}],"wp:term":[{"taxonomy":"product_brand","embeddable":true,"href":"https:\/\/bnreo.com.tr\/en\/wp-json\/wp\/v2\/product_brand?post=28179"},{"taxonomy":"product_cat","embeddable":true,"href":"https:\/\/bnreo.com.tr\/en\/wp-json\/wp\/v2\/product_cat?post=28179"},{"taxonomy":"product_tag","embeddable":true,"href":"https:\/\/bnreo.com.tr\/en\/wp-json\/wp\/v2\/product_tag?post=28179"}],"curies":[{"name":"wp","href":"https:\/\/api.w.org\/{rel}","templated":true}]}}