{"id":28158,"date":"2025-06-24T04:49:49","date_gmt":"2025-06-24T01:49:49","guid":{"rendered":"https:\/\/bnreo.com.tr\/?post_type=product&#038;p=28158"},"modified":"2025-06-24T04:49:59","modified_gmt":"2025-06-24T01:49:59","slug":"bnreo-pro-is-yeri-tipi-su-aritma-sistemi","status":"publish","type":"product","link":"https:\/\/bnreo.com.tr\/en\/product\/bnreo-pro-is-yeri-tipi-su-aritma-sistemi\/","title":{"rendered":"Bnreo Pro Workplace Type Water Purification System"},"content":{"rendered":"<p>TECHNICAL SPECIFICATIONS<\/p>\n<p>*Bnreo 20\u201d Transparent Housing (Double O-Ring)<br \/>\n*Bnreo 20\u201d White Matte Housing (Double O-Ring)<br \/>\n*Bnreo 20\u201d Thick 5 Micron Spun (Sediment) Filter<br \/>\n*Bnreo 20\u201d GAC Carbon Cartridge Filter<br \/>\n*Bnreo 20\u201d Block Carbon Cartridge Filter<br \/>\n*Bnreo 10\u201d Inline Coconut Post Carbon Filter<br \/>\n*Bnreo 400 GPD Membrane<br \/>\n*Bnreo 400 GPD Pump<br \/>\n*Bnreo 400 Adapter<br \/>\n*Bnreo Luxury Faucet<br \/>\n*Bnreo Manometer (10 Bar)<\/p>\n<p>*Bnreo 60 liter product water tank<\/p>\n<p>The Bnreo Pro water purifier, a high-capacity workplace water purifier, utilizes reverse osmosis technology. It features a five-stage filtration system, producing high-quality, delicious drinking water. The Bnreo Pro water purifier has a 60-liter pressurized tank. By purifying 10 bottles of water per day, it provides businesses with significant savings. The device pays for itself in less than two months.<\/p>\n<p>Drinking water consumption in workplaces is significantly higher than in homes. Therefore, high-capacity water purification systems have been specifically designed for workplaces. Among the water purification systems developed for workplaces, Bnreo Smart devices are the perfect solution for a workplace in terms of capacity and functionality. By eliminating bottled water and meeting all workplace drinking water needs, the device is a leading provider of high-quality, lime-free, and healthy water. Water, the body&#039;s primary energy source, is crucial for workplace employees. It increases work efficiency and, when consumed adequately, increases attention span, enabling employees to perform at their highest performance.<\/p>","protected":false},"excerpt":{"rendered":"<p>TECHNICAL SPECIFICATIONS *Bnreo 20\u201d Transparent Housing (Double O-Ring) *Bnreo 20\u201d White Matte Housing (Double O-Ring) *Bnreo 20\u201d Thick 5 Micron<\/p>","protected":false},"featured_media":28159,"comment_status":"open","ping_status":"closed","template":"","meta":[],"product_brand":[],"product_cat":[81,36],"product_tag":[],"class_list":{"0":"post-28158","1":"product","2":"type-product","3":"status-publish","4":"has-post-thumbnail","6":"product_cat-cihazlar-urunler","7":"product_cat-is-yeri-su-aritma-cihazlari","9":"first","10":"instock","11":"shipping-taxable","12":"purchasable","13":"product-type-simple"},"yoast_head":"<!-- This site is optimized with the Yoast SEO plugin v25.3.1 - https:\/\/yoast.com\/wordpress\/plugins\/seo\/ -->\n<title>Bnreo Pro \u0130\u015f Yeri Tipi Su Ar\u0131tma Sistemi - Bnreo | Su Ar\u0131tma Cihazlar\u0131<\/title>\n<meta name=\"robots\" content=\"index, follow, max-snippet:-1, max-image-preview:large, max-video-preview:-1\" \/>\n<link rel=\"canonical\" href=\"https:\/\/bnreo.com.tr\/en\/product\/bnreo-pro-is-yeri-tipi-su-aritma-sistemi\/\" \/>\n<meta property=\"og:locale\" content=\"en_US\" \/>\n<meta property=\"og:type\" content=\"article\" \/>\n<meta property=\"og:title\" content=\"Bnreo Pro \u0130\u015f Yeri Tipi Su Ar\u0131tma Sistemi - Bnreo | Su Ar\u0131tma Cihazlar\u0131\" \/>\n<meta property=\"og:description\" content=\"TEKN\u0130K \u00d6ZELL\u0130KLER\u0130 *Bnreo 20\u201d \u015eeffaf Housing (\u00c7ift O-Ringli) *Bnreo 20\u201d Beyaz Mat Housing (\u00c7ift O-Ringli) *Bnreo 20\u201d Kal\u0131n 5 Mikron\" \/>\n<meta property=\"og:url\" content=\"https:\/\/bnreo.com.tr\/en\/product\/bnreo-pro-is-yeri-tipi-su-aritma-sistemi\/\" \/>\n<meta property=\"og:site_name\" content=\"Bnreo | Su Ar\u0131tma Cihazlar\u0131\" \/>\n<meta property=\"article:modified_time\" content=\"2025-06-24T01:49:59+00:00\" \/>\n<meta property=\"og:image\" content=\"https:\/\/bnreo.com.tr\/wp-content\/uploads\/2025\/06\/ergin_teknik-bnreo-smart-Is-yeri-tipi-su-aritma-sistemi-kopya-01-600x450-1.jpg\" \/>\n\t<meta property=\"og:image:width\" content=\"600\" \/>\n\t<meta property=\"og:image:height\" content=\"450\" \/>\n\t<meta property=\"og:image:type\" content=\"image\/jpeg\" \/>\n<meta name=\"twitter:card\" content=\"summary_large_image\" \/>\n<meta name=\"twitter:label1\" content=\"Est. reading time\" \/>\n\t<meta name=\"twitter:data1\" content=\"2 minutes\" \/>\n<script type=\"application\/ld+json\" class=\"yoast-schema-graph\">{\"@context\":\"https:\/\/schema.org\",\"@graph\":[{\"@type\":\"WebPage\",\"@id\":\"https:\/\/bnreo.com.tr\/product\/bnreo-pro-is-yeri-tipi-su-aritma-sistemi\/\",\"url\":\"https:\/\/bnreo.com.tr\/product\/bnreo-pro-is-yeri-tipi-su-aritma-sistemi\/\",\"name\":\"Bnreo Pro \u0130\u015f Yeri Tipi Su Ar\u0131tma Sistemi - Bnreo | Su Ar\u0131tma Cihazlar\u0131\",\"isPartOf\":{\"@id\":\"https:\/\/bnreo.com.tr\/#website\"},\"primaryImageOfPage\":{\"@id\":\"https:\/\/bnreo.com.tr\/product\/bnreo-pro-is-yeri-tipi-su-aritma-sistemi\/#primaryimage\"},\"image\":{\"@id\":\"https:\/\/bnreo.com.tr\/product\/bnreo-pro-is-yeri-tipi-su-aritma-sistemi\/#primaryimage\"},\"thumbnailUrl\":\"https:\/\/bnreo.com.tr\/wp-content\/uploads\/2025\/06\/ergin_teknik-bnreo-smart-Is-yeri-tipi-su-aritma-sistemi-kopya-01-600x450-1.jpg\",\"datePublished\":\"2025-06-24T01:49:49+00:00\",\"dateModified\":\"2025-06-24T01:49:59+00:00\",\"breadcrumb\":{\"@id\":\"https:\/\/bnreo.com.tr\/product\/bnreo-pro-is-yeri-tipi-su-aritma-sistemi\/#breadcrumb\"},\"inLanguage\":\"en-US\",\"potentialAction\":[{\"@type\":\"ReadAction\",\"target\":[\"https:\/\/bnreo.com.tr\/product\/bnreo-pro-is-yeri-tipi-su-aritma-sistemi\/\"]}]},{\"@type\":\"ImageObject\",\"inLanguage\":\"en-US\",\"@id\":\"https:\/\/bnreo.com.tr\/product\/bnreo-pro-is-yeri-tipi-su-aritma-sistemi\/#primaryimage\",\"url\":\"https:\/\/bnreo.com.tr\/wp-content\/uploads\/2025\/06\/ergin_teknik-bnreo-smart-Is-yeri-tipi-su-aritma-sistemi-kopya-01-600x450-1.jpg\",\"contentUrl\":\"https:\/\/bnreo.com.tr\/wp-content\/uploads\/2025\/06\/ergin_teknik-bnreo-smart-Is-yeri-tipi-su-aritma-sistemi-kopya-01-600x450-1.jpg\",\"width\":600,\"height\":450},{\"@type\":\"BreadcrumbList\",\"@id\":\"https:\/\/bnreo.com.tr\/product\/bnreo-pro-is-yeri-tipi-su-aritma-sistemi\/#breadcrumb\",\"itemListElement\":[{\"@type\":\"ListItem\",\"position\":1,\"name\":\"Anasayfa\",\"item\":\"https:\/\/bnreo.com.tr\/\"},{\"@type\":\"ListItem\",\"position\":2,\"name\":\"Ma\u011faza\",\"item\":\"https:\/\/bnreo.com.tr\/magaza\/\"},{\"@type\":\"ListItem\",\"position\":3,\"name\":\"Bnreo Pro \u0130\u015f Yeri Tipi Su Ar\u0131tma Sistemi\"}]},{\"@type\":\"WebSite\",\"@id\":\"https:\/\/bnreo.com.tr\/#website\",\"url\":\"https:\/\/bnreo.com.tr\/\",\"name\":\"Bnreo | Su Ar\u0131tma Cihazlar\u0131\",\"description\":\"Bnreo | Su Ar\u0131tma Cihazlar\u0131\",\"potentialAction\":[{\"@type\":\"SearchAction\",\"target\":{\"@type\":\"EntryPoint\",\"urlTemplate\":\"https:\/\/bnreo.com.tr\/?s={search_term_string}\"},\"query-input\":{\"@type\":\"PropertyValueSpecification\",\"valueRequired\":true,\"valueName\":\"search_term_string\"}}],\"inLanguage\":\"en-US\"}]}<\/script>\n<!-- \/ Yoast SEO plugin. -->","yoast_head_json":{"title":"Bnreo Pro \u0130\u015f Yeri Tipi Su Ar\u0131tma Sistemi - Bnreo | Su Ar\u0131tma Cihazlar\u0131","robots":{"index":"index","follow":"follow","max-snippet":"max-snippet:-1","max-image-preview":"max-image-preview:large","max-video-preview":"max-video-preview:-1"},"canonical":"https:\/\/bnreo.com.tr\/en\/product\/bnreo-pro-is-yeri-tipi-su-aritma-sistemi\/","og_locale":"en_US","og_type":"article","og_title":"Bnreo Pro \u0130\u015f Yeri Tipi Su Ar\u0131tma Sistemi - Bnreo | Su Ar\u0131tma Cihazlar\u0131","og_description":"TEKN\u0130K \u00d6ZELL\u0130KLER\u0130 *Bnreo 20\u201d \u015eeffaf Housing (\u00c7ift O-Ringli) *Bnreo 20\u201d Beyaz Mat Housing (\u00c7ift O-Ringli) *Bnreo 20\u201d Kal\u0131n 5 Mikron","og_url":"https:\/\/bnreo.com.tr\/en\/product\/bnreo-pro-is-yeri-tipi-su-aritma-sistemi\/","og_site_name":"Bnreo | Su Ar\u0131tma Cihazlar\u0131","article_modified_time":"2025-06-24T01:49:59+00:00","og_image":[{"width":600,"height":450,"url":"https:\/\/bnreo.com.tr\/wp-content\/uploads\/2025\/06\/ergin_teknik-bnreo-smart-Is-yeri-tipi-su-aritma-sistemi-kopya-01-600x450-1.jpg","type":"image\/jpeg"}],"twitter_card":"summary_large_image","twitter_misc":{"Est. reading time":"2 minutes"},"schema":{"@context":"https:\/\/schema.org","@graph":[{"@type":"WebPage","@id":"https:\/\/bnreo.com.tr\/product\/bnreo-pro-is-yeri-tipi-su-aritma-sistemi\/","url":"https:\/\/bnreo.com.tr\/product\/bnreo-pro-is-yeri-tipi-su-aritma-sistemi\/","name":"Bnreo Pro \u0130\u015f Yeri Tipi Su Ar\u0131tma Sistemi - Bnreo | Su Ar\u0131tma Cihazlar\u0131","isPartOf":{"@id":"https:\/\/bnreo.com.tr\/#website"},"primaryImageOfPage":{"@id":"https:\/\/bnreo.com.tr\/product\/bnreo-pro-is-yeri-tipi-su-aritma-sistemi\/#primaryimage"},"image":{"@id":"https:\/\/bnreo.com.tr\/product\/bnreo-pro-is-yeri-tipi-su-aritma-sistemi\/#primaryimage"},"thumbnailUrl":"https:\/\/bnreo.com.tr\/wp-content\/uploads\/2025\/06\/ergin_teknik-bnreo-smart-Is-yeri-tipi-su-aritma-sistemi-kopya-01-600x450-1.jpg","datePublished":"2025-06-24T01:49:49+00:00","dateModified":"2025-06-24T01:49:59+00:00","breadcrumb":{"@id":"https:\/\/bnreo.com.tr\/product\/bnreo-pro-is-yeri-tipi-su-aritma-sistemi\/#breadcrumb"},"inLanguage":"en-US","potentialAction":[{"@type":"ReadAction","target":["https:\/\/bnreo.com.tr\/product\/bnreo-pro-is-yeri-tipi-su-aritma-sistemi\/"]}]},{"@type":"ImageObject","inLanguage":"en-US","@id":"https:\/\/bnreo.com.tr\/product\/bnreo-pro-is-yeri-tipi-su-aritma-sistemi\/#primaryimage","url":"https:\/\/bnreo.com.tr\/wp-content\/uploads\/2025\/06\/ergin_teknik-bnreo-smart-Is-yeri-tipi-su-aritma-sistemi-kopya-01-600x450-1.jpg","contentUrl":"https:\/\/bnreo.com.tr\/wp-content\/uploads\/2025\/06\/ergin_teknik-bnreo-smart-Is-yeri-tipi-su-aritma-sistemi-kopya-01-600x450-1.jpg","width":600,"height":450},{"@type":"BreadcrumbList","@id":"https:\/\/bnreo.com.tr\/product\/bnreo-pro-is-yeri-tipi-su-aritma-sistemi\/#breadcrumb","itemListElement":[{"@type":"ListItem","position":1,"name":"Anasayfa","item":"https:\/\/bnreo.com.tr\/"},{"@type":"ListItem","position":2,"name":"Ma\u011faza","item":"https:\/\/bnreo.com.tr\/magaza\/"},{"@type":"ListItem","position":3,"name":"Bnreo Pro \u0130\u015f Yeri Tipi Su Ar\u0131tma Sistemi"}]},{"@type":"WebSite","@id":"https:\/\/bnreo.com.tr\/#website","url":"https:\/\/bnreo.com.tr\/","name":"Bnreo | Su Ar\u0131tma Cihazlar\u0131","description":"Bnreo | Su Ar\u0131tma Cihazlar\u0131","potentialAction":[{"@type":"SearchAction","target":{"@type":"EntryPoint","urlTemplate":"https:\/\/bnreo.com.tr\/?s={search_term_string}"},"query-input":{"@type":"PropertyValueSpecification","valueRequired":true,"valueName":"search_term_string"}}],"inLanguage":"en-US"}]}},"_links":{"self":[{"href":"https:\/\/bnreo.com.tr\/en\/wp-json\/wp\/v2\/product\/28158","targetHints":{"allow":["GET"]}}],"collection":[{"href":"https:\/\/bnreo.com.tr\/en\/wp-json\/wp\/v2\/product"}],"about":[{"href":"https:\/\/bnreo.com.tr\/en\/wp-json\/wp\/v2\/types\/product"}],"replies":[{"embeddable":true,"href":"https:\/\/bnreo.com.tr\/en\/wp-json\/wp\/v2\/comments?post=28158"}],"version-history":[{"count":1,"href":"https:\/\/bnreo.com.tr\/en\/wp-json\/wp\/v2\/product\/28158\/revisions"}],"predecessor-version":[{"id":28160,"href":"https:\/\/bnreo.com.tr\/en\/wp-json\/wp\/v2\/product\/28158\/revisions\/28160"}],"wp:featuredmedia":[{"embeddable":true,"href":"https:\/\/bnreo.com.tr\/en\/wp-json\/wp\/v2\/media\/28159"}],"wp:attachment":[{"href":"https:\/\/bnreo.com.tr\/en\/wp-json\/wp\/v2\/media?parent=28158"}],"wp:term":[{"taxonomy":"product_brand","embeddable":true,"href":"https:\/\/bnreo.com.tr\/en\/wp-json\/wp\/v2\/product_brand?post=28158"},{"taxonomy":"product_cat","embeddable":true,"href":"https:\/\/bnreo.com.tr\/en\/wp-json\/wp\/v2\/product_cat?post=28158"},{"taxonomy":"product_tag","embeddable":true,"href":"https:\/\/bnreo.com.tr\/en\/wp-json\/wp\/v2\/product_tag?post=28158"}],"curies":[{"name":"wp","href":"https:\/\/api.w.org\/{rel}","templated":true}]}}