{"id":28149,"date":"2025-06-24T04:46:31","date_gmt":"2025-06-24T01:46:31","guid":{"rendered":"https:\/\/bnreo.com.tr\/?post_type=product&#038;p=28149"},"modified":"2025-06-24T04:47:36","modified_gmt":"2025-06-24T01:47:36","slug":"ultraviyole-dezenfeksiyon-sistemi","status":"publish","type":"product","link":"https:\/\/bnreo.com.tr\/en\/product\/ultraviyole-dezenfeksiyon-sistemi\/","title":{"rendered":"Ultraviolet Disinfection System"},"content":{"rendered":"<p>Bnreo Ultraviolet (UV) systems are used for disinfection purposes. They neutralize microorganisms without adding any chemicals or oxidants to the water.<\/p>\n<p>A low-pressure mercury lamp, housed in a glass case, delivers UV light to the water entering the device. This disrupts the DNA and RNA structures of microorganisms, rendering them ineffective. Because disinfection is carried out without the use of heat or chemicals, the taste and chemical composition of the water remain unchanged.<\/p>\n<p>Ultraviolet lamps should be replaced once a year after their service life (an average of 9,000 hours). This period may vary by manufacturer.<\/p>","protected":false},"excerpt":{"rendered":"<p>Bnreo Ultraviolet (UV) systems are systems used for disinfection purposes. They neutralize microorganisms without adding any chemicals or oxidants to the water.<\/p>","protected":false},"featured_media":28150,"comment_status":"open","ping_status":"closed","template":"","meta":[],"product_brand":[],"product_cat":[81,37],"product_tag":[],"class_list":{"0":"post-28149","1":"product","2":"type-product","3":"status-publish","4":"has-post-thumbnail","6":"product_cat-cihazlar-urunler","7":"product_cat-endustriyel-su-aritma-sistemleri","9":"first","10":"instock","11":"shipping-taxable","12":"purchasable","13":"product-type-simple"},"yoast_head":"<!-- This site is optimized with the Yoast SEO plugin v25.3.1 - https:\/\/yoast.com\/wordpress\/plugins\/seo\/ -->\n<title>Ultraviyole Dezenfeksiyon Sistemi - Bnreo | Su Ar\u0131tma Cihazlar\u0131<\/title>\n<meta name=\"robots\" content=\"index, follow, max-snippet:-1, max-image-preview:large, max-video-preview:-1\" \/>\n<link rel=\"canonical\" href=\"https:\/\/bnreo.com.tr\/en\/product\/ultraviyole-dezenfeksiyon-sistemi\/\" \/>\n<meta property=\"og:locale\" content=\"en_US\" \/>\n<meta property=\"og:type\" content=\"article\" \/>\n<meta property=\"og:title\" content=\"Ultraviyole Dezenfeksiyon Sistemi - Bnreo | Su Ar\u0131tma Cihazlar\u0131\" \/>\n<meta property=\"og:description\" content=\"Bnreo Ultraviyole sistemleri (UV), dezenfeksiyon amac\u0131 ile kullan\u0131lan sistemlerdir. Suya herhangi bir kimyasal veya oksidant ilave edilmeksizin mikroorganizmalar\u0131n etkisiz hale\" \/>\n<meta property=\"og:url\" content=\"https:\/\/bnreo.com.tr\/en\/product\/ultraviyole-dezenfeksiyon-sistemi\/\" \/>\n<meta property=\"og:site_name\" content=\"Bnreo | Su Ar\u0131tma Cihazlar\u0131\" \/>\n<meta property=\"article:modified_time\" content=\"2025-06-24T01:47:36+00:00\" \/>\n<meta property=\"og:image\" content=\"https:\/\/bnreo.com.tr\/wp-content\/uploads\/2025\/06\/ergin_teknik-klor-dezenfeksiyon-sistemi-kopya-01-600x450-1.jpg\" \/>\n\t<meta property=\"og:image:width\" content=\"600\" \/>\n\t<meta property=\"og:image:height\" content=\"450\" \/>\n\t<meta property=\"og:image:type\" content=\"image\/jpeg\" \/>\n<meta name=\"twitter:card\" content=\"summary_large_image\" \/>\n<meta name=\"twitter:label1\" content=\"Est. reading time\" \/>\n\t<meta name=\"twitter:data1\" content=\"1 minute\" \/>\n<script type=\"application\/ld+json\" class=\"yoast-schema-graph\">{\"@context\":\"https:\/\/schema.org\",\"@graph\":[{\"@type\":\"WebPage\",\"@id\":\"https:\/\/bnreo.com.tr\/product\/ultraviyole-dezenfeksiyon-sistemi\/\",\"url\":\"https:\/\/bnreo.com.tr\/product\/ultraviyole-dezenfeksiyon-sistemi\/\",\"name\":\"Ultraviyole Dezenfeksiyon Sistemi - Bnreo | Su Ar\u0131tma Cihazlar\u0131\",\"isPartOf\":{\"@id\":\"https:\/\/bnreo.com.tr\/#website\"},\"primaryImageOfPage\":{\"@id\":\"https:\/\/bnreo.com.tr\/product\/ultraviyole-dezenfeksiyon-sistemi\/#primaryimage\"},\"image\":{\"@id\":\"https:\/\/bnreo.com.tr\/product\/ultraviyole-dezenfeksiyon-sistemi\/#primaryimage\"},\"thumbnailUrl\":\"https:\/\/bnreo.com.tr\/wp-content\/uploads\/2025\/06\/ergin_teknik-klor-dezenfeksiyon-sistemi-kopya-01-600x450-1.jpg\",\"datePublished\":\"2025-06-24T01:46:31+00:00\",\"dateModified\":\"2025-06-24T01:47:36+00:00\",\"breadcrumb\":{\"@id\":\"https:\/\/bnreo.com.tr\/product\/ultraviyole-dezenfeksiyon-sistemi\/#breadcrumb\"},\"inLanguage\":\"en-US\",\"potentialAction\":[{\"@type\":\"ReadAction\",\"target\":[\"https:\/\/bnreo.com.tr\/product\/ultraviyole-dezenfeksiyon-sistemi\/\"]}]},{\"@type\":\"ImageObject\",\"inLanguage\":\"en-US\",\"@id\":\"https:\/\/bnreo.com.tr\/product\/ultraviyole-dezenfeksiyon-sistemi\/#primaryimage\",\"url\":\"https:\/\/bnreo.com.tr\/wp-content\/uploads\/2025\/06\/ergin_teknik-klor-dezenfeksiyon-sistemi-kopya-01-600x450-1.jpg\",\"contentUrl\":\"https:\/\/bnreo.com.tr\/wp-content\/uploads\/2025\/06\/ergin_teknik-klor-dezenfeksiyon-sistemi-kopya-01-600x450-1.jpg\",\"width\":600,\"height\":450},{\"@type\":\"BreadcrumbList\",\"@id\":\"https:\/\/bnreo.com.tr\/product\/ultraviyole-dezenfeksiyon-sistemi\/#breadcrumb\",\"itemListElement\":[{\"@type\":\"ListItem\",\"position\":1,\"name\":\"Anasayfa\",\"item\":\"https:\/\/bnreo.com.tr\/\"},{\"@type\":\"ListItem\",\"position\":2,\"name\":\"Ma\u011faza\",\"item\":\"https:\/\/bnreo.com.tr\/magaza\/\"},{\"@type\":\"ListItem\",\"position\":3,\"name\":\"Ultraviyole Dezenfeksiyon Sistemi\"}]},{\"@type\":\"WebSite\",\"@id\":\"https:\/\/bnreo.com.tr\/#website\",\"url\":\"https:\/\/bnreo.com.tr\/\",\"name\":\"Bnreo | Su Ar\u0131tma Cihazlar\u0131\",\"description\":\"Bnreo | Su Ar\u0131tma Cihazlar\u0131\",\"potentialAction\":[{\"@type\":\"SearchAction\",\"target\":{\"@type\":\"EntryPoint\",\"urlTemplate\":\"https:\/\/bnreo.com.tr\/?s={search_term_string}\"},\"query-input\":{\"@type\":\"PropertyValueSpecification\",\"valueRequired\":true,\"valueName\":\"search_term_string\"}}],\"inLanguage\":\"en-US\"}]}<\/script>\n<!-- \/ Yoast SEO plugin. -->","yoast_head_json":{"title":"Ultraviyole Dezenfeksiyon Sistemi - Bnreo | Su Ar\u0131tma Cihazlar\u0131","robots":{"index":"index","follow":"follow","max-snippet":"max-snippet:-1","max-image-preview":"max-image-preview:large","max-video-preview":"max-video-preview:-1"},"canonical":"https:\/\/bnreo.com.tr\/en\/product\/ultraviyole-dezenfeksiyon-sistemi\/","og_locale":"en_US","og_type":"article","og_title":"Ultraviyole Dezenfeksiyon Sistemi - Bnreo | Su Ar\u0131tma Cihazlar\u0131","og_description":"Bnreo Ultraviyole sistemleri (UV), dezenfeksiyon amac\u0131 ile kullan\u0131lan sistemlerdir. Suya herhangi bir kimyasal veya oksidant ilave edilmeksizin mikroorganizmalar\u0131n etkisiz hale","og_url":"https:\/\/bnreo.com.tr\/en\/product\/ultraviyole-dezenfeksiyon-sistemi\/","og_site_name":"Bnreo | Su Ar\u0131tma Cihazlar\u0131","article_modified_time":"2025-06-24T01:47:36+00:00","og_image":[{"width":600,"height":450,"url":"https:\/\/bnreo.com.tr\/wp-content\/uploads\/2025\/06\/ergin_teknik-klor-dezenfeksiyon-sistemi-kopya-01-600x450-1.jpg","type":"image\/jpeg"}],"twitter_card":"summary_large_image","twitter_misc":{"Est. reading time":"1 minute"},"schema":{"@context":"https:\/\/schema.org","@graph":[{"@type":"WebPage","@id":"https:\/\/bnreo.com.tr\/product\/ultraviyole-dezenfeksiyon-sistemi\/","url":"https:\/\/bnreo.com.tr\/product\/ultraviyole-dezenfeksiyon-sistemi\/","name":"Ultraviyole Dezenfeksiyon Sistemi - Bnreo | Su Ar\u0131tma Cihazlar\u0131","isPartOf":{"@id":"https:\/\/bnreo.com.tr\/#website"},"primaryImageOfPage":{"@id":"https:\/\/bnreo.com.tr\/product\/ultraviyole-dezenfeksiyon-sistemi\/#primaryimage"},"image":{"@id":"https:\/\/bnreo.com.tr\/product\/ultraviyole-dezenfeksiyon-sistemi\/#primaryimage"},"thumbnailUrl":"https:\/\/bnreo.com.tr\/wp-content\/uploads\/2025\/06\/ergin_teknik-klor-dezenfeksiyon-sistemi-kopya-01-600x450-1.jpg","datePublished":"2025-06-24T01:46:31+00:00","dateModified":"2025-06-24T01:47:36+00:00","breadcrumb":{"@id":"https:\/\/bnreo.com.tr\/product\/ultraviyole-dezenfeksiyon-sistemi\/#breadcrumb"},"inLanguage":"en-US","potentialAction":[{"@type":"ReadAction","target":["https:\/\/bnreo.com.tr\/product\/ultraviyole-dezenfeksiyon-sistemi\/"]}]},{"@type":"ImageObject","inLanguage":"en-US","@id":"https:\/\/bnreo.com.tr\/product\/ultraviyole-dezenfeksiyon-sistemi\/#primaryimage","url":"https:\/\/bnreo.com.tr\/wp-content\/uploads\/2025\/06\/ergin_teknik-klor-dezenfeksiyon-sistemi-kopya-01-600x450-1.jpg","contentUrl":"https:\/\/bnreo.com.tr\/wp-content\/uploads\/2025\/06\/ergin_teknik-klor-dezenfeksiyon-sistemi-kopya-01-600x450-1.jpg","width":600,"height":450},{"@type":"BreadcrumbList","@id":"https:\/\/bnreo.com.tr\/product\/ultraviyole-dezenfeksiyon-sistemi\/#breadcrumb","itemListElement":[{"@type":"ListItem","position":1,"name":"Anasayfa","item":"https:\/\/bnreo.com.tr\/"},{"@type":"ListItem","position":2,"name":"Ma\u011faza","item":"https:\/\/bnreo.com.tr\/magaza\/"},{"@type":"ListItem","position":3,"name":"Ultraviyole Dezenfeksiyon Sistemi"}]},{"@type":"WebSite","@id":"https:\/\/bnreo.com.tr\/#website","url":"https:\/\/bnreo.com.tr\/","name":"Bnreo | Su Ar\u0131tma Cihazlar\u0131","description":"Bnreo | Su Ar\u0131tma Cihazlar\u0131","potentialAction":[{"@type":"SearchAction","target":{"@type":"EntryPoint","urlTemplate":"https:\/\/bnreo.com.tr\/?s={search_term_string}"},"query-input":{"@type":"PropertyValueSpecification","valueRequired":true,"valueName":"search_term_string"}}],"inLanguage":"en-US"}]}},"_links":{"self":[{"href":"https:\/\/bnreo.com.tr\/en\/wp-json\/wp\/v2\/product\/28149","targetHints":{"allow":["GET"]}}],"collection":[{"href":"https:\/\/bnreo.com.tr\/en\/wp-json\/wp\/v2\/product"}],"about":[{"href":"https:\/\/bnreo.com.tr\/en\/wp-json\/wp\/v2\/types\/product"}],"replies":[{"embeddable":true,"href":"https:\/\/bnreo.com.tr\/en\/wp-json\/wp\/v2\/comments?post=28149"}],"version-history":[{"count":1,"href":"https:\/\/bnreo.com.tr\/en\/wp-json\/wp\/v2\/product\/28149\/revisions"}],"predecessor-version":[{"id":28151,"href":"https:\/\/bnreo.com.tr\/en\/wp-json\/wp\/v2\/product\/28149\/revisions\/28151"}],"wp:featuredmedia":[{"embeddable":true,"href":"https:\/\/bnreo.com.tr\/en\/wp-json\/wp\/v2\/media\/28150"}],"wp:attachment":[{"href":"https:\/\/bnreo.com.tr\/en\/wp-json\/wp\/v2\/media?parent=28149"}],"wp:term":[{"taxonomy":"product_brand","embeddable":true,"href":"https:\/\/bnreo.com.tr\/en\/wp-json\/wp\/v2\/product_brand?post=28149"},{"taxonomy":"product_cat","embeddable":true,"href":"https:\/\/bnreo.com.tr\/en\/wp-json\/wp\/v2\/product_cat?post=28149"},{"taxonomy":"product_tag","embeddable":true,"href":"https:\/\/bnreo.com.tr\/en\/wp-json\/wp\/v2\/product_tag?post=28149"}],"curies":[{"name":"wp","href":"https:\/\/api.w.org\/{rel}","templated":true}]}}