{"id":28146,"date":"2025-06-24T04:46:03","date_gmt":"2025-06-24T01:46:03","guid":{"rendered":"https:\/\/bnreo.com.tr\/?post_type=product&#038;p=28146"},"modified":"2025-06-24T04:47:44","modified_gmt":"2025-06-24T01:47:44","slug":"tandem-yumusatma-sistemi","status":"publish","type":"product","link":"https:\/\/bnreo.com.tr\/en\/product\/tandem-yumusatma-sistemi\/","title":{"rendered":"Tandem Softening System"},"content":{"rendered":"<p>Bnreo Automatic Tandem Water Softening Devices reduce the Ca in water<sup>+2<\/sup>\u00a0and Mg<sup>+2<\/sup>\u00a0They are used to remove the lime load (hardness) caused by ions. These are double-tank softening systems using special ion-exchange resins. The backwash system operates with flow control and can provide uninterrupted soft water.<\/p>\n<p>There are different capacity, tank material and control system options depending on the place of use and need.<\/p>\n<p><u>General Features:<\/u><\/p>\n<table width=\"660\">\n<tbody>\n<tr>\n<td>Tank Material<\/td>\n<td>: FRP<\/td>\n<\/tr>\n<tr>\n<td>Control<\/td>\n<td>:Runxin Olimpia Valve\u2026\u2026\u2026\u2026\u2026\u2026\u2026\u2026\u2026\u2026\u2026\u2026\u2026\u2026\u2026<\/td>\n<\/tr>\n<tr>\n<td>Automatic Backwash<\/td>\n<td>: Flow Controlled<\/td>\n<\/tr>\n<tr>\n<td>Regeneration<\/td>\n<td>: With salt<\/td>\n<\/tr>\n<tr>\n<td>Working Temperature<\/td>\n<td>: 4 \u2013 40\u00a0<sup>he<\/sup>C<\/td>\n<\/tr>\n<tr>\n<td>Working Pressure<\/td>\n<td>: 3 \u2013 7 bars<\/td>\n<\/tr>\n<tr>\n<td>Energy Supply<\/td>\n<td>: 220 V \/ 50 Hz<\/td>\n<\/tr>\n<\/tbody>\n<\/table>","protected":false},"excerpt":{"rendered":"<p>Bnreo Automatic Tandem Water Softening Devices are used to remove the lime load (hardness) caused by Ca+2 and Mg+2 ions in water. They have ion exchange properties.<\/p>","protected":false},"featured_media":28147,"comment_status":"open","ping_status":"closed","template":"","meta":[],"product_brand":[],"product_cat":[81,37],"product_tag":[],"class_list":{"0":"post-28146","1":"product","2":"type-product","3":"status-publish","4":"has-post-thumbnail","6":"product_cat-cihazlar-urunler","7":"product_cat-endustriyel-su-aritma-sistemleri","9":"first","10":"instock","11":"shipping-taxable","12":"purchasable","13":"product-type-simple"},"yoast_head":"<!-- This site is optimized with the Yoast SEO plugin v25.3.1 - https:\/\/yoast.com\/wordpress\/plugins\/seo\/ -->\n<title>Tandem Yumu\u015fatma Sistemi - Bnreo | Su Ar\u0131tma Cihazlar\u0131<\/title>\n<meta name=\"robots\" content=\"index, follow, max-snippet:-1, max-image-preview:large, max-video-preview:-1\" \/>\n<link rel=\"canonical\" href=\"https:\/\/bnreo.com.tr\/en\/product\/tandem-yumusatma-sistemi\/\" \/>\n<meta property=\"og:locale\" content=\"en_US\" \/>\n<meta property=\"og:type\" content=\"article\" \/>\n<meta property=\"og:title\" content=\"Tandem Yumu\u015fatma Sistemi - Bnreo | Su Ar\u0131tma Cihazlar\u0131\" \/>\n<meta property=\"og:description\" content=\"Bnreo Otomatik Tandem Su Yumu\u015fatma Cihazlar\u0131 suda bulunan Ca+2\u00a0ve Mg+2\u00a0iyonlar\u0131n\u0131n olu\u015fturdu\u011fu kire\u00e7 y\u00fck\u00fcn\u00fcn (sertli\u011fin) giderilmesi amac\u0131yla kullan\u0131lmaktad\u0131r. \u0130yon de\u011fi\u015ftirme \u00f6zelli\u011fine\" \/>\n<meta property=\"og:url\" content=\"https:\/\/bnreo.com.tr\/en\/product\/tandem-yumusatma-sistemi\/\" \/>\n<meta property=\"og:site_name\" content=\"Bnreo | Su Ar\u0131tma Cihazlar\u0131\" \/>\n<meta property=\"article:modified_time\" content=\"2025-06-24T01:47:44+00:00\" \/>\n<meta property=\"og:image\" content=\"https:\/\/bnreo.com.tr\/wp-content\/uploads\/2025\/06\/ergin_teknik-tandem-yumusatma-sistemi-01-600x450-1.jpg\" \/>\n\t<meta property=\"og:image:width\" content=\"600\" \/>\n\t<meta property=\"og:image:height\" content=\"450\" \/>\n\t<meta property=\"og:image:type\" content=\"image\/jpeg\" \/>\n<meta name=\"twitter:card\" content=\"summary_large_image\" \/>\n<meta name=\"twitter:label1\" content=\"Est. reading time\" \/>\n\t<meta name=\"twitter:data1\" content=\"1 minute\" \/>\n<script type=\"application\/ld+json\" class=\"yoast-schema-graph\">{\"@context\":\"https:\/\/schema.org\",\"@graph\":[{\"@type\":\"WebPage\",\"@id\":\"https:\/\/bnreo.com.tr\/product\/tandem-yumusatma-sistemi\/\",\"url\":\"https:\/\/bnreo.com.tr\/product\/tandem-yumusatma-sistemi\/\",\"name\":\"Tandem Yumu\u015fatma Sistemi - Bnreo | Su Ar\u0131tma Cihazlar\u0131\",\"isPartOf\":{\"@id\":\"https:\/\/bnreo.com.tr\/#website\"},\"primaryImageOfPage\":{\"@id\":\"https:\/\/bnreo.com.tr\/product\/tandem-yumusatma-sistemi\/#primaryimage\"},\"image\":{\"@id\":\"https:\/\/bnreo.com.tr\/product\/tandem-yumusatma-sistemi\/#primaryimage\"},\"thumbnailUrl\":\"https:\/\/bnreo.com.tr\/wp-content\/uploads\/2025\/06\/ergin_teknik-tandem-yumusatma-sistemi-01-600x450-1.jpg\",\"datePublished\":\"2025-06-24T01:46:03+00:00\",\"dateModified\":\"2025-06-24T01:47:44+00:00\",\"breadcrumb\":{\"@id\":\"https:\/\/bnreo.com.tr\/product\/tandem-yumusatma-sistemi\/#breadcrumb\"},\"inLanguage\":\"en-US\",\"potentialAction\":[{\"@type\":\"ReadAction\",\"target\":[\"https:\/\/bnreo.com.tr\/product\/tandem-yumusatma-sistemi\/\"]}]},{\"@type\":\"ImageObject\",\"inLanguage\":\"en-US\",\"@id\":\"https:\/\/bnreo.com.tr\/product\/tandem-yumusatma-sistemi\/#primaryimage\",\"url\":\"https:\/\/bnreo.com.tr\/wp-content\/uploads\/2025\/06\/ergin_teknik-tandem-yumusatma-sistemi-01-600x450-1.jpg\",\"contentUrl\":\"https:\/\/bnreo.com.tr\/wp-content\/uploads\/2025\/06\/ergin_teknik-tandem-yumusatma-sistemi-01-600x450-1.jpg\",\"width\":600,\"height\":450},{\"@type\":\"BreadcrumbList\",\"@id\":\"https:\/\/bnreo.com.tr\/product\/tandem-yumusatma-sistemi\/#breadcrumb\",\"itemListElement\":[{\"@type\":\"ListItem\",\"position\":1,\"name\":\"Anasayfa\",\"item\":\"https:\/\/bnreo.com.tr\/\"},{\"@type\":\"ListItem\",\"position\":2,\"name\":\"Ma\u011faza\",\"item\":\"https:\/\/bnreo.com.tr\/magaza\/\"},{\"@type\":\"ListItem\",\"position\":3,\"name\":\"Tandem Yumu\u015fatma Sistemi\"}]},{\"@type\":\"WebSite\",\"@id\":\"https:\/\/bnreo.com.tr\/#website\",\"url\":\"https:\/\/bnreo.com.tr\/\",\"name\":\"Bnreo | Su Ar\u0131tma Cihazlar\u0131\",\"description\":\"Bnreo | Su Ar\u0131tma Cihazlar\u0131\",\"potentialAction\":[{\"@type\":\"SearchAction\",\"target\":{\"@type\":\"EntryPoint\",\"urlTemplate\":\"https:\/\/bnreo.com.tr\/?s={search_term_string}\"},\"query-input\":{\"@type\":\"PropertyValueSpecification\",\"valueRequired\":true,\"valueName\":\"search_term_string\"}}],\"inLanguage\":\"en-US\"}]}<\/script>\n<!-- \/ Yoast SEO plugin. -->","yoast_head_json":{"title":"Tandem Yumu\u015fatma Sistemi - Bnreo | Su Ar\u0131tma Cihazlar\u0131","robots":{"index":"index","follow":"follow","max-snippet":"max-snippet:-1","max-image-preview":"max-image-preview:large","max-video-preview":"max-video-preview:-1"},"canonical":"https:\/\/bnreo.com.tr\/en\/product\/tandem-yumusatma-sistemi\/","og_locale":"en_US","og_type":"article","og_title":"Tandem Yumu\u015fatma Sistemi - Bnreo | Su Ar\u0131tma Cihazlar\u0131","og_description":"Bnreo Otomatik Tandem Su Yumu\u015fatma Cihazlar\u0131 suda bulunan Ca+2\u00a0ve Mg+2\u00a0iyonlar\u0131n\u0131n olu\u015fturdu\u011fu kire\u00e7 y\u00fck\u00fcn\u00fcn (sertli\u011fin) giderilmesi amac\u0131yla kullan\u0131lmaktad\u0131r. \u0130yon de\u011fi\u015ftirme \u00f6zelli\u011fine","og_url":"https:\/\/bnreo.com.tr\/en\/product\/tandem-yumusatma-sistemi\/","og_site_name":"Bnreo | Su Ar\u0131tma Cihazlar\u0131","article_modified_time":"2025-06-24T01:47:44+00:00","og_image":[{"width":600,"height":450,"url":"https:\/\/bnreo.com.tr\/wp-content\/uploads\/2025\/06\/ergin_teknik-tandem-yumusatma-sistemi-01-600x450-1.jpg","type":"image\/jpeg"}],"twitter_card":"summary_large_image","twitter_misc":{"Est. reading time":"1 minute"},"schema":{"@context":"https:\/\/schema.org","@graph":[{"@type":"WebPage","@id":"https:\/\/bnreo.com.tr\/product\/tandem-yumusatma-sistemi\/","url":"https:\/\/bnreo.com.tr\/product\/tandem-yumusatma-sistemi\/","name":"Tandem Yumu\u015fatma Sistemi - Bnreo | Su Ar\u0131tma Cihazlar\u0131","isPartOf":{"@id":"https:\/\/bnreo.com.tr\/#website"},"primaryImageOfPage":{"@id":"https:\/\/bnreo.com.tr\/product\/tandem-yumusatma-sistemi\/#primaryimage"},"image":{"@id":"https:\/\/bnreo.com.tr\/product\/tandem-yumusatma-sistemi\/#primaryimage"},"thumbnailUrl":"https:\/\/bnreo.com.tr\/wp-content\/uploads\/2025\/06\/ergin_teknik-tandem-yumusatma-sistemi-01-600x450-1.jpg","datePublished":"2025-06-24T01:46:03+00:00","dateModified":"2025-06-24T01:47:44+00:00","breadcrumb":{"@id":"https:\/\/bnreo.com.tr\/product\/tandem-yumusatma-sistemi\/#breadcrumb"},"inLanguage":"en-US","potentialAction":[{"@type":"ReadAction","target":["https:\/\/bnreo.com.tr\/product\/tandem-yumusatma-sistemi\/"]}]},{"@type":"ImageObject","inLanguage":"en-US","@id":"https:\/\/bnreo.com.tr\/product\/tandem-yumusatma-sistemi\/#primaryimage","url":"https:\/\/bnreo.com.tr\/wp-content\/uploads\/2025\/06\/ergin_teknik-tandem-yumusatma-sistemi-01-600x450-1.jpg","contentUrl":"https:\/\/bnreo.com.tr\/wp-content\/uploads\/2025\/06\/ergin_teknik-tandem-yumusatma-sistemi-01-600x450-1.jpg","width":600,"height":450},{"@type":"BreadcrumbList","@id":"https:\/\/bnreo.com.tr\/product\/tandem-yumusatma-sistemi\/#breadcrumb","itemListElement":[{"@type":"ListItem","position":1,"name":"Anasayfa","item":"https:\/\/bnreo.com.tr\/"},{"@type":"ListItem","position":2,"name":"Ma\u011faza","item":"https:\/\/bnreo.com.tr\/magaza\/"},{"@type":"ListItem","position":3,"name":"Tandem Yumu\u015fatma Sistemi"}]},{"@type":"WebSite","@id":"https:\/\/bnreo.com.tr\/#website","url":"https:\/\/bnreo.com.tr\/","name":"Bnreo | Su Ar\u0131tma Cihazlar\u0131","description":"Bnreo | Su Ar\u0131tma Cihazlar\u0131","potentialAction":[{"@type":"SearchAction","target":{"@type":"EntryPoint","urlTemplate":"https:\/\/bnreo.com.tr\/?s={search_term_string}"},"query-input":{"@type":"PropertyValueSpecification","valueRequired":true,"valueName":"search_term_string"}}],"inLanguage":"en-US"}]}},"_links":{"self":[{"href":"https:\/\/bnreo.com.tr\/en\/wp-json\/wp\/v2\/product\/28146","targetHints":{"allow":["GET"]}}],"collection":[{"href":"https:\/\/bnreo.com.tr\/en\/wp-json\/wp\/v2\/product"}],"about":[{"href":"https:\/\/bnreo.com.tr\/en\/wp-json\/wp\/v2\/types\/product"}],"replies":[{"embeddable":true,"href":"https:\/\/bnreo.com.tr\/en\/wp-json\/wp\/v2\/comments?post=28146"}],"version-history":[{"count":1,"href":"https:\/\/bnreo.com.tr\/en\/wp-json\/wp\/v2\/product\/28146\/revisions"}],"predecessor-version":[{"id":28148,"href":"https:\/\/bnreo.com.tr\/en\/wp-json\/wp\/v2\/product\/28146\/revisions\/28148"}],"wp:featuredmedia":[{"embeddable":true,"href":"https:\/\/bnreo.com.tr\/en\/wp-json\/wp\/v2\/media\/28147"}],"wp:attachment":[{"href":"https:\/\/bnreo.com.tr\/en\/wp-json\/wp\/v2\/media?parent=28146"}],"wp:term":[{"taxonomy":"product_brand","embeddable":true,"href":"https:\/\/bnreo.com.tr\/en\/wp-json\/wp\/v2\/product_brand?post=28146"},{"taxonomy":"product_cat","embeddable":true,"href":"https:\/\/bnreo.com.tr\/en\/wp-json\/wp\/v2\/product_cat?post=28146"},{"taxonomy":"product_tag","embeddable":true,"href":"https:\/\/bnreo.com.tr\/en\/wp-json\/wp\/v2\/product_tag?post=28146"}],"curies":[{"name":"wp","href":"https:\/\/api.w.org\/{rel}","templated":true}]}}