{"id":28143,"date":"2025-06-24T04:45:25","date_gmt":"2025-06-24T01:45:25","guid":{"rendered":"https:\/\/bnreo.com.tr\/?post_type=product&#038;p=28143"},"modified":"2025-06-24T04:47:52","modified_gmt":"2025-06-24T01:47:52","slug":"single-yumusatma-sistemi","status":"publish","type":"product","link":"https:\/\/bnreo.com.tr\/en\/product\/single-yumusatma-sistemi\/","title":{"rendered":"Single Softening System"},"content":{"rendered":"<h2>Explanation<\/h2>\n<p>Bnreo Automatic Single Water Softening Devices reduce the Ca in water<sup>+2<\/sup>\u00a0and Mg<sup>+2<\/sup>\u00a0They are used to remove lime load (hardness) caused by ions. These are single-tank softening systems using special ion-exchange resins. Backwash and regeneration processes can be selected as &quot;time-controlled&quot; or &quot;flow-controlled&quot; depending on customer needs.<\/p>\n<p>There are different capacities, tank materials, control systems and backwash options depending on the place of use and need.<\/p>\n<p>&nbsp;<\/p>\n<p><u>General Features:<\/u><\/p>\n<table width=\"1105\">\n<tbody>\n<tr>\n<td>Tank Material: FRP<\/td>\n<td>: FRP<\/td>\n<\/tr>\n<tr>\n<td>Control:Runxin Olimpia Valve<\/td>\n<td>: Runxin Olimpia Valve<\/td>\n<\/tr>\n<tr>\n<td>Automatic Backwash: Time and Flow Controlled<\/td>\n<td>: Time Controlled \/ Flow Controlled<\/td>\n<\/tr>\n<tr>\n<td>Working Temperature: 4-40<sup>he<\/sup>C<\/td>\n<td>: 4 \u2013 40\u00a0<sup>he<\/sup>C<\/td>\n<\/tr>\n<tr>\n<td>Working Pressure: 3-7 bar<\/td>\n<td>: 3 \u2013 7 bars<\/td>\n<\/tr>\n<tr>\n<td>Power Supply: 220 v \/ 50 hz<\/td>\n<td>: 220 v \/ 50 hz<\/td>\n<\/tr>\n<\/tbody>\n<\/table>","protected":false},"excerpt":{"rendered":"<p>Description: Bnreo Automatic Single Water Softening Devices are used to remove the lime load (hardness) caused by Ca+2 and Mg+2 ions in water. Ion exchange<\/p>","protected":false},"featured_media":28144,"comment_status":"open","ping_status":"closed","template":"","meta":[],"product_brand":[],"product_cat":[81,37],"product_tag":[],"class_list":{"0":"post-28143","1":"product","2":"type-product","3":"status-publish","4":"has-post-thumbnail","6":"product_cat-cihazlar-urunler","7":"product_cat-endustriyel-su-aritma-sistemleri","9":"first","10":"instock","11":"shipping-taxable","12":"purchasable","13":"product-type-simple"},"yoast_head":"<!-- This site is optimized with the Yoast SEO plugin v25.3.1 - https:\/\/yoast.com\/wordpress\/plugins\/seo\/ -->\n<title>Single Yumu\u015fatma Sistemi - Bnreo | Su Ar\u0131tma Cihazlar\u0131<\/title>\n<meta name=\"robots\" content=\"index, follow, max-snippet:-1, max-image-preview:large, max-video-preview:-1\" \/>\n<link rel=\"canonical\" href=\"https:\/\/bnreo.com.tr\/en\/product\/single-yumusatma-sistemi\/\" \/>\n<meta property=\"og:locale\" content=\"en_US\" \/>\n<meta property=\"og:type\" content=\"article\" \/>\n<meta property=\"og:title\" content=\"Single Yumu\u015fatma Sistemi - Bnreo | Su Ar\u0131tma Cihazlar\u0131\" \/>\n<meta property=\"og:description\" content=\"A\u00e7\u0131klama Bnreo Otomatik Single Su Yumu\u015fatma Cihazlar\u0131 suda bulunan Ca+2\u00a0ve Mg+2\u00a0iyonlar\u0131n\u0131n olu\u015fturdu\u011fu kire\u00e7 y\u00fck\u00fcn\u00fcn (sertli\u011fin) giderilmesi amac\u0131yla kullan\u0131lmaktad\u0131r. \u0130yon de\u011fi\u015ftirme\" \/>\n<meta property=\"og:url\" content=\"https:\/\/bnreo.com.tr\/en\/product\/single-yumusatma-sistemi\/\" \/>\n<meta property=\"og:site_name\" content=\"Bnreo | Su Ar\u0131tma Cihazlar\u0131\" \/>\n<meta property=\"article:modified_time\" content=\"2025-06-24T01:47:52+00:00\" \/>\n<meta property=\"og:image\" content=\"https:\/\/bnreo.com.tr\/wp-content\/uploads\/2025\/06\/ergin_teknik-single-yumusatma-sistemi-01-600x450-1.jpg\" \/>\n\t<meta property=\"og:image:width\" content=\"600\" \/>\n\t<meta property=\"og:image:height\" content=\"450\" \/>\n\t<meta property=\"og:image:type\" content=\"image\/jpeg\" \/>\n<meta name=\"twitter:card\" content=\"summary_large_image\" \/>\n<meta name=\"twitter:label1\" content=\"Est. reading time\" \/>\n\t<meta name=\"twitter:data1\" content=\"1 minute\" \/>\n<script type=\"application\/ld+json\" class=\"yoast-schema-graph\">{\"@context\":\"https:\/\/schema.org\",\"@graph\":[{\"@type\":\"WebPage\",\"@id\":\"https:\/\/bnreo.com.tr\/product\/single-yumusatma-sistemi\/\",\"url\":\"https:\/\/bnreo.com.tr\/product\/single-yumusatma-sistemi\/\",\"name\":\"Single Yumu\u015fatma Sistemi - Bnreo | Su Ar\u0131tma Cihazlar\u0131\",\"isPartOf\":{\"@id\":\"https:\/\/bnreo.com.tr\/#website\"},\"primaryImageOfPage\":{\"@id\":\"https:\/\/bnreo.com.tr\/product\/single-yumusatma-sistemi\/#primaryimage\"},\"image\":{\"@id\":\"https:\/\/bnreo.com.tr\/product\/single-yumusatma-sistemi\/#primaryimage\"},\"thumbnailUrl\":\"https:\/\/bnreo.com.tr\/wp-content\/uploads\/2025\/06\/ergin_teknik-single-yumusatma-sistemi-01-600x450-1.jpg\",\"datePublished\":\"2025-06-24T01:45:25+00:00\",\"dateModified\":\"2025-06-24T01:47:52+00:00\",\"breadcrumb\":{\"@id\":\"https:\/\/bnreo.com.tr\/product\/single-yumusatma-sistemi\/#breadcrumb\"},\"inLanguage\":\"en-US\",\"potentialAction\":[{\"@type\":\"ReadAction\",\"target\":[\"https:\/\/bnreo.com.tr\/product\/single-yumusatma-sistemi\/\"]}]},{\"@type\":\"ImageObject\",\"inLanguage\":\"en-US\",\"@id\":\"https:\/\/bnreo.com.tr\/product\/single-yumusatma-sistemi\/#primaryimage\",\"url\":\"https:\/\/bnreo.com.tr\/wp-content\/uploads\/2025\/06\/ergin_teknik-single-yumusatma-sistemi-01-600x450-1.jpg\",\"contentUrl\":\"https:\/\/bnreo.com.tr\/wp-content\/uploads\/2025\/06\/ergin_teknik-single-yumusatma-sistemi-01-600x450-1.jpg\",\"width\":600,\"height\":450},{\"@type\":\"BreadcrumbList\",\"@id\":\"https:\/\/bnreo.com.tr\/product\/single-yumusatma-sistemi\/#breadcrumb\",\"itemListElement\":[{\"@type\":\"ListItem\",\"position\":1,\"name\":\"Anasayfa\",\"item\":\"https:\/\/bnreo.com.tr\/\"},{\"@type\":\"ListItem\",\"position\":2,\"name\":\"Ma\u011faza\",\"item\":\"https:\/\/bnreo.com.tr\/magaza\/\"},{\"@type\":\"ListItem\",\"position\":3,\"name\":\"Single Yumu\u015fatma Sistemi\"}]},{\"@type\":\"WebSite\",\"@id\":\"https:\/\/bnreo.com.tr\/#website\",\"url\":\"https:\/\/bnreo.com.tr\/\",\"name\":\"Bnreo | Su Ar\u0131tma Cihazlar\u0131\",\"description\":\"Bnreo | Su Ar\u0131tma Cihazlar\u0131\",\"potentialAction\":[{\"@type\":\"SearchAction\",\"target\":{\"@type\":\"EntryPoint\",\"urlTemplate\":\"https:\/\/bnreo.com.tr\/?s={search_term_string}\"},\"query-input\":{\"@type\":\"PropertyValueSpecification\",\"valueRequired\":true,\"valueName\":\"search_term_string\"}}],\"inLanguage\":\"en-US\"}]}<\/script>\n<!-- \/ Yoast SEO plugin. -->","yoast_head_json":{"title":"Single Yumu\u015fatma Sistemi - Bnreo | Su Ar\u0131tma Cihazlar\u0131","robots":{"index":"index","follow":"follow","max-snippet":"max-snippet:-1","max-image-preview":"max-image-preview:large","max-video-preview":"max-video-preview:-1"},"canonical":"https:\/\/bnreo.com.tr\/en\/product\/single-yumusatma-sistemi\/","og_locale":"en_US","og_type":"article","og_title":"Single Yumu\u015fatma Sistemi - Bnreo | Su Ar\u0131tma Cihazlar\u0131","og_description":"A\u00e7\u0131klama Bnreo Otomatik Single Su Yumu\u015fatma Cihazlar\u0131 suda bulunan Ca+2\u00a0ve Mg+2\u00a0iyonlar\u0131n\u0131n olu\u015fturdu\u011fu kire\u00e7 y\u00fck\u00fcn\u00fcn (sertli\u011fin) giderilmesi amac\u0131yla kullan\u0131lmaktad\u0131r. \u0130yon de\u011fi\u015ftirme","og_url":"https:\/\/bnreo.com.tr\/en\/product\/single-yumusatma-sistemi\/","og_site_name":"Bnreo | Su Ar\u0131tma Cihazlar\u0131","article_modified_time":"2025-06-24T01:47:52+00:00","og_image":[{"width":600,"height":450,"url":"https:\/\/bnreo.com.tr\/wp-content\/uploads\/2025\/06\/ergin_teknik-single-yumusatma-sistemi-01-600x450-1.jpg","type":"image\/jpeg"}],"twitter_card":"summary_large_image","twitter_misc":{"Est. reading time":"1 minute"},"schema":{"@context":"https:\/\/schema.org","@graph":[{"@type":"WebPage","@id":"https:\/\/bnreo.com.tr\/product\/single-yumusatma-sistemi\/","url":"https:\/\/bnreo.com.tr\/product\/single-yumusatma-sistemi\/","name":"Single Yumu\u015fatma Sistemi - Bnreo | Su Ar\u0131tma Cihazlar\u0131","isPartOf":{"@id":"https:\/\/bnreo.com.tr\/#website"},"primaryImageOfPage":{"@id":"https:\/\/bnreo.com.tr\/product\/single-yumusatma-sistemi\/#primaryimage"},"image":{"@id":"https:\/\/bnreo.com.tr\/product\/single-yumusatma-sistemi\/#primaryimage"},"thumbnailUrl":"https:\/\/bnreo.com.tr\/wp-content\/uploads\/2025\/06\/ergin_teknik-single-yumusatma-sistemi-01-600x450-1.jpg","datePublished":"2025-06-24T01:45:25+00:00","dateModified":"2025-06-24T01:47:52+00:00","breadcrumb":{"@id":"https:\/\/bnreo.com.tr\/product\/single-yumusatma-sistemi\/#breadcrumb"},"inLanguage":"en-US","potentialAction":[{"@type":"ReadAction","target":["https:\/\/bnreo.com.tr\/product\/single-yumusatma-sistemi\/"]}]},{"@type":"ImageObject","inLanguage":"en-US","@id":"https:\/\/bnreo.com.tr\/product\/single-yumusatma-sistemi\/#primaryimage","url":"https:\/\/bnreo.com.tr\/wp-content\/uploads\/2025\/06\/ergin_teknik-single-yumusatma-sistemi-01-600x450-1.jpg","contentUrl":"https:\/\/bnreo.com.tr\/wp-content\/uploads\/2025\/06\/ergin_teknik-single-yumusatma-sistemi-01-600x450-1.jpg","width":600,"height":450},{"@type":"BreadcrumbList","@id":"https:\/\/bnreo.com.tr\/product\/single-yumusatma-sistemi\/#breadcrumb","itemListElement":[{"@type":"ListItem","position":1,"name":"Anasayfa","item":"https:\/\/bnreo.com.tr\/"},{"@type":"ListItem","position":2,"name":"Ma\u011faza","item":"https:\/\/bnreo.com.tr\/magaza\/"},{"@type":"ListItem","position":3,"name":"Single Yumu\u015fatma Sistemi"}]},{"@type":"WebSite","@id":"https:\/\/bnreo.com.tr\/#website","url":"https:\/\/bnreo.com.tr\/","name":"Bnreo | Su Ar\u0131tma Cihazlar\u0131","description":"Bnreo | Su Ar\u0131tma Cihazlar\u0131","potentialAction":[{"@type":"SearchAction","target":{"@type":"EntryPoint","urlTemplate":"https:\/\/bnreo.com.tr\/?s={search_term_string}"},"query-input":{"@type":"PropertyValueSpecification","valueRequired":true,"valueName":"search_term_string"}}],"inLanguage":"en-US"}]}},"_links":{"self":[{"href":"https:\/\/bnreo.com.tr\/en\/wp-json\/wp\/v2\/product\/28143","targetHints":{"allow":["GET"]}}],"collection":[{"href":"https:\/\/bnreo.com.tr\/en\/wp-json\/wp\/v2\/product"}],"about":[{"href":"https:\/\/bnreo.com.tr\/en\/wp-json\/wp\/v2\/types\/product"}],"replies":[{"embeddable":true,"href":"https:\/\/bnreo.com.tr\/en\/wp-json\/wp\/v2\/comments?post=28143"}],"version-history":[{"count":1,"href":"https:\/\/bnreo.com.tr\/en\/wp-json\/wp\/v2\/product\/28143\/revisions"}],"predecessor-version":[{"id":28145,"href":"https:\/\/bnreo.com.tr\/en\/wp-json\/wp\/v2\/product\/28143\/revisions\/28145"}],"wp:featuredmedia":[{"embeddable":true,"href":"https:\/\/bnreo.com.tr\/en\/wp-json\/wp\/v2\/media\/28144"}],"wp:attachment":[{"href":"https:\/\/bnreo.com.tr\/en\/wp-json\/wp\/v2\/media?parent=28143"}],"wp:term":[{"taxonomy":"product_brand","embeddable":true,"href":"https:\/\/bnreo.com.tr\/en\/wp-json\/wp\/v2\/product_brand?post=28143"},{"taxonomy":"product_cat","embeddable":true,"href":"https:\/\/bnreo.com.tr\/en\/wp-json\/wp\/v2\/product_cat?post=28143"},{"taxonomy":"product_tag","embeddable":true,"href":"https:\/\/bnreo.com.tr\/en\/wp-json\/wp\/v2\/product_tag?post=28143"}],"curies":[{"name":"wp","href":"https:\/\/api.w.org\/{rel}","templated":true}]}}