{"id":28140,"date":"2025-06-24T04:44:42","date_gmt":"2025-06-24T01:44:42","guid":{"rendered":"https:\/\/bnreo.com.tr\/?post_type=product&#038;p=28140"},"modified":"2025-06-24T04:48:01","modified_gmt":"2025-06-24T01:48:01","slug":"ozon-dezenfeksiyon-sistemi","status":"publish","type":"product","link":"https:\/\/bnreo.com.tr\/en\/product\/ozon-dezenfeksiyon-sistemi\/","title":{"rendered":"Ozone Disinfection System"},"content":{"rendered":"<p>Questions about Bnreo Ozone and the generator that produces it are among the most frequently asked questions to our company. The production of ozone-producing devices is becoming widespread in Turkey. Bnreo Ozone Systems has developed ozone systems to take advantage of the many benefits of ozone. An ozone device is a type of device that produces the chemical ozone. This device combines three oxygen atoms to form the chemical compound ozone (O3). In short, ozone is a very high-energy form of normal atmospheric oxygen (O2), which is diatomic. Ozone is a colorless gas at room temperature with a distinctive odor. After a storm, if you&#039;re at a high altitude or by the sea, you might smell ozone. It was discovered by German chemist Christian Friedrich Sch\u00f6nbein in 1840.<\/p>\n<p>Ozone use and production are becoming increasingly widespread in Turkey. This is due to ozone&#039;s powerful oxidizing and disinfecting properties, making it a popular choice in drinking water treatment plants worldwide. Furthermore, ozone, an active oxygen, is the most effective germicide and odor eliminator known. Ozone, formed by the sun&#039;s ultraviolet rays and the electric arcs generated by lightning, forms a protective shield around the Earth, protecting living things from the sun&#039;s radiation. This is precisely why ozone use is becoming so widespread in Turkey.<\/p>\n<p>Ozone, formed by lightning strikes, cleans the air. This fresh-air sensation, especially at high altitudes and near the sea, is created by the ozone produced by lightning strikes. Ozone (O3) is a colorless, pungent gas formed by the addition of an oxygen atom (O) to an oxygen (O2) molecule. O2+O1=O3. It is a highly energetic, active form of oxygen. It is one of the most important gases in the atmosphere and helps maintain the biological balance on Earth. It blocks harmful rays. Contrary to popular belief, it is not a gas that &quot;pollutes&quot; our air. It makes life on Earth possible.<\/p>\n<p>Bnreo ozone systems have developed ozone systems to take advantage of the many benefits of ozone. Health and healing cannot occur without oxygen. A human can survive for 1-2 months without food, 1-2 weeks without water, but only 5 minutes without oxygen.<br \/>\nOksijen en temel gereksinimimizdir. Bir\u00e7ok hastal\u0131k, ihtiya\u00e7 olan doku ve organlara yeniden yeterli oksijen sa\u011flanmas\u0131yla \u00f6nlenebilir veya tamamen iyile\u015ftirilebilir. G\u00fcn\u00fcm\u00fcz\u00fcn d\u00fcnyas\u0131nda, sadece nefes almak, art\u0131k v\u00fccudumuza yeterli oksijeni sa\u011flam\u0131yor. V\u00fccudumuz s\u00fcrekli olarak, havam\u0131zdaki, suyumuzdaki ve yiyeceklerdeki toksinler taraf\u0131ndan kirletiliyor. \u015eehirlerimizdeki oksijen miktar\u0131 %21 in \u00e7ok alt\u0131nda ve d\u00fc\u015fmeye devam ediyor. Sigara kullan\u0131m\u0131, stres, hareketsiz ya\u015fam, sa\u011fl\u0131ks\u0131z beslenme gibi durumlar da eklenince v\u00fccudumuzda toksinlerin birikimi ve oksijen eksikli\u011fi artar. Bu da kronik yorgunlu\u011fa, erken ya\u015flanmay\u0131 hastal\u0131klara ve kansere zemin haz\u0131rlar. Yeterli oksijenlenmeyi sa\u011flamak i\u00e7in nefes almaktan daha fazla \u015fey yapmak zorunda kalabiliriz.<br \/>\nOzone production technologies are the most powerful treatment known to provide the oxygen needed by living tissues and cells in the most effective way and to eliminate toxins.<\/p>","protected":false},"excerpt":{"rendered":"<p>Questions about Bnreo Ozone and the generator that produces it are among the most frequently asked questions to our company. Ozone-producing devices are manufactured in Turkey.<\/p>","protected":false},"featured_media":28141,"comment_status":"open","ping_status":"closed","template":"","meta":[],"product_brand":[],"product_cat":[81,37],"product_tag":[],"class_list":{"0":"post-28140","1":"product","2":"type-product","3":"status-publish","4":"has-post-thumbnail","6":"product_cat-cihazlar-urunler","7":"product_cat-endustriyel-su-aritma-sistemleri","9":"first","10":"instock","11":"shipping-taxable","12":"purchasable","13":"product-type-simple"},"yoast_head":"<!-- This site is optimized with the Yoast SEO plugin v25.3.1 - https:\/\/yoast.com\/wordpress\/plugins\/seo\/ -->\n<title>Ozon Dezenfeksiyon Sistemi - Bnreo | Su Ar\u0131tma Cihazlar\u0131<\/title>\n<meta name=\"robots\" content=\"index, follow, max-snippet:-1, max-image-preview:large, max-video-preview:-1\" \/>\n<link rel=\"canonical\" href=\"https:\/\/bnreo.com.tr\/en\/product\/ozon-dezenfeksiyon-sistemi\/\" \/>\n<meta property=\"og:locale\" content=\"en_US\" \/>\n<meta property=\"og:type\" content=\"article\" \/>\n<meta property=\"og:title\" content=\"Ozon Dezenfeksiyon Sistemi - Bnreo | Su Ar\u0131tma Cihazlar\u0131\" \/>\n<meta property=\"og:description\" content=\"Bnreo Ozon ve onu \u00fcreten jenerat\u00f6r hakk\u0131nda sorular firmam\u0131za s\u0131k\u00e7a sorulan sorular\u0131n ba\u015f\u0131nda gelmektedir. Ozonu \u00fcreten cihazlar\u0131n imalat\u0131 T\u00fcrkiye \u2018de\" \/>\n<meta property=\"og:url\" content=\"https:\/\/bnreo.com.tr\/en\/product\/ozon-dezenfeksiyon-sistemi\/\" \/>\n<meta property=\"og:site_name\" content=\"Bnreo | Su Ar\u0131tma Cihazlar\u0131\" \/>\n<meta property=\"article:modified_time\" content=\"2025-06-24T01:48:01+00:00\" \/>\n<meta property=\"og:image\" content=\"https:\/\/bnreo.com.tr\/wp-content\/uploads\/2025\/06\/ergin_teknik-ultraviyole-dezenfeksiyon-sistemi-kopya-01-600x450-1.jpg\" \/>\n\t<meta property=\"og:image:width\" content=\"600\" \/>\n\t<meta property=\"og:image:height\" content=\"450\" \/>\n\t<meta property=\"og:image:type\" content=\"image\/jpeg\" \/>\n<meta name=\"twitter:card\" content=\"summary_large_image\" \/>\n<meta name=\"twitter:label1\" content=\"Est. reading time\" \/>\n\t<meta name=\"twitter:data1\" content=\"3 minutes\" \/>\n<script type=\"application\/ld+json\" class=\"yoast-schema-graph\">{\"@context\":\"https:\/\/schema.org\",\"@graph\":[{\"@type\":\"WebPage\",\"@id\":\"https:\/\/bnreo.com.tr\/product\/ozon-dezenfeksiyon-sistemi\/\",\"url\":\"https:\/\/bnreo.com.tr\/product\/ozon-dezenfeksiyon-sistemi\/\",\"name\":\"Ozon Dezenfeksiyon Sistemi - Bnreo | Su Ar\u0131tma Cihazlar\u0131\",\"isPartOf\":{\"@id\":\"https:\/\/bnreo.com.tr\/#website\"},\"primaryImageOfPage\":{\"@id\":\"https:\/\/bnreo.com.tr\/product\/ozon-dezenfeksiyon-sistemi\/#primaryimage\"},\"image\":{\"@id\":\"https:\/\/bnreo.com.tr\/product\/ozon-dezenfeksiyon-sistemi\/#primaryimage\"},\"thumbnailUrl\":\"https:\/\/bnreo.com.tr\/wp-content\/uploads\/2025\/06\/ergin_teknik-ultraviyole-dezenfeksiyon-sistemi-kopya-01-600x450-1.jpg\",\"datePublished\":\"2025-06-24T01:44:42+00:00\",\"dateModified\":\"2025-06-24T01:48:01+00:00\",\"breadcrumb\":{\"@id\":\"https:\/\/bnreo.com.tr\/product\/ozon-dezenfeksiyon-sistemi\/#breadcrumb\"},\"inLanguage\":\"en-US\",\"potentialAction\":[{\"@type\":\"ReadAction\",\"target\":[\"https:\/\/bnreo.com.tr\/product\/ozon-dezenfeksiyon-sistemi\/\"]}]},{\"@type\":\"ImageObject\",\"inLanguage\":\"en-US\",\"@id\":\"https:\/\/bnreo.com.tr\/product\/ozon-dezenfeksiyon-sistemi\/#primaryimage\",\"url\":\"https:\/\/bnreo.com.tr\/wp-content\/uploads\/2025\/06\/ergin_teknik-ultraviyole-dezenfeksiyon-sistemi-kopya-01-600x450-1.jpg\",\"contentUrl\":\"https:\/\/bnreo.com.tr\/wp-content\/uploads\/2025\/06\/ergin_teknik-ultraviyole-dezenfeksiyon-sistemi-kopya-01-600x450-1.jpg\",\"width\":600,\"height\":450},{\"@type\":\"BreadcrumbList\",\"@id\":\"https:\/\/bnreo.com.tr\/product\/ozon-dezenfeksiyon-sistemi\/#breadcrumb\",\"itemListElement\":[{\"@type\":\"ListItem\",\"position\":1,\"name\":\"Anasayfa\",\"item\":\"https:\/\/bnreo.com.tr\/\"},{\"@type\":\"ListItem\",\"position\":2,\"name\":\"Ma\u011faza\",\"item\":\"https:\/\/bnreo.com.tr\/magaza\/\"},{\"@type\":\"ListItem\",\"position\":3,\"name\":\"Ozon Dezenfeksiyon Sistemi\"}]},{\"@type\":\"WebSite\",\"@id\":\"https:\/\/bnreo.com.tr\/#website\",\"url\":\"https:\/\/bnreo.com.tr\/\",\"name\":\"Bnreo | Su Ar\u0131tma Cihazlar\u0131\",\"description\":\"Bnreo | Su Ar\u0131tma Cihazlar\u0131\",\"potentialAction\":[{\"@type\":\"SearchAction\",\"target\":{\"@type\":\"EntryPoint\",\"urlTemplate\":\"https:\/\/bnreo.com.tr\/?s={search_term_string}\"},\"query-input\":{\"@type\":\"PropertyValueSpecification\",\"valueRequired\":true,\"valueName\":\"search_term_string\"}}],\"inLanguage\":\"en-US\"}]}<\/script>\n<!-- \/ Yoast SEO plugin. -->","yoast_head_json":{"title":"Ozon Dezenfeksiyon Sistemi - Bnreo | Su Ar\u0131tma Cihazlar\u0131","robots":{"index":"index","follow":"follow","max-snippet":"max-snippet:-1","max-image-preview":"max-image-preview:large","max-video-preview":"max-video-preview:-1"},"canonical":"https:\/\/bnreo.com.tr\/en\/product\/ozon-dezenfeksiyon-sistemi\/","og_locale":"en_US","og_type":"article","og_title":"Ozon Dezenfeksiyon Sistemi - Bnreo | Su Ar\u0131tma Cihazlar\u0131","og_description":"Bnreo Ozon ve onu \u00fcreten jenerat\u00f6r hakk\u0131nda sorular firmam\u0131za s\u0131k\u00e7a sorulan sorular\u0131n ba\u015f\u0131nda gelmektedir. Ozonu \u00fcreten cihazlar\u0131n imalat\u0131 T\u00fcrkiye \u2018de","og_url":"https:\/\/bnreo.com.tr\/en\/product\/ozon-dezenfeksiyon-sistemi\/","og_site_name":"Bnreo | Su Ar\u0131tma Cihazlar\u0131","article_modified_time":"2025-06-24T01:48:01+00:00","og_image":[{"width":600,"height":450,"url":"https:\/\/bnreo.com.tr\/wp-content\/uploads\/2025\/06\/ergin_teknik-ultraviyole-dezenfeksiyon-sistemi-kopya-01-600x450-1.jpg","type":"image\/jpeg"}],"twitter_card":"summary_large_image","twitter_misc":{"Est. reading time":"3 minutes"},"schema":{"@context":"https:\/\/schema.org","@graph":[{"@type":"WebPage","@id":"https:\/\/bnreo.com.tr\/product\/ozon-dezenfeksiyon-sistemi\/","url":"https:\/\/bnreo.com.tr\/product\/ozon-dezenfeksiyon-sistemi\/","name":"Ozon Dezenfeksiyon Sistemi - Bnreo | Su Ar\u0131tma Cihazlar\u0131","isPartOf":{"@id":"https:\/\/bnreo.com.tr\/#website"},"primaryImageOfPage":{"@id":"https:\/\/bnreo.com.tr\/product\/ozon-dezenfeksiyon-sistemi\/#primaryimage"},"image":{"@id":"https:\/\/bnreo.com.tr\/product\/ozon-dezenfeksiyon-sistemi\/#primaryimage"},"thumbnailUrl":"https:\/\/bnreo.com.tr\/wp-content\/uploads\/2025\/06\/ergin_teknik-ultraviyole-dezenfeksiyon-sistemi-kopya-01-600x450-1.jpg","datePublished":"2025-06-24T01:44:42+00:00","dateModified":"2025-06-24T01:48:01+00:00","breadcrumb":{"@id":"https:\/\/bnreo.com.tr\/product\/ozon-dezenfeksiyon-sistemi\/#breadcrumb"},"inLanguage":"en-US","potentialAction":[{"@type":"ReadAction","target":["https:\/\/bnreo.com.tr\/product\/ozon-dezenfeksiyon-sistemi\/"]}]},{"@type":"ImageObject","inLanguage":"en-US","@id":"https:\/\/bnreo.com.tr\/product\/ozon-dezenfeksiyon-sistemi\/#primaryimage","url":"https:\/\/bnreo.com.tr\/wp-content\/uploads\/2025\/06\/ergin_teknik-ultraviyole-dezenfeksiyon-sistemi-kopya-01-600x450-1.jpg","contentUrl":"https:\/\/bnreo.com.tr\/wp-content\/uploads\/2025\/06\/ergin_teknik-ultraviyole-dezenfeksiyon-sistemi-kopya-01-600x450-1.jpg","width":600,"height":450},{"@type":"BreadcrumbList","@id":"https:\/\/bnreo.com.tr\/product\/ozon-dezenfeksiyon-sistemi\/#breadcrumb","itemListElement":[{"@type":"ListItem","position":1,"name":"Anasayfa","item":"https:\/\/bnreo.com.tr\/"},{"@type":"ListItem","position":2,"name":"Ma\u011faza","item":"https:\/\/bnreo.com.tr\/magaza\/"},{"@type":"ListItem","position":3,"name":"Ozon Dezenfeksiyon Sistemi"}]},{"@type":"WebSite","@id":"https:\/\/bnreo.com.tr\/#website","url":"https:\/\/bnreo.com.tr\/","name":"Bnreo | Su Ar\u0131tma Cihazlar\u0131","description":"Bnreo | Su Ar\u0131tma Cihazlar\u0131","potentialAction":[{"@type":"SearchAction","target":{"@type":"EntryPoint","urlTemplate":"https:\/\/bnreo.com.tr\/?s={search_term_string}"},"query-input":{"@type":"PropertyValueSpecification","valueRequired":true,"valueName":"search_term_string"}}],"inLanguage":"en-US"}]}},"_links":{"self":[{"href":"https:\/\/bnreo.com.tr\/en\/wp-json\/wp\/v2\/product\/28140","targetHints":{"allow":["GET"]}}],"collection":[{"href":"https:\/\/bnreo.com.tr\/en\/wp-json\/wp\/v2\/product"}],"about":[{"href":"https:\/\/bnreo.com.tr\/en\/wp-json\/wp\/v2\/types\/product"}],"replies":[{"embeddable":true,"href":"https:\/\/bnreo.com.tr\/en\/wp-json\/wp\/v2\/comments?post=28140"}],"version-history":[{"count":1,"href":"https:\/\/bnreo.com.tr\/en\/wp-json\/wp\/v2\/product\/28140\/revisions"}],"predecessor-version":[{"id":28142,"href":"https:\/\/bnreo.com.tr\/en\/wp-json\/wp\/v2\/product\/28140\/revisions\/28142"}],"wp:featuredmedia":[{"embeddable":true,"href":"https:\/\/bnreo.com.tr\/en\/wp-json\/wp\/v2\/media\/28141"}],"wp:attachment":[{"href":"https:\/\/bnreo.com.tr\/en\/wp-json\/wp\/v2\/media?parent=28140"}],"wp:term":[{"taxonomy":"product_brand","embeddable":true,"href":"https:\/\/bnreo.com.tr\/en\/wp-json\/wp\/v2\/product_brand?post=28140"},{"taxonomy":"product_cat","embeddable":true,"href":"https:\/\/bnreo.com.tr\/en\/wp-json\/wp\/v2\/product_cat?post=28140"},{"taxonomy":"product_tag","embeddable":true,"href":"https:\/\/bnreo.com.tr\/en\/wp-json\/wp\/v2\/product_tag?post=28140"}],"curies":[{"name":"wp","href":"https:\/\/api.w.org\/{rel}","templated":true}]}}