{"id":28137,"date":"2025-06-24T04:44:12","date_gmt":"2025-06-24T01:44:12","guid":{"rendered":"https:\/\/bnreo.com.tr\/?post_type=product&#038;p=28137"},"modified":"2025-06-24T04:48:07","modified_gmt":"2025-06-24T01:48:07","slug":"moduler-su-depolari","status":"publish","type":"product","link":"https:\/\/bnreo.com.tr\/en\/product\/moduler-su-depolari\/","title":{"rendered":"Modular Water Tanks"},"content":{"rendered":"<p><strong>Modular Water Tank<\/strong><\/p>\n<p><strong>What is a Modular Water Tank?<\/strong><\/p>\n<p>It is a type of storage in which specially shaped sheet metal parts in desired volumes are assembled to each other with bolts.<\/p>\n<p><strong>Why do we prefer Modular Water Tanks?<\/strong><\/p>\n<p><strong>It is clean, hygienic and long-lasting:<\/strong><\/p>\n<p>All parts of these tanks are produced in accordance with hygiene conditions.<\/p>\n<p>Does not contain fungi, moss, etc.<\/p>\n<p>It does not release harmful chemicals during assembly and never pollutes the environment.<\/p>\n<p><strong>The cost of owning a modular water tank is decreasing year by year:<\/strong><\/p>\n<p>It&#039;s a very long-lasting tank type. Parts can be replaced independently if desired. It can be easily installed without using natural resources. No welding is required. Depending on the nature of the liquid it contains, the tanks can be coated with different materials. It never reacts with the liquid it contains.<\/p>\n<p><strong>It can be used in different ways in different places:<\/strong><\/p>\n<p>It can be easily assembled and even disassembled and reassembled in a different location (modular parts manufactured as warehouse parts can easily be converted into smaller parts). Special, hygienic EPDM gaskets are used to ensure sealing.<\/p>\n<p>It&#039;s easily installed in favorite locations, high ground, frames, towers, and building entrances. Designed to easily pass through building entrances, production runs range from 1,250 liters to 300,000 liters, depending on your needs.<\/p>\n<p><strong>Stainless Steel Prismatic Modular Water Tanks:<br \/>\n<\/strong>AISI 304 Kalite paslanmaz \u00e7elik, d\u00fcnyada en s\u0131k ve \u00e7ok y\u00f6nl\u00fc kullan\u0131lan paslanmaz \u00e7elik t\u00fcr\u00fcd\u00fcr.\u00a0%18 krom ve %8 nikel i\u00e7eren\u00a0bu malzeme, m\u00fckemmel \u015fekillenebilme kabiliyetine ve korozyon dayanam\u0131na sahiptir.\u00a0\u0130htiyac\u0131n\u0131za g\u00f6re AISI 316 kalite paslanmaz \u00e7elikten \u00fcretim yap\u0131lmaktad\u0131r.<\/p>\n<p>&nbsp;<\/p>\n<p><strong>Hot Dip Galvanized Prismatic Modular Water Tanks:<br \/>\n<\/strong>Hot-dip galvanizing is one of the longest-lasting corrosion protection methods used to date. Because hot-dip galvanizing creates a high-thickness, uniform surface film on the metal surface, it penetrates all areas, including sharp corners, cuts, holes, and voids, providing complete protection.<\/p>","protected":false},"excerpt":{"rendered":"<p>Modular Water Tank What is a Modular Water Tank? It is a structure where specially shaped sheet metal parts of the desired volumes are assembled to each other with bolts.<\/p>","protected":false},"featured_media":28138,"comment_status":"open","ping_status":"closed","template":"","meta":[],"product_brand":[],"product_cat":[81,37],"product_tag":[],"class_list":{"0":"post-28137","1":"product","2":"type-product","3":"status-publish","4":"has-post-thumbnail","6":"product_cat-cihazlar-urunler","7":"product_cat-endustriyel-su-aritma-sistemleri","9":"first","10":"instock","11":"shipping-taxable","12":"purchasable","13":"product-type-simple"},"yoast_head":"<!-- This site is optimized with the Yoast SEO plugin v25.3.1 - https:\/\/yoast.com\/wordpress\/plugins\/seo\/ -->\n<title>Mod\u00fcler Su Depolar\u0131 - Bnreo | Su Ar\u0131tma Cihazlar\u0131<\/title>\n<meta name=\"robots\" content=\"index, follow, max-snippet:-1, max-image-preview:large, max-video-preview:-1\" \/>\n<link rel=\"canonical\" href=\"https:\/\/bnreo.com.tr\/en\/product\/moduler-su-depolari\/\" \/>\n<meta property=\"og:locale\" content=\"en_US\" \/>\n<meta property=\"og:type\" content=\"article\" \/>\n<meta property=\"og:title\" content=\"Mod\u00fcler Su Depolar\u0131 - Bnreo | Su Ar\u0131tma Cihazlar\u0131\" \/>\n<meta property=\"og:description\" content=\"Mod\u00fcler Su Deposu Mod\u00fcler Su Deposu Nedir ? \u0130stenilen hacimlerde \u00f6zel \u015fekil verilen sac par\u00e7alar\u0131n birbirlerine civatalarla monte edilmi\u015f oldu\u011fu\" \/>\n<meta property=\"og:url\" content=\"https:\/\/bnreo.com.tr\/en\/product\/moduler-su-depolari\/\" \/>\n<meta property=\"og:site_name\" content=\"Bnreo | Su Ar\u0131tma Cihazlar\u0131\" \/>\n<meta property=\"article:modified_time\" content=\"2025-06-24T01:48:07+00:00\" \/>\n<meta property=\"og:image\" content=\"https:\/\/bnreo.com.tr\/wp-content\/uploads\/2025\/06\/ergin_teknik-moduler-su-depolari-01-600x450-1.jpg\" \/>\n\t<meta property=\"og:image:width\" content=\"600\" \/>\n\t<meta property=\"og:image:height\" content=\"450\" \/>\n\t<meta property=\"og:image:type\" content=\"image\/jpeg\" \/>\n<meta name=\"twitter:card\" content=\"summary_large_image\" \/>\n<meta name=\"twitter:label1\" content=\"Est. reading time\" \/>\n\t<meta name=\"twitter:data1\" content=\"2 minutes\" \/>\n<script type=\"application\/ld+json\" class=\"yoast-schema-graph\">{\"@context\":\"https:\/\/schema.org\",\"@graph\":[{\"@type\":\"WebPage\",\"@id\":\"https:\/\/bnreo.com.tr\/product\/moduler-su-depolari\/\",\"url\":\"https:\/\/bnreo.com.tr\/product\/moduler-su-depolari\/\",\"name\":\"Mod\u00fcler Su Depolar\u0131 - Bnreo | Su Ar\u0131tma Cihazlar\u0131\",\"isPartOf\":{\"@id\":\"https:\/\/bnreo.com.tr\/#website\"},\"primaryImageOfPage\":{\"@id\":\"https:\/\/bnreo.com.tr\/product\/moduler-su-depolari\/#primaryimage\"},\"image\":{\"@id\":\"https:\/\/bnreo.com.tr\/product\/moduler-su-depolari\/#primaryimage\"},\"thumbnailUrl\":\"https:\/\/bnreo.com.tr\/wp-content\/uploads\/2025\/06\/ergin_teknik-moduler-su-depolari-01-600x450-1.jpg\",\"datePublished\":\"2025-06-24T01:44:12+00:00\",\"dateModified\":\"2025-06-24T01:48:07+00:00\",\"breadcrumb\":{\"@id\":\"https:\/\/bnreo.com.tr\/product\/moduler-su-depolari\/#breadcrumb\"},\"inLanguage\":\"en-US\",\"potentialAction\":[{\"@type\":\"ReadAction\",\"target\":[\"https:\/\/bnreo.com.tr\/product\/moduler-su-depolari\/\"]}]},{\"@type\":\"ImageObject\",\"inLanguage\":\"en-US\",\"@id\":\"https:\/\/bnreo.com.tr\/product\/moduler-su-depolari\/#primaryimage\",\"url\":\"https:\/\/bnreo.com.tr\/wp-content\/uploads\/2025\/06\/ergin_teknik-moduler-su-depolari-01-600x450-1.jpg\",\"contentUrl\":\"https:\/\/bnreo.com.tr\/wp-content\/uploads\/2025\/06\/ergin_teknik-moduler-su-depolari-01-600x450-1.jpg\",\"width\":600,\"height\":450},{\"@type\":\"BreadcrumbList\",\"@id\":\"https:\/\/bnreo.com.tr\/product\/moduler-su-depolari\/#breadcrumb\",\"itemListElement\":[{\"@type\":\"ListItem\",\"position\":1,\"name\":\"Anasayfa\",\"item\":\"https:\/\/bnreo.com.tr\/\"},{\"@type\":\"ListItem\",\"position\":2,\"name\":\"Ma\u011faza\",\"item\":\"https:\/\/bnreo.com.tr\/magaza\/\"},{\"@type\":\"ListItem\",\"position\":3,\"name\":\"Mod\u00fcler Su Depolar\u0131\"}]},{\"@type\":\"WebSite\",\"@id\":\"https:\/\/bnreo.com.tr\/#website\",\"url\":\"https:\/\/bnreo.com.tr\/\",\"name\":\"Bnreo | Su Ar\u0131tma Cihazlar\u0131\",\"description\":\"Bnreo | Su Ar\u0131tma Cihazlar\u0131\",\"potentialAction\":[{\"@type\":\"SearchAction\",\"target\":{\"@type\":\"EntryPoint\",\"urlTemplate\":\"https:\/\/bnreo.com.tr\/?s={search_term_string}\"},\"query-input\":{\"@type\":\"PropertyValueSpecification\",\"valueRequired\":true,\"valueName\":\"search_term_string\"}}],\"inLanguage\":\"en-US\"}]}<\/script>\n<!-- \/ Yoast SEO plugin. -->","yoast_head_json":{"title":"Mod\u00fcler Su Depolar\u0131 - Bnreo | Su Ar\u0131tma Cihazlar\u0131","robots":{"index":"index","follow":"follow","max-snippet":"max-snippet:-1","max-image-preview":"max-image-preview:large","max-video-preview":"max-video-preview:-1"},"canonical":"https:\/\/bnreo.com.tr\/en\/product\/moduler-su-depolari\/","og_locale":"en_US","og_type":"article","og_title":"Mod\u00fcler Su Depolar\u0131 - Bnreo | Su Ar\u0131tma Cihazlar\u0131","og_description":"Mod\u00fcler Su Deposu Mod\u00fcler Su Deposu Nedir ? \u0130stenilen hacimlerde \u00f6zel \u015fekil verilen sac par\u00e7alar\u0131n birbirlerine civatalarla monte edilmi\u015f oldu\u011fu","og_url":"https:\/\/bnreo.com.tr\/en\/product\/moduler-su-depolari\/","og_site_name":"Bnreo | Su Ar\u0131tma Cihazlar\u0131","article_modified_time":"2025-06-24T01:48:07+00:00","og_image":[{"width":600,"height":450,"url":"https:\/\/bnreo.com.tr\/wp-content\/uploads\/2025\/06\/ergin_teknik-moduler-su-depolari-01-600x450-1.jpg","type":"image\/jpeg"}],"twitter_card":"summary_large_image","twitter_misc":{"Est. reading time":"2 minutes"},"schema":{"@context":"https:\/\/schema.org","@graph":[{"@type":"WebPage","@id":"https:\/\/bnreo.com.tr\/product\/moduler-su-depolari\/","url":"https:\/\/bnreo.com.tr\/product\/moduler-su-depolari\/","name":"Mod\u00fcler Su Depolar\u0131 - Bnreo | Su Ar\u0131tma Cihazlar\u0131","isPartOf":{"@id":"https:\/\/bnreo.com.tr\/#website"},"primaryImageOfPage":{"@id":"https:\/\/bnreo.com.tr\/product\/moduler-su-depolari\/#primaryimage"},"image":{"@id":"https:\/\/bnreo.com.tr\/product\/moduler-su-depolari\/#primaryimage"},"thumbnailUrl":"https:\/\/bnreo.com.tr\/wp-content\/uploads\/2025\/06\/ergin_teknik-moduler-su-depolari-01-600x450-1.jpg","datePublished":"2025-06-24T01:44:12+00:00","dateModified":"2025-06-24T01:48:07+00:00","breadcrumb":{"@id":"https:\/\/bnreo.com.tr\/product\/moduler-su-depolari\/#breadcrumb"},"inLanguage":"en-US","potentialAction":[{"@type":"ReadAction","target":["https:\/\/bnreo.com.tr\/product\/moduler-su-depolari\/"]}]},{"@type":"ImageObject","inLanguage":"en-US","@id":"https:\/\/bnreo.com.tr\/product\/moduler-su-depolari\/#primaryimage","url":"https:\/\/bnreo.com.tr\/wp-content\/uploads\/2025\/06\/ergin_teknik-moduler-su-depolari-01-600x450-1.jpg","contentUrl":"https:\/\/bnreo.com.tr\/wp-content\/uploads\/2025\/06\/ergin_teknik-moduler-su-depolari-01-600x450-1.jpg","width":600,"height":450},{"@type":"BreadcrumbList","@id":"https:\/\/bnreo.com.tr\/product\/moduler-su-depolari\/#breadcrumb","itemListElement":[{"@type":"ListItem","position":1,"name":"Anasayfa","item":"https:\/\/bnreo.com.tr\/"},{"@type":"ListItem","position":2,"name":"Ma\u011faza","item":"https:\/\/bnreo.com.tr\/magaza\/"},{"@type":"ListItem","position":3,"name":"Mod\u00fcler Su Depolar\u0131"}]},{"@type":"WebSite","@id":"https:\/\/bnreo.com.tr\/#website","url":"https:\/\/bnreo.com.tr\/","name":"Bnreo | Su Ar\u0131tma Cihazlar\u0131","description":"Bnreo | Su Ar\u0131tma Cihazlar\u0131","potentialAction":[{"@type":"SearchAction","target":{"@type":"EntryPoint","urlTemplate":"https:\/\/bnreo.com.tr\/?s={search_term_string}"},"query-input":{"@type":"PropertyValueSpecification","valueRequired":true,"valueName":"search_term_string"}}],"inLanguage":"en-US"}]}},"_links":{"self":[{"href":"https:\/\/bnreo.com.tr\/en\/wp-json\/wp\/v2\/product\/28137","targetHints":{"allow":["GET"]}}],"collection":[{"href":"https:\/\/bnreo.com.tr\/en\/wp-json\/wp\/v2\/product"}],"about":[{"href":"https:\/\/bnreo.com.tr\/en\/wp-json\/wp\/v2\/types\/product"}],"replies":[{"embeddable":true,"href":"https:\/\/bnreo.com.tr\/en\/wp-json\/wp\/v2\/comments?post=28137"}],"version-history":[{"count":1,"href":"https:\/\/bnreo.com.tr\/en\/wp-json\/wp\/v2\/product\/28137\/revisions"}],"predecessor-version":[{"id":28139,"href":"https:\/\/bnreo.com.tr\/en\/wp-json\/wp\/v2\/product\/28137\/revisions\/28139"}],"wp:featuredmedia":[{"embeddable":true,"href":"https:\/\/bnreo.com.tr\/en\/wp-json\/wp\/v2\/media\/28138"}],"wp:attachment":[{"href":"https:\/\/bnreo.com.tr\/en\/wp-json\/wp\/v2\/media?parent=28137"}],"wp:term":[{"taxonomy":"product_brand","embeddable":true,"href":"https:\/\/bnreo.com.tr\/en\/wp-json\/wp\/v2\/product_brand?post=28137"},{"taxonomy":"product_cat","embeddable":true,"href":"https:\/\/bnreo.com.tr\/en\/wp-json\/wp\/v2\/product_cat?post=28137"},{"taxonomy":"product_tag","embeddable":true,"href":"https:\/\/bnreo.com.tr\/en\/wp-json\/wp\/v2\/product_tag?post=28137"}],"curies":[{"name":"wp","href":"https:\/\/api.w.org\/{rel}","templated":true}]}}