{"id":28105,"date":"2025-06-24T04:38:05","date_gmt":"2025-06-24T01:38:05","guid":{"rendered":"https:\/\/bnreo.com.tr\/?post_type=product&#038;p=28105"},"modified":"2025-06-24T04:38:05","modified_gmt":"2025-06-24T01:38:05","slug":"2tam-otomatik-yumusatma-valfi","status":"publish","type":"product","link":"https:\/\/bnreo.com.tr\/en\/product\/2tam-otomatik-yumusatma-valfi\/","title":{"rendered":"2\u201d FULLY AUTOMATIC SOFTENING VALVE"},"content":{"rendered":"<h3 data-start=\"133\" data-end=\"157\">\ud83d\udd27 Technical Specifications<\/h3>\n<ul data-start=\"159\" data-end=\"520\">\n<li data-start=\"159\" data-end=\"202\">\n<p data-start=\"161\" data-end=\"202\"><strong data-start=\"161\" data-end=\"189\">Nominal Flow Capacity:<\/strong> 10 m\u00b3\/hour<\/p>\n<\/li>\n<li data-start=\"203\" data-end=\"245\">\n<p data-start=\"205\" data-end=\"245\"><strong data-start=\"205\" data-end=\"233\">Working Pressure Range:<\/strong> 2 \u2013 6 bars<\/p>\n<\/li>\n<li data-start=\"246\" data-end=\"291\">\n<p data-start=\"248\" data-end=\"291\"><strong data-start=\"248\" data-end=\"278\">Operating Temperature Range:<\/strong> 5\u00b0C \u2013 50\u00b0C<\/p>\n<\/li>\n<li data-start=\"292\" data-end=\"333\">\n<p data-start=\"294\" data-end=\"333\"><strong data-start=\"294\" data-end=\"328\">Input \/ Output Connection Size:<\/strong> 2&quot;<\/p>\n<\/li>\n<li data-start=\"334\" data-end=\"359\">\n<p data-start=\"336\" data-end=\"359\"><strong data-start=\"336\" data-end=\"354\">Drain Outlet:<\/strong> 1\u201d<\/p>\n<\/li>\n<li data-start=\"360\" data-end=\"395\">\n<p data-start=\"362\" data-end=\"395\"><strong data-start=\"362\" data-end=\"383\">Compatible Tank Diameter:<\/strong> 10\u201d \u2013 36\u201d<\/p>\n<\/li>\n<li data-start=\"396\" data-end=\"438\">\n<p data-start=\"398\" data-end=\"438\"><strong data-start=\"398\" data-end=\"422\">Electrical Connection:<\/strong> DC 24V \/ 1.5A<\/p>\n<\/li>\n<li data-start=\"439\" data-end=\"520\">\n<p data-start=\"441\" data-end=\"520\"><strong data-start=\"441\" data-end=\"470\">Regeneration Mechanism:<\/strong> Volumetric (Flow Sensitive Automatic Regeneration)<\/p>\n<\/li>\n<\/ul>","protected":false},"excerpt":{"rendered":"<p>\ud83d\udd27 Technical Specifications Nominal Flow Capacity: 10 m\u00b3\/h Working Pressure Range: 2 \u2013 6 bar Working Temperature Range: 5\u00b0C \u2013<\/p>","protected":false},"featured_media":28106,"comment_status":"open","ping_status":"closed","template":"","meta":[],"product_brand":[],"product_cat":[81,37],"product_tag":[],"class_list":{"0":"post-28105","1":"product","2":"type-product","3":"status-publish","4":"has-post-thumbnail","6":"product_cat-cihazlar-urunler","7":"product_cat-endustriyel-su-aritma-sistemleri","9":"first","10":"instock","11":"shipping-taxable","12":"purchasable","13":"product-type-simple"},"yoast_head":"<!-- This site is optimized with the Yoast SEO plugin v25.3.1 - https:\/\/yoast.com\/wordpress\/plugins\/seo\/ -->\n<title>2\u201dTAM OTOMAT\u0130K YUMU\u015eATMA VALF\u0130 - Bnreo | Su Ar\u0131tma Cihazlar\u0131<\/title>\n<meta name=\"robots\" content=\"index, follow, max-snippet:-1, max-image-preview:large, max-video-preview:-1\" \/>\n<link rel=\"canonical\" href=\"https:\/\/bnreo.com.tr\/en\/product\/2tam-otomatik-yumusatma-valfi\/\" \/>\n<meta property=\"og:locale\" content=\"en_US\" \/>\n<meta property=\"og:type\" content=\"article\" \/>\n<meta property=\"og:title\" content=\"2\u201dTAM OTOMAT\u0130K YUMU\u015eATMA VALF\u0130 - Bnreo | Su Ar\u0131tma Cihazlar\u0131\" \/>\n<meta property=\"og:description\" content=\"\ud83d\udd27 Teknik \u00d6zellikler Nominal Ak\u0131\u015f Kapasitesi: 10 m\u00b3\/saat \u00c7al\u0131\u015fma Bas\u0131nc\u0131 Aral\u0131\u011f\u0131: 2 \u2013 6 bar \u00c7al\u0131\u015fma S\u0131cakl\u0131\u011f\u0131 Aral\u0131\u011f\u0131: 5\u00b0C \u2013\" \/>\n<meta property=\"og:url\" content=\"https:\/\/bnreo.com.tr\/en\/product\/2tam-otomatik-yumusatma-valfi\/\" \/>\n<meta property=\"og:site_name\" content=\"Bnreo | Su Ar\u0131tma Cihazlar\u0131\" \/>\n<meta property=\"og:image\" content=\"https:\/\/bnreo.com.tr\/wp-content\/uploads\/2025\/06\/ergin_teknik-2tam-otomatIk-yumuSatma-valfI-01-600x600-1.jpg\" \/>\n\t<meta property=\"og:image:width\" content=\"600\" \/>\n\t<meta property=\"og:image:height\" content=\"600\" \/>\n\t<meta property=\"og:image:type\" content=\"image\/jpeg\" \/>\n<meta name=\"twitter:card\" content=\"summary_large_image\" \/>\n<meta name=\"twitter:label1\" content=\"Est. reading time\" \/>\n\t<meta name=\"twitter:data1\" content=\"1 minute\" \/>\n<script type=\"application\/ld+json\" class=\"yoast-schema-graph\">{\"@context\":\"https:\/\/schema.org\",\"@graph\":[{\"@type\":\"WebPage\",\"@id\":\"https:\/\/bnreo.com.tr\/product\/2tam-otomatik-yumusatma-valfi\/\",\"url\":\"https:\/\/bnreo.com.tr\/product\/2tam-otomatik-yumusatma-valfi\/\",\"name\":\"2\u201dTAM OTOMAT\u0130K YUMU\u015eATMA VALF\u0130 - Bnreo | Su Ar\u0131tma Cihazlar\u0131\",\"isPartOf\":{\"@id\":\"https:\/\/bnreo.com.tr\/#website\"},\"primaryImageOfPage\":{\"@id\":\"https:\/\/bnreo.com.tr\/product\/2tam-otomatik-yumusatma-valfi\/#primaryimage\"},\"image\":{\"@id\":\"https:\/\/bnreo.com.tr\/product\/2tam-otomatik-yumusatma-valfi\/#primaryimage\"},\"thumbnailUrl\":\"https:\/\/bnreo.com.tr\/wp-content\/uploads\/2025\/06\/ergin_teknik-2tam-otomatIk-yumuSatma-valfI-01-600x600-1.jpg\",\"datePublished\":\"2025-06-24T01:38:05+00:00\",\"breadcrumb\":{\"@id\":\"https:\/\/bnreo.com.tr\/product\/2tam-otomatik-yumusatma-valfi\/#breadcrumb\"},\"inLanguage\":\"en-US\",\"potentialAction\":[{\"@type\":\"ReadAction\",\"target\":[\"https:\/\/bnreo.com.tr\/product\/2tam-otomatik-yumusatma-valfi\/\"]}]},{\"@type\":\"ImageObject\",\"inLanguage\":\"en-US\",\"@id\":\"https:\/\/bnreo.com.tr\/product\/2tam-otomatik-yumusatma-valfi\/#primaryimage\",\"url\":\"https:\/\/bnreo.com.tr\/wp-content\/uploads\/2025\/06\/ergin_teknik-2tam-otomatIk-yumuSatma-valfI-01-600x600-1.jpg\",\"contentUrl\":\"https:\/\/bnreo.com.tr\/wp-content\/uploads\/2025\/06\/ergin_teknik-2tam-otomatIk-yumuSatma-valfI-01-600x600-1.jpg\",\"width\":600,\"height\":600},{\"@type\":\"BreadcrumbList\",\"@id\":\"https:\/\/bnreo.com.tr\/product\/2tam-otomatik-yumusatma-valfi\/#breadcrumb\",\"itemListElement\":[{\"@type\":\"ListItem\",\"position\":1,\"name\":\"Anasayfa\",\"item\":\"https:\/\/bnreo.com.tr\/\"},{\"@type\":\"ListItem\",\"position\":2,\"name\":\"Ma\u011faza\",\"item\":\"https:\/\/bnreo.com.tr\/magaza\/\"},{\"@type\":\"ListItem\",\"position\":3,\"name\":\"2\u201dTAM OTOMAT\u0130K YUMU\u015eATMA VALF\u0130\"}]},{\"@type\":\"WebSite\",\"@id\":\"https:\/\/bnreo.com.tr\/#website\",\"url\":\"https:\/\/bnreo.com.tr\/\",\"name\":\"Bnreo | Su Ar\u0131tma Cihazlar\u0131\",\"description\":\"Bnreo | Su Ar\u0131tma Cihazlar\u0131\",\"potentialAction\":[{\"@type\":\"SearchAction\",\"target\":{\"@type\":\"EntryPoint\",\"urlTemplate\":\"https:\/\/bnreo.com.tr\/?s={search_term_string}\"},\"query-input\":{\"@type\":\"PropertyValueSpecification\",\"valueRequired\":true,\"valueName\":\"search_term_string\"}}],\"inLanguage\":\"en-US\"}]}<\/script>\n<!-- \/ Yoast SEO plugin. -->","yoast_head_json":{"title":"2\u201dTAM OTOMAT\u0130K YUMU\u015eATMA VALF\u0130 - Bnreo | Su Ar\u0131tma Cihazlar\u0131","robots":{"index":"index","follow":"follow","max-snippet":"max-snippet:-1","max-image-preview":"max-image-preview:large","max-video-preview":"max-video-preview:-1"},"canonical":"https:\/\/bnreo.com.tr\/en\/product\/2tam-otomatik-yumusatma-valfi\/","og_locale":"en_US","og_type":"article","og_title":"2\u201dTAM OTOMAT\u0130K YUMU\u015eATMA VALF\u0130 - Bnreo | Su Ar\u0131tma Cihazlar\u0131","og_description":"\ud83d\udd27 Teknik \u00d6zellikler Nominal Ak\u0131\u015f Kapasitesi: 10 m\u00b3\/saat \u00c7al\u0131\u015fma Bas\u0131nc\u0131 Aral\u0131\u011f\u0131: 2 \u2013 6 bar \u00c7al\u0131\u015fma S\u0131cakl\u0131\u011f\u0131 Aral\u0131\u011f\u0131: 5\u00b0C \u2013","og_url":"https:\/\/bnreo.com.tr\/en\/product\/2tam-otomatik-yumusatma-valfi\/","og_site_name":"Bnreo | Su Ar\u0131tma Cihazlar\u0131","og_image":[{"width":600,"height":600,"url":"https:\/\/bnreo.com.tr\/wp-content\/uploads\/2025\/06\/ergin_teknik-2tam-otomatIk-yumuSatma-valfI-01-600x600-1.jpg","type":"image\/jpeg"}],"twitter_card":"summary_large_image","twitter_misc":{"Est. reading time":"1 minute"},"schema":{"@context":"https:\/\/schema.org","@graph":[{"@type":"WebPage","@id":"https:\/\/bnreo.com.tr\/product\/2tam-otomatik-yumusatma-valfi\/","url":"https:\/\/bnreo.com.tr\/product\/2tam-otomatik-yumusatma-valfi\/","name":"2\u201dTAM OTOMAT\u0130K YUMU\u015eATMA VALF\u0130 - Bnreo | Su Ar\u0131tma Cihazlar\u0131","isPartOf":{"@id":"https:\/\/bnreo.com.tr\/#website"},"primaryImageOfPage":{"@id":"https:\/\/bnreo.com.tr\/product\/2tam-otomatik-yumusatma-valfi\/#primaryimage"},"image":{"@id":"https:\/\/bnreo.com.tr\/product\/2tam-otomatik-yumusatma-valfi\/#primaryimage"},"thumbnailUrl":"https:\/\/bnreo.com.tr\/wp-content\/uploads\/2025\/06\/ergin_teknik-2tam-otomatIk-yumuSatma-valfI-01-600x600-1.jpg","datePublished":"2025-06-24T01:38:05+00:00","breadcrumb":{"@id":"https:\/\/bnreo.com.tr\/product\/2tam-otomatik-yumusatma-valfi\/#breadcrumb"},"inLanguage":"en-US","potentialAction":[{"@type":"ReadAction","target":["https:\/\/bnreo.com.tr\/product\/2tam-otomatik-yumusatma-valfi\/"]}]},{"@type":"ImageObject","inLanguage":"en-US","@id":"https:\/\/bnreo.com.tr\/product\/2tam-otomatik-yumusatma-valfi\/#primaryimage","url":"https:\/\/bnreo.com.tr\/wp-content\/uploads\/2025\/06\/ergin_teknik-2tam-otomatIk-yumuSatma-valfI-01-600x600-1.jpg","contentUrl":"https:\/\/bnreo.com.tr\/wp-content\/uploads\/2025\/06\/ergin_teknik-2tam-otomatIk-yumuSatma-valfI-01-600x600-1.jpg","width":600,"height":600},{"@type":"BreadcrumbList","@id":"https:\/\/bnreo.com.tr\/product\/2tam-otomatik-yumusatma-valfi\/#breadcrumb","itemListElement":[{"@type":"ListItem","position":1,"name":"Anasayfa","item":"https:\/\/bnreo.com.tr\/"},{"@type":"ListItem","position":2,"name":"Ma\u011faza","item":"https:\/\/bnreo.com.tr\/magaza\/"},{"@type":"ListItem","position":3,"name":"2\u201dTAM OTOMAT\u0130K YUMU\u015eATMA VALF\u0130"}]},{"@type":"WebSite","@id":"https:\/\/bnreo.com.tr\/#website","url":"https:\/\/bnreo.com.tr\/","name":"Bnreo | Su Ar\u0131tma Cihazlar\u0131","description":"Bnreo | Su Ar\u0131tma Cihazlar\u0131","potentialAction":[{"@type":"SearchAction","target":{"@type":"EntryPoint","urlTemplate":"https:\/\/bnreo.com.tr\/?s={search_term_string}"},"query-input":{"@type":"PropertyValueSpecification","valueRequired":true,"valueName":"search_term_string"}}],"inLanguage":"en-US"}]}},"_links":{"self":[{"href":"https:\/\/bnreo.com.tr\/en\/wp-json\/wp\/v2\/product\/28105","targetHints":{"allow":["GET"]}}],"collection":[{"href":"https:\/\/bnreo.com.tr\/en\/wp-json\/wp\/v2\/product"}],"about":[{"href":"https:\/\/bnreo.com.tr\/en\/wp-json\/wp\/v2\/types\/product"}],"replies":[{"embeddable":true,"href":"https:\/\/bnreo.com.tr\/en\/wp-json\/wp\/v2\/comments?post=28105"}],"version-history":[{"count":1,"href":"https:\/\/bnreo.com.tr\/en\/wp-json\/wp\/v2\/product\/28105\/revisions"}],"predecessor-version":[{"id":28107,"href":"https:\/\/bnreo.com.tr\/en\/wp-json\/wp\/v2\/product\/28105\/revisions\/28107"}],"wp:featuredmedia":[{"embeddable":true,"href":"https:\/\/bnreo.com.tr\/en\/wp-json\/wp\/v2\/media\/28106"}],"wp:attachment":[{"href":"https:\/\/bnreo.com.tr\/en\/wp-json\/wp\/v2\/media?parent=28105"}],"wp:term":[{"taxonomy":"product_brand","embeddable":true,"href":"https:\/\/bnreo.com.tr\/en\/wp-json\/wp\/v2\/product_brand?post=28105"},{"taxonomy":"product_cat","embeddable":true,"href":"https:\/\/bnreo.com.tr\/en\/wp-json\/wp\/v2\/product_cat?post=28105"},{"taxonomy":"product_tag","embeddable":true,"href":"https:\/\/bnreo.com.tr\/en\/wp-json\/wp\/v2\/product_tag?post=28105"}],"curies":[{"name":"wp","href":"https:\/\/api.w.org\/{rel}","templated":true}]}}