{"id":28098,"date":"2025-06-24T04:35:29","date_gmt":"2025-06-24T01:35:29","guid":{"rendered":"https:\/\/bnreo.com.tr\/?post_type=product&#038;p=28098"},"modified":"2025-06-24T04:35:29","modified_gmt":"2025-06-24T01:35:29","slug":"1-tam-otomatik-yumusatma-valfi-5m3-h","status":"publish","type":"product","link":"https:\/\/bnreo.com.tr\/en\/product\/1-tam-otomatik-yumusatma-valfi-5m3-h\/","title":{"rendered":"1\u201d FULLY AUTOMATIC SOFTENING VALVE (5M3\/H)"},"content":{"rendered":"<h3 data-start=\"111\" data-end=\"135\">Technical Specifications<\/h3>\n<ul data-start=\"137\" data-end=\"470\">\n<li data-start=\"137\" data-end=\"173\">\n<p data-start=\"139\" data-end=\"173\"><strong data-start=\"139\" data-end=\"161\">Nominal Flow Rate:<\/strong> 5 m\u00b3\/hour<\/p>\n<\/li>\n<li data-start=\"174\" data-end=\"210\">\n<p data-start=\"176\" data-end=\"210\"><strong data-start=\"176\" data-end=\"196\">Working Pressure:<\/strong> 1.5 \u2013 6 bars<\/p>\n<\/li>\n<li data-start=\"211\" data-end=\"248\">\n<p data-start=\"213\" data-end=\"248\"><strong data-start=\"213\" data-end=\"235\">Operating Temperature:<\/strong> 5\u00b0C \u2013 50\u00b0C<\/p>\n<\/li>\n<li data-start=\"249\" data-end=\"312\">\n<p data-start=\"251\" data-end=\"312\"><strong data-start=\"251\" data-end=\"273\">Connection Dimensions:<\/strong> Inlet \/ Outlet: 1\u2033 M | Drain: 1\/2\u2033 M<\/p>\n<\/li>\n<li data-start=\"313\" data-end=\"340\">\n<p data-start=\"315\" data-end=\"340\"><strong data-start=\"315\" data-end=\"335\">By-Pass Unit:<\/strong> 1&#8243;<\/p>\n<\/li>\n<li data-start=\"341\" data-end=\"374\">\n<p data-start=\"343\" data-end=\"374\"><strong data-start=\"343\" data-end=\"363\">Tank Diameter Compatibility:<\/strong> 6\u201d \u2013 18\u201d<\/p>\n<\/li>\n<li data-start=\"375\" data-end=\"417\">\n<p data-start=\"377\" data-end=\"417\"><strong data-start=\"377\" data-end=\"401\">Electrical Connection:<\/strong> DC 12V \/ 1.5A<\/p>\n<\/li>\n<li data-start=\"418\" data-end=\"470\">\n<p data-start=\"420\" data-end=\"470\"><strong data-start=\"420\" data-end=\"442\">Regeneration Type:<\/strong> Volumetric (Flow Controlled)<\/p>\n<\/li>\n<\/ul>","protected":false},"excerpt":{"rendered":"<p>Technical Specifications Nominal Flow Rate: 5 m\u00b3\/h Working Pressure: 1.5 \u2013 6 bar Working Temperature: 5\u00b0C \u2013 50\u00b0C Connection Dimensions:<\/p>","protected":false},"featured_media":28100,"comment_status":"open","ping_status":"closed","template":"","meta":[],"product_brand":[],"product_cat":[81,37],"product_tag":[],"class_list":{"0":"post-28098","1":"product","2":"type-product","3":"status-publish","4":"has-post-thumbnail","6":"product_cat-cihazlar-urunler","7":"product_cat-endustriyel-su-aritma-sistemleri","9":"first","10":"instock","11":"shipping-taxable","12":"purchasable","13":"product-type-simple"},"yoast_head":"<!-- This site is optimized with the Yoast SEO plugin v25.3.1 - https:\/\/yoast.com\/wordpress\/plugins\/seo\/ -->\n<title>1\u201d TAM OTOMAT\u0130K YUMU\u015eATMA VALF\u0130 (5M3\/H) - Bnreo | Su Ar\u0131tma Cihazlar\u0131<\/title>\n<meta name=\"robots\" content=\"index, follow, max-snippet:-1, max-image-preview:large, max-video-preview:-1\" \/>\n<link rel=\"canonical\" href=\"https:\/\/bnreo.com.tr\/en\/product\/1-tam-otomatik-yumusatma-valfi-5m3-h\/\" \/>\n<meta property=\"og:locale\" content=\"en_US\" \/>\n<meta property=\"og:type\" content=\"article\" \/>\n<meta property=\"og:title\" content=\"1\u201d TAM OTOMAT\u0130K YUMU\u015eATMA VALF\u0130 (5M3\/H) - Bnreo | Su Ar\u0131tma Cihazlar\u0131\" \/>\n<meta property=\"og:description\" content=\"Teknik \u00d6zellikler Nominal Ak\u0131\u015f H\u0131z\u0131: 5 m\u00b3\/saat \u00c7al\u0131\u015fma Bas\u0131nc\u0131: 1.5 \u2013 6 bar \u00c7al\u0131\u015fma S\u0131cakl\u0131\u011f\u0131: 5\u00b0C \u2013 50\u00b0C Ba\u011flant\u0131 \u00d6l\u00e7\u00fcleri:\" \/>\n<meta property=\"og:url\" content=\"https:\/\/bnreo.com.tr\/en\/product\/1-tam-otomatik-yumusatma-valfi-5m3-h\/\" \/>\n<meta property=\"og:site_name\" content=\"Bnreo | Su Ar\u0131tma Cihazlar\u0131\" \/>\n<meta property=\"og:image\" content=\"https:\/\/bnreo.com.tr\/wp-content\/uploads\/2025\/06\/ergin_teknik-34-tam-otomatIk-yumuSatma-valfI-kopya-01-600x600-1.jpg\" \/>\n\t<meta property=\"og:image:width\" content=\"600\" \/>\n\t<meta property=\"og:image:height\" content=\"600\" \/>\n\t<meta property=\"og:image:type\" content=\"image\/jpeg\" \/>\n<meta name=\"twitter:card\" content=\"summary_large_image\" \/>\n<meta name=\"twitter:label1\" content=\"Est. reading time\" \/>\n\t<meta name=\"twitter:data1\" content=\"1 minute\" \/>\n<script type=\"application\/ld+json\" class=\"yoast-schema-graph\">{\"@context\":\"https:\/\/schema.org\",\"@graph\":[{\"@type\":\"WebPage\",\"@id\":\"https:\/\/bnreo.com.tr\/product\/1-tam-otomatik-yumusatma-valfi-5m3-h\/\",\"url\":\"https:\/\/bnreo.com.tr\/product\/1-tam-otomatik-yumusatma-valfi-5m3-h\/\",\"name\":\"1\u201d TAM OTOMAT\u0130K YUMU\u015eATMA VALF\u0130 (5M3\/H) - Bnreo | Su Ar\u0131tma Cihazlar\u0131\",\"isPartOf\":{\"@id\":\"https:\/\/bnreo.com.tr\/#website\"},\"primaryImageOfPage\":{\"@id\":\"https:\/\/bnreo.com.tr\/product\/1-tam-otomatik-yumusatma-valfi-5m3-h\/#primaryimage\"},\"image\":{\"@id\":\"https:\/\/bnreo.com.tr\/product\/1-tam-otomatik-yumusatma-valfi-5m3-h\/#primaryimage\"},\"thumbnailUrl\":\"https:\/\/bnreo.com.tr\/wp-content\/uploads\/2025\/06\/ergin_teknik-34-tam-otomatIk-yumuSatma-valfI-kopya-01-600x600-1.jpg\",\"datePublished\":\"2025-06-24T01:35:29+00:00\",\"breadcrumb\":{\"@id\":\"https:\/\/bnreo.com.tr\/product\/1-tam-otomatik-yumusatma-valfi-5m3-h\/#breadcrumb\"},\"inLanguage\":\"en-US\",\"potentialAction\":[{\"@type\":\"ReadAction\",\"target\":[\"https:\/\/bnreo.com.tr\/product\/1-tam-otomatik-yumusatma-valfi-5m3-h\/\"]}]},{\"@type\":\"ImageObject\",\"inLanguage\":\"en-US\",\"@id\":\"https:\/\/bnreo.com.tr\/product\/1-tam-otomatik-yumusatma-valfi-5m3-h\/#primaryimage\",\"url\":\"https:\/\/bnreo.com.tr\/wp-content\/uploads\/2025\/06\/ergin_teknik-34-tam-otomatIk-yumuSatma-valfI-kopya-01-600x600-1.jpg\",\"contentUrl\":\"https:\/\/bnreo.com.tr\/wp-content\/uploads\/2025\/06\/ergin_teknik-34-tam-otomatIk-yumuSatma-valfI-kopya-01-600x600-1.jpg\",\"width\":600,\"height\":600},{\"@type\":\"BreadcrumbList\",\"@id\":\"https:\/\/bnreo.com.tr\/product\/1-tam-otomatik-yumusatma-valfi-5m3-h\/#breadcrumb\",\"itemListElement\":[{\"@type\":\"ListItem\",\"position\":1,\"name\":\"Anasayfa\",\"item\":\"https:\/\/bnreo.com.tr\/\"},{\"@type\":\"ListItem\",\"position\":2,\"name\":\"Ma\u011faza\",\"item\":\"https:\/\/bnreo.com.tr\/magaza\/\"},{\"@type\":\"ListItem\",\"position\":3,\"name\":\"1\u201d TAM OTOMAT\u0130K YUMU\u015eATMA VALF\u0130 (5M3\/H)\"}]},{\"@type\":\"WebSite\",\"@id\":\"https:\/\/bnreo.com.tr\/#website\",\"url\":\"https:\/\/bnreo.com.tr\/\",\"name\":\"Bnreo | Su Ar\u0131tma Cihazlar\u0131\",\"description\":\"Bnreo | Su Ar\u0131tma Cihazlar\u0131\",\"potentialAction\":[{\"@type\":\"SearchAction\",\"target\":{\"@type\":\"EntryPoint\",\"urlTemplate\":\"https:\/\/bnreo.com.tr\/?s={search_term_string}\"},\"query-input\":{\"@type\":\"PropertyValueSpecification\",\"valueRequired\":true,\"valueName\":\"search_term_string\"}}],\"inLanguage\":\"en-US\"}]}<\/script>\n<!-- \/ Yoast SEO plugin. -->","yoast_head_json":{"title":"1\u201d TAM OTOMAT\u0130K YUMU\u015eATMA VALF\u0130 (5M3\/H) - Bnreo | Su Ar\u0131tma Cihazlar\u0131","robots":{"index":"index","follow":"follow","max-snippet":"max-snippet:-1","max-image-preview":"max-image-preview:large","max-video-preview":"max-video-preview:-1"},"canonical":"https:\/\/bnreo.com.tr\/en\/product\/1-tam-otomatik-yumusatma-valfi-5m3-h\/","og_locale":"en_US","og_type":"article","og_title":"1\u201d TAM OTOMAT\u0130K YUMU\u015eATMA VALF\u0130 (5M3\/H) - Bnreo | Su Ar\u0131tma Cihazlar\u0131","og_description":"Teknik \u00d6zellikler Nominal Ak\u0131\u015f H\u0131z\u0131: 5 m\u00b3\/saat \u00c7al\u0131\u015fma Bas\u0131nc\u0131: 1.5 \u2013 6 bar \u00c7al\u0131\u015fma S\u0131cakl\u0131\u011f\u0131: 5\u00b0C \u2013 50\u00b0C Ba\u011flant\u0131 \u00d6l\u00e7\u00fcleri:","og_url":"https:\/\/bnreo.com.tr\/en\/product\/1-tam-otomatik-yumusatma-valfi-5m3-h\/","og_site_name":"Bnreo | Su Ar\u0131tma Cihazlar\u0131","og_image":[{"width":600,"height":600,"url":"https:\/\/bnreo.com.tr\/wp-content\/uploads\/2025\/06\/ergin_teknik-34-tam-otomatIk-yumuSatma-valfI-kopya-01-600x600-1.jpg","type":"image\/jpeg"}],"twitter_card":"summary_large_image","twitter_misc":{"Est. reading time":"1 minute"},"schema":{"@context":"https:\/\/schema.org","@graph":[{"@type":"WebPage","@id":"https:\/\/bnreo.com.tr\/product\/1-tam-otomatik-yumusatma-valfi-5m3-h\/","url":"https:\/\/bnreo.com.tr\/product\/1-tam-otomatik-yumusatma-valfi-5m3-h\/","name":"1\u201d TAM OTOMAT\u0130K YUMU\u015eATMA VALF\u0130 (5M3\/H) - Bnreo | Su Ar\u0131tma Cihazlar\u0131","isPartOf":{"@id":"https:\/\/bnreo.com.tr\/#website"},"primaryImageOfPage":{"@id":"https:\/\/bnreo.com.tr\/product\/1-tam-otomatik-yumusatma-valfi-5m3-h\/#primaryimage"},"image":{"@id":"https:\/\/bnreo.com.tr\/product\/1-tam-otomatik-yumusatma-valfi-5m3-h\/#primaryimage"},"thumbnailUrl":"https:\/\/bnreo.com.tr\/wp-content\/uploads\/2025\/06\/ergin_teknik-34-tam-otomatIk-yumuSatma-valfI-kopya-01-600x600-1.jpg","datePublished":"2025-06-24T01:35:29+00:00","breadcrumb":{"@id":"https:\/\/bnreo.com.tr\/product\/1-tam-otomatik-yumusatma-valfi-5m3-h\/#breadcrumb"},"inLanguage":"en-US","potentialAction":[{"@type":"ReadAction","target":["https:\/\/bnreo.com.tr\/product\/1-tam-otomatik-yumusatma-valfi-5m3-h\/"]}]},{"@type":"ImageObject","inLanguage":"en-US","@id":"https:\/\/bnreo.com.tr\/product\/1-tam-otomatik-yumusatma-valfi-5m3-h\/#primaryimage","url":"https:\/\/bnreo.com.tr\/wp-content\/uploads\/2025\/06\/ergin_teknik-34-tam-otomatIk-yumuSatma-valfI-kopya-01-600x600-1.jpg","contentUrl":"https:\/\/bnreo.com.tr\/wp-content\/uploads\/2025\/06\/ergin_teknik-34-tam-otomatIk-yumuSatma-valfI-kopya-01-600x600-1.jpg","width":600,"height":600},{"@type":"BreadcrumbList","@id":"https:\/\/bnreo.com.tr\/product\/1-tam-otomatik-yumusatma-valfi-5m3-h\/#breadcrumb","itemListElement":[{"@type":"ListItem","position":1,"name":"Anasayfa","item":"https:\/\/bnreo.com.tr\/"},{"@type":"ListItem","position":2,"name":"Ma\u011faza","item":"https:\/\/bnreo.com.tr\/magaza\/"},{"@type":"ListItem","position":3,"name":"1\u201d TAM OTOMAT\u0130K YUMU\u015eATMA VALF\u0130 (5M3\/H)"}]},{"@type":"WebSite","@id":"https:\/\/bnreo.com.tr\/#website","url":"https:\/\/bnreo.com.tr\/","name":"Bnreo | Su Ar\u0131tma Cihazlar\u0131","description":"Bnreo | Su Ar\u0131tma Cihazlar\u0131","potentialAction":[{"@type":"SearchAction","target":{"@type":"EntryPoint","urlTemplate":"https:\/\/bnreo.com.tr\/?s={search_term_string}"},"query-input":{"@type":"PropertyValueSpecification","valueRequired":true,"valueName":"search_term_string"}}],"inLanguage":"en-US"}]}},"_links":{"self":[{"href":"https:\/\/bnreo.com.tr\/en\/wp-json\/wp\/v2\/product\/28098","targetHints":{"allow":["GET"]}}],"collection":[{"href":"https:\/\/bnreo.com.tr\/en\/wp-json\/wp\/v2\/product"}],"about":[{"href":"https:\/\/bnreo.com.tr\/en\/wp-json\/wp\/v2\/types\/product"}],"replies":[{"embeddable":true,"href":"https:\/\/bnreo.com.tr\/en\/wp-json\/wp\/v2\/comments?post=28098"}],"version-history":[{"count":1,"href":"https:\/\/bnreo.com.tr\/en\/wp-json\/wp\/v2\/product\/28098\/revisions"}],"predecessor-version":[{"id":28101,"href":"https:\/\/bnreo.com.tr\/en\/wp-json\/wp\/v2\/product\/28098\/revisions\/28101"}],"wp:featuredmedia":[{"embeddable":true,"href":"https:\/\/bnreo.com.tr\/en\/wp-json\/wp\/v2\/media\/28100"}],"wp:attachment":[{"href":"https:\/\/bnreo.com.tr\/en\/wp-json\/wp\/v2\/media?parent=28098"}],"wp:term":[{"taxonomy":"product_brand","embeddable":true,"href":"https:\/\/bnreo.com.tr\/en\/wp-json\/wp\/v2\/product_brand?post=28098"},{"taxonomy":"product_cat","embeddable":true,"href":"https:\/\/bnreo.com.tr\/en\/wp-json\/wp\/v2\/product_cat?post=28098"},{"taxonomy":"product_tag","embeddable":true,"href":"https:\/\/bnreo.com.tr\/en\/wp-json\/wp\/v2\/product_tag?post=28098"}],"curies":[{"name":"wp","href":"https:\/\/api.w.org\/{rel}","templated":true}]}}