{"id":28217,"date":"2025-06-24T05:14:39","date_gmt":"2025-06-24T02:14:39","guid":{"rendered":"https:\/\/bnreo.com.tr\/?page_id=28217"},"modified":"2025-06-24T05:18:50","modified_gmt":"2025-06-24T02:18:50","slug":"mesafeli-satis-sozlesmesi","status":"publish","type":"page","link":"https:\/\/bnreo.com.tr\/en\/mesafeli-satis-sozlesmesi\/","title":{"rendered":"Distance Sales Contract"},"content":{"rendered":"<div data-elementor-type=\"wp-page\" data-elementor-id=\"28217\" class=\"elementor elementor-28217\">\n\t\t\t\t<div class=\"wd-negative-gap elementor-element elementor-element-2f01c2b e-flex e-con-boxed elementor-invisible e-con e-parent\" data-id=\"2f01c2b\" data-element_type=\"container\" data-settings=\"{&quot;animation&quot;:&quot;fadeInUp&quot;}\">\n\t\t\t\t\t<div class=\"e-con-inner\">\n\t\t<div class=\"elementor-element elementor-element-b9952cc e-con-full e-flex e-con e-child\" data-id=\"b9952cc\" data-element_type=\"container\">\n\t\t\t\t<div class=\"elementor-element elementor-element-9ecc681 color-scheme-inherit text-left elementor-widget elementor-widget-text-editor\" data-id=\"9ecc681\" data-element_type=\"widget\" data-widget_type=\"text-editor.default\">\n\t\t\t\t<div class=\"elementor-widget-container\">\n\t\t\t\t\t\t\t\t\t<h2 data-start=\"193\" data-end=\"224\">Distance Sales Contract<\/h2><p data-start=\"226\" data-end=\"248\"><strong data-start=\"226\" data-end=\"248\">ARTICLE 1 \u2013 PARTIES<\/strong><\/p><p data-start=\"250\" data-end=\"417\"><strong data-start=\"250\" data-end=\"261\">Sales person:<\/strong><br data-start=\"261\" data-end=\"264\" \/>Title: BNREO<br data-start=\"276\" data-end=\"279\" \/>Address: K\u00fc\u00e7\u00fckhasbah\u00e7e, 606. Sk 5A, 07400 Alanya\/Antalya<br data-start=\"333\" data-end=\"336\" \/>Phone: +90 544 747 1 747<br data-start=\"362\" data-end=\"365\" \/>Email: <a class=\"cursor-pointer\" rel=\"noopener\" data-start=\"374\" data-end=\"391\">info@bnreo.com.tr<\/a><br data-start=\"391\" data-end=\"394\" \/>Web: <a class=\"\" href=\"https:\/\/bnreo.com.tr\/en\/\" target=\"_new\" rel=\"noopener\" data-start=\"399\" data-end=\"415\">www.bnreo.com.tr<\/a><\/p><p data-start=\"419\" data-end=\"543\"><strong data-start=\"419\" data-end=\"429\">Buyer:<\/strong><br data-start=\"429\" data-end=\"432\" \/>The user who shops on the website and completes the order (hereinafter referred to as the &quot;BUYER&quot;)<\/p><hr data-start=\"545\" data-end=\"548\" \/><p data-start=\"550\" data-end=\"826\"><strong data-start=\"550\" data-end=\"568\">ARTICLE 2 \u2013 SUBJECT<\/strong><br data-start=\"568\" data-end=\"571\" \/>The subject of this contract is the BUYER&#039;s <a class=\"\" href=\"https:\/\/bnreo.com.tr\/en\/\" target=\"_new\" rel=\"noopener\" data-start=\"606\" data-end=\"622\">www.bnreo.com.tr<\/a> It is the determination of the rights and obligations of the parties regarding the sale and delivery of the product or service ordered electronically from the website, the qualities and sales price of which are specified.<\/p><hr data-start=\"828\" data-end=\"831\" \/><p data-start=\"833\" data-end=\"1084\"><strong data-start=\"833\" data-end=\"868\">ARTICLE 3 \u2013 PRODUCT\/SERVICE INFORMATION<\/strong><br data-start=\"868\" data-end=\"871\" \/>The type, kind, quantity, brand\/model, color, sales price including taxes, payment method and delivery information of the product or service are presented to the BUYER during the order confirmation and are an integral part of this contract.<\/p><hr data-start=\"1086\" data-end=\"1089\" \/><p data-start=\"1091\" data-end=\"1896\"><strong data-start=\"1091\" data-end=\"1119\">ARTICLE 4 \u2013 GENERAL PROVISIONS<\/strong><br data-start=\"1119\" data-end=\"1122\" \/>4.1 BUYER, <a class=\"\" href=\"https:\/\/bnreo.com.tr\/en\/\" target=\"_new\" rel=\"noopener\" data-start=\"1133\" data-end=\"1149\">www.bnreo.com.tr<\/a> He\/she accepts and declares that he\/she has read and is aware of the information regarding the basic characteristics, sales price, payment method and delivery of the product\/service subject to the contract on the website and has given the necessary confirmation electronically.<br data-start=\"1371\" data-end=\"1374\" \/>4.2 The product\/service subject to the contract is delivered to the address specified by the BUYER, provided that it does not exceed the legal 30-day period.<br data-start=\"1491\" data-end=\"1494\" \/>4.3 The BUYER will inspect the product before receiving it and will not accept from the cargo company any damaged or defective product such as a crushed, broken, torn package, etc. The product received is deemed to be intact and undamaged.<br data-start=\"1706\" data-end=\"1709\" \/>4.4 After delivery, the responsibility of the product belongs to the BUYER.<br data-start=\"1764\" data-end=\"1767\" \/>4.5 If the BUYER wishes to exercise his right of withdrawal, he must send the original invoice and the complete return form along with the product.<\/p><hr data-start=\"1898\" data-end=\"1901\" \/><p data-start=\"1903\" data-end=\"2465\"><strong data-start=\"1903\" data-end=\"1928\">ARTICLE 5 \u2013 RIGHT OF WITHDRAWAL<\/strong><br data-start=\"1928\" data-end=\"1931\" \/>5.1 The BUYER may exercise his right of withdrawal within 14 days from the date of receipt of the product, without giving any reason and without paying any penalty.<br data-start=\"2078\" data-end=\"2081\" \/>5.2 To exercise the right of withdrawal within the time limit <strong data-start=\"2132\" data-end=\"2153\"><a class=\"cursor-pointer\" rel=\"noopener\" data-start=\"2134\" data-end=\"2151\">info@bnreo.com.tr<\/a><\/strong> Written notification must be sent to the address.<br data-start=\"2207\" data-end=\"2210\" \/>5.3 The product returned within the scope of the right of withdrawal must be returned complete and unused, with its original packaging, invoice and all accessories.<br data-start=\"2364\" data-end=\"2367\" \/>5.4 The shipping costs of the product to be returned by the BUYER are his\/her responsibility, unless the product is defective.<\/p><hr data-start=\"2467\" data-end=\"2470\" \/><p data-start=\"2472\" data-end=\"2583\"><strong data-start=\"2472\" data-end=\"2523\">ARTICLE 6 \u2013 PRODUCTS OUTSIDE THE SCOPE OF THE RIGHT OF WITHDRAWAL<\/strong><br data-start=\"2523\" data-end=\"2526\" \/>The right of withdrawal cannot be exercised for the following products and services:<\/p><ul data-start=\"2584\" data-end=\"2847\"><li data-start=\"2584\" data-end=\"2677\"><p data-start=\"2586\" data-end=\"2677\">Products specially produced in line with the consumer&#039;s wishes or personal needs<\/p><\/li><li data-start=\"2678\" data-end=\"2756\"><p data-start=\"2680\" data-end=\"2756\">Products that have been opened, used or rendered unsellable<\/p><\/li><li data-start=\"2757\" data-end=\"2785\"><p data-start=\"2759\" data-end=\"2785\">Assembled products<\/p><\/li><li data-start=\"2786\" data-end=\"2847\"><p data-start=\"2788\" data-end=\"2847\">Services or digital content offered electronically<\/p><\/li><\/ul><hr data-start=\"2849\" data-end=\"2852\" \/><p data-start=\"2854\" data-end=\"3110\"><strong data-start=\"2854\" data-end=\"2883\">ARTICLE 7 \u2013 COMPETENT COURT<\/strong><br data-start=\"2883\" data-end=\"2886\" \/>In the implementation of this contract, Consumer Arbitration Committees are authorized up to the value declared by the Ministry of Commerce of the Republic of Turkey, and in cases exceeding this value, the Consumer Courts at the location of the BUYER or SELLER are authorized.<\/p><hr data-start=\"3112\" data-end=\"3115\" \/><p data-start=\"3117\" data-end=\"3289\"><strong data-start=\"3117\" data-end=\"3139\">ARTICLE 8 \u2013 ENFORCEMENT<\/strong><br data-start=\"3139\" data-end=\"3142\" \/>This agreement becomes effective when approved electronically by the BUYER. A copy of the agreement will be sent to the BUYER&#039;s email address.<\/p>\t\t\t\t\t\t\t\t<\/div>\n\t\t\t\t<\/div>\n\t\t\t\t<\/div>\n\t\t\t\t\t<\/div>\n\t\t\t\t<\/div>\n\t\t\t\t<\/div>","protected":false},"excerpt":{"rendered":"<p>Distance Selling Agreement ARTICLE 1 \u2013 PARTIES Seller: Title: BNREO Address: K\u00fc\u00e7\u00fckhasbah\u00e7e, 606. Sk 5A, 07400 Alanya\/Antalya Phone: +90 544 747 1 747 E-mail:<\/p>","protected":false},"author":1,"featured_media":0,"parent":0,"menu_order":0,"comment_status":"closed","ping_status":"closed","template":"elementor_header_footer","meta":{"footnotes":""},"class_list":["post-28217","page","type-page","status-publish","hentry"],"yoast_head":"<!-- This site is optimized with the Yoast SEO plugin v25.3.1 - https:\/\/yoast.com\/wordpress\/plugins\/seo\/ -->\n<title>Mesafeli Sat\u0131\u015f S\u00f6zle\u015fmesi - Bnreo | Su Ar\u0131tma Cihazlar\u0131<\/title>\n<meta name=\"robots\" content=\"index, follow, max-snippet:-1, max-image-preview:large, max-video-preview:-1\" \/>\n<link rel=\"canonical\" href=\"https:\/\/bnreo.com.tr\/en\/mesafeli-satis-sozlesmesi\/\" \/>\n<meta property=\"og:locale\" content=\"en_US\" \/>\n<meta property=\"og:type\" content=\"article\" \/>\n<meta property=\"og:title\" content=\"Mesafeli Sat\u0131\u015f S\u00f6zle\u015fmesi - Bnreo | Su Ar\u0131tma Cihazlar\u0131\" \/>\n<meta property=\"og:description\" content=\"Mesafeli Sat\u0131\u015f S\u00f6zle\u015fmesi MADDE 1 &#8211; TARAFLAR Sat\u0131c\u0131:Unvan: BNREOAdres: K\u00fc\u00e7\u00fckhasbah\u00e7e, 606. Sk 5A, 07400 Alanya\/AntalyaTelefon: +90 544 747 1 747E-Posta:\" \/>\n<meta property=\"og:url\" content=\"https:\/\/bnreo.com.tr\/en\/mesafeli-satis-sozlesmesi\/\" \/>\n<meta property=\"og:site_name\" content=\"Bnreo | Su Ar\u0131tma Cihazlar\u0131\" \/>\n<meta property=\"article:modified_time\" content=\"2025-06-24T02:18:50+00:00\" \/>\n<meta name=\"twitter:card\" content=\"summary_large_image\" \/>\n<meta name=\"twitter:label1\" content=\"Est. reading time\" \/>\n\t<meta name=\"twitter:data1\" content=\"3 minutes\" \/>\n<script type=\"application\/ld+json\" class=\"yoast-schema-graph\">{\"@context\":\"https:\/\/schema.org\",\"@graph\":[{\"@type\":\"WebPage\",\"@id\":\"https:\/\/bnreo.com.tr\/mesafeli-satis-sozlesmesi\/\",\"url\":\"https:\/\/bnreo.com.tr\/mesafeli-satis-sozlesmesi\/\",\"name\":\"Mesafeli Sat\u0131\u015f S\u00f6zle\u015fmesi - Bnreo | Su Ar\u0131tma Cihazlar\u0131\",\"isPartOf\":{\"@id\":\"https:\/\/bnreo.com.tr\/#website\"},\"datePublished\":\"2025-06-24T02:14:39+00:00\",\"dateModified\":\"2025-06-24T02:18:50+00:00\",\"breadcrumb\":{\"@id\":\"https:\/\/bnreo.com.tr\/mesafeli-satis-sozlesmesi\/#breadcrumb\"},\"inLanguage\":\"en-US\",\"potentialAction\":[{\"@type\":\"ReadAction\",\"target\":[\"https:\/\/bnreo.com.tr\/mesafeli-satis-sozlesmesi\/\"]}]},{\"@type\":\"BreadcrumbList\",\"@id\":\"https:\/\/bnreo.com.tr\/mesafeli-satis-sozlesmesi\/#breadcrumb\",\"itemListElement\":[{\"@type\":\"ListItem\",\"position\":1,\"name\":\"Anasayfa\",\"item\":\"https:\/\/bnreo.com.tr\/\"},{\"@type\":\"ListItem\",\"position\":2,\"name\":\"Mesafeli Sat\u0131\u015f S\u00f6zle\u015fmesi\"}]},{\"@type\":\"WebSite\",\"@id\":\"https:\/\/bnreo.com.tr\/#website\",\"url\":\"https:\/\/bnreo.com.tr\/\",\"name\":\"Bnreo | Su Ar\u0131tma Cihazlar\u0131\",\"description\":\"Bnreo | Su Ar\u0131tma Cihazlar\u0131\",\"potentialAction\":[{\"@type\":\"SearchAction\",\"target\":{\"@type\":\"EntryPoint\",\"urlTemplate\":\"https:\/\/bnreo.com.tr\/?s={search_term_string}\"},\"query-input\":{\"@type\":\"PropertyValueSpecification\",\"valueRequired\":true,\"valueName\":\"search_term_string\"}}],\"inLanguage\":\"en-US\"}]}<\/script>\n<!-- \/ Yoast SEO plugin. -->","yoast_head_json":{"title":"Mesafeli Sat\u0131\u015f S\u00f6zle\u015fmesi - Bnreo | Su Ar\u0131tma Cihazlar\u0131","robots":{"index":"index","follow":"follow","max-snippet":"max-snippet:-1","max-image-preview":"max-image-preview:large","max-video-preview":"max-video-preview:-1"},"canonical":"https:\/\/bnreo.com.tr\/en\/mesafeli-satis-sozlesmesi\/","og_locale":"en_US","og_type":"article","og_title":"Mesafeli Sat\u0131\u015f S\u00f6zle\u015fmesi - Bnreo | Su Ar\u0131tma Cihazlar\u0131","og_description":"Mesafeli Sat\u0131\u015f S\u00f6zle\u015fmesi MADDE 1 &#8211; TARAFLAR Sat\u0131c\u0131:Unvan: BNREOAdres: K\u00fc\u00e7\u00fckhasbah\u00e7e, 606. Sk 5A, 07400 Alanya\/AntalyaTelefon: +90 544 747 1 747E-Posta:","og_url":"https:\/\/bnreo.com.tr\/en\/mesafeli-satis-sozlesmesi\/","og_site_name":"Bnreo | Su Ar\u0131tma Cihazlar\u0131","article_modified_time":"2025-06-24T02:18:50+00:00","twitter_card":"summary_large_image","twitter_misc":{"Est. reading time":"3 minutes"},"schema":{"@context":"https:\/\/schema.org","@graph":[{"@type":"WebPage","@id":"https:\/\/bnreo.com.tr\/mesafeli-satis-sozlesmesi\/","url":"https:\/\/bnreo.com.tr\/mesafeli-satis-sozlesmesi\/","name":"Mesafeli Sat\u0131\u015f S\u00f6zle\u015fmesi - Bnreo | Su Ar\u0131tma Cihazlar\u0131","isPartOf":{"@id":"https:\/\/bnreo.com.tr\/#website"},"datePublished":"2025-06-24T02:14:39+00:00","dateModified":"2025-06-24T02:18:50+00:00","breadcrumb":{"@id":"https:\/\/bnreo.com.tr\/mesafeli-satis-sozlesmesi\/#breadcrumb"},"inLanguage":"en-US","potentialAction":[{"@type":"ReadAction","target":["https:\/\/bnreo.com.tr\/mesafeli-satis-sozlesmesi\/"]}]},{"@type":"BreadcrumbList","@id":"https:\/\/bnreo.com.tr\/mesafeli-satis-sozlesmesi\/#breadcrumb","itemListElement":[{"@type":"ListItem","position":1,"name":"Anasayfa","item":"https:\/\/bnreo.com.tr\/"},{"@type":"ListItem","position":2,"name":"Mesafeli Sat\u0131\u015f S\u00f6zle\u015fmesi"}]},{"@type":"WebSite","@id":"https:\/\/bnreo.com.tr\/#website","url":"https:\/\/bnreo.com.tr\/","name":"Bnreo | Su Ar\u0131tma Cihazlar\u0131","description":"Bnreo | Su Ar\u0131tma Cihazlar\u0131","potentialAction":[{"@type":"SearchAction","target":{"@type":"EntryPoint","urlTemplate":"https:\/\/bnreo.com.tr\/?s={search_term_string}"},"query-input":{"@type":"PropertyValueSpecification","valueRequired":true,"valueName":"search_term_string"}}],"inLanguage":"en-US"}]}},"_links":{"self":[{"href":"https:\/\/bnreo.com.tr\/en\/wp-json\/wp\/v2\/pages\/28217","targetHints":{"allow":["GET"]}}],"collection":[{"href":"https:\/\/bnreo.com.tr\/en\/wp-json\/wp\/v2\/pages"}],"about":[{"href":"https:\/\/bnreo.com.tr\/en\/wp-json\/wp\/v2\/types\/page"}],"author":[{"embeddable":true,"href":"https:\/\/bnreo.com.tr\/en\/wp-json\/wp\/v2\/users\/1"}],"replies":[{"embeddable":true,"href":"https:\/\/bnreo.com.tr\/en\/wp-json\/wp\/v2\/comments?post=28217"}],"version-history":[{"count":4,"href":"https:\/\/bnreo.com.tr\/en\/wp-json\/wp\/v2\/pages\/28217\/revisions"}],"predecessor-version":[{"id":28234,"href":"https:\/\/bnreo.com.tr\/en\/wp-json\/wp\/v2\/pages\/28217\/revisions\/28234"}],"wp:attachment":[{"href":"https:\/\/bnreo.com.tr\/en\/wp-json\/wp\/v2\/media?parent=28217"}],"curies":[{"name":"wp","href":"https:\/\/api.w.org\/{rel}","templated":true}]}}