{"id":28206,"date":"2025-06-24T05:12:57","date_gmt":"2025-06-24T02:12:57","guid":{"rendered":"https:\/\/bnreo.com.tr\/?page_id=28206"},"modified":"2025-06-24T05:16:52","modified_gmt":"2025-06-24T02:16:52","slug":"aydinlatma-metni","status":"publish","type":"page","link":"https:\/\/bnreo.com.tr\/en\/aydinlatma-metni\/","title":{"rendered":"Clarification Text"},"content":{"rendered":"<div data-elementor-type=\"wp-page\" data-elementor-id=\"28206\" class=\"elementor elementor-28206\">\n\t\t\t\t<div class=\"wd-negative-gap elementor-element elementor-element-b064218 e-flex e-con-boxed elementor-invisible e-con e-parent\" data-id=\"b064218\" data-element_type=\"container\" data-settings=\"{&quot;animation&quot;:&quot;fadeInUp&quot;}\">\n\t\t\t\t\t<div class=\"e-con-inner\">\n\t\t<div class=\"elementor-element elementor-element-47e83a3 e-con-full e-flex e-con e-child\" data-id=\"47e83a3\" data-element_type=\"container\">\n\t\t\t\t<div class=\"elementor-element elementor-element-16e4b1c color-scheme-inherit text-left elementor-widget elementor-widget-text-editor\" data-id=\"16e4b1c\" data-element_type=\"widget\" data-widget_type=\"text-editor.default\">\n\t\t\t\t<div class=\"elementor-widget-container\">\n\t\t\t\t\t\t\t\t\t<h2 data-start=\"143\" data-end=\"164\">Clarification Text<\/h2><p data-start=\"165\" data-end=\"348\"><strong data-start=\"165\" data-end=\"174\">BNREO<\/strong> As the data controller, we would like to inform you about the processing of your personal data within the scope of the Personal Data Protection Law No. 6698 (\u201cKVKK\u201d).<\/p><h3 data-start=\"350\" data-end=\"383\">1. Data Controller Information<\/h3><p data-start=\"384\" data-end=\"527\"><strong data-start=\"384\" data-end=\"394\">Title:<\/strong> BNREO<br data-start=\"400\" data-end=\"403\" \/><strong data-start=\"403\" data-end=\"413\">Address:<\/strong> Kucukhasbahce, 606. Sk 5A, 07400 Alanya\/Antalya<br data-start=\"461\" data-end=\"464\" \/><strong data-start=\"464\" data-end=\"476\">Telephone:<\/strong> +90 544 747 1 747<br data-start=\"494\" data-end=\"497\" \/><strong data-start=\"497\" data-end=\"509\">Email:<\/strong> <a class=\"cursor-pointer\" rel=\"noopener\" data-start=\"510\" data-end=\"527\">info@bnreo.com.tr<\/a><\/p><h3 data-start=\"529\" data-end=\"588\">2. For what purposes are your personal data processed?<\/h3><p data-start=\"589\" data-end=\"611\">Your personal data;<\/p><ul data-start=\"612\" data-end=\"1007\"><li data-start=\"612\" data-end=\"659\"><p data-start=\"614\" data-end=\"659\">Meeting your product and service demands,<\/p><\/li><li data-start=\"660\" data-end=\"725\"><p data-start=\"662\" data-end=\"725\">Evaluation of your orders, offers and communication requests,<\/p><\/li><li data-start=\"726\" data-end=\"774\"><p data-start=\"728\" data-end=\"774\">Carrying out customer satisfaction processes,<\/p><\/li><li data-start=\"775\" data-end=\"848\"><p data-start=\"777\" data-end=\"848\">Marketing, promotional and information activities (with explicit consent),<\/p><\/li><li data-start=\"849\" data-end=\"1007\"><p data-start=\"851\" data-end=\"1007\">Fulfillment of legal obligations,<br data-start=\"892\" data-end=\"895\" \/>For these purposes, personal data is processed in accordance with the personal data processing conditions specified in Articles 5 and 6 of the KVKK.<\/p><\/li><\/ul><h3 data-start=\"1009\" data-end=\"1042\">3. Personal Data Collected<\/h3><p data-start=\"1043\" data-end=\"1147\">Your personal data may be collected through contact forms, website, email, telephone and other means:<\/p><ul data-start=\"1148\" data-end=\"1239\"><li data-start=\"1148\" data-end=\"1161\"><p data-start=\"1150\" data-end=\"1161\">Name, surname<\/p><\/li><li data-start=\"1162\" data-end=\"1182\"><p data-start=\"1164\" data-end=\"1182\">Phone number<\/p><\/li><li data-start=\"1183\" data-end=\"1201\"><p data-start=\"1185\" data-end=\"1201\">Email address<\/p><\/li><li data-start=\"1202\" data-end=\"1215\"><p data-start=\"1204\" data-end=\"1215\">IP address<\/p><\/li><li data-start=\"1216\" data-end=\"1239\"><p data-start=\"1218\" data-end=\"1239\">Message\/message content<\/p><\/li><\/ul><h3 data-start=\"1241\" data-end=\"1311\">4. To Whom and For What Purposes Can Your Personal Data Be Transferred?<\/h3><p data-start=\"1312\" data-end=\"1365\">Your personal data will be processed for the purposes stated above;<\/p><ul data-start=\"1366\" data-end=\"1617\"><li data-start=\"1366\" data-end=\"1419\"><p data-start=\"1368\" data-end=\"1419\">Legally authorized public institutions and organizations,<\/p><\/li><li data-start=\"1420\" data-end=\"1475\"><p data-start=\"1422\" data-end=\"1475\">To our business partners and suppliers from whom we receive service,<\/p><\/li><li data-start=\"1476\" data-end=\"1617\"><p data-start=\"1478\" data-end=\"1617\">To authorized persons or institutions in order to fulfill legal obligations,<br data-start=\"1557\" data-end=\"1560\" \/>It can be transferred in accordance with Articles 8 and 9 of the KVKK.<\/p><\/li><\/ul><h3 data-start=\"1619\" data-end=\"1676\">5. Method and Legal Reason for Collecting Personal Data<\/h3><p data-start=\"1677\" data-end=\"1916\">Your personal data is collected through our website, e-mail, telephone, social media and other communication channels, in whole or in part, by automated means, and is processed based on the legal grounds specified in Article 5 of the KVKK.<\/p><h3 data-start=\"1918\" data-end=\"1955\">6. Your Rights Under KVKK<\/h3><p data-start=\"1956\" data-end=\"1988\">In accordance with Article 11 of the KVKK;<\/p><ul data-start=\"1989\" data-end=\"2471\"><li data-start=\"1989\" data-end=\"2045\"><p data-start=\"1991\" data-end=\"2045\">To learn whether your personal data is being processed,<\/p><\/li><li data-start=\"2046\" data-end=\"2091\"><p data-start=\"2048\" data-end=\"2091\">Requesting information about it if it has been processed,<\/p><\/li><li data-start=\"2092\" data-end=\"2146\"><p data-start=\"2094\" data-end=\"2146\">To learn whether it is used for its intended purpose,<\/p><\/li><li data-start=\"2147\" data-end=\"2194\"><p data-start=\"2149\" data-end=\"2194\">Knowing if they have been transferred to third parties,<\/p><\/li><li data-start=\"2195\" data-end=\"2250\"><p data-start=\"2197\" data-end=\"2250\">Request correction if it is processed incompletely or incorrectly,<\/p><\/li><li data-start=\"2251\" data-end=\"2294\"><p data-start=\"2253\" data-end=\"2294\">Requesting deletion or destruction,<\/p><\/li><li data-start=\"2295\" data-end=\"2353\"><p data-start=\"2297\" data-end=\"2353\">Requesting notification to third parties to whom your data has been transferred,<\/p><\/li><li data-start=\"2354\" data-end=\"2411\"><p data-start=\"2356\" data-end=\"2411\">Objection to analysis by automated systems,<\/p><\/li><li data-start=\"2412\" data-end=\"2471\"><p data-start=\"2414\" data-end=\"2471\">Requesting compensation for damages,<br data-start=\"2447\" data-end=\"2450\" \/>You have the rights.<\/p><\/li><\/ul><h3 data-start=\"2473\" data-end=\"2489\">7. Application<\/h3><p data-start=\"2490\" data-end=\"2696\">To exercise your rights under KVKK, you can contact us using the information below:<br data-start=\"2597\" data-end=\"2600\" \/>\ud83d\udcde +90 544 747 1 747<br data-start=\"2620\" data-end=\"2623\" \/>\ud83d\udce9 <a class=\"cursor-pointer\" rel=\"noopener\" data-start=\"2626\" data-end=\"2643\">info@bnreo.com.tr<\/a><br data-start=\"2643\" data-end=\"2646\" \/>\ud83d\udccd K\u00fc\u00e7\u00fckhasbah\u00e7e, 606. Sk 5A, 07400 Alanya\/Antalya<\/p>\t\t\t\t\t\t\t\t<\/div>\n\t\t\t\t<\/div>\n\t\t\t\t<\/div>\n\t\t\t\t\t<\/div>\n\t\t\t\t<\/div>\n\t\t\t\t<\/div>","protected":false},"excerpt":{"rendered":"<p>Privacy Policy As BNREO, acting as the data controller under the Law No. 6698 on the Protection of Personal Data (&quot;KVKK&quot;), we inform you about our processing of your personal data.<\/p>","protected":false},"author":1,"featured_media":0,"parent":0,"menu_order":0,"comment_status":"closed","ping_status":"closed","template":"elementor_header_footer","meta":{"footnotes":""},"class_list":["post-28206","page","type-page","status-publish","hentry"],"yoast_head":"<!-- This site is optimized with the Yoast SEO plugin v25.3.1 - https:\/\/yoast.com\/wordpress\/plugins\/seo\/ -->\n<title>Ayd\u0131nlatma Metni - Bnreo | Su Ar\u0131tma Cihazlar\u0131<\/title>\n<meta name=\"robots\" content=\"index, follow, max-snippet:-1, max-image-preview:large, max-video-preview:-1\" \/>\n<link rel=\"canonical\" href=\"https:\/\/bnreo.com.tr\/en\/aydinlatma-metni\/\" \/>\n<meta property=\"og:locale\" content=\"en_US\" \/>\n<meta property=\"og:type\" content=\"article\" \/>\n<meta property=\"og:title\" content=\"Ayd\u0131nlatma Metni - Bnreo | Su Ar\u0131tma Cihazlar\u0131\" \/>\n<meta property=\"og:description\" content=\"Ayd\u0131nlatma Metni BNREO olarak, 6698 say\u0131l\u0131 Ki\u015fisel Verilerin Korunmas\u0131 Kanunu (\u201cKVKK\u201d) kapsam\u0131nda veri sorumlusu s\u0131fat\u0131yla ki\u015fisel verilerinizin i\u015flenmesine ili\u015fkin sizleri\" \/>\n<meta property=\"og:url\" content=\"https:\/\/bnreo.com.tr\/en\/aydinlatma-metni\/\" \/>\n<meta property=\"og:site_name\" content=\"Bnreo | Su Ar\u0131tma Cihazlar\u0131\" \/>\n<meta property=\"article:modified_time\" content=\"2025-06-24T02:16:52+00:00\" \/>\n<meta name=\"twitter:card\" content=\"summary_large_image\" \/>\n<meta name=\"twitter:label1\" content=\"Est. reading time\" \/>\n\t<meta name=\"twitter:data1\" content=\"2 minutes\" \/>\n<script type=\"application\/ld+json\" class=\"yoast-schema-graph\">{\"@context\":\"https:\/\/schema.org\",\"@graph\":[{\"@type\":\"WebPage\",\"@id\":\"https:\/\/bnreo.com.tr\/aydinlatma-metni\/\",\"url\":\"https:\/\/bnreo.com.tr\/aydinlatma-metni\/\",\"name\":\"Ayd\u0131nlatma Metni - Bnreo | Su Ar\u0131tma Cihazlar\u0131\",\"isPartOf\":{\"@id\":\"https:\/\/bnreo.com.tr\/#website\"},\"datePublished\":\"2025-06-24T02:12:57+00:00\",\"dateModified\":\"2025-06-24T02:16:52+00:00\",\"breadcrumb\":{\"@id\":\"https:\/\/bnreo.com.tr\/aydinlatma-metni\/#breadcrumb\"},\"inLanguage\":\"en-US\",\"potentialAction\":[{\"@type\":\"ReadAction\",\"target\":[\"https:\/\/bnreo.com.tr\/aydinlatma-metni\/\"]}]},{\"@type\":\"BreadcrumbList\",\"@id\":\"https:\/\/bnreo.com.tr\/aydinlatma-metni\/#breadcrumb\",\"itemListElement\":[{\"@type\":\"ListItem\",\"position\":1,\"name\":\"Anasayfa\",\"item\":\"https:\/\/bnreo.com.tr\/\"},{\"@type\":\"ListItem\",\"position\":2,\"name\":\"Ayd\u0131nlatma Metni\"}]},{\"@type\":\"WebSite\",\"@id\":\"https:\/\/bnreo.com.tr\/#website\",\"url\":\"https:\/\/bnreo.com.tr\/\",\"name\":\"Bnreo | Su Ar\u0131tma Cihazlar\u0131\",\"description\":\"Bnreo | Su Ar\u0131tma Cihazlar\u0131\",\"potentialAction\":[{\"@type\":\"SearchAction\",\"target\":{\"@type\":\"EntryPoint\",\"urlTemplate\":\"https:\/\/bnreo.com.tr\/?s={search_term_string}\"},\"query-input\":{\"@type\":\"PropertyValueSpecification\",\"valueRequired\":true,\"valueName\":\"search_term_string\"}}],\"inLanguage\":\"en-US\"}]}<\/script>\n<!-- \/ Yoast SEO plugin. -->","yoast_head_json":{"title":"Ayd\u0131nlatma Metni - Bnreo | Su Ar\u0131tma Cihazlar\u0131","robots":{"index":"index","follow":"follow","max-snippet":"max-snippet:-1","max-image-preview":"max-image-preview:large","max-video-preview":"max-video-preview:-1"},"canonical":"https:\/\/bnreo.com.tr\/en\/aydinlatma-metni\/","og_locale":"en_US","og_type":"article","og_title":"Ayd\u0131nlatma Metni - Bnreo | Su Ar\u0131tma Cihazlar\u0131","og_description":"Ayd\u0131nlatma Metni BNREO olarak, 6698 say\u0131l\u0131 Ki\u015fisel Verilerin Korunmas\u0131 Kanunu (\u201cKVKK\u201d) kapsam\u0131nda veri sorumlusu s\u0131fat\u0131yla ki\u015fisel verilerinizin i\u015flenmesine ili\u015fkin sizleri","og_url":"https:\/\/bnreo.com.tr\/en\/aydinlatma-metni\/","og_site_name":"Bnreo | Su Ar\u0131tma Cihazlar\u0131","article_modified_time":"2025-06-24T02:16:52+00:00","twitter_card":"summary_large_image","twitter_misc":{"Est. reading time":"2 minutes"},"schema":{"@context":"https:\/\/schema.org","@graph":[{"@type":"WebPage","@id":"https:\/\/bnreo.com.tr\/aydinlatma-metni\/","url":"https:\/\/bnreo.com.tr\/aydinlatma-metni\/","name":"Ayd\u0131nlatma Metni - Bnreo | Su Ar\u0131tma Cihazlar\u0131","isPartOf":{"@id":"https:\/\/bnreo.com.tr\/#website"},"datePublished":"2025-06-24T02:12:57+00:00","dateModified":"2025-06-24T02:16:52+00:00","breadcrumb":{"@id":"https:\/\/bnreo.com.tr\/aydinlatma-metni\/#breadcrumb"},"inLanguage":"en-US","potentialAction":[{"@type":"ReadAction","target":["https:\/\/bnreo.com.tr\/aydinlatma-metni\/"]}]},{"@type":"BreadcrumbList","@id":"https:\/\/bnreo.com.tr\/aydinlatma-metni\/#breadcrumb","itemListElement":[{"@type":"ListItem","position":1,"name":"Anasayfa","item":"https:\/\/bnreo.com.tr\/"},{"@type":"ListItem","position":2,"name":"Ayd\u0131nlatma Metni"}]},{"@type":"WebSite","@id":"https:\/\/bnreo.com.tr\/#website","url":"https:\/\/bnreo.com.tr\/","name":"Bnreo | Su Ar\u0131tma Cihazlar\u0131","description":"Bnreo | Su Ar\u0131tma Cihazlar\u0131","potentialAction":[{"@type":"SearchAction","target":{"@type":"EntryPoint","urlTemplate":"https:\/\/bnreo.com.tr\/?s={search_term_string}"},"query-input":{"@type":"PropertyValueSpecification","valueRequired":true,"valueName":"search_term_string"}}],"inLanguage":"en-US"}]}},"_links":{"self":[{"href":"https:\/\/bnreo.com.tr\/en\/wp-json\/wp\/v2\/pages\/28206","targetHints":{"allow":["GET"]}}],"collection":[{"href":"https:\/\/bnreo.com.tr\/en\/wp-json\/wp\/v2\/pages"}],"about":[{"href":"https:\/\/bnreo.com.tr\/en\/wp-json\/wp\/v2\/types\/page"}],"author":[{"embeddable":true,"href":"https:\/\/bnreo.com.tr\/en\/wp-json\/wp\/v2\/users\/1"}],"replies":[{"embeddable":true,"href":"https:\/\/bnreo.com.tr\/en\/wp-json\/wp\/v2\/comments?post=28206"}],"version-history":[{"count":4,"href":"https:\/\/bnreo.com.tr\/en\/wp-json\/wp\/v2\/pages\/28206\/revisions"}],"predecessor-version":[{"id":28225,"href":"https:\/\/bnreo.com.tr\/en\/wp-json\/wp\/v2\/pages\/28206\/revisions\/28225"}],"wp:attachment":[{"href":"https:\/\/bnreo.com.tr\/en\/wp-json\/wp\/v2\/media?parent=28206"}],"curies":[{"name":"wp","href":"https:\/\/api.w.org\/{rel}","templated":true}]}}