{"id":28072,"date":"2025-06-24T04:09:22","date_gmt":"2025-06-24T01:09:22","guid":{"rendered":"https:\/\/bnreo.com.tr\/?page_id=28072"},"modified":"2025-06-24T04:10:34","modified_gmt":"2025-06-24T01:10:34","slug":"galeri","status":"publish","type":"page","link":"https:\/\/bnreo.com.tr\/en\/galeri\/","title":{"rendered":"Gallery"},"content":{"rendered":"<div data-elementor-type=\"wp-page\" data-elementor-id=\"28072\" class=\"elementor elementor-28072\">\n\t\t\t\t<div class=\"wd-negative-gap elementor-element elementor-element-ef8dc8e e-flex e-con-boxed elementor-invisible e-con e-parent\" data-id=\"ef8dc8e\" data-element_type=\"container\" data-settings=\"{&quot;animation&quot;:&quot;fadeInUp&quot;}\">\n\t\t\t\t\t<div class=\"e-con-inner\">\n\t\t<div class=\"elementor-element elementor-element-fa65db6 e-con-full e-flex e-con e-child\" data-id=\"fa65db6\" data-element_type=\"container\">\n\t\t\t\t<div class=\"elementor-element elementor-element-bb043c3 elementor-widget elementor-widget-image-gallery\" data-id=\"bb043c3\" data-element_type=\"widget\" data-widget_type=\"image-gallery.default\">\n\t\t\t\t<div class=\"elementor-widget-container\">\n\t\t\t\t\t\t\t<div class=\"elementor-image-gallery\">\n\t\t\t\n\t\t<style type=\"text\/css\">\n\t\t\t#gallery-1 {\n\t\t\t\tmargin: auto;\n\t\t\t}\n\t\t\t#gallery-1 .gallery-item {\n\t\t\t\tfloat: left;\n\t\t\t\tmargin-top: 10px;\n\t\t\t\ttext-align: center;\n\t\t\t\twidth: 100%;\n\t\t\t}\n\t\t\t#gallery-1 img {\n\t\t\t\tborder: 2px solid #cfcfcf;\n\t\t\t}\n\t\t\t#gallery-1 .gallery-caption {\n\t\t\t\tmargin-left: 0;\n\t\t\t}\n\t\t\t\/* see gallery_shortcode() in wp-includes\/media.php *\/\n\t\t<\/style>\n\t\t<div id='gallery-1' class='gallery galleryid-28072 gallery-columns-1 gallery-size-full'><dl class='gallery-item'>\n\t\t\t<dt class='gallery-icon landscape'>\n\t\t\t\t<a data-elementor-open-lightbox=\"yes\" data-elementor-lightbox-slideshow=\"bb043c3\" data-elementor-lightbox-title=\"ergin_teknik-\u00c7al\u0131\u015fma-y\u00f6ntemleri-01\" data-e-action-hash=\"#elementor-action%3Aaction%3Dlightbox%26settings%3DeyJpZCI6MjgwNzQsInVybCI6Imh0dHBzOlwvXC9ibnJlby5jb20udHJcL3dwLWNvbnRlbnRcL3VwbG9hZHNcLzIwMjVcLzA2XC9lcmdpbl90ZWtuaWstQ2FsaXNtYS15b250ZW1sZXJpLTAxLmpwZWciLCJzbGlkZXNob3ciOiJiYjA0M2MzIn0%3D\" href='https:\/\/bnreo.com.tr\/wp-content\/uploads\/2025\/06\/ergin_teknik-Calisma-yontemleri-01.jpeg'><img fetchpriority=\"high\" decoding=\"async\" width=\"750\" height=\"421\" src=\"https:\/\/bnreo.com.tr\/wp-content\/uploads\/2025\/06\/ergin_teknik-Calisma-yontemleri-01.jpeg\" class=\"attachment-full size-full\" alt=\"\" srcset=\"https:\/\/bnreo.com.tr\/wp-content\/uploads\/2025\/06\/ergin_teknik-Calisma-yontemleri-01.jpeg 750w, https:\/\/bnreo.com.tr\/wp-content\/uploads\/2025\/06\/ergin_teknik-Calisma-yontemleri-01-400x225.jpeg 400w, https:\/\/bnreo.com.tr\/wp-content\/uploads\/2025\/06\/ergin_teknik-Calisma-yontemleri-01-18x10.jpeg 18w, https:\/\/bnreo.com.tr\/wp-content\/uploads\/2025\/06\/ergin_teknik-Calisma-yontemleri-01-430x241.jpeg 430w, https:\/\/bnreo.com.tr\/wp-content\/uploads\/2025\/06\/ergin_teknik-Calisma-yontemleri-01-700x393.jpeg 700w, https:\/\/bnreo.com.tr\/wp-content\/uploads\/2025\/06\/ergin_teknik-Calisma-yontemleri-01-150x84.jpeg 150w\" sizes=\"(max-width: 750px) 100vw, 750px\" \/><\/a>\n\t\t\t<\/dt><\/dl><br style=\"clear: both\" \/>\n\t\t<\/div>\n\t\t<\/div>\n\t\t\t\t\t\t<\/div>\n\t\t\t\t<\/div>\n\t\t\t\t<\/div>\n\t\t\t\t\t<\/div>\n\t\t\t\t<\/div>\n\t\t\t\t<\/div>","protected":false},"excerpt":{"rendered":"","protected":false},"author":1,"featured_media":0,"parent":0,"menu_order":0,"comment_status":"closed","ping_status":"closed","template":"elementor_header_footer","meta":{"footnotes":""},"class_list":["post-28072","page","type-page","status-publish","hentry"],"yoast_head":"<!-- This site is optimized with the Yoast SEO plugin v25.3.1 - https:\/\/yoast.com\/wordpress\/plugins\/seo\/ -->\n<title>Galeri - Bnreo | Su Ar\u0131tma Cihazlar\u0131<\/title>\n<meta name=\"robots\" content=\"index, follow, max-snippet:-1, max-image-preview:large, max-video-preview:-1\" \/>\n<link rel=\"canonical\" href=\"https:\/\/bnreo.com.tr\/en\/galeri\/\" \/>\n<meta property=\"og:locale\" content=\"en_US\" \/>\n<meta property=\"og:type\" content=\"article\" \/>\n<meta property=\"og:title\" content=\"Galeri - Bnreo | Su Ar\u0131tma Cihazlar\u0131\" \/>\n<meta property=\"og:url\" content=\"https:\/\/bnreo.com.tr\/en\/galeri\/\" \/>\n<meta property=\"og:site_name\" content=\"Bnreo | Su Ar\u0131tma Cihazlar\u0131\" \/>\n<meta property=\"article:modified_time\" content=\"2025-06-24T01:10:34+00:00\" \/>\n<meta property=\"og:image\" content=\"https:\/\/bnreo.com.tr\/wp-content\/uploads\/2025\/06\/ergin_teknik-Calisma-yontemleri-01.jpeg\" \/>\n<meta name=\"twitter:card\" content=\"summary_large_image\" \/>\n<meta name=\"twitter:label1\" content=\"Est. reading time\" \/>\n\t<meta name=\"twitter:data1\" content=\"1 minute\" \/>\n<script type=\"application\/ld+json\" class=\"yoast-schema-graph\">{\"@context\":\"https:\/\/schema.org\",\"@graph\":[{\"@type\":\"WebPage\",\"@id\":\"https:\/\/bnreo.com.tr\/galeri\/\",\"url\":\"https:\/\/bnreo.com.tr\/galeri\/\",\"name\":\"Galeri - Bnreo | Su Ar\u0131tma Cihazlar\u0131\",\"isPartOf\":{\"@id\":\"https:\/\/bnreo.com.tr\/#website\"},\"primaryImageOfPage\":{\"@id\":\"https:\/\/bnreo.com.tr\/galeri\/#primaryimage\"},\"image\":{\"@id\":\"https:\/\/bnreo.com.tr\/galeri\/#primaryimage\"},\"thumbnailUrl\":\"https:\/\/bnreo.com.tr\/wp-content\/uploads\/2025\/06\/ergin_teknik-Calisma-yontemleri-01.jpeg\",\"datePublished\":\"2025-06-24T01:09:22+00:00\",\"dateModified\":\"2025-06-24T01:10:34+00:00\",\"breadcrumb\":{\"@id\":\"https:\/\/bnreo.com.tr\/galeri\/#breadcrumb\"},\"inLanguage\":\"en-US\",\"potentialAction\":[{\"@type\":\"ReadAction\",\"target\":[\"https:\/\/bnreo.com.tr\/galeri\/\"]}]},{\"@type\":\"ImageObject\",\"inLanguage\":\"en-US\",\"@id\":\"https:\/\/bnreo.com.tr\/galeri\/#primaryimage\",\"url\":\"https:\/\/bnreo.com.tr\/wp-content\/uploads\/2025\/06\/ergin_teknik-Calisma-yontemleri-01.jpeg\",\"contentUrl\":\"https:\/\/bnreo.com.tr\/wp-content\/uploads\/2025\/06\/ergin_teknik-Calisma-yontemleri-01.jpeg\"},{\"@type\":\"BreadcrumbList\",\"@id\":\"https:\/\/bnreo.com.tr\/galeri\/#breadcrumb\",\"itemListElement\":[{\"@type\":\"ListItem\",\"position\":1,\"name\":\"Anasayfa\",\"item\":\"https:\/\/bnreo.com.tr\/\"},{\"@type\":\"ListItem\",\"position\":2,\"name\":\"Galeri\"}]},{\"@type\":\"WebSite\",\"@id\":\"https:\/\/bnreo.com.tr\/#website\",\"url\":\"https:\/\/bnreo.com.tr\/\",\"name\":\"Bnreo | Su Ar\u0131tma Cihazlar\u0131\",\"description\":\"Bnreo | Su Ar\u0131tma Cihazlar\u0131\",\"potentialAction\":[{\"@type\":\"SearchAction\",\"target\":{\"@type\":\"EntryPoint\",\"urlTemplate\":\"https:\/\/bnreo.com.tr\/?s={search_term_string}\"},\"query-input\":{\"@type\":\"PropertyValueSpecification\",\"valueRequired\":true,\"valueName\":\"search_term_string\"}}],\"inLanguage\":\"en-US\"}]}<\/script>\n<!-- \/ Yoast SEO plugin. -->","yoast_head_json":{"title":"Galeri - Bnreo | Su Ar\u0131tma Cihazlar\u0131","robots":{"index":"index","follow":"follow","max-snippet":"max-snippet:-1","max-image-preview":"max-image-preview:large","max-video-preview":"max-video-preview:-1"},"canonical":"https:\/\/bnreo.com.tr\/en\/galeri\/","og_locale":"en_US","og_type":"article","og_title":"Galeri - Bnreo | Su Ar\u0131tma Cihazlar\u0131","og_url":"https:\/\/bnreo.com.tr\/en\/galeri\/","og_site_name":"Bnreo | Su Ar\u0131tma Cihazlar\u0131","article_modified_time":"2025-06-24T01:10:34+00:00","og_image":[{"url":"https:\/\/bnreo.com.tr\/wp-content\/uploads\/2025\/06\/ergin_teknik-Calisma-yontemleri-01.jpeg","type":"","width":"","height":""}],"twitter_card":"summary_large_image","twitter_misc":{"Est. reading time":"1 minute"},"schema":{"@context":"https:\/\/schema.org","@graph":[{"@type":"WebPage","@id":"https:\/\/bnreo.com.tr\/galeri\/","url":"https:\/\/bnreo.com.tr\/galeri\/","name":"Galeri - Bnreo | Su Ar\u0131tma Cihazlar\u0131","isPartOf":{"@id":"https:\/\/bnreo.com.tr\/#website"},"primaryImageOfPage":{"@id":"https:\/\/bnreo.com.tr\/galeri\/#primaryimage"},"image":{"@id":"https:\/\/bnreo.com.tr\/galeri\/#primaryimage"},"thumbnailUrl":"https:\/\/bnreo.com.tr\/wp-content\/uploads\/2025\/06\/ergin_teknik-Calisma-yontemleri-01.jpeg","datePublished":"2025-06-24T01:09:22+00:00","dateModified":"2025-06-24T01:10:34+00:00","breadcrumb":{"@id":"https:\/\/bnreo.com.tr\/galeri\/#breadcrumb"},"inLanguage":"en-US","potentialAction":[{"@type":"ReadAction","target":["https:\/\/bnreo.com.tr\/galeri\/"]}]},{"@type":"ImageObject","inLanguage":"en-US","@id":"https:\/\/bnreo.com.tr\/galeri\/#primaryimage","url":"https:\/\/bnreo.com.tr\/wp-content\/uploads\/2025\/06\/ergin_teknik-Calisma-yontemleri-01.jpeg","contentUrl":"https:\/\/bnreo.com.tr\/wp-content\/uploads\/2025\/06\/ergin_teknik-Calisma-yontemleri-01.jpeg"},{"@type":"BreadcrumbList","@id":"https:\/\/bnreo.com.tr\/galeri\/#breadcrumb","itemListElement":[{"@type":"ListItem","position":1,"name":"Anasayfa","item":"https:\/\/bnreo.com.tr\/"},{"@type":"ListItem","position":2,"name":"Galeri"}]},{"@type":"WebSite","@id":"https:\/\/bnreo.com.tr\/#website","url":"https:\/\/bnreo.com.tr\/","name":"Bnreo | Su Ar\u0131tma Cihazlar\u0131","description":"Bnreo | Su Ar\u0131tma Cihazlar\u0131","potentialAction":[{"@type":"SearchAction","target":{"@type":"EntryPoint","urlTemplate":"https:\/\/bnreo.com.tr\/?s={search_term_string}"},"query-input":{"@type":"PropertyValueSpecification","valueRequired":true,"valueName":"search_term_string"}}],"inLanguage":"en-US"}]}},"_links":{"self":[{"href":"https:\/\/bnreo.com.tr\/en\/wp-json\/wp\/v2\/pages\/28072","targetHints":{"allow":["GET"]}}],"collection":[{"href":"https:\/\/bnreo.com.tr\/en\/wp-json\/wp\/v2\/pages"}],"about":[{"href":"https:\/\/bnreo.com.tr\/en\/wp-json\/wp\/v2\/types\/page"}],"author":[{"embeddable":true,"href":"https:\/\/bnreo.com.tr\/en\/wp-json\/wp\/v2\/users\/1"}],"replies":[{"embeddable":true,"href":"https:\/\/bnreo.com.tr\/en\/wp-json\/wp\/v2\/comments?post=28072"}],"version-history":[{"count":4,"href":"https:\/\/bnreo.com.tr\/en\/wp-json\/wp\/v2\/pages\/28072\/revisions"}],"predecessor-version":[{"id":28077,"href":"https:\/\/bnreo.com.tr\/en\/wp-json\/wp\/v2\/pages\/28072\/revisions\/28077"}],"wp:attachment":[{"href":"https:\/\/bnreo.com.tr\/en\/wp-json\/wp\/v2\/media?parent=28072"}],"curies":[{"name":"wp","href":"https:\/\/api.w.org\/{rel}","templated":true}]}}