{"id":27943,"date":"2025-06-24T02:26:36","date_gmt":"2025-06-23T23:26:36","guid":{"rendered":"https:\/\/bnreo.com.tr\/?page_id=27943"},"modified":"2025-06-24T02:32:17","modified_gmt":"2025-06-23T23:32:17","slug":"medikal-laboratuvar-cozumleri","status":"publish","type":"page","link":"https:\/\/bnreo.com.tr\/en\/medikal-laboratuvar-cozumleri\/","title":{"rendered":"Medical &amp; Laboratory Solutions"},"content":{"rendered":"<div data-elementor-type=\"wp-page\" data-elementor-id=\"27943\" class=\"elementor elementor-27943\">\n\t\t\t\t<div class=\"wd-negative-gap elementor-element elementor-element-f99b11a e-flex e-con-boxed elementor-invisible e-con e-parent\" data-id=\"f99b11a\" data-element_type=\"container\" data-settings=\"{&quot;animation&quot;:&quot;fadeInUp&quot;}\">\n\t\t\t\t\t<div class=\"e-con-inner\">\n\t\t<div class=\"elementor-element elementor-element-11c34c8 e-con-full e-flex e-con e-child\" data-id=\"11c34c8\" data-element_type=\"container\">\n\t\t\t\t<div class=\"elementor-element elementor-element-f695043 color-scheme-inherit text-left elementor-widget elementor-widget-text-editor\" data-id=\"f695043\" data-element_type=\"widget\" data-widget_type=\"text-editor.default\">\n\t\t\t\t<div class=\"elementor-widget-container\">\n\t\t\t\t\t\t\t\t\t<p data-start=\"171\" data-end=\"697\">Health and science require perfection in even the smallest details. Especially <strong data-start=\"249\" data-end=\"409\">hospitals, medical centers, dialysis centers, biotechnology laboratories, analysis laboratories, genetic research centers and pharmaceutical manufacturing facilities<\/strong> The quality of water used in areas such as is not just a technical detail; <strong data-start=\"485\" data-end=\"516\">is a life-saving element<\/strong>. BNREO has developed a system specifically for these critical areas. <strong data-start=\"569\" data-end=\"619\">with medical and laboratory water purification systems<\/strong>, offers the highest quality in every step that requires hygiene, safety and accuracy.<\/p><p data-start=\"699\" data-end=\"1169\">The purity of the water used is of great importance for the proper operation of medical and laboratory devices, the protection of patient health, and the scientific reliability of test results. <strong data-start=\"895\" data-end=\"904\">BNREO<\/strong>offers solutions for different purity levels with systems developed specifically for the needs of each institution. <strong data-start=\"1022\" data-end=\"1038\">ultrapure water<\/strong>, whether...or <strong data-start=\"1046\" data-end=\"1065\">demineralized water<\/strong> if he wants <strong data-start=\"1074\" data-end=\"1094\">analysis grade water<\/strong> Whatever your needs are \u2014 we produce solutions for all of them at international standards.<\/p><p data-start=\"1171\" data-end=\"1671\">Our systems;<br \/>\u2714\ufe0f It produces water of a purity that will not harm sensitive medical devices such as autoclaves, dialysis machines, biochemistry analyzers and ultrasound devices,<br data-start=\"1330\" data-end=\"1333\" \/>\u2714\ufe0f Bakteri, vir\u00fcs, endotoksin ve a\u011f\u0131r metal gibi kimyasal-biyolojik kirleticileri %99,9 oran\u0131nda uzakla\u015ft\u0131r\u0131r,<br data-start=\"1443\" data-end=\"1446\" \/>\u2714\ufe0f Reduces maintenance frequency and costs by preventing device failures,<br data-start=\"1523\" data-end=\"1526\" \/>\u2714\ufe0f Provides high repeatability and accuracy in tests and analyses,<br data-start=\"1594\" data-end=\"1597\" \/>\u2714\ufe0f Fully complies with quality management systems such as GMP, HACCP, ISO 13485.<\/p><p data-start=\"1673\" data-end=\"2110\"><strong data-start=\"1673\" data-end=\"1682\">BNREO<\/strong>, always begins its projects with detailed water analyses. This allows us to select the most appropriate membrane technologies based on the chemical and physical properties of the water in the region where the system will be installed. <strong data-start=\"1853\" data-end=\"1981\">activated carbon filters, micron filtration systems, UV sterilization units, ion exchange resins and reverse osmosis<\/strong> Modules are determined. Thanks to this customized structure, every laboratory and healthcare facility keeps water quality under control.<\/p><p data-start=\"2112\" data-end=\"2403\">Additionally, BNREO systems are user-friendly <strong data-start=\"2153\" data-end=\"2195\">touch screen automation panels<\/strong>, <strong data-start=\"2197\" data-end=\"2215\">remote monitoring<\/strong> And <strong data-start=\"2219\" data-end=\"2245\">early warning systems<\/strong> These features minimize operator errors while ensuring monitoring of every stage of the system and immediate intervention when necessary.<\/p><p data-start=\"2405\" data-end=\"2668\">System maintenance, consumable replacement, and performance checks are also performed periodically by BNREO&#039;s technical service teams. This extends device life, maintains system efficiency, and ensures all processes are managed sustainably.<\/p><p data-start=\"2670\" data-end=\"3000\"><strong data-start=\"2670\" data-end=\"2723\">BNREO Medical and Laboratory Water Purification Systems<\/strong>, not only a purification system for institutions operating in the field of health and science, <strong data-start=\"2811\" data-end=\"2868\">a safe, sterile and uninterrupted operational infrastructure<\/strong> We are aware of the importance of water for scientific rigor and human health. That&#039;s why we aim for perfection in every drop.<\/p>\t\t\t\t\t\t\t\t<\/div>\n\t\t\t\t<\/div>\n\t\t\t\t<\/div>\n\t\t\t\t\t<\/div>\n\t\t\t\t<\/div>\n\t\t\t\t<\/div>","protected":false},"excerpt":{"rendered":"<p>Healthcare and science demand perfection even in the smallest details. This is especially true for hospitals, medical centers, dialysis centers, biotechnology laboratories, analytical laboratories, and genetics.<\/p>","protected":false},"author":1,"featured_media":0,"parent":0,"menu_order":0,"comment_status":"closed","ping_status":"closed","template":"elementor_header_footer","meta":{"footnotes":""},"class_list":["post-27943","page","type-page","status-publish","hentry"],"yoast_head":"<!-- This site is optimized with the Yoast SEO plugin v25.3.1 - https:\/\/yoast.com\/wordpress\/plugins\/seo\/ -->\n<title>Medikal &amp; Laboratuvar \u00c7\u00f6z\u00fcmleri - Bnreo | Su Ar\u0131tma Cihazlar\u0131<\/title>\n<meta name=\"robots\" content=\"index, follow, max-snippet:-1, max-image-preview:large, max-video-preview:-1\" \/>\n<link rel=\"canonical\" href=\"https:\/\/bnreo.com.tr\/en\/medikal-laboratuvar-cozumleri\/\" \/>\n<meta property=\"og:locale\" content=\"en_US\" \/>\n<meta property=\"og:type\" content=\"article\" \/>\n<meta property=\"og:title\" content=\"Medikal &amp; Laboratuvar \u00c7\u00f6z\u00fcmleri - Bnreo | Su Ar\u0131tma Cihazlar\u0131\" \/>\n<meta property=\"og:description\" content=\"Sa\u011fl\u0131k ve bilim, en k\u00fc\u00e7\u00fck ayr\u0131nt\u0131larda bile kusursuzluk gerektirir. \u00d6zellikle hastaneler, t\u0131p merkezleri, diyaliz merkezleri, biyoteknoloji laboratuvarlar\u0131, analiz laboratuvarlar\u0131, genetik\" \/>\n<meta property=\"og:url\" content=\"https:\/\/bnreo.com.tr\/en\/medikal-laboratuvar-cozumleri\/\" \/>\n<meta property=\"og:site_name\" content=\"Bnreo | Su Ar\u0131tma Cihazlar\u0131\" \/>\n<meta property=\"article:modified_time\" content=\"2025-06-23T23:32:17+00:00\" \/>\n<meta name=\"twitter:card\" content=\"summary_large_image\" \/>\n<meta name=\"twitter:label1\" content=\"Est. reading time\" \/>\n\t<meta name=\"twitter:data1\" content=\"3 minutes\" \/>\n<script type=\"application\/ld+json\" class=\"yoast-schema-graph\">{\"@context\":\"https:\/\/schema.org\",\"@graph\":[{\"@type\":\"WebPage\",\"@id\":\"https:\/\/bnreo.com.tr\/medikal-laboratuvar-cozumleri\/\",\"url\":\"https:\/\/bnreo.com.tr\/medikal-laboratuvar-cozumleri\/\",\"name\":\"Medikal & Laboratuvar \u00c7\u00f6z\u00fcmleri - Bnreo | Su Ar\u0131tma Cihazlar\u0131\",\"isPartOf\":{\"@id\":\"https:\/\/bnreo.com.tr\/#website\"},\"datePublished\":\"2025-06-23T23:26:36+00:00\",\"dateModified\":\"2025-06-23T23:32:17+00:00\",\"breadcrumb\":{\"@id\":\"https:\/\/bnreo.com.tr\/medikal-laboratuvar-cozumleri\/#breadcrumb\"},\"inLanguage\":\"en-US\",\"potentialAction\":[{\"@type\":\"ReadAction\",\"target\":[\"https:\/\/bnreo.com.tr\/medikal-laboratuvar-cozumleri\/\"]}]},{\"@type\":\"BreadcrumbList\",\"@id\":\"https:\/\/bnreo.com.tr\/medikal-laboratuvar-cozumleri\/#breadcrumb\",\"itemListElement\":[{\"@type\":\"ListItem\",\"position\":1,\"name\":\"Anasayfa\",\"item\":\"https:\/\/bnreo.com.tr\/\"},{\"@type\":\"ListItem\",\"position\":2,\"name\":\"Medikal &#038; Laboratuvar \u00c7\u00f6z\u00fcmleri\"}]},{\"@type\":\"WebSite\",\"@id\":\"https:\/\/bnreo.com.tr\/#website\",\"url\":\"https:\/\/bnreo.com.tr\/\",\"name\":\"Bnreo | Su Ar\u0131tma Cihazlar\u0131\",\"description\":\"Bnreo | Su Ar\u0131tma Cihazlar\u0131\",\"potentialAction\":[{\"@type\":\"SearchAction\",\"target\":{\"@type\":\"EntryPoint\",\"urlTemplate\":\"https:\/\/bnreo.com.tr\/?s={search_term_string}\"},\"query-input\":{\"@type\":\"PropertyValueSpecification\",\"valueRequired\":true,\"valueName\":\"search_term_string\"}}],\"inLanguage\":\"en-US\"}]}<\/script>\n<!-- \/ Yoast SEO plugin. -->","yoast_head_json":{"title":"Medikal & Laboratuvar \u00c7\u00f6z\u00fcmleri - Bnreo | Su Ar\u0131tma Cihazlar\u0131","robots":{"index":"index","follow":"follow","max-snippet":"max-snippet:-1","max-image-preview":"max-image-preview:large","max-video-preview":"max-video-preview:-1"},"canonical":"https:\/\/bnreo.com.tr\/en\/medikal-laboratuvar-cozumleri\/","og_locale":"en_US","og_type":"article","og_title":"Medikal & Laboratuvar \u00c7\u00f6z\u00fcmleri - Bnreo | Su Ar\u0131tma Cihazlar\u0131","og_description":"Sa\u011fl\u0131k ve bilim, en k\u00fc\u00e7\u00fck ayr\u0131nt\u0131larda bile kusursuzluk gerektirir. \u00d6zellikle hastaneler, t\u0131p merkezleri, diyaliz merkezleri, biyoteknoloji laboratuvarlar\u0131, analiz laboratuvarlar\u0131, genetik","og_url":"https:\/\/bnreo.com.tr\/en\/medikal-laboratuvar-cozumleri\/","og_site_name":"Bnreo | Su Ar\u0131tma Cihazlar\u0131","article_modified_time":"2025-06-23T23:32:17+00:00","twitter_card":"summary_large_image","twitter_misc":{"Est. reading time":"3 minutes"},"schema":{"@context":"https:\/\/schema.org","@graph":[{"@type":"WebPage","@id":"https:\/\/bnreo.com.tr\/medikal-laboratuvar-cozumleri\/","url":"https:\/\/bnreo.com.tr\/medikal-laboratuvar-cozumleri\/","name":"Medikal & Laboratuvar \u00c7\u00f6z\u00fcmleri - Bnreo | Su Ar\u0131tma Cihazlar\u0131","isPartOf":{"@id":"https:\/\/bnreo.com.tr\/#website"},"datePublished":"2025-06-23T23:26:36+00:00","dateModified":"2025-06-23T23:32:17+00:00","breadcrumb":{"@id":"https:\/\/bnreo.com.tr\/medikal-laboratuvar-cozumleri\/#breadcrumb"},"inLanguage":"en-US","potentialAction":[{"@type":"ReadAction","target":["https:\/\/bnreo.com.tr\/medikal-laboratuvar-cozumleri\/"]}]},{"@type":"BreadcrumbList","@id":"https:\/\/bnreo.com.tr\/medikal-laboratuvar-cozumleri\/#breadcrumb","itemListElement":[{"@type":"ListItem","position":1,"name":"Anasayfa","item":"https:\/\/bnreo.com.tr\/"},{"@type":"ListItem","position":2,"name":"Medikal &#038; Laboratuvar \u00c7\u00f6z\u00fcmleri"}]},{"@type":"WebSite","@id":"https:\/\/bnreo.com.tr\/#website","url":"https:\/\/bnreo.com.tr\/","name":"Bnreo | Su Ar\u0131tma Cihazlar\u0131","description":"Bnreo | Su Ar\u0131tma Cihazlar\u0131","potentialAction":[{"@type":"SearchAction","target":{"@type":"EntryPoint","urlTemplate":"https:\/\/bnreo.com.tr\/?s={search_term_string}"},"query-input":{"@type":"PropertyValueSpecification","valueRequired":true,"valueName":"search_term_string"}}],"inLanguage":"en-US"}]}},"_links":{"self":[{"href":"https:\/\/bnreo.com.tr\/en\/wp-json\/wp\/v2\/pages\/27943","targetHints":{"allow":["GET"]}}],"collection":[{"href":"https:\/\/bnreo.com.tr\/en\/wp-json\/wp\/v2\/pages"}],"about":[{"href":"https:\/\/bnreo.com.tr\/en\/wp-json\/wp\/v2\/types\/page"}],"author":[{"embeddable":true,"href":"https:\/\/bnreo.com.tr\/en\/wp-json\/wp\/v2\/users\/1"}],"replies":[{"embeddable":true,"href":"https:\/\/bnreo.com.tr\/en\/wp-json\/wp\/v2\/comments?post=27943"}],"version-history":[{"count":4,"href":"https:\/\/bnreo.com.tr\/en\/wp-json\/wp\/v2\/pages\/27943\/revisions"}],"predecessor-version":[{"id":27969,"href":"https:\/\/bnreo.com.tr\/en\/wp-json\/wp\/v2\/pages\/27943\/revisions\/27969"}],"wp:attachment":[{"href":"https:\/\/bnreo.com.tr\/en\/wp-json\/wp\/v2\/media?parent=27943"}],"curies":[{"name":"wp","href":"https:\/\/api.w.org\/{rel}","templated":true}]}}