{"id":27937,"date":"2025-06-24T02:25:16","date_gmt":"2025-06-23T23:25:16","guid":{"rendered":"https:\/\/bnreo.com.tr\/?page_id=27937"},"modified":"2025-06-24T02:29:43","modified_gmt":"2025-06-23T23:29:43","slug":"evsel-cozumler","status":"publish","type":"page","link":"https:\/\/bnreo.com.tr\/en\/evsel-cozumler\/","title":{"rendered":"Home Solutions"},"content":{"rendered":"<div data-elementor-type=\"wp-page\" data-elementor-id=\"27937\" class=\"elementor elementor-27937\">\n\t\t\t\t<div class=\"wd-negative-gap elementor-element elementor-element-37f957c e-flex e-con-boxed elementor-invisible e-con e-parent\" data-id=\"37f957c\" data-element_type=\"container\" data-settings=\"{&quot;animation&quot;:&quot;fadeInUp&quot;}\">\n\t\t\t\t\t<div class=\"e-con-inner\">\n\t\t<div class=\"elementor-element elementor-element-c54b9a3 e-con-full e-flex e-con e-child\" data-id=\"c54b9a3\" data-element_type=\"container\">\n\t\t\t\t<div class=\"elementor-element elementor-element-7821e11 color-scheme-inherit text-left elementor-widget elementor-widget-text-editor\" data-id=\"7821e11\" data-element_type=\"widget\" data-widget_type=\"text-editor.default\">\n\t\t\t\t<div class=\"elementor-widget-container\">\n\t\t\t\t\t\t\t\t\t<p data-start=\"180\" data-end=\"771\">Today, increasing environmental pollution, infrastructure problems brought on by urbanization, and aging water systems are seriously impacting the quality of water consumed in homes. While tap water may appear clean, it can contain many harmful compounds that pose a health risk. This is particularly problematic in multi-family residential developments such as housing developments, residential complexes, and villa developments. <strong data-start=\"612\" data-end=\"621\">BNREO<\/strong>, makes a difference with centralized and professional water purification systems in such communal living areas, rather than offering individual solutions for home users.<\/p><p data-start=\"773\" data-end=\"1300\"><strong data-start=\"773\" data-end=\"823\">BNREO offers professional solutions on a domestic scale<\/strong>, makes the general use water in residential projects safe and hygienic for use in areas such as drinking, washing, cleaning, and kitchen use. Our systems filter harmful substances down to the smallest detail with reverse osmosis technology, neutralize microorganisms with UV disinfection units, and active carbon filters eliminate chlorine and unpleasant odors. Mineral balancing units restore healthy minerals to the treated water.<\/p><p data-start=\"1302\" data-end=\"1891\">With our domestic water treatment solutions:<br \/>\u2714\ufe0f A central system is established in sites and apartments, ensuring equal quality and reliability of water supply to all apartments,<br data-start=\"1458\" data-end=\"1461\" \/>\u2714\ufe0f The necessity of investing in separate filter systems in each apartment is eliminated,<br data-start=\"1547\" data-end=\"1550\" \/>\u2714\ufe0f While the water flowing from the tap is of drinkable quality, it also creates a difference in taste and health in processes such as cooking and brewing tea,<br data-start=\"1686\" data-end=\"1689\" \/>\u2714\ufe0f An environmentally friendly, sustainable system is created by using water resources more efficiently,<br data-start=\"1793\" data-end=\"1796\" \/>\u2714\ufe0f Thanks to energy savings and low maintenance needs, economic advantage is achieved in the long term.<\/p><p data-start=\"1893\" data-end=\"2321\"><strong data-start=\"1893\" data-end=\"1902\">BNREO<\/strong>, isn&#039;t just a device supplier; it&#039;s also a solution partner that analyzes your water, provides project planning, engineering services, installs systems, and provides regular technical support. Because every water has a different composition, we offer not standardized solutions but projects specifically tailored to your living space. This ensures maximum performance and user satisfaction.<\/p><p data-start=\"2323\" data-end=\"2794\">Operating with the philosophy of &quot;industrial quality in homes,&quot; BNREO aims to improve both individual and community health by improving water quality in residential projects. We make access to clean water, a vital component of healthy living, not only possible but also sustainable. With our technological infrastructure that meets the needs of today and tomorrow, we guarantee clean water you can safely use in your living spaces.<\/p>\t\t\t\t\t\t\t\t<\/div>\n\t\t\t\t<\/div>\n\t\t\t\t<\/div>\n\t\t\t\t\t<\/div>\n\t\t\t\t<\/div>\n\t\t\t\t<\/div>","protected":false},"excerpt":{"rendered":"<p>Today, increasing environmental pollution, infrastructure problems caused by urbanization, and aging water networks are seriously affecting the quality of water consumed in homes. From the tap...<\/p>","protected":false},"author":1,"featured_media":0,"parent":0,"menu_order":0,"comment_status":"closed","ping_status":"closed","template":"elementor_header_footer","meta":{"footnotes":""},"class_list":["post-27937","page","type-page","status-publish","hentry"],"yoast_head":"<!-- This site is optimized with the Yoast SEO plugin v25.3.1 - https:\/\/yoast.com\/wordpress\/plugins\/seo\/ -->\n<title>Evsel \u00c7\u00f6z\u00fcmler - Bnreo | Su Ar\u0131tma Cihazlar\u0131<\/title>\n<meta name=\"robots\" content=\"index, follow, max-snippet:-1, max-image-preview:large, max-video-preview:-1\" \/>\n<link rel=\"canonical\" href=\"https:\/\/bnreo.com.tr\/en\/evsel-cozumler\/\" \/>\n<meta property=\"og:locale\" content=\"en_US\" \/>\n<meta property=\"og:type\" content=\"article\" \/>\n<meta property=\"og:title\" content=\"Evsel \u00c7\u00f6z\u00fcmler - Bnreo | Su Ar\u0131tma Cihazlar\u0131\" \/>\n<meta property=\"og:description\" content=\"G\u00fcn\u00fcm\u00fczde artan \u00e7evresel kirlilik, \u015fehirle\u015fmenin getirdi\u011fi altyap\u0131 sorunlar\u0131 ve eskiyen \u015febeke sistemleri, evlerde t\u00fcketilen suyun kalitesini ciddi \u015fekilde etkiliyor. Musluktan\" \/>\n<meta property=\"og:url\" content=\"https:\/\/bnreo.com.tr\/en\/evsel-cozumler\/\" \/>\n<meta property=\"og:site_name\" content=\"Bnreo | Su Ar\u0131tma Cihazlar\u0131\" \/>\n<meta property=\"article:modified_time\" content=\"2025-06-23T23:29:43+00:00\" \/>\n<meta name=\"twitter:card\" content=\"summary_large_image\" \/>\n<meta name=\"twitter:label1\" content=\"Est. reading time\" \/>\n\t<meta name=\"twitter:data1\" content=\"2 minutes\" \/>\n<script type=\"application\/ld+json\" class=\"yoast-schema-graph\">{\"@context\":\"https:\/\/schema.org\",\"@graph\":[{\"@type\":\"WebPage\",\"@id\":\"https:\/\/bnreo.com.tr\/evsel-cozumler\/\",\"url\":\"https:\/\/bnreo.com.tr\/evsel-cozumler\/\",\"name\":\"Evsel \u00c7\u00f6z\u00fcmler - Bnreo | Su Ar\u0131tma Cihazlar\u0131\",\"isPartOf\":{\"@id\":\"https:\/\/bnreo.com.tr\/#website\"},\"datePublished\":\"2025-06-23T23:25:16+00:00\",\"dateModified\":\"2025-06-23T23:29:43+00:00\",\"breadcrumb\":{\"@id\":\"https:\/\/bnreo.com.tr\/evsel-cozumler\/#breadcrumb\"},\"inLanguage\":\"en-US\",\"potentialAction\":[{\"@type\":\"ReadAction\",\"target\":[\"https:\/\/bnreo.com.tr\/evsel-cozumler\/\"]}]},{\"@type\":\"BreadcrumbList\",\"@id\":\"https:\/\/bnreo.com.tr\/evsel-cozumler\/#breadcrumb\",\"itemListElement\":[{\"@type\":\"ListItem\",\"position\":1,\"name\":\"Anasayfa\",\"item\":\"https:\/\/bnreo.com.tr\/\"},{\"@type\":\"ListItem\",\"position\":2,\"name\":\"Evsel \u00c7\u00f6z\u00fcmler\"}]},{\"@type\":\"WebSite\",\"@id\":\"https:\/\/bnreo.com.tr\/#website\",\"url\":\"https:\/\/bnreo.com.tr\/\",\"name\":\"Bnreo | Su Ar\u0131tma Cihazlar\u0131\",\"description\":\"Bnreo | Su Ar\u0131tma Cihazlar\u0131\",\"potentialAction\":[{\"@type\":\"SearchAction\",\"target\":{\"@type\":\"EntryPoint\",\"urlTemplate\":\"https:\/\/bnreo.com.tr\/?s={search_term_string}\"},\"query-input\":{\"@type\":\"PropertyValueSpecification\",\"valueRequired\":true,\"valueName\":\"search_term_string\"}}],\"inLanguage\":\"en-US\"}]}<\/script>\n<!-- \/ Yoast SEO plugin. -->","yoast_head_json":{"title":"Evsel \u00c7\u00f6z\u00fcmler - Bnreo | Su Ar\u0131tma Cihazlar\u0131","robots":{"index":"index","follow":"follow","max-snippet":"max-snippet:-1","max-image-preview":"max-image-preview:large","max-video-preview":"max-video-preview:-1"},"canonical":"https:\/\/bnreo.com.tr\/en\/evsel-cozumler\/","og_locale":"en_US","og_type":"article","og_title":"Evsel \u00c7\u00f6z\u00fcmler - Bnreo | Su Ar\u0131tma Cihazlar\u0131","og_description":"G\u00fcn\u00fcm\u00fczde artan \u00e7evresel kirlilik, \u015fehirle\u015fmenin getirdi\u011fi altyap\u0131 sorunlar\u0131 ve eskiyen \u015febeke sistemleri, evlerde t\u00fcketilen suyun kalitesini ciddi \u015fekilde etkiliyor. Musluktan","og_url":"https:\/\/bnreo.com.tr\/en\/evsel-cozumler\/","og_site_name":"Bnreo | Su Ar\u0131tma Cihazlar\u0131","article_modified_time":"2025-06-23T23:29:43+00:00","twitter_card":"summary_large_image","twitter_misc":{"Est. reading time":"2 minutes"},"schema":{"@context":"https:\/\/schema.org","@graph":[{"@type":"WebPage","@id":"https:\/\/bnreo.com.tr\/evsel-cozumler\/","url":"https:\/\/bnreo.com.tr\/evsel-cozumler\/","name":"Evsel \u00c7\u00f6z\u00fcmler - Bnreo | Su Ar\u0131tma Cihazlar\u0131","isPartOf":{"@id":"https:\/\/bnreo.com.tr\/#website"},"datePublished":"2025-06-23T23:25:16+00:00","dateModified":"2025-06-23T23:29:43+00:00","breadcrumb":{"@id":"https:\/\/bnreo.com.tr\/evsel-cozumler\/#breadcrumb"},"inLanguage":"en-US","potentialAction":[{"@type":"ReadAction","target":["https:\/\/bnreo.com.tr\/evsel-cozumler\/"]}]},{"@type":"BreadcrumbList","@id":"https:\/\/bnreo.com.tr\/evsel-cozumler\/#breadcrumb","itemListElement":[{"@type":"ListItem","position":1,"name":"Anasayfa","item":"https:\/\/bnreo.com.tr\/"},{"@type":"ListItem","position":2,"name":"Evsel \u00c7\u00f6z\u00fcmler"}]},{"@type":"WebSite","@id":"https:\/\/bnreo.com.tr\/#website","url":"https:\/\/bnreo.com.tr\/","name":"Bnreo | Su Ar\u0131tma Cihazlar\u0131","description":"Bnreo | Su Ar\u0131tma Cihazlar\u0131","potentialAction":[{"@type":"SearchAction","target":{"@type":"EntryPoint","urlTemplate":"https:\/\/bnreo.com.tr\/?s={search_term_string}"},"query-input":{"@type":"PropertyValueSpecification","valueRequired":true,"valueName":"search_term_string"}}],"inLanguage":"en-US"}]}},"_links":{"self":[{"href":"https:\/\/bnreo.com.tr\/en\/wp-json\/wp\/v2\/pages\/27937","targetHints":{"allow":["GET"]}}],"collection":[{"href":"https:\/\/bnreo.com.tr\/en\/wp-json\/wp\/v2\/pages"}],"about":[{"href":"https:\/\/bnreo.com.tr\/en\/wp-json\/wp\/v2\/types\/page"}],"author":[{"embeddable":true,"href":"https:\/\/bnreo.com.tr\/en\/wp-json\/wp\/v2\/users\/1"}],"replies":[{"embeddable":true,"href":"https:\/\/bnreo.com.tr\/en\/wp-json\/wp\/v2\/comments?post=27937"}],"version-history":[{"count":4,"href":"https:\/\/bnreo.com.tr\/en\/wp-json\/wp\/v2\/pages\/27937\/revisions"}],"predecessor-version":[{"id":27957,"href":"https:\/\/bnreo.com.tr\/en\/wp-json\/wp\/v2\/pages\/27937\/revisions\/27957"}],"wp:attachment":[{"href":"https:\/\/bnreo.com.tr\/en\/wp-json\/wp\/v2\/media?parent=27937"}],"curies":[{"name":"wp","href":"https:\/\/api.w.org\/{rel}","templated":true}]}}