{"id":27935,"date":"2025-06-24T02:24:48","date_gmt":"2025-06-23T23:24:48","guid":{"rendered":"https:\/\/bnreo.com.tr\/?page_id=27935"},"modified":"2025-06-24T02:28:35","modified_gmt":"2025-06-23T23:28:35","slug":"icme-suyu","status":"publish","type":"page","link":"https:\/\/bnreo.com.tr\/en\/icme-suyu\/","title":{"rendered":"Drinking water"},"content":{"rendered":"<div data-elementor-type=\"wp-page\" data-elementor-id=\"27935\" class=\"elementor elementor-27935\">\n\t\t\t\t<div class=\"wd-negative-gap elementor-element elementor-element-a47ab40 e-flex e-con-boxed elementor-invisible e-con e-parent\" data-id=\"a47ab40\" data-element_type=\"container\" data-settings=\"{&quot;animation&quot;:&quot;fadeInUp&quot;}\">\n\t\t\t\t\t<div class=\"e-con-inner\">\n\t\t<div class=\"elementor-element elementor-element-81581f9 e-con-full e-flex e-con e-child\" data-id=\"81581f9\" data-element_type=\"container\">\n\t\t\t\t<div class=\"elementor-element elementor-element-9e6f1a7 color-scheme-inherit text-left elementor-widget elementor-widget-text-editor\" data-id=\"9e6f1a7\" data-element_type=\"widget\" data-widget_type=\"text-editor.default\">\n\t\t\t\t<div class=\"elementor-widget-container\">\n\t\t\t\t\t\t\t\t\t<p data-start=\"190\" data-end=\"659\">The need for drinking water on an industrial scale is not limited to individual consumption; it also directly impacts operational efficiency, employee health, production quality, and hygiene standards. Drinking water quality, particularly in large-scale facilities such as factories, hotels, office complexes, hospitals, schools, and public institutions, not only directly impacts operational processes but is also considered a service standard that enhances prestige.<\/p><p data-start=\"661\" data-end=\"1205\"><strong data-start=\"661\" data-end=\"670\">BNREO<\/strong>develops high-tech drinking water treatment systems to provide healthy and sustainable water for institutional facilities. Our solutions, equipped with reverse osmosis (RO) systems, ultrafiltration units, UV disinfection modules, and activated carbon filtration systems, deliver flawless drinking water quality. Harmful elements such as microorganisms, chlorine, arsenic, lead, lime, and organic substances that cause bad taste and odor are completely removed through a multi-stage filtration process.<\/p><p data-start=\"1207\" data-end=\"1637\">Thanks to these systems;<br \/>\u2714\ufe0f You can safely meet the high volume drinking water needs of your businesses,<br data-start=\"1310\" data-end=\"1313\" \/>\u2714\ufe0f We can develop an environmentally friendly policy by minimizing the use of plastic packaged water,<br data-start=\"1412\" data-end=\"1415\" \/>\u2714\ufe0f Achieve financial efficiency by eliminating externally dependent bottled water costs,<br data-start=\"1512\" data-end=\"1515\" \/>\u2714\ufe0f You can strengthen your corporate image by consistently providing quality and healthy water to your employees and guests.<\/p><p data-start=\"1639\" data-end=\"2006\">BNREO systems are modular and scalable, offering a variety of flow and capacity options. This allows us to create ideal solutions for both small offices of 20 people and large production facilities requiring thousands of liters of water per day. Each system is customized to user needs and designed for maximum efficiency.<\/p><p data-start=\"2008\" data-end=\"2366\">Moreover <strong data-start=\"2015\" data-end=\"2024\">BNREO<\/strong>, undertakes not only the sale of drinking water treatment systems but also the end-to-end solution:<br data-start=\"2108\" data-end=\"2111\" \/>\ud83d\udd39 Engineering and project development process, starting from the first water analysis,<br data-start=\"2180\" data-end=\"2183\" \/>\ud83d\udd39 Installation and commissioning services,<br data-start=\"2221\" data-end=\"2224\" \/>\ud83d\udd39 With periodic maintenance, filter changes, technical service support and remote monitoring systems<br data-start=\"2318\" data-end=\"2321\" \/>offers long-term business partnerships to its customers.<\/p><p data-start=\"2368\" data-end=\"2712\">Drinking water quality is a vital issue today, as pollution rates in water resources increase day by day. <strong data-start=\"2480\" data-end=\"2489\">BNREO<\/strong>, makes drinking water both healthy and affordable. We are proud to be your most reliable solution partner for quality drinking water, which is at the core of healthy living and production processes.<\/p>\t\t\t\t\t\t\t\t<\/div>\n\t\t\t\t<\/div>\n\t\t\t\t<\/div>\n\t\t\t\t\t<\/div>\n\t\t\t\t<\/div>\n\t\t\t\t<\/div>","protected":false},"excerpt":{"rendered":"<p>The need for drinking water on an industrial scale is not limited to individual consumption; it also affects operational efficiency, employee health, production quality, and hygiene.<\/p>","protected":false},"author":1,"featured_media":0,"parent":0,"menu_order":0,"comment_status":"closed","ping_status":"closed","template":"elementor_header_footer","meta":{"footnotes":""},"class_list":["post-27935","page","type-page","status-publish","hentry"],"yoast_head":"<!-- This site is optimized with the Yoast SEO plugin v25.3.1 - https:\/\/yoast.com\/wordpress\/plugins\/seo\/ -->\n<title>\u0130\u00e7me Suyu - Bnreo | Su Ar\u0131tma Cihazlar\u0131<\/title>\n<meta name=\"robots\" content=\"index, follow, max-snippet:-1, max-image-preview:large, max-video-preview:-1\" \/>\n<link rel=\"canonical\" href=\"https:\/\/bnreo.com.tr\/en\/icme-suyu\/\" \/>\n<meta property=\"og:locale\" content=\"en_US\" \/>\n<meta property=\"og:type\" content=\"article\" \/>\n<meta property=\"og:title\" content=\"\u0130\u00e7me Suyu - Bnreo | Su Ar\u0131tma Cihazlar\u0131\" \/>\n<meta property=\"og:description\" content=\"End\u00fcstriyel \u00f6l\u00e7ekte i\u00e7me suyu ihtiyac\u0131, yaln\u0131zca bireysel t\u00fcketimle s\u0131n\u0131rl\u0131 de\u011fildir; ayn\u0131 zamanda i\u015fletme verimlili\u011fi, \u00e7al\u0131\u015fan sa\u011fl\u0131\u011f\u0131, \u00fcretim kalitesi ve hijyen\" \/>\n<meta property=\"og:url\" content=\"https:\/\/bnreo.com.tr\/en\/icme-suyu\/\" \/>\n<meta property=\"og:site_name\" content=\"Bnreo | Su Ar\u0131tma Cihazlar\u0131\" \/>\n<meta property=\"article:modified_time\" content=\"2025-06-23T23:28:35+00:00\" \/>\n<meta name=\"twitter:card\" content=\"summary_large_image\" \/>\n<meta name=\"twitter:label1\" content=\"Est. reading time\" \/>\n\t<meta name=\"twitter:data1\" content=\"2 minutes\" \/>\n<script type=\"application\/ld+json\" class=\"yoast-schema-graph\">{\"@context\":\"https:\/\/schema.org\",\"@graph\":[{\"@type\":\"WebPage\",\"@id\":\"https:\/\/bnreo.com.tr\/icme-suyu\/\",\"url\":\"https:\/\/bnreo.com.tr\/icme-suyu\/\",\"name\":\"\u0130\u00e7me Suyu - Bnreo | Su Ar\u0131tma Cihazlar\u0131\",\"isPartOf\":{\"@id\":\"https:\/\/bnreo.com.tr\/#website\"},\"datePublished\":\"2025-06-23T23:24:48+00:00\",\"dateModified\":\"2025-06-23T23:28:35+00:00\",\"breadcrumb\":{\"@id\":\"https:\/\/bnreo.com.tr\/icme-suyu\/#breadcrumb\"},\"inLanguage\":\"en-US\",\"potentialAction\":[{\"@type\":\"ReadAction\",\"target\":[\"https:\/\/bnreo.com.tr\/icme-suyu\/\"]}]},{\"@type\":\"BreadcrumbList\",\"@id\":\"https:\/\/bnreo.com.tr\/icme-suyu\/#breadcrumb\",\"itemListElement\":[{\"@type\":\"ListItem\",\"position\":1,\"name\":\"Anasayfa\",\"item\":\"https:\/\/bnreo.com.tr\/\"},{\"@type\":\"ListItem\",\"position\":2,\"name\":\"\u0130\u00e7me Suyu\"}]},{\"@type\":\"WebSite\",\"@id\":\"https:\/\/bnreo.com.tr\/#website\",\"url\":\"https:\/\/bnreo.com.tr\/\",\"name\":\"Bnreo | Su Ar\u0131tma Cihazlar\u0131\",\"description\":\"Bnreo | Su Ar\u0131tma Cihazlar\u0131\",\"potentialAction\":[{\"@type\":\"SearchAction\",\"target\":{\"@type\":\"EntryPoint\",\"urlTemplate\":\"https:\/\/bnreo.com.tr\/?s={search_term_string}\"},\"query-input\":{\"@type\":\"PropertyValueSpecification\",\"valueRequired\":true,\"valueName\":\"search_term_string\"}}],\"inLanguage\":\"en-US\"}]}<\/script>\n<!-- \/ Yoast SEO plugin. -->","yoast_head_json":{"title":"\u0130\u00e7me Suyu - Bnreo | Su Ar\u0131tma Cihazlar\u0131","robots":{"index":"index","follow":"follow","max-snippet":"max-snippet:-1","max-image-preview":"max-image-preview:large","max-video-preview":"max-video-preview:-1"},"canonical":"https:\/\/bnreo.com.tr\/en\/icme-suyu\/","og_locale":"en_US","og_type":"article","og_title":"\u0130\u00e7me Suyu - Bnreo | Su Ar\u0131tma Cihazlar\u0131","og_description":"End\u00fcstriyel \u00f6l\u00e7ekte i\u00e7me suyu ihtiyac\u0131, yaln\u0131zca bireysel t\u00fcketimle s\u0131n\u0131rl\u0131 de\u011fildir; ayn\u0131 zamanda i\u015fletme verimlili\u011fi, \u00e7al\u0131\u015fan sa\u011fl\u0131\u011f\u0131, \u00fcretim kalitesi ve hijyen","og_url":"https:\/\/bnreo.com.tr\/en\/icme-suyu\/","og_site_name":"Bnreo | Su Ar\u0131tma Cihazlar\u0131","article_modified_time":"2025-06-23T23:28:35+00:00","twitter_card":"summary_large_image","twitter_misc":{"Est. reading time":"2 minutes"},"schema":{"@context":"https:\/\/schema.org","@graph":[{"@type":"WebPage","@id":"https:\/\/bnreo.com.tr\/icme-suyu\/","url":"https:\/\/bnreo.com.tr\/icme-suyu\/","name":"\u0130\u00e7me Suyu - Bnreo | Su Ar\u0131tma Cihazlar\u0131","isPartOf":{"@id":"https:\/\/bnreo.com.tr\/#website"},"datePublished":"2025-06-23T23:24:48+00:00","dateModified":"2025-06-23T23:28:35+00:00","breadcrumb":{"@id":"https:\/\/bnreo.com.tr\/icme-suyu\/#breadcrumb"},"inLanguage":"en-US","potentialAction":[{"@type":"ReadAction","target":["https:\/\/bnreo.com.tr\/icme-suyu\/"]}]},{"@type":"BreadcrumbList","@id":"https:\/\/bnreo.com.tr\/icme-suyu\/#breadcrumb","itemListElement":[{"@type":"ListItem","position":1,"name":"Anasayfa","item":"https:\/\/bnreo.com.tr\/"},{"@type":"ListItem","position":2,"name":"\u0130\u00e7me Suyu"}]},{"@type":"WebSite","@id":"https:\/\/bnreo.com.tr\/#website","url":"https:\/\/bnreo.com.tr\/","name":"Bnreo | Su Ar\u0131tma Cihazlar\u0131","description":"Bnreo | Su Ar\u0131tma Cihazlar\u0131","potentialAction":[{"@type":"SearchAction","target":{"@type":"EntryPoint","urlTemplate":"https:\/\/bnreo.com.tr\/?s={search_term_string}"},"query-input":{"@type":"PropertyValueSpecification","valueRequired":true,"valueName":"search_term_string"}}],"inLanguage":"en-US"}]}},"_links":{"self":[{"href":"https:\/\/bnreo.com.tr\/en\/wp-json\/wp\/v2\/pages\/27935","targetHints":{"allow":["GET"]}}],"collection":[{"href":"https:\/\/bnreo.com.tr\/en\/wp-json\/wp\/v2\/pages"}],"about":[{"href":"https:\/\/bnreo.com.tr\/en\/wp-json\/wp\/v2\/types\/page"}],"author":[{"embeddable":true,"href":"https:\/\/bnreo.com.tr\/en\/wp-json\/wp\/v2\/users\/1"}],"replies":[{"embeddable":true,"href":"https:\/\/bnreo.com.tr\/en\/wp-json\/wp\/v2\/comments?post=27935"}],"version-history":[{"count":4,"href":"https:\/\/bnreo.com.tr\/en\/wp-json\/wp\/v2\/pages\/27935\/revisions"}],"predecessor-version":[{"id":27950,"href":"https:\/\/bnreo.com.tr\/en\/wp-json\/wp\/v2\/pages\/27935\/revisions\/27950"}],"wp:attachment":[{"href":"https:\/\/bnreo.com.tr\/en\/wp-json\/wp\/v2\/media?parent=27935"}],"curies":[{"name":"wp","href":"https:\/\/api.w.org\/{rel}","templated":true}]}}