{"id":28182,"date":"2025-06-24T04:56:51","date_gmt":"2025-06-24T01:56:51","guid":{"rendered":"https:\/\/bnreo.com.tr\/?post_type=product&#038;p=28182"},"modified":"2025-06-24T04:56:51","modified_gmt":"2025-06-24T01:56:51","slug":"aritmali-dus-basligi","status":"publish","type":"product","link":"https:\/\/bnreo.com.tr\/de\/product\/aritmali-dus-basligi\/","title":{"rendered":"REINIGTER DUSCHKOPF"},"content":{"rendered":"<p>Der Bnreo Duschkopf mit Wasserreinigung steigert mit seiner Spa-Massagefunktion das Badevergn\u00fcgen und verbessert mit seiner Reinigungsfunktion die Gesundheit im Badezimmer. Bnreo, bekannt f\u00fcr seine innovativen Wasserreinigungsprodukte, sorgt mit seinem Duschkopf mit Wasserreinigung auch im Badezimmer f\u00fcr hochwertiges, gesundes Wasser. Mit seinem Wasserreiniger und den Duschk\u00f6pfen mit Wasserreinigung produziert Bnreo hochwertiges, gesundes Wasser. Durch die Filterung sch\u00e4dlicher Metalle, Chlor und organischer Verbindungen aus dem Wasser beugt Bnreo Haarsch\u00e4den vor.<\/p>\n<p>Durch die Verwendung des gereinigten Duschfilters von Bnreo k\u00f6nnen Sie mit chlorfreiem, klarem und leicht sch\u00e4umendem Wasser baden.<br \/>\n* Sch\u00fctzt Sie vor allen sch\u00e4dlichen Auswirkungen von Chlor.<br \/>\n*Ideal zur Behandlung von Haarausfall.<br \/>\n* H\u00e4lt gef\u00e4rbtes Haar gl\u00e4nzend.<br \/>\n* Verz\u00f6gert die Faltenbildung der Haut.<br \/>\n*Es ist n\u00fctzlich zur Behandlung allergischer Hauterkrankungen.<br \/>\n* Beseitigt Chlord\u00e4mpfe, die allergisches Asthma ausl\u00f6sen.<br \/>\n*Es erzeugt gesundes Badewasser, insbesondere f\u00fcr Babys und Kinder, deren K\u00f6rper empfindlicher ist.<\/p>","protected":false},"excerpt":{"rendered":"<p>Der gereinigte Duschkopf von Bnreo steigert mit seiner SPA-Massagefunktion das Badevergn\u00fcgen und macht das Badezimmer mit seiner Reinigungsfunktion ges\u00fcnder.<\/p>","protected":false},"featured_media":28185,"comment_status":"open","ping_status":"closed","template":"","meta":[],"product_brand":[],"product_cat":[40,82],"product_tag":[],"class_list":{"0":"post-28182","1":"product","2":"type-product","3":"status-publish","4":"has-post-thumbnail","6":"product_cat-aksesuarlar","7":"product_cat-filtreler-aksesuarlar","9":"first","10":"instock","11":"shipping-taxable","12":"purchasable","13":"product-type-simple"},"yoast_head":"<!-- This site is optimized with the Yoast SEO plugin v25.3.1 - https:\/\/yoast.com\/wordpress\/plugins\/seo\/ -->\n<title>ARITMALI DU\u015e BA\u015eLI\u011eI - Bnreo | Su Ar\u0131tma Cihazlar\u0131<\/title>\n<meta name=\"robots\" content=\"index, follow, max-snippet:-1, max-image-preview:large, max-video-preview:-1\" \/>\n<link rel=\"canonical\" href=\"https:\/\/bnreo.com.tr\/de\/product\/aritmali-dus-basligi\/\" \/>\n<meta property=\"og:locale\" content=\"de_DE\" \/>\n<meta property=\"og:type\" content=\"article\" \/>\n<meta property=\"og:title\" content=\"ARITMALI DU\u015e BA\u015eLI\u011eI - Bnreo | Su Ar\u0131tma Cihazlar\u0131\" \/>\n<meta property=\"og:description\" content=\"Bnreo ar\u0131tmal\u0131 du\u015f ba\u015fl\u0131\u011f\u0131 SPA masaj \u00f6zelli\u011fi ile banyo keyfini artt\u0131ran ve ar\u0131tmal\u0131 \u00f6zelli\u011fi ile banyoyu daha sa\u011fl\u0131kl\u0131 hale getiren\" \/>\n<meta property=\"og:url\" content=\"https:\/\/bnreo.com.tr\/de\/product\/aritmali-dus-basligi\/\" \/>\n<meta property=\"og:site_name\" content=\"Bnreo | Su Ar\u0131tma Cihazlar\u0131\" \/>\n<meta property=\"og:image\" content=\"https:\/\/bnreo.com.tr\/wp-content\/uploads\/2025\/06\/ergin_teknik-aritmali-duS-baSliGi-01-600x450-1.png\" \/>\n\t<meta property=\"og:image:width\" content=\"600\" \/>\n\t<meta property=\"og:image:height\" content=\"450\" \/>\n\t<meta property=\"og:image:type\" content=\"image\/png\" \/>\n<meta name=\"twitter:card\" content=\"summary_large_image\" \/>\n<meta name=\"twitter:label1\" content=\"Gesch\u00e4tzte Lesezeit\" \/>\n\t<meta name=\"twitter:data1\" content=\"1\u00a0Minute\" \/>\n<script type=\"application\/ld+json\" class=\"yoast-schema-graph\">{\"@context\":\"https:\/\/schema.org\",\"@graph\":[{\"@type\":\"WebPage\",\"@id\":\"https:\/\/bnreo.com.tr\/product\/aritmali-dus-basligi\/\",\"url\":\"https:\/\/bnreo.com.tr\/product\/aritmali-dus-basligi\/\",\"name\":\"ARITMALI DU\u015e BA\u015eLI\u011eI - Bnreo | Su Ar\u0131tma Cihazlar\u0131\",\"isPartOf\":{\"@id\":\"https:\/\/bnreo.com.tr\/#website\"},\"primaryImageOfPage\":{\"@id\":\"https:\/\/bnreo.com.tr\/product\/aritmali-dus-basligi\/#primaryimage\"},\"image\":{\"@id\":\"https:\/\/bnreo.com.tr\/product\/aritmali-dus-basligi\/#primaryimage\"},\"thumbnailUrl\":\"https:\/\/bnreo.com.tr\/wp-content\/uploads\/2025\/06\/ergin_teknik-aritmali-duS-baSliGi-01-600x450-1.png\",\"datePublished\":\"2025-06-24T01:56:51+00:00\",\"breadcrumb\":{\"@id\":\"https:\/\/bnreo.com.tr\/product\/aritmali-dus-basligi\/#breadcrumb\"},\"inLanguage\":\"de\",\"potentialAction\":[{\"@type\":\"ReadAction\",\"target\":[\"https:\/\/bnreo.com.tr\/product\/aritmali-dus-basligi\/\"]}]},{\"@type\":\"ImageObject\",\"inLanguage\":\"de\",\"@id\":\"https:\/\/bnreo.com.tr\/product\/aritmali-dus-basligi\/#primaryimage\",\"url\":\"https:\/\/bnreo.com.tr\/wp-content\/uploads\/2025\/06\/ergin_teknik-aritmali-duS-baSliGi-01-600x450-1.png\",\"contentUrl\":\"https:\/\/bnreo.com.tr\/wp-content\/uploads\/2025\/06\/ergin_teknik-aritmali-duS-baSliGi-01-600x450-1.png\",\"width\":600,\"height\":450},{\"@type\":\"BreadcrumbList\",\"@id\":\"https:\/\/bnreo.com.tr\/product\/aritmali-dus-basligi\/#breadcrumb\",\"itemListElement\":[{\"@type\":\"ListItem\",\"position\":1,\"name\":\"Anasayfa\",\"item\":\"https:\/\/bnreo.com.tr\/\"},{\"@type\":\"ListItem\",\"position\":2,\"name\":\"Ma\u011faza\",\"item\":\"https:\/\/bnreo.com.tr\/magaza\/\"},{\"@type\":\"ListItem\",\"position\":3,\"name\":\"ARITMALI DU\u015e BA\u015eLI\u011eI\"}]},{\"@type\":\"WebSite\",\"@id\":\"https:\/\/bnreo.com.tr\/#website\",\"url\":\"https:\/\/bnreo.com.tr\/\",\"name\":\"Bnreo | Su Ar\u0131tma Cihazlar\u0131\",\"description\":\"Bnreo | Su Ar\u0131tma Cihazlar\u0131\",\"potentialAction\":[{\"@type\":\"SearchAction\",\"target\":{\"@type\":\"EntryPoint\",\"urlTemplate\":\"https:\/\/bnreo.com.tr\/?s={search_term_string}\"},\"query-input\":{\"@type\":\"PropertyValueSpecification\",\"valueRequired\":true,\"valueName\":\"search_term_string\"}}],\"inLanguage\":\"de\"}]}<\/script>\n<!-- \/ Yoast SEO plugin. -->","yoast_head_json":{"title":"ARITMALI DU\u015e BA\u015eLI\u011eI - Bnreo | Su Ar\u0131tma Cihazlar\u0131","robots":{"index":"index","follow":"follow","max-snippet":"max-snippet:-1","max-image-preview":"max-image-preview:large","max-video-preview":"max-video-preview:-1"},"canonical":"https:\/\/bnreo.com.tr\/de\/product\/aritmali-dus-basligi\/","og_locale":"de_DE","og_type":"article","og_title":"ARITMALI DU\u015e BA\u015eLI\u011eI - Bnreo | Su Ar\u0131tma Cihazlar\u0131","og_description":"Bnreo ar\u0131tmal\u0131 du\u015f ba\u015fl\u0131\u011f\u0131 SPA masaj \u00f6zelli\u011fi ile banyo keyfini artt\u0131ran ve ar\u0131tmal\u0131 \u00f6zelli\u011fi ile banyoyu daha sa\u011fl\u0131kl\u0131 hale getiren","og_url":"https:\/\/bnreo.com.tr\/de\/product\/aritmali-dus-basligi\/","og_site_name":"Bnreo | Su Ar\u0131tma Cihazlar\u0131","og_image":[{"width":600,"height":450,"url":"https:\/\/bnreo.com.tr\/wp-content\/uploads\/2025\/06\/ergin_teknik-aritmali-duS-baSliGi-01-600x450-1.png","type":"image\/png"}],"twitter_card":"summary_large_image","twitter_misc":{"Gesch\u00e4tzte Lesezeit":"1\u00a0Minute"},"schema":{"@context":"https:\/\/schema.org","@graph":[{"@type":"WebPage","@id":"https:\/\/bnreo.com.tr\/product\/aritmali-dus-basligi\/","url":"https:\/\/bnreo.com.tr\/product\/aritmali-dus-basligi\/","name":"ARITMALI DU\u015e BA\u015eLI\u011eI - Bnreo | Su Ar\u0131tma Cihazlar\u0131","isPartOf":{"@id":"https:\/\/bnreo.com.tr\/#website"},"primaryImageOfPage":{"@id":"https:\/\/bnreo.com.tr\/product\/aritmali-dus-basligi\/#primaryimage"},"image":{"@id":"https:\/\/bnreo.com.tr\/product\/aritmali-dus-basligi\/#primaryimage"},"thumbnailUrl":"https:\/\/bnreo.com.tr\/wp-content\/uploads\/2025\/06\/ergin_teknik-aritmali-duS-baSliGi-01-600x450-1.png","datePublished":"2025-06-24T01:56:51+00:00","breadcrumb":{"@id":"https:\/\/bnreo.com.tr\/product\/aritmali-dus-basligi\/#breadcrumb"},"inLanguage":"de","potentialAction":[{"@type":"ReadAction","target":["https:\/\/bnreo.com.tr\/product\/aritmali-dus-basligi\/"]}]},{"@type":"ImageObject","inLanguage":"de","@id":"https:\/\/bnreo.com.tr\/product\/aritmali-dus-basligi\/#primaryimage","url":"https:\/\/bnreo.com.tr\/wp-content\/uploads\/2025\/06\/ergin_teknik-aritmali-duS-baSliGi-01-600x450-1.png","contentUrl":"https:\/\/bnreo.com.tr\/wp-content\/uploads\/2025\/06\/ergin_teknik-aritmali-duS-baSliGi-01-600x450-1.png","width":600,"height":450},{"@type":"BreadcrumbList","@id":"https:\/\/bnreo.com.tr\/product\/aritmali-dus-basligi\/#breadcrumb","itemListElement":[{"@type":"ListItem","position":1,"name":"Anasayfa","item":"https:\/\/bnreo.com.tr\/"},{"@type":"ListItem","position":2,"name":"Ma\u011faza","item":"https:\/\/bnreo.com.tr\/magaza\/"},{"@type":"ListItem","position":3,"name":"ARITMALI DU\u015e BA\u015eLI\u011eI"}]},{"@type":"WebSite","@id":"https:\/\/bnreo.com.tr\/#website","url":"https:\/\/bnreo.com.tr\/","name":"Bnreo | Su Ar\u0131tma Cihazlar\u0131","description":"Bnreo | Su Ar\u0131tma Cihazlar\u0131","potentialAction":[{"@type":"SearchAction","target":{"@type":"EntryPoint","urlTemplate":"https:\/\/bnreo.com.tr\/?s={search_term_string}"},"query-input":{"@type":"PropertyValueSpecification","valueRequired":true,"valueName":"search_term_string"}}],"inLanguage":"de"}]}},"_links":{"self":[{"href":"https:\/\/bnreo.com.tr\/de\/wp-json\/wp\/v2\/product\/28182","targetHints":{"allow":["GET"]}}],"collection":[{"href":"https:\/\/bnreo.com.tr\/de\/wp-json\/wp\/v2\/product"}],"about":[{"href":"https:\/\/bnreo.com.tr\/de\/wp-json\/wp\/v2\/types\/product"}],"replies":[{"embeddable":true,"href":"https:\/\/bnreo.com.tr\/de\/wp-json\/wp\/v2\/comments?post=28182"}],"version-history":[{"count":1,"href":"https:\/\/bnreo.com.tr\/de\/wp-json\/wp\/v2\/product\/28182\/revisions"}],"predecessor-version":[{"id":28186,"href":"https:\/\/bnreo.com.tr\/de\/wp-json\/wp\/v2\/product\/28182\/revisions\/28186"}],"wp:featuredmedia":[{"embeddable":true,"href":"https:\/\/bnreo.com.tr\/de\/wp-json\/wp\/v2\/media\/28185"}],"wp:attachment":[{"href":"https:\/\/bnreo.com.tr\/de\/wp-json\/wp\/v2\/media?parent=28182"}],"wp:term":[{"taxonomy":"product_brand","embeddable":true,"href":"https:\/\/bnreo.com.tr\/de\/wp-json\/wp\/v2\/product_brand?post=28182"},{"taxonomy":"product_cat","embeddable":true,"href":"https:\/\/bnreo.com.tr\/de\/wp-json\/wp\/v2\/product_cat?post=28182"},{"taxonomy":"product_tag","embeddable":true,"href":"https:\/\/bnreo.com.tr\/de\/wp-json\/wp\/v2\/product_tag?post=28182"}],"curies":[{"name":"wp","href":"https:\/\/api.w.org\/{rel}","templated":true}]}}