{"id":28179,"date":"2025-06-24T04:55:15","date_gmt":"2025-06-24T01:55:15","guid":{"rendered":"https:\/\/bnreo.com.tr\/?post_type=product&#038;p=28179"},"modified":"2025-09-16T05:11:14","modified_gmt":"2025-09-16T02:11:14","slug":"bnreo-mini-star-su-aritmali-sebil","status":"publish","type":"product","link":"https:\/\/bnreo.com.tr\/de\/product\/bnreo-mini-star-su-aritmali-sebil\/","title":{"rendered":"Bnreo Mini Star Wasserreiniger-Spender"},"content":{"rendered":"<p>Der Wasserreinigungsspender Bnreo Star Life geh\u00f6rt zu unseren beliebtesten Produkten in B\u00fcros und Privathaushalten.<br \/>\nMit dem Wasseraufbereitungsspender Bnreo Star Life erhalten Sie alkalisches Wasser mit einem pH-Wert von 8,5 und Trinkwasser mit hoher Mineralqualit\u00e4t.<br \/>\nEs bietet eine einfache Handhabung bei 97 Grad Hitze, 4 Grad K\u00e4lte und Raumtemperatur.<br \/>\nEs zeichnet sich durch eine Sicherheitsverriegelungsfunktion am Hei\u00dfwasserhahn aus, die Verbrennungen durch hei\u00dfes Wasser verhindert.<br \/>\nDank seiner Ergonomie ist es viel praktischer, Ihre Getr\u00e4nke wie Tee und Kaffee auf die gew\u00fcnschte Temperatur zu bringen, indem Sie Wasser aus dem Bnreo Star Life-Wasserspender nehmen.<br \/>\nEs erspart Ihnen den Aufwand beim Austausch von Korbflaschen und verhindert Sch\u00e4den in B\u00fcros und Wohnungen. Zudem bietet es mit seinem kompakten Design eine ansprechende Optik.<br \/>\nIn unserem Wasserreinigungsspenderger\u00e4t Bnreo Star Life wird Ihr Wasser wie in allen unseren anderen Wasserreinigungssystemen durch die Umkehrosmosetechnologie gereinigt.<\/p>\n<p>FILTERFUNKTIONEN DES BNREO STAR WASSERREINIGERS<br \/>\n1-5 Mikron Sedimentfilter<br \/>\nEs reinigt unerw\u00fcnschte Stoffe im Trinkwasser wie grobe Sedimente, Sand, Kies und Schlamm.<br \/>\nEs sorgt f\u00fcr eine optimale Filterlebensdauer durch Schutz des Umkehrosmose-Membranfilters.<br \/>\n2-Aktivkohle-Blockfilter<br \/>\nEs reguliert die Farb-, Geschmacks- und Geruchsbalance des Wassers und sch\u00fctzt den Membranfilter, indem es Chlor und andere Chemikalien reinigt.<br \/>\n3-1 Mikron Sedimentfilter<br \/>\nDer 1-Mikron-Sedimentfilter ist die dritte Stufe der Umkehrosmosefiltration.<br \/>\nKohlenstoff reinigt unerw\u00fcnschte Stoffe im Trinkwasser, wie etwa grobe Sedimente, Sand, Kies und Schlamm.<br \/>\nEs sorgt f\u00fcr eine optimale Filterlebensdauer durch Schutz des Umkehrosmose-Membranfilters.<br \/>\n4-Membranfilter<br \/>\nUmkehrosmose-Membranfilter<br \/>\nEs ist der wichtigste Filter in der Filtrationsphase von Wasseraufbereitungssystemen.<br \/>\nDer Membranfilter f\u00fchrt den Umkehrosmoseprozess durch, indem er das Wasser mit Hilfe von hohem Druck durch die halbdurchl\u00e4ssige Membran leitet und so das Wasser von Substanzen wie Nanosedimenten, Partikeln, Schwermetallen, Chemikalien, Viren, Bakterien, Mikroorganismen und Kalk reinigt.<br \/>\n5-POST-KOHLEFILTER<br \/>\nEs enth\u00e4lt Kokosnussschalen und granulierte Aktivkohle. Es reinigt das Wasser ein letztes Mal, kurz bevor es aus dem Wasserhahn flie\u00dft und macht es so k\u00f6stlich.<\/p>","protected":false},"excerpt":{"rendered":"<p>Der Bnreo Star Life Wasseraufbereitungsspender ist eines unserer beliebtesten Produkte f\u00fcr B\u00fcros und Privathaushalte. Bnreo Star Life Wasseraufbereitung<\/p>","protected":false},"featured_media":28180,"comment_status":"open","ping_status":"closed","template":"","meta":[],"product_brand":[],"product_cat":[81,28],"product_tag":[],"class_list":{"0":"post-28179","1":"product","2":"type-product","3":"status-publish","4":"has-post-thumbnail","6":"product_cat-cihazlar-urunler","7":"product_cat-ev-tipi-su-aritma-cihazlari","9":"first","10":"instock","11":"shipping-taxable","12":"purchasable","13":"product-type-simple"},"yoast_head":"<!-- This site is optimized with the Yoast SEO plugin v25.3.1 - https:\/\/yoast.com\/wordpress\/plugins\/seo\/ -->\n<title>Bnreo Mini Star Su Ar\u0131tmal\u0131 Sebil - Bnreo | Su Ar\u0131tma Cihazlar\u0131<\/title>\n<meta name=\"robots\" content=\"index, follow, max-snippet:-1, max-image-preview:large, max-video-preview:-1\" \/>\n<link rel=\"canonical\" href=\"https:\/\/bnreo.com.tr\/de\/product\/bnreo-mini-star-su-aritmali-sebil\/\" \/>\n<meta property=\"og:locale\" content=\"de_DE\" \/>\n<meta property=\"og:type\" content=\"article\" \/>\n<meta property=\"og:title\" content=\"Bnreo Mini Star Su Ar\u0131tmal\u0131 Sebil - Bnreo | Su Ar\u0131tma Cihazlar\u0131\" \/>\n<meta property=\"og:description\" content=\"Bnreo Star life Su Ar\u0131tmal\u0131 sebili, ofis ve evlerde en \u00e7ok tercih edilen \u00fcr\u00fcnlerimiz aras\u0131ndad\u0131r. Bnreo Star life Su Ar\u0131tmal\u0131\" \/>\n<meta property=\"og:url\" content=\"https:\/\/bnreo.com.tr\/de\/product\/bnreo-mini-star-su-aritmali-sebil\/\" \/>\n<meta property=\"og:site_name\" content=\"Bnreo | Su Ar\u0131tma Cihazlar\u0131\" \/>\n<meta property=\"article:modified_time\" content=\"2025-09-16T02:11:14+00:00\" \/>\n<meta property=\"og:image\" content=\"https:\/\/bnreo.com.tr\/wp-content\/uploads\/2025\/06\/ergin_teknik-bnreo-mini-star-su-aritma-ev-tipi-su-aritma-cihazi-01-600x450-1.jpg\" \/>\n\t<meta property=\"og:image:width\" content=\"600\" \/>\n\t<meta property=\"og:image:height\" content=\"450\" \/>\n\t<meta property=\"og:image:type\" content=\"image\/jpeg\" \/>\n<meta name=\"twitter:card\" content=\"summary_large_image\" \/>\n<meta name=\"twitter:label1\" content=\"Gesch\u00e4tzte Lesezeit\" \/>\n\t<meta name=\"twitter:data1\" content=\"2\u00a0Minuten\" \/>\n<script type=\"application\/ld+json\" class=\"yoast-schema-graph\">{\"@context\":\"https:\/\/schema.org\",\"@graph\":[{\"@type\":\"WebPage\",\"@id\":\"https:\/\/bnreo.com.tr\/product\/bnreo-mini-star-su-aritmali-sebil\/\",\"url\":\"https:\/\/bnreo.com.tr\/product\/bnreo-mini-star-su-aritmali-sebil\/\",\"name\":\"Bnreo Mini Star Su Ar\u0131tmal\u0131 Sebil - Bnreo | Su Ar\u0131tma Cihazlar\u0131\",\"isPartOf\":{\"@id\":\"https:\/\/bnreo.com.tr\/#website\"},\"primaryImageOfPage\":{\"@id\":\"https:\/\/bnreo.com.tr\/product\/bnreo-mini-star-su-aritmali-sebil\/#primaryimage\"},\"image\":{\"@id\":\"https:\/\/bnreo.com.tr\/product\/bnreo-mini-star-su-aritmali-sebil\/#primaryimage\"},\"thumbnailUrl\":\"https:\/\/bnreo.com.tr\/wp-content\/uploads\/2025\/06\/ergin_teknik-bnreo-mini-star-su-aritma-ev-tipi-su-aritma-cihazi-01-600x450-1.jpg\",\"datePublished\":\"2025-06-24T01:55:15+00:00\",\"dateModified\":\"2025-09-16T02:11:14+00:00\",\"breadcrumb\":{\"@id\":\"https:\/\/bnreo.com.tr\/product\/bnreo-mini-star-su-aritmali-sebil\/#breadcrumb\"},\"inLanguage\":\"de\",\"potentialAction\":[{\"@type\":\"ReadAction\",\"target\":[\"https:\/\/bnreo.com.tr\/product\/bnreo-mini-star-su-aritmali-sebil\/\"]}]},{\"@type\":\"ImageObject\",\"inLanguage\":\"de\",\"@id\":\"https:\/\/bnreo.com.tr\/product\/bnreo-mini-star-su-aritmali-sebil\/#primaryimage\",\"url\":\"https:\/\/bnreo.com.tr\/wp-content\/uploads\/2025\/06\/ergin_teknik-bnreo-mini-star-su-aritma-ev-tipi-su-aritma-cihazi-01-600x450-1.jpg\",\"contentUrl\":\"https:\/\/bnreo.com.tr\/wp-content\/uploads\/2025\/06\/ergin_teknik-bnreo-mini-star-su-aritma-ev-tipi-su-aritma-cihazi-01-600x450-1.jpg\",\"width\":600,\"height\":450},{\"@type\":\"BreadcrumbList\",\"@id\":\"https:\/\/bnreo.com.tr\/product\/bnreo-mini-star-su-aritmali-sebil\/#breadcrumb\",\"itemListElement\":[{\"@type\":\"ListItem\",\"position\":1,\"name\":\"Anasayfa\",\"item\":\"https:\/\/bnreo.com.tr\/\"},{\"@type\":\"ListItem\",\"position\":2,\"name\":\"Ma\u011faza\",\"item\":\"https:\/\/bnreo.com.tr\/magaza\/\"},{\"@type\":\"ListItem\",\"position\":3,\"name\":\"Bnreo Mini Star Su Ar\u0131tmal\u0131 Sebil\"}]},{\"@type\":\"WebSite\",\"@id\":\"https:\/\/bnreo.com.tr\/#website\",\"url\":\"https:\/\/bnreo.com.tr\/\",\"name\":\"Bnreo | Su Ar\u0131tma Cihazlar\u0131\",\"description\":\"Bnreo | Su Ar\u0131tma Cihazlar\u0131\",\"potentialAction\":[{\"@type\":\"SearchAction\",\"target\":{\"@type\":\"EntryPoint\",\"urlTemplate\":\"https:\/\/bnreo.com.tr\/?s={search_term_string}\"},\"query-input\":{\"@type\":\"PropertyValueSpecification\",\"valueRequired\":true,\"valueName\":\"search_term_string\"}}],\"inLanguage\":\"de\"}]}<\/script>\n<!-- \/ Yoast SEO plugin. -->","yoast_head_json":{"title":"Bnreo Mini Star Su Ar\u0131tmal\u0131 Sebil - Bnreo | Su Ar\u0131tma Cihazlar\u0131","robots":{"index":"index","follow":"follow","max-snippet":"max-snippet:-1","max-image-preview":"max-image-preview:large","max-video-preview":"max-video-preview:-1"},"canonical":"https:\/\/bnreo.com.tr\/de\/product\/bnreo-mini-star-su-aritmali-sebil\/","og_locale":"de_DE","og_type":"article","og_title":"Bnreo Mini Star Su Ar\u0131tmal\u0131 Sebil - Bnreo | Su Ar\u0131tma Cihazlar\u0131","og_description":"Bnreo Star life Su Ar\u0131tmal\u0131 sebili, ofis ve evlerde en \u00e7ok tercih edilen \u00fcr\u00fcnlerimiz aras\u0131ndad\u0131r. Bnreo Star life Su Ar\u0131tmal\u0131","og_url":"https:\/\/bnreo.com.tr\/de\/product\/bnreo-mini-star-su-aritmali-sebil\/","og_site_name":"Bnreo | Su Ar\u0131tma Cihazlar\u0131","article_modified_time":"2025-09-16T02:11:14+00:00","og_image":[{"width":600,"height":450,"url":"https:\/\/bnreo.com.tr\/wp-content\/uploads\/2025\/06\/ergin_teknik-bnreo-mini-star-su-aritma-ev-tipi-su-aritma-cihazi-01-600x450-1.jpg","type":"image\/jpeg"}],"twitter_card":"summary_large_image","twitter_misc":{"Gesch\u00e4tzte Lesezeit":"2\u00a0Minuten"},"schema":{"@context":"https:\/\/schema.org","@graph":[{"@type":"WebPage","@id":"https:\/\/bnreo.com.tr\/product\/bnreo-mini-star-su-aritmali-sebil\/","url":"https:\/\/bnreo.com.tr\/product\/bnreo-mini-star-su-aritmali-sebil\/","name":"Bnreo Mini Star Su Ar\u0131tmal\u0131 Sebil - Bnreo | Su Ar\u0131tma Cihazlar\u0131","isPartOf":{"@id":"https:\/\/bnreo.com.tr\/#website"},"primaryImageOfPage":{"@id":"https:\/\/bnreo.com.tr\/product\/bnreo-mini-star-su-aritmali-sebil\/#primaryimage"},"image":{"@id":"https:\/\/bnreo.com.tr\/product\/bnreo-mini-star-su-aritmali-sebil\/#primaryimage"},"thumbnailUrl":"https:\/\/bnreo.com.tr\/wp-content\/uploads\/2025\/06\/ergin_teknik-bnreo-mini-star-su-aritma-ev-tipi-su-aritma-cihazi-01-600x450-1.jpg","datePublished":"2025-06-24T01:55:15+00:00","dateModified":"2025-09-16T02:11:14+00:00","breadcrumb":{"@id":"https:\/\/bnreo.com.tr\/product\/bnreo-mini-star-su-aritmali-sebil\/#breadcrumb"},"inLanguage":"de","potentialAction":[{"@type":"ReadAction","target":["https:\/\/bnreo.com.tr\/product\/bnreo-mini-star-su-aritmali-sebil\/"]}]},{"@type":"ImageObject","inLanguage":"de","@id":"https:\/\/bnreo.com.tr\/product\/bnreo-mini-star-su-aritmali-sebil\/#primaryimage","url":"https:\/\/bnreo.com.tr\/wp-content\/uploads\/2025\/06\/ergin_teknik-bnreo-mini-star-su-aritma-ev-tipi-su-aritma-cihazi-01-600x450-1.jpg","contentUrl":"https:\/\/bnreo.com.tr\/wp-content\/uploads\/2025\/06\/ergin_teknik-bnreo-mini-star-su-aritma-ev-tipi-su-aritma-cihazi-01-600x450-1.jpg","width":600,"height":450},{"@type":"BreadcrumbList","@id":"https:\/\/bnreo.com.tr\/product\/bnreo-mini-star-su-aritmali-sebil\/#breadcrumb","itemListElement":[{"@type":"ListItem","position":1,"name":"Anasayfa","item":"https:\/\/bnreo.com.tr\/"},{"@type":"ListItem","position":2,"name":"Ma\u011faza","item":"https:\/\/bnreo.com.tr\/magaza\/"},{"@type":"ListItem","position":3,"name":"Bnreo Mini Star Su Ar\u0131tmal\u0131 Sebil"}]},{"@type":"WebSite","@id":"https:\/\/bnreo.com.tr\/#website","url":"https:\/\/bnreo.com.tr\/","name":"Bnreo | Su Ar\u0131tma Cihazlar\u0131","description":"Bnreo | Su Ar\u0131tma Cihazlar\u0131","potentialAction":[{"@type":"SearchAction","target":{"@type":"EntryPoint","urlTemplate":"https:\/\/bnreo.com.tr\/?s={search_term_string}"},"query-input":{"@type":"PropertyValueSpecification","valueRequired":true,"valueName":"search_term_string"}}],"inLanguage":"de"}]}},"_links":{"self":[{"href":"https:\/\/bnreo.com.tr\/de\/wp-json\/wp\/v2\/product\/28179","targetHints":{"allow":["GET"]}}],"collection":[{"href":"https:\/\/bnreo.com.tr\/de\/wp-json\/wp\/v2\/product"}],"about":[{"href":"https:\/\/bnreo.com.tr\/de\/wp-json\/wp\/v2\/types\/product"}],"replies":[{"embeddable":true,"href":"https:\/\/bnreo.com.tr\/de\/wp-json\/wp\/v2\/comments?post=28179"}],"version-history":[{"count":1,"href":"https:\/\/bnreo.com.tr\/de\/wp-json\/wp\/v2\/product\/28179\/revisions"}],"predecessor-version":[{"id":28181,"href":"https:\/\/bnreo.com.tr\/de\/wp-json\/wp\/v2\/product\/28179\/revisions\/28181"}],"wp:featuredmedia":[{"embeddable":true,"href":"https:\/\/bnreo.com.tr\/de\/wp-json\/wp\/v2\/media\/28180"}],"wp:attachment":[{"href":"https:\/\/bnreo.com.tr\/de\/wp-json\/wp\/v2\/media?parent=28179"}],"wp:term":[{"taxonomy":"product_brand","embeddable":true,"href":"https:\/\/bnreo.com.tr\/de\/wp-json\/wp\/v2\/product_brand?post=28179"},{"taxonomy":"product_cat","embeddable":true,"href":"https:\/\/bnreo.com.tr\/de\/wp-json\/wp\/v2\/product_cat?post=28179"},{"taxonomy":"product_tag","embeddable":true,"href":"https:\/\/bnreo.com.tr\/de\/wp-json\/wp\/v2\/product_tag?post=28179"}],"curies":[{"name":"wp","href":"https:\/\/api.w.org\/{rel}","templated":true}]}}