{"id":28176,"date":"2025-06-24T04:54:32","date_gmt":"2025-06-24T01:54:32","guid":{"rendered":"https:\/\/bnreo.com.tr\/?post_type=product&#038;p=28176"},"modified":"2026-02-06T01:07:54","modified_gmt":"2026-02-05T22:07:54","slug":"bnreo-ev-ana-giris-filtrasyon-cihazi","status":"publish","type":"product","link":"https:\/\/bnreo.com.tr\/de\/product\/bnreo-ev-ana-giris-filtrasyon-cihazi\/","title":{"rendered":"Bnreo Home Haupteinlassfilterger\u00e4t"},"content":{"rendered":"<p>Das Haupteinlassfiltersystem von Bnreo wird an den Einlass Ihres Wasserz\u00e4hlers angeschlossen und erm\u00f6glicht Ihnen, f\u00fcr den Gebrauch zu Hause oder am Arbeitsplatz geeignetes Wasser zu erhalten.<\/p>\n<p>FILTERFUNKTIONEN IM HAUPTEINGANGSFILTRATIONSSYSTEM VON BNREO EV<\/p>\n<p><strong><u>1-WASCHBARER FRONT-SEDIMENTFILTER<\/u><\/strong><\/p>\n<p>Es reinigt Sand, Kies, Schlamm und grobe Materialien im Wasser und verhindert, dass diese in Ihre Rohrleitungen gelangen.<\/p>\n<p><strong><u>2-SILIPHOSE-FILTER<\/u><\/strong><\/p>\n<p>Es verhindert, dass Kalk an Ihren Rohrleitungen, Wasserh\u00e4hnen, Maschinen usw. und Ger\u00e4ten haften bleibt.<\/p>\n<p><strong><u>3-AKTIVKOHLEFILTER<\/u><\/strong><\/p>\n<p>Es verhindert schlechten Geruch und Tr\u00fcbung, indem es Chlor und andere Chemikalien im Wasser filtert.<\/p>","protected":false},"excerpt":{"rendered":"<p>Das Haupteinlassfiltersystem von Bnreo wird an den Einlass Ihres Wasserz\u00e4hlers angeschlossen, um sicherzustellen, dass Sie f\u00fcr die Verwendung zu Hause oder am Arbeitsplatz geeignetes Wasser erhalten.<\/p>","protected":false},"featured_media":28177,"comment_status":"open","ping_status":"closed","template":"","meta":[],"product_brand":[],"product_cat":[81,28],"product_tag":[],"class_list":{"0":"post-28176","1":"product","2":"type-product","3":"status-publish","4":"has-post-thumbnail","6":"product_cat-cihazlar-urunler","7":"product_cat-ev-tipi-su-aritma-cihazlari","9":"first","10":"instock","11":"shipping-taxable","12":"purchasable","13":"product-type-simple"},"yoast_head":"<!-- This site is optimized with the Yoast SEO plugin v25.3.1 - https:\/\/yoast.com\/wordpress\/plugins\/seo\/ -->\n<title>Bnreo Ev Ana Giri\u015f Filtrasyon Cihaz\u0131 - Bnreo | Su Ar\u0131tma Cihazlar\u0131<\/title>\n<meta name=\"robots\" content=\"index, follow, max-snippet:-1, max-image-preview:large, max-video-preview:-1\" \/>\n<link rel=\"canonical\" href=\"https:\/\/bnreo.com.tr\/de\/product\/bnreo-ev-ana-giris-filtrasyon-cihazi\/\" \/>\n<meta property=\"og:locale\" content=\"de_DE\" \/>\n<meta property=\"og:type\" content=\"article\" \/>\n<meta property=\"og:title\" content=\"Bnreo Ev Ana Giri\u015f Filtrasyon Cihaz\u0131 - Bnreo | Su Ar\u0131tma Cihazlar\u0131\" \/>\n<meta property=\"og:description\" content=\"Bnreo ev ana giri\u015f filtrasyon sistemi Su saati giri\u015finize ba\u011flant\u0131s\u0131 yap\u0131larak evinizde veya i\u015f yerinizde kullan\u0131ma uygun su elde etmenize\" \/>\n<meta property=\"og:url\" content=\"https:\/\/bnreo.com.tr\/de\/product\/bnreo-ev-ana-giris-filtrasyon-cihazi\/\" \/>\n<meta property=\"og:site_name\" content=\"Bnreo | Su Ar\u0131tma Cihazlar\u0131\" \/>\n<meta property=\"article:modified_time\" content=\"2026-02-05T22:07:54+00:00\" \/>\n<meta property=\"og:image\" content=\"https:\/\/bnreo.com.tr\/wp-content\/uploads\/2025\/06\/ergin_teknik-bnreo-ev-ana-giris-filtrasyon-cihazi-09-600x450-1.jpg\" \/>\n\t<meta property=\"og:image:width\" content=\"600\" \/>\n\t<meta property=\"og:image:height\" content=\"450\" \/>\n\t<meta property=\"og:image:type\" content=\"image\/jpeg\" \/>\n<meta name=\"twitter:card\" content=\"summary_large_image\" \/>\n<meta name=\"twitter:label1\" content=\"Gesch\u00e4tzte Lesezeit\" \/>\n\t<meta name=\"twitter:data1\" content=\"1\u00a0Minute\" \/>\n<script type=\"application\/ld+json\" class=\"yoast-schema-graph\">{\"@context\":\"https:\/\/schema.org\",\"@graph\":[{\"@type\":\"WebPage\",\"@id\":\"https:\/\/bnreo.com.tr\/product\/bnreo-ev-ana-giris-filtrasyon-cihazi\/\",\"url\":\"https:\/\/bnreo.com.tr\/product\/bnreo-ev-ana-giris-filtrasyon-cihazi\/\",\"name\":\"Bnreo Ev Ana Giri\u015f Filtrasyon Cihaz\u0131 - Bnreo | Su Ar\u0131tma Cihazlar\u0131\",\"isPartOf\":{\"@id\":\"https:\/\/bnreo.com.tr\/#website\"},\"primaryImageOfPage\":{\"@id\":\"https:\/\/bnreo.com.tr\/product\/bnreo-ev-ana-giris-filtrasyon-cihazi\/#primaryimage\"},\"image\":{\"@id\":\"https:\/\/bnreo.com.tr\/product\/bnreo-ev-ana-giris-filtrasyon-cihazi\/#primaryimage\"},\"thumbnailUrl\":\"https:\/\/bnreo.com.tr\/wp-content\/uploads\/2025\/06\/ergin_teknik-bnreo-ev-ana-giris-filtrasyon-cihazi-09-600x450-1.jpg\",\"datePublished\":\"2025-06-24T01:54:32+00:00\",\"dateModified\":\"2026-02-05T22:07:54+00:00\",\"breadcrumb\":{\"@id\":\"https:\/\/bnreo.com.tr\/product\/bnreo-ev-ana-giris-filtrasyon-cihazi\/#breadcrumb\"},\"inLanguage\":\"de\",\"potentialAction\":[{\"@type\":\"ReadAction\",\"target\":[\"https:\/\/bnreo.com.tr\/product\/bnreo-ev-ana-giris-filtrasyon-cihazi\/\"]}]},{\"@type\":\"ImageObject\",\"inLanguage\":\"de\",\"@id\":\"https:\/\/bnreo.com.tr\/product\/bnreo-ev-ana-giris-filtrasyon-cihazi\/#primaryimage\",\"url\":\"https:\/\/bnreo.com.tr\/wp-content\/uploads\/2025\/06\/ergin_teknik-bnreo-ev-ana-giris-filtrasyon-cihazi-09-600x450-1.jpg\",\"contentUrl\":\"https:\/\/bnreo.com.tr\/wp-content\/uploads\/2025\/06\/ergin_teknik-bnreo-ev-ana-giris-filtrasyon-cihazi-09-600x450-1.jpg\",\"width\":600,\"height\":450},{\"@type\":\"BreadcrumbList\",\"@id\":\"https:\/\/bnreo.com.tr\/product\/bnreo-ev-ana-giris-filtrasyon-cihazi\/#breadcrumb\",\"itemListElement\":[{\"@type\":\"ListItem\",\"position\":1,\"name\":\"Anasayfa\",\"item\":\"https:\/\/bnreo.com.tr\/\"},{\"@type\":\"ListItem\",\"position\":2,\"name\":\"Ma\u011faza\",\"item\":\"https:\/\/bnreo.com.tr\/magaza\/\"},{\"@type\":\"ListItem\",\"position\":3,\"name\":\"Bnreo Ev Ana Giri\u015f Filtrasyon Cihaz\u0131\"}]},{\"@type\":\"WebSite\",\"@id\":\"https:\/\/bnreo.com.tr\/#website\",\"url\":\"https:\/\/bnreo.com.tr\/\",\"name\":\"Bnreo | Su Ar\u0131tma Cihazlar\u0131\",\"description\":\"Bnreo | Su Ar\u0131tma Cihazlar\u0131\",\"potentialAction\":[{\"@type\":\"SearchAction\",\"target\":{\"@type\":\"EntryPoint\",\"urlTemplate\":\"https:\/\/bnreo.com.tr\/?s={search_term_string}\"},\"query-input\":{\"@type\":\"PropertyValueSpecification\",\"valueRequired\":true,\"valueName\":\"search_term_string\"}}],\"inLanguage\":\"de\"}]}<\/script>\n<!-- \/ Yoast SEO plugin. -->","yoast_head_json":{"title":"Bnreo Ev Ana Giri\u015f Filtrasyon Cihaz\u0131 - Bnreo | Su Ar\u0131tma Cihazlar\u0131","robots":{"index":"index","follow":"follow","max-snippet":"max-snippet:-1","max-image-preview":"max-image-preview:large","max-video-preview":"max-video-preview:-1"},"canonical":"https:\/\/bnreo.com.tr\/de\/product\/bnreo-ev-ana-giris-filtrasyon-cihazi\/","og_locale":"de_DE","og_type":"article","og_title":"Bnreo Ev Ana Giri\u015f Filtrasyon Cihaz\u0131 - Bnreo | Su Ar\u0131tma Cihazlar\u0131","og_description":"Bnreo ev ana giri\u015f filtrasyon sistemi Su saati giri\u015finize ba\u011flant\u0131s\u0131 yap\u0131larak evinizde veya i\u015f yerinizde kullan\u0131ma uygun su elde etmenize","og_url":"https:\/\/bnreo.com.tr\/de\/product\/bnreo-ev-ana-giris-filtrasyon-cihazi\/","og_site_name":"Bnreo | Su Ar\u0131tma Cihazlar\u0131","article_modified_time":"2026-02-05T22:07:54+00:00","og_image":[{"width":600,"height":450,"url":"https:\/\/bnreo.com.tr\/wp-content\/uploads\/2025\/06\/ergin_teknik-bnreo-ev-ana-giris-filtrasyon-cihazi-09-600x450-1.jpg","type":"image\/jpeg"}],"twitter_card":"summary_large_image","twitter_misc":{"Gesch\u00e4tzte Lesezeit":"1\u00a0Minute"},"schema":{"@context":"https:\/\/schema.org","@graph":[{"@type":"WebPage","@id":"https:\/\/bnreo.com.tr\/product\/bnreo-ev-ana-giris-filtrasyon-cihazi\/","url":"https:\/\/bnreo.com.tr\/product\/bnreo-ev-ana-giris-filtrasyon-cihazi\/","name":"Bnreo Ev Ana Giri\u015f Filtrasyon Cihaz\u0131 - Bnreo | Su Ar\u0131tma Cihazlar\u0131","isPartOf":{"@id":"https:\/\/bnreo.com.tr\/#website"},"primaryImageOfPage":{"@id":"https:\/\/bnreo.com.tr\/product\/bnreo-ev-ana-giris-filtrasyon-cihazi\/#primaryimage"},"image":{"@id":"https:\/\/bnreo.com.tr\/product\/bnreo-ev-ana-giris-filtrasyon-cihazi\/#primaryimage"},"thumbnailUrl":"https:\/\/bnreo.com.tr\/wp-content\/uploads\/2025\/06\/ergin_teknik-bnreo-ev-ana-giris-filtrasyon-cihazi-09-600x450-1.jpg","datePublished":"2025-06-24T01:54:32+00:00","dateModified":"2026-02-05T22:07:54+00:00","breadcrumb":{"@id":"https:\/\/bnreo.com.tr\/product\/bnreo-ev-ana-giris-filtrasyon-cihazi\/#breadcrumb"},"inLanguage":"de","potentialAction":[{"@type":"ReadAction","target":["https:\/\/bnreo.com.tr\/product\/bnreo-ev-ana-giris-filtrasyon-cihazi\/"]}]},{"@type":"ImageObject","inLanguage":"de","@id":"https:\/\/bnreo.com.tr\/product\/bnreo-ev-ana-giris-filtrasyon-cihazi\/#primaryimage","url":"https:\/\/bnreo.com.tr\/wp-content\/uploads\/2025\/06\/ergin_teknik-bnreo-ev-ana-giris-filtrasyon-cihazi-09-600x450-1.jpg","contentUrl":"https:\/\/bnreo.com.tr\/wp-content\/uploads\/2025\/06\/ergin_teknik-bnreo-ev-ana-giris-filtrasyon-cihazi-09-600x450-1.jpg","width":600,"height":450},{"@type":"BreadcrumbList","@id":"https:\/\/bnreo.com.tr\/product\/bnreo-ev-ana-giris-filtrasyon-cihazi\/#breadcrumb","itemListElement":[{"@type":"ListItem","position":1,"name":"Anasayfa","item":"https:\/\/bnreo.com.tr\/"},{"@type":"ListItem","position":2,"name":"Ma\u011faza","item":"https:\/\/bnreo.com.tr\/magaza\/"},{"@type":"ListItem","position":3,"name":"Bnreo Ev Ana Giri\u015f Filtrasyon Cihaz\u0131"}]},{"@type":"WebSite","@id":"https:\/\/bnreo.com.tr\/#website","url":"https:\/\/bnreo.com.tr\/","name":"Bnreo | Su Ar\u0131tma Cihazlar\u0131","description":"Bnreo | Su Ar\u0131tma Cihazlar\u0131","potentialAction":[{"@type":"SearchAction","target":{"@type":"EntryPoint","urlTemplate":"https:\/\/bnreo.com.tr\/?s={search_term_string}"},"query-input":{"@type":"PropertyValueSpecification","valueRequired":true,"valueName":"search_term_string"}}],"inLanguage":"de"}]}},"_links":{"self":[{"href":"https:\/\/bnreo.com.tr\/de\/wp-json\/wp\/v2\/product\/28176","targetHints":{"allow":["GET"]}}],"collection":[{"href":"https:\/\/bnreo.com.tr\/de\/wp-json\/wp\/v2\/product"}],"about":[{"href":"https:\/\/bnreo.com.tr\/de\/wp-json\/wp\/v2\/types\/product"}],"replies":[{"embeddable":true,"href":"https:\/\/bnreo.com.tr\/de\/wp-json\/wp\/v2\/comments?post=28176"}],"version-history":[{"count":1,"href":"https:\/\/bnreo.com.tr\/de\/wp-json\/wp\/v2\/product\/28176\/revisions"}],"predecessor-version":[{"id":28178,"href":"https:\/\/bnreo.com.tr\/de\/wp-json\/wp\/v2\/product\/28176\/revisions\/28178"}],"wp:featuredmedia":[{"embeddable":true,"href":"https:\/\/bnreo.com.tr\/de\/wp-json\/wp\/v2\/media\/28177"}],"wp:attachment":[{"href":"https:\/\/bnreo.com.tr\/de\/wp-json\/wp\/v2\/media?parent=28176"}],"wp:term":[{"taxonomy":"product_brand","embeddable":true,"href":"https:\/\/bnreo.com.tr\/de\/wp-json\/wp\/v2\/product_brand?post=28176"},{"taxonomy":"product_cat","embeddable":true,"href":"https:\/\/bnreo.com.tr\/de\/wp-json\/wp\/v2\/product_cat?post=28176"},{"taxonomy":"product_tag","embeddable":true,"href":"https:\/\/bnreo.com.tr\/de\/wp-json\/wp\/v2\/product_tag?post=28176"}],"curies":[{"name":"wp","href":"https:\/\/api.w.org\/{rel}","templated":true}]}}