{"id":28173,"date":"2025-06-24T04:54:02","date_gmt":"2025-06-24T01:54:02","guid":{"rendered":"https:\/\/bnreo.com.tr\/?post_type=product&#038;p=28173"},"modified":"2026-02-16T13:12:40","modified_gmt":"2026-02-16T10:12:40","slug":"bnreo-full-otomatik-ev-ana-giris-sistemi","status":"publish","type":"product","link":"https:\/\/bnreo.com.tr\/de\/product\/bnreo-full-otomatik-ev-ana-giris-sistemi\/","title":{"rendered":"Bnreo Vollautomatisches Haupteingangssystem f\u00fcr Privathaushalte"},"content":{"rendered":"<p>Ungel\u00f6ste Calcium- und Magnesiummineralien im Wasser verursachen dauerhafte H\u00e4rte (Kalk).<br \/>\nHartes Wasser ist nicht nur gesundheitssch\u00e4dlich, da es Magen-Darm- und Hautbeschwerden verursacht, sondern f\u00fchrt auch dazu, dass Ihre Haare nach dem Baden hart werden und Ihre W\u00e4sche verh\u00e4rtet und besch\u00e4digt wird.<br \/>\nKalk, der Flecken auf Duschen und Wasserh\u00e4hnen sowie Gl\u00e4sern und Tellern verursacht, f\u00fchrt zu Verstopfungen in Ger\u00e4ten, schweren Kalksch\u00e4den an Anlagen und sogar zu einem \u00fcberm\u00e4\u00dfigen Energieverbrauch.<br \/>\nDurch hartes Wasser belastete Rohrleitungen werden unbrauchbar, Ger\u00e4te gehen kaputt und die Qualit\u00e4t von Produkten l\u00e4sst nach.<br \/>\nUm diesen Sch\u00e4den vorzubeugen, werden Ca- und Mg-Mineralien aus dem Wasser durch vollautomatische Systeme entfernt, die mit dem Ionenaustauschverfahren arbeiten.<br \/>\nDas vollautomatische Ger\u00e4t f\u00fchrt die notwendigen R\u00fccksp\u00fcl- und Regenerationsvorg\u00e4nge zu bestimmten Zeiten selbstst\u00e4ndig und ohne menschliches Eingreifen durch und h\u00e4lt sich dabei an das zu Beginn vorgegebene Programm.<br \/>\nDie Wasserenth\u00e4rtung erfolgt durch Ionenaustausch. Das Ionenaustauschverfahren entfernt die Ca- und Mg-Ionen, die zur Wasserh\u00e4rte beitragen, indem das Wasser durch ein kationisches Harz geleitet wird.<\/p>","protected":false},"excerpt":{"rendered":"<p>Ungel\u00f6ste Kalzium- und Magnesiummineralien im Wasser verursachen dauerhafte H\u00e4rte (Kalk). Hartes Wasser kann Magen-Darm- und Hauterkrankungen verursachen.<\/p>","protected":false},"featured_media":28174,"comment_status":"open","ping_status":"closed","template":"","meta":[],"product_brand":[],"product_cat":[81,28],"product_tag":[],"class_list":{"0":"post-28173","1":"product","2":"type-product","3":"status-publish","4":"has-post-thumbnail","6":"product_cat-cihazlar-urunler","7":"product_cat-ev-tipi-su-aritma-cihazlari","9":"first","10":"instock","11":"shipping-taxable","12":"purchasable","13":"product-type-simple"},"yoast_head":"<!-- This site is optimized with the Yoast SEO plugin v25.3.1 - https:\/\/yoast.com\/wordpress\/plugins\/seo\/ -->\n<title>Bnreo Full Otomatik Ev Ana Giri\u015f Sistemi - Bnreo | Su Ar\u0131tma Cihazlar\u0131<\/title>\n<meta name=\"robots\" content=\"index, follow, max-snippet:-1, max-image-preview:large, max-video-preview:-1\" \/>\n<link rel=\"canonical\" href=\"https:\/\/bnreo.com.tr\/de\/product\/bnreo-full-otomatik-ev-ana-giris-sistemi\/\" \/>\n<meta property=\"og:locale\" content=\"de_DE\" \/>\n<meta property=\"og:type\" content=\"article\" \/>\n<meta property=\"og:title\" content=\"Bnreo Full Otomatik Ev Ana Giri\u015f Sistemi - Bnreo | Su Ar\u0131tma Cihazlar\u0131\" \/>\n<meta property=\"og:description\" content=\"Suda erimemi\u015f halde bulunan kalsiyum ve magnezyum mineralleri kal\u0131c\u0131 sertli\u011fe (kire\u00e7) neden olmaktad\u0131r. Sert su, mide ba\u011f\u0131rsak ve cilt rahats\u0131zl\u0131klar\u0131na\" \/>\n<meta property=\"og:url\" content=\"https:\/\/bnreo.com.tr\/de\/product\/bnreo-full-otomatik-ev-ana-giris-sistemi\/\" \/>\n<meta property=\"og:site_name\" content=\"Bnreo | Su Ar\u0131tma Cihazlar\u0131\" \/>\n<meta property=\"article:modified_time\" content=\"2026-02-16T10:12:40+00:00\" \/>\n<meta property=\"og:image\" content=\"https:\/\/bnreo.com.tr\/wp-content\/uploads\/2025\/06\/ergin_teknik-bnreo-full-otomatik-ev-ana-giris-sistemi-08-600x450-1.jpg\" \/>\n\t<meta property=\"og:image:width\" content=\"600\" \/>\n\t<meta property=\"og:image:height\" content=\"450\" \/>\n\t<meta property=\"og:image:type\" content=\"image\/jpeg\" \/>\n<meta name=\"twitter:card\" content=\"summary_large_image\" \/>\n<meta name=\"twitter:label1\" content=\"Gesch\u00e4tzte Lesezeit\" \/>\n\t<meta name=\"twitter:data1\" content=\"2\u00a0Minuten\" \/>\n<script type=\"application\/ld+json\" class=\"yoast-schema-graph\">{\"@context\":\"https:\/\/schema.org\",\"@graph\":[{\"@type\":\"WebPage\",\"@id\":\"https:\/\/bnreo.com.tr\/product\/bnreo-full-otomatik-ev-ana-giris-sistemi\/\",\"url\":\"https:\/\/bnreo.com.tr\/product\/bnreo-full-otomatik-ev-ana-giris-sistemi\/\",\"name\":\"Bnreo Full Otomatik Ev Ana Giri\u015f Sistemi - Bnreo | Su Ar\u0131tma Cihazlar\u0131\",\"isPartOf\":{\"@id\":\"https:\/\/bnreo.com.tr\/#website\"},\"primaryImageOfPage\":{\"@id\":\"https:\/\/bnreo.com.tr\/product\/bnreo-full-otomatik-ev-ana-giris-sistemi\/#primaryimage\"},\"image\":{\"@id\":\"https:\/\/bnreo.com.tr\/product\/bnreo-full-otomatik-ev-ana-giris-sistemi\/#primaryimage\"},\"thumbnailUrl\":\"https:\/\/bnreo.com.tr\/wp-content\/uploads\/2025\/06\/ergin_teknik-bnreo-full-otomatik-ev-ana-giris-sistemi-08-600x450-1.jpg\",\"datePublished\":\"2025-06-24T01:54:02+00:00\",\"dateModified\":\"2026-02-16T10:12:40+00:00\",\"breadcrumb\":{\"@id\":\"https:\/\/bnreo.com.tr\/product\/bnreo-full-otomatik-ev-ana-giris-sistemi\/#breadcrumb\"},\"inLanguage\":\"de\",\"potentialAction\":[{\"@type\":\"ReadAction\",\"target\":[\"https:\/\/bnreo.com.tr\/product\/bnreo-full-otomatik-ev-ana-giris-sistemi\/\"]}]},{\"@type\":\"ImageObject\",\"inLanguage\":\"de\",\"@id\":\"https:\/\/bnreo.com.tr\/product\/bnreo-full-otomatik-ev-ana-giris-sistemi\/#primaryimage\",\"url\":\"https:\/\/bnreo.com.tr\/wp-content\/uploads\/2025\/06\/ergin_teknik-bnreo-full-otomatik-ev-ana-giris-sistemi-08-600x450-1.jpg\",\"contentUrl\":\"https:\/\/bnreo.com.tr\/wp-content\/uploads\/2025\/06\/ergin_teknik-bnreo-full-otomatik-ev-ana-giris-sistemi-08-600x450-1.jpg\",\"width\":600,\"height\":450},{\"@type\":\"BreadcrumbList\",\"@id\":\"https:\/\/bnreo.com.tr\/product\/bnreo-full-otomatik-ev-ana-giris-sistemi\/#breadcrumb\",\"itemListElement\":[{\"@type\":\"ListItem\",\"position\":1,\"name\":\"Anasayfa\",\"item\":\"https:\/\/bnreo.com.tr\/\"},{\"@type\":\"ListItem\",\"position\":2,\"name\":\"Ma\u011faza\",\"item\":\"https:\/\/bnreo.com.tr\/magaza\/\"},{\"@type\":\"ListItem\",\"position\":3,\"name\":\"Bnreo Full Otomatik Ev Ana Giri\u015f Sistemi\"}]},{\"@type\":\"WebSite\",\"@id\":\"https:\/\/bnreo.com.tr\/#website\",\"url\":\"https:\/\/bnreo.com.tr\/\",\"name\":\"Bnreo | Su Ar\u0131tma Cihazlar\u0131\",\"description\":\"Bnreo | Su Ar\u0131tma Cihazlar\u0131\",\"potentialAction\":[{\"@type\":\"SearchAction\",\"target\":{\"@type\":\"EntryPoint\",\"urlTemplate\":\"https:\/\/bnreo.com.tr\/?s={search_term_string}\"},\"query-input\":{\"@type\":\"PropertyValueSpecification\",\"valueRequired\":true,\"valueName\":\"search_term_string\"}}],\"inLanguage\":\"de\"}]}<\/script>\n<!-- \/ Yoast SEO plugin. -->","yoast_head_json":{"title":"Bnreo Full Otomatik Ev Ana Giri\u015f Sistemi - Bnreo | Su Ar\u0131tma Cihazlar\u0131","robots":{"index":"index","follow":"follow","max-snippet":"max-snippet:-1","max-image-preview":"max-image-preview:large","max-video-preview":"max-video-preview:-1"},"canonical":"https:\/\/bnreo.com.tr\/de\/product\/bnreo-full-otomatik-ev-ana-giris-sistemi\/","og_locale":"de_DE","og_type":"article","og_title":"Bnreo Full Otomatik Ev Ana Giri\u015f Sistemi - Bnreo | Su Ar\u0131tma Cihazlar\u0131","og_description":"Suda erimemi\u015f halde bulunan kalsiyum ve magnezyum mineralleri kal\u0131c\u0131 sertli\u011fe (kire\u00e7) neden olmaktad\u0131r. Sert su, mide ba\u011f\u0131rsak ve cilt rahats\u0131zl\u0131klar\u0131na","og_url":"https:\/\/bnreo.com.tr\/de\/product\/bnreo-full-otomatik-ev-ana-giris-sistemi\/","og_site_name":"Bnreo | Su Ar\u0131tma Cihazlar\u0131","article_modified_time":"2026-02-16T10:12:40+00:00","og_image":[{"width":600,"height":450,"url":"https:\/\/bnreo.com.tr\/wp-content\/uploads\/2025\/06\/ergin_teknik-bnreo-full-otomatik-ev-ana-giris-sistemi-08-600x450-1.jpg","type":"image\/jpeg"}],"twitter_card":"summary_large_image","twitter_misc":{"Gesch\u00e4tzte Lesezeit":"2\u00a0Minuten"},"schema":{"@context":"https:\/\/schema.org","@graph":[{"@type":"WebPage","@id":"https:\/\/bnreo.com.tr\/product\/bnreo-full-otomatik-ev-ana-giris-sistemi\/","url":"https:\/\/bnreo.com.tr\/product\/bnreo-full-otomatik-ev-ana-giris-sistemi\/","name":"Bnreo Full Otomatik Ev Ana Giri\u015f Sistemi - Bnreo | Su Ar\u0131tma Cihazlar\u0131","isPartOf":{"@id":"https:\/\/bnreo.com.tr\/#website"},"primaryImageOfPage":{"@id":"https:\/\/bnreo.com.tr\/product\/bnreo-full-otomatik-ev-ana-giris-sistemi\/#primaryimage"},"image":{"@id":"https:\/\/bnreo.com.tr\/product\/bnreo-full-otomatik-ev-ana-giris-sistemi\/#primaryimage"},"thumbnailUrl":"https:\/\/bnreo.com.tr\/wp-content\/uploads\/2025\/06\/ergin_teknik-bnreo-full-otomatik-ev-ana-giris-sistemi-08-600x450-1.jpg","datePublished":"2025-06-24T01:54:02+00:00","dateModified":"2026-02-16T10:12:40+00:00","breadcrumb":{"@id":"https:\/\/bnreo.com.tr\/product\/bnreo-full-otomatik-ev-ana-giris-sistemi\/#breadcrumb"},"inLanguage":"de","potentialAction":[{"@type":"ReadAction","target":["https:\/\/bnreo.com.tr\/product\/bnreo-full-otomatik-ev-ana-giris-sistemi\/"]}]},{"@type":"ImageObject","inLanguage":"de","@id":"https:\/\/bnreo.com.tr\/product\/bnreo-full-otomatik-ev-ana-giris-sistemi\/#primaryimage","url":"https:\/\/bnreo.com.tr\/wp-content\/uploads\/2025\/06\/ergin_teknik-bnreo-full-otomatik-ev-ana-giris-sistemi-08-600x450-1.jpg","contentUrl":"https:\/\/bnreo.com.tr\/wp-content\/uploads\/2025\/06\/ergin_teknik-bnreo-full-otomatik-ev-ana-giris-sistemi-08-600x450-1.jpg","width":600,"height":450},{"@type":"BreadcrumbList","@id":"https:\/\/bnreo.com.tr\/product\/bnreo-full-otomatik-ev-ana-giris-sistemi\/#breadcrumb","itemListElement":[{"@type":"ListItem","position":1,"name":"Anasayfa","item":"https:\/\/bnreo.com.tr\/"},{"@type":"ListItem","position":2,"name":"Ma\u011faza","item":"https:\/\/bnreo.com.tr\/magaza\/"},{"@type":"ListItem","position":3,"name":"Bnreo Full Otomatik Ev Ana Giri\u015f Sistemi"}]},{"@type":"WebSite","@id":"https:\/\/bnreo.com.tr\/#website","url":"https:\/\/bnreo.com.tr\/","name":"Bnreo | Su Ar\u0131tma Cihazlar\u0131","description":"Bnreo | Su Ar\u0131tma Cihazlar\u0131","potentialAction":[{"@type":"SearchAction","target":{"@type":"EntryPoint","urlTemplate":"https:\/\/bnreo.com.tr\/?s={search_term_string}"},"query-input":{"@type":"PropertyValueSpecification","valueRequired":true,"valueName":"search_term_string"}}],"inLanguage":"de"}]}},"_links":{"self":[{"href":"https:\/\/bnreo.com.tr\/de\/wp-json\/wp\/v2\/product\/28173","targetHints":{"allow":["GET"]}}],"collection":[{"href":"https:\/\/bnreo.com.tr\/de\/wp-json\/wp\/v2\/product"}],"about":[{"href":"https:\/\/bnreo.com.tr\/de\/wp-json\/wp\/v2\/types\/product"}],"replies":[{"embeddable":true,"href":"https:\/\/bnreo.com.tr\/de\/wp-json\/wp\/v2\/comments?post=28173"}],"version-history":[{"count":1,"href":"https:\/\/bnreo.com.tr\/de\/wp-json\/wp\/v2\/product\/28173\/revisions"}],"predecessor-version":[{"id":28175,"href":"https:\/\/bnreo.com.tr\/de\/wp-json\/wp\/v2\/product\/28173\/revisions\/28175"}],"wp:featuredmedia":[{"embeddable":true,"href":"https:\/\/bnreo.com.tr\/de\/wp-json\/wp\/v2\/media\/28174"}],"wp:attachment":[{"href":"https:\/\/bnreo.com.tr\/de\/wp-json\/wp\/v2\/media?parent=28173"}],"wp:term":[{"taxonomy":"product_brand","embeddable":true,"href":"https:\/\/bnreo.com.tr\/de\/wp-json\/wp\/v2\/product_brand?post=28173"},{"taxonomy":"product_cat","embeddable":true,"href":"https:\/\/bnreo.com.tr\/de\/wp-json\/wp\/v2\/product_cat?post=28173"},{"taxonomy":"product_tag","embeddable":true,"href":"https:\/\/bnreo.com.tr\/de\/wp-json\/wp\/v2\/product_tag?post=28173"}],"curies":[{"name":"wp","href":"https:\/\/api.w.org\/{rel}","templated":true}]}}