{"id":28167,"date":"2025-06-24T04:52:57","date_gmt":"2025-06-24T01:52:57","guid":{"rendered":"https:\/\/bnreo.com.tr\/?post_type=product&#038;p=28167"},"modified":"2026-03-14T19:46:52","modified_gmt":"2026-03-14T16:46:52","slug":"bnreo-lg-star-ev-tipi-su-aritma-cihazi","status":"publish","type":"product","link":"https:\/\/bnreo.com.tr\/de\/product\/bnreo-lg-star-ev-tipi-su-aritma-cihazi\/","title":{"rendered":"Bnreo LG Star Home Typ Wasserreiniger"},"content":{"rendered":"<p>Dank seines kompakten Designs nimmt der Bnreo LG Star Wasserreiniger weniger Platz in Ihrer K\u00fcche ein und l\u00e4sst Ihnen mehr Platz.<\/p>\n<p>Sie haben jederzeit bequem Zugriff auf frisches, gesundes Trinkwasser aus Ihrem speziell installierten Wasserhahn. Waschen Sie Ihr Obst und Gem\u00fcse in aller Ruhe und kochen Sie Ihre Mahlzeiten mit sauberem Wasser. Sie sparen Platz und haben bequemen Zugriff auf gesundes Wasser f\u00fcr Tee und Kaffee sowie den Komfort, sauberes Wasser direkt aus dem Wasserhahn zu trinken.<\/p>\n<p>Mit dem Bnreo Star-Wasserreiniger erhalten Sie alkalisches Wasser mit einem pH-Wert von 8,5 und Trinkwasser mit hoher Mineralqualit\u00e4t. Au\u00dferdem ist er ein umweltfreundliches System, da er keinen Strom ben\u00f6tigt.<\/p>\n<p>FILTERFUNKTIONEN DES BNREO LG STAR WASSERREINIGERS<\/p>\n<p><u>1-5 Mikron Sedimentfilter<\/u><\/p>\n<p>Es reinigt unerw\u00fcnschte Stoffe im Trinkwasser wie grobe Sedimente, Sand, Kies und Schlamm.<\/p>\n<p>Es sorgt f\u00fcr eine optimale Filterlebensdauer durch Schutz des Umkehrosmose-Membranfilters.<\/p>\n<p><u>2-Aktivkohle-Blockfilter<\/u><\/p>\n<p>Es reguliert die Farb-, Geschmacks- und Geruchsbalance des Wassers und sch\u00fctzt den Membranfilter, indem es Chlor und andere Chemikalien reinigt.<\/p>\n<p><u>3-1 Mikron Sedimentfilter<\/u><\/p>\n<p>Der 1-Mikron-Sedimentfilter ist die dritte Stufe der Umkehrosmosefiltration.<\/p>\n<p>Kohlenstoff reinigt unerw\u00fcnschte Stoffe im Trinkwasser, wie etwa grobe Sedimente, Sand, Kies und Schlamm.<\/p>\n<p>Es sorgt f\u00fcr eine optimale Filterlebensdauer durch Schutz des Umkehrosmose-Membranfilters.<\/p>\n<p><u>4-LG MEBRAN FILTER<\/u><\/p>\n<p>Umkehrosmose-Membranfilter<\/p>\n<p>Es ist der wichtigste Filter in der Filtrationsphase von Wasseraufbereitungssystemen.<\/p>\n<p>Der Membranfilter f\u00fchrt den Umkehrosmoseprozess durch, indem er das Wasser mit Hilfe von hohem Druck durch die halbdurchl\u00e4ssige Membran leitet und so das Wasser von Substanzen wie Nanosedimenten, Partikeln, Schwermetallen, Chemikalien, Viren, Bakterien, Mikroorganismen und Kalk reinigt.<\/p>\n<p><u>5-POST-KOHLEFILTER<\/u><\/p>\n<p>Es enth\u00e4lt Kokosnussschalen und granulierte Aktivkohle. Es reinigt das Wasser ein letztes Mal, kurz bevor es aus dem Wasserhahn flie\u00dft und macht es so k\u00f6stlich.<\/p>","protected":false},"excerpt":{"rendered":"<p>Dank seines kompakten Designs nimmt der Bnreo LG Star Wasserreiniger weniger Platz in Ihrer K\u00fcche ein und l\u00e4sst Ihnen mehr Platz.<\/p>","protected":false},"featured_media":28168,"comment_status":"open","ping_status":"closed","template":"","meta":[],"product_brand":[],"product_cat":[81,28],"product_tag":[],"class_list":{"0":"post-28167","1":"product","2":"type-product","3":"status-publish","4":"has-post-thumbnail","6":"product_cat-cihazlar-urunler","7":"product_cat-ev-tipi-su-aritma-cihazlari","9":"first","10":"instock","11":"shipping-taxable","12":"purchasable","13":"product-type-simple"},"yoast_head":"<!-- This site is optimized with the Yoast SEO plugin v25.3.1 - https:\/\/yoast.com\/wordpress\/plugins\/seo\/ -->\n<title>Bnreo LG Star Ev Tipi Su Ar\u0131tma Cihaz\u0131 - Bnreo | Su Ar\u0131tma Cihazlar\u0131<\/title>\n<meta name=\"robots\" content=\"index, follow, max-snippet:-1, max-image-preview:large, max-video-preview:-1\" \/>\n<link rel=\"canonical\" href=\"https:\/\/bnreo.com.tr\/de\/product\/bnreo-lg-star-ev-tipi-su-aritma-cihazi\/\" \/>\n<meta property=\"og:locale\" content=\"de_DE\" \/>\n<meta property=\"og:type\" content=\"article\" \/>\n<meta property=\"og:title\" content=\"Bnreo LG Star Ev Tipi Su Ar\u0131tma Cihaz\u0131 - Bnreo | Su Ar\u0131tma Cihazlar\u0131\" \/>\n<meta property=\"og:description\" content=\"Bnreo LG Star Su Ar\u0131tma Cihaz\u0131 kompakt \u00f6zel tasar\u0131m\u0131 sayesinde mutfa\u011f\u0131n\u0131zda az yer kaplayarak size daha fazla yer kalmas\u0131n\u0131 sa\u011flar.\" \/>\n<meta property=\"og:url\" content=\"https:\/\/bnreo.com.tr\/de\/product\/bnreo-lg-star-ev-tipi-su-aritma-cihazi\/\" \/>\n<meta property=\"og:site_name\" content=\"Bnreo | Su Ar\u0131tma Cihazlar\u0131\" \/>\n<meta property=\"article:modified_time\" content=\"2026-03-14T16:46:52+00:00\" \/>\n<meta property=\"og:image\" content=\"https:\/\/bnreo.com.tr\/wp-content\/uploads\/2025\/06\/ergin_teknik-bnreo-star-ev-tipi-su-aritma-cihazi-02-600x450-1.jpg\" \/>\n\t<meta property=\"og:image:width\" content=\"600\" \/>\n\t<meta property=\"og:image:height\" content=\"450\" \/>\n\t<meta property=\"og:image:type\" content=\"image\/jpeg\" \/>\n<meta name=\"twitter:card\" content=\"summary_large_image\" \/>\n<meta name=\"twitter:label1\" content=\"Gesch\u00e4tzte Lesezeit\" \/>\n\t<meta name=\"twitter:data1\" content=\"2\u00a0Minuten\" \/>\n<script type=\"application\/ld+json\" class=\"yoast-schema-graph\">{\"@context\":\"https:\/\/schema.org\",\"@graph\":[{\"@type\":\"WebPage\",\"@id\":\"https:\/\/bnreo.com.tr\/product\/bnreo-lg-star-ev-tipi-su-aritma-cihazi\/\",\"url\":\"https:\/\/bnreo.com.tr\/product\/bnreo-lg-star-ev-tipi-su-aritma-cihazi\/\",\"name\":\"Bnreo LG Star Ev Tipi Su Ar\u0131tma Cihaz\u0131 - Bnreo | Su Ar\u0131tma Cihazlar\u0131\",\"isPartOf\":{\"@id\":\"https:\/\/bnreo.com.tr\/#website\"},\"primaryImageOfPage\":{\"@id\":\"https:\/\/bnreo.com.tr\/product\/bnreo-lg-star-ev-tipi-su-aritma-cihazi\/#primaryimage\"},\"image\":{\"@id\":\"https:\/\/bnreo.com.tr\/product\/bnreo-lg-star-ev-tipi-su-aritma-cihazi\/#primaryimage\"},\"thumbnailUrl\":\"https:\/\/bnreo.com.tr\/wp-content\/uploads\/2025\/06\/ergin_teknik-bnreo-star-ev-tipi-su-aritma-cihazi-02-600x450-1.jpg\",\"datePublished\":\"2025-06-24T01:52:57+00:00\",\"dateModified\":\"2026-03-14T16:46:52+00:00\",\"breadcrumb\":{\"@id\":\"https:\/\/bnreo.com.tr\/product\/bnreo-lg-star-ev-tipi-su-aritma-cihazi\/#breadcrumb\"},\"inLanguage\":\"de\",\"potentialAction\":[{\"@type\":\"ReadAction\",\"target\":[\"https:\/\/bnreo.com.tr\/product\/bnreo-lg-star-ev-tipi-su-aritma-cihazi\/\"]}]},{\"@type\":\"ImageObject\",\"inLanguage\":\"de\",\"@id\":\"https:\/\/bnreo.com.tr\/product\/bnreo-lg-star-ev-tipi-su-aritma-cihazi\/#primaryimage\",\"url\":\"https:\/\/bnreo.com.tr\/wp-content\/uploads\/2025\/06\/ergin_teknik-bnreo-star-ev-tipi-su-aritma-cihazi-02-600x450-1.jpg\",\"contentUrl\":\"https:\/\/bnreo.com.tr\/wp-content\/uploads\/2025\/06\/ergin_teknik-bnreo-star-ev-tipi-su-aritma-cihazi-02-600x450-1.jpg\",\"width\":600,\"height\":450},{\"@type\":\"BreadcrumbList\",\"@id\":\"https:\/\/bnreo.com.tr\/product\/bnreo-lg-star-ev-tipi-su-aritma-cihazi\/#breadcrumb\",\"itemListElement\":[{\"@type\":\"ListItem\",\"position\":1,\"name\":\"Anasayfa\",\"item\":\"https:\/\/bnreo.com.tr\/\"},{\"@type\":\"ListItem\",\"position\":2,\"name\":\"Ma\u011faza\",\"item\":\"https:\/\/bnreo.com.tr\/magaza\/\"},{\"@type\":\"ListItem\",\"position\":3,\"name\":\"Bnreo LG Star Ev Tipi Su Ar\u0131tma Cihaz\u0131\"}]},{\"@type\":\"WebSite\",\"@id\":\"https:\/\/bnreo.com.tr\/#website\",\"url\":\"https:\/\/bnreo.com.tr\/\",\"name\":\"Bnreo | Su Ar\u0131tma Cihazlar\u0131\",\"description\":\"Bnreo | Su Ar\u0131tma Cihazlar\u0131\",\"potentialAction\":[{\"@type\":\"SearchAction\",\"target\":{\"@type\":\"EntryPoint\",\"urlTemplate\":\"https:\/\/bnreo.com.tr\/?s={search_term_string}\"},\"query-input\":{\"@type\":\"PropertyValueSpecification\",\"valueRequired\":true,\"valueName\":\"search_term_string\"}}],\"inLanguage\":\"de\"}]}<\/script>\n<!-- \/ Yoast SEO plugin. -->","yoast_head_json":{"title":"Bnreo LG Star Ev Tipi Su Ar\u0131tma Cihaz\u0131 - Bnreo | Su Ar\u0131tma Cihazlar\u0131","robots":{"index":"index","follow":"follow","max-snippet":"max-snippet:-1","max-image-preview":"max-image-preview:large","max-video-preview":"max-video-preview:-1"},"canonical":"https:\/\/bnreo.com.tr\/de\/product\/bnreo-lg-star-ev-tipi-su-aritma-cihazi\/","og_locale":"de_DE","og_type":"article","og_title":"Bnreo LG Star Ev Tipi Su Ar\u0131tma Cihaz\u0131 - Bnreo | Su Ar\u0131tma Cihazlar\u0131","og_description":"Bnreo LG Star Su Ar\u0131tma Cihaz\u0131 kompakt \u00f6zel tasar\u0131m\u0131 sayesinde mutfa\u011f\u0131n\u0131zda az yer kaplayarak size daha fazla yer kalmas\u0131n\u0131 sa\u011flar.","og_url":"https:\/\/bnreo.com.tr\/de\/product\/bnreo-lg-star-ev-tipi-su-aritma-cihazi\/","og_site_name":"Bnreo | Su Ar\u0131tma Cihazlar\u0131","article_modified_time":"2026-03-14T16:46:52+00:00","og_image":[{"width":600,"height":450,"url":"https:\/\/bnreo.com.tr\/wp-content\/uploads\/2025\/06\/ergin_teknik-bnreo-star-ev-tipi-su-aritma-cihazi-02-600x450-1.jpg","type":"image\/jpeg"}],"twitter_card":"summary_large_image","twitter_misc":{"Gesch\u00e4tzte Lesezeit":"2\u00a0Minuten"},"schema":{"@context":"https:\/\/schema.org","@graph":[{"@type":"WebPage","@id":"https:\/\/bnreo.com.tr\/product\/bnreo-lg-star-ev-tipi-su-aritma-cihazi\/","url":"https:\/\/bnreo.com.tr\/product\/bnreo-lg-star-ev-tipi-su-aritma-cihazi\/","name":"Bnreo LG Star Ev Tipi Su Ar\u0131tma Cihaz\u0131 - Bnreo | Su Ar\u0131tma Cihazlar\u0131","isPartOf":{"@id":"https:\/\/bnreo.com.tr\/#website"},"primaryImageOfPage":{"@id":"https:\/\/bnreo.com.tr\/product\/bnreo-lg-star-ev-tipi-su-aritma-cihazi\/#primaryimage"},"image":{"@id":"https:\/\/bnreo.com.tr\/product\/bnreo-lg-star-ev-tipi-su-aritma-cihazi\/#primaryimage"},"thumbnailUrl":"https:\/\/bnreo.com.tr\/wp-content\/uploads\/2025\/06\/ergin_teknik-bnreo-star-ev-tipi-su-aritma-cihazi-02-600x450-1.jpg","datePublished":"2025-06-24T01:52:57+00:00","dateModified":"2026-03-14T16:46:52+00:00","breadcrumb":{"@id":"https:\/\/bnreo.com.tr\/product\/bnreo-lg-star-ev-tipi-su-aritma-cihazi\/#breadcrumb"},"inLanguage":"de","potentialAction":[{"@type":"ReadAction","target":["https:\/\/bnreo.com.tr\/product\/bnreo-lg-star-ev-tipi-su-aritma-cihazi\/"]}]},{"@type":"ImageObject","inLanguage":"de","@id":"https:\/\/bnreo.com.tr\/product\/bnreo-lg-star-ev-tipi-su-aritma-cihazi\/#primaryimage","url":"https:\/\/bnreo.com.tr\/wp-content\/uploads\/2025\/06\/ergin_teknik-bnreo-star-ev-tipi-su-aritma-cihazi-02-600x450-1.jpg","contentUrl":"https:\/\/bnreo.com.tr\/wp-content\/uploads\/2025\/06\/ergin_teknik-bnreo-star-ev-tipi-su-aritma-cihazi-02-600x450-1.jpg","width":600,"height":450},{"@type":"BreadcrumbList","@id":"https:\/\/bnreo.com.tr\/product\/bnreo-lg-star-ev-tipi-su-aritma-cihazi\/#breadcrumb","itemListElement":[{"@type":"ListItem","position":1,"name":"Anasayfa","item":"https:\/\/bnreo.com.tr\/"},{"@type":"ListItem","position":2,"name":"Ma\u011faza","item":"https:\/\/bnreo.com.tr\/magaza\/"},{"@type":"ListItem","position":3,"name":"Bnreo LG Star Ev Tipi Su Ar\u0131tma Cihaz\u0131"}]},{"@type":"WebSite","@id":"https:\/\/bnreo.com.tr\/#website","url":"https:\/\/bnreo.com.tr\/","name":"Bnreo | Su Ar\u0131tma Cihazlar\u0131","description":"Bnreo | Su Ar\u0131tma Cihazlar\u0131","potentialAction":[{"@type":"SearchAction","target":{"@type":"EntryPoint","urlTemplate":"https:\/\/bnreo.com.tr\/?s={search_term_string}"},"query-input":{"@type":"PropertyValueSpecification","valueRequired":true,"valueName":"search_term_string"}}],"inLanguage":"de"}]}},"_links":{"self":[{"href":"https:\/\/bnreo.com.tr\/de\/wp-json\/wp\/v2\/product\/28167","targetHints":{"allow":["GET"]}}],"collection":[{"href":"https:\/\/bnreo.com.tr\/de\/wp-json\/wp\/v2\/product"}],"about":[{"href":"https:\/\/bnreo.com.tr\/de\/wp-json\/wp\/v2\/types\/product"}],"replies":[{"embeddable":true,"href":"https:\/\/bnreo.com.tr\/de\/wp-json\/wp\/v2\/comments?post=28167"}],"version-history":[{"count":1,"href":"https:\/\/bnreo.com.tr\/de\/wp-json\/wp\/v2\/product\/28167\/revisions"}],"predecessor-version":[{"id":28169,"href":"https:\/\/bnreo.com.tr\/de\/wp-json\/wp\/v2\/product\/28167\/revisions\/28169"}],"wp:featuredmedia":[{"embeddable":true,"href":"https:\/\/bnreo.com.tr\/de\/wp-json\/wp\/v2\/media\/28168"}],"wp:attachment":[{"href":"https:\/\/bnreo.com.tr\/de\/wp-json\/wp\/v2\/media?parent=28167"}],"wp:term":[{"taxonomy":"product_brand","embeddable":true,"href":"https:\/\/bnreo.com.tr\/de\/wp-json\/wp\/v2\/product_brand?post=28167"},{"taxonomy":"product_cat","embeddable":true,"href":"https:\/\/bnreo.com.tr\/de\/wp-json\/wp\/v2\/product_cat?post=28167"},{"taxonomy":"product_tag","embeddable":true,"href":"https:\/\/bnreo.com.tr\/de\/wp-json\/wp\/v2\/product_tag?post=28167"}],"curies":[{"name":"wp","href":"https:\/\/api.w.org\/{rel}","templated":true}]}}