{"id":28164,"date":"2025-06-24T04:51:26","date_gmt":"2025-06-24T01:51:26","guid":{"rendered":"https:\/\/bnreo.com.tr\/?post_type=product&#038;p=28164"},"modified":"2025-06-24T04:51:43","modified_gmt":"2025-06-24T01:51:43","slug":"bnreo-smart-is-yeri-tipi-su-aritma-sistemi","status":"publish","type":"product","link":"https:\/\/bnreo.com.tr\/de\/product\/bnreo-smart-is-yeri-tipi-su-aritma-sistemi\/","title":{"rendered":"Bnreo Intelligentes Wasseraufbereitungssystem f\u00fcr den Arbeitsplatz"},"content":{"rendered":"<p>Der Bnreo Smart Wasserreiniger, ein leistungsstarker Wasserreiniger f\u00fcr den Arbeitsplatz, nutzt die Umkehrosmose-Technologie. Er verf\u00fcgt \u00fcber ein f\u00fcnfstufiges Filtersystem und produziert hochwertiges, wohlschmeckendes Trinkwasser. Der Bnreo Smart Wasserreiniger verf\u00fcgt \u00fcber einen 40-Liter-Drucktank. Durch die Reinigung von sieben Flaschen Wasser pro Tag erm\u00f6glicht er Unternehmen erhebliche Einsparungen. Das Ger\u00e4t amortisiert sich in weniger als zwei Monaten.<\/p>\n<p>Der Trinkwasserverbrauch am Arbeitsplatz ist deutlich h\u00f6her als im Privathaushalt. Daher wurden leistungsstarke Wasseraufbereitungssysteme speziell f\u00fcr diesen Zweck entwickelt. Unter den f\u00fcr den Arbeitsplatz entwickelten Wasseraufbereitungssystemen sind die Bnreo Smart-Ger\u00e4te hinsichtlich Kapazit\u00e4t und Funktionalit\u00e4t die perfekte L\u00f6sung. Da sie den Bedarf an Flaschenwasser \u00fcberfl\u00fcssig machen und den gesamten Trinkwasserbedarf am Arbeitsplatz decken, sind die Ger\u00e4te f\u00fchrend in der Bereitstellung von hochwertigem, kalkfreiem und gesundem Wasser. Wasser, die prim\u00e4re Energiequelle des K\u00f6rpers, ist f\u00fcr Mitarbeiter am Arbeitsplatz von entscheidender Bedeutung. Es steigert die Arbeitseffizienz und erh\u00f6ht bei ausreichender Aufnahme die Aufmerksamkeitsspanne, sodass Mitarbeiter H\u00f6chstleistungen erbringen k\u00f6nnen.<\/p>\n<p>TECHNISCHE DATEN<\/p>\n<p>*Bnreo 10&quot; transparentes Geh\u00e4use (Doppel-O-Ring)<br \/>\n*Bnreo 10&quot; wei\u00dfes mattes Geh\u00e4use (Doppel-O-Ring)<br \/>\n*Bnreo 10 Zoll dicker 5 Mikron gesponnener (Sediment-)Filter<br \/>\n*Bnreo 10&quot; GAC-Kohlekartuschenfilter<br \/>\n*Bnreo 10&quot; Block-Kohlekartuschenfilter<br \/>\n*Bnreo 10&quot; Inline-Kokosnuss-Post-Kohlefilter<br \/>\n*Bnreo 300 GPD-Membran<br \/>\n*Bnreo 300 GPD Pumpe<br \/>\n*Bnreo 300 Adapter<br \/>\n*Bnreo Luxus Wasserhahn<br \/>\n*Bnreo-Manometer (10 Bar)<\/p>\n<p>*Bnreo 40-Liter-Produktwassertank.<\/p>","protected":false},"excerpt":{"rendered":"<p>Der Bnreo Smart-Wasserreiniger, ein Wasserreiniger mit hoher Kapazit\u00e4t f\u00fcr den Arbeitsplatz, ist ein Ger\u00e4t mit Umkehrosmosetechnologie.<\/p>","protected":false},"featured_media":28165,"comment_status":"open","ping_status":"closed","template":"","meta":[],"product_brand":[],"product_cat":[81,36],"product_tag":[],"class_list":{"0":"post-28164","1":"product","2":"type-product","3":"status-publish","4":"has-post-thumbnail","6":"product_cat-cihazlar-urunler","7":"product_cat-is-yeri-su-aritma-cihazlari","9":"first","10":"instock","11":"shipping-taxable","12":"purchasable","13":"product-type-simple"},"yoast_head":"<!-- This site is optimized with the Yoast SEO plugin v25.3.1 - https:\/\/yoast.com\/wordpress\/plugins\/seo\/ -->\n<title>Bnreo Smart \u0130\u015f Yeri Tipi Su Ar\u0131tma Sistemi - Bnreo | Su Ar\u0131tma Cihazlar\u0131<\/title>\n<meta name=\"robots\" content=\"index, follow, max-snippet:-1, max-image-preview:large, max-video-preview:-1\" \/>\n<link rel=\"canonical\" href=\"https:\/\/bnreo.com.tr\/de\/product\/bnreo-smart-is-yeri-tipi-su-aritma-sistemi\/\" \/>\n<meta property=\"og:locale\" content=\"de_DE\" \/>\n<meta property=\"og:type\" content=\"article\" \/>\n<meta property=\"og:title\" content=\"Bnreo Smart \u0130\u015f Yeri Tipi Su Ar\u0131tma Sistemi - Bnreo | Su Ar\u0131tma Cihazlar\u0131\" \/>\n<meta property=\"og:description\" content=\"Y\u00fcksek kapasiteli bir i\u015fyeri su ar\u0131tma cihaz\u0131 olan Bnreo Smart su ar\u0131tma cihaz\u0131, ters osmoz teknolojisine sahip bir cihazd\u0131r. 5\" \/>\n<meta property=\"og:url\" content=\"https:\/\/bnreo.com.tr\/de\/product\/bnreo-smart-is-yeri-tipi-su-aritma-sistemi\/\" \/>\n<meta property=\"og:site_name\" content=\"Bnreo | Su Ar\u0131tma Cihazlar\u0131\" \/>\n<meta property=\"article:modified_time\" content=\"2025-06-24T01:51:43+00:00\" \/>\n<meta property=\"og:image\" content=\"https:\/\/bnreo.com.tr\/wp-content\/uploads\/2025\/06\/ergin_teknik-bnreo-smart-Is-yeri-tipi-su-aritma-sistemi-01-600x450-1.jpg\" \/>\n\t<meta property=\"og:image:width\" content=\"600\" \/>\n\t<meta property=\"og:image:height\" content=\"450\" \/>\n\t<meta property=\"og:image:type\" content=\"image\/jpeg\" \/>\n<meta name=\"twitter:card\" content=\"summary_large_image\" \/>\n<meta name=\"twitter:label1\" content=\"Gesch\u00e4tzte Lesezeit\" \/>\n\t<meta name=\"twitter:data1\" content=\"2\u00a0Minuten\" \/>\n<script type=\"application\/ld+json\" class=\"yoast-schema-graph\">{\"@context\":\"https:\/\/schema.org\",\"@graph\":[{\"@type\":\"WebPage\",\"@id\":\"https:\/\/bnreo.com.tr\/product\/bnreo-smart-is-yeri-tipi-su-aritma-sistemi\/\",\"url\":\"https:\/\/bnreo.com.tr\/product\/bnreo-smart-is-yeri-tipi-su-aritma-sistemi\/\",\"name\":\"Bnreo Smart \u0130\u015f Yeri Tipi Su Ar\u0131tma Sistemi - Bnreo | Su Ar\u0131tma Cihazlar\u0131\",\"isPartOf\":{\"@id\":\"https:\/\/bnreo.com.tr\/#website\"},\"primaryImageOfPage\":{\"@id\":\"https:\/\/bnreo.com.tr\/product\/bnreo-smart-is-yeri-tipi-su-aritma-sistemi\/#primaryimage\"},\"image\":{\"@id\":\"https:\/\/bnreo.com.tr\/product\/bnreo-smart-is-yeri-tipi-su-aritma-sistemi\/#primaryimage\"},\"thumbnailUrl\":\"https:\/\/bnreo.com.tr\/wp-content\/uploads\/2025\/06\/ergin_teknik-bnreo-smart-Is-yeri-tipi-su-aritma-sistemi-01-600x450-1.jpg\",\"datePublished\":\"2025-06-24T01:51:26+00:00\",\"dateModified\":\"2025-06-24T01:51:43+00:00\",\"breadcrumb\":{\"@id\":\"https:\/\/bnreo.com.tr\/product\/bnreo-smart-is-yeri-tipi-su-aritma-sistemi\/#breadcrumb\"},\"inLanguage\":\"de\",\"potentialAction\":[{\"@type\":\"ReadAction\",\"target\":[\"https:\/\/bnreo.com.tr\/product\/bnreo-smart-is-yeri-tipi-su-aritma-sistemi\/\"]}]},{\"@type\":\"ImageObject\",\"inLanguage\":\"de\",\"@id\":\"https:\/\/bnreo.com.tr\/product\/bnreo-smart-is-yeri-tipi-su-aritma-sistemi\/#primaryimage\",\"url\":\"https:\/\/bnreo.com.tr\/wp-content\/uploads\/2025\/06\/ergin_teknik-bnreo-smart-Is-yeri-tipi-su-aritma-sistemi-01-600x450-1.jpg\",\"contentUrl\":\"https:\/\/bnreo.com.tr\/wp-content\/uploads\/2025\/06\/ergin_teknik-bnreo-smart-Is-yeri-tipi-su-aritma-sistemi-01-600x450-1.jpg\",\"width\":600,\"height\":450},{\"@type\":\"BreadcrumbList\",\"@id\":\"https:\/\/bnreo.com.tr\/product\/bnreo-smart-is-yeri-tipi-su-aritma-sistemi\/#breadcrumb\",\"itemListElement\":[{\"@type\":\"ListItem\",\"position\":1,\"name\":\"Anasayfa\",\"item\":\"https:\/\/bnreo.com.tr\/\"},{\"@type\":\"ListItem\",\"position\":2,\"name\":\"Ma\u011faza\",\"item\":\"https:\/\/bnreo.com.tr\/magaza\/\"},{\"@type\":\"ListItem\",\"position\":3,\"name\":\"Bnreo Smart \u0130\u015f Yeri Tipi Su Ar\u0131tma Sistemi\"}]},{\"@type\":\"WebSite\",\"@id\":\"https:\/\/bnreo.com.tr\/#website\",\"url\":\"https:\/\/bnreo.com.tr\/\",\"name\":\"Bnreo | Su Ar\u0131tma Cihazlar\u0131\",\"description\":\"Bnreo | Su Ar\u0131tma Cihazlar\u0131\",\"potentialAction\":[{\"@type\":\"SearchAction\",\"target\":{\"@type\":\"EntryPoint\",\"urlTemplate\":\"https:\/\/bnreo.com.tr\/?s={search_term_string}\"},\"query-input\":{\"@type\":\"PropertyValueSpecification\",\"valueRequired\":true,\"valueName\":\"search_term_string\"}}],\"inLanguage\":\"de\"}]}<\/script>\n<!-- \/ Yoast SEO plugin. -->","yoast_head_json":{"title":"Bnreo Smart \u0130\u015f Yeri Tipi Su Ar\u0131tma Sistemi - Bnreo | Su Ar\u0131tma Cihazlar\u0131","robots":{"index":"index","follow":"follow","max-snippet":"max-snippet:-1","max-image-preview":"max-image-preview:large","max-video-preview":"max-video-preview:-1"},"canonical":"https:\/\/bnreo.com.tr\/de\/product\/bnreo-smart-is-yeri-tipi-su-aritma-sistemi\/","og_locale":"de_DE","og_type":"article","og_title":"Bnreo Smart \u0130\u015f Yeri Tipi Su Ar\u0131tma Sistemi - Bnreo | Su Ar\u0131tma Cihazlar\u0131","og_description":"Y\u00fcksek kapasiteli bir i\u015fyeri su ar\u0131tma cihaz\u0131 olan Bnreo Smart su ar\u0131tma cihaz\u0131, ters osmoz teknolojisine sahip bir cihazd\u0131r. 5","og_url":"https:\/\/bnreo.com.tr\/de\/product\/bnreo-smart-is-yeri-tipi-su-aritma-sistemi\/","og_site_name":"Bnreo | Su Ar\u0131tma Cihazlar\u0131","article_modified_time":"2025-06-24T01:51:43+00:00","og_image":[{"width":600,"height":450,"url":"https:\/\/bnreo.com.tr\/wp-content\/uploads\/2025\/06\/ergin_teknik-bnreo-smart-Is-yeri-tipi-su-aritma-sistemi-01-600x450-1.jpg","type":"image\/jpeg"}],"twitter_card":"summary_large_image","twitter_misc":{"Gesch\u00e4tzte Lesezeit":"2\u00a0Minuten"},"schema":{"@context":"https:\/\/schema.org","@graph":[{"@type":"WebPage","@id":"https:\/\/bnreo.com.tr\/product\/bnreo-smart-is-yeri-tipi-su-aritma-sistemi\/","url":"https:\/\/bnreo.com.tr\/product\/bnreo-smart-is-yeri-tipi-su-aritma-sistemi\/","name":"Bnreo Smart \u0130\u015f Yeri Tipi Su Ar\u0131tma Sistemi - Bnreo | Su Ar\u0131tma Cihazlar\u0131","isPartOf":{"@id":"https:\/\/bnreo.com.tr\/#website"},"primaryImageOfPage":{"@id":"https:\/\/bnreo.com.tr\/product\/bnreo-smart-is-yeri-tipi-su-aritma-sistemi\/#primaryimage"},"image":{"@id":"https:\/\/bnreo.com.tr\/product\/bnreo-smart-is-yeri-tipi-su-aritma-sistemi\/#primaryimage"},"thumbnailUrl":"https:\/\/bnreo.com.tr\/wp-content\/uploads\/2025\/06\/ergin_teknik-bnreo-smart-Is-yeri-tipi-su-aritma-sistemi-01-600x450-1.jpg","datePublished":"2025-06-24T01:51:26+00:00","dateModified":"2025-06-24T01:51:43+00:00","breadcrumb":{"@id":"https:\/\/bnreo.com.tr\/product\/bnreo-smart-is-yeri-tipi-su-aritma-sistemi\/#breadcrumb"},"inLanguage":"de","potentialAction":[{"@type":"ReadAction","target":["https:\/\/bnreo.com.tr\/product\/bnreo-smart-is-yeri-tipi-su-aritma-sistemi\/"]}]},{"@type":"ImageObject","inLanguage":"de","@id":"https:\/\/bnreo.com.tr\/product\/bnreo-smart-is-yeri-tipi-su-aritma-sistemi\/#primaryimage","url":"https:\/\/bnreo.com.tr\/wp-content\/uploads\/2025\/06\/ergin_teknik-bnreo-smart-Is-yeri-tipi-su-aritma-sistemi-01-600x450-1.jpg","contentUrl":"https:\/\/bnreo.com.tr\/wp-content\/uploads\/2025\/06\/ergin_teknik-bnreo-smart-Is-yeri-tipi-su-aritma-sistemi-01-600x450-1.jpg","width":600,"height":450},{"@type":"BreadcrumbList","@id":"https:\/\/bnreo.com.tr\/product\/bnreo-smart-is-yeri-tipi-su-aritma-sistemi\/#breadcrumb","itemListElement":[{"@type":"ListItem","position":1,"name":"Anasayfa","item":"https:\/\/bnreo.com.tr\/"},{"@type":"ListItem","position":2,"name":"Ma\u011faza","item":"https:\/\/bnreo.com.tr\/magaza\/"},{"@type":"ListItem","position":3,"name":"Bnreo Smart \u0130\u015f Yeri Tipi Su Ar\u0131tma Sistemi"}]},{"@type":"WebSite","@id":"https:\/\/bnreo.com.tr\/#website","url":"https:\/\/bnreo.com.tr\/","name":"Bnreo | Su Ar\u0131tma Cihazlar\u0131","description":"Bnreo | Su Ar\u0131tma Cihazlar\u0131","potentialAction":[{"@type":"SearchAction","target":{"@type":"EntryPoint","urlTemplate":"https:\/\/bnreo.com.tr\/?s={search_term_string}"},"query-input":{"@type":"PropertyValueSpecification","valueRequired":true,"valueName":"search_term_string"}}],"inLanguage":"de"}]}},"_links":{"self":[{"href":"https:\/\/bnreo.com.tr\/de\/wp-json\/wp\/v2\/product\/28164","targetHints":{"allow":["GET"]}}],"collection":[{"href":"https:\/\/bnreo.com.tr\/de\/wp-json\/wp\/v2\/product"}],"about":[{"href":"https:\/\/bnreo.com.tr\/de\/wp-json\/wp\/v2\/types\/product"}],"replies":[{"embeddable":true,"href":"https:\/\/bnreo.com.tr\/de\/wp-json\/wp\/v2\/comments?post=28164"}],"version-history":[{"count":1,"href":"https:\/\/bnreo.com.tr\/de\/wp-json\/wp\/v2\/product\/28164\/revisions"}],"predecessor-version":[{"id":28166,"href":"https:\/\/bnreo.com.tr\/de\/wp-json\/wp\/v2\/product\/28164\/revisions\/28166"}],"wp:featuredmedia":[{"embeddable":true,"href":"https:\/\/bnreo.com.tr\/de\/wp-json\/wp\/v2\/media\/28165"}],"wp:attachment":[{"href":"https:\/\/bnreo.com.tr\/de\/wp-json\/wp\/v2\/media?parent=28164"}],"wp:term":[{"taxonomy":"product_brand","embeddable":true,"href":"https:\/\/bnreo.com.tr\/de\/wp-json\/wp\/v2\/product_brand?post=28164"},{"taxonomy":"product_cat","embeddable":true,"href":"https:\/\/bnreo.com.tr\/de\/wp-json\/wp\/v2\/product_cat?post=28164"},{"taxonomy":"product_tag","embeddable":true,"href":"https:\/\/bnreo.com.tr\/de\/wp-json\/wp\/v2\/product_tag?post=28164"}],"curies":[{"name":"wp","href":"https:\/\/api.w.org\/{rel}","templated":true}]}}