{"id":28155,"date":"2025-06-24T04:49:14","date_gmt":"2025-06-24T01:49:14","guid":{"rendered":"https:\/\/bnreo.com.tr\/?post_type=product&#038;p=28155"},"modified":"2025-06-24T04:50:09","modified_gmt":"2025-06-24T01:50:09","slug":"bnreo-maxi-star-su-aritmali-sebil","status":"publish","type":"product","link":"https:\/\/bnreo.com.tr\/de\/product\/bnreo-maxi-star-su-aritmali-sebil\/","title":{"rendered":"Bnreo Maxi Star Wasserreinigungsspender"},"content":{"rendered":"<p>Insbesondere an Ihrem Arbeitsplatz wird sich die Beseitigung der Kosten und Schwierigkeiten, die mit der Verwendung von Korbflaschen verbunden sind, positiv auf Ihr Budget auswirken und Ihre Gesch\u00e4ftsverluste verringern.<\/p>\n<p>Dank des Bnreo Maxi Star Purified Cold Water Dispenser genie\u00dfen Sie den Komfort, immer Zugang zu gesundem Wasser zu haben und schonen gleichzeitig Ihr Budget.<\/p>\n<p><strong>Technische Spezifikationen<\/strong><br \/>\nProduktionskapazit\u00e4t: 1000 l\/Tag<br \/>\n10\u2033 transparentes Geh\u00e4use (Doppel-O-Ring)<br \/>\n10\u2033 wei\u00dfes mattes Geh\u00e4use (Doppel-O-Ring)<br \/>\n10\u2033 5 Mikron Spinnfilter (Sediment)<br \/>\n10\u2033 GAC-Kohlepatronenfilter<br \/>\n10\u2033 Block-Kohlekartuschenfilter<br \/>\n10\u2033 Inline-Kokosnuss-Post-Kohlefilter<br \/>\n300 GPD-Membran<br \/>\nHF-45 Pumpe<br \/>\n36 Volt 2 Ampere Adapter<br \/>\nManometer (10 Bar)<\/p>\n<p><strong>KAPAZIT\u00c4T<\/strong><br \/>\nKaltwassertank: 48 Lt.<br \/>\nK\u00fchler: 7,2 \u00b0C -2180 btu\/h 639 Watt<br \/>\nK\u00fchlstrom: t=15\u00b0C \u2013 37 Lt\/h<br \/>\n<strong>K\u00dcHLUNG<\/strong><br \/>\nK\u00fchlgas: R134a<br \/>\nK\u00fchlwerte: Kalt 5\u00b0C \u2013 9\u00b0C \/ Hei\u00df 15\u00b0C<br \/>\nK\u00fchlsteuerung: Thermostat<br \/>\nIsolierung: Polyurethan<\/p>","protected":false},"excerpt":{"rendered":"<p>Der Wegfall der Kosten und des Aufwands f\u00fcr die Verwendung von Korbflaschen, insbesondere an Ihrem Arbeitsplatz, wirkt sich positiv auf Ihr Budget und Ihre Gesch\u00e4ftsverluste aus. Bnreo Maxi Star<\/p>","protected":false},"featured_media":28156,"comment_status":"open","ping_status":"closed","template":"","meta":[],"product_brand":[],"product_cat":[81,36],"product_tag":[],"class_list":{"0":"post-28155","1":"product","2":"type-product","3":"status-publish","4":"has-post-thumbnail","6":"product_cat-cihazlar-urunler","7":"product_cat-is-yeri-su-aritma-cihazlari","9":"first","10":"instock","11":"shipping-taxable","12":"purchasable","13":"product-type-simple"},"yoast_head":"<!-- This site is optimized with the Yoast SEO plugin v25.3.1 - https:\/\/yoast.com\/wordpress\/plugins\/seo\/ -->\n<title>Bnreo Maxi Star Su Ar\u0131tmal\u0131 Sebil - Bnreo | Su Ar\u0131tma Cihazlar\u0131<\/title>\n<meta name=\"robots\" content=\"index, follow, max-snippet:-1, max-image-preview:large, max-video-preview:-1\" \/>\n<link rel=\"canonical\" href=\"https:\/\/bnreo.com.tr\/de\/product\/bnreo-maxi-star-su-aritmali-sebil\/\" \/>\n<meta property=\"og:locale\" content=\"de_DE\" \/>\n<meta property=\"og:type\" content=\"article\" \/>\n<meta property=\"og:title\" content=\"Bnreo Maxi Star Su Ar\u0131tmal\u0131 Sebil - Bnreo | Su Ar\u0131tma Cihazlar\u0131\" \/>\n<meta property=\"og:description\" content=\"\u00d6zellikle i\u015f yerlerinizde damacanan\u0131n maliyetini ve zorluklar\u0131n\u0131 ortadan kald\u0131rmak hem b\u00fct\u00e7enize hemde i\u015f kayb\u0131n\u0131za olumlu sonu\u00e7 sa\u011flar. Bnreo Maxi Star\" \/>\n<meta property=\"og:url\" content=\"https:\/\/bnreo.com.tr\/de\/product\/bnreo-maxi-star-su-aritmali-sebil\/\" \/>\n<meta property=\"og:site_name\" content=\"Bnreo | Su Ar\u0131tma Cihazlar\u0131\" \/>\n<meta property=\"article:modified_time\" content=\"2025-06-24T01:50:09+00:00\" \/>\n<meta property=\"og:image\" content=\"https:\/\/bnreo.com.tr\/wp-content\/uploads\/2025\/06\/ergin_teknik-bnreo-maxi-star-su-aritmali-sebil-01-600x450-1.jpg\" \/>\n\t<meta property=\"og:image:width\" content=\"600\" \/>\n\t<meta property=\"og:image:height\" content=\"450\" \/>\n\t<meta property=\"og:image:type\" content=\"image\/jpeg\" \/>\n<meta name=\"twitter:card\" content=\"summary_large_image\" \/>\n<meta name=\"twitter:label1\" content=\"Gesch\u00e4tzte Lesezeit\" \/>\n\t<meta name=\"twitter:data1\" content=\"1\u00a0Minute\" \/>\n<script type=\"application\/ld+json\" class=\"yoast-schema-graph\">{\"@context\":\"https:\/\/schema.org\",\"@graph\":[{\"@type\":\"WebPage\",\"@id\":\"https:\/\/bnreo.com.tr\/product\/bnreo-maxi-star-su-aritmali-sebil\/\",\"url\":\"https:\/\/bnreo.com.tr\/product\/bnreo-maxi-star-su-aritmali-sebil\/\",\"name\":\"Bnreo Maxi Star Su Ar\u0131tmal\u0131 Sebil - Bnreo | Su Ar\u0131tma Cihazlar\u0131\",\"isPartOf\":{\"@id\":\"https:\/\/bnreo.com.tr\/#website\"},\"primaryImageOfPage\":{\"@id\":\"https:\/\/bnreo.com.tr\/product\/bnreo-maxi-star-su-aritmali-sebil\/#primaryimage\"},\"image\":{\"@id\":\"https:\/\/bnreo.com.tr\/product\/bnreo-maxi-star-su-aritmali-sebil\/#primaryimage\"},\"thumbnailUrl\":\"https:\/\/bnreo.com.tr\/wp-content\/uploads\/2025\/06\/ergin_teknik-bnreo-maxi-star-su-aritmali-sebil-01-600x450-1.jpg\",\"datePublished\":\"2025-06-24T01:49:14+00:00\",\"dateModified\":\"2025-06-24T01:50:09+00:00\",\"breadcrumb\":{\"@id\":\"https:\/\/bnreo.com.tr\/product\/bnreo-maxi-star-su-aritmali-sebil\/#breadcrumb\"},\"inLanguage\":\"de\",\"potentialAction\":[{\"@type\":\"ReadAction\",\"target\":[\"https:\/\/bnreo.com.tr\/product\/bnreo-maxi-star-su-aritmali-sebil\/\"]}]},{\"@type\":\"ImageObject\",\"inLanguage\":\"de\",\"@id\":\"https:\/\/bnreo.com.tr\/product\/bnreo-maxi-star-su-aritmali-sebil\/#primaryimage\",\"url\":\"https:\/\/bnreo.com.tr\/wp-content\/uploads\/2025\/06\/ergin_teknik-bnreo-maxi-star-su-aritmali-sebil-01-600x450-1.jpg\",\"contentUrl\":\"https:\/\/bnreo.com.tr\/wp-content\/uploads\/2025\/06\/ergin_teknik-bnreo-maxi-star-su-aritmali-sebil-01-600x450-1.jpg\",\"width\":600,\"height\":450},{\"@type\":\"BreadcrumbList\",\"@id\":\"https:\/\/bnreo.com.tr\/product\/bnreo-maxi-star-su-aritmali-sebil\/#breadcrumb\",\"itemListElement\":[{\"@type\":\"ListItem\",\"position\":1,\"name\":\"Anasayfa\",\"item\":\"https:\/\/bnreo.com.tr\/\"},{\"@type\":\"ListItem\",\"position\":2,\"name\":\"Ma\u011faza\",\"item\":\"https:\/\/bnreo.com.tr\/magaza\/\"},{\"@type\":\"ListItem\",\"position\":3,\"name\":\"Bnreo Maxi Star Su Ar\u0131tmal\u0131 Sebil\"}]},{\"@type\":\"WebSite\",\"@id\":\"https:\/\/bnreo.com.tr\/#website\",\"url\":\"https:\/\/bnreo.com.tr\/\",\"name\":\"Bnreo | Su Ar\u0131tma Cihazlar\u0131\",\"description\":\"Bnreo | Su Ar\u0131tma Cihazlar\u0131\",\"potentialAction\":[{\"@type\":\"SearchAction\",\"target\":{\"@type\":\"EntryPoint\",\"urlTemplate\":\"https:\/\/bnreo.com.tr\/?s={search_term_string}\"},\"query-input\":{\"@type\":\"PropertyValueSpecification\",\"valueRequired\":true,\"valueName\":\"search_term_string\"}}],\"inLanguage\":\"de\"}]}<\/script>\n<!-- \/ Yoast SEO plugin. -->","yoast_head_json":{"title":"Bnreo Maxi Star Su Ar\u0131tmal\u0131 Sebil - Bnreo | Su Ar\u0131tma Cihazlar\u0131","robots":{"index":"index","follow":"follow","max-snippet":"max-snippet:-1","max-image-preview":"max-image-preview:large","max-video-preview":"max-video-preview:-1"},"canonical":"https:\/\/bnreo.com.tr\/de\/product\/bnreo-maxi-star-su-aritmali-sebil\/","og_locale":"de_DE","og_type":"article","og_title":"Bnreo Maxi Star Su Ar\u0131tmal\u0131 Sebil - Bnreo | Su Ar\u0131tma Cihazlar\u0131","og_description":"\u00d6zellikle i\u015f yerlerinizde damacanan\u0131n maliyetini ve zorluklar\u0131n\u0131 ortadan kald\u0131rmak hem b\u00fct\u00e7enize hemde i\u015f kayb\u0131n\u0131za olumlu sonu\u00e7 sa\u011flar. Bnreo Maxi Star","og_url":"https:\/\/bnreo.com.tr\/de\/product\/bnreo-maxi-star-su-aritmali-sebil\/","og_site_name":"Bnreo | Su Ar\u0131tma Cihazlar\u0131","article_modified_time":"2025-06-24T01:50:09+00:00","og_image":[{"width":600,"height":450,"url":"https:\/\/bnreo.com.tr\/wp-content\/uploads\/2025\/06\/ergin_teknik-bnreo-maxi-star-su-aritmali-sebil-01-600x450-1.jpg","type":"image\/jpeg"}],"twitter_card":"summary_large_image","twitter_misc":{"Gesch\u00e4tzte Lesezeit":"1\u00a0Minute"},"schema":{"@context":"https:\/\/schema.org","@graph":[{"@type":"WebPage","@id":"https:\/\/bnreo.com.tr\/product\/bnreo-maxi-star-su-aritmali-sebil\/","url":"https:\/\/bnreo.com.tr\/product\/bnreo-maxi-star-su-aritmali-sebil\/","name":"Bnreo Maxi Star Su Ar\u0131tmal\u0131 Sebil - Bnreo | Su Ar\u0131tma Cihazlar\u0131","isPartOf":{"@id":"https:\/\/bnreo.com.tr\/#website"},"primaryImageOfPage":{"@id":"https:\/\/bnreo.com.tr\/product\/bnreo-maxi-star-su-aritmali-sebil\/#primaryimage"},"image":{"@id":"https:\/\/bnreo.com.tr\/product\/bnreo-maxi-star-su-aritmali-sebil\/#primaryimage"},"thumbnailUrl":"https:\/\/bnreo.com.tr\/wp-content\/uploads\/2025\/06\/ergin_teknik-bnreo-maxi-star-su-aritmali-sebil-01-600x450-1.jpg","datePublished":"2025-06-24T01:49:14+00:00","dateModified":"2025-06-24T01:50:09+00:00","breadcrumb":{"@id":"https:\/\/bnreo.com.tr\/product\/bnreo-maxi-star-su-aritmali-sebil\/#breadcrumb"},"inLanguage":"de","potentialAction":[{"@type":"ReadAction","target":["https:\/\/bnreo.com.tr\/product\/bnreo-maxi-star-su-aritmali-sebil\/"]}]},{"@type":"ImageObject","inLanguage":"de","@id":"https:\/\/bnreo.com.tr\/product\/bnreo-maxi-star-su-aritmali-sebil\/#primaryimage","url":"https:\/\/bnreo.com.tr\/wp-content\/uploads\/2025\/06\/ergin_teknik-bnreo-maxi-star-su-aritmali-sebil-01-600x450-1.jpg","contentUrl":"https:\/\/bnreo.com.tr\/wp-content\/uploads\/2025\/06\/ergin_teknik-bnreo-maxi-star-su-aritmali-sebil-01-600x450-1.jpg","width":600,"height":450},{"@type":"BreadcrumbList","@id":"https:\/\/bnreo.com.tr\/product\/bnreo-maxi-star-su-aritmali-sebil\/#breadcrumb","itemListElement":[{"@type":"ListItem","position":1,"name":"Anasayfa","item":"https:\/\/bnreo.com.tr\/"},{"@type":"ListItem","position":2,"name":"Ma\u011faza","item":"https:\/\/bnreo.com.tr\/magaza\/"},{"@type":"ListItem","position":3,"name":"Bnreo Maxi Star Su Ar\u0131tmal\u0131 Sebil"}]},{"@type":"WebSite","@id":"https:\/\/bnreo.com.tr\/#website","url":"https:\/\/bnreo.com.tr\/","name":"Bnreo | Su Ar\u0131tma Cihazlar\u0131","description":"Bnreo | Su Ar\u0131tma Cihazlar\u0131","potentialAction":[{"@type":"SearchAction","target":{"@type":"EntryPoint","urlTemplate":"https:\/\/bnreo.com.tr\/?s={search_term_string}"},"query-input":{"@type":"PropertyValueSpecification","valueRequired":true,"valueName":"search_term_string"}}],"inLanguage":"de"}]}},"_links":{"self":[{"href":"https:\/\/bnreo.com.tr\/de\/wp-json\/wp\/v2\/product\/28155","targetHints":{"allow":["GET"]}}],"collection":[{"href":"https:\/\/bnreo.com.tr\/de\/wp-json\/wp\/v2\/product"}],"about":[{"href":"https:\/\/bnreo.com.tr\/de\/wp-json\/wp\/v2\/types\/product"}],"replies":[{"embeddable":true,"href":"https:\/\/bnreo.com.tr\/de\/wp-json\/wp\/v2\/comments?post=28155"}],"version-history":[{"count":1,"href":"https:\/\/bnreo.com.tr\/de\/wp-json\/wp\/v2\/product\/28155\/revisions"}],"predecessor-version":[{"id":28157,"href":"https:\/\/bnreo.com.tr\/de\/wp-json\/wp\/v2\/product\/28155\/revisions\/28157"}],"wp:featuredmedia":[{"embeddable":true,"href":"https:\/\/bnreo.com.tr\/de\/wp-json\/wp\/v2\/media\/28156"}],"wp:attachment":[{"href":"https:\/\/bnreo.com.tr\/de\/wp-json\/wp\/v2\/media?parent=28155"}],"wp:term":[{"taxonomy":"product_brand","embeddable":true,"href":"https:\/\/bnreo.com.tr\/de\/wp-json\/wp\/v2\/product_brand?post=28155"},{"taxonomy":"product_cat","embeddable":true,"href":"https:\/\/bnreo.com.tr\/de\/wp-json\/wp\/v2\/product_cat?post=28155"},{"taxonomy":"product_tag","embeddable":true,"href":"https:\/\/bnreo.com.tr\/de\/wp-json\/wp\/v2\/product_tag?post=28155"}],"curies":[{"name":"wp","href":"https:\/\/api.w.org\/{rel}","templated":true}]}}