{"id":28152,"date":"2025-06-24T04:47:25","date_gmt":"2025-06-24T01:47:25","guid":{"rendered":"https:\/\/bnreo.com.tr\/?post_type=product&#038;p=28152"},"modified":"2025-06-24T04:47:25","modified_gmt":"2025-06-24T01:47:25","slug":"vertex","status":"publish","type":"product","link":"https:\/\/bnreo.com.tr\/de\/product\/vertex\/","title":{"rendered":"Scheitel"},"content":{"rendered":"<h2 data-start=\"160\" data-end=\"205\">\ud83c\udf3f ECO VERTEX-Serie \u2013 Standardfunktionen<\/h2>\n<ul data-start=\"207\" data-end=\"1658\">\n<li data-start=\"207\" data-end=\"298\">\n<p data-start=\"209\" data-end=\"298\"><strong data-start=\"209\" data-end=\"236\">%96 Safla\u015ft\u0131rma Verimi:<\/strong> Dank seiner hocheffizienten Membranen sorgt es f\u00fcr eine effektive Wasserreinigung.<\/p>\n<\/li>\n<li data-start=\"299\" data-end=\"393\">\n<p data-start=\"301\" data-end=\"393\"><strong data-start=\"301\" data-end=\"323\">Lackiertes Stahlchassis:<\/strong> Es bietet durch seine robuste und langlebige Struktur Schutz vor \u00e4u\u00dferen Einfl\u00fcssen.<\/p>\n<\/li>\n<li data-start=\"394\" data-end=\"495\">\n<p data-start=\"396\" data-end=\"495\"><strong data-start=\"396\" data-end=\"445\">Abfall- und Membraneinlass-U-PVC-Zonder-Rohrleitung:<\/strong> Korrosionsbest\u00e4ndiges und hygienisches Rohrleitungssystem.<\/p>\n<\/li>\n<li data-start=\"496\" data-end=\"587\">\n<p data-start=\"498\" data-end=\"587\"><strong data-start=\"498\" data-end=\"529\">300 PSI FRP-Membranabdeckung:<\/strong> Hochdruckbest\u00e4ndige Membranabdeckung in Verbundstruktur.<\/p>\n<\/li>\n<li data-start=\"588\" data-end=\"677\">\n<p data-start=\"590\" data-end=\"677\"><strong data-start=\"590\" data-end=\"607\">4040 Membran:<\/strong> Hochleistungsf\u00e4hige Umkehrosmosemembran f\u00fcr den industriellen Einsatz.<\/p>\n<\/li>\n<li data-start=\"678\" data-end=\"779\">\n<p data-start=\"680\" data-end=\"779\"><strong data-start=\"680\" data-end=\"709\">Niederdruckschalter:<\/strong> Bietet Niederdruckkontrolle zum Schutz der Pumpe und zur Systemsicherheit.<\/p>\n<\/li>\n<li data-start=\"780\" data-end=\"872\">\n<p data-start=\"782\" data-end=\"872\"><strong data-start=\"782\" data-end=\"813\">TDS-Messger\u00e4t vom Paneltyp:<\/strong> Misst und \u00fcberwacht die Produktwasserqualit\u00e4t in Echtzeit.<\/p>\n<\/li>\n<li data-start=\"873\" data-end=\"952\">\n<p data-start=\"875\" data-end=\"952\"><strong data-start=\"875\" data-end=\"912\">Eingang Elektrisches Stellventil:<\/strong> Einlassventil zur automatischen Steuerung.<\/p>\n<\/li>\n<li data-start=\"953\" data-end=\"1055\">\n<p data-start=\"955\" data-end=\"1055\"><strong data-start=\"955\" data-end=\"992\">Durchflussmesser f\u00fcr Abwasser und Produktwasser:<\/strong> Es erm\u00f6glicht eine Effizienzkontrolle durch Messung der Eingangs- und Ausgangsdurchflussraten des Systems.<\/p>\n<\/li>\n<li data-start=\"1056\" data-end=\"1118\">\n<p data-start=\"1058\" data-end=\"1118\"><strong data-start=\"1058\" data-end=\"1077\">Rotoflow-Pumpe:<\/strong> Leise und hocheffiziente Druckpumpe.<\/p>\n<\/li>\n<li data-start=\"1119\" data-end=\"1210\">\n<p data-start=\"1121\" data-end=\"1210\"><strong data-start=\"1121\" data-end=\"1159\">SS 316 Nadel-Abwasser-Einstellventil:<\/strong> Es besteht aus Edelstahl und erm\u00f6glicht eine pr\u00e4zise Durchflusseinstellung.<\/p>\n<\/li>\n<li data-start=\"1211\" data-end=\"1301\">\n<p data-start=\"1213\" data-end=\"1301\"><strong data-start=\"1213\" data-end=\"1238\">Glycerinmanometer:<\/strong> Konzipiert f\u00fcr vibrationsfeste, pr\u00e4zise Druckmessung.<\/p>\n<\/li>\n<li data-start=\"1302\" data-end=\"1394\">\n<p data-start=\"1304\" data-end=\"1394\"><strong data-start=\"1304\" data-end=\"1340\">Statuskontroll- und Warnleuchten:<\/strong> Bietet dem Benutzer sofortige Informationen zum Systemstatus.<\/p>\n<\/li>\n<li data-start=\"1395\" data-end=\"1476\">\n<p data-start=\"1397\" data-end=\"1476\"><strong data-start=\"1397\" data-end=\"1433\">Produkt Wassertank-F\u00fcllstandsschwimmer:<\/strong> Bietet Automatisierung mit Wasserstandsregelung.<\/p>\n<\/li>\n<li data-start=\"1477\" data-end=\"1553\">\n<p data-start=\"1479\" data-end=\"1553\"><strong data-start=\"1479\" data-end=\"1509\">Dosierpumpe (optional):<\/strong> Kann zur Chemikaliendosierung integriert werden.<\/p>\n<\/li>\n<li data-start=\"1554\" data-end=\"1658\">\n<p data-start=\"1556\" data-end=\"1658\"><strong data-start=\"1556\" data-end=\"1592\">Automatische Sp\u00fclung:<\/strong> Erm\u00f6glicht eine automatische Sp\u00fclung des Systems, um die Lebensdauer der Membran zu verl\u00e4ngern.<\/p>\n<\/li>\n<\/ul>","protected":false},"excerpt":{"rendered":"<p>\ud83c\udf3f ECO VERTEX Serisi \u2013 Standart \u00d6zellikler %96 Safla\u015ft\u0131rma Verimi: Y\u00fcksek verimli membranlar sayesinde etkili su ar\u0131t\u0131m\u0131 sa\u011flar. Boyal\u0131 \u00c7elik<\/p>","protected":false},"featured_media":28153,"comment_status":"open","ping_status":"closed","template":"","meta":[],"product_brand":[],"product_cat":[81,37],"product_tag":[],"class_list":{"0":"post-28152","1":"product","2":"type-product","3":"status-publish","4":"has-post-thumbnail","6":"product_cat-cihazlar-urunler","7":"product_cat-endustriyel-su-aritma-sistemleri","9":"first","10":"instock","11":"shipping-taxable","12":"purchasable","13":"product-type-simple"},"yoast_head":"<!-- This site is optimized with the Yoast SEO plugin v25.3.1 - https:\/\/yoast.com\/wordpress\/plugins\/seo\/ -->\n<title>Vertex - Bnreo | Su Ar\u0131tma Cihazlar\u0131<\/title>\n<meta name=\"robots\" content=\"index, follow, max-snippet:-1, max-image-preview:large, max-video-preview:-1\" \/>\n<link rel=\"canonical\" href=\"https:\/\/bnreo.com.tr\/de\/product\/vertex\/\" \/>\n<meta property=\"og:locale\" content=\"de_DE\" \/>\n<meta property=\"og:type\" content=\"article\" \/>\n<meta property=\"og:title\" content=\"Vertex - Bnreo | Su Ar\u0131tma Cihazlar\u0131\" \/>\n<meta property=\"og:description\" content=\"\ud83c\udf3f ECO VERTEX Serisi \u2013 Standart \u00d6zellikler %96 Safla\u015ft\u0131rma Verimi: Y\u00fcksek verimli membranlar sayesinde etkili su ar\u0131t\u0131m\u0131 sa\u011flar. Boyal\u0131 \u00c7elik\" \/>\n<meta property=\"og:url\" content=\"https:\/\/bnreo.com.tr\/de\/product\/vertex\/\" \/>\n<meta property=\"og:site_name\" content=\"Bnreo | Su Ar\u0131tma Cihazlar\u0131\" \/>\n<meta property=\"og:image\" content=\"https:\/\/bnreo.com.tr\/wp-content\/uploads\/2025\/06\/ergin_teknik-vertex-01-600x450-1.jpg\" \/>\n\t<meta property=\"og:image:width\" content=\"600\" \/>\n\t<meta property=\"og:image:height\" content=\"450\" \/>\n\t<meta property=\"og:image:type\" content=\"image\/jpeg\" \/>\n<meta name=\"twitter:card\" content=\"summary_large_image\" \/>\n<meta name=\"twitter:label1\" content=\"Gesch\u00e4tzte Lesezeit\" \/>\n\t<meta name=\"twitter:data1\" content=\"1\u00a0Minute\" \/>\n<script type=\"application\/ld+json\" class=\"yoast-schema-graph\">{\"@context\":\"https:\/\/schema.org\",\"@graph\":[{\"@type\":\"WebPage\",\"@id\":\"https:\/\/bnreo.com.tr\/product\/vertex\/\",\"url\":\"https:\/\/bnreo.com.tr\/product\/vertex\/\",\"name\":\"Vertex - Bnreo | Su Ar\u0131tma Cihazlar\u0131\",\"isPartOf\":{\"@id\":\"https:\/\/bnreo.com.tr\/#website\"},\"primaryImageOfPage\":{\"@id\":\"https:\/\/bnreo.com.tr\/product\/vertex\/#primaryimage\"},\"image\":{\"@id\":\"https:\/\/bnreo.com.tr\/product\/vertex\/#primaryimage\"},\"thumbnailUrl\":\"https:\/\/bnreo.com.tr\/wp-content\/uploads\/2025\/06\/ergin_teknik-vertex-01-600x450-1.jpg\",\"datePublished\":\"2025-06-24T01:47:25+00:00\",\"breadcrumb\":{\"@id\":\"https:\/\/bnreo.com.tr\/product\/vertex\/#breadcrumb\"},\"inLanguage\":\"de\",\"potentialAction\":[{\"@type\":\"ReadAction\",\"target\":[\"https:\/\/bnreo.com.tr\/product\/vertex\/\"]}]},{\"@type\":\"ImageObject\",\"inLanguage\":\"de\",\"@id\":\"https:\/\/bnreo.com.tr\/product\/vertex\/#primaryimage\",\"url\":\"https:\/\/bnreo.com.tr\/wp-content\/uploads\/2025\/06\/ergin_teknik-vertex-01-600x450-1.jpg\",\"contentUrl\":\"https:\/\/bnreo.com.tr\/wp-content\/uploads\/2025\/06\/ergin_teknik-vertex-01-600x450-1.jpg\",\"width\":600,\"height\":450},{\"@type\":\"BreadcrumbList\",\"@id\":\"https:\/\/bnreo.com.tr\/product\/vertex\/#breadcrumb\",\"itemListElement\":[{\"@type\":\"ListItem\",\"position\":1,\"name\":\"Anasayfa\",\"item\":\"https:\/\/bnreo.com.tr\/\"},{\"@type\":\"ListItem\",\"position\":2,\"name\":\"Ma\u011faza\",\"item\":\"https:\/\/bnreo.com.tr\/magaza\/\"},{\"@type\":\"ListItem\",\"position\":3,\"name\":\"Vertex\"}]},{\"@type\":\"WebSite\",\"@id\":\"https:\/\/bnreo.com.tr\/#website\",\"url\":\"https:\/\/bnreo.com.tr\/\",\"name\":\"Bnreo | Su Ar\u0131tma Cihazlar\u0131\",\"description\":\"Bnreo | Su Ar\u0131tma Cihazlar\u0131\",\"potentialAction\":[{\"@type\":\"SearchAction\",\"target\":{\"@type\":\"EntryPoint\",\"urlTemplate\":\"https:\/\/bnreo.com.tr\/?s={search_term_string}\"},\"query-input\":{\"@type\":\"PropertyValueSpecification\",\"valueRequired\":true,\"valueName\":\"search_term_string\"}}],\"inLanguage\":\"de\"}]}<\/script>\n<!-- \/ Yoast SEO plugin. -->","yoast_head_json":{"title":"Vertex - Bnreo | Su Ar\u0131tma Cihazlar\u0131","robots":{"index":"index","follow":"follow","max-snippet":"max-snippet:-1","max-image-preview":"max-image-preview:large","max-video-preview":"max-video-preview:-1"},"canonical":"https:\/\/bnreo.com.tr\/de\/product\/vertex\/","og_locale":"de_DE","og_type":"article","og_title":"Vertex - Bnreo | Su Ar\u0131tma Cihazlar\u0131","og_description":"\ud83c\udf3f ECO VERTEX Serisi \u2013 Standart \u00d6zellikler %96 Safla\u015ft\u0131rma Verimi: Y\u00fcksek verimli membranlar sayesinde etkili su ar\u0131t\u0131m\u0131 sa\u011flar. Boyal\u0131 \u00c7elik","og_url":"https:\/\/bnreo.com.tr\/de\/product\/vertex\/","og_site_name":"Bnreo | Su Ar\u0131tma Cihazlar\u0131","og_image":[{"width":600,"height":450,"url":"https:\/\/bnreo.com.tr\/wp-content\/uploads\/2025\/06\/ergin_teknik-vertex-01-600x450-1.jpg","type":"image\/jpeg"}],"twitter_card":"summary_large_image","twitter_misc":{"Gesch\u00e4tzte Lesezeit":"1\u00a0Minute"},"schema":{"@context":"https:\/\/schema.org","@graph":[{"@type":"WebPage","@id":"https:\/\/bnreo.com.tr\/product\/vertex\/","url":"https:\/\/bnreo.com.tr\/product\/vertex\/","name":"Vertex - Bnreo | Su Ar\u0131tma Cihazlar\u0131","isPartOf":{"@id":"https:\/\/bnreo.com.tr\/#website"},"primaryImageOfPage":{"@id":"https:\/\/bnreo.com.tr\/product\/vertex\/#primaryimage"},"image":{"@id":"https:\/\/bnreo.com.tr\/product\/vertex\/#primaryimage"},"thumbnailUrl":"https:\/\/bnreo.com.tr\/wp-content\/uploads\/2025\/06\/ergin_teknik-vertex-01-600x450-1.jpg","datePublished":"2025-06-24T01:47:25+00:00","breadcrumb":{"@id":"https:\/\/bnreo.com.tr\/product\/vertex\/#breadcrumb"},"inLanguage":"de","potentialAction":[{"@type":"ReadAction","target":["https:\/\/bnreo.com.tr\/product\/vertex\/"]}]},{"@type":"ImageObject","inLanguage":"de","@id":"https:\/\/bnreo.com.tr\/product\/vertex\/#primaryimage","url":"https:\/\/bnreo.com.tr\/wp-content\/uploads\/2025\/06\/ergin_teknik-vertex-01-600x450-1.jpg","contentUrl":"https:\/\/bnreo.com.tr\/wp-content\/uploads\/2025\/06\/ergin_teknik-vertex-01-600x450-1.jpg","width":600,"height":450},{"@type":"BreadcrumbList","@id":"https:\/\/bnreo.com.tr\/product\/vertex\/#breadcrumb","itemListElement":[{"@type":"ListItem","position":1,"name":"Anasayfa","item":"https:\/\/bnreo.com.tr\/"},{"@type":"ListItem","position":2,"name":"Ma\u011faza","item":"https:\/\/bnreo.com.tr\/magaza\/"},{"@type":"ListItem","position":3,"name":"Vertex"}]},{"@type":"WebSite","@id":"https:\/\/bnreo.com.tr\/#website","url":"https:\/\/bnreo.com.tr\/","name":"Bnreo | Su Ar\u0131tma Cihazlar\u0131","description":"Bnreo | Su Ar\u0131tma Cihazlar\u0131","potentialAction":[{"@type":"SearchAction","target":{"@type":"EntryPoint","urlTemplate":"https:\/\/bnreo.com.tr\/?s={search_term_string}"},"query-input":{"@type":"PropertyValueSpecification","valueRequired":true,"valueName":"search_term_string"}}],"inLanguage":"de"}]}},"_links":{"self":[{"href":"https:\/\/bnreo.com.tr\/de\/wp-json\/wp\/v2\/product\/28152","targetHints":{"allow":["GET"]}}],"collection":[{"href":"https:\/\/bnreo.com.tr\/de\/wp-json\/wp\/v2\/product"}],"about":[{"href":"https:\/\/bnreo.com.tr\/de\/wp-json\/wp\/v2\/types\/product"}],"replies":[{"embeddable":true,"href":"https:\/\/bnreo.com.tr\/de\/wp-json\/wp\/v2\/comments?post=28152"}],"version-history":[{"count":1,"href":"https:\/\/bnreo.com.tr\/de\/wp-json\/wp\/v2\/product\/28152\/revisions"}],"predecessor-version":[{"id":28154,"href":"https:\/\/bnreo.com.tr\/de\/wp-json\/wp\/v2\/product\/28152\/revisions\/28154"}],"wp:featuredmedia":[{"embeddable":true,"href":"https:\/\/bnreo.com.tr\/de\/wp-json\/wp\/v2\/media\/28153"}],"wp:attachment":[{"href":"https:\/\/bnreo.com.tr\/de\/wp-json\/wp\/v2\/media?parent=28152"}],"wp:term":[{"taxonomy":"product_brand","embeddable":true,"href":"https:\/\/bnreo.com.tr\/de\/wp-json\/wp\/v2\/product_brand?post=28152"},{"taxonomy":"product_cat","embeddable":true,"href":"https:\/\/bnreo.com.tr\/de\/wp-json\/wp\/v2\/product_cat?post=28152"},{"taxonomy":"product_tag","embeddable":true,"href":"https:\/\/bnreo.com.tr\/de\/wp-json\/wp\/v2\/product_tag?post=28152"}],"curies":[{"name":"wp","href":"https:\/\/api.w.org\/{rel}","templated":true}]}}