{"id":28140,"date":"2025-06-24T04:44:42","date_gmt":"2025-06-24T01:44:42","guid":{"rendered":"https:\/\/bnreo.com.tr\/?post_type=product&#038;p=28140"},"modified":"2025-06-24T04:48:01","modified_gmt":"2025-06-24T01:48:01","slug":"ozon-dezenfeksiyon-sistemi","status":"publish","type":"product","link":"https:\/\/bnreo.com.tr\/de\/product\/ozon-dezenfeksiyon-sistemi\/","title":{"rendered":"Ozon-Desinfektionssystem"},"content":{"rendered":"<p>Fragen zu Bnreo Ozone und dem Generator, der es erzeugt, geh\u00f6ren zu den am h\u00e4ufigsten gestellten Fragen an unser Unternehmen. Die Produktion von Ger\u00e4ten zur Ozonerzeugung verbreitet sich in der T\u00fcrkei immer mehr. Bnreo Ozone Systems hat Ozonsysteme entwickelt, um die vielen Vorteile von Ozon zu nutzen. Ein Ozonger\u00e4t ist ein Ger\u00e4tetyp, der die Chemikalie Ozon erzeugt. Dieses Ger\u00e4t kombiniert drei Sauerstoffatome zur chemischen Verbindung Ozon (O3). Kurz gesagt ist Ozon eine sehr energiereiche Form von normalem atmosph\u00e4rischem Sauerstoff (O2), der zweiatomig ist. Ozon ist bei Raumtemperatur ein farbloses Gas mit einem charakteristischen Geruch. Nach einem Sturm k\u00f6nnen Sie in gro\u00dfen H\u00f6hen oder am Meer Ozon riechen. Es wurde 1840 vom deutschen Chemiker Christian Friedrich Sch\u00f6nbein entdeckt.<\/p>\n<p>Die Verwendung und Produktion von Ozon nimmt in der T\u00fcrkei immer mehr zu. Dies liegt an den starken oxidierenden und desinfizierenden Eigenschaften von Ozon, die es weltweit in Trinkwasseraufbereitungsanlagen beliebt machen. Dar\u00fcber hinaus ist Ozon, ein aktiver Sauerstoff, das wirksamste bekannte Mittel zur Keimbek\u00e4mpfung und Geruchsneutralisierung. Ozon, das durch die ultravioletten Strahlen der Sonne und die durch Blitze erzeugten Lichtb\u00f6gen entsteht, bildet einen Schutzschild um die Erde und sch\u00fctzt Lebewesen vor der Sonneneinstrahlung. Genau deshalb wird Ozon in der T\u00fcrkei immer h\u00e4ufiger eingesetzt.<\/p>\n<p>Durch Blitzeinschl\u00e4ge gebildetes Ozon reinigt die Luft. Dieses Frischluftgef\u00fchl, insbesondere in gro\u00dfen H\u00f6hen und in Meeresn\u00e4he, wird durch das durch Blitzeinschl\u00e4ge erzeugte Ozon erzeugt. Ozon (O3) ist ein farbloses, stechend riechendes Gas, das durch die Anlagerung eines Sauerstoffatoms (O) an ein Sauerstoffmolek\u00fcl (O2) entsteht. O2+O1=O3. Es ist eine hochenergetische, aktive Form von Sauerstoff. Es ist eines der wichtigsten Gase in der Atmosph\u00e4re und tr\u00e4gt zum Erhalt des biologischen Gleichgewichts auf der Erde bei. Es blockiert sch\u00e4dliche Strahlen. Entgegen der landl\u00e4ufigen Meinung ist es kein Gas, das unsere Luft \u201everschmutzt\u201c. Es macht Leben auf der Erde m\u00f6glich.<\/p>\n<p>Bnreo Ozonsysteme haben Ozonsysteme entwickelt, um die vielen Vorteile von Ozon zu nutzen. Gesundheit und Heilung sind ohne Sauerstoff nicht m\u00f6glich. Ein Mensch kann 1-2 Monate ohne Nahrung, 1-2 Wochen ohne Wasser, aber nur 5 Minuten ohne Sauerstoff \u00fcberleben.<br \/>\nOksijen en temel gereksinimimizdir. Bir\u00e7ok hastal\u0131k, ihtiya\u00e7 olan doku ve organlara yeniden yeterli oksijen sa\u011flanmas\u0131yla \u00f6nlenebilir veya tamamen iyile\u015ftirilebilir. G\u00fcn\u00fcm\u00fcz\u00fcn d\u00fcnyas\u0131nda, sadece nefes almak, art\u0131k v\u00fccudumuza yeterli oksijeni sa\u011flam\u0131yor. V\u00fccudumuz s\u00fcrekli olarak, havam\u0131zdaki, suyumuzdaki ve yiyeceklerdeki toksinler taraf\u0131ndan kirletiliyor. \u015eehirlerimizdeki oksijen miktar\u0131 %21 in \u00e7ok alt\u0131nda ve d\u00fc\u015fmeye devam ediyor. Sigara kullan\u0131m\u0131, stres, hareketsiz ya\u015fam, sa\u011fl\u0131ks\u0131z beslenme gibi durumlar da eklenince v\u00fccudumuzda toksinlerin birikimi ve oksijen eksikli\u011fi artar. Bu da kronik yorgunlu\u011fa, erken ya\u015flanmay\u0131 hastal\u0131klara ve kansere zemin haz\u0131rlar. Yeterli oksijenlenmeyi sa\u011flamak i\u00e7in nefes almaktan daha fazla \u015fey yapmak zorunda kalabiliriz.<br \/>\nTechnologien zur Ozonerzeugung sind die wirksamste bekannte Behandlungsmethode, um lebende Gewebe und Zellen auf die wirksamste Weise mit dem ben\u00f6tigten Sauerstoff zu versorgen und Giftstoffe zu beseitigen.<\/p>","protected":false},"excerpt":{"rendered":"<p>Fragen zu Bnreo Ozone und dem Generator, der es erzeugt, geh\u00f6ren zu den am h\u00e4ufigsten gestellten Fragen an unser Unternehmen. Ozonerzeugende Ger\u00e4te werden in der T\u00fcrkei hergestellt.<\/p>","protected":false},"featured_media":28141,"comment_status":"open","ping_status":"closed","template":"","meta":[],"product_brand":[],"product_cat":[81,37],"product_tag":[],"class_list":{"0":"post-28140","1":"product","2":"type-product","3":"status-publish","4":"has-post-thumbnail","6":"product_cat-cihazlar-urunler","7":"product_cat-endustriyel-su-aritma-sistemleri","9":"first","10":"instock","11":"shipping-taxable","12":"purchasable","13":"product-type-simple"},"yoast_head":"<!-- This site is optimized with the Yoast SEO plugin v25.3.1 - https:\/\/yoast.com\/wordpress\/plugins\/seo\/ -->\n<title>Ozon Dezenfeksiyon Sistemi - Bnreo | Su Ar\u0131tma Cihazlar\u0131<\/title>\n<meta name=\"robots\" content=\"index, follow, max-snippet:-1, max-image-preview:large, max-video-preview:-1\" \/>\n<link rel=\"canonical\" href=\"https:\/\/bnreo.com.tr\/de\/product\/ozon-dezenfeksiyon-sistemi\/\" \/>\n<meta property=\"og:locale\" content=\"de_DE\" \/>\n<meta property=\"og:type\" content=\"article\" \/>\n<meta property=\"og:title\" content=\"Ozon Dezenfeksiyon Sistemi - Bnreo | Su Ar\u0131tma Cihazlar\u0131\" \/>\n<meta property=\"og:description\" content=\"Bnreo Ozon ve onu \u00fcreten jenerat\u00f6r hakk\u0131nda sorular firmam\u0131za s\u0131k\u00e7a sorulan sorular\u0131n ba\u015f\u0131nda gelmektedir. Ozonu \u00fcreten cihazlar\u0131n imalat\u0131 T\u00fcrkiye \u2018de\" \/>\n<meta property=\"og:url\" content=\"https:\/\/bnreo.com.tr\/de\/product\/ozon-dezenfeksiyon-sistemi\/\" \/>\n<meta property=\"og:site_name\" content=\"Bnreo | Su Ar\u0131tma Cihazlar\u0131\" \/>\n<meta property=\"article:modified_time\" content=\"2025-06-24T01:48:01+00:00\" \/>\n<meta property=\"og:image\" content=\"https:\/\/bnreo.com.tr\/wp-content\/uploads\/2025\/06\/ergin_teknik-ultraviyole-dezenfeksiyon-sistemi-kopya-01-600x450-1.jpg\" \/>\n\t<meta property=\"og:image:width\" content=\"600\" \/>\n\t<meta property=\"og:image:height\" content=\"450\" \/>\n\t<meta property=\"og:image:type\" content=\"image\/jpeg\" \/>\n<meta name=\"twitter:card\" content=\"summary_large_image\" \/>\n<meta name=\"twitter:label1\" content=\"Gesch\u00e4tzte Lesezeit\" \/>\n\t<meta name=\"twitter:data1\" content=\"3\u00a0Minuten\" \/>\n<script type=\"application\/ld+json\" class=\"yoast-schema-graph\">{\"@context\":\"https:\/\/schema.org\",\"@graph\":[{\"@type\":\"WebPage\",\"@id\":\"https:\/\/bnreo.com.tr\/product\/ozon-dezenfeksiyon-sistemi\/\",\"url\":\"https:\/\/bnreo.com.tr\/product\/ozon-dezenfeksiyon-sistemi\/\",\"name\":\"Ozon Dezenfeksiyon Sistemi - Bnreo | Su Ar\u0131tma Cihazlar\u0131\",\"isPartOf\":{\"@id\":\"https:\/\/bnreo.com.tr\/#website\"},\"primaryImageOfPage\":{\"@id\":\"https:\/\/bnreo.com.tr\/product\/ozon-dezenfeksiyon-sistemi\/#primaryimage\"},\"image\":{\"@id\":\"https:\/\/bnreo.com.tr\/product\/ozon-dezenfeksiyon-sistemi\/#primaryimage\"},\"thumbnailUrl\":\"https:\/\/bnreo.com.tr\/wp-content\/uploads\/2025\/06\/ergin_teknik-ultraviyole-dezenfeksiyon-sistemi-kopya-01-600x450-1.jpg\",\"datePublished\":\"2025-06-24T01:44:42+00:00\",\"dateModified\":\"2025-06-24T01:48:01+00:00\",\"breadcrumb\":{\"@id\":\"https:\/\/bnreo.com.tr\/product\/ozon-dezenfeksiyon-sistemi\/#breadcrumb\"},\"inLanguage\":\"de\",\"potentialAction\":[{\"@type\":\"ReadAction\",\"target\":[\"https:\/\/bnreo.com.tr\/product\/ozon-dezenfeksiyon-sistemi\/\"]}]},{\"@type\":\"ImageObject\",\"inLanguage\":\"de\",\"@id\":\"https:\/\/bnreo.com.tr\/product\/ozon-dezenfeksiyon-sistemi\/#primaryimage\",\"url\":\"https:\/\/bnreo.com.tr\/wp-content\/uploads\/2025\/06\/ergin_teknik-ultraviyole-dezenfeksiyon-sistemi-kopya-01-600x450-1.jpg\",\"contentUrl\":\"https:\/\/bnreo.com.tr\/wp-content\/uploads\/2025\/06\/ergin_teknik-ultraviyole-dezenfeksiyon-sistemi-kopya-01-600x450-1.jpg\",\"width\":600,\"height\":450},{\"@type\":\"BreadcrumbList\",\"@id\":\"https:\/\/bnreo.com.tr\/product\/ozon-dezenfeksiyon-sistemi\/#breadcrumb\",\"itemListElement\":[{\"@type\":\"ListItem\",\"position\":1,\"name\":\"Anasayfa\",\"item\":\"https:\/\/bnreo.com.tr\/\"},{\"@type\":\"ListItem\",\"position\":2,\"name\":\"Ma\u011faza\",\"item\":\"https:\/\/bnreo.com.tr\/magaza\/\"},{\"@type\":\"ListItem\",\"position\":3,\"name\":\"Ozon Dezenfeksiyon Sistemi\"}]},{\"@type\":\"WebSite\",\"@id\":\"https:\/\/bnreo.com.tr\/#website\",\"url\":\"https:\/\/bnreo.com.tr\/\",\"name\":\"Bnreo | Su Ar\u0131tma Cihazlar\u0131\",\"description\":\"Bnreo | Su Ar\u0131tma Cihazlar\u0131\",\"potentialAction\":[{\"@type\":\"SearchAction\",\"target\":{\"@type\":\"EntryPoint\",\"urlTemplate\":\"https:\/\/bnreo.com.tr\/?s={search_term_string}\"},\"query-input\":{\"@type\":\"PropertyValueSpecification\",\"valueRequired\":true,\"valueName\":\"search_term_string\"}}],\"inLanguage\":\"de\"}]}<\/script>\n<!-- \/ Yoast SEO plugin. -->","yoast_head_json":{"title":"Ozon Dezenfeksiyon Sistemi - Bnreo | Su Ar\u0131tma Cihazlar\u0131","robots":{"index":"index","follow":"follow","max-snippet":"max-snippet:-1","max-image-preview":"max-image-preview:large","max-video-preview":"max-video-preview:-1"},"canonical":"https:\/\/bnreo.com.tr\/de\/product\/ozon-dezenfeksiyon-sistemi\/","og_locale":"de_DE","og_type":"article","og_title":"Ozon Dezenfeksiyon Sistemi - Bnreo | Su Ar\u0131tma Cihazlar\u0131","og_description":"Bnreo Ozon ve onu \u00fcreten jenerat\u00f6r hakk\u0131nda sorular firmam\u0131za s\u0131k\u00e7a sorulan sorular\u0131n ba\u015f\u0131nda gelmektedir. Ozonu \u00fcreten cihazlar\u0131n imalat\u0131 T\u00fcrkiye \u2018de","og_url":"https:\/\/bnreo.com.tr\/de\/product\/ozon-dezenfeksiyon-sistemi\/","og_site_name":"Bnreo | Su Ar\u0131tma Cihazlar\u0131","article_modified_time":"2025-06-24T01:48:01+00:00","og_image":[{"width":600,"height":450,"url":"https:\/\/bnreo.com.tr\/wp-content\/uploads\/2025\/06\/ergin_teknik-ultraviyole-dezenfeksiyon-sistemi-kopya-01-600x450-1.jpg","type":"image\/jpeg"}],"twitter_card":"summary_large_image","twitter_misc":{"Gesch\u00e4tzte Lesezeit":"3\u00a0Minuten"},"schema":{"@context":"https:\/\/schema.org","@graph":[{"@type":"WebPage","@id":"https:\/\/bnreo.com.tr\/product\/ozon-dezenfeksiyon-sistemi\/","url":"https:\/\/bnreo.com.tr\/product\/ozon-dezenfeksiyon-sistemi\/","name":"Ozon Dezenfeksiyon Sistemi - Bnreo | Su Ar\u0131tma Cihazlar\u0131","isPartOf":{"@id":"https:\/\/bnreo.com.tr\/#website"},"primaryImageOfPage":{"@id":"https:\/\/bnreo.com.tr\/product\/ozon-dezenfeksiyon-sistemi\/#primaryimage"},"image":{"@id":"https:\/\/bnreo.com.tr\/product\/ozon-dezenfeksiyon-sistemi\/#primaryimage"},"thumbnailUrl":"https:\/\/bnreo.com.tr\/wp-content\/uploads\/2025\/06\/ergin_teknik-ultraviyole-dezenfeksiyon-sistemi-kopya-01-600x450-1.jpg","datePublished":"2025-06-24T01:44:42+00:00","dateModified":"2025-06-24T01:48:01+00:00","breadcrumb":{"@id":"https:\/\/bnreo.com.tr\/product\/ozon-dezenfeksiyon-sistemi\/#breadcrumb"},"inLanguage":"de","potentialAction":[{"@type":"ReadAction","target":["https:\/\/bnreo.com.tr\/product\/ozon-dezenfeksiyon-sistemi\/"]}]},{"@type":"ImageObject","inLanguage":"de","@id":"https:\/\/bnreo.com.tr\/product\/ozon-dezenfeksiyon-sistemi\/#primaryimage","url":"https:\/\/bnreo.com.tr\/wp-content\/uploads\/2025\/06\/ergin_teknik-ultraviyole-dezenfeksiyon-sistemi-kopya-01-600x450-1.jpg","contentUrl":"https:\/\/bnreo.com.tr\/wp-content\/uploads\/2025\/06\/ergin_teknik-ultraviyole-dezenfeksiyon-sistemi-kopya-01-600x450-1.jpg","width":600,"height":450},{"@type":"BreadcrumbList","@id":"https:\/\/bnreo.com.tr\/product\/ozon-dezenfeksiyon-sistemi\/#breadcrumb","itemListElement":[{"@type":"ListItem","position":1,"name":"Anasayfa","item":"https:\/\/bnreo.com.tr\/"},{"@type":"ListItem","position":2,"name":"Ma\u011faza","item":"https:\/\/bnreo.com.tr\/magaza\/"},{"@type":"ListItem","position":3,"name":"Ozon Dezenfeksiyon Sistemi"}]},{"@type":"WebSite","@id":"https:\/\/bnreo.com.tr\/#website","url":"https:\/\/bnreo.com.tr\/","name":"Bnreo | Su Ar\u0131tma Cihazlar\u0131","description":"Bnreo | Su Ar\u0131tma Cihazlar\u0131","potentialAction":[{"@type":"SearchAction","target":{"@type":"EntryPoint","urlTemplate":"https:\/\/bnreo.com.tr\/?s={search_term_string}"},"query-input":{"@type":"PropertyValueSpecification","valueRequired":true,"valueName":"search_term_string"}}],"inLanguage":"de"}]}},"_links":{"self":[{"href":"https:\/\/bnreo.com.tr\/de\/wp-json\/wp\/v2\/product\/28140","targetHints":{"allow":["GET"]}}],"collection":[{"href":"https:\/\/bnreo.com.tr\/de\/wp-json\/wp\/v2\/product"}],"about":[{"href":"https:\/\/bnreo.com.tr\/de\/wp-json\/wp\/v2\/types\/product"}],"replies":[{"embeddable":true,"href":"https:\/\/bnreo.com.tr\/de\/wp-json\/wp\/v2\/comments?post=28140"}],"version-history":[{"count":1,"href":"https:\/\/bnreo.com.tr\/de\/wp-json\/wp\/v2\/product\/28140\/revisions"}],"predecessor-version":[{"id":28142,"href":"https:\/\/bnreo.com.tr\/de\/wp-json\/wp\/v2\/product\/28140\/revisions\/28142"}],"wp:featuredmedia":[{"embeddable":true,"href":"https:\/\/bnreo.com.tr\/de\/wp-json\/wp\/v2\/media\/28141"}],"wp:attachment":[{"href":"https:\/\/bnreo.com.tr\/de\/wp-json\/wp\/v2\/media?parent=28140"}],"wp:term":[{"taxonomy":"product_brand","embeddable":true,"href":"https:\/\/bnreo.com.tr\/de\/wp-json\/wp\/v2\/product_brand?post=28140"},{"taxonomy":"product_cat","embeddable":true,"href":"https:\/\/bnreo.com.tr\/de\/wp-json\/wp\/v2\/product_cat?post=28140"},{"taxonomy":"product_tag","embeddable":true,"href":"https:\/\/bnreo.com.tr\/de\/wp-json\/wp\/v2\/product_tag?post=28140"}],"curies":[{"name":"wp","href":"https:\/\/api.w.org\/{rel}","templated":true}]}}