{"id":28137,"date":"2025-06-24T04:44:12","date_gmt":"2025-06-24T01:44:12","guid":{"rendered":"https:\/\/bnreo.com.tr\/?post_type=product&#038;p=28137"},"modified":"2025-06-24T04:48:07","modified_gmt":"2025-06-24T01:48:07","slug":"moduler-su-depolari","status":"publish","type":"product","link":"https:\/\/bnreo.com.tr\/de\/product\/moduler-su-depolari\/","title":{"rendered":"Modulare Wassertanks"},"content":{"rendered":"<p><strong>Modularer Wassertank<\/strong><\/p>\n<p><strong>Was ist ein modularer Wassertank?<\/strong><\/p>\n<p>Es handelt sich um eine Lagerart, bei der speziell geformte Blechteile in den gew\u00fcnschten Mengen mit Schrauben aneinander montiert werden.<\/p>\n<p><strong>Warum bevorzugen wir modulare Wassertanks?<\/strong><\/p>\n<p><strong>Es ist sauber, hygienisch und langlebig:<\/strong><\/p>\n<p>Alle Teile dieser Tanks werden unter hygienischen Bedingungen hergestellt.<\/p>\n<p>Enth\u00e4lt keine Pilze, Moos usw.<\/p>\n<p>Bei der Montage werden keine sch\u00e4dlichen Chemikalien freigesetzt und die Umwelt wird nicht verschmutzt.<\/p>\n<p><strong>Die Kosten f\u00fcr den Besitz eines modularen Wassertanks sinken von Jahr zu Jahr:<\/strong><\/p>\n<p>Es handelt sich um einen sehr langlebigen Tanktyp. Teile k\u00f6nnen bei Bedarf unabh\u00e4ngig voneinander ausgetauscht werden. Die Installation erfolgt einfach und ohne Nutzung nat\u00fcrlicher Ressourcen. Schwei\u00dfarbeiten sind nicht erforderlich. Je nach Art der enthaltenen Fl\u00fcssigkeit k\u00f6nnen die Tanks mit unterschiedlichen Materialien beschichtet werden. Es kommt zu keiner Reaktion mit der enthaltenen Fl\u00fcssigkeit.<\/p>\n<p><strong>Es kann auf unterschiedliche Weise an verschiedenen Orten verwendet werden:<\/strong><\/p>\n<p>Es l\u00e4sst sich problemlos montieren und sogar demontieren und an einem anderen Ort wieder montieren (Modulteile, die als Lagerteile hergestellt werden, k\u00f6nnen leicht in kleinere Teile umgewandelt werden). Zur Abdichtung werden spezielle, hygienische EPDM-Dichtungen verwendet.<\/p>\n<p>Es l\u00e4sst sich problemlos an bevorzugten Standorten, auf erh\u00f6hten Fl\u00e4chen, in Rahmen, T\u00fcrmen und an Geb\u00e4udeeing\u00e4ngen installieren. Es ist so konzipiert, dass es problemlos durch Geb\u00e4udeeing\u00e4nge passt. Die Produktionsmengen reichen je nach Bedarf von 1.250 Litern bis 300.000 Litern.<\/p>\n<p><strong>Prisma-Modul-Wassertanks aus Edelstahl:<br \/>\n<\/strong>AISI 304 Kalite paslanmaz \u00e7elik, d\u00fcnyada en s\u0131k ve \u00e7ok y\u00f6nl\u00fc kullan\u0131lan paslanmaz \u00e7elik t\u00fcr\u00fcd\u00fcr.\u00a0%18 krom ve %8 nikel i\u00e7eren\u00a0bu malzeme, m\u00fckemmel \u015fekillenebilme kabiliyetine ve korozyon dayanam\u0131na sahiptir.\u00a0\u0130htiyac\u0131n\u0131za g\u00f6re AISI 316 kalite paslanmaz \u00e7elikten \u00fcretim yap\u0131lmaktad\u0131r.<\/p>\n<p>&nbsp;<\/p>\n<p><strong>Feuerverzinkte prismatische modulare Wassertanks:<br \/>\n<\/strong>Feuerverzinken ist eine der langlebigsten Korrosionsschutzmethoden \u00fcberhaupt. Da beim Feuerverzinken ein dicker, gleichm\u00e4\u00dfiger Oberfl\u00e4chenfilm auf der Metalloberfl\u00e4che entsteht, durchdringt dieser alle Bereiche, einschlie\u00dflich scharfer Ecken, Schnitte, L\u00f6cher und Hohlr\u00e4ume, und bietet so umfassenden Schutz.<\/p>","protected":false},"excerpt":{"rendered":"<p>Modularer Wassertank Was ist ein modularer Wassertank? Es handelt sich um eine Struktur, bei der speziell geformte Blechteile mit den gew\u00fcnschten Volumina mit Schrauben miteinander verbunden werden.<\/p>","protected":false},"featured_media":28138,"comment_status":"open","ping_status":"closed","template":"","meta":[],"product_brand":[],"product_cat":[81,37],"product_tag":[],"class_list":{"0":"post-28137","1":"product","2":"type-product","3":"status-publish","4":"has-post-thumbnail","6":"product_cat-cihazlar-urunler","7":"product_cat-endustriyel-su-aritma-sistemleri","9":"first","10":"instock","11":"shipping-taxable","12":"purchasable","13":"product-type-simple"},"yoast_head":"<!-- This site is optimized with the Yoast SEO plugin v25.3.1 - https:\/\/yoast.com\/wordpress\/plugins\/seo\/ -->\n<title>Mod\u00fcler Su Depolar\u0131 - Bnreo | Su Ar\u0131tma Cihazlar\u0131<\/title>\n<meta name=\"robots\" content=\"index, follow, max-snippet:-1, max-image-preview:large, max-video-preview:-1\" \/>\n<link rel=\"canonical\" href=\"https:\/\/bnreo.com.tr\/de\/product\/moduler-su-depolari\/\" \/>\n<meta property=\"og:locale\" content=\"de_DE\" \/>\n<meta property=\"og:type\" content=\"article\" \/>\n<meta property=\"og:title\" content=\"Mod\u00fcler Su Depolar\u0131 - Bnreo | Su Ar\u0131tma Cihazlar\u0131\" \/>\n<meta property=\"og:description\" content=\"Mod\u00fcler Su Deposu Mod\u00fcler Su Deposu Nedir ? \u0130stenilen hacimlerde \u00f6zel \u015fekil verilen sac par\u00e7alar\u0131n birbirlerine civatalarla monte edilmi\u015f oldu\u011fu\" \/>\n<meta property=\"og:url\" content=\"https:\/\/bnreo.com.tr\/de\/product\/moduler-su-depolari\/\" \/>\n<meta property=\"og:site_name\" content=\"Bnreo | Su Ar\u0131tma Cihazlar\u0131\" \/>\n<meta property=\"article:modified_time\" content=\"2025-06-24T01:48:07+00:00\" \/>\n<meta property=\"og:image\" content=\"https:\/\/bnreo.com.tr\/wp-content\/uploads\/2025\/06\/ergin_teknik-moduler-su-depolari-01-600x450-1.jpg\" \/>\n\t<meta property=\"og:image:width\" content=\"600\" \/>\n\t<meta property=\"og:image:height\" content=\"450\" \/>\n\t<meta property=\"og:image:type\" content=\"image\/jpeg\" \/>\n<meta name=\"twitter:card\" content=\"summary_large_image\" \/>\n<meta name=\"twitter:label1\" content=\"Gesch\u00e4tzte Lesezeit\" \/>\n\t<meta name=\"twitter:data1\" content=\"2\u00a0Minuten\" \/>\n<script type=\"application\/ld+json\" class=\"yoast-schema-graph\">{\"@context\":\"https:\/\/schema.org\",\"@graph\":[{\"@type\":\"WebPage\",\"@id\":\"https:\/\/bnreo.com.tr\/product\/moduler-su-depolari\/\",\"url\":\"https:\/\/bnreo.com.tr\/product\/moduler-su-depolari\/\",\"name\":\"Mod\u00fcler Su Depolar\u0131 - Bnreo | Su Ar\u0131tma Cihazlar\u0131\",\"isPartOf\":{\"@id\":\"https:\/\/bnreo.com.tr\/#website\"},\"primaryImageOfPage\":{\"@id\":\"https:\/\/bnreo.com.tr\/product\/moduler-su-depolari\/#primaryimage\"},\"image\":{\"@id\":\"https:\/\/bnreo.com.tr\/product\/moduler-su-depolari\/#primaryimage\"},\"thumbnailUrl\":\"https:\/\/bnreo.com.tr\/wp-content\/uploads\/2025\/06\/ergin_teknik-moduler-su-depolari-01-600x450-1.jpg\",\"datePublished\":\"2025-06-24T01:44:12+00:00\",\"dateModified\":\"2025-06-24T01:48:07+00:00\",\"breadcrumb\":{\"@id\":\"https:\/\/bnreo.com.tr\/product\/moduler-su-depolari\/#breadcrumb\"},\"inLanguage\":\"de\",\"potentialAction\":[{\"@type\":\"ReadAction\",\"target\":[\"https:\/\/bnreo.com.tr\/product\/moduler-su-depolari\/\"]}]},{\"@type\":\"ImageObject\",\"inLanguage\":\"de\",\"@id\":\"https:\/\/bnreo.com.tr\/product\/moduler-su-depolari\/#primaryimage\",\"url\":\"https:\/\/bnreo.com.tr\/wp-content\/uploads\/2025\/06\/ergin_teknik-moduler-su-depolari-01-600x450-1.jpg\",\"contentUrl\":\"https:\/\/bnreo.com.tr\/wp-content\/uploads\/2025\/06\/ergin_teknik-moduler-su-depolari-01-600x450-1.jpg\",\"width\":600,\"height\":450},{\"@type\":\"BreadcrumbList\",\"@id\":\"https:\/\/bnreo.com.tr\/product\/moduler-su-depolari\/#breadcrumb\",\"itemListElement\":[{\"@type\":\"ListItem\",\"position\":1,\"name\":\"Anasayfa\",\"item\":\"https:\/\/bnreo.com.tr\/\"},{\"@type\":\"ListItem\",\"position\":2,\"name\":\"Ma\u011faza\",\"item\":\"https:\/\/bnreo.com.tr\/magaza\/\"},{\"@type\":\"ListItem\",\"position\":3,\"name\":\"Mod\u00fcler Su Depolar\u0131\"}]},{\"@type\":\"WebSite\",\"@id\":\"https:\/\/bnreo.com.tr\/#website\",\"url\":\"https:\/\/bnreo.com.tr\/\",\"name\":\"Bnreo | Su Ar\u0131tma Cihazlar\u0131\",\"description\":\"Bnreo | Su Ar\u0131tma Cihazlar\u0131\",\"potentialAction\":[{\"@type\":\"SearchAction\",\"target\":{\"@type\":\"EntryPoint\",\"urlTemplate\":\"https:\/\/bnreo.com.tr\/?s={search_term_string}\"},\"query-input\":{\"@type\":\"PropertyValueSpecification\",\"valueRequired\":true,\"valueName\":\"search_term_string\"}}],\"inLanguage\":\"de\"}]}<\/script>\n<!-- \/ Yoast SEO plugin. -->","yoast_head_json":{"title":"Mod\u00fcler Su Depolar\u0131 - Bnreo | Su Ar\u0131tma Cihazlar\u0131","robots":{"index":"index","follow":"follow","max-snippet":"max-snippet:-1","max-image-preview":"max-image-preview:large","max-video-preview":"max-video-preview:-1"},"canonical":"https:\/\/bnreo.com.tr\/de\/product\/moduler-su-depolari\/","og_locale":"de_DE","og_type":"article","og_title":"Mod\u00fcler Su Depolar\u0131 - Bnreo | Su Ar\u0131tma Cihazlar\u0131","og_description":"Mod\u00fcler Su Deposu Mod\u00fcler Su Deposu Nedir ? \u0130stenilen hacimlerde \u00f6zel \u015fekil verilen sac par\u00e7alar\u0131n birbirlerine civatalarla monte edilmi\u015f oldu\u011fu","og_url":"https:\/\/bnreo.com.tr\/de\/product\/moduler-su-depolari\/","og_site_name":"Bnreo | Su Ar\u0131tma Cihazlar\u0131","article_modified_time":"2025-06-24T01:48:07+00:00","og_image":[{"width":600,"height":450,"url":"https:\/\/bnreo.com.tr\/wp-content\/uploads\/2025\/06\/ergin_teknik-moduler-su-depolari-01-600x450-1.jpg","type":"image\/jpeg"}],"twitter_card":"summary_large_image","twitter_misc":{"Gesch\u00e4tzte Lesezeit":"2\u00a0Minuten"},"schema":{"@context":"https:\/\/schema.org","@graph":[{"@type":"WebPage","@id":"https:\/\/bnreo.com.tr\/product\/moduler-su-depolari\/","url":"https:\/\/bnreo.com.tr\/product\/moduler-su-depolari\/","name":"Mod\u00fcler Su Depolar\u0131 - Bnreo | Su Ar\u0131tma Cihazlar\u0131","isPartOf":{"@id":"https:\/\/bnreo.com.tr\/#website"},"primaryImageOfPage":{"@id":"https:\/\/bnreo.com.tr\/product\/moduler-su-depolari\/#primaryimage"},"image":{"@id":"https:\/\/bnreo.com.tr\/product\/moduler-su-depolari\/#primaryimage"},"thumbnailUrl":"https:\/\/bnreo.com.tr\/wp-content\/uploads\/2025\/06\/ergin_teknik-moduler-su-depolari-01-600x450-1.jpg","datePublished":"2025-06-24T01:44:12+00:00","dateModified":"2025-06-24T01:48:07+00:00","breadcrumb":{"@id":"https:\/\/bnreo.com.tr\/product\/moduler-su-depolari\/#breadcrumb"},"inLanguage":"de","potentialAction":[{"@type":"ReadAction","target":["https:\/\/bnreo.com.tr\/product\/moduler-su-depolari\/"]}]},{"@type":"ImageObject","inLanguage":"de","@id":"https:\/\/bnreo.com.tr\/product\/moduler-su-depolari\/#primaryimage","url":"https:\/\/bnreo.com.tr\/wp-content\/uploads\/2025\/06\/ergin_teknik-moduler-su-depolari-01-600x450-1.jpg","contentUrl":"https:\/\/bnreo.com.tr\/wp-content\/uploads\/2025\/06\/ergin_teknik-moduler-su-depolari-01-600x450-1.jpg","width":600,"height":450},{"@type":"BreadcrumbList","@id":"https:\/\/bnreo.com.tr\/product\/moduler-su-depolari\/#breadcrumb","itemListElement":[{"@type":"ListItem","position":1,"name":"Anasayfa","item":"https:\/\/bnreo.com.tr\/"},{"@type":"ListItem","position":2,"name":"Ma\u011faza","item":"https:\/\/bnreo.com.tr\/magaza\/"},{"@type":"ListItem","position":3,"name":"Mod\u00fcler Su Depolar\u0131"}]},{"@type":"WebSite","@id":"https:\/\/bnreo.com.tr\/#website","url":"https:\/\/bnreo.com.tr\/","name":"Bnreo | Su Ar\u0131tma Cihazlar\u0131","description":"Bnreo | Su Ar\u0131tma Cihazlar\u0131","potentialAction":[{"@type":"SearchAction","target":{"@type":"EntryPoint","urlTemplate":"https:\/\/bnreo.com.tr\/?s={search_term_string}"},"query-input":{"@type":"PropertyValueSpecification","valueRequired":true,"valueName":"search_term_string"}}],"inLanguage":"de"}]}},"_links":{"self":[{"href":"https:\/\/bnreo.com.tr\/de\/wp-json\/wp\/v2\/product\/28137","targetHints":{"allow":["GET"]}}],"collection":[{"href":"https:\/\/bnreo.com.tr\/de\/wp-json\/wp\/v2\/product"}],"about":[{"href":"https:\/\/bnreo.com.tr\/de\/wp-json\/wp\/v2\/types\/product"}],"replies":[{"embeddable":true,"href":"https:\/\/bnreo.com.tr\/de\/wp-json\/wp\/v2\/comments?post=28137"}],"version-history":[{"count":1,"href":"https:\/\/bnreo.com.tr\/de\/wp-json\/wp\/v2\/product\/28137\/revisions"}],"predecessor-version":[{"id":28139,"href":"https:\/\/bnreo.com.tr\/de\/wp-json\/wp\/v2\/product\/28137\/revisions\/28139"}],"wp:featuredmedia":[{"embeddable":true,"href":"https:\/\/bnreo.com.tr\/de\/wp-json\/wp\/v2\/media\/28138"}],"wp:attachment":[{"href":"https:\/\/bnreo.com.tr\/de\/wp-json\/wp\/v2\/media?parent=28137"}],"wp:term":[{"taxonomy":"product_brand","embeddable":true,"href":"https:\/\/bnreo.com.tr\/de\/wp-json\/wp\/v2\/product_brand?post=28137"},{"taxonomy":"product_cat","embeddable":true,"href":"https:\/\/bnreo.com.tr\/de\/wp-json\/wp\/v2\/product_cat?post=28137"},{"taxonomy":"product_tag","embeddable":true,"href":"https:\/\/bnreo.com.tr\/de\/wp-json\/wp\/v2\/product_tag?post=28137"}],"curies":[{"name":"wp","href":"https:\/\/api.w.org\/{rel}","templated":true}]}}