{"id":28126,"date":"2025-06-24T04:42:35","date_gmt":"2025-06-24T01:42:35","guid":{"rendered":"https:\/\/bnreo.com.tr\/?post_type=product&#038;p=28126"},"modified":"2025-06-24T04:42:35","modified_gmt":"2025-06-24T01:42:35","slug":"kimyasallar-ve-mineraller","status":"publish","type":"product","link":"https:\/\/bnreo.com.tr\/de\/product\/kimyasallar-ve-mineraller\/","title":{"rendered":"Chemikalien und Mineralien"},"content":{"rendered":"<h2 data-start=\"219\" data-end=\"282\">\ud83d\udca7 Medien und Chemikalien f\u00fcr Wasseraufbereitungssysteme<\/h2>\n<h3 data-start=\"284\" data-end=\"316\">1. <strong data-start=\"291\" data-end=\"316\">Anthrazit<\/strong><\/h3>\n<p data-start=\"317\" data-end=\"559\">Es wird zur Oberfl\u00e4chenfiltration in Wasserfiltersystemen verwendet. Seine geringe Dichte erm\u00f6glicht die effektive Entfernung von Sedimenten und Schwebstoffen aus der oberen Schicht. Es wird besonders in Mehrschichtfiltersystemen bevorzugt.<\/p>\n<h3 data-start=\"561\" data-end=\"600\">2. <strong data-start=\"568\" data-end=\"600\">Aktivkohle<\/strong><\/h3>\n<p data-start=\"601\" data-end=\"815\">Es wird verwendet, um organische Stoffe, Chlor, Geruch, Geschmacksverunreinigungen und bestimmte chemische Verbindungen zu entfernen. Aktivkohle, die aus Kokosnussschalen gewonnen wird, bietet dank ihrer gro\u00dfen Oberfl\u00e4che eine starke Adsorption.<\/p>\n<h3 data-start=\"817\" data-end=\"842\">3. <strong data-start=\"824\" data-end=\"842\">Harz<\/strong><\/h3>\n<p data-start=\"843\" data-end=\"1003\">Es wird in Wasserenth\u00e4rtungsanlagen verwendet. Es entfernt Kalk und reduziert die H\u00e4rte, indem es Calcium- (Ca\u00b2\u207a) und Magnesium- (Mg\u00b2\u207a) Ionen durch Natrium- (Na\u207a) Ionen ersetzt.<\/p>\n<h3 data-start=\"1005\" data-end=\"1035\">4. <strong data-start=\"1012\" data-end=\"1035\">Dolomit (Dolomitstein)<\/strong><\/h3>\n<p data-start=\"1036\" data-end=\"1188\">Es wird verwendet, um den pH-Wert des Wassers auszugleichen und seinen S\u00e4uregehalt zu neutralisieren. Es hilft auch, einige Schwermetalle im Wasser zu halten.<\/p>\n<h3 data-start=\"1190\" data-end=\"1226\">5. <strong data-start=\"1197\" data-end=\"1226\">Salztabletten<\/strong><\/h3>\n<p data-start=\"1227\" data-end=\"1369\">Wird zur Harzregeneration in Wasserenth\u00e4rtungsanlagen verwendet. Enth\u00e4lt hochreines Natriumchlorid und hat eine hohe L\u00f6slichkeit.<\/p>\n<h3 data-start=\"1371\" data-end=\"1406\">6. <strong data-start=\"1378\" data-end=\"1406\">Quarzsand<\/strong><\/h3>\n<p data-start=\"1407\" data-end=\"1588\">Es handelt sich um die am h\u00e4ufigsten verwendete Schicht in Filtersystemen. Sie dient zum Zur\u00fcckhalten von Schwebeteilchen und zur Beseitigung von Tr\u00fcbungen. Sie ist in verschiedenen Partikelgr\u00f6\u00dfen erh\u00e4ltlich.<\/p>\n<h3 data-start=\"1590\" data-end=\"1627\">7. <strong data-start=\"1597\" data-end=\"1627\">Chlorpulver<\/strong><\/h3>\n<p data-start=\"1628\" data-end=\"1803\">Es dient der Wasserdesinfektion. Es t\u00f6tet Bakterien und Mikroorganismen effektiv ab und sorgt so f\u00fcr sicheres Wasser. Es ist besonders wirksam in der Vorbehandlung und Tankhygiene.<\/p>\n<h3 data-start=\"1805\" data-end=\"1822\">8. <strong data-start=\"1812\" data-end=\"1822\">Mischbett<\/strong><\/h3>\n<p data-start=\"1823\" data-end=\"2020\">Wird zur Herstellung von demineralisiertem Wasser verwendet. Es ist eine Mischung aus Kationen- und Anionenaustauscherharzen. Es wird bevorzugt in Anwendungen eingesetzt, die reine Wasserqualit\u00e4t erfordern, insbesondere in Laboren und industriellen Prozessen.<\/p>\n<h3 data-start=\"2022\" data-end=\"2044\">9. <strong data-start=\"2029\" data-end=\"2044\">Antiscalant<\/strong><\/h3>\n<p data-start=\"2045\" data-end=\"2202\">Es wird verwendet, um Kalk- und Mineralablagerungen auf der Membranoberfl\u00e4che in Umkehrosmosesystemen (RO) zu verhindern. Es erh\u00f6ht die Systemeffizienz und verl\u00e4ngert die Lebensdauer der Membran.<\/p>\n<h3 data-start=\"2204\" data-end=\"2223\">10. <strong data-start=\"2212\" data-end=\"2223\">Siliphos<\/strong><\/h3>\n<p data-start=\"2224\" data-end=\"2373\">Es verhindert Kalk-, Rost- und Korrosionsbildung in Rohren und Anlagenteilen und wird insbesondere zum Schutz von Metallrohren in Trinkwasserleitungen eingesetzt.<\/p>","protected":false},"excerpt":{"rendered":"<p>\ud83d\udca7 F\u00fcr Wasseraufbereitungssysteme verwendete Medien und Chemikalien 1. Anthrazit (Anthrazit) Es wird zur Oberfl\u00e4chenfiltration in Wasserfiltersystemen verwendet.<\/p>","protected":false},"featured_media":28127,"comment_status":"open","ping_status":"closed","template":"","meta":[],"product_brand":[],"product_cat":[81,37],"product_tag":[],"class_list":{"0":"post-28126","1":"product","2":"type-product","3":"status-publish","4":"has-post-thumbnail","6":"product_cat-cihazlar-urunler","7":"product_cat-endustriyel-su-aritma-sistemleri","9":"first","10":"instock","11":"shipping-taxable","12":"purchasable","13":"product-type-simple"},"yoast_head":"<!-- This site is optimized with the Yoast SEO plugin v25.3.1 - https:\/\/yoast.com\/wordpress\/plugins\/seo\/ -->\n<title>Kimyasallar ve Mineraller - Bnreo | Su Ar\u0131tma Cihazlar\u0131<\/title>\n<meta name=\"robots\" content=\"index, follow, max-snippet:-1, max-image-preview:large, max-video-preview:-1\" \/>\n<link rel=\"canonical\" href=\"https:\/\/bnreo.com.tr\/de\/product\/kimyasallar-ve-mineraller\/\" \/>\n<meta property=\"og:locale\" content=\"de_DE\" \/>\n<meta property=\"og:type\" content=\"article\" \/>\n<meta property=\"og:title\" content=\"Kimyasallar ve Mineraller - Bnreo | Su Ar\u0131tma Cihazlar\u0131\" \/>\n<meta property=\"og:description\" content=\"\ud83d\udca7 Su Ar\u0131tma Sistemleri i\u00e7in Kullan\u0131lan Medya ve Kimyasallar 1. Antrasit (Anthracite) Su filtrasyon sistemlerinde y\u00fczey filtrasyonu sa\u011flamak amac\u0131yla kullan\u0131l\u0131r.\" \/>\n<meta property=\"og:url\" content=\"https:\/\/bnreo.com.tr\/de\/product\/kimyasallar-ve-mineraller\/\" \/>\n<meta property=\"og:site_name\" content=\"Bnreo | Su Ar\u0131tma Cihazlar\u0131\" \/>\n<meta property=\"og:image\" content=\"https:\/\/bnreo.com.tr\/wp-content\/uploads\/2025\/06\/ergin_teknik-kimyasallar-ve-mineraller-01-600x600-1.jpg\" \/>\n\t<meta property=\"og:image:width\" content=\"600\" \/>\n\t<meta property=\"og:image:height\" content=\"600\" \/>\n\t<meta property=\"og:image:type\" content=\"image\/jpeg\" \/>\n<meta name=\"twitter:card\" content=\"summary_large_image\" \/>\n<meta name=\"twitter:label1\" content=\"Gesch\u00e4tzte Lesezeit\" \/>\n\t<meta name=\"twitter:data1\" content=\"1\u00a0Minute\" \/>\n<script type=\"application\/ld+json\" class=\"yoast-schema-graph\">{\"@context\":\"https:\/\/schema.org\",\"@graph\":[{\"@type\":\"WebPage\",\"@id\":\"https:\/\/bnreo.com.tr\/product\/kimyasallar-ve-mineraller\/\",\"url\":\"https:\/\/bnreo.com.tr\/product\/kimyasallar-ve-mineraller\/\",\"name\":\"Kimyasallar ve Mineraller - Bnreo | Su Ar\u0131tma Cihazlar\u0131\",\"isPartOf\":{\"@id\":\"https:\/\/bnreo.com.tr\/#website\"},\"primaryImageOfPage\":{\"@id\":\"https:\/\/bnreo.com.tr\/product\/kimyasallar-ve-mineraller\/#primaryimage\"},\"image\":{\"@id\":\"https:\/\/bnreo.com.tr\/product\/kimyasallar-ve-mineraller\/#primaryimage\"},\"thumbnailUrl\":\"https:\/\/bnreo.com.tr\/wp-content\/uploads\/2025\/06\/ergin_teknik-kimyasallar-ve-mineraller-01-600x600-1.jpg\",\"datePublished\":\"2025-06-24T01:42:35+00:00\",\"breadcrumb\":{\"@id\":\"https:\/\/bnreo.com.tr\/product\/kimyasallar-ve-mineraller\/#breadcrumb\"},\"inLanguage\":\"de\",\"potentialAction\":[{\"@type\":\"ReadAction\",\"target\":[\"https:\/\/bnreo.com.tr\/product\/kimyasallar-ve-mineraller\/\"]}]},{\"@type\":\"ImageObject\",\"inLanguage\":\"de\",\"@id\":\"https:\/\/bnreo.com.tr\/product\/kimyasallar-ve-mineraller\/#primaryimage\",\"url\":\"https:\/\/bnreo.com.tr\/wp-content\/uploads\/2025\/06\/ergin_teknik-kimyasallar-ve-mineraller-01-600x600-1.jpg\",\"contentUrl\":\"https:\/\/bnreo.com.tr\/wp-content\/uploads\/2025\/06\/ergin_teknik-kimyasallar-ve-mineraller-01-600x600-1.jpg\",\"width\":600,\"height\":600},{\"@type\":\"BreadcrumbList\",\"@id\":\"https:\/\/bnreo.com.tr\/product\/kimyasallar-ve-mineraller\/#breadcrumb\",\"itemListElement\":[{\"@type\":\"ListItem\",\"position\":1,\"name\":\"Anasayfa\",\"item\":\"https:\/\/bnreo.com.tr\/\"},{\"@type\":\"ListItem\",\"position\":2,\"name\":\"Ma\u011faza\",\"item\":\"https:\/\/bnreo.com.tr\/magaza\/\"},{\"@type\":\"ListItem\",\"position\":3,\"name\":\"Kimyasallar ve Mineraller\"}]},{\"@type\":\"WebSite\",\"@id\":\"https:\/\/bnreo.com.tr\/#website\",\"url\":\"https:\/\/bnreo.com.tr\/\",\"name\":\"Bnreo | Su Ar\u0131tma Cihazlar\u0131\",\"description\":\"Bnreo | Su Ar\u0131tma Cihazlar\u0131\",\"potentialAction\":[{\"@type\":\"SearchAction\",\"target\":{\"@type\":\"EntryPoint\",\"urlTemplate\":\"https:\/\/bnreo.com.tr\/?s={search_term_string}\"},\"query-input\":{\"@type\":\"PropertyValueSpecification\",\"valueRequired\":true,\"valueName\":\"search_term_string\"}}],\"inLanguage\":\"de\"}]}<\/script>\n<!-- \/ Yoast SEO plugin. -->","yoast_head_json":{"title":"Kimyasallar ve Mineraller - Bnreo | Su Ar\u0131tma Cihazlar\u0131","robots":{"index":"index","follow":"follow","max-snippet":"max-snippet:-1","max-image-preview":"max-image-preview:large","max-video-preview":"max-video-preview:-1"},"canonical":"https:\/\/bnreo.com.tr\/de\/product\/kimyasallar-ve-mineraller\/","og_locale":"de_DE","og_type":"article","og_title":"Kimyasallar ve Mineraller - Bnreo | Su Ar\u0131tma Cihazlar\u0131","og_description":"\ud83d\udca7 Su Ar\u0131tma Sistemleri i\u00e7in Kullan\u0131lan Medya ve Kimyasallar 1. Antrasit (Anthracite) Su filtrasyon sistemlerinde y\u00fczey filtrasyonu sa\u011flamak amac\u0131yla kullan\u0131l\u0131r.","og_url":"https:\/\/bnreo.com.tr\/de\/product\/kimyasallar-ve-mineraller\/","og_site_name":"Bnreo | Su Ar\u0131tma Cihazlar\u0131","og_image":[{"width":600,"height":600,"url":"https:\/\/bnreo.com.tr\/wp-content\/uploads\/2025\/06\/ergin_teknik-kimyasallar-ve-mineraller-01-600x600-1.jpg","type":"image\/jpeg"}],"twitter_card":"summary_large_image","twitter_misc":{"Gesch\u00e4tzte Lesezeit":"1\u00a0Minute"},"schema":{"@context":"https:\/\/schema.org","@graph":[{"@type":"WebPage","@id":"https:\/\/bnreo.com.tr\/product\/kimyasallar-ve-mineraller\/","url":"https:\/\/bnreo.com.tr\/product\/kimyasallar-ve-mineraller\/","name":"Kimyasallar ve Mineraller - Bnreo | Su Ar\u0131tma Cihazlar\u0131","isPartOf":{"@id":"https:\/\/bnreo.com.tr\/#website"},"primaryImageOfPage":{"@id":"https:\/\/bnreo.com.tr\/product\/kimyasallar-ve-mineraller\/#primaryimage"},"image":{"@id":"https:\/\/bnreo.com.tr\/product\/kimyasallar-ve-mineraller\/#primaryimage"},"thumbnailUrl":"https:\/\/bnreo.com.tr\/wp-content\/uploads\/2025\/06\/ergin_teknik-kimyasallar-ve-mineraller-01-600x600-1.jpg","datePublished":"2025-06-24T01:42:35+00:00","breadcrumb":{"@id":"https:\/\/bnreo.com.tr\/product\/kimyasallar-ve-mineraller\/#breadcrumb"},"inLanguage":"de","potentialAction":[{"@type":"ReadAction","target":["https:\/\/bnreo.com.tr\/product\/kimyasallar-ve-mineraller\/"]}]},{"@type":"ImageObject","inLanguage":"de","@id":"https:\/\/bnreo.com.tr\/product\/kimyasallar-ve-mineraller\/#primaryimage","url":"https:\/\/bnreo.com.tr\/wp-content\/uploads\/2025\/06\/ergin_teknik-kimyasallar-ve-mineraller-01-600x600-1.jpg","contentUrl":"https:\/\/bnreo.com.tr\/wp-content\/uploads\/2025\/06\/ergin_teknik-kimyasallar-ve-mineraller-01-600x600-1.jpg","width":600,"height":600},{"@type":"BreadcrumbList","@id":"https:\/\/bnreo.com.tr\/product\/kimyasallar-ve-mineraller\/#breadcrumb","itemListElement":[{"@type":"ListItem","position":1,"name":"Anasayfa","item":"https:\/\/bnreo.com.tr\/"},{"@type":"ListItem","position":2,"name":"Ma\u011faza","item":"https:\/\/bnreo.com.tr\/magaza\/"},{"@type":"ListItem","position":3,"name":"Kimyasallar ve Mineraller"}]},{"@type":"WebSite","@id":"https:\/\/bnreo.com.tr\/#website","url":"https:\/\/bnreo.com.tr\/","name":"Bnreo | Su Ar\u0131tma Cihazlar\u0131","description":"Bnreo | Su Ar\u0131tma Cihazlar\u0131","potentialAction":[{"@type":"SearchAction","target":{"@type":"EntryPoint","urlTemplate":"https:\/\/bnreo.com.tr\/?s={search_term_string}"},"query-input":{"@type":"PropertyValueSpecification","valueRequired":true,"valueName":"search_term_string"}}],"inLanguage":"de"}]}},"_links":{"self":[{"href":"https:\/\/bnreo.com.tr\/de\/wp-json\/wp\/v2\/product\/28126","targetHints":{"allow":["GET"]}}],"collection":[{"href":"https:\/\/bnreo.com.tr\/de\/wp-json\/wp\/v2\/product"}],"about":[{"href":"https:\/\/bnreo.com.tr\/de\/wp-json\/wp\/v2\/types\/product"}],"replies":[{"embeddable":true,"href":"https:\/\/bnreo.com.tr\/de\/wp-json\/wp\/v2\/comments?post=28126"}],"version-history":[{"count":1,"href":"https:\/\/bnreo.com.tr\/de\/wp-json\/wp\/v2\/product\/28126\/revisions"}],"predecessor-version":[{"id":28128,"href":"https:\/\/bnreo.com.tr\/de\/wp-json\/wp\/v2\/product\/28126\/revisions\/28128"}],"wp:featuredmedia":[{"embeddable":true,"href":"https:\/\/bnreo.com.tr\/de\/wp-json\/wp\/v2\/media\/28127"}],"wp:attachment":[{"href":"https:\/\/bnreo.com.tr\/de\/wp-json\/wp\/v2\/media?parent=28126"}],"wp:term":[{"taxonomy":"product_brand","embeddable":true,"href":"https:\/\/bnreo.com.tr\/de\/wp-json\/wp\/v2\/product_brand?post=28126"},{"taxonomy":"product_cat","embeddable":true,"href":"https:\/\/bnreo.com.tr\/de\/wp-json\/wp\/v2\/product_cat?post=28126"},{"taxonomy":"product_tag","embeddable":true,"href":"https:\/\/bnreo.com.tr\/de\/wp-json\/wp\/v2\/product_tag?post=28126"}],"curies":[{"name":"wp","href":"https:\/\/api.w.org\/{rel}","templated":true}]}}