{"id":28120,"date":"2025-06-24T04:41:06","date_gmt":"2025-06-24T01:41:06","guid":{"rendered":"https:\/\/bnreo.com.tr\/?post_type=product&#038;p=28120"},"modified":"2025-06-24T04:41:15","modified_gmt":"2025-06-24T01:41:15","slug":"filtre-kartus-kaplari","status":"publish","type":"product","link":"https:\/\/bnreo.com.tr\/de\/product\/filtre-kartus-kaplari\/","title":{"rendered":"Filterkerzengeh\u00e4use"},"content":{"rendered":"<div class=\"cmsms_tabs tabs_mode_tab cmsms_woo_tabs\">\n<div class=\"cmsms_tabs_wrap\">\n<div id=\"tab-description\" class=\"entry-content cmsms_tab active_tab\">\n<div class=\"cmsms_tab_inner\">\n<p>Es handelt sich um ein Filtersystem, das daf\u00fcr sorgt, dass s\u00e4mtlicher Rost, Sediment, Partikel, Sand usw. im Wasser im Inneren des Kartuschenfilterk\u00f6rpers zur\u00fcckgehalten und gereinigt werden. Daf\u00fcr sorgen Kartuschen aus PP oder Edelstahl, die eine Wasserreinigung auf die gew\u00fcnschten Mikrometer gew\u00e4hrleisten.<\/p>\n<\/div>\n<\/div>\n<\/div>\n<\/div>","protected":false},"excerpt":{"rendered":"<p>Dank der Kartuschen aus PP oder Edelstahl, die eine Wasserreinigung auf die gew\u00fcnschten Mikrometer gew\u00e4hrleisten, werden s\u00e4mtlicher Rost, alle Ablagerungen, Partikel und Sand aus dem Wasser entfernt.<\/p>","protected":false},"featured_media":28121,"comment_status":"open","ping_status":"closed","template":"","meta":[],"product_brand":[],"product_cat":[81,37],"product_tag":[],"class_list":{"0":"post-28120","1":"product","2":"type-product","3":"status-publish","4":"has-post-thumbnail","6":"product_cat-cihazlar-urunler","7":"product_cat-endustriyel-su-aritma-sistemleri","9":"first","10":"instock","11":"shipping-taxable","12":"purchasable","13":"product-type-simple"},"yoast_head":"<!-- This site is optimized with the Yoast SEO plugin v25.3.1 - https:\/\/yoast.com\/wordpress\/plugins\/seo\/ -->\n<title>Filtre Kartu\u015f Kaplar\u0131 - Bnreo | Su Ar\u0131tma Cihazlar\u0131<\/title>\n<meta name=\"robots\" content=\"index, follow, max-snippet:-1, max-image-preview:large, max-video-preview:-1\" \/>\n<link rel=\"canonical\" href=\"https:\/\/bnreo.com.tr\/de\/product\/filtre-kartus-kaplari\/\" \/>\n<meta property=\"og:locale\" content=\"de_DE\" \/>\n<meta property=\"og:type\" content=\"article\" \/>\n<meta property=\"og:title\" content=\"Filtre Kartu\u015f Kaplar\u0131 - Bnreo | Su Ar\u0131tma Cihazlar\u0131\" \/>\n<meta property=\"og:description\" content=\"Suyun istenilen mikronlarda ar\u0131t\u0131lmas\u0131n\u0131 sa\u011flayan pp veya paslanmaz gruplardan malzemeden yap\u0131lm\u0131\u015f kartu\u015flar sayesinde suda ki b\u00fct\u00fcn pas, tortu, partik\u00fcl, kum\" \/>\n<meta property=\"og:url\" content=\"https:\/\/bnreo.com.tr\/de\/product\/filtre-kartus-kaplari\/\" \/>\n<meta property=\"og:site_name\" content=\"Bnreo | Su Ar\u0131tma Cihazlar\u0131\" \/>\n<meta property=\"article:modified_time\" content=\"2025-06-24T01:41:15+00:00\" \/>\n<meta property=\"og:image\" content=\"https:\/\/bnreo.com.tr\/wp-content\/uploads\/2025\/06\/ergin_teknik-filtre-kartus-kaplari-01-600x450-1.jpg\" \/>\n\t<meta property=\"og:image:width\" content=\"600\" \/>\n\t<meta property=\"og:image:height\" content=\"450\" \/>\n\t<meta property=\"og:image:type\" content=\"image\/jpeg\" \/>\n<meta name=\"twitter:card\" content=\"summary_large_image\" \/>\n<meta name=\"twitter:label1\" content=\"Gesch\u00e4tzte Lesezeit\" \/>\n\t<meta name=\"twitter:data1\" content=\"1\u00a0Minute\" \/>\n<script type=\"application\/ld+json\" class=\"yoast-schema-graph\">{\"@context\":\"https:\/\/schema.org\",\"@graph\":[{\"@type\":\"WebPage\",\"@id\":\"https:\/\/bnreo.com.tr\/product\/filtre-kartus-kaplari\/\",\"url\":\"https:\/\/bnreo.com.tr\/product\/filtre-kartus-kaplari\/\",\"name\":\"Filtre Kartu\u015f Kaplar\u0131 - Bnreo | Su Ar\u0131tma Cihazlar\u0131\",\"isPartOf\":{\"@id\":\"https:\/\/bnreo.com.tr\/#website\"},\"primaryImageOfPage\":{\"@id\":\"https:\/\/bnreo.com.tr\/product\/filtre-kartus-kaplari\/#primaryimage\"},\"image\":{\"@id\":\"https:\/\/bnreo.com.tr\/product\/filtre-kartus-kaplari\/#primaryimage\"},\"thumbnailUrl\":\"https:\/\/bnreo.com.tr\/wp-content\/uploads\/2025\/06\/ergin_teknik-filtre-kartus-kaplari-01-600x450-1.jpg\",\"datePublished\":\"2025-06-24T01:41:06+00:00\",\"dateModified\":\"2025-06-24T01:41:15+00:00\",\"breadcrumb\":{\"@id\":\"https:\/\/bnreo.com.tr\/product\/filtre-kartus-kaplari\/#breadcrumb\"},\"inLanguage\":\"de\",\"potentialAction\":[{\"@type\":\"ReadAction\",\"target\":[\"https:\/\/bnreo.com.tr\/product\/filtre-kartus-kaplari\/\"]}]},{\"@type\":\"ImageObject\",\"inLanguage\":\"de\",\"@id\":\"https:\/\/bnreo.com.tr\/product\/filtre-kartus-kaplari\/#primaryimage\",\"url\":\"https:\/\/bnreo.com.tr\/wp-content\/uploads\/2025\/06\/ergin_teknik-filtre-kartus-kaplari-01-600x450-1.jpg\",\"contentUrl\":\"https:\/\/bnreo.com.tr\/wp-content\/uploads\/2025\/06\/ergin_teknik-filtre-kartus-kaplari-01-600x450-1.jpg\",\"width\":600,\"height\":450},{\"@type\":\"BreadcrumbList\",\"@id\":\"https:\/\/bnreo.com.tr\/product\/filtre-kartus-kaplari\/#breadcrumb\",\"itemListElement\":[{\"@type\":\"ListItem\",\"position\":1,\"name\":\"Anasayfa\",\"item\":\"https:\/\/bnreo.com.tr\/\"},{\"@type\":\"ListItem\",\"position\":2,\"name\":\"Ma\u011faza\",\"item\":\"https:\/\/bnreo.com.tr\/magaza\/\"},{\"@type\":\"ListItem\",\"position\":3,\"name\":\"Filtre Kartu\u015f Kaplar\u0131\"}]},{\"@type\":\"WebSite\",\"@id\":\"https:\/\/bnreo.com.tr\/#website\",\"url\":\"https:\/\/bnreo.com.tr\/\",\"name\":\"Bnreo | Su Ar\u0131tma Cihazlar\u0131\",\"description\":\"Bnreo | Su Ar\u0131tma Cihazlar\u0131\",\"potentialAction\":[{\"@type\":\"SearchAction\",\"target\":{\"@type\":\"EntryPoint\",\"urlTemplate\":\"https:\/\/bnreo.com.tr\/?s={search_term_string}\"},\"query-input\":{\"@type\":\"PropertyValueSpecification\",\"valueRequired\":true,\"valueName\":\"search_term_string\"}}],\"inLanguage\":\"de\"}]}<\/script>\n<!-- \/ Yoast SEO plugin. -->","yoast_head_json":{"title":"Filtre Kartu\u015f Kaplar\u0131 - Bnreo | Su Ar\u0131tma Cihazlar\u0131","robots":{"index":"index","follow":"follow","max-snippet":"max-snippet:-1","max-image-preview":"max-image-preview:large","max-video-preview":"max-video-preview:-1"},"canonical":"https:\/\/bnreo.com.tr\/de\/product\/filtre-kartus-kaplari\/","og_locale":"de_DE","og_type":"article","og_title":"Filtre Kartu\u015f Kaplar\u0131 - Bnreo | Su Ar\u0131tma Cihazlar\u0131","og_description":"Suyun istenilen mikronlarda ar\u0131t\u0131lmas\u0131n\u0131 sa\u011flayan pp veya paslanmaz gruplardan malzemeden yap\u0131lm\u0131\u015f kartu\u015flar sayesinde suda ki b\u00fct\u00fcn pas, tortu, partik\u00fcl, kum","og_url":"https:\/\/bnreo.com.tr\/de\/product\/filtre-kartus-kaplari\/","og_site_name":"Bnreo | Su Ar\u0131tma Cihazlar\u0131","article_modified_time":"2025-06-24T01:41:15+00:00","og_image":[{"width":600,"height":450,"url":"https:\/\/bnreo.com.tr\/wp-content\/uploads\/2025\/06\/ergin_teknik-filtre-kartus-kaplari-01-600x450-1.jpg","type":"image\/jpeg"}],"twitter_card":"summary_large_image","twitter_misc":{"Gesch\u00e4tzte Lesezeit":"1\u00a0Minute"},"schema":{"@context":"https:\/\/schema.org","@graph":[{"@type":"WebPage","@id":"https:\/\/bnreo.com.tr\/product\/filtre-kartus-kaplari\/","url":"https:\/\/bnreo.com.tr\/product\/filtre-kartus-kaplari\/","name":"Filtre Kartu\u015f Kaplar\u0131 - Bnreo | Su Ar\u0131tma Cihazlar\u0131","isPartOf":{"@id":"https:\/\/bnreo.com.tr\/#website"},"primaryImageOfPage":{"@id":"https:\/\/bnreo.com.tr\/product\/filtre-kartus-kaplari\/#primaryimage"},"image":{"@id":"https:\/\/bnreo.com.tr\/product\/filtre-kartus-kaplari\/#primaryimage"},"thumbnailUrl":"https:\/\/bnreo.com.tr\/wp-content\/uploads\/2025\/06\/ergin_teknik-filtre-kartus-kaplari-01-600x450-1.jpg","datePublished":"2025-06-24T01:41:06+00:00","dateModified":"2025-06-24T01:41:15+00:00","breadcrumb":{"@id":"https:\/\/bnreo.com.tr\/product\/filtre-kartus-kaplari\/#breadcrumb"},"inLanguage":"de","potentialAction":[{"@type":"ReadAction","target":["https:\/\/bnreo.com.tr\/product\/filtre-kartus-kaplari\/"]}]},{"@type":"ImageObject","inLanguage":"de","@id":"https:\/\/bnreo.com.tr\/product\/filtre-kartus-kaplari\/#primaryimage","url":"https:\/\/bnreo.com.tr\/wp-content\/uploads\/2025\/06\/ergin_teknik-filtre-kartus-kaplari-01-600x450-1.jpg","contentUrl":"https:\/\/bnreo.com.tr\/wp-content\/uploads\/2025\/06\/ergin_teknik-filtre-kartus-kaplari-01-600x450-1.jpg","width":600,"height":450},{"@type":"BreadcrumbList","@id":"https:\/\/bnreo.com.tr\/product\/filtre-kartus-kaplari\/#breadcrumb","itemListElement":[{"@type":"ListItem","position":1,"name":"Anasayfa","item":"https:\/\/bnreo.com.tr\/"},{"@type":"ListItem","position":2,"name":"Ma\u011faza","item":"https:\/\/bnreo.com.tr\/magaza\/"},{"@type":"ListItem","position":3,"name":"Filtre Kartu\u015f Kaplar\u0131"}]},{"@type":"WebSite","@id":"https:\/\/bnreo.com.tr\/#website","url":"https:\/\/bnreo.com.tr\/","name":"Bnreo | Su Ar\u0131tma Cihazlar\u0131","description":"Bnreo | Su Ar\u0131tma Cihazlar\u0131","potentialAction":[{"@type":"SearchAction","target":{"@type":"EntryPoint","urlTemplate":"https:\/\/bnreo.com.tr\/?s={search_term_string}"},"query-input":{"@type":"PropertyValueSpecification","valueRequired":true,"valueName":"search_term_string"}}],"inLanguage":"de"}]}},"_links":{"self":[{"href":"https:\/\/bnreo.com.tr\/de\/wp-json\/wp\/v2\/product\/28120","targetHints":{"allow":["GET"]}}],"collection":[{"href":"https:\/\/bnreo.com.tr\/de\/wp-json\/wp\/v2\/product"}],"about":[{"href":"https:\/\/bnreo.com.tr\/de\/wp-json\/wp\/v2\/types\/product"}],"replies":[{"embeddable":true,"href":"https:\/\/bnreo.com.tr\/de\/wp-json\/wp\/v2\/comments?post=28120"}],"version-history":[{"count":1,"href":"https:\/\/bnreo.com.tr\/de\/wp-json\/wp\/v2\/product\/28120\/revisions"}],"predecessor-version":[{"id":28122,"href":"https:\/\/bnreo.com.tr\/de\/wp-json\/wp\/v2\/product\/28120\/revisions\/28122"}],"wp:featuredmedia":[{"embeddable":true,"href":"https:\/\/bnreo.com.tr\/de\/wp-json\/wp\/v2\/media\/28121"}],"wp:attachment":[{"href":"https:\/\/bnreo.com.tr\/de\/wp-json\/wp\/v2\/media?parent=28120"}],"wp:term":[{"taxonomy":"product_brand","embeddable":true,"href":"https:\/\/bnreo.com.tr\/de\/wp-json\/wp\/v2\/product_brand?post=28120"},{"taxonomy":"product_cat","embeddable":true,"href":"https:\/\/bnreo.com.tr\/de\/wp-json\/wp\/v2\/product_cat?post=28120"},{"taxonomy":"product_tag","embeddable":true,"href":"https:\/\/bnreo.com.tr\/de\/wp-json\/wp\/v2\/product_tag?post=28120"}],"curies":[{"name":"wp","href":"https:\/\/api.w.org\/{rel}","templated":true}]}}