{"id":28117,"date":"2025-06-24T04:40:38","date_gmt":"2025-06-24T01:40:38","guid":{"rendered":"https:\/\/bnreo.com.tr\/?post_type=product&#038;p=28117"},"modified":"2025-06-24T04:40:38","modified_gmt":"2025-06-24T01:40:38","slug":"eco-vertex","status":"publish","type":"product","link":"https:\/\/bnreo.com.tr\/de\/product\/eco-vertex\/","title":{"rendered":"\u00d6ko-Vertex"},"content":{"rendered":"<h2 data-start=\"152\" data-end=\"198\">Umkehrosmosesystem der ECO VERTEX-Serie<\/h2>\n<h3 data-start=\"199\" data-end=\"232\">\u2699\ufe0f Standardtechnische Spezifikationen<\/h3>\n<ul data-start=\"234\" data-end=\"1178\">\n<li data-start=\"234\" data-end=\"299\">\n<p data-start=\"236\" data-end=\"299\"><strong data-start=\"236\" data-end=\"254\">Reinigungseffizienz:<\/strong> %96 oran\u0131nda y\u00fcksek safla\u015ft\u0131rma kapasitesi<\/p>\n<\/li>\n<li data-start=\"300\" data-end=\"349\">\n<p data-start=\"302\" data-end=\"349\"><strong data-start=\"302\" data-end=\"319\">K\u00f6rperstruktur:<\/strong> Lackiertes, langlebiges Stahlchassis<\/p>\n<\/li>\n<li data-start=\"350\" data-end=\"425\">\n<p data-start=\"352\" data-end=\"425\"><strong data-start=\"352\" data-end=\"367\">Pipeline:<\/strong> U-PVC Zonder-Rohrleitungssystem am Abwasser- und Membraneinlass<\/p>\n<\/li>\n<li data-start=\"426\" data-end=\"475\">\n<p data-start=\"428\" data-end=\"475\"><strong data-start=\"428\" data-end=\"438\">Pumpe:<\/strong> Hocheffizienzpumpe vom Typ Rotoflow<\/p>\n<\/li>\n<li data-start=\"476\" data-end=\"542\">\n<p data-start=\"478\" data-end=\"542\"><strong data-start=\"478\" data-end=\"497\">Zugriffskontrolle:<\/strong> Elektrisch betriebenes automatisches Einlassventil<\/p>\n<\/li>\n<li data-start=\"543\" data-end=\"607\">\n<p data-start=\"545\" data-end=\"607\"><strong data-start=\"545\" data-end=\"561\">Durchflussmessung:<\/strong> Pr\u00e4zise Durchflussmesser f\u00fcr Abwasser und Produktwasser<\/p>\n<\/li>\n<li data-start=\"608\" data-end=\"671\">\n<p data-start=\"610\" data-end=\"671\"><strong data-start=\"610\" data-end=\"628\">Druckmessung:<\/strong> \u00dcbersichtliche \u00dcberwachung durch glyceringef\u00fclltes Manometer<\/p>\n<\/li>\n<li data-start=\"672\" data-end=\"734\">\n<p data-start=\"674\" data-end=\"734\"><strong data-start=\"674\" data-end=\"692\">Abwasseranpassung:<\/strong> SS316 Nadelpr\u00e4zisions-Abwasserregulierventil<\/p>\n<\/li>\n<li data-start=\"735\" data-end=\"798\">\n<p data-start=\"737\" data-end=\"798\"><strong data-start=\"737\" data-end=\"749\">Membran:<\/strong> Membran vom Typ 4040 und 300 PSI FRP-Membranabdeckung<\/p>\n<\/li>\n<li data-start=\"799\" data-end=\"867\">\n<p data-start=\"801\" data-end=\"867\"><strong data-start=\"801\" data-end=\"819\">Druckschutz:<\/strong> Anlagensicherheit mit Niederdruckschaltern<\/p>\n<\/li>\n<li data-start=\"868\" data-end=\"937\">\n<p data-start=\"870\" data-end=\"937\"><strong data-start=\"870\" data-end=\"885\">TDS-Verfolgung:<\/strong> \u00dcberwachung der Wasserqualit\u00e4t mit einem TDS-Messger\u00e4t in Panelausf\u00fchrung<\/p>\n<\/li>\n<li data-start=\"938\" data-end=\"992\">\n<p data-start=\"940\" data-end=\"992\"><strong data-start=\"940\" data-end=\"958\">Warnsystem:<\/strong> Statuskontroll- und Warnleuchten<\/p>\n<\/li>\n<li data-start=\"993\" data-end=\"1054\">\n<p data-start=\"995\" data-end=\"1054\"><strong data-start=\"995\" data-end=\"1015\">Niveauregulierung:<\/strong> Niveau-Schwimmerschalter f\u00fcr Produktwassertank<\/p>\n<\/li>\n<li data-start=\"1055\" data-end=\"1110\">\n<p data-start=\"1057\" data-end=\"1110\"><strong data-start=\"1057\" data-end=\"1075\">Dosierpumpe:<\/strong> Optionale Chemikaliendosiereinheit<\/p>\n<\/li>\n<li data-start=\"1111\" data-end=\"1178\">\n<p data-start=\"1113\" data-end=\"1178\"><strong data-start=\"1113\" data-end=\"1135\">Waschfunktion:<\/strong> Auto Flushing (automatische Selbstreinigung)<\/p>\n<\/li>\n<\/ul>","protected":false},"excerpt":{"rendered":"<p>ECO VERTEX Serisi Reverse Osmosis Sistemi \u2699\ufe0f Standart Teknik \u00d6zellikler Ar\u0131tma Verimi: %96 oran\u0131nda y\u00fcksek safla\u015ft\u0131rma kapasitesi G\u00f6vde Yap\u0131s\u0131: Boyal\u0131<\/p>","protected":false},"featured_media":28118,"comment_status":"open","ping_status":"closed","template":"","meta":[],"product_brand":[],"product_cat":[81,37],"product_tag":[],"class_list":{"0":"post-28117","1":"product","2":"type-product","3":"status-publish","4":"has-post-thumbnail","6":"product_cat-cihazlar-urunler","7":"product_cat-endustriyel-su-aritma-sistemleri","9":"first","10":"instock","11":"shipping-taxable","12":"purchasable","13":"product-type-simple"},"yoast_head":"<!-- This site is optimized with the Yoast SEO plugin v25.3.1 - https:\/\/yoast.com\/wordpress\/plugins\/seo\/ -->\n<title>Eco Vertex - Bnreo | Su Ar\u0131tma Cihazlar\u0131<\/title>\n<meta name=\"robots\" content=\"index, follow, max-snippet:-1, max-image-preview:large, max-video-preview:-1\" \/>\n<link rel=\"canonical\" href=\"https:\/\/bnreo.com.tr\/de\/product\/eco-vertex\/\" \/>\n<meta property=\"og:locale\" content=\"de_DE\" \/>\n<meta property=\"og:type\" content=\"article\" \/>\n<meta property=\"og:title\" content=\"Eco Vertex - Bnreo | Su Ar\u0131tma Cihazlar\u0131\" \/>\n<meta property=\"og:description\" content=\"ECO VERTEX Serisi Reverse Osmosis Sistemi \u2699\ufe0f Standart Teknik \u00d6zellikler Ar\u0131tma Verimi: %96 oran\u0131nda y\u00fcksek safla\u015ft\u0131rma kapasitesi G\u00f6vde Yap\u0131s\u0131: Boyal\u0131\" \/>\n<meta property=\"og:url\" content=\"https:\/\/bnreo.com.tr\/de\/product\/eco-vertex\/\" \/>\n<meta property=\"og:site_name\" content=\"Bnreo | Su Ar\u0131tma Cihazlar\u0131\" \/>\n<meta property=\"og:image\" content=\"https:\/\/bnreo.com.tr\/wp-content\/uploads\/2025\/06\/ergin_teknik-vertex-kopya-01-600x600-1.jpg\" \/>\n\t<meta property=\"og:image:width\" content=\"600\" \/>\n\t<meta property=\"og:image:height\" content=\"600\" \/>\n\t<meta property=\"og:image:type\" content=\"image\/jpeg\" \/>\n<meta name=\"twitter:card\" content=\"summary_large_image\" \/>\n<meta name=\"twitter:label1\" content=\"Gesch\u00e4tzte Lesezeit\" \/>\n\t<meta name=\"twitter:data1\" content=\"1\u00a0Minute\" \/>\n<script type=\"application\/ld+json\" class=\"yoast-schema-graph\">{\"@context\":\"https:\/\/schema.org\",\"@graph\":[{\"@type\":\"WebPage\",\"@id\":\"https:\/\/bnreo.com.tr\/product\/eco-vertex\/\",\"url\":\"https:\/\/bnreo.com.tr\/product\/eco-vertex\/\",\"name\":\"Eco Vertex - Bnreo | Su Ar\u0131tma Cihazlar\u0131\",\"isPartOf\":{\"@id\":\"https:\/\/bnreo.com.tr\/#website\"},\"primaryImageOfPage\":{\"@id\":\"https:\/\/bnreo.com.tr\/product\/eco-vertex\/#primaryimage\"},\"image\":{\"@id\":\"https:\/\/bnreo.com.tr\/product\/eco-vertex\/#primaryimage\"},\"thumbnailUrl\":\"https:\/\/bnreo.com.tr\/wp-content\/uploads\/2025\/06\/ergin_teknik-vertex-kopya-01-600x600-1.jpg\",\"datePublished\":\"2025-06-24T01:40:38+00:00\",\"breadcrumb\":{\"@id\":\"https:\/\/bnreo.com.tr\/product\/eco-vertex\/#breadcrumb\"},\"inLanguage\":\"de\",\"potentialAction\":[{\"@type\":\"ReadAction\",\"target\":[\"https:\/\/bnreo.com.tr\/product\/eco-vertex\/\"]}]},{\"@type\":\"ImageObject\",\"inLanguage\":\"de\",\"@id\":\"https:\/\/bnreo.com.tr\/product\/eco-vertex\/#primaryimage\",\"url\":\"https:\/\/bnreo.com.tr\/wp-content\/uploads\/2025\/06\/ergin_teknik-vertex-kopya-01-600x600-1.jpg\",\"contentUrl\":\"https:\/\/bnreo.com.tr\/wp-content\/uploads\/2025\/06\/ergin_teknik-vertex-kopya-01-600x600-1.jpg\",\"width\":600,\"height\":600},{\"@type\":\"BreadcrumbList\",\"@id\":\"https:\/\/bnreo.com.tr\/product\/eco-vertex\/#breadcrumb\",\"itemListElement\":[{\"@type\":\"ListItem\",\"position\":1,\"name\":\"Anasayfa\",\"item\":\"https:\/\/bnreo.com.tr\/\"},{\"@type\":\"ListItem\",\"position\":2,\"name\":\"Ma\u011faza\",\"item\":\"https:\/\/bnreo.com.tr\/magaza\/\"},{\"@type\":\"ListItem\",\"position\":3,\"name\":\"Eco Vertex\"}]},{\"@type\":\"WebSite\",\"@id\":\"https:\/\/bnreo.com.tr\/#website\",\"url\":\"https:\/\/bnreo.com.tr\/\",\"name\":\"Bnreo | Su Ar\u0131tma Cihazlar\u0131\",\"description\":\"Bnreo | Su Ar\u0131tma Cihazlar\u0131\",\"potentialAction\":[{\"@type\":\"SearchAction\",\"target\":{\"@type\":\"EntryPoint\",\"urlTemplate\":\"https:\/\/bnreo.com.tr\/?s={search_term_string}\"},\"query-input\":{\"@type\":\"PropertyValueSpecification\",\"valueRequired\":true,\"valueName\":\"search_term_string\"}}],\"inLanguage\":\"de\"}]}<\/script>\n<!-- \/ Yoast SEO plugin. -->","yoast_head_json":{"title":"Eco Vertex - Bnreo | Su Ar\u0131tma Cihazlar\u0131","robots":{"index":"index","follow":"follow","max-snippet":"max-snippet:-1","max-image-preview":"max-image-preview:large","max-video-preview":"max-video-preview:-1"},"canonical":"https:\/\/bnreo.com.tr\/de\/product\/eco-vertex\/","og_locale":"de_DE","og_type":"article","og_title":"Eco Vertex - Bnreo | Su Ar\u0131tma Cihazlar\u0131","og_description":"ECO VERTEX Serisi Reverse Osmosis Sistemi \u2699\ufe0f Standart Teknik \u00d6zellikler Ar\u0131tma Verimi: %96 oran\u0131nda y\u00fcksek safla\u015ft\u0131rma kapasitesi G\u00f6vde Yap\u0131s\u0131: Boyal\u0131","og_url":"https:\/\/bnreo.com.tr\/de\/product\/eco-vertex\/","og_site_name":"Bnreo | Su Ar\u0131tma Cihazlar\u0131","og_image":[{"width":600,"height":600,"url":"https:\/\/bnreo.com.tr\/wp-content\/uploads\/2025\/06\/ergin_teknik-vertex-kopya-01-600x600-1.jpg","type":"image\/jpeg"}],"twitter_card":"summary_large_image","twitter_misc":{"Gesch\u00e4tzte Lesezeit":"1\u00a0Minute"},"schema":{"@context":"https:\/\/schema.org","@graph":[{"@type":"WebPage","@id":"https:\/\/bnreo.com.tr\/product\/eco-vertex\/","url":"https:\/\/bnreo.com.tr\/product\/eco-vertex\/","name":"Eco Vertex - Bnreo | Su Ar\u0131tma Cihazlar\u0131","isPartOf":{"@id":"https:\/\/bnreo.com.tr\/#website"},"primaryImageOfPage":{"@id":"https:\/\/bnreo.com.tr\/product\/eco-vertex\/#primaryimage"},"image":{"@id":"https:\/\/bnreo.com.tr\/product\/eco-vertex\/#primaryimage"},"thumbnailUrl":"https:\/\/bnreo.com.tr\/wp-content\/uploads\/2025\/06\/ergin_teknik-vertex-kopya-01-600x600-1.jpg","datePublished":"2025-06-24T01:40:38+00:00","breadcrumb":{"@id":"https:\/\/bnreo.com.tr\/product\/eco-vertex\/#breadcrumb"},"inLanguage":"de","potentialAction":[{"@type":"ReadAction","target":["https:\/\/bnreo.com.tr\/product\/eco-vertex\/"]}]},{"@type":"ImageObject","inLanguage":"de","@id":"https:\/\/bnreo.com.tr\/product\/eco-vertex\/#primaryimage","url":"https:\/\/bnreo.com.tr\/wp-content\/uploads\/2025\/06\/ergin_teknik-vertex-kopya-01-600x600-1.jpg","contentUrl":"https:\/\/bnreo.com.tr\/wp-content\/uploads\/2025\/06\/ergin_teknik-vertex-kopya-01-600x600-1.jpg","width":600,"height":600},{"@type":"BreadcrumbList","@id":"https:\/\/bnreo.com.tr\/product\/eco-vertex\/#breadcrumb","itemListElement":[{"@type":"ListItem","position":1,"name":"Anasayfa","item":"https:\/\/bnreo.com.tr\/"},{"@type":"ListItem","position":2,"name":"Ma\u011faza","item":"https:\/\/bnreo.com.tr\/magaza\/"},{"@type":"ListItem","position":3,"name":"Eco Vertex"}]},{"@type":"WebSite","@id":"https:\/\/bnreo.com.tr\/#website","url":"https:\/\/bnreo.com.tr\/","name":"Bnreo | Su Ar\u0131tma Cihazlar\u0131","description":"Bnreo | Su Ar\u0131tma Cihazlar\u0131","potentialAction":[{"@type":"SearchAction","target":{"@type":"EntryPoint","urlTemplate":"https:\/\/bnreo.com.tr\/?s={search_term_string}"},"query-input":{"@type":"PropertyValueSpecification","valueRequired":true,"valueName":"search_term_string"}}],"inLanguage":"de"}]}},"_links":{"self":[{"href":"https:\/\/bnreo.com.tr\/de\/wp-json\/wp\/v2\/product\/28117","targetHints":{"allow":["GET"]}}],"collection":[{"href":"https:\/\/bnreo.com.tr\/de\/wp-json\/wp\/v2\/product"}],"about":[{"href":"https:\/\/bnreo.com.tr\/de\/wp-json\/wp\/v2\/types\/product"}],"replies":[{"embeddable":true,"href":"https:\/\/bnreo.com.tr\/de\/wp-json\/wp\/v2\/comments?post=28117"}],"version-history":[{"count":1,"href":"https:\/\/bnreo.com.tr\/de\/wp-json\/wp\/v2\/product\/28117\/revisions"}],"predecessor-version":[{"id":28119,"href":"https:\/\/bnreo.com.tr\/de\/wp-json\/wp\/v2\/product\/28117\/revisions\/28119"}],"wp:featuredmedia":[{"embeddable":true,"href":"https:\/\/bnreo.com.tr\/de\/wp-json\/wp\/v2\/media\/28118"}],"wp:attachment":[{"href":"https:\/\/bnreo.com.tr\/de\/wp-json\/wp\/v2\/media?parent=28117"}],"wp:term":[{"taxonomy":"product_brand","embeddable":true,"href":"https:\/\/bnreo.com.tr\/de\/wp-json\/wp\/v2\/product_brand?post=28117"},{"taxonomy":"product_cat","embeddable":true,"href":"https:\/\/bnreo.com.tr\/de\/wp-json\/wp\/v2\/product_cat?post=28117"},{"taxonomy":"product_tag","embeddable":true,"href":"https:\/\/bnreo.com.tr\/de\/wp-json\/wp\/v2\/product_tag?post=28117"}],"curies":[{"name":"wp","href":"https:\/\/api.w.org\/{rel}","templated":true}]}}