{"id":28102,"date":"2025-06-24T04:37:24","date_gmt":"2025-06-24T01:37:24","guid":{"rendered":"https:\/\/bnreo.com.tr\/?post_type=product&#038;p=28102"},"modified":"2025-06-24T04:37:24","modified_gmt":"2025-06-24T01:37:24","slug":"2tam-otomatik-filtre-valfi","status":"publish","type":"product","link":"https:\/\/bnreo.com.tr\/de\/product\/2tam-otomatik-filtre-valfi\/","title":{"rendered":"2&quot; VOLLAUTOMATISCHES FILTERVENTIL"},"content":{"rendered":"<h3 data-start=\"134\" data-end=\"158\">\ud83d\udd27 Technische Daten<\/h3>\n<ul data-start=\"160\" data-end=\"465\">\n<li data-start=\"160\" data-end=\"197\">\n<p data-start=\"162\" data-end=\"197\"><strong data-start=\"162\" data-end=\"184\">Nenndurchflussrate:<\/strong> 20 m\u00b3\/Stunde<\/p>\n<\/li>\n<li data-start=\"198\" data-end=\"243\">\n<p data-start=\"200\" data-end=\"243\"><strong data-start=\"200\" data-end=\"230\">Betriebstemperaturbereich:<\/strong> 5\u00b0C \u2013 50\u00b0C<\/p>\n<\/li>\n<li data-start=\"244\" data-end=\"280\">\n<p data-start=\"246\" data-end=\"280\"><strong data-start=\"246\" data-end=\"266\">Arbeitsdruck:<\/strong> 1,5 \u2013 6 bar<\/p>\n<\/li>\n<li data-start=\"281\" data-end=\"322\">\n<p data-start=\"283\" data-end=\"322\"><strong data-start=\"283\" data-end=\"317\">Eingangs-\/Ausgangsanschlussgr\u00f6\u00dfe:<\/strong> 2&quot;<\/p>\n<\/li>\n<li data-start=\"323\" data-end=\"357\">\n<p data-start=\"325\" data-end=\"357\"><strong data-start=\"325\" data-end=\"345\">Kompatibilit\u00e4t des Tankdurchmessers:<\/strong> 21\u201d \u2013 42\u201d<\/p>\n<\/li>\n<li data-start=\"358\" data-end=\"399\">\n<p data-start=\"360\" data-end=\"399\"><strong data-start=\"360\" data-end=\"383\">Stromversorgung:<\/strong> Gleichstrom 24 V \/ 1,5 A<\/p>\n<\/li>\n<li data-start=\"400\" data-end=\"465\">\n<p data-start=\"402\" data-end=\"465\"><strong data-start=\"402\" data-end=\"424\">Regenerationstyp:<\/strong> Zeitgesteuert (mit periodischer Programmierung)<\/p>\n<\/li>\n<\/ul>","protected":false},"excerpt":{"rendered":"<p>\ud83d\udd27 Technische Daten Nenndurchflussrate: 20 m\u00b3\/h Betriebstemperaturbereich: 5 \u00b0C \u2013 50 \u00b0C Betriebsdruck: 1,5 \u2013 6 bar<\/p>","protected":false},"featured_media":28103,"comment_status":"open","ping_status":"closed","template":"","meta":[],"product_brand":[],"product_cat":[81,37],"product_tag":[],"class_list":{"0":"post-28102","1":"product","2":"type-product","3":"status-publish","4":"has-post-thumbnail","6":"product_cat-cihazlar-urunler","7":"product_cat-endustriyel-su-aritma-sistemleri","9":"first","10":"instock","11":"shipping-taxable","12":"purchasable","13":"product-type-simple"},"yoast_head":"<!-- This site is optimized with the Yoast SEO plugin v25.3.1 - https:\/\/yoast.com\/wordpress\/plugins\/seo\/ -->\n<title>2\u201dTAM OTOMAT\u0130K F\u0130LTRE VALF\u0130 - Bnreo | Su Ar\u0131tma Cihazlar\u0131<\/title>\n<meta name=\"robots\" content=\"index, follow, max-snippet:-1, max-image-preview:large, max-video-preview:-1\" \/>\n<link rel=\"canonical\" href=\"https:\/\/bnreo.com.tr\/de\/product\/2tam-otomatik-filtre-valfi\/\" \/>\n<meta property=\"og:locale\" content=\"de_DE\" \/>\n<meta property=\"og:type\" content=\"article\" \/>\n<meta property=\"og:title\" content=\"2\u201dTAM OTOMAT\u0130K F\u0130LTRE VALF\u0130 - Bnreo | Su Ar\u0131tma Cihazlar\u0131\" \/>\n<meta property=\"og:description\" content=\"\ud83d\udd27 Teknik \u00d6zellikler Nominal Ak\u0131\u015f H\u0131z\u0131: 20 m\u00b3\/saat \u00c7al\u0131\u015fma S\u0131cakl\u0131\u011f\u0131 Aral\u0131\u011f\u0131: 5\u00b0C \u2013 50\u00b0C \u00c7al\u0131\u015fma Bas\u0131nc\u0131: 1.5 \u2013 6 bar\" \/>\n<meta property=\"og:url\" content=\"https:\/\/bnreo.com.tr\/de\/product\/2tam-otomatik-filtre-valfi\/\" \/>\n<meta property=\"og:site_name\" content=\"Bnreo | Su Ar\u0131tma Cihazlar\u0131\" \/>\n<meta property=\"og:image\" content=\"https:\/\/bnreo.com.tr\/wp-content\/uploads\/2025\/06\/ergin_teknik-2tam-otomatIk-fIltre-valfI-01-600x600-1.jpg\" \/>\n\t<meta property=\"og:image:width\" content=\"600\" \/>\n\t<meta property=\"og:image:height\" content=\"600\" \/>\n\t<meta property=\"og:image:type\" content=\"image\/jpeg\" \/>\n<meta name=\"twitter:card\" content=\"summary_large_image\" \/>\n<meta name=\"twitter:label1\" content=\"Gesch\u00e4tzte Lesezeit\" \/>\n\t<meta name=\"twitter:data1\" content=\"1\u00a0Minute\" \/>\n<script type=\"application\/ld+json\" class=\"yoast-schema-graph\">{\"@context\":\"https:\/\/schema.org\",\"@graph\":[{\"@type\":\"WebPage\",\"@id\":\"https:\/\/bnreo.com.tr\/product\/2tam-otomatik-filtre-valfi\/\",\"url\":\"https:\/\/bnreo.com.tr\/product\/2tam-otomatik-filtre-valfi\/\",\"name\":\"2\u201dTAM OTOMAT\u0130K F\u0130LTRE VALF\u0130 - Bnreo | Su Ar\u0131tma Cihazlar\u0131\",\"isPartOf\":{\"@id\":\"https:\/\/bnreo.com.tr\/#website\"},\"primaryImageOfPage\":{\"@id\":\"https:\/\/bnreo.com.tr\/product\/2tam-otomatik-filtre-valfi\/#primaryimage\"},\"image\":{\"@id\":\"https:\/\/bnreo.com.tr\/product\/2tam-otomatik-filtre-valfi\/#primaryimage\"},\"thumbnailUrl\":\"https:\/\/bnreo.com.tr\/wp-content\/uploads\/2025\/06\/ergin_teknik-2tam-otomatIk-fIltre-valfI-01-600x600-1.jpg\",\"datePublished\":\"2025-06-24T01:37:24+00:00\",\"breadcrumb\":{\"@id\":\"https:\/\/bnreo.com.tr\/product\/2tam-otomatik-filtre-valfi\/#breadcrumb\"},\"inLanguage\":\"de\",\"potentialAction\":[{\"@type\":\"ReadAction\",\"target\":[\"https:\/\/bnreo.com.tr\/product\/2tam-otomatik-filtre-valfi\/\"]}]},{\"@type\":\"ImageObject\",\"inLanguage\":\"de\",\"@id\":\"https:\/\/bnreo.com.tr\/product\/2tam-otomatik-filtre-valfi\/#primaryimage\",\"url\":\"https:\/\/bnreo.com.tr\/wp-content\/uploads\/2025\/06\/ergin_teknik-2tam-otomatIk-fIltre-valfI-01-600x600-1.jpg\",\"contentUrl\":\"https:\/\/bnreo.com.tr\/wp-content\/uploads\/2025\/06\/ergin_teknik-2tam-otomatIk-fIltre-valfI-01-600x600-1.jpg\",\"width\":600,\"height\":600},{\"@type\":\"BreadcrumbList\",\"@id\":\"https:\/\/bnreo.com.tr\/product\/2tam-otomatik-filtre-valfi\/#breadcrumb\",\"itemListElement\":[{\"@type\":\"ListItem\",\"position\":1,\"name\":\"Anasayfa\",\"item\":\"https:\/\/bnreo.com.tr\/\"},{\"@type\":\"ListItem\",\"position\":2,\"name\":\"Ma\u011faza\",\"item\":\"https:\/\/bnreo.com.tr\/magaza\/\"},{\"@type\":\"ListItem\",\"position\":3,\"name\":\"2\u201dTAM OTOMAT\u0130K F\u0130LTRE VALF\u0130\"}]},{\"@type\":\"WebSite\",\"@id\":\"https:\/\/bnreo.com.tr\/#website\",\"url\":\"https:\/\/bnreo.com.tr\/\",\"name\":\"Bnreo | Su Ar\u0131tma Cihazlar\u0131\",\"description\":\"Bnreo | Su Ar\u0131tma Cihazlar\u0131\",\"potentialAction\":[{\"@type\":\"SearchAction\",\"target\":{\"@type\":\"EntryPoint\",\"urlTemplate\":\"https:\/\/bnreo.com.tr\/?s={search_term_string}\"},\"query-input\":{\"@type\":\"PropertyValueSpecification\",\"valueRequired\":true,\"valueName\":\"search_term_string\"}}],\"inLanguage\":\"de\"}]}<\/script>\n<!-- \/ Yoast SEO plugin. -->","yoast_head_json":{"title":"2\u201dTAM OTOMAT\u0130K F\u0130LTRE VALF\u0130 - Bnreo | Su Ar\u0131tma Cihazlar\u0131","robots":{"index":"index","follow":"follow","max-snippet":"max-snippet:-1","max-image-preview":"max-image-preview:large","max-video-preview":"max-video-preview:-1"},"canonical":"https:\/\/bnreo.com.tr\/de\/product\/2tam-otomatik-filtre-valfi\/","og_locale":"de_DE","og_type":"article","og_title":"2\u201dTAM OTOMAT\u0130K F\u0130LTRE VALF\u0130 - Bnreo | Su Ar\u0131tma Cihazlar\u0131","og_description":"\ud83d\udd27 Teknik \u00d6zellikler Nominal Ak\u0131\u015f H\u0131z\u0131: 20 m\u00b3\/saat \u00c7al\u0131\u015fma S\u0131cakl\u0131\u011f\u0131 Aral\u0131\u011f\u0131: 5\u00b0C \u2013 50\u00b0C \u00c7al\u0131\u015fma Bas\u0131nc\u0131: 1.5 \u2013 6 bar","og_url":"https:\/\/bnreo.com.tr\/de\/product\/2tam-otomatik-filtre-valfi\/","og_site_name":"Bnreo | Su Ar\u0131tma Cihazlar\u0131","og_image":[{"width":600,"height":600,"url":"https:\/\/bnreo.com.tr\/wp-content\/uploads\/2025\/06\/ergin_teknik-2tam-otomatIk-fIltre-valfI-01-600x600-1.jpg","type":"image\/jpeg"}],"twitter_card":"summary_large_image","twitter_misc":{"Gesch\u00e4tzte Lesezeit":"1\u00a0Minute"},"schema":{"@context":"https:\/\/schema.org","@graph":[{"@type":"WebPage","@id":"https:\/\/bnreo.com.tr\/product\/2tam-otomatik-filtre-valfi\/","url":"https:\/\/bnreo.com.tr\/product\/2tam-otomatik-filtre-valfi\/","name":"2\u201dTAM OTOMAT\u0130K F\u0130LTRE VALF\u0130 - Bnreo | Su Ar\u0131tma Cihazlar\u0131","isPartOf":{"@id":"https:\/\/bnreo.com.tr\/#website"},"primaryImageOfPage":{"@id":"https:\/\/bnreo.com.tr\/product\/2tam-otomatik-filtre-valfi\/#primaryimage"},"image":{"@id":"https:\/\/bnreo.com.tr\/product\/2tam-otomatik-filtre-valfi\/#primaryimage"},"thumbnailUrl":"https:\/\/bnreo.com.tr\/wp-content\/uploads\/2025\/06\/ergin_teknik-2tam-otomatIk-fIltre-valfI-01-600x600-1.jpg","datePublished":"2025-06-24T01:37:24+00:00","breadcrumb":{"@id":"https:\/\/bnreo.com.tr\/product\/2tam-otomatik-filtre-valfi\/#breadcrumb"},"inLanguage":"de","potentialAction":[{"@type":"ReadAction","target":["https:\/\/bnreo.com.tr\/product\/2tam-otomatik-filtre-valfi\/"]}]},{"@type":"ImageObject","inLanguage":"de","@id":"https:\/\/bnreo.com.tr\/product\/2tam-otomatik-filtre-valfi\/#primaryimage","url":"https:\/\/bnreo.com.tr\/wp-content\/uploads\/2025\/06\/ergin_teknik-2tam-otomatIk-fIltre-valfI-01-600x600-1.jpg","contentUrl":"https:\/\/bnreo.com.tr\/wp-content\/uploads\/2025\/06\/ergin_teknik-2tam-otomatIk-fIltre-valfI-01-600x600-1.jpg","width":600,"height":600},{"@type":"BreadcrumbList","@id":"https:\/\/bnreo.com.tr\/product\/2tam-otomatik-filtre-valfi\/#breadcrumb","itemListElement":[{"@type":"ListItem","position":1,"name":"Anasayfa","item":"https:\/\/bnreo.com.tr\/"},{"@type":"ListItem","position":2,"name":"Ma\u011faza","item":"https:\/\/bnreo.com.tr\/magaza\/"},{"@type":"ListItem","position":3,"name":"2\u201dTAM OTOMAT\u0130K F\u0130LTRE VALF\u0130"}]},{"@type":"WebSite","@id":"https:\/\/bnreo.com.tr\/#website","url":"https:\/\/bnreo.com.tr\/","name":"Bnreo | Su Ar\u0131tma Cihazlar\u0131","description":"Bnreo | Su Ar\u0131tma Cihazlar\u0131","potentialAction":[{"@type":"SearchAction","target":{"@type":"EntryPoint","urlTemplate":"https:\/\/bnreo.com.tr\/?s={search_term_string}"},"query-input":{"@type":"PropertyValueSpecification","valueRequired":true,"valueName":"search_term_string"}}],"inLanguage":"de"}]}},"_links":{"self":[{"href":"https:\/\/bnreo.com.tr\/de\/wp-json\/wp\/v2\/product\/28102","targetHints":{"allow":["GET"]}}],"collection":[{"href":"https:\/\/bnreo.com.tr\/de\/wp-json\/wp\/v2\/product"}],"about":[{"href":"https:\/\/bnreo.com.tr\/de\/wp-json\/wp\/v2\/types\/product"}],"replies":[{"embeddable":true,"href":"https:\/\/bnreo.com.tr\/de\/wp-json\/wp\/v2\/comments?post=28102"}],"version-history":[{"count":1,"href":"https:\/\/bnreo.com.tr\/de\/wp-json\/wp\/v2\/product\/28102\/revisions"}],"predecessor-version":[{"id":28104,"href":"https:\/\/bnreo.com.tr\/de\/wp-json\/wp\/v2\/product\/28102\/revisions\/28104"}],"wp:featuredmedia":[{"embeddable":true,"href":"https:\/\/bnreo.com.tr\/de\/wp-json\/wp\/v2\/media\/28103"}],"wp:attachment":[{"href":"https:\/\/bnreo.com.tr\/de\/wp-json\/wp\/v2\/media?parent=28102"}],"wp:term":[{"taxonomy":"product_brand","embeddable":true,"href":"https:\/\/bnreo.com.tr\/de\/wp-json\/wp\/v2\/product_brand?post=28102"},{"taxonomy":"product_cat","embeddable":true,"href":"https:\/\/bnreo.com.tr\/de\/wp-json\/wp\/v2\/product_cat?post=28102"},{"taxonomy":"product_tag","embeddable":true,"href":"https:\/\/bnreo.com.tr\/de\/wp-json\/wp\/v2\/product_tag?post=28102"}],"curies":[{"name":"wp","href":"https:\/\/api.w.org\/{rel}","templated":true}]}}