{"id":28217,"date":"2025-06-24T05:14:39","date_gmt":"2025-06-24T02:14:39","guid":{"rendered":"https:\/\/bnreo.com.tr\/?page_id=28217"},"modified":"2025-06-24T05:18:50","modified_gmt":"2025-06-24T02:18:50","slug":"mesafeli-satis-sozlesmesi","status":"publish","type":"page","link":"https:\/\/bnreo.com.tr\/de\/mesafeli-satis-sozlesmesi\/","title":{"rendered":"Fernabsatzvertrag"},"content":{"rendered":"<div data-elementor-type=\"wp-page\" data-elementor-id=\"28217\" class=\"elementor elementor-28217\">\n\t\t\t\t<div class=\"wd-negative-gap elementor-element elementor-element-2f01c2b e-flex e-con-boxed elementor-invisible e-con e-parent\" data-id=\"2f01c2b\" data-element_type=\"container\" data-settings=\"{&quot;animation&quot;:&quot;fadeInUp&quot;}\">\n\t\t\t\t\t<div class=\"e-con-inner\">\n\t\t<div class=\"elementor-element elementor-element-b9952cc e-con-full e-flex e-con e-child\" data-id=\"b9952cc\" data-element_type=\"container\">\n\t\t\t\t<div class=\"elementor-element elementor-element-9ecc681 color-scheme-inherit text-left elementor-widget elementor-widget-text-editor\" data-id=\"9ecc681\" data-element_type=\"widget\" data-widget_type=\"text-editor.default\">\n\t\t\t\t<div class=\"elementor-widget-container\">\n\t\t\t\t\t\t\t\t\t<h2 data-start=\"193\" data-end=\"224\">Fernabsatzvertrag<\/h2><p data-start=\"226\" data-end=\"248\"><strong data-start=\"226\" data-end=\"248\">ARTIKEL 1 \u2013 PARTEIEN<\/strong><\/p><p data-start=\"250\" data-end=\"417\"><strong data-start=\"250\" data-end=\"261\">Verk\u00e4ufer:<\/strong><br data-start=\"261\" data-end=\"264\" \/>Titel: BNREO<br data-start=\"276\" data-end=\"279\" \/>Adresse: K\u00fc\u00e7\u00fckhasbah\u00e7e, 606. Sk 5A, 07400 Alanya\/Antalya<br data-start=\"333\" data-end=\"336\" \/>Telefon: +90 544 747 1 747<br data-start=\"362\" data-end=\"365\" \/>E-Mail: <a class=\"cursor-pointer\" rel=\"noopener\" data-start=\"374\" data-end=\"391\">info@bnreo.com.tr<\/a><br data-start=\"391\" data-end=\"394\" \/>Webseite: <a class=\"\" href=\"https:\/\/bnreo.com.tr\/de\/\" target=\"_new\" rel=\"noopener\" data-start=\"399\" data-end=\"415\">www.bnreo.com.tr<\/a><\/p><p data-start=\"419\" data-end=\"543\"><strong data-start=\"419\" data-end=\"429\">K\u00e4ufer:<\/strong><br data-start=\"429\" data-end=\"432\" \/>Der Benutzer, der auf der Website einkauft und die Bestellung abschlie\u00dft (nachfolgend \u201eK\u00c4UFER\u201c genannt)<\/p><hr data-start=\"545\" data-end=\"548\" \/><p data-start=\"550\" data-end=\"826\"><strong data-start=\"550\" data-end=\"568\">ARTIKEL 2 \u2013 GEGENSTAND<\/strong><br data-start=\"568\" data-end=\"571\" \/>Gegenstand dieses Vertrages ist die <a class=\"\" href=\"https:\/\/bnreo.com.tr\/de\/\" target=\"_new\" rel=\"noopener\" data-start=\"606\" data-end=\"622\">www.bnreo.com.tr<\/a> Es handelt sich um die Festlegung der Rechte und Pflichten der Parteien hinsichtlich des Verkaufs und der Lieferung des elektronisch \u00fcber die Website bestellten Produkts oder der Dienstleistung, deren Eigenschaften und Verkaufspreis angegeben sind.<\/p><hr data-start=\"828\" data-end=\"831\" \/><p data-start=\"833\" data-end=\"1084\"><strong data-start=\"833\" data-end=\"868\">ARTIKEL 3 \u2013 PRODUKT-\/SERVICEINFORMATIONEN<\/strong><br data-start=\"868\" data-end=\"871\" \/>Art, Art, Menge, Marke\/Modell, Farbe, Verkaufspreis inkl. Steuern, Zahlungsart und Lieferinformationen des Produkts oder der Dienstleistung werden dem K\u00c4UFER im Rahmen der Auftragsbest\u00e4tigung mitgeteilt und sind Bestandteil dieses Vertrages.<\/p><hr data-start=\"1086\" data-end=\"1089\" \/><p data-start=\"1091\" data-end=\"1896\"><strong data-start=\"1091\" data-end=\"1119\">ARTIKEL 4 \u2013 ALLGEMEINE BESTIMMUNGEN<\/strong><br data-start=\"1119\" data-end=\"1122\" \/>4.1 K\u00c4UFER, <a class=\"\" href=\"https:\/\/bnreo.com.tr\/de\/\" target=\"_new\" rel=\"noopener\" data-start=\"1133\" data-end=\"1149\">www.bnreo.com.tr<\/a> Er\/Sie akzeptiert und erkl\u00e4rt, dass er\/sie die Informationen zu den wesentlichen Eigenschaften, dem Verkaufspreis, der Zahlungsweise und der Lieferung des vertragsgegenst\u00e4ndlichen Produkts\/der vertragsgegenst\u00e4ndlichen Dienstleistung auf der Website gelesen und zur Kenntnis genommen hat und die erforderliche Best\u00e4tigung elektronisch erteilt hat.<br data-start=\"1371\" data-end=\"1374\" \/>4.2 Die Lieferung des vertragsgegenst\u00e4ndlichen Produkts\/der vertragsgegenst\u00e4ndlichen Dienstleistung erfolgt an die vom K\u00c4UFER angegebene Adresse, sofern die gesetzliche Frist von 30 Tagen nicht \u00fcberschritten wird.<br data-start=\"1491\" data-end=\"1494\" \/>4.3 Der K\u00c4UFER wird das Produkt vor Erhalt pr\u00fcfen und vom Frachtunternehmen keine besch\u00e4digten oder defekten Produkte wie zerdr\u00fcckte, kaputte, zerrissene Verpackungen usw. annehmen. Das erhaltene Produkt gilt als intakt und unbesch\u00e4digt.<br data-start=\"1706\" data-end=\"1709\" \/>4.4 Nach der Lieferung liegt die Verantwortung f\u00fcr das Produkt beim K\u00c4UFER.<br data-start=\"1764\" data-end=\"1767\" \/>4.5 M\u00f6chte der K\u00c4UFER von seinem Widerrufsrecht Gebrauch machen, muss er die Originalrechnung und das vollst\u00e4ndige R\u00fccksendeformular zusammen mit dem Produkt einsenden.<\/p><hr data-start=\"1898\" data-end=\"1901\" \/><p data-start=\"1903\" data-end=\"2465\"><strong data-start=\"1903\" data-end=\"1928\">ARTIKEL 5 \u2013 WIDERRUFSRECHT<\/strong><br data-start=\"1928\" data-end=\"1931\" \/>5.1 Der K\u00c4UFER kann sein Widerrufsrecht innerhalb von 14 Tagen ab dem Datum des Erhalts des Produkts ohne Angabe von Gr\u00fcnden und ohne Zahlung einer Vertragsstrafe aus\u00fcben.<br data-start=\"2078\" data-end=\"2081\" \/>5.2 Zur Aus\u00fcbung des Widerrufsrechts innerhalb der Frist <strong data-start=\"2132\" data-end=\"2153\"><a class=\"cursor-pointer\" rel=\"noopener\" data-start=\"2134\" data-end=\"2151\">info@bnreo.com.tr<\/a><\/strong> Die schriftliche Mitteilung muss an die angegebene Adresse erfolgen.<br data-start=\"2207\" data-end=\"2210\" \/>5.3 Die im Rahmen des Widerrufsrechts zur\u00fcckgesandte Ware muss vollst\u00e4ndig und unbenutzt, mit Originalverpackung, Rechnung und s\u00e4mtlichem Zubeh\u00f6r zur\u00fcckgesandt werden.<br data-start=\"2364\" data-end=\"2367\" \/>5.4 Die Versandkosten f\u00fcr das vom K\u00c4UFER zur\u00fcckzusendende Produkt gehen zu seinen Lasten, es sei denn, das Produkt ist defekt.<\/p><hr data-start=\"2467\" data-end=\"2470\" \/><p data-start=\"2472\" data-end=\"2583\"><strong data-start=\"2472\" data-end=\"2523\">ARTIKEL 6 \u2013 PRODUKTE, DIE NICHT VOM WIDERRUFSRECHT UNTERLIEGEN<\/strong><br data-start=\"2523\" data-end=\"2526\" \/>Das Widerrufsrecht kann nicht f\u00fcr folgende Produkte und Dienstleistungen ausge\u00fcbt werden:<\/p><ul data-start=\"2584\" data-end=\"2847\"><li data-start=\"2584\" data-end=\"2677\"><p data-start=\"2586\" data-end=\"2677\">Produkte, die speziell nach den W\u00fcnschen oder pers\u00f6nlichen Bed\u00fcrfnissen des Verbrauchers hergestellt werden<\/p><\/li><li data-start=\"2678\" data-end=\"2756\"><p data-start=\"2680\" data-end=\"2756\">Produkte, die ge\u00f6ffnet, verwendet oder unverk\u00e4uflich gemacht wurden<\/p><\/li><li data-start=\"2757\" data-end=\"2785\"><p data-start=\"2759\" data-end=\"2785\">Montierte Produkte<\/p><\/li><li data-start=\"2786\" data-end=\"2847\"><p data-start=\"2788\" data-end=\"2847\">Elektronisch angebotene Dienste oder digitale Inhalte<\/p><\/li><\/ul><hr data-start=\"2849\" data-end=\"2852\" \/><p data-start=\"2854\" data-end=\"3110\"><strong data-start=\"2854\" data-end=\"2883\">ARTIKEL 7 \u2013 ZUST\u00c4NDIGES GERICHT<\/strong><br data-start=\"2883\" data-end=\"2886\" \/>Bei der Durchf\u00fchrung dieses Vertrags sind Verbraucherschiedsgerichte bis zu dem vom Handelsministerium der Republik T\u00fcrkei festgelegten Wert befugt, und in F\u00e4llen, die diesen Wert \u00fcbersteigen, sind die Verbrauchergerichte am Standort des K\u00c4UFERS oder VERK\u00c4UFERS befugt.<\/p><hr data-start=\"3112\" data-end=\"3115\" \/><p data-start=\"3117\" data-end=\"3289\"><strong data-start=\"3117\" data-end=\"3139\">ARTIKEL 8 \u2013 DURCHSETZUNG<\/strong><br data-start=\"3139\" data-end=\"3142\" \/>Diese Vereinbarung tritt mit der elektronischen Genehmigung durch den K\u00c4UFER in Kraft. Eine Kopie der Vereinbarung wird an die E-Mail-Adresse des K\u00c4UFERS gesendet.<\/p>\t\t\t\t\t\t\t\t<\/div>\n\t\t\t\t<\/div>\n\t\t\t\t<\/div>\n\t\t\t\t\t<\/div>\n\t\t\t\t<\/div>\n\t\t\t\t<\/div>","protected":false},"excerpt":{"rendered":"<p>Fernabsatzvertrag ARTIKEL 1 \u2013 PARTEIEN Verk\u00e4ufer: Titel: BNREO Adresse: K\u00fc\u00e7\u00fckhasbah\u00e7e, 606. Sk 5A, 07400 Alanya\/Antalya Telefon: +90 544 747 1 747 E-Mail:<\/p>","protected":false},"author":1,"featured_media":0,"parent":0,"menu_order":0,"comment_status":"closed","ping_status":"closed","template":"elementor_header_footer","meta":{"footnotes":""},"class_list":["post-28217","page","type-page","status-publish","hentry"],"yoast_head":"<!-- This site is optimized with the Yoast SEO plugin v25.3.1 - https:\/\/yoast.com\/wordpress\/plugins\/seo\/ -->\n<title>Mesafeli Sat\u0131\u015f S\u00f6zle\u015fmesi - Bnreo | Su Ar\u0131tma Cihazlar\u0131<\/title>\n<meta name=\"robots\" content=\"index, follow, max-snippet:-1, max-image-preview:large, max-video-preview:-1\" \/>\n<link rel=\"canonical\" href=\"https:\/\/bnreo.com.tr\/de\/mesafeli-satis-sozlesmesi\/\" \/>\n<meta property=\"og:locale\" content=\"de_DE\" \/>\n<meta property=\"og:type\" content=\"article\" \/>\n<meta property=\"og:title\" content=\"Mesafeli Sat\u0131\u015f S\u00f6zle\u015fmesi - Bnreo | Su Ar\u0131tma Cihazlar\u0131\" \/>\n<meta property=\"og:description\" content=\"Mesafeli Sat\u0131\u015f S\u00f6zle\u015fmesi MADDE 1 &#8211; TARAFLAR Sat\u0131c\u0131:Unvan: BNREOAdres: K\u00fc\u00e7\u00fckhasbah\u00e7e, 606. Sk 5A, 07400 Alanya\/AntalyaTelefon: +90 544 747 1 747E-Posta:\" \/>\n<meta property=\"og:url\" content=\"https:\/\/bnreo.com.tr\/de\/mesafeli-satis-sozlesmesi\/\" \/>\n<meta property=\"og:site_name\" content=\"Bnreo | Su Ar\u0131tma Cihazlar\u0131\" \/>\n<meta property=\"article:modified_time\" content=\"2025-06-24T02:18:50+00:00\" \/>\n<meta name=\"twitter:card\" content=\"summary_large_image\" \/>\n<meta name=\"twitter:label1\" content=\"Gesch\u00e4tzte Lesezeit\" \/>\n\t<meta name=\"twitter:data1\" content=\"3\u00a0Minuten\" \/>\n<script type=\"application\/ld+json\" class=\"yoast-schema-graph\">{\"@context\":\"https:\/\/schema.org\",\"@graph\":[{\"@type\":\"WebPage\",\"@id\":\"https:\/\/bnreo.com.tr\/mesafeli-satis-sozlesmesi\/\",\"url\":\"https:\/\/bnreo.com.tr\/mesafeli-satis-sozlesmesi\/\",\"name\":\"Mesafeli Sat\u0131\u015f S\u00f6zle\u015fmesi - Bnreo | Su Ar\u0131tma Cihazlar\u0131\",\"isPartOf\":{\"@id\":\"https:\/\/bnreo.com.tr\/#website\"},\"datePublished\":\"2025-06-24T02:14:39+00:00\",\"dateModified\":\"2025-06-24T02:18:50+00:00\",\"breadcrumb\":{\"@id\":\"https:\/\/bnreo.com.tr\/mesafeli-satis-sozlesmesi\/#breadcrumb\"},\"inLanguage\":\"de\",\"potentialAction\":[{\"@type\":\"ReadAction\",\"target\":[\"https:\/\/bnreo.com.tr\/mesafeli-satis-sozlesmesi\/\"]}]},{\"@type\":\"BreadcrumbList\",\"@id\":\"https:\/\/bnreo.com.tr\/mesafeli-satis-sozlesmesi\/#breadcrumb\",\"itemListElement\":[{\"@type\":\"ListItem\",\"position\":1,\"name\":\"Anasayfa\",\"item\":\"https:\/\/bnreo.com.tr\/\"},{\"@type\":\"ListItem\",\"position\":2,\"name\":\"Mesafeli Sat\u0131\u015f S\u00f6zle\u015fmesi\"}]},{\"@type\":\"WebSite\",\"@id\":\"https:\/\/bnreo.com.tr\/#website\",\"url\":\"https:\/\/bnreo.com.tr\/\",\"name\":\"Bnreo | Su Ar\u0131tma Cihazlar\u0131\",\"description\":\"Bnreo | Su Ar\u0131tma Cihazlar\u0131\",\"potentialAction\":[{\"@type\":\"SearchAction\",\"target\":{\"@type\":\"EntryPoint\",\"urlTemplate\":\"https:\/\/bnreo.com.tr\/?s={search_term_string}\"},\"query-input\":{\"@type\":\"PropertyValueSpecification\",\"valueRequired\":true,\"valueName\":\"search_term_string\"}}],\"inLanguage\":\"de\"}]}<\/script>\n<!-- \/ Yoast SEO plugin. -->","yoast_head_json":{"title":"Mesafeli Sat\u0131\u015f S\u00f6zle\u015fmesi - Bnreo | Su Ar\u0131tma Cihazlar\u0131","robots":{"index":"index","follow":"follow","max-snippet":"max-snippet:-1","max-image-preview":"max-image-preview:large","max-video-preview":"max-video-preview:-1"},"canonical":"https:\/\/bnreo.com.tr\/de\/mesafeli-satis-sozlesmesi\/","og_locale":"de_DE","og_type":"article","og_title":"Mesafeli Sat\u0131\u015f S\u00f6zle\u015fmesi - Bnreo | Su Ar\u0131tma Cihazlar\u0131","og_description":"Mesafeli Sat\u0131\u015f S\u00f6zle\u015fmesi MADDE 1 &#8211; TARAFLAR Sat\u0131c\u0131:Unvan: BNREOAdres: K\u00fc\u00e7\u00fckhasbah\u00e7e, 606. Sk 5A, 07400 Alanya\/AntalyaTelefon: +90 544 747 1 747E-Posta:","og_url":"https:\/\/bnreo.com.tr\/de\/mesafeli-satis-sozlesmesi\/","og_site_name":"Bnreo | Su Ar\u0131tma Cihazlar\u0131","article_modified_time":"2025-06-24T02:18:50+00:00","twitter_card":"summary_large_image","twitter_misc":{"Gesch\u00e4tzte Lesezeit":"3\u00a0Minuten"},"schema":{"@context":"https:\/\/schema.org","@graph":[{"@type":"WebPage","@id":"https:\/\/bnreo.com.tr\/mesafeli-satis-sozlesmesi\/","url":"https:\/\/bnreo.com.tr\/mesafeli-satis-sozlesmesi\/","name":"Mesafeli Sat\u0131\u015f S\u00f6zle\u015fmesi - Bnreo | Su Ar\u0131tma Cihazlar\u0131","isPartOf":{"@id":"https:\/\/bnreo.com.tr\/#website"},"datePublished":"2025-06-24T02:14:39+00:00","dateModified":"2025-06-24T02:18:50+00:00","breadcrumb":{"@id":"https:\/\/bnreo.com.tr\/mesafeli-satis-sozlesmesi\/#breadcrumb"},"inLanguage":"de","potentialAction":[{"@type":"ReadAction","target":["https:\/\/bnreo.com.tr\/mesafeli-satis-sozlesmesi\/"]}]},{"@type":"BreadcrumbList","@id":"https:\/\/bnreo.com.tr\/mesafeli-satis-sozlesmesi\/#breadcrumb","itemListElement":[{"@type":"ListItem","position":1,"name":"Anasayfa","item":"https:\/\/bnreo.com.tr\/"},{"@type":"ListItem","position":2,"name":"Mesafeli Sat\u0131\u015f S\u00f6zle\u015fmesi"}]},{"@type":"WebSite","@id":"https:\/\/bnreo.com.tr\/#website","url":"https:\/\/bnreo.com.tr\/","name":"Bnreo | Su Ar\u0131tma Cihazlar\u0131","description":"Bnreo | Su Ar\u0131tma Cihazlar\u0131","potentialAction":[{"@type":"SearchAction","target":{"@type":"EntryPoint","urlTemplate":"https:\/\/bnreo.com.tr\/?s={search_term_string}"},"query-input":{"@type":"PropertyValueSpecification","valueRequired":true,"valueName":"search_term_string"}}],"inLanguage":"de"}]}},"_links":{"self":[{"href":"https:\/\/bnreo.com.tr\/de\/wp-json\/wp\/v2\/pages\/28217","targetHints":{"allow":["GET"]}}],"collection":[{"href":"https:\/\/bnreo.com.tr\/de\/wp-json\/wp\/v2\/pages"}],"about":[{"href":"https:\/\/bnreo.com.tr\/de\/wp-json\/wp\/v2\/types\/page"}],"author":[{"embeddable":true,"href":"https:\/\/bnreo.com.tr\/de\/wp-json\/wp\/v2\/users\/1"}],"replies":[{"embeddable":true,"href":"https:\/\/bnreo.com.tr\/de\/wp-json\/wp\/v2\/comments?post=28217"}],"version-history":[{"count":4,"href":"https:\/\/bnreo.com.tr\/de\/wp-json\/wp\/v2\/pages\/28217\/revisions"}],"predecessor-version":[{"id":28234,"href":"https:\/\/bnreo.com.tr\/de\/wp-json\/wp\/v2\/pages\/28217\/revisions\/28234"}],"wp:attachment":[{"href":"https:\/\/bnreo.com.tr\/de\/wp-json\/wp\/v2\/media?parent=28217"}],"curies":[{"name":"wp","href":"https:\/\/api.w.org\/{rel}","templated":true}]}}