{"id":28206,"date":"2025-06-24T05:12:57","date_gmt":"2025-06-24T02:12:57","guid":{"rendered":"https:\/\/bnreo.com.tr\/?page_id=28206"},"modified":"2025-06-24T05:16:52","modified_gmt":"2025-06-24T02:16:52","slug":"aydinlatma-metni","status":"publish","type":"page","link":"https:\/\/bnreo.com.tr\/de\/aydinlatma-metni\/","title":{"rendered":"Erl\u00e4uterungstext"},"content":{"rendered":"<div data-elementor-type=\"wp-page\" data-elementor-id=\"28206\" class=\"elementor elementor-28206\">\n\t\t\t\t<div class=\"wd-negative-gap elementor-element elementor-element-b064218 e-flex e-con-boxed elementor-invisible e-con e-parent\" data-id=\"b064218\" data-element_type=\"container\" data-settings=\"{&quot;animation&quot;:&quot;fadeInUp&quot;}\">\n\t\t\t\t\t<div class=\"e-con-inner\">\n\t\t<div class=\"elementor-element elementor-element-47e83a3 e-con-full e-flex e-con e-child\" data-id=\"47e83a3\" data-element_type=\"container\">\n\t\t\t\t<div class=\"elementor-element elementor-element-16e4b1c color-scheme-inherit text-left elementor-widget elementor-widget-text-editor\" data-id=\"16e4b1c\" data-element_type=\"widget\" data-widget_type=\"text-editor.default\">\n\t\t\t\t<div class=\"elementor-widget-container\">\n\t\t\t\t\t\t\t\t\t<h2 data-start=\"143\" data-end=\"164\">Erl\u00e4uterungstext<\/h2><p data-start=\"165\" data-end=\"348\"><strong data-start=\"165\" data-end=\"174\">BNREO<\/strong> Als Datenverantwortlicher m\u00f6chten wir Sie \u00fcber die Verarbeitung Ihrer personenbezogenen Daten im Rahmen des Gesetzes zum Schutz personenbezogener Daten Nr. 6698 (\u201eKVKK\u201c) informieren.<\/p><h3 data-start=\"350\" data-end=\"383\">1. Informationen zum Datenverantwortlichen<\/h3><p data-start=\"384\" data-end=\"527\"><strong data-start=\"384\" data-end=\"394\">Titel:<\/strong> BNREO<br data-start=\"400\" data-end=\"403\" \/><strong data-start=\"403\" data-end=\"413\">Adresse:<\/strong> Kucukhasbahce, 606. Sk 5A, 07400 Alanya\/Antalya<br data-start=\"461\" data-end=\"464\" \/><strong data-start=\"464\" data-end=\"476\">Telefon:<\/strong> +90 544 747 1 747<br data-start=\"494\" data-end=\"497\" \/><strong data-start=\"497\" data-end=\"509\">E-Mail:<\/strong> <a class=\"cursor-pointer\" rel=\"noopener\" data-start=\"510\" data-end=\"527\">info@bnreo.com.tr<\/a><\/p><h3 data-start=\"529\" data-end=\"588\">2. Zu welchen Zwecken werden Ihre personenbezogenen Daten verarbeitet?<\/h3><p data-start=\"589\" data-end=\"611\">Ihre personenbezogenen Daten;<\/p><ul data-start=\"612\" data-end=\"1007\"><li data-start=\"612\" data-end=\"659\"><p data-start=\"614\" data-end=\"659\">Erf\u00fcllung Ihrer Produkt- und Serviceanforderungen,<\/p><\/li><li data-start=\"660\" data-end=\"725\"><p data-start=\"662\" data-end=\"725\">Auswertung Ihrer Bestellungen, Angebote und Kommunikationsanfragen,<\/p><\/li><li data-start=\"726\" data-end=\"774\"><p data-start=\"728\" data-end=\"774\">Durchf\u00fchrung von Kundenzufriedenheitsprozessen,<\/p><\/li><li data-start=\"775\" data-end=\"848\"><p data-start=\"777\" data-end=\"848\">Marketing-, Werbe- und Informationsaktivit\u00e4ten (mit ausdr\u00fccklicher Zustimmung),<\/p><\/li><li data-start=\"849\" data-end=\"1007\"><p data-start=\"851\" data-end=\"1007\">Erf\u00fcllung rechtlicher Verpflichtungen,<br data-start=\"892\" data-end=\"895\" \/>Zu diesen Zwecken werden personenbezogene Daten gem\u00e4\u00df den in den Artikeln 5 und 6 des KVKK festgelegten Bedingungen f\u00fcr die Verarbeitung personenbezogener Daten verarbeitet.<\/p><\/li><\/ul><h3 data-start=\"1009\" data-end=\"1042\">3. Erhobene personenbezogene Daten<\/h3><p data-start=\"1043\" data-end=\"1147\">Ihre personenbezogenen Daten k\u00f6nnen \u00fcber Kontaktformulare, Websites, E-Mail, Telefon und auf andere Weise erfasst werden:<\/p><ul data-start=\"1148\" data-end=\"1239\"><li data-start=\"1148\" data-end=\"1161\"><p data-start=\"1150\" data-end=\"1161\">Name, Nachname<\/p><\/li><li data-start=\"1162\" data-end=\"1182\"><p data-start=\"1164\" data-end=\"1182\">Telefonnummer<\/p><\/li><li data-start=\"1183\" data-end=\"1201\"><p data-start=\"1185\" data-end=\"1201\">E-Mail-Adresse<\/p><\/li><li data-start=\"1202\" data-end=\"1215\"><p data-start=\"1204\" data-end=\"1215\">IP-Adresse<\/p><\/li><li data-start=\"1216\" data-end=\"1239\"><p data-start=\"1218\" data-end=\"1239\">Nachricht\/Nachrichteninhalt<\/p><\/li><\/ul><h3 data-start=\"1241\" data-end=\"1311\">4. An wen und zu welchen Zwecken k\u00f6nnen Ihre personenbezogenen Daten \u00fcbermittelt werden?<\/h3><p data-start=\"1312\" data-end=\"1365\">Ihre personenbezogenen Daten werden zu den oben genannten Zwecken verarbeitet;<\/p><ul data-start=\"1366\" data-end=\"1617\"><li data-start=\"1366\" data-end=\"1419\"><p data-start=\"1368\" data-end=\"1419\">Gesetzlich autorisierte \u00f6ffentliche Einrichtungen und Organisationen,<\/p><\/li><li data-start=\"1420\" data-end=\"1475\"><p data-start=\"1422\" data-end=\"1475\">An unsere Gesch\u00e4ftspartner und Lieferanten, von denen wir Dienstleistungen beziehen,<\/p><\/li><li data-start=\"1476\" data-end=\"1617\"><p data-start=\"1478\" data-end=\"1617\">An berechtigte Personen oder Institutionen zur Erf\u00fcllung gesetzlicher Verpflichtungen,<br data-start=\"1557\" data-end=\"1560\" \/>Es kann gem\u00e4\u00df den Artikeln 8 und 9 des KVKK \u00fcbertragen werden.<\/p><\/li><\/ul><h3 data-start=\"1619\" data-end=\"1676\">5. Methode und Rechtsgrundlage f\u00fcr die Erhebung personenbezogener Daten<\/h3><p data-start=\"1677\" data-end=\"1916\">Ihre personenbezogenen Daten werden \u00fcber unsere Website, per E-Mail, Telefon, \u00fcber soziale Medien und andere Kommunikationskan\u00e4le ganz oder teilweise automatisiert erfasst und auf der Grundlage der in Artikel 5 des KVKK genannten Rechtsgrundlagen verarbeitet.<\/p><h3 data-start=\"1918\" data-end=\"1955\">6. Ihre Rechte gem\u00e4\u00df KVKK<\/h3><p data-start=\"1956\" data-end=\"1988\">Gem\u00e4\u00df Artikel 11 des KVKK;<\/p><ul data-start=\"1989\" data-end=\"2471\"><li data-start=\"1989\" data-end=\"2045\"><p data-start=\"1991\" data-end=\"2045\">Um zu erfahren, ob Ihre personenbezogenen Daten verarbeitet werden,<\/p><\/li><li data-start=\"2046\" data-end=\"2091\"><p data-start=\"2048\" data-end=\"2091\">Auskunft dar\u00fcber zu verlangen, ob eine Verarbeitung stattgefunden hat,<\/p><\/li><li data-start=\"2092\" data-end=\"2146\"><p data-start=\"2094\" data-end=\"2146\">Um zu erfahren, ob es f\u00fcr den vorgesehenen Zweck verwendet wird,<\/p><\/li><li data-start=\"2147\" data-end=\"2194\"><p data-start=\"2149\" data-end=\"2194\">Wissen, ob sie an Dritte weitergegeben wurden,<\/p><\/li><li data-start=\"2195\" data-end=\"2250\"><p data-start=\"2197\" data-end=\"2250\">Berichtigung verlangen, wenn die Daten unvollst\u00e4ndig oder fehlerhaft verarbeitet wurden,<\/p><\/li><li data-start=\"2251\" data-end=\"2294\"><p data-start=\"2253\" data-end=\"2294\">L\u00f6schung oder Vernichtung verlangen,<\/p><\/li><li data-start=\"2295\" data-end=\"2353\"><p data-start=\"2297\" data-end=\"2353\">Aufforderung zur Benachrichtigung von Dritten, an die Ihre Daten \u00fcbermittelt wurden,<\/p><\/li><li data-start=\"2354\" data-end=\"2411\"><p data-start=\"2356\" data-end=\"2411\">Widerspruch gegen die Analyse durch automatisierte Systeme,<\/p><\/li><li data-start=\"2412\" data-end=\"2471\"><p data-start=\"2414\" data-end=\"2471\">Schadensersatz verlangen,<br data-start=\"2447\" data-end=\"2450\" \/>Sie haben die Rechte.<\/p><\/li><\/ul><h3 data-start=\"2473\" data-end=\"2489\">7. Bewerbung<\/h3><p data-start=\"2490\" data-end=\"2696\">Um Ihre Rechte gem\u00e4\u00df KVKK auszu\u00fcben, k\u00f6nnen Sie uns unter den folgenden Informationen kontaktieren:<br data-start=\"2597\" data-end=\"2600\" \/>\ud83d\udcde +90 544 747 1 747<br data-start=\"2620\" data-end=\"2623\" \/>\ud83d\udce9 <a class=\"cursor-pointer\" rel=\"noopener\" data-start=\"2626\" data-end=\"2643\">info@bnreo.com.tr<\/a><br data-start=\"2643\" data-end=\"2646\" \/>\ud83d\udccd K\u00fc\u00e7\u00fckhasbah\u00e7e, 606. Sk 5A, 07400 Alanya\/Antalya<\/p>\t\t\t\t\t\t\t\t<\/div>\n\t\t\t\t<\/div>\n\t\t\t\t<\/div>\n\t\t\t\t\t<\/div>\n\t\t\t\t<\/div>\n\t\t\t\t<\/div>","protected":false},"excerpt":{"rendered":"<p>Als BNREO informieren wir Sie als Datenverantwortlicher \u00fcber die Verarbeitung Ihrer personenbezogenen Daten im Rahmen des Gesetzes zum Schutz personenbezogener Daten Nr. 6698 (\u201eKVKK\u201c).<\/p>","protected":false},"author":1,"featured_media":0,"parent":0,"menu_order":0,"comment_status":"closed","ping_status":"closed","template":"elementor_header_footer","meta":{"footnotes":""},"class_list":["post-28206","page","type-page","status-publish","hentry"],"yoast_head":"<!-- This site is optimized with the Yoast SEO plugin v25.3.1 - https:\/\/yoast.com\/wordpress\/plugins\/seo\/ -->\n<title>Ayd\u0131nlatma Metni - Bnreo | Su Ar\u0131tma Cihazlar\u0131<\/title>\n<meta name=\"robots\" content=\"index, follow, max-snippet:-1, max-image-preview:large, max-video-preview:-1\" \/>\n<link rel=\"canonical\" href=\"https:\/\/bnreo.com.tr\/de\/aydinlatma-metni\/\" \/>\n<meta property=\"og:locale\" content=\"de_DE\" \/>\n<meta property=\"og:type\" content=\"article\" \/>\n<meta property=\"og:title\" content=\"Ayd\u0131nlatma Metni - Bnreo | Su Ar\u0131tma Cihazlar\u0131\" \/>\n<meta property=\"og:description\" content=\"Ayd\u0131nlatma Metni BNREO olarak, 6698 say\u0131l\u0131 Ki\u015fisel Verilerin Korunmas\u0131 Kanunu (\u201cKVKK\u201d) kapsam\u0131nda veri sorumlusu s\u0131fat\u0131yla ki\u015fisel verilerinizin i\u015flenmesine ili\u015fkin sizleri\" \/>\n<meta property=\"og:url\" content=\"https:\/\/bnreo.com.tr\/de\/aydinlatma-metni\/\" \/>\n<meta property=\"og:site_name\" content=\"Bnreo | Su Ar\u0131tma Cihazlar\u0131\" \/>\n<meta property=\"article:modified_time\" content=\"2025-06-24T02:16:52+00:00\" \/>\n<meta name=\"twitter:card\" content=\"summary_large_image\" \/>\n<meta name=\"twitter:label1\" content=\"Gesch\u00e4tzte Lesezeit\" \/>\n\t<meta name=\"twitter:data1\" content=\"2\u00a0Minuten\" \/>\n<script type=\"application\/ld+json\" class=\"yoast-schema-graph\">{\"@context\":\"https:\/\/schema.org\",\"@graph\":[{\"@type\":\"WebPage\",\"@id\":\"https:\/\/bnreo.com.tr\/aydinlatma-metni\/\",\"url\":\"https:\/\/bnreo.com.tr\/aydinlatma-metni\/\",\"name\":\"Ayd\u0131nlatma Metni - Bnreo | Su Ar\u0131tma Cihazlar\u0131\",\"isPartOf\":{\"@id\":\"https:\/\/bnreo.com.tr\/#website\"},\"datePublished\":\"2025-06-24T02:12:57+00:00\",\"dateModified\":\"2025-06-24T02:16:52+00:00\",\"breadcrumb\":{\"@id\":\"https:\/\/bnreo.com.tr\/aydinlatma-metni\/#breadcrumb\"},\"inLanguage\":\"de\",\"potentialAction\":[{\"@type\":\"ReadAction\",\"target\":[\"https:\/\/bnreo.com.tr\/aydinlatma-metni\/\"]}]},{\"@type\":\"BreadcrumbList\",\"@id\":\"https:\/\/bnreo.com.tr\/aydinlatma-metni\/#breadcrumb\",\"itemListElement\":[{\"@type\":\"ListItem\",\"position\":1,\"name\":\"Anasayfa\",\"item\":\"https:\/\/bnreo.com.tr\/\"},{\"@type\":\"ListItem\",\"position\":2,\"name\":\"Ayd\u0131nlatma Metni\"}]},{\"@type\":\"WebSite\",\"@id\":\"https:\/\/bnreo.com.tr\/#website\",\"url\":\"https:\/\/bnreo.com.tr\/\",\"name\":\"Bnreo | Su Ar\u0131tma Cihazlar\u0131\",\"description\":\"Bnreo | Su Ar\u0131tma Cihazlar\u0131\",\"potentialAction\":[{\"@type\":\"SearchAction\",\"target\":{\"@type\":\"EntryPoint\",\"urlTemplate\":\"https:\/\/bnreo.com.tr\/?s={search_term_string}\"},\"query-input\":{\"@type\":\"PropertyValueSpecification\",\"valueRequired\":true,\"valueName\":\"search_term_string\"}}],\"inLanguage\":\"de\"}]}<\/script>\n<!-- \/ Yoast SEO plugin. -->","yoast_head_json":{"title":"Ayd\u0131nlatma Metni - Bnreo | Su Ar\u0131tma Cihazlar\u0131","robots":{"index":"index","follow":"follow","max-snippet":"max-snippet:-1","max-image-preview":"max-image-preview:large","max-video-preview":"max-video-preview:-1"},"canonical":"https:\/\/bnreo.com.tr\/de\/aydinlatma-metni\/","og_locale":"de_DE","og_type":"article","og_title":"Ayd\u0131nlatma Metni - Bnreo | Su Ar\u0131tma Cihazlar\u0131","og_description":"Ayd\u0131nlatma Metni BNREO olarak, 6698 say\u0131l\u0131 Ki\u015fisel Verilerin Korunmas\u0131 Kanunu (\u201cKVKK\u201d) kapsam\u0131nda veri sorumlusu s\u0131fat\u0131yla ki\u015fisel verilerinizin i\u015flenmesine ili\u015fkin sizleri","og_url":"https:\/\/bnreo.com.tr\/de\/aydinlatma-metni\/","og_site_name":"Bnreo | Su Ar\u0131tma Cihazlar\u0131","article_modified_time":"2025-06-24T02:16:52+00:00","twitter_card":"summary_large_image","twitter_misc":{"Gesch\u00e4tzte Lesezeit":"2\u00a0Minuten"},"schema":{"@context":"https:\/\/schema.org","@graph":[{"@type":"WebPage","@id":"https:\/\/bnreo.com.tr\/aydinlatma-metni\/","url":"https:\/\/bnreo.com.tr\/aydinlatma-metni\/","name":"Ayd\u0131nlatma Metni - Bnreo | Su Ar\u0131tma Cihazlar\u0131","isPartOf":{"@id":"https:\/\/bnreo.com.tr\/#website"},"datePublished":"2025-06-24T02:12:57+00:00","dateModified":"2025-06-24T02:16:52+00:00","breadcrumb":{"@id":"https:\/\/bnreo.com.tr\/aydinlatma-metni\/#breadcrumb"},"inLanguage":"de","potentialAction":[{"@type":"ReadAction","target":["https:\/\/bnreo.com.tr\/aydinlatma-metni\/"]}]},{"@type":"BreadcrumbList","@id":"https:\/\/bnreo.com.tr\/aydinlatma-metni\/#breadcrumb","itemListElement":[{"@type":"ListItem","position":1,"name":"Anasayfa","item":"https:\/\/bnreo.com.tr\/"},{"@type":"ListItem","position":2,"name":"Ayd\u0131nlatma Metni"}]},{"@type":"WebSite","@id":"https:\/\/bnreo.com.tr\/#website","url":"https:\/\/bnreo.com.tr\/","name":"Bnreo | Su Ar\u0131tma Cihazlar\u0131","description":"Bnreo | Su Ar\u0131tma Cihazlar\u0131","potentialAction":[{"@type":"SearchAction","target":{"@type":"EntryPoint","urlTemplate":"https:\/\/bnreo.com.tr\/?s={search_term_string}"},"query-input":{"@type":"PropertyValueSpecification","valueRequired":true,"valueName":"search_term_string"}}],"inLanguage":"de"}]}},"_links":{"self":[{"href":"https:\/\/bnreo.com.tr\/de\/wp-json\/wp\/v2\/pages\/28206","targetHints":{"allow":["GET"]}}],"collection":[{"href":"https:\/\/bnreo.com.tr\/de\/wp-json\/wp\/v2\/pages"}],"about":[{"href":"https:\/\/bnreo.com.tr\/de\/wp-json\/wp\/v2\/types\/page"}],"author":[{"embeddable":true,"href":"https:\/\/bnreo.com.tr\/de\/wp-json\/wp\/v2\/users\/1"}],"replies":[{"embeddable":true,"href":"https:\/\/bnreo.com.tr\/de\/wp-json\/wp\/v2\/comments?post=28206"}],"version-history":[{"count":4,"href":"https:\/\/bnreo.com.tr\/de\/wp-json\/wp\/v2\/pages\/28206\/revisions"}],"predecessor-version":[{"id":28225,"href":"https:\/\/bnreo.com.tr\/de\/wp-json\/wp\/v2\/pages\/28206\/revisions\/28225"}],"wp:attachment":[{"href":"https:\/\/bnreo.com.tr\/de\/wp-json\/wp\/v2\/media?parent=28206"}],"curies":[{"name":"wp","href":"https:\/\/api.w.org\/{rel}","templated":true}]}}