{"id":28203,"date":"2025-06-24T05:11:49","date_gmt":"2025-06-24T02:11:49","guid":{"rendered":"https:\/\/bnreo.com.tr\/?page_id=28203"},"modified":"2025-06-24T05:16:12","modified_gmt":"2025-06-24T02:16:12","slug":"kvkk","status":"publish","type":"page","link":"https:\/\/bnreo.com.tr\/de\/kvkk\/","title":{"rendered":"KVKK"},"content":{"rendered":"<div data-elementor-type=\"wp-page\" data-elementor-id=\"28203\" class=\"elementor elementor-28203\">\n\t\t\t\t<div class=\"wd-negative-gap elementor-element elementor-element-2f93a3d e-flex e-con-boxed elementor-invisible e-con e-parent\" data-id=\"2f93a3d\" data-element_type=\"container\" data-settings=\"{&quot;animation&quot;:&quot;fadeInUp&quot;}\">\n\t\t\t\t\t<div class=\"e-con-inner\">\n\t\t<div class=\"elementor-element elementor-element-1e1354b e-con-full e-flex e-con e-child\" data-id=\"1e1354b\" data-element_type=\"container\">\n\t\t\t\t<div class=\"elementor-element elementor-element-6a0c82b color-scheme-inherit text-left elementor-widget elementor-widget-text-editor\" data-id=\"6a0c82b\" data-element_type=\"widget\" data-widget_type=\"text-editor.default\">\n\t\t\t\t<div class=\"elementor-widget-container\">\n\t\t\t\t\t\t\t\t\t<h2 data-start=\"238\" data-end=\"294\">INFORMATIONSTEXT ZUM SCHUTZ PERSONENBEZOGENER DATEN<\/h2><p data-start=\"296\" data-end=\"523\">Dieser Informationstext wird von uns als Datenverantwortlichem gem\u00e4\u00df dem Gesetz zum Schutz personenbezogener Daten Nr. 6698 (\u201eKVKK\u201c) erstellt. <strong data-start=\"408\" data-end=\"417\">BNREO<\/strong> Es wurde erstellt, um Sie \u00fcber die Verfahren und Grunds\u00e4tze der Verarbeitung Ihrer personenbezogenen Daten zu informieren.<\/p><h3 data-start=\"525\" data-end=\"546\">1. Verantwortlicher<\/h3><p data-start=\"547\" data-end=\"649\">Ihre personenbezogenen Daten werden gem\u00e4\u00df KVKK vom Datenverantwortlichen verarbeitet, dessen Informationen nachstehend aufgef\u00fchrt sind:<\/p><p data-start=\"651\" data-end=\"796\"><strong data-start=\"651\" data-end=\"661\">Titel:<\/strong> BNREO<br data-start=\"667\" data-end=\"670\" \/><strong data-start=\"670\" data-end=\"680\">Adresse:<\/strong> Kucukhasbahce, 606. Sk 5A, 07400 Alanya\/Antalya<br data-start=\"728\" data-end=\"731\" \/><strong data-start=\"731\" data-end=\"743\">Telefon:<\/strong> +90 544 747 1 747<br data-start=\"761\" data-end=\"764\" \/><strong data-start=\"764\" data-end=\"776\">E-Mail:<\/strong> <a class=\"cursor-pointer\" rel=\"noopener\" data-start=\"777\" data-end=\"794\">info@bnreo.com.tr<\/a><\/p><h3 data-start=\"798\" data-end=\"839\">2. Zwecke der Verarbeitung personenbezogener Daten<\/h3><p data-start=\"840\" data-end=\"903\">Die von Ihnen erhobenen personenbezogenen Daten werden zu folgenden Zwecken verarbeitet:<\/p><ul data-start=\"905\" data-end=\"1237\"><li data-start=\"905\" data-end=\"982\"><p data-start=\"907\" data-end=\"982\">Bereitstellung und Entwicklung von Produkten und Dienstleistungen sowie Erf\u00fcllung der Nachfrage,<\/p><\/li><li data-start=\"983\" data-end=\"1031\"><p data-start=\"985\" data-end=\"1031\">Verwaltung von Kundenbeziehungsprozessen,<\/p><\/li><li data-start=\"1032\" data-end=\"1073\"><p data-start=\"1034\" data-end=\"1073\">Durchf\u00fchrung von Kommunikationsaktivit\u00e4ten,<\/p><\/li><li data-start=\"1074\" data-end=\"1123\"><p data-start=\"1076\" data-end=\"1123\">Bereitstellung von After-Sales-Support-Services,<\/p><\/li><li data-start=\"1124\" data-end=\"1169\"><p data-start=\"1126\" data-end=\"1169\">Erf\u00fcllung rechtlicher Verpflichtungen,<\/p><\/li><li data-start=\"1170\" data-end=\"1237\"><p data-start=\"1172\" data-end=\"1237\">Sicherstellung der Arbeitssicherheit, der Auditierung und der gesetzlichen Meldeprozesse.<\/p><\/li><\/ul><h3 data-start=\"1239\" data-end=\"1269\">3. Verarbeitete personenbezogene Daten<\/h3><p data-start=\"1270\" data-end=\"1458\">Ihre Kommunikations-, Identit\u00e4ts-, Transaktionssicherheits-, Kundentransaktions- und Standortdaten k\u00f6nnen m\u00fcndlich, schriftlich oder elektronisch \u00fcber Kan\u00e4le wie die Website, das Callcenter oder per E-Mail erfasst werden.<\/p><h3 data-start=\"1460\" data-end=\"1493\">4. Weitergabe personenbezogener Daten<\/h3><p data-start=\"1494\" data-end=\"1547\">Ihre personenbezogenen Daten werden zu den oben genannten Zwecken verarbeitet;<\/p><ul data-start=\"1548\" data-end=\"1771\"><li data-start=\"1548\" data-end=\"1596\"><p data-start=\"1550\" data-end=\"1596\">An gesetzlich autorisierte \u00f6ffentliche Einrichtungen und Organisationen,<\/p><\/li><li data-start=\"1597\" data-end=\"1662\"><p data-start=\"1599\" data-end=\"1662\">An relevante Gesch\u00e4ftspartner, Lieferanten und Dienstleister,<\/p><\/li><li data-start=\"1663\" data-end=\"1771\"><p data-start=\"1665\" data-end=\"1771\">Bei Bedarf k\u00f6nnen sie gem\u00e4\u00df den Artikeln 8 und 9 des KVKK auf inl\u00e4ndische oder ausl\u00e4ndische Server \u00fcbertragen werden.<\/p><\/li><\/ul><h3 data-start=\"1773\" data-end=\"1828\">5. Methode und Rechtsgrundlage f\u00fcr die Erhebung personenbezogener Daten<\/h3><p data-start=\"1829\" data-end=\"2048\">Ihre personenbezogenen Daten werden automatisch oder nicht automatisch erfasst; per E-Mail, Telefon, Website, Formulare und m\u00fcndliche Kommunikationskan\u00e4le. Die Verarbeitung erfolgt auf Grundlage der folgenden Rechtsgrundlagen:<\/p><ul data-start=\"2050\" data-end=\"2265\"><li data-start=\"2050\" data-end=\"2083\"><p data-start=\"2052\" data-end=\"2083\">Klar in den Gesetzen vorgesehen<\/p><\/li><li data-start=\"2084\" data-end=\"2150\"><p data-start=\"2086\" data-end=\"2150\">In direktem Zusammenhang mit der Begr\u00fcndung oder Durchf\u00fchrung eines Vertrags<\/p><\/li><li data-start=\"2151\" data-end=\"2193\"><p data-start=\"2153\" data-end=\"2193\">Erf\u00fcllung rechtlicher Verpflichtungen<\/p><\/li><li data-start=\"2194\" data-end=\"2223\"><p data-start=\"2196\" data-end=\"2223\">Wahrung berechtigter Interessen<\/p><\/li><li data-start=\"2224\" data-end=\"2265\"><p data-start=\"2226\" data-end=\"2265\">Einholung einer ausdr\u00fccklichen Einwilligung (sofern erforderlich)<\/p><\/li><\/ul><h3 data-start=\"2267\" data-end=\"2302\">6. Ihre Rechte gem\u00e4\u00df KVKK<\/h3><p data-start=\"2303\" data-end=\"2398\">Gem\u00e4\u00df Artikel 11 des KVKK haben Sie in Bezug auf Ihre personenbezogenen Daten folgende Rechte:<\/p><ul data-start=\"2400\" data-end=\"3027\"><li data-start=\"2400\" data-end=\"2456\"><p data-start=\"2402\" data-end=\"2456\">Um zu erfahren, ob Ihre personenbezogenen Daten verarbeitet werden,<\/p><\/li><li data-start=\"2457\" data-end=\"2502\"><p data-start=\"2459\" data-end=\"2502\">Auskunft dar\u00fcber zu verlangen, ob eine Verarbeitung stattgefunden hat,<\/p><\/li><li data-start=\"2503\" data-end=\"2574\"><p data-start=\"2505\" data-end=\"2574\">Den Zweck der Verarbeitung und deren angemessene Nutzung zu erfahren,<\/p><\/li><li data-start=\"2575\" data-end=\"2643\"><p data-start=\"2577\" data-end=\"2643\">Kenntnis der Drittparteien, an die die Daten im In- oder Ausland \u00fcbermittelt wurden,<\/p><\/li><li data-start=\"2644\" data-end=\"2707\"><p data-start=\"2646\" data-end=\"2707\">Berichtigung unvollst\u00e4ndiger oder fehlerhaft verarbeiteter Daten verlangen,<\/p><\/li><li data-start=\"2708\" data-end=\"2776\"><p data-start=\"2710\" data-end=\"2776\">L\u00f6schung oder Vernichtung gem\u00e4\u00df KVKK beantragen,<\/p><\/li><li data-start=\"2777\" data-end=\"2831\"><p data-start=\"2779\" data-end=\"2831\">Aufforderung zur Benachrichtigung der Dritten, an die die Daten \u00fcbermittelt wurden,<\/p><\/li><li data-start=\"2832\" data-end=\"2962\"><p data-start=\"2834\" data-end=\"2962\">Einspruch gegen die Entstehung eines nachteiligen Ergebnisses durch die Analyse der verarbeiteten Daten ausschlie\u00dflich durch automatisierte Systeme zu erheben,<\/p><\/li><li data-start=\"2963\" data-end=\"3027\"><p data-start=\"2965\" data-end=\"3027\">Um im Schadensfall eine Entsch\u00e4digung f\u00fcr Ihre Verluste zu verlangen.<\/p><\/li><\/ul><h3 data-start=\"3029\" data-end=\"3051\">7. Bewerbungsmethode<\/h3><p data-start=\"3052\" data-end=\"3235\">Um Ihre oben genannten Rechte auszu\u00fcben, m\u00fcssen Sie einen schriftlichen Antrag zusammen mit Dokumenten einreichen, die Ihre Identit\u00e4t best\u00e4tigen oder <a class=\"cursor-pointer\" rel=\"noopener\" data-start=\"3162\" data-end=\"3179\">info@bnreo.com.tr<\/a> Sie k\u00f6nnen sich per E-Mail an bewerben.<\/p>\t\t\t\t\t\t\t\t<\/div>\n\t\t\t\t<\/div>\n\t\t\t\t<\/div>\n\t\t\t\t\t<\/div>\n\t\t\t\t<\/div>\n\t\t\t\t<\/div>","protected":false},"excerpt":{"rendered":"<p>INFORMATIONSTEXT ZUM SCHUTZ PERSONENBEZOGENER DATEN Dieser Informationstext wird von uns als Datenverantwortlichem gem\u00e4\u00df dem Gesetz zum Schutz personenbezogener Daten Nr. 6698 (\u201eKVKK\u201c) erstellt.<\/p>","protected":false},"author":1,"featured_media":0,"parent":0,"menu_order":0,"comment_status":"closed","ping_status":"closed","template":"elementor_header_footer","meta":{"footnotes":""},"class_list":["post-28203","page","type-page","status-publish","hentry"],"yoast_head":"<!-- This site is optimized with the Yoast SEO plugin v25.3.1 - https:\/\/yoast.com\/wordpress\/plugins\/seo\/ -->\n<title>KVKK - Bnreo | Su Ar\u0131tma Cihazlar\u0131<\/title>\n<meta name=\"robots\" content=\"index, follow, max-snippet:-1, max-image-preview:large, max-video-preview:-1\" \/>\n<link rel=\"canonical\" href=\"https:\/\/bnreo.com.tr\/de\/kvkk\/\" \/>\n<meta property=\"og:locale\" content=\"de_DE\" \/>\n<meta property=\"og:type\" content=\"article\" \/>\n<meta property=\"og:title\" content=\"KVKK - Bnreo | Su Ar\u0131tma Cihazlar\u0131\" \/>\n<meta property=\"og:description\" content=\"K\u0130\u015e\u0130SEL VER\u0130LER\u0130N KORUNMASI HAKKINDA AYDINLATMA METN\u0130 Bu ayd\u0131nlatma metni, 6698 say\u0131l\u0131 Ki\u015fisel Verilerin Korunmas\u0131 Kanunu (&#8220;KVKK&#8221;) uyar\u0131nca, veri sorumlusu s\u0131fat\u0131yla\" \/>\n<meta property=\"og:url\" content=\"https:\/\/bnreo.com.tr\/de\/kvkk\/\" \/>\n<meta property=\"og:site_name\" content=\"Bnreo | Su Ar\u0131tma Cihazlar\u0131\" \/>\n<meta property=\"article:modified_time\" content=\"2025-06-24T02:16:12+00:00\" \/>\n<meta name=\"twitter:card\" content=\"summary_large_image\" \/>\n<meta name=\"twitter:label1\" content=\"Gesch\u00e4tzte Lesezeit\" \/>\n\t<meta name=\"twitter:data1\" content=\"3\u00a0Minuten\" \/>\n<script type=\"application\/ld+json\" class=\"yoast-schema-graph\">{\"@context\":\"https:\/\/schema.org\",\"@graph\":[{\"@type\":\"WebPage\",\"@id\":\"https:\/\/bnreo.com.tr\/kvkk\/\",\"url\":\"https:\/\/bnreo.com.tr\/kvkk\/\",\"name\":\"KVKK - Bnreo | Su Ar\u0131tma Cihazlar\u0131\",\"isPartOf\":{\"@id\":\"https:\/\/bnreo.com.tr\/#website\"},\"datePublished\":\"2025-06-24T02:11:49+00:00\",\"dateModified\":\"2025-06-24T02:16:12+00:00\",\"breadcrumb\":{\"@id\":\"https:\/\/bnreo.com.tr\/kvkk\/#breadcrumb\"},\"inLanguage\":\"de\",\"potentialAction\":[{\"@type\":\"ReadAction\",\"target\":[\"https:\/\/bnreo.com.tr\/kvkk\/\"]}]},{\"@type\":\"BreadcrumbList\",\"@id\":\"https:\/\/bnreo.com.tr\/kvkk\/#breadcrumb\",\"itemListElement\":[{\"@type\":\"ListItem\",\"position\":1,\"name\":\"Anasayfa\",\"item\":\"https:\/\/bnreo.com.tr\/\"},{\"@type\":\"ListItem\",\"position\":2,\"name\":\"KVKK\"}]},{\"@type\":\"WebSite\",\"@id\":\"https:\/\/bnreo.com.tr\/#website\",\"url\":\"https:\/\/bnreo.com.tr\/\",\"name\":\"Bnreo | Su Ar\u0131tma Cihazlar\u0131\",\"description\":\"Bnreo | Su Ar\u0131tma Cihazlar\u0131\",\"potentialAction\":[{\"@type\":\"SearchAction\",\"target\":{\"@type\":\"EntryPoint\",\"urlTemplate\":\"https:\/\/bnreo.com.tr\/?s={search_term_string}\"},\"query-input\":{\"@type\":\"PropertyValueSpecification\",\"valueRequired\":true,\"valueName\":\"search_term_string\"}}],\"inLanguage\":\"de\"}]}<\/script>\n<!-- \/ Yoast SEO plugin. -->","yoast_head_json":{"title":"KVKK - Bnreo | Su Ar\u0131tma Cihazlar\u0131","robots":{"index":"index","follow":"follow","max-snippet":"max-snippet:-1","max-image-preview":"max-image-preview:large","max-video-preview":"max-video-preview:-1"},"canonical":"https:\/\/bnreo.com.tr\/de\/kvkk\/","og_locale":"de_DE","og_type":"article","og_title":"KVKK - Bnreo | Su Ar\u0131tma Cihazlar\u0131","og_description":"K\u0130\u015e\u0130SEL VER\u0130LER\u0130N KORUNMASI HAKKINDA AYDINLATMA METN\u0130 Bu ayd\u0131nlatma metni, 6698 say\u0131l\u0131 Ki\u015fisel Verilerin Korunmas\u0131 Kanunu (&#8220;KVKK&#8221;) uyar\u0131nca, veri sorumlusu s\u0131fat\u0131yla","og_url":"https:\/\/bnreo.com.tr\/de\/kvkk\/","og_site_name":"Bnreo | Su Ar\u0131tma Cihazlar\u0131","article_modified_time":"2025-06-24T02:16:12+00:00","twitter_card":"summary_large_image","twitter_misc":{"Gesch\u00e4tzte Lesezeit":"3\u00a0Minuten"},"schema":{"@context":"https:\/\/schema.org","@graph":[{"@type":"WebPage","@id":"https:\/\/bnreo.com.tr\/kvkk\/","url":"https:\/\/bnreo.com.tr\/kvkk\/","name":"KVKK - Bnreo | Su Ar\u0131tma Cihazlar\u0131","isPartOf":{"@id":"https:\/\/bnreo.com.tr\/#website"},"datePublished":"2025-06-24T02:11:49+00:00","dateModified":"2025-06-24T02:16:12+00:00","breadcrumb":{"@id":"https:\/\/bnreo.com.tr\/kvkk\/#breadcrumb"},"inLanguage":"de","potentialAction":[{"@type":"ReadAction","target":["https:\/\/bnreo.com.tr\/kvkk\/"]}]},{"@type":"BreadcrumbList","@id":"https:\/\/bnreo.com.tr\/kvkk\/#breadcrumb","itemListElement":[{"@type":"ListItem","position":1,"name":"Anasayfa","item":"https:\/\/bnreo.com.tr\/"},{"@type":"ListItem","position":2,"name":"KVKK"}]},{"@type":"WebSite","@id":"https:\/\/bnreo.com.tr\/#website","url":"https:\/\/bnreo.com.tr\/","name":"Bnreo | Su Ar\u0131tma Cihazlar\u0131","description":"Bnreo | Su Ar\u0131tma Cihazlar\u0131","potentialAction":[{"@type":"SearchAction","target":{"@type":"EntryPoint","urlTemplate":"https:\/\/bnreo.com.tr\/?s={search_term_string}"},"query-input":{"@type":"PropertyValueSpecification","valueRequired":true,"valueName":"search_term_string"}}],"inLanguage":"de"}]}},"_links":{"self":[{"href":"https:\/\/bnreo.com.tr\/de\/wp-json\/wp\/v2\/pages\/28203","targetHints":{"allow":["GET"]}}],"collection":[{"href":"https:\/\/bnreo.com.tr\/de\/wp-json\/wp\/v2\/pages"}],"about":[{"href":"https:\/\/bnreo.com.tr\/de\/wp-json\/wp\/v2\/types\/page"}],"author":[{"embeddable":true,"href":"https:\/\/bnreo.com.tr\/de\/wp-json\/wp\/v2\/users\/1"}],"replies":[{"embeddable":true,"href":"https:\/\/bnreo.com.tr\/de\/wp-json\/wp\/v2\/comments?post=28203"}],"version-history":[{"count":4,"href":"https:\/\/bnreo.com.tr\/de\/wp-json\/wp\/v2\/pages\/28203\/revisions"}],"predecessor-version":[{"id":28222,"href":"https:\/\/bnreo.com.tr\/de\/wp-json\/wp\/v2\/pages\/28203\/revisions\/28222"}],"wp:attachment":[{"href":"https:\/\/bnreo.com.tr\/de\/wp-json\/wp\/v2\/media?parent=28203"}],"curies":[{"name":"wp","href":"https:\/\/api.w.org\/{rel}","templated":true}]}}