{"id":28050,"date":"2025-06-24T04:01:27","date_gmt":"2025-06-24T01:01:27","guid":{"rendered":"https:\/\/bnreo.com.tr\/?page_id=28050"},"modified":"2025-06-24T04:08:44","modified_gmt":"2025-06-24T01:08:44","slug":"ozon-teknolojisi","status":"publish","type":"page","link":"https:\/\/bnreo.com.tr\/de\/ozon-teknolojisi\/","title":{"rendered":"Ozon-Technologie"},"content":{"rendered":"<div data-elementor-type=\"wp-page\" data-elementor-id=\"28050\" class=\"elementor elementor-28050\">\n\t\t\t\t<div class=\"wd-negative-gap elementor-element elementor-element-bbb3ee6 e-flex e-con-boxed elementor-invisible e-con e-parent\" data-id=\"bbb3ee6\" data-element_type=\"container\" data-settings=\"{&quot;animation&quot;:&quot;fadeInUp&quot;}\">\n\t\t\t\t\t<div class=\"e-con-inner\">\n\t\t<div class=\"elementor-element elementor-element-101a49a e-con-full e-flex e-con e-child\" data-id=\"101a49a\" data-element_type=\"container\">\n\t\t\t\t<div class=\"elementor-element elementor-element-05c3015 color-scheme-inherit text-left elementor-widget elementor-widget-text-editor\" data-id=\"05c3015\" data-element_type=\"widget\" data-widget_type=\"text-editor.default\">\n\t\t\t\t<div class=\"elementor-widget-container\">\n\t\t\t\t\t\t\t\t\t<h2 data-start=\"211\" data-end=\"232\">Ozon-Technologie<\/h2><h3 data-start=\"234\" data-end=\"279\">\ud83d\udfe6 Ozonanwendungen in der Wasseraufbereitungsindustrie<\/h3><p data-start=\"281\" data-end=\"630\">Ozontechnologie in der Wasseraufbereitungsindustrie <strong data-start=\"320\" data-end=\"346\">hohe Oxidationskraft<\/strong> Es wurde haupts\u00e4chlich zu Desinfektionszwecken eingesetzt. Wissenschaftliche Studien haben gezeigt, dass Ozon nicht nur ein Desinfektionsmittel ist; es hat auch <strong data-start=\"507\" data-end=\"563\">Reduzierung von Geschmack, Geruch, Farbe, Tr\u00fcbung und chemischer Belastung<\/strong> Es hat sich in vielen Bereichen als \u00e4u\u00dferst wirksam erwiesen, wie z. B.:<\/p><p data-start=\"632\" data-end=\"715\"><strong data-start=\"632\" data-end=\"658\">Desinfektion mit Ozon<\/strong>bietet gegen\u00fcber anderen chemischen Methoden erhebliche Vorteile:<\/p><ul data-start=\"716\" data-end=\"873\"><li data-start=\"716\" data-end=\"765\"><p data-start=\"718\" data-end=\"765\">Es hinterl\u00e4sst keine R\u00fcckst\u00e4nde, es wird lediglich Sauerstoff freigesetzt.<\/p><\/li><li data-start=\"766\" data-end=\"794\"><p data-start=\"768\" data-end=\"794\">Es leistet einen positiven Beitrag zum Wasser.<\/p><\/li><li data-start=\"795\" data-end=\"818\"><p data-start=\"797\" data-end=\"818\">Es verf\u00fcgt \u00fcber eine hohe Sicherheit.<\/p><\/li><li data-start=\"819\" data-end=\"873\"><p data-start=\"821\" data-end=\"873\">Die Investitionskosten sind nicht so hoch, wie man vielleicht denken k\u00f6nnte.<\/p><\/li><\/ul><p data-start=\"875\" data-end=\"1086\">Ozon ist eine wesentlich effektivere und umweltfreundlichere Alternative zu Chlor in Wassersystemen. Ozonierungssysteme werden insbesondere in Industriel\u00e4ndern bevorzugt, um die Wasserqualit\u00e4t zu verbessern und die \u00f6ffentliche Gesundheit zu sch\u00fctzen.<\/p><h4 data-start=\"1088\" data-end=\"1112\">Besondere Vorteile:<\/h4><ul data-start=\"1113\" data-end=\"1280\"><li data-start=\"1113\" data-end=\"1135\"><p data-start=\"1115\" data-end=\"1135\">Geschmacks- und Geruchsentfernung<\/p><\/li><li data-start=\"1136\" data-end=\"1181\"><p data-start=\"1138\" data-end=\"1181\">Beseitigung von Bakterien, Viren und Parasiten<\/p><\/li><li data-start=\"1182\" data-end=\"1280\"><p data-start=\"1184\" data-end=\"1280\">Dies kann durch die Verwendung von niedrig dosiertem Chlor als sekund\u00e4res Desinfektionsmittel in Netzwerksystemen unterst\u00fctzt werden.<\/p><\/li><\/ul><hr data-start=\"1282\" data-end=\"1285\" \/><h3 data-start=\"1287\" data-end=\"1336\">\ud83d\udfe6 Ozonanwendungen in der Abwasserbehandlungsindustrie<\/h3><p data-start=\"1338\" data-end=\"1508\">In Kl\u00e4ranlagen, insbesondere <strong data-start=\"1376\" data-end=\"1439\">hoher CSB (chemischer Sauerstoffbedarf) aus industriellen Quellen<\/strong> Ozonanwendungen finden immer mehr Verbreitung bei der Behandlung von Wasser mit<\/p><p data-start=\"1510\" data-end=\"1542\"><strong data-start=\"1510\" data-end=\"1542\">Vorteile von Ozon:<\/strong><\/p><ul data-start=\"1543\" data-end=\"1778\"><li data-start=\"1543\" data-end=\"1576\"><p data-start=\"1545\" data-end=\"1576\">Reduziert hohe chemische Belastungen<\/p><\/li><li data-start=\"1577\" data-end=\"1620\"><p data-start=\"1579\" data-end=\"1620\">Bietet eine Alternative zu herk\u00f6mmlichen Koagulanzien<\/p><\/li><li data-start=\"1621\" data-end=\"1680\"><p data-start=\"1623\" data-end=\"1680\">Reaktorgr\u00f6\u00dfe wird kleiner, Investitions- und Betriebskosten sinken<\/p><\/li><li data-start=\"1681\" data-end=\"1733\"><p data-start=\"1683\" data-end=\"1733\">Nur der Ozongenerator und der Kontakttank reichen aus<\/p><\/li><li data-start=\"1734\" data-end=\"1778\"><p data-start=\"1736\" data-end=\"1778\">Bedienung und Steuerung sind einfacher<\/p><\/li><\/ul><p data-start=\"1780\" data-end=\"1944\"><strong data-start=\"1780\" data-end=\"1831\">Insbesondere in Branchen wie Textil, Leder und Papier<\/strong> Durch den Ersatz der verwendeten aggressiven Chemikalien durch Ozon wird die Effizienz der Anlagen erh\u00f6ht und ihre Umweltbelastung verringert.<\/p><hr data-start=\"1946\" data-end=\"1949\" \/><h3 data-start=\"1951\" data-end=\"1999\">\ud83d\udfe6 Allgemeine Verwendung von Ozon in der Industrie<\/h3><h4 data-start=\"2001\" data-end=\"2034\">\u2705 Geschmacks-, Geruchs- und Farbentfernung<\/h4><ul data-start=\"2035\" data-end=\"2347\"><li data-start=\"2035\" data-end=\"2155\"><p data-start=\"2037\" data-end=\"2155\">Unerw\u00fcnschte Geschmacks- und Geruchsstoffe, die durch organische Verschmutzungen im Grund- und Oberfl\u00e4chenwasser entstehen, werden durch Oxidation mit Ozon entfernt.<\/p><\/li><li data-start=\"2156\" data-end=\"2256\"><p data-start=\"2158\" data-end=\"2256\">Farbstoffe wie Humin-, Fuvin- und Gerbs\u00e4ure werden mit hoher Effizienz entfernt.<\/p><\/li><li data-start=\"2257\" data-end=\"2347\"><p data-start=\"2259\" data-end=\"2347\">Ozon, <strong data-start=\"2265\" data-end=\"2302\">%99\u2019a kadar renk giderim ba\u015far\u0131s\u0131<\/strong> bietet \u00dcberlegenheit gegen\u00fcber chemischen Methoden.<\/p><\/li><\/ul><h4 data-start=\"2349\" data-end=\"2389\">\u2705 Oxidation unerw\u00fcnschter Substanzen<\/h4><ul data-start=\"2390\" data-end=\"2644\"><li data-start=\"2390\" data-end=\"2466\"><p data-start=\"2392\" data-end=\"2466\"><strong data-start=\"2392\" data-end=\"2411\">Eisen und Mangan<\/strong> Ionische Metalle werden beispielsweise durch Oxidation mit Ozon ausgef\u00e4llt.<\/p><\/li><li data-start=\"2467\" data-end=\"2644\"><p data-start=\"2469\" data-end=\"2644\">Cyanid, Cyanat, Thiocyanat, Pestizide, Phenole, Reinigungsmittel und Schwermetalle (Blei, Cadmium, Silber, Quecksilber, Nickel usw.) k\u00f6nnen durch Ozonierung wirksam entfernt werden.<\/p><\/li><\/ul><h4 data-start=\"2646\" data-end=\"2674\">\u2705 Mikrobiologische Behandlung<\/h4><ul data-start=\"2675\" data-end=\"2873\"><li data-start=\"2675\" data-end=\"2732\"><p data-start=\"2677\" data-end=\"2732\">Ozon, <strong data-start=\"2683\" data-end=\"2732\">Es ist eines der st\u00e4rksten oxidativen Desinfektionsmittel.<\/strong><\/p><\/li><li data-start=\"2733\" data-end=\"2801\"><p data-start=\"2735\" data-end=\"2801\">Es neutralisiert Mikroorganismen, indem es ihre Zellmembran zerst\u00f6rt.<\/p><\/li><li data-start=\"2802\" data-end=\"2873\"><p data-start=\"2804\" data-end=\"2873\">Bei Anwendung nach der Vorbehandlung bietet es maximale Wirksamkeit bei geringer Dosierung.<\/p><\/li><\/ul><h4 data-start=\"2875\" data-end=\"2918\">\u2705 CSB-Entfernung und Reduzierung der organischen Belastung<\/h4><ul data-start=\"2919\" data-end=\"3080\"><li data-start=\"2919\" data-end=\"2997\"><p data-start=\"2921\" data-end=\"2997\">Ozon reduziert die organische Belastung, insbesondere wenn es vor der biologischen Behandlung eingesetzt wird.<\/p><\/li><li data-start=\"2998\" data-end=\"3080\"><p data-start=\"3000\" data-end=\"3080\">Auf diese Weise wird sowohl die Effizienz der biologischen Behandlung gesteigert als auch die Qualit\u00e4t des Ausgangswassers verbessert.<\/p><\/li><\/ul><h4 data-start=\"3082\" data-end=\"3115\">\u2705 Ammoniak- und Nitritentfernung<\/h4><ul data-start=\"3116\" data-end=\"3320\"><li data-start=\"3116\" data-end=\"3235\"><p data-start=\"3118\" data-end=\"3235\">Ammoniak l\u00e4sst sich durch Ozon nur schwer direkt oxidieren. Unter pH-Bedingungen von &gt; 7 kann jedoch eine Umwandlung in Nitrit und anschlie\u00dfend in Nitrat erreicht werden.<\/p><\/li><li data-start=\"3236\" data-end=\"3320\"><p data-start=\"3238\" data-end=\"3320\">Um 1 Gramm Ammoniak vollst\u00e4ndig zu oxidieren, ben\u00f6tigt man ca. <strong data-start=\"3290\" data-end=\"3308\">3,05 Gramm Ozon<\/strong> ist notwendig.<\/p><\/li><\/ul><hr data-start=\"3322\" data-end=\"3325\" \/><h3 data-start=\"3327\" data-end=\"3377\">\ud83d\udfe6 Vergleich von Ozon und Chlor\/Chlordioxid<\/h3><p data-start=\"3379\" data-end=\"3436\">Obwohl Chlor- und Chlordioxidsysteme in der T\u00fcrkei weit verbreitet sind:<\/p><ul data-start=\"3437\" data-end=\"3560\"><li data-start=\"3437\" data-end=\"3457\"><p data-start=\"3439\" data-end=\"3457\">Sie hinterlassen R\u00fcckst\u00e4nde<\/p><\/li><li data-start=\"3458\" data-end=\"3489\"><p data-start=\"3460\" data-end=\"3489\">Die Desinfektionseffizienz ist gering<\/p><\/li><li data-start=\"3490\" data-end=\"3560\"><p data-start=\"3492\" data-end=\"3560\">Sie stellen ein potenzielles Gesundheitsrisiko aufgrund der Bildung bestimmter Verbindungen dar<\/p><\/li><\/ul><p data-start=\"3562\" data-end=\"3587\"><strong data-start=\"3562\" data-end=\"3582\">Ozon-Technologie<\/strong> wohingegen:<\/p><ul data-start=\"3588\" data-end=\"3681\"><li data-start=\"3588\" data-end=\"3606\"><p data-start=\"3590\" data-end=\"3606\">Hinterl\u00e4sst keine R\u00fcckst\u00e4nde<\/p><\/li><li data-start=\"3607\" data-end=\"3619\"><p data-start=\"3609\" data-end=\"3619\">Es ist geruchlos<\/p><\/li><li data-start=\"3620\" data-end=\"3645\"><p data-start=\"3622\" data-end=\"3645\">F\u00fcgt dem Wasser Sauerstoff hinzu<\/p><\/li><li data-start=\"3646\" data-end=\"3681\"><p data-start=\"3648\" data-end=\"3681\">Es ist umweltfreundlicher und nachhaltiger<\/p><\/li><\/ul>\t\t\t\t\t\t\t\t<\/div>\n\t\t\t\t<\/div>\n\t\t\t\t<\/div>\n\t\t\t\t\t<\/div>\n\t\t\t\t<\/div>\n\t\t\t\t<\/div>","protected":false},"excerpt":{"rendered":"<p>Ozontechnologie \ud83d\udfe6 Ozonanwendungen im Bereich der Wasseraufbereitung Die Ozontechnologie wird aufgrund ihrer hohen Oxidationskraft vor allem zur Desinfektion im Bereich der Wasseraufbereitung eingesetzt.<\/p>","protected":false},"author":1,"featured_media":0,"parent":0,"menu_order":0,"comment_status":"closed","ping_status":"closed","template":"elementor_header_footer","meta":{"footnotes":""},"class_list":["post-28050","page","type-page","status-publish","hentry"],"yoast_head":"<!-- This site is optimized with the Yoast SEO plugin v25.3.1 - https:\/\/yoast.com\/wordpress\/plugins\/seo\/ -->\n<title>Ozon Teknolojisi - Bnreo | Su Ar\u0131tma Cihazlar\u0131<\/title>\n<meta name=\"robots\" content=\"index, follow, max-snippet:-1, max-image-preview:large, max-video-preview:-1\" \/>\n<link rel=\"canonical\" href=\"https:\/\/bnreo.com.tr\/de\/ozon-teknolojisi\/\" \/>\n<meta property=\"og:locale\" content=\"de_DE\" \/>\n<meta property=\"og:type\" content=\"article\" \/>\n<meta property=\"og:title\" content=\"Ozon Teknolojisi - Bnreo | Su Ar\u0131tma Cihazlar\u0131\" \/>\n<meta property=\"og:description\" content=\"Ozon Teknolojisi \ud83d\udfe6 Su Ar\u0131tma Sekt\u00f6r\u00fcnde Ozon Uygulamalar\u0131 Ozon teknolojisi, su ar\u0131tma sekt\u00f6r\u00fcnde y\u00fcksek oksidasyon g\u00fcc\u00fc sayesinde \u00f6ncelikli olarak dezenfeksiyon\" \/>\n<meta property=\"og:url\" content=\"https:\/\/bnreo.com.tr\/de\/ozon-teknolojisi\/\" \/>\n<meta property=\"og:site_name\" content=\"Bnreo | Su Ar\u0131tma Cihazlar\u0131\" \/>\n<meta property=\"article:modified_time\" content=\"2025-06-24T01:08:44+00:00\" \/>\n<meta name=\"twitter:card\" content=\"summary_large_image\" \/>\n<meta name=\"twitter:label1\" content=\"Gesch\u00e4tzte Lesezeit\" \/>\n\t<meta name=\"twitter:data1\" content=\"3\u00a0Minuten\" \/>\n<script type=\"application\/ld+json\" class=\"yoast-schema-graph\">{\"@context\":\"https:\/\/schema.org\",\"@graph\":[{\"@type\":\"WebPage\",\"@id\":\"https:\/\/bnreo.com.tr\/ozon-teknolojisi\/\",\"url\":\"https:\/\/bnreo.com.tr\/ozon-teknolojisi\/\",\"name\":\"Ozon Teknolojisi - Bnreo | Su Ar\u0131tma Cihazlar\u0131\",\"isPartOf\":{\"@id\":\"https:\/\/bnreo.com.tr\/#website\"},\"datePublished\":\"2025-06-24T01:01:27+00:00\",\"dateModified\":\"2025-06-24T01:08:44+00:00\",\"breadcrumb\":{\"@id\":\"https:\/\/bnreo.com.tr\/ozon-teknolojisi\/#breadcrumb\"},\"inLanguage\":\"de\",\"potentialAction\":[{\"@type\":\"ReadAction\",\"target\":[\"https:\/\/bnreo.com.tr\/ozon-teknolojisi\/\"]}]},{\"@type\":\"BreadcrumbList\",\"@id\":\"https:\/\/bnreo.com.tr\/ozon-teknolojisi\/#breadcrumb\",\"itemListElement\":[{\"@type\":\"ListItem\",\"position\":1,\"name\":\"Anasayfa\",\"item\":\"https:\/\/bnreo.com.tr\/\"},{\"@type\":\"ListItem\",\"position\":2,\"name\":\"Ozon Teknolojisi\"}]},{\"@type\":\"WebSite\",\"@id\":\"https:\/\/bnreo.com.tr\/#website\",\"url\":\"https:\/\/bnreo.com.tr\/\",\"name\":\"Bnreo | Su Ar\u0131tma Cihazlar\u0131\",\"description\":\"Bnreo | Su Ar\u0131tma Cihazlar\u0131\",\"potentialAction\":[{\"@type\":\"SearchAction\",\"target\":{\"@type\":\"EntryPoint\",\"urlTemplate\":\"https:\/\/bnreo.com.tr\/?s={search_term_string}\"},\"query-input\":{\"@type\":\"PropertyValueSpecification\",\"valueRequired\":true,\"valueName\":\"search_term_string\"}}],\"inLanguage\":\"de\"}]}<\/script>\n<!-- \/ Yoast SEO plugin. -->","yoast_head_json":{"title":"Ozon Teknolojisi - Bnreo | Su Ar\u0131tma Cihazlar\u0131","robots":{"index":"index","follow":"follow","max-snippet":"max-snippet:-1","max-image-preview":"max-image-preview:large","max-video-preview":"max-video-preview:-1"},"canonical":"https:\/\/bnreo.com.tr\/de\/ozon-teknolojisi\/","og_locale":"de_DE","og_type":"article","og_title":"Ozon Teknolojisi - Bnreo | Su Ar\u0131tma Cihazlar\u0131","og_description":"Ozon Teknolojisi \ud83d\udfe6 Su Ar\u0131tma Sekt\u00f6r\u00fcnde Ozon Uygulamalar\u0131 Ozon teknolojisi, su ar\u0131tma sekt\u00f6r\u00fcnde y\u00fcksek oksidasyon g\u00fcc\u00fc sayesinde \u00f6ncelikli olarak dezenfeksiyon","og_url":"https:\/\/bnreo.com.tr\/de\/ozon-teknolojisi\/","og_site_name":"Bnreo | Su Ar\u0131tma Cihazlar\u0131","article_modified_time":"2025-06-24T01:08:44+00:00","twitter_card":"summary_large_image","twitter_misc":{"Gesch\u00e4tzte Lesezeit":"3\u00a0Minuten"},"schema":{"@context":"https:\/\/schema.org","@graph":[{"@type":"WebPage","@id":"https:\/\/bnreo.com.tr\/ozon-teknolojisi\/","url":"https:\/\/bnreo.com.tr\/ozon-teknolojisi\/","name":"Ozon Teknolojisi - Bnreo | Su Ar\u0131tma Cihazlar\u0131","isPartOf":{"@id":"https:\/\/bnreo.com.tr\/#website"},"datePublished":"2025-06-24T01:01:27+00:00","dateModified":"2025-06-24T01:08:44+00:00","breadcrumb":{"@id":"https:\/\/bnreo.com.tr\/ozon-teknolojisi\/#breadcrumb"},"inLanguage":"de","potentialAction":[{"@type":"ReadAction","target":["https:\/\/bnreo.com.tr\/ozon-teknolojisi\/"]}]},{"@type":"BreadcrumbList","@id":"https:\/\/bnreo.com.tr\/ozon-teknolojisi\/#breadcrumb","itemListElement":[{"@type":"ListItem","position":1,"name":"Anasayfa","item":"https:\/\/bnreo.com.tr\/"},{"@type":"ListItem","position":2,"name":"Ozon Teknolojisi"}]},{"@type":"WebSite","@id":"https:\/\/bnreo.com.tr\/#website","url":"https:\/\/bnreo.com.tr\/","name":"Bnreo | Su Ar\u0131tma Cihazlar\u0131","description":"Bnreo | Su Ar\u0131tma Cihazlar\u0131","potentialAction":[{"@type":"SearchAction","target":{"@type":"EntryPoint","urlTemplate":"https:\/\/bnreo.com.tr\/?s={search_term_string}"},"query-input":{"@type":"PropertyValueSpecification","valueRequired":true,"valueName":"search_term_string"}}],"inLanguage":"de"}]}},"_links":{"self":[{"href":"https:\/\/bnreo.com.tr\/de\/wp-json\/wp\/v2\/pages\/28050","targetHints":{"allow":["GET"]}}],"collection":[{"href":"https:\/\/bnreo.com.tr\/de\/wp-json\/wp\/v2\/pages"}],"about":[{"href":"https:\/\/bnreo.com.tr\/de\/wp-json\/wp\/v2\/types\/page"}],"author":[{"embeddable":true,"href":"https:\/\/bnreo.com.tr\/de\/wp-json\/wp\/v2\/users\/1"}],"replies":[{"embeddable":true,"href":"https:\/\/bnreo.com.tr\/de\/wp-json\/wp\/v2\/comments?post=28050"}],"version-history":[{"count":4,"href":"https:\/\/bnreo.com.tr\/de\/wp-json\/wp\/v2\/pages\/28050\/revisions"}],"predecessor-version":[{"id":28071,"href":"https:\/\/bnreo.com.tr\/de\/wp-json\/wp\/v2\/pages\/28050\/revisions\/28071"}],"wp:attachment":[{"href":"https:\/\/bnreo.com.tr\/de\/wp-json\/wp\/v2\/media?parent=28050"}],"curies":[{"name":"wp","href":"https:\/\/api.w.org\/{rel}","templated":true}]}}