{"id":28047,"date":"2025-06-24T04:00:56","date_gmt":"2025-06-24T01:00:56","guid":{"rendered":"https:\/\/bnreo.com.tr\/?page_id=28047"},"modified":"2025-06-24T04:07:54","modified_gmt":"2025-06-24T01:07:54","slug":"iyon-degisim-teknolojileri","status":"publish","type":"page","link":"https:\/\/bnreo.com.tr\/de\/iyon-degisim-teknolojileri\/","title":{"rendered":"Ionenaustauschtechnologien"},"content":{"rendered":"<div data-elementor-type=\"wp-page\" data-elementor-id=\"28047\" class=\"elementor elementor-28047\">\n\t\t\t\t<div class=\"wd-negative-gap elementor-element elementor-element-b13ce65 e-flex e-con-boxed elementor-invisible e-con e-parent\" data-id=\"b13ce65\" data-element_type=\"container\" data-settings=\"{&quot;animation&quot;:&quot;fadeInUp&quot;}\">\n\t\t\t\t\t<div class=\"e-con-inner\">\n\t\t<div class=\"elementor-element elementor-element-f24eabd e-con-full e-flex e-con e-child\" data-id=\"f24eabd\" data-element_type=\"container\">\n\t\t\t\t<div class=\"elementor-element elementor-element-d123dd2 color-scheme-inherit text-left elementor-widget elementor-widget-text-editor\" data-id=\"d123dd2\" data-element_type=\"widget\" data-widget_type=\"text-editor.default\">\n\t\t\t\t<div class=\"elementor-widget-container\">\n\t\t\t\t\t\t\t\t\t<h3 data-start=\"125\" data-end=\"157\">Ionenaustauschtechnologien<\/h3><p data-start=\"159\" data-end=\"489\"><strong data-start=\"159\" data-end=\"189\">Ionenaustauschtechnologien<\/strong>Hierbei handelt es sich um chemische Aufbereitungssysteme, die mithilfe selektiver Harze unerw\u00fcnschte Ionen aus dem Wasser entfernen. Diese Technologie spielt in vielen industriellen und h\u00e4uslichen Anwendungen eine entscheidende Rolle, beispielsweise bei der Reduzierung der Wasserh\u00e4rte, der Entfernung ionischer Verunreinigungen und der Gewinnung hochreiner Wassers.<\/p><hr data-start=\"491\" data-end=\"494\" \/><h3 data-start=\"496\" data-end=\"526\">\ud83d\udfe6 Wasserenth\u00e4rtungsanlagen<\/h3><p data-start=\"528\" data-end=\"914\"><strong data-start=\"528\" data-end=\"555\">Wasserenth\u00e4rtungsanlagen<\/strong>Es basiert auf dem Prinzip der Entfernung von Calcium- (Ca\u00b2\u207a) und Magnesium- (Mg\u00b2\u207a) Ionen, die die Wasserh\u00e4rte verursachen, mithilfe von kationischen Harzen auf Natriumbasis. Dieser Prozess wird durch Ionenaustausch erreicht. Wenn hartes Wasser durch ein Ionenaustauscherharzbett geleitet wird, werden die Ca\u00b2\u207a- und Mg\u00b2\u207a-Ionen im Harz durch Natrium- (Na\u207a) Ionen ersetzt, wodurch das Wasser enth\u00e4rtet wird.<\/p><p data-start=\"916\" data-end=\"1183\">Mit der Zeit s\u00e4ttigt sich die Harzoberfl\u00e4che mit Ca\u00b2\u207a- und Mg\u00b2\u207a-Ionen. In diesem Fall wird ein Regenerationsprozess durchgef\u00fchrt, um die Fruchtbarkeit der Harzpartikel wiederherzustellen. Dabei wird das Harz \u00fcblicherweise mit Salzwasser (NaCl) gewaschen, um seinen urspr\u00fcnglichen Zustand wiederherzustellen.<\/p><h4 data-start=\"1185\" data-end=\"1248\">Was Sie bei der Auswahl eines Wasserenth\u00e4rtungssystems beachten sollten:<\/h4><ul data-start=\"1249\" data-end=\"1462\"><li data-start=\"1249\" data-end=\"1284\"><p data-start=\"1251\" data-end=\"1284\">Tankvolumen passend zur Harzmenge<\/p><\/li><li data-start=\"1285\" data-end=\"1345\"><p data-start=\"1287\" data-end=\"1345\">Spitzendurchfluss- und Nenndurchflussberechnung nach Wasserh\u00e4rte<\/p><\/li><li data-start=\"1346\" data-end=\"1396\"><p data-start=\"1348\" data-end=\"1396\">Die ideale Geschwindigkeit des Wassers, das durch das Harzbett flie\u00dft<\/p><\/li><li data-start=\"1397\" data-end=\"1462\"><p data-start=\"1399\" data-end=\"1462\">Durch die Vorbehandlung werden die Faktoren eliminiert, die sich negativ auf das System auswirken.<\/p><\/li><\/ul><h4 data-start=\"1464\" data-end=\"1487\">Einsatzbereiche:<\/h4><ul data-start=\"1488\" data-end=\"1666\"><li data-start=\"1488\" data-end=\"1514\"><p data-start=\"1490\" data-end=\"1514\">Lebensmittel- und Getr\u00e4nkeproduktion<\/p><\/li><li data-start=\"1515\" data-end=\"1564\"><p data-start=\"1517\" data-end=\"1564\">Vorbehandlung vor Umkehrosmoseanlagen<\/p><\/li><li data-start=\"1565\" data-end=\"1590\"><p data-start=\"1567\" data-end=\"1590\">Chemische und pharmazeutische Industrie<\/p><\/li><li data-start=\"1591\" data-end=\"1624\"><p data-start=\"1593\" data-end=\"1624\">Oberfl\u00e4chen- und Grundwasserbehandlung<\/p><\/li><li data-start=\"1625\" data-end=\"1666\"><p data-start=\"1627\" data-end=\"1666\">Versorgung mit Frischwasser und Kesselspeisewasser<\/p><\/li><\/ul><hr data-start=\"1668\" data-end=\"1671\" \/><h3 data-start=\"1673\" data-end=\"1704\">\ud83d\udfe6 Deionisierungssysteme<\/h3><p data-start=\"1706\" data-end=\"2003\"><strong data-start=\"1706\" data-end=\"1739\">Deionisierungssysteme (DI)<\/strong>, das positive (Kationen) und negative (Anionen) Ionen aus dem Wasser entfernt, sorgt f\u00fcr hochreines Wasser. Diese Systeme werden h\u00e4ufig in Bereichen eingesetzt, in denen reines Wasser ben\u00f6tigt wird, wie z. B. in Laboren sowie in der Glas-, Pharma- und Kosmetikindustrie.<\/p><p data-start=\"2005\" data-end=\"2336\">Das System besteht aus zwei Stufen: kationischen und anionischen Harzen. Zuerst Wasser, <strong data-start=\"2088\" data-end=\"2110\">aus kationischem Harz<\/strong> positive Ionen werden durch Wasserstoffionen (H\u207a) ersetzt. Dann <strong data-start=\"2185\" data-end=\"2206\">anionisches Harz<\/strong> Die negativen Ionen werden durch Hydroxidionen (OH\u207b) ersetzt. Die Kombination dieser Ionen erzeugt H\u2082O oder reines Wasser.<\/p><p data-start=\"2338\" data-end=\"2572\">In Anwendungen, die hohe Reinheit erfordern <strong data-start=\"2385\" data-end=\"2443\">Mischbett-Ionenaustauschsysteme (Mixed Bed)<\/strong> In diesen Systemen sind Kationen- und Anionenharze in einer einzigen Einheit enthalten, wodurch eine Wasserproduktion mit extrem hoher Reinheit gew\u00e4hrleistet wird.<\/p><p data-start=\"2574\" data-end=\"2761\">Am Ende ihrer Lebensdauer erreichen die Harze ihre S\u00e4ttigung und werden durch einen Regenerationsprozess reaktiviert. Kationische Harze werden mit S\u00e4ure regeneriert, anionische Harze mit Lauge.<\/p><h4 data-start=\"2763\" data-end=\"2814\">Einsatzgebiete von Deionisationsanlagen:<\/h4><ul data-start=\"2815\" data-end=\"2979\"><li data-start=\"2815\" data-end=\"2838\"><p data-start=\"2817\" data-end=\"2838\">Automobilindustrie<\/p><\/li><li data-start=\"2839\" data-end=\"2864\"><p data-start=\"2841\" data-end=\"2864\">Chemische und pharmazeutische Produktion<\/p><\/li><li data-start=\"2865\" data-end=\"2890\"><p data-start=\"2867\" data-end=\"2890\">Herstellung kosmetischer Produkte<\/p><\/li><li data-start=\"2891\" data-end=\"2909\"><p data-start=\"2893\" data-end=\"2909\">Labore<\/p><\/li><li data-start=\"2910\" data-end=\"2956\"><p data-start=\"2912\" data-end=\"2956\">Oberfl\u00e4chenbeschichtungs- und Galvanikprozesse<\/p><\/li><li data-start=\"2957\" data-end=\"2979\"><p data-start=\"2959\" data-end=\"2979\">Kraftwerke<\/p><\/li><\/ul><hr data-start=\"2981\" data-end=\"2984\" \/><h3 data-start=\"2986\" data-end=\"3018\">\ud83d\udfe6 Entkalkungssysteme<\/h3><p data-start=\"3020\" data-end=\"3357\"><strong data-start=\"3020\" data-end=\"3049\">Entkalkungsanlagen<\/strong>zielt darauf ab, hohe Alkalinit\u00e4tsgrade im Wasser zu kontrollieren. Die Alkalinit\u00e4t steigt mit der Konzentration von Carbonat- (CO\u2083\u00b2\u207b) und Bicarbonat-Ionen (HCO\u2083\u207b) im Wasser. Dies f\u00fchrt zur Bildung von wei\u00dfen Niederschl\u00e4gen in industriellen Prozessen, zu Ger\u00e4tesch\u00e4den und einer verringerten Systemeffizienz.<\/p><p data-start=\"3359\" data-end=\"3705\">Entkalkungsprozess, Carbonat- und Bicarbonat-selektiv <strong data-start=\"3412\" data-end=\"3433\">anionische Harze<\/strong> Diese Systeme werden in der Regel vor Wasserenth\u00e4rtungsanlagen installiert. Dadurch wird sowohl die Auslastung der Enth\u00e4rtungsanlagen als auch der Salzverbrauch reduziert. Gleichzeitig werden Einsparungen von %6\u20138 % bei den in der Anlage eingesetzten Chemikalien erzielt.<\/p><h4 data-start=\"3707\" data-end=\"3753\">Vorteile von Entkalkungssystemen:<\/h4><ul data-start=\"3754\" data-end=\"3947\"><li data-start=\"3754\" data-end=\"3815\"><p data-start=\"3756\" data-end=\"3815\">Verhinderung von Korrosion, die in Wasser\u00fcbertragungssystemen auftreten kann<\/p><\/li><li data-start=\"3816\" data-end=\"3879\"><p data-start=\"3818\" data-end=\"3879\">Reduzierung des Chemikalienverbrauchs und der Betriebskosten<\/p><\/li><li data-start=\"3880\" data-end=\"3916\"><p data-start=\"3882\" data-end=\"3916\">Steigerung der Anlageneffizienz<\/p><\/li><li data-start=\"3917\" data-end=\"3947\"><p data-start=\"3919\" data-end=\"3947\">Verl\u00e4ngerung der Ger\u00e4telebensdauer<\/p><\/li><\/ul>\t\t\t\t\t\t\t\t<\/div>\n\t\t\t\t<\/div>\n\t\t\t\t<\/div>\n\t\t\t\t\t<\/div>\n\t\t\t\t<\/div>\n\t\t\t\t<\/div>","protected":false},"excerpt":{"rendered":"<p>Ionenaustauschtechnologien sind chemische Aufbereitungssysteme, die mithilfe selektiver Harze unerw\u00fcnschte Ionen aus Wasser entfernen. Diese Technologie;<\/p>","protected":false},"author":1,"featured_media":0,"parent":0,"menu_order":0,"comment_status":"closed","ping_status":"closed","template":"elementor_header_footer","meta":{"footnotes":""},"class_list":["post-28047","page","type-page","status-publish","hentry"],"yoast_head":"<!-- This site is optimized with the Yoast SEO plugin v25.3.1 - https:\/\/yoast.com\/wordpress\/plugins\/seo\/ -->\n<title>\u0130yon De\u011fi\u015fim Teknolojileri - Bnreo | Su Ar\u0131tma Cihazlar\u0131<\/title>\n<meta name=\"robots\" content=\"index, follow, max-snippet:-1, max-image-preview:large, max-video-preview:-1\" \/>\n<link rel=\"canonical\" href=\"https:\/\/bnreo.com.tr\/de\/iyon-degisim-teknolojileri\/\" \/>\n<meta property=\"og:locale\" content=\"de_DE\" \/>\n<meta property=\"og:type\" content=\"article\" \/>\n<meta property=\"og:title\" content=\"\u0130yon De\u011fi\u015fim Teknolojileri - Bnreo | Su Ar\u0131tma Cihazlar\u0131\" \/>\n<meta property=\"og:description\" content=\"\u0130yon De\u011fi\u015fim Teknolojileri \u0130yon de\u011fi\u015fim teknolojileri, suda bulunan istenmeyen iyonlar\u0131n se\u00e7ici re\u00e7ineler arac\u0131l\u0131\u011f\u0131yla giderilmesini sa\u011flayan kimyasal ar\u0131tma sistemleridir. Bu teknoloji;\" \/>\n<meta property=\"og:url\" content=\"https:\/\/bnreo.com.tr\/de\/iyon-degisim-teknolojileri\/\" \/>\n<meta property=\"og:site_name\" content=\"Bnreo | Su Ar\u0131tma Cihazlar\u0131\" \/>\n<meta property=\"article:modified_time\" content=\"2025-06-24T01:07:54+00:00\" \/>\n<meta name=\"twitter:card\" content=\"summary_large_image\" \/>\n<meta name=\"twitter:label1\" content=\"Gesch\u00e4tzte Lesezeit\" \/>\n\t<meta name=\"twitter:data1\" content=\"3\u00a0Minuten\" \/>\n<script type=\"application\/ld+json\" class=\"yoast-schema-graph\">{\"@context\":\"https:\/\/schema.org\",\"@graph\":[{\"@type\":\"WebPage\",\"@id\":\"https:\/\/bnreo.com.tr\/iyon-degisim-teknolojileri\/\",\"url\":\"https:\/\/bnreo.com.tr\/iyon-degisim-teknolojileri\/\",\"name\":\"\u0130yon De\u011fi\u015fim Teknolojileri - Bnreo | Su Ar\u0131tma Cihazlar\u0131\",\"isPartOf\":{\"@id\":\"https:\/\/bnreo.com.tr\/#website\"},\"datePublished\":\"2025-06-24T01:00:56+00:00\",\"dateModified\":\"2025-06-24T01:07:54+00:00\",\"breadcrumb\":{\"@id\":\"https:\/\/bnreo.com.tr\/iyon-degisim-teknolojileri\/#breadcrumb\"},\"inLanguage\":\"de\",\"potentialAction\":[{\"@type\":\"ReadAction\",\"target\":[\"https:\/\/bnreo.com.tr\/iyon-degisim-teknolojileri\/\"]}]},{\"@type\":\"BreadcrumbList\",\"@id\":\"https:\/\/bnreo.com.tr\/iyon-degisim-teknolojileri\/#breadcrumb\",\"itemListElement\":[{\"@type\":\"ListItem\",\"position\":1,\"name\":\"Anasayfa\",\"item\":\"https:\/\/bnreo.com.tr\/\"},{\"@type\":\"ListItem\",\"position\":2,\"name\":\"\u0130yon De\u011fi\u015fim Teknolojileri\"}]},{\"@type\":\"WebSite\",\"@id\":\"https:\/\/bnreo.com.tr\/#website\",\"url\":\"https:\/\/bnreo.com.tr\/\",\"name\":\"Bnreo | Su Ar\u0131tma Cihazlar\u0131\",\"description\":\"Bnreo | Su Ar\u0131tma Cihazlar\u0131\",\"potentialAction\":[{\"@type\":\"SearchAction\",\"target\":{\"@type\":\"EntryPoint\",\"urlTemplate\":\"https:\/\/bnreo.com.tr\/?s={search_term_string}\"},\"query-input\":{\"@type\":\"PropertyValueSpecification\",\"valueRequired\":true,\"valueName\":\"search_term_string\"}}],\"inLanguage\":\"de\"}]}<\/script>\n<!-- \/ Yoast SEO plugin. -->","yoast_head_json":{"title":"\u0130yon De\u011fi\u015fim Teknolojileri - Bnreo | Su Ar\u0131tma Cihazlar\u0131","robots":{"index":"index","follow":"follow","max-snippet":"max-snippet:-1","max-image-preview":"max-image-preview:large","max-video-preview":"max-video-preview:-1"},"canonical":"https:\/\/bnreo.com.tr\/de\/iyon-degisim-teknolojileri\/","og_locale":"de_DE","og_type":"article","og_title":"\u0130yon De\u011fi\u015fim Teknolojileri - Bnreo | Su Ar\u0131tma Cihazlar\u0131","og_description":"\u0130yon De\u011fi\u015fim Teknolojileri \u0130yon de\u011fi\u015fim teknolojileri, suda bulunan istenmeyen iyonlar\u0131n se\u00e7ici re\u00e7ineler arac\u0131l\u0131\u011f\u0131yla giderilmesini sa\u011flayan kimyasal ar\u0131tma sistemleridir. Bu teknoloji;","og_url":"https:\/\/bnreo.com.tr\/de\/iyon-degisim-teknolojileri\/","og_site_name":"Bnreo | Su Ar\u0131tma Cihazlar\u0131","article_modified_time":"2025-06-24T01:07:54+00:00","twitter_card":"summary_large_image","twitter_misc":{"Gesch\u00e4tzte Lesezeit":"3\u00a0Minuten"},"schema":{"@context":"https:\/\/schema.org","@graph":[{"@type":"WebPage","@id":"https:\/\/bnreo.com.tr\/iyon-degisim-teknolojileri\/","url":"https:\/\/bnreo.com.tr\/iyon-degisim-teknolojileri\/","name":"\u0130yon De\u011fi\u015fim Teknolojileri - Bnreo | Su Ar\u0131tma Cihazlar\u0131","isPartOf":{"@id":"https:\/\/bnreo.com.tr\/#website"},"datePublished":"2025-06-24T01:00:56+00:00","dateModified":"2025-06-24T01:07:54+00:00","breadcrumb":{"@id":"https:\/\/bnreo.com.tr\/iyon-degisim-teknolojileri\/#breadcrumb"},"inLanguage":"de","potentialAction":[{"@type":"ReadAction","target":["https:\/\/bnreo.com.tr\/iyon-degisim-teknolojileri\/"]}]},{"@type":"BreadcrumbList","@id":"https:\/\/bnreo.com.tr\/iyon-degisim-teknolojileri\/#breadcrumb","itemListElement":[{"@type":"ListItem","position":1,"name":"Anasayfa","item":"https:\/\/bnreo.com.tr\/"},{"@type":"ListItem","position":2,"name":"\u0130yon De\u011fi\u015fim Teknolojileri"}]},{"@type":"WebSite","@id":"https:\/\/bnreo.com.tr\/#website","url":"https:\/\/bnreo.com.tr\/","name":"Bnreo | Su Ar\u0131tma Cihazlar\u0131","description":"Bnreo | Su Ar\u0131tma Cihazlar\u0131","potentialAction":[{"@type":"SearchAction","target":{"@type":"EntryPoint","urlTemplate":"https:\/\/bnreo.com.tr\/?s={search_term_string}"},"query-input":{"@type":"PropertyValueSpecification","valueRequired":true,"valueName":"search_term_string"}}],"inLanguage":"de"}]}},"_links":{"self":[{"href":"https:\/\/bnreo.com.tr\/de\/wp-json\/wp\/v2\/pages\/28047","targetHints":{"allow":["GET"]}}],"collection":[{"href":"https:\/\/bnreo.com.tr\/de\/wp-json\/wp\/v2\/pages"}],"about":[{"href":"https:\/\/bnreo.com.tr\/de\/wp-json\/wp\/v2\/types\/page"}],"author":[{"embeddable":true,"href":"https:\/\/bnreo.com.tr\/de\/wp-json\/wp\/v2\/users\/1"}],"replies":[{"embeddable":true,"href":"https:\/\/bnreo.com.tr\/de\/wp-json\/wp\/v2\/comments?post=28047"}],"version-history":[{"count":4,"href":"https:\/\/bnreo.com.tr\/de\/wp-json\/wp\/v2\/pages\/28047\/revisions"}],"predecessor-version":[{"id":28068,"href":"https:\/\/bnreo.com.tr\/de\/wp-json\/wp\/v2\/pages\/28047\/revisions\/28068"}],"wp:attachment":[{"href":"https:\/\/bnreo.com.tr\/de\/wp-json\/wp\/v2\/media?parent=28047"}],"curies":[{"name":"wp","href":"https:\/\/api.w.org\/{rel}","templated":true}]}}