{"id":28038,"date":"2025-06-24T03:59:26","date_gmt":"2025-06-24T00:59:26","guid":{"rendered":"https:\/\/bnreo.com.tr\/?page_id=28038"},"modified":"2025-06-24T04:04:55","modified_gmt":"2025-06-24T01:04:55","slug":"membran-teknolojileri","status":"publish","type":"page","link":"https:\/\/bnreo.com.tr\/de\/membran-teknolojileri\/","title":{"rendered":"Membrantechnologien"},"content":{"rendered":"<div data-elementor-type=\"wp-page\" data-elementor-id=\"28038\" class=\"elementor elementor-28038\">\n\t\t\t\t<div class=\"wd-negative-gap elementor-element elementor-element-4b19106 e-flex e-con-boxed elementor-invisible e-con e-parent\" data-id=\"4b19106\" data-element_type=\"container\" data-settings=\"{&quot;animation&quot;:&quot;fadeInUp&quot;}\">\n\t\t\t\t\t<div class=\"e-con-inner\">\n\t\t<div class=\"elementor-element elementor-element-ef42c19 e-con-full e-flex e-con e-child\" data-id=\"ef42c19\" data-element_type=\"container\">\n\t\t\t\t<div class=\"elementor-element elementor-element-e731851 color-scheme-inherit text-left elementor-widget elementor-widget-text-editor\" data-id=\"e731851\" data-element_type=\"widget\" data-widget_type=\"text-editor.default\">\n\t\t\t\t<div class=\"elementor-widget-container\">\n\t\t\t\t\t\t\t\t\t<h3 data-start=\"258\" data-end=\"285\">Membrantechnologien<\/h3><h4 data-start=\"287\" data-end=\"316\">Umkehrosmose-Technologie<\/h4><p data-start=\"317\" data-end=\"785\">Die Umkehrosmose (RO) gilt als eine der zuverl\u00e4ssigsten und effektivsten Wasseraufbereitungstechnologien. Bei diesem System wird Rohwasser unter hohem Druck durch die mikroskopisch kleinen Poren semipermeabler Membranen gepresst. Diese Poren lassen nur reine Wassermolek\u00fcle durch, w\u00e4hrend Salze, Schwermetalle, Bakterien, Viren, Pestizide und andere sch\u00e4dliche Verunreinigungen von der Membran zur\u00fcckgehalten und als konzentriertes Wasser aus dem System entfernt werden.<\/p><p data-start=\"787\" data-end=\"1332\">Ters osmoz sistemleri, filtrasyon teknolojilerine k\u0131yasla \u00e7ok daha y\u00fcksek bir su kalitesi elde edilmesini sa\u011flar. Sistemlerimizin g\u00f6vde yap\u0131s\u0131 paslanmaz \u00e7elik ya da epoksi kaplamal\u0131 karbon \u00e7elikten \u00fcretilebilmekte; bu sayede uzun \u00f6m\u00fcrl\u00fc, dayan\u0131kl\u0131 ve hijyenik bir \u00e7\u00f6z\u00fcm sunulmaktad\u0131r. Ters osmoz membranlar\u0131 sayesinde \u00e7\u00f6z\u00fcnm\u00fc\u015f tuzlar\u0131n, inorganik ve y\u00fcksek molek\u00fcl a\u011f\u0131rl\u0131kl\u0131 organik maddelerin %90 ila %99.5 oran\u0131nda giderimi sa\u011flan\u0131r. Kuyu, deniz, y\u00fczey suyu gibi farkl\u0131 kaynaklardan al\u0131nan sular, bu sistemle y\u00fcksek safl\u0131kta suya d\u00f6n\u00fc\u015ft\u00fcr\u00fcl\u00fcr.<\/p><p data-start=\"1334\" data-end=\"1441\"><strong data-start=\"1334\" data-end=\"1343\">BNREO<\/strong>bietet RO-L\u00f6sungen, die Ihren Anforderungen am besten entsprechen, mit speziellen Projekten f\u00fcr den privaten und industriellen Bereich.<\/p><p data-start=\"1443\" data-end=\"1467\"><strong data-start=\"1443\" data-end=\"1465\">Einsatzbereiche:<\/strong><\/p><ul data-start=\"1468\" data-end=\"1661\"><li data-start=\"1468\" data-end=\"1489\"><p data-start=\"1470\" data-end=\"1489\">Trinkwasserproduktion<\/p><\/li><li data-start=\"1490\" data-end=\"1525\"><p data-start=\"1492\" data-end=\"1525\">Produktion von Erfrischungsgetr\u00e4nken und Bier<\/p><\/li><li data-start=\"1526\" data-end=\"1559\"><p data-start=\"1528\" data-end=\"1559\">Fruchtsaft- und Getr\u00e4nkeindustrie<\/p><\/li><li data-start=\"1560\" data-end=\"1582\"><p data-start=\"1562\" data-end=\"1582\">Kraftwerke<\/p><\/li><li data-start=\"1583\" data-end=\"1607\"><p data-start=\"1585\" data-end=\"1607\">Chemische und pharmazeutische Industrie<\/p><\/li><li data-start=\"1608\" data-end=\"1661\"><p data-start=\"1610\" data-end=\"1661\">Gewinnung von Stadt- und Brauchwasser aus Meerwasser<\/p><\/li><\/ul><hr data-start=\"1663\" data-end=\"1666\" \/><h4 data-start=\"1668\" data-end=\"1712\">MBR-Technologie \u2013 Membranbioreaktor<\/h4><p data-start=\"1713\" data-end=\"2183\">MBR (Membranbioreaktor) ist ein hocheffizientes, fortschrittliches Behandlungssystem, das traditionelle biologische Behandlungsverfahren mit Membrantechnologie kombiniert. Diese Technologie nutzt Mikrofiltrations- (MF) oder Ultrafiltrationsmembranen (UF) nach dem biologischen Reaktor, um Feststoffe und Fl\u00fcssigkeiten zu trennen und ersetzt so herk\u00f6mmliche Absetzbecken. Dies spart Platz und erzeugt Abwasser in der gew\u00fcnschten Qualit\u00e4t, frei von Mikroorganismen und Partikeln.<\/p><p data-start=\"2185\" data-end=\"2701\">MBR-Systeme sind kompakter als herk\u00f6mmliche Systeme. Sie ben\u00f6tigen keine gro\u00dfen Fl\u00e4chen wie Bel\u00fcftungs- und Absetzbecken und sind daher die ideale L\u00f6sung f\u00fcr Projekte mit begrenztem Platzangebot. Sie bieten zudem eine hohe Leistung bei der Entfernung des chemischen Sauerstoffbedarfs (CSB) f\u00fcr Abwasser mit geringer biologischer Abbaubarkeit. Das recycelte Wasser wird zusammen mit den durch verschiedene R\u00fccksp\u00fcl- und chemische Reinigungsverfahren von den Membranen getrennten Abf\u00e4llen wieder in den biologischen Behandlungsprozess eingeleitet.<\/p><p data-start=\"2703\" data-end=\"2727\"><strong data-start=\"2703\" data-end=\"2725\">Einsatzbereiche:<\/strong><\/p><ul data-start=\"2728\" data-end=\"3011\"><li data-start=\"2728\" data-end=\"2756\"><p data-start=\"2730\" data-end=\"2756\">Grauwasseraufbereitungssysteme<\/p><\/li><li data-start=\"2757\" data-end=\"2797\"><p data-start=\"2759\" data-end=\"2797\">Behandlung von h\u00e4uslichem und industriellem Abwasser<\/p><\/li><li data-start=\"2798\" data-end=\"2852\"><p data-start=\"2800\" data-end=\"2852\">Regionen mit Grenzwerten f\u00fcr die Einleitung in Wassereinzugsgebiete<\/p><\/li><li data-start=\"2853\" data-end=\"2902\"><p data-start=\"2855\" data-end=\"2902\">Recyclingprojekte und Bew\u00e4sserungswasserproduktion<\/p><\/li><li data-start=\"2903\" data-end=\"2956\"><p data-start=\"2905\" data-end=\"2956\">Bestehende Kl\u00e4ranlagen, deren Kapazit\u00e4t erweitert werden muss<\/p><\/li><li data-start=\"2957\" data-end=\"3011\"><p data-start=\"2959\" data-end=\"3011\">Wiederverwendung in Prozessen mit hohem Wasserverbrauch<\/p><\/li><\/ul><hr data-start=\"3013\" data-end=\"3016\" \/><h4 data-start=\"3018\" data-end=\"3051\">Nanofiltrationstechnologie<\/h4><p data-start=\"3052\" data-end=\"3507\">Nanofiltrationssysteme sind fortschrittliche Hochdruckfiltersysteme mit Membranporendurchmessern von 0,001 Mikrometern. Diese Technologie entfernt sicher Bakterien, Viren, Zysten und organische Verbindungen aus dem Wasser. Sie optimiert zudem die chemischen Eigenschaften des Wassers durch Senkung der Alkalit\u00e4t. Dies kann jedoch dazu f\u00fchren, dass das aus dem System austretende Wasser korrosiv wird. Daher ist vor der Anwendung eine Wasseranalyse unerl\u00e4sslich.<\/p><p data-start=\"3509\" data-end=\"3910\">Nanofiltrationssysteme sind nicht nur eine effektive L\u00f6sung f\u00fcr die mikrobiologische Sicherheit, sondern reduzieren auch Farbe, H\u00e4rte und chemische Belastungen im Wasser. Dank dieser Eigenschaften werden sie in vielen Branchen eingesetzt, um die Wasserqualit\u00e4t zu verbessern und Energiekosten zu senken. Auch bei der Entsalzung (Salzentfernung) und beim Abwasserrecycling spielen diese Systeme eine entscheidende Rolle.<\/p><p data-start=\"3912\" data-end=\"3936\"><strong data-start=\"3912\" data-end=\"3934\">Einsatzbereiche:<\/strong><\/p><ul data-start=\"3937\" data-end=\"4100\"><li data-start=\"3937\" data-end=\"3966\"><p data-start=\"3939\" data-end=\"3966\">Lebensmittel- und Getr\u00e4nkeindustrie<\/p><\/li><li data-start=\"3967\" data-end=\"4005\"><p data-start=\"3969\" data-end=\"4005\">Aufbereitung von Grund- und Oberfl\u00e4chenwasser<\/p><\/li><li data-start=\"4006\" data-end=\"4059\"><p data-start=\"4008\" data-end=\"4059\">Produktionslinien, die eine saubere und weiche Wasserversorgung erfordern<\/p><\/li><li data-start=\"4060\" data-end=\"4100\"><p data-start=\"4062\" data-end=\"4100\">Entsalzungs- und R\u00fcckgewinnungsprojekte<\/p><\/li><\/ul><hr data-start=\"4102\" data-end=\"4105\" \/><h4 data-start=\"4107\" data-end=\"4141\">Ultrafiltrationstechnologie<\/h4><p data-start=\"4142\" data-end=\"4513\">Ultrafiltrationssysteme (UF) sind eine membranbasierte physikalische Trenntechnologie und arbeiten mit speziellen Filtern mit einem Porendurchmesser von 0,01 Mikrometern. Diese Systeme entfernen Kolloide, Schlamm, Bakterien, Viren und organische Stoffe aus dem Wasser. Diese Methode, die ohne den Einsatz von Chemikalien auskommt, bietet einen Aufbereitungsprozess, der sowohl wirtschaftlich als auch umweltfreundlich ist.<\/p><p data-start=\"4515\" data-end=\"4859\">Ultrafiltrationssysteme bieten hohe Leistung, insbesondere in der Vorbehandlung von Trinkwasser, Quellwasser und Produktionsprozessen. Beim Einsatz vor Umkehrosmoseanlagen (RO) erh\u00f6hen sie die Systemeffizienz durch eine l\u00e4ngere Lebensdauer der Hauptmembranen. Sie werden auch h\u00e4ufig in industriellen Fest-Fl\u00fcssig-Trennanwendungen eingesetzt.<\/p><p data-start=\"4861\" data-end=\"4885\"><strong data-start=\"4861\" data-end=\"4883\">Einsatzbereiche:<\/strong><\/p><ul data-start=\"4886\" data-end=\"5130\"><li data-start=\"4886\" data-end=\"4915\"><p data-start=\"4888\" data-end=\"4915\">Lebensmittel- und Getr\u00e4nkeindustrie<\/p><\/li><li data-start=\"4916\" data-end=\"4964\"><p data-start=\"4918\" data-end=\"4964\">Wasserr\u00fcckgewinnung f\u00fcr Autowaschanlagen und W\u00e4schereien<\/p><\/li><li data-start=\"4965\" data-end=\"4991\"><p data-start=\"4967\" data-end=\"4991\">Chemische Prozessw\u00e4sser<\/p><\/li><li data-start=\"4992\" data-end=\"5022\"><p data-start=\"4994\" data-end=\"5022\">Umkehrosmose-Vorbehandlung<\/p><\/li><li data-start=\"5023\" data-end=\"5074\"><p data-start=\"5025\" data-end=\"5074\">Prozessw\u00e4sser frei von Mikroorganismen<\/p><\/li><li data-start=\"5075\" data-end=\"5130\"><p data-start=\"5077\" data-end=\"5130\">Industrielle Filtrations- und R\u00fcckgewinnungsanwendungen<\/p><\/li><\/ul>\t\t\t\t\t\t\t\t<\/div>\n\t\t\t\t<\/div>\n\t\t\t\t<\/div>\n\t\t\t\t\t<\/div>\n\t\t\t\t<\/div>\n\t\t\t\t<\/div>","protected":false},"excerpt":{"rendered":"<p>Membran Teknolojileri Ters Osmoz Teknolojisi Ters osmoz (Reverse Osmosis \u2013 RO), su ar\u0131tma teknolojileri i\u00e7erisinde en g\u00fcvenilir ve etkili y\u00f6ntemlerden<\/p>","protected":false},"author":1,"featured_media":0,"parent":0,"menu_order":0,"comment_status":"closed","ping_status":"closed","template":"elementor_header_footer","meta":{"footnotes":""},"class_list":["post-28038","page","type-page","status-publish","hentry"],"yoast_head":"<!-- This site is optimized with the Yoast SEO plugin v25.3.1 - https:\/\/yoast.com\/wordpress\/plugins\/seo\/ -->\n<title>Membran Teknolojileri - Bnreo | Su Ar\u0131tma Cihazlar\u0131<\/title>\n<meta name=\"robots\" content=\"index, follow, max-snippet:-1, max-image-preview:large, max-video-preview:-1\" \/>\n<link rel=\"canonical\" href=\"https:\/\/bnreo.com.tr\/de\/membran-teknolojileri\/\" \/>\n<meta property=\"og:locale\" content=\"de_DE\" \/>\n<meta property=\"og:type\" content=\"article\" \/>\n<meta property=\"og:title\" content=\"Membran Teknolojileri - Bnreo | Su Ar\u0131tma Cihazlar\u0131\" \/>\n<meta property=\"og:description\" content=\"Membran Teknolojileri Ters Osmoz Teknolojisi Ters osmoz (Reverse Osmosis \u2013 RO), su ar\u0131tma teknolojileri i\u00e7erisinde en g\u00fcvenilir ve etkili y\u00f6ntemlerden\" \/>\n<meta property=\"og:url\" content=\"https:\/\/bnreo.com.tr\/de\/membran-teknolojileri\/\" \/>\n<meta property=\"og:site_name\" content=\"Bnreo | Su Ar\u0131tma Cihazlar\u0131\" \/>\n<meta property=\"article:modified_time\" content=\"2025-06-24T01:04:55+00:00\" \/>\n<meta name=\"twitter:card\" content=\"summary_large_image\" \/>\n<meta name=\"twitter:label1\" content=\"Gesch\u00e4tzte Lesezeit\" \/>\n\t<meta name=\"twitter:data1\" content=\"4\u00a0Minuten\" \/>\n<script type=\"application\/ld+json\" class=\"yoast-schema-graph\">{\"@context\":\"https:\/\/schema.org\",\"@graph\":[{\"@type\":\"WebPage\",\"@id\":\"https:\/\/bnreo.com.tr\/membran-teknolojileri\/\",\"url\":\"https:\/\/bnreo.com.tr\/membran-teknolojileri\/\",\"name\":\"Membran Teknolojileri - Bnreo | Su Ar\u0131tma Cihazlar\u0131\",\"isPartOf\":{\"@id\":\"https:\/\/bnreo.com.tr\/#website\"},\"datePublished\":\"2025-06-24T00:59:26+00:00\",\"dateModified\":\"2025-06-24T01:04:55+00:00\",\"breadcrumb\":{\"@id\":\"https:\/\/bnreo.com.tr\/membran-teknolojileri\/#breadcrumb\"},\"inLanguage\":\"de\",\"potentialAction\":[{\"@type\":\"ReadAction\",\"target\":[\"https:\/\/bnreo.com.tr\/membran-teknolojileri\/\"]}]},{\"@type\":\"BreadcrumbList\",\"@id\":\"https:\/\/bnreo.com.tr\/membran-teknolojileri\/#breadcrumb\",\"itemListElement\":[{\"@type\":\"ListItem\",\"position\":1,\"name\":\"Anasayfa\",\"item\":\"https:\/\/bnreo.com.tr\/\"},{\"@type\":\"ListItem\",\"position\":2,\"name\":\"Membran Teknolojileri\"}]},{\"@type\":\"WebSite\",\"@id\":\"https:\/\/bnreo.com.tr\/#website\",\"url\":\"https:\/\/bnreo.com.tr\/\",\"name\":\"Bnreo | Su Ar\u0131tma Cihazlar\u0131\",\"description\":\"Bnreo | Su Ar\u0131tma Cihazlar\u0131\",\"potentialAction\":[{\"@type\":\"SearchAction\",\"target\":{\"@type\":\"EntryPoint\",\"urlTemplate\":\"https:\/\/bnreo.com.tr\/?s={search_term_string}\"},\"query-input\":{\"@type\":\"PropertyValueSpecification\",\"valueRequired\":true,\"valueName\":\"search_term_string\"}}],\"inLanguage\":\"de\"}]}<\/script>\n<!-- \/ Yoast SEO plugin. -->","yoast_head_json":{"title":"Membran Teknolojileri - Bnreo | Su Ar\u0131tma Cihazlar\u0131","robots":{"index":"index","follow":"follow","max-snippet":"max-snippet:-1","max-image-preview":"max-image-preview:large","max-video-preview":"max-video-preview:-1"},"canonical":"https:\/\/bnreo.com.tr\/de\/membran-teknolojileri\/","og_locale":"de_DE","og_type":"article","og_title":"Membran Teknolojileri - Bnreo | Su Ar\u0131tma Cihazlar\u0131","og_description":"Membran Teknolojileri Ters Osmoz Teknolojisi Ters osmoz (Reverse Osmosis \u2013 RO), su ar\u0131tma teknolojileri i\u00e7erisinde en g\u00fcvenilir ve etkili y\u00f6ntemlerden","og_url":"https:\/\/bnreo.com.tr\/de\/membran-teknolojileri\/","og_site_name":"Bnreo | Su Ar\u0131tma Cihazlar\u0131","article_modified_time":"2025-06-24T01:04:55+00:00","twitter_card":"summary_large_image","twitter_misc":{"Gesch\u00e4tzte Lesezeit":"4\u00a0Minuten"},"schema":{"@context":"https:\/\/schema.org","@graph":[{"@type":"WebPage","@id":"https:\/\/bnreo.com.tr\/membran-teknolojileri\/","url":"https:\/\/bnreo.com.tr\/membran-teknolojileri\/","name":"Membran Teknolojileri - Bnreo | Su Ar\u0131tma Cihazlar\u0131","isPartOf":{"@id":"https:\/\/bnreo.com.tr\/#website"},"datePublished":"2025-06-24T00:59:26+00:00","dateModified":"2025-06-24T01:04:55+00:00","breadcrumb":{"@id":"https:\/\/bnreo.com.tr\/membran-teknolojileri\/#breadcrumb"},"inLanguage":"de","potentialAction":[{"@type":"ReadAction","target":["https:\/\/bnreo.com.tr\/membran-teknolojileri\/"]}]},{"@type":"BreadcrumbList","@id":"https:\/\/bnreo.com.tr\/membran-teknolojileri\/#breadcrumb","itemListElement":[{"@type":"ListItem","position":1,"name":"Anasayfa","item":"https:\/\/bnreo.com.tr\/"},{"@type":"ListItem","position":2,"name":"Membran Teknolojileri"}]},{"@type":"WebSite","@id":"https:\/\/bnreo.com.tr\/#website","url":"https:\/\/bnreo.com.tr\/","name":"Bnreo | Su Ar\u0131tma Cihazlar\u0131","description":"Bnreo | Su Ar\u0131tma Cihazlar\u0131","potentialAction":[{"@type":"SearchAction","target":{"@type":"EntryPoint","urlTemplate":"https:\/\/bnreo.com.tr\/?s={search_term_string}"},"query-input":{"@type":"PropertyValueSpecification","valueRequired":true,"valueName":"search_term_string"}}],"inLanguage":"de"}]}},"_links":{"self":[{"href":"https:\/\/bnreo.com.tr\/de\/wp-json\/wp\/v2\/pages\/28038","targetHints":{"allow":["GET"]}}],"collection":[{"href":"https:\/\/bnreo.com.tr\/de\/wp-json\/wp\/v2\/pages"}],"about":[{"href":"https:\/\/bnreo.com.tr\/de\/wp-json\/wp\/v2\/types\/page"}],"author":[{"embeddable":true,"href":"https:\/\/bnreo.com.tr\/de\/wp-json\/wp\/v2\/users\/1"}],"replies":[{"embeddable":true,"href":"https:\/\/bnreo.com.tr\/de\/wp-json\/wp\/v2\/comments?post=28038"}],"version-history":[{"count":4,"href":"https:\/\/bnreo.com.tr\/de\/wp-json\/wp\/v2\/pages\/28038\/revisions"}],"predecessor-version":[{"id":28058,"href":"https:\/\/bnreo.com.tr\/de\/wp-json\/wp\/v2\/pages\/28038\/revisions\/28058"}],"wp:attachment":[{"href":"https:\/\/bnreo.com.tr\/de\/wp-json\/wp\/v2\/media?parent=28038"}],"curies":[{"name":"wp","href":"https:\/\/api.w.org\/{rel}","templated":true}]}}