{"id":27939,"date":"2025-06-24T02:25:46","date_gmt":"2025-06-23T23:25:46","guid":{"rendered":"https:\/\/bnreo.com.tr\/?page_id=27939"},"modified":"2025-06-24T02:30:25","modified_gmt":"2025-06-23T23:30:25","slug":"otel-cozumleri","status":"publish","type":"page","link":"https:\/\/bnreo.com.tr\/de\/otel-cozumleri\/","title":{"rendered":"Hotell\u00f6sungen"},"content":{"rendered":"<div data-elementor-type=\"wp-page\" data-elementor-id=\"27939\" class=\"elementor elementor-27939\">\n\t\t\t\t<div class=\"wd-negative-gap elementor-element elementor-element-d15bede e-flex e-con-boxed elementor-invisible e-con e-parent\" data-id=\"d15bede\" data-element_type=\"container\" data-settings=\"{&quot;animation&quot;:&quot;fadeInUp&quot;}\">\n\t\t\t\t\t<div class=\"e-con-inner\">\n\t\t<div class=\"elementor-element elementor-element-53d71b3 e-con-full e-flex e-con e-child\" data-id=\"53d71b3\" data-element_type=\"container\">\n\t\t\t\t<div class=\"elementor-element elementor-element-caf5889 color-scheme-inherit text-left elementor-widget elementor-widget-text-editor\" data-id=\"caf5889\" data-element_type=\"widget\" data-widget_type=\"text-editor.default\">\n\t\t\t\t<div class=\"elementor-widget-container\">\n\t\t\t\t\t\t\t\t\t<p data-start=\"150\" data-end=\"699\">Erfolg in der Tourismusbranche h\u00e4ngt nicht nur von eleganten Zimmern oder k\u00f6stlichem Essen ab; er h\u00e4ngt direkt von der Qualit\u00e4t aller angebotenen Dienstleistungen f\u00fcr die G\u00e4ste ab. Sauberes, gesundes und hochwertiges Wasser ist dabei das Wichtigste. Eine robuste Wasseraufbereitungsinfrastruktur ist unerl\u00e4sslich, um den Komfort und die Hygiene der G\u00e4ste zu gew\u00e4hrleisten, den Ruf einer Einrichtung zu wahren und die Betriebseffizienz zu steigern. <strong data-start=\"512\" data-end=\"521\">BNREO<\/strong>, macht mit seinen industriellen Wasseraufbereitungsl\u00f6sungen, die speziell f\u00fcr die von Hotels ben\u00f6tigten Trinkwasser-, Brauchwasser-, K\u00fcchen-, Pool- und W\u00e4schesysteme entwickelt wurden, in der Branche einen Unterschied.<\/p><p data-start=\"701\" data-end=\"1228\">Jedes Hotel ist anders; der Wasserverbrauch variiert je nach Gr\u00f6\u00dfe, G\u00e4stekapazit\u00e4t, Infrastruktur und Standort. <strong data-start=\"829\" data-end=\"838\">BNREO<\/strong>Unter Ber\u00fccksichtigung all dieser Unterschiede entwickeln wir durch einen speziellen Mess-, Analyse- und Engineering-Prozess ma\u00dfgeschneiderte Wasseraufbereitungssysteme f\u00fcr Hotels. Ausgestattet mit fortschrittlichen Technologien wie Umkehrosmose (RO), Ultrafiltration, Aktivkohle, UV-Desinfektion und Wasserenth\u00e4rtungsanlagen sorgen unsere Systeme f\u00fcr hochwertiges Wasser in Ihrem gesamten Hotel.<\/p><p data-start=\"1230\" data-end=\"1910\">Mit unseren Wasseraufbereitungsl\u00f6sungen f\u00fcr Hotels:<br \/>\u2714\ufe0f In Restaurants, Bars und G\u00e4stebereichen wird Wasser in Trinkwasserqualit\u00e4t bereitgestellt, wodurch die Abh\u00e4ngigkeit von Flaschenwasser reduziert wird.<br data-start=\"1372\" data-end=\"1375\" \/>\u2714\ufe0f Ger\u00e4teverkalkung durch hartes Wasser wird verhindert und die Lebensdauer der Ger\u00e4te verl\u00e4ngert,<br data-start=\"1457\" data-end=\"1460\" \/>\u2714\ufe0f Durch die Verbesserung der Wasserqualit\u00e4t in Gro\u00dfk\u00fcchen werden Hygiene und Geschmack der Lebensmittel verbessert,<br data-start=\"1574\" data-end=\"1577\" \/>\u2714\ufe0f W\u00e4schereisysteme sorgen f\u00fcr eine bessere Reinigung mit weniger Waschmittel, w\u00e4hrend der Wartungsbedarf der Maschinen reduziert wird,<br data-start=\"1692\" data-end=\"1695\" \/>\u2714\ufe0f Die Gesundheit der G\u00e4ste wird durch die Minimierung des Einsatzes von Chlor und anderen Chemikalien in Poolsystemen gesch\u00fctzt.<br data-start=\"1793\" data-end=\"1796\" \/>\u2714\ufe0f Alle Systeme sind mithilfe einer Automatisierungsinfrastruktur fern\u00fcberwachbar, was die Betriebskontrolle erleichtert.<\/p><p data-start=\"1912\" data-end=\"2336\">BNREO-Systeme reinigen nicht nur Wasser, sondern tragen auch zu den Nachhaltigkeitszielen Ihres Unternehmens bei. Unsere wassersparenden Designs und energieeffizienten Module stehen f\u00fcr einen umweltbewussten Ansatz und senken gleichzeitig die Betriebskosten. Alle unsere Systeme sind modular, skalierbar und lassen sich leicht an wachsende Anforderungen anpassen.<\/p><p data-start=\"2338\" data-end=\"2661\">Dar\u00fcber hinaus <strong data-start=\"2345\" data-end=\"2354\">BNREO<\/strong>bietet neben der Systeminstallation auch ein umfassendes Servicepaket inklusive Begutachtung, Analyse, Projektplanung, Inbetriebnahme, Schulung des Hotelpersonals und technischem Support. Wartung nach der Installation, Ersatzteilversorgung und fortlaufender technischer Support sorgen daf\u00fcr, dass die Wasseraufbereitungsanlage Ihres Hotels stets mit H\u00f6chstleistung arbeitet.<\/p><p data-start=\"2663\" data-end=\"2953\">Der Schl\u00fcssel zur Verbesserung der Tourismusqualit\u00e4t ist die Wasserqualit\u00e4t. Hotels, die mit BNREO zusammenarbeiten, bieten ihren G\u00e4sten nicht nur gesundes und zuverl\u00e4ssiges Wasser, sondern steigern auch ihr Markenimage und sorgen f\u00fcr nachhaltige Kundenzufriedenheit. Denn wir schaffen L\u00f6sungen, die dem Wasser einen Mehrwert verleihen.<\/p>\t\t\t\t\t\t\t\t<\/div>\n\t\t\t\t<\/div>\n\t\t\t\t<\/div>\n\t\t\t\t\t<\/div>\n\t\t\t\t<\/div>\n\t\t\t\t<\/div>","protected":false},"excerpt":{"rendered":"<p>Turizm sekt\u00f6r\u00fcnde ba\u015far\u0131, yaln\u0131zca \u015f\u0131k odalar veya lezzetli yemeklerle de\u011fil, misafirlere sunulan her hizmetin kalitesiyle do\u011frudan ili\u015fkilidir. Bu hizmetlerin ba\u015f\u0131nda<\/p>","protected":false},"author":1,"featured_media":0,"parent":0,"menu_order":0,"comment_status":"closed","ping_status":"closed","template":"elementor_header_footer","meta":{"footnotes":""},"class_list":["post-27939","page","type-page","status-publish","hentry"],"yoast_head":"<!-- This site is optimized with the Yoast SEO plugin v25.3.1 - https:\/\/yoast.com\/wordpress\/plugins\/seo\/ -->\n<title>Otel \u00c7\u00f6z\u00fcmleri - Bnreo | Su Ar\u0131tma Cihazlar\u0131<\/title>\n<meta name=\"robots\" content=\"index, follow, max-snippet:-1, max-image-preview:large, max-video-preview:-1\" \/>\n<link rel=\"canonical\" href=\"https:\/\/bnreo.com.tr\/de\/otel-cozumleri\/\" \/>\n<meta property=\"og:locale\" content=\"de_DE\" \/>\n<meta property=\"og:type\" content=\"article\" \/>\n<meta property=\"og:title\" content=\"Otel \u00c7\u00f6z\u00fcmleri - Bnreo | Su Ar\u0131tma Cihazlar\u0131\" \/>\n<meta property=\"og:description\" content=\"Turizm sekt\u00f6r\u00fcnde ba\u015far\u0131, yaln\u0131zca \u015f\u0131k odalar veya lezzetli yemeklerle de\u011fil, misafirlere sunulan her hizmetin kalitesiyle do\u011frudan ili\u015fkilidir. Bu hizmetlerin ba\u015f\u0131nda\" \/>\n<meta property=\"og:url\" content=\"https:\/\/bnreo.com.tr\/de\/otel-cozumleri\/\" \/>\n<meta property=\"og:site_name\" content=\"Bnreo | Su Ar\u0131tma Cihazlar\u0131\" \/>\n<meta property=\"article:modified_time\" content=\"2025-06-23T23:30:25+00:00\" \/>\n<meta name=\"twitter:card\" content=\"summary_large_image\" \/>\n<meta name=\"twitter:label1\" content=\"Gesch\u00e4tzte Lesezeit\" \/>\n\t<meta name=\"twitter:data1\" content=\"3\u00a0Minuten\" \/>\n<script type=\"application\/ld+json\" class=\"yoast-schema-graph\">{\"@context\":\"https:\/\/schema.org\",\"@graph\":[{\"@type\":\"WebPage\",\"@id\":\"https:\/\/bnreo.com.tr\/otel-cozumleri\/\",\"url\":\"https:\/\/bnreo.com.tr\/otel-cozumleri\/\",\"name\":\"Otel \u00c7\u00f6z\u00fcmleri - Bnreo | Su Ar\u0131tma Cihazlar\u0131\",\"isPartOf\":{\"@id\":\"https:\/\/bnreo.com.tr\/#website\"},\"datePublished\":\"2025-06-23T23:25:46+00:00\",\"dateModified\":\"2025-06-23T23:30:25+00:00\",\"breadcrumb\":{\"@id\":\"https:\/\/bnreo.com.tr\/otel-cozumleri\/#breadcrumb\"},\"inLanguage\":\"de\",\"potentialAction\":[{\"@type\":\"ReadAction\",\"target\":[\"https:\/\/bnreo.com.tr\/otel-cozumleri\/\"]}]},{\"@type\":\"BreadcrumbList\",\"@id\":\"https:\/\/bnreo.com.tr\/otel-cozumleri\/#breadcrumb\",\"itemListElement\":[{\"@type\":\"ListItem\",\"position\":1,\"name\":\"Anasayfa\",\"item\":\"https:\/\/bnreo.com.tr\/\"},{\"@type\":\"ListItem\",\"position\":2,\"name\":\"Otel \u00c7\u00f6z\u00fcmleri\"}]},{\"@type\":\"WebSite\",\"@id\":\"https:\/\/bnreo.com.tr\/#website\",\"url\":\"https:\/\/bnreo.com.tr\/\",\"name\":\"Bnreo | Su Ar\u0131tma Cihazlar\u0131\",\"description\":\"Bnreo | Su Ar\u0131tma Cihazlar\u0131\",\"potentialAction\":[{\"@type\":\"SearchAction\",\"target\":{\"@type\":\"EntryPoint\",\"urlTemplate\":\"https:\/\/bnreo.com.tr\/?s={search_term_string}\"},\"query-input\":{\"@type\":\"PropertyValueSpecification\",\"valueRequired\":true,\"valueName\":\"search_term_string\"}}],\"inLanguage\":\"de\"}]}<\/script>\n<!-- \/ Yoast SEO plugin. -->","yoast_head_json":{"title":"Otel \u00c7\u00f6z\u00fcmleri - Bnreo | Su Ar\u0131tma Cihazlar\u0131","robots":{"index":"index","follow":"follow","max-snippet":"max-snippet:-1","max-image-preview":"max-image-preview:large","max-video-preview":"max-video-preview:-1"},"canonical":"https:\/\/bnreo.com.tr\/de\/otel-cozumleri\/","og_locale":"de_DE","og_type":"article","og_title":"Otel \u00c7\u00f6z\u00fcmleri - Bnreo | Su Ar\u0131tma Cihazlar\u0131","og_description":"Turizm sekt\u00f6r\u00fcnde ba\u015far\u0131, yaln\u0131zca \u015f\u0131k odalar veya lezzetli yemeklerle de\u011fil, misafirlere sunulan her hizmetin kalitesiyle do\u011frudan ili\u015fkilidir. Bu hizmetlerin ba\u015f\u0131nda","og_url":"https:\/\/bnreo.com.tr\/de\/otel-cozumleri\/","og_site_name":"Bnreo | Su Ar\u0131tma Cihazlar\u0131","article_modified_time":"2025-06-23T23:30:25+00:00","twitter_card":"summary_large_image","twitter_misc":{"Gesch\u00e4tzte Lesezeit":"3\u00a0Minuten"},"schema":{"@context":"https:\/\/schema.org","@graph":[{"@type":"WebPage","@id":"https:\/\/bnreo.com.tr\/otel-cozumleri\/","url":"https:\/\/bnreo.com.tr\/otel-cozumleri\/","name":"Otel \u00c7\u00f6z\u00fcmleri - Bnreo | Su Ar\u0131tma Cihazlar\u0131","isPartOf":{"@id":"https:\/\/bnreo.com.tr\/#website"},"datePublished":"2025-06-23T23:25:46+00:00","dateModified":"2025-06-23T23:30:25+00:00","breadcrumb":{"@id":"https:\/\/bnreo.com.tr\/otel-cozumleri\/#breadcrumb"},"inLanguage":"de","potentialAction":[{"@type":"ReadAction","target":["https:\/\/bnreo.com.tr\/otel-cozumleri\/"]}]},{"@type":"BreadcrumbList","@id":"https:\/\/bnreo.com.tr\/otel-cozumleri\/#breadcrumb","itemListElement":[{"@type":"ListItem","position":1,"name":"Anasayfa","item":"https:\/\/bnreo.com.tr\/"},{"@type":"ListItem","position":2,"name":"Otel \u00c7\u00f6z\u00fcmleri"}]},{"@type":"WebSite","@id":"https:\/\/bnreo.com.tr\/#website","url":"https:\/\/bnreo.com.tr\/","name":"Bnreo | Su Ar\u0131tma Cihazlar\u0131","description":"Bnreo | Su Ar\u0131tma Cihazlar\u0131","potentialAction":[{"@type":"SearchAction","target":{"@type":"EntryPoint","urlTemplate":"https:\/\/bnreo.com.tr\/?s={search_term_string}"},"query-input":{"@type":"PropertyValueSpecification","valueRequired":true,"valueName":"search_term_string"}}],"inLanguage":"de"}]}},"_links":{"self":[{"href":"https:\/\/bnreo.com.tr\/de\/wp-json\/wp\/v2\/pages\/27939","targetHints":{"allow":["GET"]}}],"collection":[{"href":"https:\/\/bnreo.com.tr\/de\/wp-json\/wp\/v2\/pages"}],"about":[{"href":"https:\/\/bnreo.com.tr\/de\/wp-json\/wp\/v2\/types\/page"}],"author":[{"embeddable":true,"href":"https:\/\/bnreo.com.tr\/de\/wp-json\/wp\/v2\/users\/1"}],"replies":[{"embeddable":true,"href":"https:\/\/bnreo.com.tr\/de\/wp-json\/wp\/v2\/comments?post=27939"}],"version-history":[{"count":4,"href":"https:\/\/bnreo.com.tr\/de\/wp-json\/wp\/v2\/pages\/27939\/revisions"}],"predecessor-version":[{"id":27961,"href":"https:\/\/bnreo.com.tr\/de\/wp-json\/wp\/v2\/pages\/27939\/revisions\/27961"}],"wp:attachment":[{"href":"https:\/\/bnreo.com.tr\/de\/wp-json\/wp\/v2\/media?parent=27939"}],"curies":[{"name":"wp","href":"https:\/\/api.w.org\/{rel}","templated":true}]}}